{"id":330883,"date":"2025-06-02T11:33:16","date_gmt":"2025-06-02T09:33:16","guid":{"rendered":"http:\/\/theuncommonshop.ch\/produkt\/330883\/"},"modified":"2026-03-28T16:22:43","modified_gmt":"2026-03-28T15:22:43","slug":"dragon-shield-zipster-xl-24-pages-2","status":"publish","type":"product","link":"https:\/\/theuncommonshop.ch\/fr\/product\/dragon-shield-zipster-xl-24-pages-2\/","title":{"rendered":"Dragon Shield &#8211; Zipster XL + 24 Pages"},"content":{"rendered":"<p><\/p>\n<div>Conservez vos pr\u00e9cieuses cartes en toute s\u00e9curit\u00e9 et pr\u00e9sentez-les dans un magnifique classeur Zipster XL, l&#8217;album de choix pour les collectionneurs et les commer\u00e7ants.<\/div>\n<div>Placez vos cartes sous la couverture sp\u00e9cialement renforc\u00e9e en peau de dragon, qui prot\u00e8ge vos pr\u00e9cieuses cartes des bosses et des plis.<\/div>\n<div>Le Zipster XL est livr\u00e9 avec 24 pages de pochettes \u00e0 24 poches ins\u00e9rables sur le c\u00f4t\u00e9 et des \u00e9chantillons d&#8217;autres pages de pochettes Dragon Shield. Les pages de poche Dragon Shield ont des coins arrondis, un dos noir et des poches pour cartes sur chaque page. <\/div>\n<div>Votre collection sera \u00e9blouissante dans les \u00e9l\u00e9gantes pochettes Dragon Shield.<\/div>\n<div>Les anneaux D-Lock robustes maintiennent solidement vos pochettes Dragon Shield. Le zipster fait du feuilletage de votre collection un plaisir. <\/div>\n<div>La fermeture \u00e0 glissi\u00e8re fiable du zipster emp\u00eache les cartes de sortir accidentellement.<\/div>\n<div>Contient :<\/div>\n<div>\u00c9tiquette pour le dos du livre<\/div>\n<div>24 pages transparentes de 24 poches<\/div>\n<div>1 \u00e9chantillon pour une page de 24 sans \u00e9blouissement<\/div>\n<div>1 page d&#8217;\u00e9chantillons transparente avec 16 compartiments<\/div>\n<div>Convient pour 24 x 24 pages pour un total de 576 cartes avec une simple enveloppe<\/div>\n<div>La double couverture permet d&#8217;ins\u00e9rer 18 x 24 pages pour un total de 432 cartes.<\/div>\n","protected":false},"excerpt":{"rendered":"<p>Conservez vos pr\u00e9cieuses cartes en toute s\u00e9curit\u00e9 et pr\u00e9sentez-les dans un magnifique classeur Zipster XL, l&#8217;album de choix pour les<\/p>\n","protected":false},"featured_media":36332,"comment_status":"open","ping_status":"closed","template":"","meta":{"_acf_changed":false},"product_brand":[5094],"product_cat":[9859,9863,10031,10261],"product_tag":[],"class_list":{"0":"post-330883","1":"product","2":"type-product","3":"status-publish","4":"has-post-thumbnail","6":"product_brand-dragon-shield","7":"product_cat-accessoires-tcg","8":"product_cat-binder-fr","9":"product_cat-tous-les-binder","10":"product_cat-unicolore","12":"first","13":"instock","14":"taxable","15":"shipping-taxable","16":"purchasable","17":"product-type-variable"},"acf":[],"yoast_head":"<!-- This site is optimized with the Yoast SEO plugin v27.4 - https:\/\/yoast.com\/product\/yoast-seo-wordpress\/ -->\n<title>Ach\u00e8te Dragon Shield - Zipster XL + 24 Pages<\/title>\n<meta name=\"description\" content=\"Ach\u00e8te Dragon Shield - Zipster XL + 24 Pages en ligne maintenant \u00e0 petit prix! Ton #1 shop pour cartes TCG &amp; Pok\u00e9mon en Suisse \u2713 Livraison gratuite d\u00e8s CHF 29\" \/>\n<meta name=\"robots\" content=\"index, follow, max-snippet:-1, max-image-preview:large, max-video-preview:-1\" \/>\n<link rel=\"canonical\" href=\"https:\/\/theuncommonshop.ch\/fr\/product\/dragon-shield-zipster-xl-24-pages-2\/\" \/>\n<meta property=\"og:locale\" content=\"fr_FR\" \/>\n<meta property=\"og:type\" content=\"article\" \/>\n<meta property=\"og:title\" content=\"Ach\u00e8te Dragon Shield - Zipster XL + 24 Pages\" \/>\n<meta property=\"og:description\" content=\"Ach\u00e8te Dragon Shield - Zipster XL + 24 Pages en ligne maintenant \u00e0 petit prix! Ton #1 shop pour cartes TCG &amp; Pok\u00e9mon en Suisse \u2713 Livraison gratuite d\u00e8s CHF 29\" \/>\n<meta property=\"og:url\" content=\"https:\/\/theuncommonshop.ch\/fr\/product\/dragon-shield-zipster-xl-24-pages-2\/\" \/>\n<meta property=\"og:site_name\" content=\"The Uncommon Shop\" \/>\n<meta property=\"article:modified_time\" content=\"2026-03-28T15:22:43+00:00\" \/>\n<meta property=\"og:image\" content=\"https:\/\/theuncommonshop.ch\/wp-content\/uploads\/2025\/05\/4692038514.webp\" \/>\n\t<meta property=\"og:image:width\" content=\"500\" \/>\n\t<meta property=\"og:image:height\" content=\"500\" \/>\n\t<meta property=\"og:image:type\" content=\"image\/webp\" \/>\n<meta name=\"twitter:card\" content=\"summary_large_image\" \/>\n<meta name=\"twitter:label1\" content=\"Disponibilit\u00e9\" \/>\n\t<meta name=\"twitter:data1\" content=\"En stock\" \/>\n<script type=\"application\/ld+json\" class=\"yoast-schema-graph\">{\"@context\":\"https:\\\/\\\/schema.org\",\"@graph\":[{\"@type\":\"WebPage\",\"@id\":\"https:\\\/\\\/theuncommonshop.ch\\\/fr\\\/product\\\/dragon-shield-zipster-xl-24-pages-2\\\/\",\"url\":\"https:\\\/\\\/theuncommonshop.ch\\\/fr\\\/product\\\/dragon-shield-zipster-xl-24-pages-2\\\/\",\"name\":\"Ach\u00e8te Dragon Shield - Zipster XL + 24 Pages\",\"isPartOf\":{\"@id\":\"https:\\\/\\\/theuncommonshop.ch\\\/fr\\\/#website\"},\"primaryImageOfPage\":{\"@id\":\"https:\\\/\\\/theuncommonshop.ch\\\/fr\\\/product\\\/dragon-shield-zipster-xl-24-pages-2\\\/#primaryimage\"},\"image\":{\"@id\":\"https:\\\/\\\/theuncommonshop.ch\\\/fr\\\/product\\\/dragon-shield-zipster-xl-24-pages-2\\\/#primaryimage\"},\"thumbnailUrl\":\"https:\\\/\\\/theuncommonshop.ch\\\/wp-content\\\/uploads\\\/2025\\\/05\\\/4692038514.webp\",\"datePublished\":\"2025-06-02T09:33:16+00:00\",\"dateModified\":\"2026-03-28T15:22:43+00:00\",\"description\":\"Ach\u00e8te Dragon Shield - Zipster XL + 24 Pages en ligne maintenant \u00e0 petit prix! Ton #1 shop pour cartes TCG & Pok\u00e9mon en Suisse \u2713 Livraison gratuite d\u00e8s CHF 29\",\"breadcrumb\":{\"@id\":\"https:\\\/\\\/theuncommonshop.ch\\\/fr\\\/product\\\/dragon-shield-zipster-xl-24-pages-2\\\/#breadcrumb\"},\"inLanguage\":\"fr-FR\",\"potentialAction\":[{\"@type\":\"ReadAction\",\"target\":[\"https:\\\/\\\/theuncommonshop.ch\\\/fr\\\/product\\\/dragon-shield-zipster-xl-24-pages-2\\\/\"]}]},{\"@type\":\"ImageObject\",\"inLanguage\":\"fr-FR\",\"@id\":\"https:\\\/\\\/theuncommonshop.ch\\\/fr\\\/product\\\/dragon-shield-zipster-xl-24-pages-2\\\/#primaryimage\",\"url\":\"https:\\\/\\\/theuncommonshop.ch\\\/wp-content\\\/uploads\\\/2025\\\/05\\\/4692038514.webp\",\"contentUrl\":\"https:\\\/\\\/theuncommonshop.ch\\\/wp-content\\\/uploads\\\/2025\\\/05\\\/4692038514.webp\",\"width\":500,\"height\":500},{\"@type\":\"BreadcrumbList\",\"@id\":\"https:\\\/\\\/theuncommonshop.ch\\\/fr\\\/product\\\/dragon-shield-zipster-xl-24-pages-2\\\/#breadcrumb\",\"itemListElement\":[{\"@type\":\"ListItem\",\"position\":1,\"name\":\"Accueil\",\"item\":\"https:\\\/\\\/theuncommonshop.ch\\\/fr\\\/accueil\\\/\"},{\"@type\":\"ListItem\",\"position\":2,\"name\":\"Boutique\",\"item\":\"https:\\\/\\\/theuncommonshop.ch\\\/fr\\\/boutique\\\/\"},{\"@type\":\"ListItem\",\"position\":3,\"name\":\"Accessoires TCG\",\"item\":\"https:\\\/\\\/theuncommonshop.ch\\\/fr\\\/categorie-produit\\\/accessoires-tcg\\\/\"},{\"@type\":\"ListItem\",\"position\":4,\"name\":\"Binder\",\"item\":\"https:\\\/\\\/theuncommonshop.ch\\\/fr\\\/categorie-produit\\\/accessoires-tcg\\\/binder-fr\\\/\"},{\"@type\":\"ListItem\",\"position\":5,\"name\":\"Tous les Binder\",\"item\":\"https:\\\/\\\/theuncommonshop.ch\\\/fr\\\/categorie-produit\\\/accessoires-tcg\\\/binder-fr\\\/tous-les-binder\\\/\"},{\"@type\":\"ListItem\",\"position\":6,\"name\":\"Dragon Shield &#8211; Zipster XL + 24 Pages\"}]},{\"@type\":\"WebSite\",\"@id\":\"https:\\\/\\\/theuncommonshop.ch\\\/fr\\\/#website\",\"url\":\"https:\\\/\\\/theuncommonshop.ch\\\/fr\\\/\",\"name\":\"The Uncommon Shop\",\"description\":\"Magic, Pok\u00e9mon and Yu-gi-oh - The Uncommon Shop\",\"potentialAction\":[{\"@type\":\"SearchAction\",\"target\":{\"@type\":\"EntryPoint\",\"urlTemplate\":\"https:\\\/\\\/theuncommonshop.ch\\\/fr\\\/?s={search_term_string}\"},\"query-input\":{\"@type\":\"PropertyValueSpecification\",\"valueRequired\":true,\"valueName\":\"search_term_string\"}}],\"inLanguage\":\"fr-FR\"}]}<\/script>\n<meta property=\"og:availability\" content=\"instock\" \/>\n<meta property=\"product:availability\" content=\"instock\" \/>\n<meta property=\"product:retailer_item_id\" content=\"Zub.X.F.ZipsterXLMidnightBlue\" \/>\n<meta property=\"product:condition\" content=\"new\" \/>\n<!-- \/ Yoast SEO plugin. -->","yoast_head_json":{"title":"Ach\u00e8te Dragon Shield - Zipster XL + 24 Pages","description":"Ach\u00e8te Dragon Shield - Zipster XL + 24 Pages en ligne maintenant \u00e0 petit prix! Ton #1 shop pour cartes TCG & Pok\u00e9mon en Suisse \u2713 Livraison gratuite d\u00e8s CHF 29","robots":{"index":"index","follow":"follow","max-snippet":"max-snippet:-1","max-image-preview":"max-image-preview:large","max-video-preview":"max-video-preview:-1"},"canonical":"https:\/\/theuncommonshop.ch\/fr\/product\/dragon-shield-zipster-xl-24-pages-2\/","og_locale":"fr_FR","og_type":"article","og_title":"Ach\u00e8te Dragon Shield - Zipster XL + 24 Pages","og_description":"Ach\u00e8te Dragon Shield - Zipster XL + 24 Pages en ligne maintenant \u00e0 petit prix! Ton #1 shop pour cartes TCG & Pok\u00e9mon en Suisse \u2713 Livraison gratuite d\u00e8s CHF 29","og_url":"https:\/\/theuncommonshop.ch\/fr\/product\/dragon-shield-zipster-xl-24-pages-2\/","og_site_name":"The Uncommon Shop","article_modified_time":"2026-03-28T15:22:43+00:00","og_image":[{"width":500,"height":500,"url":"https:\/\/theuncommonshop.ch\/wp-content\/uploads\/2025\/05\/4692038514.webp","type":"image\/webp"}],"twitter_card":"summary_large_image","twitter_misc":{"Disponibilit\u00e9":"En stock"},"schema":{"@context":"https:\/\/schema.org","@graph":[{"@type":"WebPage","@id":"https:\/\/theuncommonshop.ch\/fr\/product\/dragon-shield-zipster-xl-24-pages-2\/","url":"https:\/\/theuncommonshop.ch\/fr\/product\/dragon-shield-zipster-xl-24-pages-2\/","name":"Ach\u00e8te Dragon Shield - Zipster XL + 24 Pages","isPartOf":{"@id":"https:\/\/theuncommonshop.ch\/fr\/#website"},"primaryImageOfPage":{"@id":"https:\/\/theuncommonshop.ch\/fr\/product\/dragon-shield-zipster-xl-24-pages-2\/#primaryimage"},"image":{"@id":"https:\/\/theuncommonshop.ch\/fr\/product\/dragon-shield-zipster-xl-24-pages-2\/#primaryimage"},"thumbnailUrl":"https:\/\/theuncommonshop.ch\/wp-content\/uploads\/2025\/05\/4692038514.webp","datePublished":"2025-06-02T09:33:16+00:00","dateModified":"2026-03-28T15:22:43+00:00","description":"Ach\u00e8te Dragon Shield - Zipster XL + 24 Pages en ligne maintenant \u00e0 petit prix! Ton #1 shop pour cartes TCG & Pok\u00e9mon en Suisse \u2713 Livraison gratuite d\u00e8s CHF 29","breadcrumb":{"@id":"https:\/\/theuncommonshop.ch\/fr\/product\/dragon-shield-zipster-xl-24-pages-2\/#breadcrumb"},"inLanguage":"fr-FR","potentialAction":[{"@type":"ReadAction","target":["https:\/\/theuncommonshop.ch\/fr\/product\/dragon-shield-zipster-xl-24-pages-2\/"]}]},{"@type":"ImageObject","inLanguage":"fr-FR","@id":"https:\/\/theuncommonshop.ch\/fr\/product\/dragon-shield-zipster-xl-24-pages-2\/#primaryimage","url":"https:\/\/theuncommonshop.ch\/wp-content\/uploads\/2025\/05\/4692038514.webp","contentUrl":"https:\/\/theuncommonshop.ch\/wp-content\/uploads\/2025\/05\/4692038514.webp","width":500,"height":500},{"@type":"BreadcrumbList","@id":"https:\/\/theuncommonshop.ch\/fr\/product\/dragon-shield-zipster-xl-24-pages-2\/#breadcrumb","itemListElement":[{"@type":"ListItem","position":1,"name":"Accueil","item":"https:\/\/theuncommonshop.ch\/fr\/accueil\/"},{"@type":"ListItem","position":2,"name":"Boutique","item":"https:\/\/theuncommonshop.ch\/fr\/boutique\/"},{"@type":"ListItem","position":3,"name":"Accessoires TCG","item":"https:\/\/theuncommonshop.ch\/fr\/categorie-produit\/accessoires-tcg\/"},{"@type":"ListItem","position":4,"name":"Binder","item":"https:\/\/theuncommonshop.ch\/fr\/categorie-produit\/accessoires-tcg\/binder-fr\/"},{"@type":"ListItem","position":5,"name":"Tous les Binder","item":"https:\/\/theuncommonshop.ch\/fr\/categorie-produit\/accessoires-tcg\/binder-fr\/tous-les-binder\/"},{"@type":"ListItem","position":6,"name":"Dragon Shield &#8211; Zipster XL + 24 Pages"}]},{"@type":"WebSite","@id":"https:\/\/theuncommonshop.ch\/fr\/#website","url":"https:\/\/theuncommonshop.ch\/fr\/","name":"The Uncommon Shop","description":"Magic, Pok\u00e9mon and Yu-gi-oh - The Uncommon Shop","potentialAction":[{"@type":"SearchAction","target":{"@type":"EntryPoint","urlTemplate":"https:\/\/theuncommonshop.ch\/fr\/?s={search_term_string}"},"query-input":{"@type":"PropertyValueSpecification","valueRequired":true,"valueName":"search_term_string"}}],"inLanguage":"fr-FR"}]},"og_availability":"instock","product_availability":"instock","product_retailer_item_id":"Zub.X.F.ZipsterXLMidnightBlue","product_condition":"new"},"_links":{"self":[{"href":"https:\/\/theuncommonshop.ch\/fr\/wp-json\/wp\/v2\/product\/330883","targetHints":{"allow":["GET"]}}],"collection":[{"href":"https:\/\/theuncommonshop.ch\/fr\/wp-json\/wp\/v2\/product"}],"about":[{"href":"https:\/\/theuncommonshop.ch\/fr\/wp-json\/wp\/v2\/types\/product"}],"replies":[{"embeddable":true,"href":"https:\/\/theuncommonshop.ch\/fr\/wp-json\/wp\/v2\/comments?post=330883"}],"version-history":[{"count":0,"href":"https:\/\/theuncommonshop.ch\/fr\/wp-json\/wp\/v2\/product\/330883\/revisions"}],"wp:featuredmedia":[{"embeddable":true,"href":"https:\/\/theuncommonshop.ch\/fr\/wp-json\/wp\/v2\/media\/36332"}],"wp:attachment":[{"href":"https:\/\/theuncommonshop.ch\/fr\/wp-json\/wp\/v2\/media?parent=330883"}],"wp:term":[{"taxonomy":"product_brand","embeddable":true,"href":"https:\/\/theuncommonshop.ch\/fr\/wp-json\/wp\/v2\/product_brand?post=330883"},{"taxonomy":"product_cat","embeddable":true,"href":"https:\/\/theuncommonshop.ch\/fr\/wp-json\/wp\/v2\/product_cat?post=330883"},{"taxonomy":"product_tag","embeddable":true,"href":"https:\/\/theuncommonshop.ch\/fr\/wp-json\/wp\/v2\/product_tag?post=330883"}],"curies":[{"name":"wp","href":"https:\/\/api.w.org\/{rel}","templated":true}]}}