{"id":330798,"date":"2025-06-02T11:21:55","date_gmt":"2025-06-02T11:21:55","guid":{"rendered":"http:\/\/theuncommonshop.ch\/produkt\/330798\/"},"modified":"2026-04-02T12:24:24","modified_gmt":"2026-04-02T10:24:24","slug":"gamegenic-dungeon-1100-convertible-3","status":"publish","type":"product","link":"https:\/\/theuncommonshop.ch\/fr\/product\/gamegenic-dungeon-1100-convertible-3\/","title":{"rendered":"Gamegenic &#8211; Dungeon 1100+ Convertible"},"content":{"rendered":"<p>Le Dungeon est id\u00e9al pour stocker une collection compl\u00e8te de cartes. Il contient plusieurs bo\u00eetes de jeu, des playmats, des accessoires et, bien s\u00fbr, un grand nombre de cartes individuelles (m\u00eame prot\u00e9g\u00e9es dans des Sleeves toploader plus grands). Le m\u00e9canisme de fermeture est subtil mais puissant gr\u00e2ce \u00e0 une conception ing\u00e9nieuse qui maintient la bo\u00eete bien ferm\u00e9e m\u00eame lorsqu&#8217;elle est enti\u00e8rement charg\u00e9e.<br \/>Le mat\u00e9riau ext\u00e9rieur haut de gamme <sup> Nexofyber+<\/sup> de la bo\u00eete partage le look \u00e9l\u00e9gant de tous les produits Convertible. Compatible non seulement avec le reste de la gamme de produits, mais aussi avec la plupart des coffrets et solutions disponibles sur le march\u00e9.   <\/p>\n<ul>\n<li>Con\u00e7u pour contenir jusqu&#8217;\u00e0 1 100 cartes \u00e0 double talon*.<\/li>\n<li>Parfait pour les brouillons de cubes<\/li>\n<li>La couverture enti\u00e8rement amovible permet d&#8217;acc\u00e9der facilement \u00e0 tous les composants<\/li>\n<li>Le couvercle se fixe au fond et permet de gagner de l&#8217;espace sur la table de jeu.<\/li>\n<li>Aimants puissants pour une fermeture pr\u00e9cise et s\u00fbre<\/li>\n<li>Le m\u00e9canisme de verrouillage Special Box assure une fermeture s\u00fbre, m\u00eame si la bo\u00eete est retourn\u00e9e.<\/li>\n<li>Des options presque infinies pour remplir votre Dungeon<\/li>\n<li>Con\u00e7u pour contenir des bo\u00eetes de jeu, des Playmats, des accessoires et des cartes \u00e0 un seul talon (m\u00eame dans les Toploaders)<\/li>\n<li>Mat\u00e9riaux de qualit\u00e9 sup\u00e9rieure (surface <sup> Nexofyber+<\/sup> + doublure en microfibre)<\/li>\n<\/ul>\n","protected":false},"excerpt":{"rendered":"<p>Le Dungeon est id\u00e9al pour stocker une collection compl\u00e8te de cartes. Il contient plusieurs bo\u00eetes de jeu, des playmats, des<\/p>\n","protected":false},"featured_media":35548,"comment_status":"open","ping_status":"closed","template":"","meta":{"_acf_changed":false},"product_brand":[5090],"product_cat":[9859,9879,9867],"product_tag":[],"class_list":{"0":"post-330798","1":"product","2":"type-product","3":"status-publish","4":"has-post-thumbnail","6":"product_brand-gamegenic","7":"product_cat-accessoires-tcg","8":"product_cat-gamegenic-fr","9":"product_cat-rangement","11":"first","12":"instock","13":"taxable","14":"shipping-taxable","15":"purchasable","16":"product-type-variable"},"acf":[],"yoast_head":"<!-- This site is optimized with the Yoast SEO plugin v27.4 - https:\/\/yoast.com\/product\/yoast-seo-wordpress\/ -->\n<title>Ach\u00e8te Gamegenic - Dungeon 1100+ Convertible<\/title>\n<meta name=\"description\" content=\"Ach\u00e8te Gamegenic - Dungeon 1100+ Convertible en ligne maintenant \u00e0 petit prix! Ton #1 shop pour cartes TCG &amp; Pok\u00e9mon en Suisse \u2713 Livraison gratuite d\u00e8s CHF 29\" \/>\n<meta name=\"robots\" content=\"index, follow, max-snippet:-1, max-image-preview:large, max-video-preview:-1\" \/>\n<link rel=\"canonical\" href=\"https:\/\/theuncommonshop.ch\/fr\/product\/gamegenic-dungeon-1100-convertible-3\/\" \/>\n<meta property=\"og:locale\" content=\"fr_FR\" \/>\n<meta property=\"og:type\" content=\"article\" \/>\n<meta property=\"og:title\" content=\"Ach\u00e8te Gamegenic - Dungeon 1100+ Convertible\" \/>\n<meta property=\"og:description\" content=\"Ach\u00e8te Gamegenic - Dungeon 1100+ Convertible en ligne maintenant \u00e0 petit prix! Ton #1 shop pour cartes TCG &amp; Pok\u00e9mon en Suisse \u2713 Livraison gratuite d\u00e8s CHF 29\" \/>\n<meta property=\"og:url\" content=\"https:\/\/theuncommonshop.ch\/fr\/product\/gamegenic-dungeon-1100-convertible-3\/\" \/>\n<meta property=\"og:site_name\" content=\"Largest trading card shop in Switzerland\" \/>\n<meta property=\"article:modified_time\" content=\"2026-04-02T10:24:24+00:00\" \/>\n<meta property=\"og:image\" content=\"https:\/\/theuncommonshop.ch\/wp-content\/uploads\/2025\/05\/3240681804.jpg\" \/>\n\t<meta property=\"og:image:width\" content=\"501\" \/>\n\t<meta property=\"og:image:height\" content=\"498\" \/>\n\t<meta property=\"og:image:type\" content=\"image\/jpeg\" \/>\n<meta name=\"twitter:card\" content=\"summary_large_image\" \/>\n<meta name=\"twitter:label1\" content=\"Disponibilit\u00e9\" \/>\n\t<meta name=\"twitter:data1\" content=\"En stock\" \/>\n<script type=\"application\/ld+json\" class=\"yoast-schema-graph\">{\"@context\":\"https:\\\/\\\/schema.org\",\"@graph\":[{\"@type\":\"WebPage\",\"@id\":\"https:\\\/\\\/theuncommonshop.ch\\\/fr\\\/product\\\/gamegenic-dungeon-1100-convertible-3\\\/\",\"url\":\"https:\\\/\\\/theuncommonshop.ch\\\/fr\\\/product\\\/gamegenic-dungeon-1100-convertible-3\\\/\",\"name\":\"Ach\u00e8te Gamegenic - Dungeon 1100+ Convertible\",\"isPartOf\":{\"@id\":\"https:\\\/\\\/theuncommonshop.ch\\\/#website\"},\"primaryImageOfPage\":{\"@id\":\"https:\\\/\\\/theuncommonshop.ch\\\/fr\\\/product\\\/gamegenic-dungeon-1100-convertible-3\\\/#primaryimage\"},\"image\":{\"@id\":\"https:\\\/\\\/theuncommonshop.ch\\\/fr\\\/product\\\/gamegenic-dungeon-1100-convertible-3\\\/#primaryimage\"},\"thumbnailUrl\":\"https:\\\/\\\/theuncommonshop.ch\\\/wp-content\\\/uploads\\\/2025\\\/05\\\/3240681804.jpg\",\"datePublished\":\"2025-06-02T11:21:55+00:00\",\"dateModified\":\"2026-04-02T10:24:24+00:00\",\"description\":\"Ach\u00e8te Gamegenic - Dungeon 1100+ Convertible en ligne maintenant \u00e0 petit prix! Ton #1 shop pour cartes TCG & Pok\u00e9mon en Suisse \u2713 Livraison gratuite d\u00e8s CHF 29\",\"breadcrumb\":{\"@id\":\"https:\\\/\\\/theuncommonshop.ch\\\/fr\\\/product\\\/gamegenic-dungeon-1100-convertible-3\\\/#breadcrumb\"},\"inLanguage\":\"fr-FR\",\"potentialAction\":[{\"@type\":\"ReadAction\",\"target\":[\"https:\\\/\\\/theuncommonshop.ch\\\/fr\\\/product\\\/gamegenic-dungeon-1100-convertible-3\\\/\"]}]},{\"@type\":\"ImageObject\",\"inLanguage\":\"fr-FR\",\"@id\":\"https:\\\/\\\/theuncommonshop.ch\\\/fr\\\/product\\\/gamegenic-dungeon-1100-convertible-3\\\/#primaryimage\",\"url\":\"https:\\\/\\\/theuncommonshop.ch\\\/wp-content\\\/uploads\\\/2025\\\/05\\\/3240681804.jpg\",\"contentUrl\":\"https:\\\/\\\/theuncommonshop.ch\\\/wp-content\\\/uploads\\\/2025\\\/05\\\/3240681804.jpg\",\"width\":501,\"height\":498},{\"@type\":\"BreadcrumbList\",\"@id\":\"https:\\\/\\\/theuncommonshop.ch\\\/fr\\\/product\\\/gamegenic-dungeon-1100-convertible-3\\\/#breadcrumb\",\"itemListElement\":[{\"@type\":\"ListItem\",\"position\":1,\"name\":\"Accueil\",\"item\":\"https:\\\/\\\/theuncommonshop.ch\\\/fr\\\/accueil\\\/\"},{\"@type\":\"ListItem\",\"position\":2,\"name\":\"Boutique\",\"item\":\"https:\\\/\\\/theuncommonshop.ch\\\/fr\\\/boutique\\\/\"},{\"@type\":\"ListItem\",\"position\":3,\"name\":\"TCG Zubeh\u00f6r\",\"item\":\"https:\\\/\\\/theuncommonshop.ch\\\/produktkategorie\\\/tcg-zubehoer\\\/\"},{\"@type\":\"ListItem\",\"position\":4,\"name\":\"Aufbewahrung\",\"item\":\"https:\\\/\\\/theuncommonshop.ch\\\/produktkategorie\\\/tcg-zubehoer\\\/aufbewahrung\\\/\"},{\"@type\":\"ListItem\",\"position\":5,\"name\":\"Gamegenic\",\"item\":\"https:\\\/\\\/theuncommonshop.ch\\\/produktkategorie\\\/tcg-zubehoer\\\/aufbewahrung\\\/gamegenic\\\/\"},{\"@type\":\"ListItem\",\"position\":6,\"name\":\"Gamegenic &#8211; Dungeon 1100+ Convertible\"}]},{\"@type\":\"WebSite\",\"@id\":\"https:\\\/\\\/theuncommonshop.ch\\\/#website\",\"url\":\"https:\\\/\\\/theuncommonshop.ch\\\/\",\"name\":\"Largest trading card shop in Switzerland\",\"description\":\"Magic, Pok\u00e9mon and Yu-gi-oh - The Uncommon Shop\",\"potentialAction\":[{\"@type\":\"SearchAction\",\"target\":{\"@type\":\"EntryPoint\",\"urlTemplate\":\"https:\\\/\\\/theuncommonshop.ch\\\/?s={search_term_string}\"},\"query-input\":{\"@type\":\"PropertyValueSpecification\",\"valueRequired\":true,\"valueName\":\"search_term_string\"}}],\"inLanguage\":\"fr-FR\"}]}<\/script>\n<meta property=\"og:availability\" content=\"instock\" \/>\n<meta property=\"product:availability\" content=\"instock\" \/>\n<meta property=\"product:retailer_item_id\" content=\"Zub.XIII.G.DungeonViolett\" \/>\n<meta property=\"product:condition\" content=\"new\" \/>\n<!-- \/ Yoast SEO plugin. -->","yoast_head_json":{"title":"Ach\u00e8te Gamegenic - Dungeon 1100+ Convertible","description":"Ach\u00e8te Gamegenic - Dungeon 1100+ Convertible en ligne maintenant \u00e0 petit prix! Ton #1 shop pour cartes TCG & Pok\u00e9mon en Suisse \u2713 Livraison gratuite d\u00e8s CHF 29","robots":{"index":"index","follow":"follow","max-snippet":"max-snippet:-1","max-image-preview":"max-image-preview:large","max-video-preview":"max-video-preview:-1"},"canonical":"https:\/\/theuncommonshop.ch\/fr\/product\/gamegenic-dungeon-1100-convertible-3\/","og_locale":"fr_FR","og_type":"article","og_title":"Ach\u00e8te Gamegenic - Dungeon 1100+ Convertible","og_description":"Ach\u00e8te Gamegenic - Dungeon 1100+ Convertible en ligne maintenant \u00e0 petit prix! Ton #1 shop pour cartes TCG & Pok\u00e9mon en Suisse \u2713 Livraison gratuite d\u00e8s CHF 29","og_url":"https:\/\/theuncommonshop.ch\/fr\/product\/gamegenic-dungeon-1100-convertible-3\/","og_site_name":"Largest trading card shop in Switzerland","article_modified_time":"2026-04-02T10:24:24+00:00","og_image":[{"width":501,"height":498,"url":"https:\/\/theuncommonshop.ch\/wp-content\/uploads\/2025\/05\/3240681804.jpg","type":"image\/jpeg"}],"twitter_card":"summary_large_image","twitter_misc":{"Disponibilit\u00e9":"En stock"},"schema":{"@context":"https:\/\/schema.org","@graph":[{"@type":"WebPage","@id":"https:\/\/theuncommonshop.ch\/fr\/product\/gamegenic-dungeon-1100-convertible-3\/","url":"https:\/\/theuncommonshop.ch\/fr\/product\/gamegenic-dungeon-1100-convertible-3\/","name":"Ach\u00e8te Gamegenic - Dungeon 1100+ Convertible","isPartOf":{"@id":"https:\/\/theuncommonshop.ch\/#website"},"primaryImageOfPage":{"@id":"https:\/\/theuncommonshop.ch\/fr\/product\/gamegenic-dungeon-1100-convertible-3\/#primaryimage"},"image":{"@id":"https:\/\/theuncommonshop.ch\/fr\/product\/gamegenic-dungeon-1100-convertible-3\/#primaryimage"},"thumbnailUrl":"https:\/\/theuncommonshop.ch\/wp-content\/uploads\/2025\/05\/3240681804.jpg","datePublished":"2025-06-02T11:21:55+00:00","dateModified":"2026-04-02T10:24:24+00:00","description":"Ach\u00e8te Gamegenic - Dungeon 1100+ Convertible en ligne maintenant \u00e0 petit prix! Ton #1 shop pour cartes TCG & Pok\u00e9mon en Suisse \u2713 Livraison gratuite d\u00e8s CHF 29","breadcrumb":{"@id":"https:\/\/theuncommonshop.ch\/fr\/product\/gamegenic-dungeon-1100-convertible-3\/#breadcrumb"},"inLanguage":"fr-FR","potentialAction":[{"@type":"ReadAction","target":["https:\/\/theuncommonshop.ch\/fr\/product\/gamegenic-dungeon-1100-convertible-3\/"]}]},{"@type":"ImageObject","inLanguage":"fr-FR","@id":"https:\/\/theuncommonshop.ch\/fr\/product\/gamegenic-dungeon-1100-convertible-3\/#primaryimage","url":"https:\/\/theuncommonshop.ch\/wp-content\/uploads\/2025\/05\/3240681804.jpg","contentUrl":"https:\/\/theuncommonshop.ch\/wp-content\/uploads\/2025\/05\/3240681804.jpg","width":501,"height":498},{"@type":"BreadcrumbList","@id":"https:\/\/theuncommonshop.ch\/fr\/product\/gamegenic-dungeon-1100-convertible-3\/#breadcrumb","itemListElement":[{"@type":"ListItem","position":1,"name":"Accueil","item":"https:\/\/theuncommonshop.ch\/fr\/accueil\/"},{"@type":"ListItem","position":2,"name":"Boutique","item":"https:\/\/theuncommonshop.ch\/fr\/boutique\/"},{"@type":"ListItem","position":3,"name":"TCG Zubeh\u00f6r","item":"https:\/\/theuncommonshop.ch\/produktkategorie\/tcg-zubehoer\/"},{"@type":"ListItem","position":4,"name":"Aufbewahrung","item":"https:\/\/theuncommonshop.ch\/produktkategorie\/tcg-zubehoer\/aufbewahrung\/"},{"@type":"ListItem","position":5,"name":"Gamegenic","item":"https:\/\/theuncommonshop.ch\/produktkategorie\/tcg-zubehoer\/aufbewahrung\/gamegenic\/"},{"@type":"ListItem","position":6,"name":"Gamegenic &#8211; Dungeon 1100+ Convertible"}]},{"@type":"WebSite","@id":"https:\/\/theuncommonshop.ch\/#website","url":"https:\/\/theuncommonshop.ch\/","name":"Largest trading card shop in Switzerland","description":"Magic, Pok\u00e9mon and Yu-gi-oh - The Uncommon Shop","potentialAction":[{"@type":"SearchAction","target":{"@type":"EntryPoint","urlTemplate":"https:\/\/theuncommonshop.ch\/?s={search_term_string}"},"query-input":{"@type":"PropertyValueSpecification","valueRequired":true,"valueName":"search_term_string"}}],"inLanguage":"fr-FR"}]},"og_availability":"instock","product_availability":"instock","product_retailer_item_id":"Zub.XIII.G.DungeonViolett","product_condition":"new"},"_links":{"self":[{"href":"https:\/\/theuncommonshop.ch\/fr\/wp-json\/wp\/v2\/product\/330798","targetHints":{"allow":["GET"]}}],"collection":[{"href":"https:\/\/theuncommonshop.ch\/fr\/wp-json\/wp\/v2\/product"}],"about":[{"href":"https:\/\/theuncommonshop.ch\/fr\/wp-json\/wp\/v2\/types\/product"}],"replies":[{"embeddable":true,"href":"https:\/\/theuncommonshop.ch\/fr\/wp-json\/wp\/v2\/comments?post=330798"}],"version-history":[{"count":1,"href":"https:\/\/theuncommonshop.ch\/fr\/wp-json\/wp\/v2\/product\/330798\/revisions"}],"predecessor-version":[{"id":330810,"href":"https:\/\/theuncommonshop.ch\/fr\/wp-json\/wp\/v2\/product\/330798\/revisions\/330810"}],"wp:featuredmedia":[{"embeddable":true,"href":"https:\/\/theuncommonshop.ch\/fr\/wp-json\/wp\/v2\/media\/35548"}],"wp:attachment":[{"href":"https:\/\/theuncommonshop.ch\/fr\/wp-json\/wp\/v2\/media?parent=330798"}],"wp:term":[{"taxonomy":"product_brand","embeddable":true,"href":"https:\/\/theuncommonshop.ch\/fr\/wp-json\/wp\/v2\/product_brand?post=330798"},{"taxonomy":"product_cat","embeddable":true,"href":"https:\/\/theuncommonshop.ch\/fr\/wp-json\/wp\/v2\/product_cat?post=330798"},{"taxonomy":"product_tag","embeddable":true,"href":"https:\/\/theuncommonshop.ch\/fr\/wp-json\/wp\/v2\/product_tag?post=330798"}],"curies":[{"name":"wp","href":"https:\/\/api.w.org\/{rel}","templated":true}]}}