{"id":330694,"date":"2025-06-02T11:15:29","date_gmt":"2025-06-02T11:15:29","guid":{"rendered":"http:\/\/theuncommonshop.ch\/produkt\/330694\/"},"modified":"2026-04-23T00:06:37","modified_gmt":"2026-04-22T22:06:37","slug":"ultimate-guard-boulder-deck-case-80-2","status":"publish","type":"product","link":"https:\/\/theuncommonshop.ch\/fr\/product\/ultimate-guard-boulder-deck-case-80-2\/","title":{"rendered":"Ultimate Guard &#8211; Boulder Deck Case 80+"},"content":{"rendered":"<p>Ce porte-cartes pratique et rigide, dot\u00e9 d&#8217;une surface douce au toucher, s&#8217;ouvre tr\u00e8s facilement et peut contenir jusqu&#8217;\u00e0 80 cartes (double-sleeved)*.<\/p>\n<h3><a name=\"datasheet\"><\/a>DONN\u00c9ES TECHNIQUES<\/h3>\n<table class=\"table-data-sheet ecwid-description-table\">\n<tbody>\n<tr>\n<td>Dimensions approx.<\/td>\n<td>76 x 60 x 98,5 mm<\/td>\n<\/tr>\n<tr>\n<td>Dimensions int\u00e9rieures env.<\/td>\n<td>68,5 x 55 x 93 mm<\/td>\n<\/tr>\n<\/tbody>\n<\/table>\n<div>\n<table class=\"ecwid-description-table\">\n<tbody>\n<tr>\n<td><img decoding=\"async\" src=\"https:\/\/ultimateguard.com\/\/img\/cms\/icons\/svg\/Icons_optimized_color.svg\" alt=\"Ic\u00f4ne du s\u00e9parateur de cartes\"><\/td>\n<td>\n<h4><span class=\"title\">Optimis\u00e9 pour les cartes dans deux pochettes<\/span><\/h4>\n<p>Peut contenir jusqu&#8217;\u00e0 80 (double-sleeved) ou 100 (single-sleeved) cartes de taille standard dans des Sleeves Ultimate Guard*.<\/td>\n<\/tr>\n<tr>\n<td><img decoding=\"async\" src=\"https:\/\/ultimateguard.com\/\/img\/cms\/icons\/svg\/Icons_all_in_one.svg\" alt=\"Ic\u00f4ne du s\u00e9parateur de cartes\"><\/td>\n<td>\n<h4><span class=\"title\">Conception modulaire<\/span><\/h4>\n<p>Con\u00e7u pour s&#8217;adapter parfaitement \u00e0 d&#8217;autres produits Ultimate Guard, tels que<br \/>\n&#8211; Flip&#8217;n&#8217;Tray\u2122 \u00c9tui de pont 80+\/100<br \/>\n&#8211; Twin Flip&#8217;n&#8217;Tray\u2122 \u00c9tui pour pont 160+\/200<br \/>\n&#8211; ArkHive\u2122 400+<br \/>\n&#8211; SuperHive\u2122 550+<\/td>\n<\/tr>\n<tr>\n<td><img decoding=\"async\" src=\"https:\/\/ultimateguard.com\/\/img\/cms\/icons\/svg\/Icons_Monolith_color.svg\" alt=\"Ic\u00f4ne du s\u00e9parateur de cartes\"><\/td>\n<td>\n<h4><span class=\"title\">Forme optimis\u00e9e<\/span><\/h4>\n<p>La taille et la forme du couvercle sont identiques \u00e0 celles de la partie inf\u00e9rieure et il peut \u00eatre utilis\u00e9 comme second porte-cartes.<\/td>\n<\/tr>\n<tr>\n<td><img decoding=\"async\" src=\"https:\/\/ultimateguard.com\/\/img\/cms\/icons\/svg\/Icon_Boulder-deck.svg\" alt=\"\u00e9crire sur l'ic\u00f4ne de la bande\"><\/td>\n<td>\n<h4><span class=\"title\">Deck Trays pour Flip&#8217;n&#8217;Tray<\/span><\/h4>\n<p>Les deux parties sont id\u00e9ales comme porte-cartes pour l&#8217;ArkHive\u2122 ou le Flip&#8217;n&#8217;Tray\u2122 correspondant.<\/td>\n<\/tr>\n<tr>\n<td><img decoding=\"async\" src=\"https:\/\/ultimateguard.com\/\/img\/cms\/icons\/svg\/Icons_high-class.svg\" alt=\"\u00e9crire sur l'ic\u00f4ne de la bande\"><\/td>\n<td>\n<h4><span class=\"title\">Facile \u00e0 ouvrir<\/span><\/h4>\n<p>Acc\u00e8s rapide aux cartes par simple basculement du couvercle<\/td>\n<\/tr>\n<tr>\n<td><img decoding=\"async\" src=\"https:\/\/ultimateguard.com\/\/img\/cms\/icons\/svg\/Icons_symmetrical_color.svg\" alt=\"\u00e9crire sur l'ic\u00f4ne de la bande\"><\/td>\n<td>\n<h4><span class=\"title\">Structure sym\u00e9trique<\/span><\/h4>\n<p>Fermeture s\u00fbre et ouverture facile gr\u00e2ce \u00e0 une structure sym\u00e9trique<\/td>\n<\/tr>\n<tr>\n<td><img decoding=\"async\" src=\"https:\/\/ultimateguard.com\/\/img\/cms\/icons\/svg\/Icons_Longer-playability_color.svg\" alt=\"\u00e9crire sur l'ic\u00f4ne de la bande\"><\/td>\n<td>\n<h4><span class=\"title\">Bo\u00eete solide et durable<\/span><\/h4>\n<p>Mat\u00e9riau solide avec une finition agr\u00e9able au toucher doux<\/td>\n<\/tr>\n<\/tbody>\n<\/table>\n<\/div>\n","protected":false},"excerpt":{"rendered":"<p>Ce porte-cartes pratique et rigide, dot\u00e9 d&#8217;une surface douce au toucher, s&#8217;ouvre tr\u00e8s facilement et peut contenir jusqu&#8217;\u00e0 80 cartes<\/p>\n","protected":false},"featured_media":351729,"comment_status":"open","ping_status":"closed","template":"","meta":{"_acf_changed":false},"product_brand":[5088],"product_cat":[9859,9979,9867,10259,9877],"product_tag":[],"class_list":{"0":"post-330694","1":"product","2":"type-product","3":"status-publish","4":"has-post-thumbnail","6":"product_brand-ultimate-guard","7":"product_cat-accessoires-tcg","8":"product_cat-petites-boites-de-rangement","9":"product_cat-rangement","10":"product_cat-tout","11":"product_cat-ultimate-guard-fr","13":"first","14":"instock","15":"taxable","16":"shipping-taxable","17":"purchasable","18":"product-type-variable"},"acf":[],"yoast_head":"<!-- This site is optimized with the Yoast SEO plugin v27.5 - https:\/\/yoast.com\/product\/yoast-seo-wordpress\/ -->\n<title>Ach\u00e8te Ultimate Guard - Boulder Deck Case 80+<\/title>\n<meta name=\"description\" content=\"Ach\u00e8te Ultimate Guard - Boulder Deck Case 80+ en ligne maintenant \u00e0 petit prix! Ton #1 shop pour cartes TCG &amp; Pok\u00e9mon en Suisse \u2713 Livraison gratuite d\u00e8s CHF 29\" \/>\n<meta name=\"robots\" content=\"index, follow, max-snippet:-1, max-image-preview:large, max-video-preview:-1\" \/>\n<link rel=\"canonical\" href=\"https:\/\/theuncommonshop.ch\/fr\/product\/ultimate-guard-boulder-deck-case-80-2\/\" \/>\n<meta property=\"og:locale\" content=\"fr_FR\" \/>\n<meta property=\"og:type\" content=\"article\" \/>\n<meta property=\"og:title\" content=\"Ach\u00e8te Ultimate Guard - Boulder Deck Case 80+\" \/>\n<meta property=\"og:description\" content=\"Ach\u00e8te Ultimate Guard - Boulder Deck Case 80+ en ligne maintenant \u00e0 petit prix! Ton #1 shop pour cartes TCG &amp; Pok\u00e9mon en Suisse \u2713 Livraison gratuite d\u00e8s CHF 29\" \/>\n<meta property=\"og:url\" content=\"https:\/\/theuncommonshop.ch\/fr\/product\/ultimate-guard-boulder-deck-case-80-2\/\" \/>\n<meta property=\"og:site_name\" content=\"The Uncommon Shop\" \/>\n<meta property=\"article:modified_time\" content=\"2026-04-22T22:06:37+00:00\" \/>\n<meta property=\"og:image\" content=\"https:\/\/theuncommonshop.ch\/wp-content\/uploads\/2025\/06\/Kopie-von-Vorlage-diverse-Produktfarben-14.jpg\" \/>\n\t<meta property=\"og:image:width\" content=\"1181\" \/>\n\t<meta property=\"og:image:height\" content=\"1181\" \/>\n\t<meta property=\"og:image:type\" content=\"image\/jpeg\" \/>\n<meta name=\"twitter:card\" content=\"summary_large_image\" \/>\n<meta name=\"twitter:label1\" content=\"Disponibilit\u00e9\" \/>\n\t<meta name=\"twitter:data1\" content=\"En stock\" \/>\n<script type=\"application\/ld+json\" class=\"yoast-schema-graph\">{\"@context\":\"https:\\\/\\\/schema.org\",\"@graph\":[{\"@type\":\"WebPage\",\"@id\":\"https:\\\/\\\/theuncommonshop.ch\\\/fr\\\/product\\\/ultimate-guard-boulder-deck-case-80-2\\\/\",\"url\":\"https:\\\/\\\/theuncommonshop.ch\\\/fr\\\/product\\\/ultimate-guard-boulder-deck-case-80-2\\\/\",\"name\":\"Ach\u00e8te Ultimate Guard - Boulder Deck Case 80+\",\"isPartOf\":{\"@id\":\"https:\\\/\\\/theuncommonshop.ch\\\/fr\\\/#website\"},\"primaryImageOfPage\":{\"@id\":\"https:\\\/\\\/theuncommonshop.ch\\\/fr\\\/product\\\/ultimate-guard-boulder-deck-case-80-2\\\/#primaryimage\"},\"image\":{\"@id\":\"https:\\\/\\\/theuncommonshop.ch\\\/fr\\\/product\\\/ultimate-guard-boulder-deck-case-80-2\\\/#primaryimage\"},\"thumbnailUrl\":\"https:\\\/\\\/theuncommonshop.ch\\\/wp-content\\\/uploads\\\/2025\\\/06\\\/Kopie-von-Vorlage-diverse-Produktfarben-14.jpg\",\"datePublished\":\"2025-06-02T11:15:29+00:00\",\"dateModified\":\"2026-04-22T22:06:37+00:00\",\"description\":\"Ach\u00e8te Ultimate Guard - Boulder Deck Case 80+ en ligne maintenant \u00e0 petit prix! Ton #1 shop pour cartes TCG & Pok\u00e9mon en Suisse \u2713 Livraison gratuite d\u00e8s CHF 29\",\"breadcrumb\":{\"@id\":\"https:\\\/\\\/theuncommonshop.ch\\\/fr\\\/product\\\/ultimate-guard-boulder-deck-case-80-2\\\/#breadcrumb\"},\"inLanguage\":\"fr-FR\",\"potentialAction\":[{\"@type\":\"ReadAction\",\"target\":[\"https:\\\/\\\/theuncommonshop.ch\\\/fr\\\/product\\\/ultimate-guard-boulder-deck-case-80-2\\\/\"]}]},{\"@type\":\"ImageObject\",\"inLanguage\":\"fr-FR\",\"@id\":\"https:\\\/\\\/theuncommonshop.ch\\\/fr\\\/product\\\/ultimate-guard-boulder-deck-case-80-2\\\/#primaryimage\",\"url\":\"https:\\\/\\\/theuncommonshop.ch\\\/wp-content\\\/uploads\\\/2025\\\/06\\\/Kopie-von-Vorlage-diverse-Produktfarben-14.jpg\",\"contentUrl\":\"https:\\\/\\\/theuncommonshop.ch\\\/wp-content\\\/uploads\\\/2025\\\/06\\\/Kopie-von-Vorlage-diverse-Produktfarben-14.jpg\",\"width\":1181,\"height\":1181},{\"@type\":\"BreadcrumbList\",\"@id\":\"https:\\\/\\\/theuncommonshop.ch\\\/fr\\\/product\\\/ultimate-guard-boulder-deck-case-80-2\\\/#breadcrumb\",\"itemListElement\":[{\"@type\":\"ListItem\",\"position\":1,\"name\":\"Accueil\",\"item\":\"https:\\\/\\\/theuncommonshop.ch\\\/fr\\\/accueil\\\/\"},{\"@type\":\"ListItem\",\"position\":2,\"name\":\"Boutique\",\"item\":\"https:\\\/\\\/theuncommonshop.ch\\\/fr\\\/boutique\\\/\"},{\"@type\":\"ListItem\",\"position\":3,\"name\":\"Accessoires TCG\",\"item\":\"https:\\\/\\\/theuncommonshop.ch\\\/fr\\\/categorie-produit\\\/accessoires-tcg\\\/\"},{\"@type\":\"ListItem\",\"position\":4,\"name\":\"Rangement\",\"item\":\"https:\\\/\\\/theuncommonshop.ch\\\/fr\\\/categorie-produit\\\/accessoires-tcg\\\/rangement\\\/\"},{\"@type\":\"ListItem\",\"position\":5,\"name\":\"Ultimate Guard\",\"item\":\"https:\\\/\\\/theuncommonshop.ch\\\/fr\\\/categorie-produit\\\/accessoires-tcg\\\/rangement\\\/ultimate-guard-fr\\\/\"},{\"@type\":\"ListItem\",\"position\":6,\"name\":\"Ultimate Guard &#8211; Boulder Deck Case 80+\"}]},{\"@type\":\"WebSite\",\"@id\":\"https:\\\/\\\/theuncommonshop.ch\\\/fr\\\/#website\",\"url\":\"https:\\\/\\\/theuncommonshop.ch\\\/fr\\\/\",\"name\":\"The Uncommon Shop\",\"description\":\"Magic, Pok\u00e9mon and Yu-gi-oh - The Uncommon Shop\",\"potentialAction\":[{\"@type\":\"SearchAction\",\"target\":{\"@type\":\"EntryPoint\",\"urlTemplate\":\"https:\\\/\\\/theuncommonshop.ch\\\/fr\\\/?s={search_term_string}\"},\"query-input\":{\"@type\":\"PropertyValueSpecification\",\"valueRequired\":true,\"valueName\":\"search_term_string\"}}],\"inLanguage\":\"fr-FR\"}]}<\/script>\n<meta property=\"og:availability\" content=\"instock\" \/>\n<meta property=\"product:availability\" content=\"instock\" \/>\n<meta property=\"product:retailer_item_id\" content=\"Zub.XV.F.UGBoulderLXXXViolett\" \/>\n<meta property=\"product:condition\" content=\"new\" \/>\n<!-- \/ Yoast SEO plugin. -->","yoast_head_json":{"title":"Ach\u00e8te Ultimate Guard - Boulder Deck Case 80+","description":"Ach\u00e8te Ultimate Guard - Boulder Deck Case 80+ en ligne maintenant \u00e0 petit prix! Ton #1 shop pour cartes TCG & Pok\u00e9mon en Suisse \u2713 Livraison gratuite d\u00e8s CHF 29","robots":{"index":"index","follow":"follow","max-snippet":"max-snippet:-1","max-image-preview":"max-image-preview:large","max-video-preview":"max-video-preview:-1"},"canonical":"https:\/\/theuncommonshop.ch\/fr\/product\/ultimate-guard-boulder-deck-case-80-2\/","og_locale":"fr_FR","og_type":"article","og_title":"Ach\u00e8te Ultimate Guard - Boulder Deck Case 80+","og_description":"Ach\u00e8te Ultimate Guard - Boulder Deck Case 80+ en ligne maintenant \u00e0 petit prix! Ton #1 shop pour cartes TCG & Pok\u00e9mon en Suisse \u2713 Livraison gratuite d\u00e8s CHF 29","og_url":"https:\/\/theuncommonshop.ch\/fr\/product\/ultimate-guard-boulder-deck-case-80-2\/","og_site_name":"The Uncommon Shop","article_modified_time":"2026-04-22T22:06:37+00:00","og_image":[{"width":1181,"height":1181,"url":"https:\/\/theuncommonshop.ch\/wp-content\/uploads\/2025\/06\/Kopie-von-Vorlage-diverse-Produktfarben-14.jpg","type":"image\/jpeg"}],"twitter_card":"summary_large_image","twitter_misc":{"Disponibilit\u00e9":"En stock"},"schema":{"@context":"https:\/\/schema.org","@graph":[{"@type":"WebPage","@id":"https:\/\/theuncommonshop.ch\/fr\/product\/ultimate-guard-boulder-deck-case-80-2\/","url":"https:\/\/theuncommonshop.ch\/fr\/product\/ultimate-guard-boulder-deck-case-80-2\/","name":"Ach\u00e8te Ultimate Guard - Boulder Deck Case 80+","isPartOf":{"@id":"https:\/\/theuncommonshop.ch\/fr\/#website"},"primaryImageOfPage":{"@id":"https:\/\/theuncommonshop.ch\/fr\/product\/ultimate-guard-boulder-deck-case-80-2\/#primaryimage"},"image":{"@id":"https:\/\/theuncommonshop.ch\/fr\/product\/ultimate-guard-boulder-deck-case-80-2\/#primaryimage"},"thumbnailUrl":"https:\/\/theuncommonshop.ch\/wp-content\/uploads\/2025\/06\/Kopie-von-Vorlage-diverse-Produktfarben-14.jpg","datePublished":"2025-06-02T11:15:29+00:00","dateModified":"2026-04-22T22:06:37+00:00","description":"Ach\u00e8te Ultimate Guard - Boulder Deck Case 80+ en ligne maintenant \u00e0 petit prix! Ton #1 shop pour cartes TCG & Pok\u00e9mon en Suisse \u2713 Livraison gratuite d\u00e8s CHF 29","breadcrumb":{"@id":"https:\/\/theuncommonshop.ch\/fr\/product\/ultimate-guard-boulder-deck-case-80-2\/#breadcrumb"},"inLanguage":"fr-FR","potentialAction":[{"@type":"ReadAction","target":["https:\/\/theuncommonshop.ch\/fr\/product\/ultimate-guard-boulder-deck-case-80-2\/"]}]},{"@type":"ImageObject","inLanguage":"fr-FR","@id":"https:\/\/theuncommonshop.ch\/fr\/product\/ultimate-guard-boulder-deck-case-80-2\/#primaryimage","url":"https:\/\/theuncommonshop.ch\/wp-content\/uploads\/2025\/06\/Kopie-von-Vorlage-diverse-Produktfarben-14.jpg","contentUrl":"https:\/\/theuncommonshop.ch\/wp-content\/uploads\/2025\/06\/Kopie-von-Vorlage-diverse-Produktfarben-14.jpg","width":1181,"height":1181},{"@type":"BreadcrumbList","@id":"https:\/\/theuncommonshop.ch\/fr\/product\/ultimate-guard-boulder-deck-case-80-2\/#breadcrumb","itemListElement":[{"@type":"ListItem","position":1,"name":"Accueil","item":"https:\/\/theuncommonshop.ch\/fr\/accueil\/"},{"@type":"ListItem","position":2,"name":"Boutique","item":"https:\/\/theuncommonshop.ch\/fr\/boutique\/"},{"@type":"ListItem","position":3,"name":"Accessoires TCG","item":"https:\/\/theuncommonshop.ch\/fr\/categorie-produit\/accessoires-tcg\/"},{"@type":"ListItem","position":4,"name":"Rangement","item":"https:\/\/theuncommonshop.ch\/fr\/categorie-produit\/accessoires-tcg\/rangement\/"},{"@type":"ListItem","position":5,"name":"Ultimate Guard","item":"https:\/\/theuncommonshop.ch\/fr\/categorie-produit\/accessoires-tcg\/rangement\/ultimate-guard-fr\/"},{"@type":"ListItem","position":6,"name":"Ultimate Guard &#8211; Boulder Deck Case 80+"}]},{"@type":"WebSite","@id":"https:\/\/theuncommonshop.ch\/fr\/#website","url":"https:\/\/theuncommonshop.ch\/fr\/","name":"The Uncommon Shop","description":"Magic, Pok\u00e9mon and Yu-gi-oh - The Uncommon Shop","potentialAction":[{"@type":"SearchAction","target":{"@type":"EntryPoint","urlTemplate":"https:\/\/theuncommonshop.ch\/fr\/?s={search_term_string}"},"query-input":{"@type":"PropertyValueSpecification","valueRequired":true,"valueName":"search_term_string"}}],"inLanguage":"fr-FR"}]},"og_availability":"instock","product_availability":"instock","product_retailer_item_id":"Zub.XV.F.UGBoulderLXXXViolett","product_condition":"new"},"_links":{"self":[{"href":"https:\/\/theuncommonshop.ch\/fr\/wp-json\/wp\/v2\/product\/330694","targetHints":{"allow":["GET"]}}],"collection":[{"href":"https:\/\/theuncommonshop.ch\/fr\/wp-json\/wp\/v2\/product"}],"about":[{"href":"https:\/\/theuncommonshop.ch\/fr\/wp-json\/wp\/v2\/types\/product"}],"replies":[{"embeddable":true,"href":"https:\/\/theuncommonshop.ch\/fr\/wp-json\/wp\/v2\/comments?post=330694"}],"version-history":[{"count":0,"href":"https:\/\/theuncommonshop.ch\/fr\/wp-json\/wp\/v2\/product\/330694\/revisions"}],"wp:featuredmedia":[{"embeddable":true,"href":"https:\/\/theuncommonshop.ch\/fr\/wp-json\/wp\/v2\/media\/351729"}],"wp:attachment":[{"href":"https:\/\/theuncommonshop.ch\/fr\/wp-json\/wp\/v2\/media?parent=330694"}],"wp:term":[{"taxonomy":"product_brand","embeddable":true,"href":"https:\/\/theuncommonshop.ch\/fr\/wp-json\/wp\/v2\/product_brand?post=330694"},{"taxonomy":"product_cat","embeddable":true,"href":"https:\/\/theuncommonshop.ch\/fr\/wp-json\/wp\/v2\/product_cat?post=330694"},{"taxonomy":"product_tag","embeddable":true,"href":"https:\/\/theuncommonshop.ch\/fr\/wp-json\/wp\/v2\/product_tag?post=330694"}],"curies":[{"name":"wp","href":"https:\/\/api.w.org\/{rel}","templated":true}]}}