{"id":330213,"date":"2025-06-02T23:24:50","date_gmt":"2025-06-02T23:24:50","guid":{"rendered":"http:\/\/theuncommonshop.ch\/produkt\/330213\/"},"modified":"2026-03-29T15:21:21","modified_gmt":"2026-03-29T13:21:21","slug":"yu-gi-oh-structure-deck-onslaught-of-the-fire-king-en-2","status":"publish","type":"product","link":"https:\/\/theuncommonshop.ch\/fr\/product\/yu-gi-oh-structure-deck-onslaught-of-the-fire-king-en-2\/","title":{"rendered":"Yu-Gi-Oh ! &#8211; Onslaught of the Fire King &#8211; Structure Deck"},"content":{"rendered":"<p>Regardez vos monstres rena\u00eetre de leurs cendres lorsque vous r\u00e9unissez les monstres Ph\u00e9nix enflamm\u00e9s de deux pays lointains : <strong>le roi du feu Haut-Avatar Garunix<\/strong> et <strong>le Ph\u00e9nix sacr\u00e9 de Nephthys<\/strong>.<\/p>\n<p>Le <em>Structure DeckOnslaught<\/em><em>of the Fire Kings <\/em>est bas\u00e9 sur la renaissance et le renouveau. Chaque fois que Garunix ou Nephthys est d\u00e9truit par un effet de carte, il revient sur le terrain peu de temps apr\u00e8s avec gloire et splendeur. Et alors, ses feux brillent si fort qu&#8217;ils infectent toutes les cartes d&#8217;un type particulier : Garunix d\u00e9truit tous les autres monstres sur le terrain, tandis que Nephthys d\u00e9truit tous les sorts et pi\u00e8ges.  <\/p>\n<p>Si vous voulez d\u00e9clencher la destruction totale, utilisez deux copies de Garunix ensemble. Quand les deux sont sur le terrain, laissez l&#8217;un d&#8217;eux \u00eatre d\u00e9truit. Lors de la prochaine Standby Phase, il revient et d\u00e9truit l&#8217;autre Garunix et tous les autres monstres. Si le second Garunix revient \u00e0 la prochaine Standby Phase, il d\u00e9truit le premier Garunix et tous les autres monstres, puis le premier Garunix revient et d\u00e9truit tout, y compris le second Garunix, qui revient alors et&#8230; eh bien, vous comprenez. Avec deux Garunix qui travaillent ensemble, vous pouvez vous assurer qu&#8217;aucun monstre adverse ne reste sur le terrain pendant plus d&#8217;un tour !    <\/p>\n<p><strong><u>La puissance du feu<\/u><\/strong><\/p>\n<p>Vous obtenez \u00e9galement deux nouvelles cartes de magie dans votre Structure Deck pour attiser la chaleur : <strong>Ru\u00e9e des rois du feu<\/strong> et <strong>Cercle des rois du feu<\/strong>.<\/p>\n<p>Mettre Garunix ou Nephthys sur le champ de bataille est facile avec la Carte Magie <strong>de l&#8217;Assaut des Rois du Feu<\/strong>. Utilisez-la pour invoquer Garunix, Nephthys ou un monstre similaire directement depuis votre deck. <strong>La Charge des Rois du Feu<\/strong> d\u00e9truit le monstre \u00e0 la fin du tour, mais ce n&#8217;est pas grave car vous voulez que ce soit EXACTEMENT ce qui se passe. <\/p>\n<p>Une fois que Garunix ou Nephthys est d\u00e9truit par l&#8217;effet de la<strong> Ru\u00e9e des Rois de Feu<\/strong>, cela signifie seulement que son propre effet est activ\u00e9 et qu&#8217;il rena\u00eet de ses cendres pour enflammer le Terrain au tour suivant. (Bien que l&#8217;effet secondaire de la <strong>Ru\u00e9e des Rois du Feu <\/strong>annule l&#8217;effet du monstre sur le Terrain, il n&#8217;a aucun effet sur le monstre une fois qu&#8217;il est au Cimeti\u00e8re, donc il n&#8217;interf\u00e8re en rien avec vos effets Ph\u00e9nix). <\/p>\n<p>Si jamais votre alignement de Garunix\/Nephthys est interrompu, vous pouvez \u00e9galement utiliser <strong>le Cercle des Rois de Feu<\/strong> pour le relancer. Cette carte vous permet de ressusciter un monstre FEU depuis le Cimeti\u00e8re en en d\u00e9truisant un sur le Terrain. Utilisez cet effet pour r\u00e9cup\u00e9rer un Ph\u00e9nix qui a \u00e9t\u00e9 d\u00e9truit au combat, ou utilisez-le simplement comme un autre moyen de commencer votre combo en d\u00e9truisant Garunix ou Nephthys sur le terrain avec un effet de carte. En fait, <strong>le Cercle des Rois de Feu <\/strong>est un excellent moyen de mettre en jeu le combo double Garunix, puisqu&#8217;il en d\u00e9truit un (qui peut ressusciter au tour suivant) et ram\u00e8ne l&#8217;autre Garunix sur le terrain (de sorte qu&#8217;il sera d\u00e9truit par le premier Garunix, puis ressuscit\u00e9 au tour suivant, ce qui met en route votre combo destructeur).   <\/p>\n<p>Comme <strong>le Cercle des Rois de Feu<\/strong> est une Carte Magie Rapide, vous pouvez l&#8217;utiliser lorsque votre monstre est sur le point d&#8217;\u00eatre d\u00e9truit. Si votre adversaire vient d&#8217;activer un effet qui d\u00e9truit un monstre, activez le <strong>Cercle des Rois de Feu <\/strong>comme nouveau maillon de la cha\u00eene pour amener Garunix ou Nephthys sur le Terrain afin qu&#8217;il soit d\u00e9truit et puisse revenir au tour suivant. <\/p>\n<p><strong><u>Encore plus de choses chaudes<\/u><\/strong><\/p>\n<p><em>Onslaught of the Fire Kings<\/em> est un deck complet de 40 cartes, bourr\u00e9 de cartes chaudes, pour construire votre deck Roi du Feu ou tout autre deck que vous souhaitez.<\/p>\n<p><strong><u>N&#8217;oubliez pas <em>Cosmo Blazer<\/em>!<\/u><\/strong><\/p>\n<p>Le <em>Cosmo Blazer<\/em> Booster Set contient de nouvelles cartes puissantes qui feront briller votre Deck FEU encore plus fort. Utilisez le <strong>Colosse de Feu pour<\/strong>d\u00e9truire vos propres cartes, activer leurs effets si n\u00e9cessaire et lancer vos combos Ph\u00e9nix. En ajoutant le <strong>coup de pied de feu <\/strong>\u00e0 votre deck, vous pouvez infliger des d\u00e9g\u00e2ts suppl\u00e9mentaires \u00e0 votre adversaire s&#8217;il d\u00e9truit vos monstres FEU &#8211; ce que vous voulez faire de toute fa\u00e7on !<br \/>Pour plus d&#8217;informations sur <em>Cosmo Blazer<\/em>, consultez la page produit correspondante.  <\/p>\n","protected":false},"excerpt":{"rendered":"<p>Regardez vos monstres rena\u00eetre de leurs cendres lorsque vous r\u00e9unissez les monstres Ph\u00e9nix enflamm\u00e9s de deux pays lointains : le<\/p>\n","protected":false},"featured_media":54394,"comment_status":"open","ping_status":"closed","template":"","meta":{"_acf_changed":false},"product_brand":[5074,5112],"product_cat":[9837,9779],"product_tag":[],"class_list":{"0":"post-330213","1":"product","2":"type-product","3":"status-publish","4":"has-post-thumbnail","6":"product_brand-konami","7":"product_brand-yu-gi-oh","8":"product_cat-decks-yugioh","9":"product_cat-yu-gi-oh-fr","11":"first","12":"instock","13":"taxable","14":"shipping-taxable","15":"purchasable","16":"product-type-variable"},"acf":[],"yoast_head":"<!-- This site is optimized with the Yoast SEO plugin v27.4 - https:\/\/yoast.com\/product\/yoast-seo-wordpress\/ -->\n<title>Ach\u00e8te Yu-Gi-Oh ! - Onslaught of the Fire King - Structure Deck<\/title>\n<meta name=\"description\" content=\"Ach\u00e8te Yu-Gi-Oh ! - Onslaught of the Fire King - Structure Deck en ligne maintenant \u00e0 petit prix! Ton #1 shop pour cartes TCG &amp; Pok\u00e9mon en Suisse \u2713 Livraison gratuite d\u00e8s CHF 29\" \/>\n<meta name=\"robots\" content=\"index, follow, max-snippet:-1, max-image-preview:large, max-video-preview:-1\" \/>\n<link rel=\"canonical\" href=\"https:\/\/theuncommonshop.ch\/fr\/product\/yu-gi-oh-structure-deck-onslaught-of-the-fire-king-en-2\/\" \/>\n<meta property=\"og:locale\" content=\"fr_FR\" \/>\n<meta property=\"og:type\" content=\"article\" \/>\n<meta property=\"og:title\" content=\"Ach\u00e8te Yu-Gi-Oh ! - Onslaught of the Fire King - Structure Deck\" \/>\n<meta property=\"og:description\" content=\"Ach\u00e8te Yu-Gi-Oh ! - Onslaught of the Fire King - Structure Deck en ligne maintenant \u00e0 petit prix! Ton #1 shop pour cartes TCG &amp; Pok\u00e9mon en Suisse \u2713 Livraison gratuite d\u00e8s CHF 29\" \/>\n<meta property=\"og:url\" content=\"https:\/\/theuncommonshop.ch\/fr\/product\/yu-gi-oh-structure-deck-onslaught-of-the-fire-king-en-2\/\" \/>\n<meta property=\"og:site_name\" content=\"The Uncommon Shop\" \/>\n<meta property=\"article:modified_time\" content=\"2026-03-29T13:21:21+00:00\" \/>\n<meta property=\"og:image\" content=\"https:\/\/theuncommonshop.ch\/wp-content\/uploads\/2025\/06\/2182378083.jpg\" \/>\n\t<meta property=\"og:image:width\" content=\"1200\" \/>\n\t<meta property=\"og:image:height\" content=\"2094\" \/>\n\t<meta property=\"og:image:type\" content=\"image\/jpeg\" \/>\n<meta name=\"twitter:card\" content=\"summary_large_image\" \/>\n<meta name=\"twitter:label1\" content=\"Disponibilit\u00e9\" \/>\n\t<meta name=\"twitter:data1\" content=\"En stock\" \/>\n<script type=\"application\/ld+json\" class=\"yoast-schema-graph\">{\"@context\":\"https:\\\/\\\/schema.org\",\"@graph\":[{\"@type\":\"WebPage\",\"@id\":\"https:\\\/\\\/theuncommonshop.ch\\\/fr\\\/product\\\/yu-gi-oh-structure-deck-onslaught-of-the-fire-king-en-2\\\/\",\"url\":\"https:\\\/\\\/theuncommonshop.ch\\\/fr\\\/product\\\/yu-gi-oh-structure-deck-onslaught-of-the-fire-king-en-2\\\/\",\"name\":\"Ach\u00e8te Yu-Gi-Oh ! - Onslaught of the Fire King - Structure Deck\",\"isPartOf\":{\"@id\":\"https:\\\/\\\/theuncommonshop.ch\\\/fr\\\/#website\"},\"primaryImageOfPage\":{\"@id\":\"https:\\\/\\\/theuncommonshop.ch\\\/fr\\\/product\\\/yu-gi-oh-structure-deck-onslaught-of-the-fire-king-en-2\\\/#primaryimage\"},\"image\":{\"@id\":\"https:\\\/\\\/theuncommonshop.ch\\\/fr\\\/product\\\/yu-gi-oh-structure-deck-onslaught-of-the-fire-king-en-2\\\/#primaryimage\"},\"thumbnailUrl\":\"https:\\\/\\\/theuncommonshop.ch\\\/wp-content\\\/uploads\\\/2025\\\/06\\\/2182378083.jpg\",\"datePublished\":\"2025-06-02T23:24:50+00:00\",\"dateModified\":\"2026-03-29T13:21:21+00:00\",\"description\":\"Ach\u00e8te Yu-Gi-Oh ! - Onslaught of the Fire King - Structure Deck en ligne maintenant \u00e0 petit prix! Ton #1 shop pour cartes TCG & Pok\u00e9mon en Suisse \u2713 Livraison gratuite d\u00e8s CHF 29\",\"breadcrumb\":{\"@id\":\"https:\\\/\\\/theuncommonshop.ch\\\/fr\\\/product\\\/yu-gi-oh-structure-deck-onslaught-of-the-fire-king-en-2\\\/#breadcrumb\"},\"inLanguage\":\"fr-FR\",\"potentialAction\":[{\"@type\":\"ReadAction\",\"target\":[\"https:\\\/\\\/theuncommonshop.ch\\\/fr\\\/product\\\/yu-gi-oh-structure-deck-onslaught-of-the-fire-king-en-2\\\/\"]}]},{\"@type\":\"ImageObject\",\"inLanguage\":\"fr-FR\",\"@id\":\"https:\\\/\\\/theuncommonshop.ch\\\/fr\\\/product\\\/yu-gi-oh-structure-deck-onslaught-of-the-fire-king-en-2\\\/#primaryimage\",\"url\":\"https:\\\/\\\/theuncommonshop.ch\\\/wp-content\\\/uploads\\\/2025\\\/06\\\/2182378083.jpg\",\"contentUrl\":\"https:\\\/\\\/theuncommonshop.ch\\\/wp-content\\\/uploads\\\/2025\\\/06\\\/2182378083.jpg\",\"width\":1200,\"height\":2094},{\"@type\":\"BreadcrumbList\",\"@id\":\"https:\\\/\\\/theuncommonshop.ch\\\/fr\\\/product\\\/yu-gi-oh-structure-deck-onslaught-of-the-fire-king-en-2\\\/#breadcrumb\",\"itemListElement\":[{\"@type\":\"ListItem\",\"position\":1,\"name\":\"Accueil\",\"item\":\"https:\\\/\\\/theuncommonshop.ch\\\/fr\\\/accueil\\\/\"},{\"@type\":\"ListItem\",\"position\":2,\"name\":\"Boutique\",\"item\":\"https:\\\/\\\/theuncommonshop.ch\\\/fr\\\/boutique\\\/\"},{\"@type\":\"ListItem\",\"position\":3,\"name\":\"Yu-Gi-Oh!\",\"item\":\"https:\\\/\\\/theuncommonshop.ch\\\/fr\\\/categorie-produit\\\/yu-gi-oh-fr\\\/\"},{\"@type\":\"ListItem\",\"position\":4,\"name\":\"Decks\",\"item\":\"https:\\\/\\\/theuncommonshop.ch\\\/fr\\\/categorie-produit\\\/yu-gi-oh-fr\\\/decks-yugioh\\\/\"},{\"@type\":\"ListItem\",\"position\":5,\"name\":\"Yu-Gi-Oh ! &#8211; Onslaught of the Fire King &#8211; Structure Deck\"}]},{\"@type\":\"WebSite\",\"@id\":\"https:\\\/\\\/theuncommonshop.ch\\\/fr\\\/#website\",\"url\":\"https:\\\/\\\/theuncommonshop.ch\\\/fr\\\/\",\"name\":\"The Uncommon Shop\",\"description\":\"Magic, Pok\u00e9mon and Yu-gi-oh - The Uncommon Shop\",\"potentialAction\":[{\"@type\":\"SearchAction\",\"target\":{\"@type\":\"EntryPoint\",\"urlTemplate\":\"https:\\\/\\\/theuncommonshop.ch\\\/fr\\\/?s={search_term_string}\"},\"query-input\":{\"@type\":\"PropertyValueSpecification\",\"valueRequired\":true,\"valueName\":\"search_term_string\"}}],\"inLanguage\":\"fr-FR\"}]}<\/script>\n<meta property=\"og:availability\" content=\"instock\" \/>\n<meta property=\"product:availability\" content=\"instock\" \/>\n<meta property=\"product:retailer_item_id\" content=\"YGO.III.B.SDOKDeck.EN\" \/>\n<meta property=\"product:condition\" content=\"new\" \/>\n<!-- \/ Yoast SEO plugin. -->","yoast_head_json":{"title":"Ach\u00e8te Yu-Gi-Oh ! - Onslaught of the Fire King - Structure Deck","description":"Ach\u00e8te Yu-Gi-Oh ! - Onslaught of the Fire King - Structure Deck en ligne maintenant \u00e0 petit prix! Ton #1 shop pour cartes TCG & Pok\u00e9mon en Suisse \u2713 Livraison gratuite d\u00e8s CHF 29","robots":{"index":"index","follow":"follow","max-snippet":"max-snippet:-1","max-image-preview":"max-image-preview:large","max-video-preview":"max-video-preview:-1"},"canonical":"https:\/\/theuncommonshop.ch\/fr\/product\/yu-gi-oh-structure-deck-onslaught-of-the-fire-king-en-2\/","og_locale":"fr_FR","og_type":"article","og_title":"Ach\u00e8te Yu-Gi-Oh ! - Onslaught of the Fire King - Structure Deck","og_description":"Ach\u00e8te Yu-Gi-Oh ! - Onslaught of the Fire King - Structure Deck en ligne maintenant \u00e0 petit prix! Ton #1 shop pour cartes TCG & Pok\u00e9mon en Suisse \u2713 Livraison gratuite d\u00e8s CHF 29","og_url":"https:\/\/theuncommonshop.ch\/fr\/product\/yu-gi-oh-structure-deck-onslaught-of-the-fire-king-en-2\/","og_site_name":"The Uncommon Shop","article_modified_time":"2026-03-29T13:21:21+00:00","og_image":[{"width":1200,"height":2094,"url":"https:\/\/theuncommonshop.ch\/wp-content\/uploads\/2025\/06\/2182378083.jpg","type":"image\/jpeg"}],"twitter_card":"summary_large_image","twitter_misc":{"Disponibilit\u00e9":"En stock"},"schema":{"@context":"https:\/\/schema.org","@graph":[{"@type":"WebPage","@id":"https:\/\/theuncommonshop.ch\/fr\/product\/yu-gi-oh-structure-deck-onslaught-of-the-fire-king-en-2\/","url":"https:\/\/theuncommonshop.ch\/fr\/product\/yu-gi-oh-structure-deck-onslaught-of-the-fire-king-en-2\/","name":"Ach\u00e8te Yu-Gi-Oh ! - Onslaught of the Fire King - Structure Deck","isPartOf":{"@id":"https:\/\/theuncommonshop.ch\/fr\/#website"},"primaryImageOfPage":{"@id":"https:\/\/theuncommonshop.ch\/fr\/product\/yu-gi-oh-structure-deck-onslaught-of-the-fire-king-en-2\/#primaryimage"},"image":{"@id":"https:\/\/theuncommonshop.ch\/fr\/product\/yu-gi-oh-structure-deck-onslaught-of-the-fire-king-en-2\/#primaryimage"},"thumbnailUrl":"https:\/\/theuncommonshop.ch\/wp-content\/uploads\/2025\/06\/2182378083.jpg","datePublished":"2025-06-02T23:24:50+00:00","dateModified":"2026-03-29T13:21:21+00:00","description":"Ach\u00e8te Yu-Gi-Oh ! - Onslaught of the Fire King - Structure Deck en ligne maintenant \u00e0 petit prix! Ton #1 shop pour cartes TCG & Pok\u00e9mon en Suisse \u2713 Livraison gratuite d\u00e8s CHF 29","breadcrumb":{"@id":"https:\/\/theuncommonshop.ch\/fr\/product\/yu-gi-oh-structure-deck-onslaught-of-the-fire-king-en-2\/#breadcrumb"},"inLanguage":"fr-FR","potentialAction":[{"@type":"ReadAction","target":["https:\/\/theuncommonshop.ch\/fr\/product\/yu-gi-oh-structure-deck-onslaught-of-the-fire-king-en-2\/"]}]},{"@type":"ImageObject","inLanguage":"fr-FR","@id":"https:\/\/theuncommonshop.ch\/fr\/product\/yu-gi-oh-structure-deck-onslaught-of-the-fire-king-en-2\/#primaryimage","url":"https:\/\/theuncommonshop.ch\/wp-content\/uploads\/2025\/06\/2182378083.jpg","contentUrl":"https:\/\/theuncommonshop.ch\/wp-content\/uploads\/2025\/06\/2182378083.jpg","width":1200,"height":2094},{"@type":"BreadcrumbList","@id":"https:\/\/theuncommonshop.ch\/fr\/product\/yu-gi-oh-structure-deck-onslaught-of-the-fire-king-en-2\/#breadcrumb","itemListElement":[{"@type":"ListItem","position":1,"name":"Accueil","item":"https:\/\/theuncommonshop.ch\/fr\/accueil\/"},{"@type":"ListItem","position":2,"name":"Boutique","item":"https:\/\/theuncommonshop.ch\/fr\/boutique\/"},{"@type":"ListItem","position":3,"name":"Yu-Gi-Oh!","item":"https:\/\/theuncommonshop.ch\/fr\/categorie-produit\/yu-gi-oh-fr\/"},{"@type":"ListItem","position":4,"name":"Decks","item":"https:\/\/theuncommonshop.ch\/fr\/categorie-produit\/yu-gi-oh-fr\/decks-yugioh\/"},{"@type":"ListItem","position":5,"name":"Yu-Gi-Oh ! &#8211; Onslaught of the Fire King &#8211; Structure Deck"}]},{"@type":"WebSite","@id":"https:\/\/theuncommonshop.ch\/fr\/#website","url":"https:\/\/theuncommonshop.ch\/fr\/","name":"The Uncommon Shop","description":"Magic, Pok\u00e9mon and Yu-gi-oh - The Uncommon Shop","potentialAction":[{"@type":"SearchAction","target":{"@type":"EntryPoint","urlTemplate":"https:\/\/theuncommonshop.ch\/fr\/?s={search_term_string}"},"query-input":{"@type":"PropertyValueSpecification","valueRequired":true,"valueName":"search_term_string"}}],"inLanguage":"fr-FR"}]},"og_availability":"instock","product_availability":"instock","product_retailer_item_id":"YGO.III.B.SDOKDeck.EN","product_condition":"new"},"_links":{"self":[{"href":"https:\/\/theuncommonshop.ch\/fr\/wp-json\/wp\/v2\/product\/330213","targetHints":{"allow":["GET"]}}],"collection":[{"href":"https:\/\/theuncommonshop.ch\/fr\/wp-json\/wp\/v2\/product"}],"about":[{"href":"https:\/\/theuncommonshop.ch\/fr\/wp-json\/wp\/v2\/types\/product"}],"replies":[{"embeddable":true,"href":"https:\/\/theuncommonshop.ch\/fr\/wp-json\/wp\/v2\/comments?post=330213"}],"version-history":[{"count":0,"href":"https:\/\/theuncommonshop.ch\/fr\/wp-json\/wp\/v2\/product\/330213\/revisions"}],"wp:featuredmedia":[{"embeddable":true,"href":"https:\/\/theuncommonshop.ch\/fr\/wp-json\/wp\/v2\/media\/54394"}],"wp:attachment":[{"href":"https:\/\/theuncommonshop.ch\/fr\/wp-json\/wp\/v2\/media?parent=330213"}],"wp:term":[{"taxonomy":"product_brand","embeddable":true,"href":"https:\/\/theuncommonshop.ch\/fr\/wp-json\/wp\/v2\/product_brand?post=330213"},{"taxonomy":"product_cat","embeddable":true,"href":"https:\/\/theuncommonshop.ch\/fr\/wp-json\/wp\/v2\/product_cat?post=330213"},{"taxonomy":"product_tag","embeddable":true,"href":"https:\/\/theuncommonshop.ch\/fr\/wp-json\/wp\/v2\/product_tag?post=330213"}],"curies":[{"name":"wp","href":"https:\/\/api.w.org\/{rel}","templated":true}]}}