{"id":330152,"date":"2025-06-02T23:16:04","date_gmt":"2025-06-02T21:16:04","guid":{"rendered":"http:\/\/theuncommonshop.ch\/produkt\/330152\/"},"modified":"2026-03-28T16:27:39","modified_gmt":"2026-03-28T15:27:39","slug":"pokemon-sun-moon-eevee-snorlax-gx-tag-team-tin-3","status":"publish","type":"product","link":"https:\/\/theuncommonshop.ch\/fr\/product\/pokemon-sun-moon-eevee-snorlax-gx-tag-team-tin-3\/","title":{"rendered":"Pok\u00e9mon &#8211; Sun &amp; Moon &#8211; Tag Team Eevee &amp; Snorlax GX &#8211; Tin"},"content":{"rendered":"<p><strong>Pok\u00e9mon TAG TEAM Evoli &amp; Relaxo GX Tin Box<\/strong><br \/>\nLes nouvelles cartes TAG TEAM introduites dans l&#8217;extension du Jeu de Cartes \u00e0 Collectionner Pok\u00e9mon Soleil &amp; Lune &#8211; L&#8217;Atout \u00c9quipe repr\u00e9sentent deux Pok\u00e9mon qui affrontent ensemble un adversaire. Leurs nombreux PK et leurs attaques puissantes les rendent tr\u00e8s recherch\u00e9s, et les illustrations de ces cartes sont \u00e9galement tr\u00e8s sp\u00e9ciales ! Chacune des six cartes TAG TEAM de cette extension poss\u00e8de plusieurs variantes, ce qui donne \u00e0 diff\u00e9rents artistes l&#8217;occasion de donner leur propre interpr\u00e9tation de ces duos f\u00e9roces. Jetez un \u0153il \u00e0 ces nouvelles cartes fantastiques que vous pouvez d\u00e9sormais ajouter \u00e0 votre collection de cartes Pok\u00e9mon ! En plus des cartes d\u00e9crites ci-dessous, les boosters de Soleil &amp; Lune &#8211; L&#8217;Atout \u00c9quipe contiennent \u00e9galement des cartes plein \u00e9cran sp\u00e9ciales distribu\u00e9es au hasard, avec des illustrations simplifi\u00e9es et des lignes de contour prononc\u00e9es. Quelles cartes allez-vous chasser ?     <\/p>\n<p><strong>Contenu de la bo\u00eete :<\/strong><\/p>\n<ul>\n<li>1 Evoli &amp; Relaxo TAG TEAM GX Promo<\/li>\n<li>4 paquets de Boosters Pok\u00e9mon TCG<\/li>\n<li>1 Tin Box<\/li>\n<li>1 marqueur m\u00e9tallique TAG TEAM GX<\/li>\n<li>1 carte de code pour le Pok\u00e9mon Online TCG<\/li>\n<\/ul>\n","protected":false},"excerpt":{"rendered":"<p>Pok\u00e9mon TAG TEAM Evoli &amp; Relaxo GX Tin Box Les nouvelles cartes TAG TEAM introduites dans l&#8217;extension du Jeu de<\/p>\n","protected":false},"featured_media":54096,"comment_status":"open","ping_status":"closed","template":"","meta":{"_acf_changed":false},"product_brand":[5114,5072],"product_cat":[10075,9813],"product_tag":[],"class_list":{"0":"post-330152","1":"product","2":"type-product","3":"status-publish","4":"has-post-thumbnail","6":"product_brand-pokemon","7":"product_brand-the-pokemon-company","8":"product_cat-soleil-et-lune","9":"product_cat-tins","11":"first","12":"outofstock","13":"taxable","14":"shipping-taxable","15":"purchasable","16":"product-type-variable"},"acf":[],"yoast_head":"<!-- This site is optimized with the Yoast SEO plugin v27.4 - https:\/\/yoast.com\/product\/yoast-seo-wordpress\/ -->\n<title>Ach\u00e8te Pok\u00e9mon - Sun &amp; Moon - Tag Team Eevee &amp; Snorlax GX - Tin<\/title>\n<meta name=\"description\" content=\"Ach\u00e8te Pok\u00e9mon - Sun &amp; Moon - Tag Team Eevee &amp; Snorlax GX - Tin en ligne maintenant \u00e0 petit prix! Ton #1 shop pour cartes TCG &amp; Pok\u00e9mon en Suisse \u2713 Livraison gratuite d\u00e8s CHF 29\" \/>\n<meta name=\"robots\" content=\"index, follow, max-snippet:-1, max-image-preview:large, max-video-preview:-1\" \/>\n<link rel=\"canonical\" href=\"https:\/\/theuncommonshop.ch\/fr\/product\/pokemon-sun-moon-eevee-snorlax-gx-tag-team-tin-3\/\" \/>\n<meta property=\"og:locale\" content=\"fr_FR\" \/>\n<meta property=\"og:type\" content=\"article\" \/>\n<meta property=\"og:title\" content=\"Ach\u00e8te Pok\u00e9mon - Sun &amp; Moon - Tag Team Eevee &amp; Snorlax GX - Tin\" \/>\n<meta property=\"og:description\" content=\"Ach\u00e8te Pok\u00e9mon - Sun &amp; Moon - Tag Team Eevee &amp; Snorlax GX - Tin en ligne maintenant \u00e0 petit prix! Ton #1 shop pour cartes TCG &amp; Pok\u00e9mon en Suisse \u2713 Livraison gratuite d\u00e8s CHF 29\" \/>\n<meta property=\"og:url\" content=\"https:\/\/theuncommonshop.ch\/fr\/product\/pokemon-sun-moon-eevee-snorlax-gx-tag-team-tin-3\/\" \/>\n<meta property=\"og:site_name\" content=\"Largest trading card shop in Switzerland\" \/>\n<meta property=\"article:modified_time\" content=\"2026-03-28T15:27:39+00:00\" \/>\n<meta property=\"og:image\" content=\"https:\/\/theuncommonshop.ch\/wp-content\/uploads\/2025\/06\/2081460322.jpg\" \/>\n\t<meta property=\"og:image:width\" content=\"714\" \/>\n\t<meta property=\"og:image:height\" content=\"500\" \/>\n\t<meta property=\"og:image:type\" content=\"image\/jpeg\" \/>\n<meta name=\"twitter:card\" content=\"summary_large_image\" \/>\n<meta name=\"twitter:label1\" content=\"Disponibilit\u00e9\" \/>\n\t<meta name=\"twitter:data1\" content=\"Rupture de stock\" \/>\n<script type=\"application\/ld+json\" class=\"yoast-schema-graph\">{\"@context\":\"https:\\\/\\\/schema.org\",\"@graph\":[{\"@type\":\"WebPage\",\"@id\":\"https:\\\/\\\/theuncommonshop.ch\\\/fr\\\/product\\\/pokemon-sun-moon-eevee-snorlax-gx-tag-team-tin-3\\\/\",\"url\":\"https:\\\/\\\/theuncommonshop.ch\\\/fr\\\/product\\\/pokemon-sun-moon-eevee-snorlax-gx-tag-team-tin-3\\\/\",\"name\":\"Ach\u00e8te Pok\u00e9mon - Sun &amp; Moon - Tag Team Eevee &amp; Snorlax GX - Tin\",\"isPartOf\":{\"@id\":\"https:\\\/\\\/theuncommonshop.ch\\\/#website\"},\"primaryImageOfPage\":{\"@id\":\"https:\\\/\\\/theuncommonshop.ch\\\/fr\\\/product\\\/pokemon-sun-moon-eevee-snorlax-gx-tag-team-tin-3\\\/#primaryimage\"},\"image\":{\"@id\":\"https:\\\/\\\/theuncommonshop.ch\\\/fr\\\/product\\\/pokemon-sun-moon-eevee-snorlax-gx-tag-team-tin-3\\\/#primaryimage\"},\"thumbnailUrl\":\"https:\\\/\\\/theuncommonshop.ch\\\/wp-content\\\/uploads\\\/2025\\\/06\\\/2081460322.jpg\",\"datePublished\":\"2025-06-02T21:16:04+00:00\",\"dateModified\":\"2026-03-28T15:27:39+00:00\",\"description\":\"Ach\u00e8te Pok\u00e9mon - Sun &amp; Moon - Tag Team Eevee &amp; Snorlax GX - Tin en ligne maintenant \u00e0 petit prix! Ton #1 shop pour cartes TCG & Pok\u00e9mon en Suisse \u2713 Livraison gratuite d\u00e8s CHF 29\",\"breadcrumb\":{\"@id\":\"https:\\\/\\\/theuncommonshop.ch\\\/fr\\\/product\\\/pokemon-sun-moon-eevee-snorlax-gx-tag-team-tin-3\\\/#breadcrumb\"},\"inLanguage\":\"fr-FR\",\"potentialAction\":[{\"@type\":\"ReadAction\",\"target\":[\"https:\\\/\\\/theuncommonshop.ch\\\/fr\\\/product\\\/pokemon-sun-moon-eevee-snorlax-gx-tag-team-tin-3\\\/\"]}]},{\"@type\":\"ImageObject\",\"inLanguage\":\"fr-FR\",\"@id\":\"https:\\\/\\\/theuncommonshop.ch\\\/fr\\\/product\\\/pokemon-sun-moon-eevee-snorlax-gx-tag-team-tin-3\\\/#primaryimage\",\"url\":\"https:\\\/\\\/theuncommonshop.ch\\\/wp-content\\\/uploads\\\/2025\\\/06\\\/2081460322.jpg\",\"contentUrl\":\"https:\\\/\\\/theuncommonshop.ch\\\/wp-content\\\/uploads\\\/2025\\\/06\\\/2081460322.jpg\",\"width\":714,\"height\":500},{\"@type\":\"BreadcrumbList\",\"@id\":\"https:\\\/\\\/theuncommonshop.ch\\\/fr\\\/product\\\/pokemon-sun-moon-eevee-snorlax-gx-tag-team-tin-3\\\/#breadcrumb\",\"itemListElement\":[{\"@type\":\"ListItem\",\"position\":1,\"name\":\"Accueil\",\"item\":\"https:\\\/\\\/theuncommonshop.ch\\\/fr\\\/accueil\\\/\"},{\"@type\":\"ListItem\",\"position\":2,\"name\":\"Boutique\",\"item\":\"https:\\\/\\\/theuncommonshop.ch\\\/fr\\\/boutique\\\/\"},{\"@type\":\"ListItem\",\"position\":3,\"name\":\"Pok\u00e9mon\",\"item\":\"https:\\\/\\\/theuncommonshop.ch\\\/fr\\\/categorie-produit\\\/pokemon-fr\\\/\"},{\"@type\":\"ListItem\",\"position\":4,\"name\":\"Produits par lots\",\"item\":\"https:\\\/\\\/theuncommonshop.ch\\\/fr\\\/categorie-produit\\\/pokemon-fr\\\/produits-par-lots\\\/\"},{\"@type\":\"ListItem\",\"position\":5,\"name\":\"Soleil & Lune\",\"item\":\"https:\\\/\\\/theuncommonshop.ch\\\/fr\\\/categorie-produit\\\/pokemon-fr\\\/produits-par-lots\\\/soleil-et-lune\\\/\"},{\"@type\":\"ListItem\",\"position\":6,\"name\":\"Pok\u00e9mon &#8211; Sun &amp; Moon &#8211; Tag Team Eevee &amp; Snorlax GX &#8211; Tin\"}]},{\"@type\":\"WebSite\",\"@id\":\"https:\\\/\\\/theuncommonshop.ch\\\/#website\",\"url\":\"https:\\\/\\\/theuncommonshop.ch\\\/\",\"name\":\"Largest trading card shop in Switzerland\",\"description\":\"Magic, Pok\u00e9mon and Yu-gi-oh - The Uncommon Shop\",\"potentialAction\":[{\"@type\":\"SearchAction\",\"target\":{\"@type\":\"EntryPoint\",\"urlTemplate\":\"https:\\\/\\\/theuncommonshop.ch\\\/?s={search_term_string}\"},\"query-input\":{\"@type\":\"PropertyValueSpecification\",\"valueRequired\":true,\"valueName\":\"search_term_string\"}}],\"inLanguage\":\"fr-FR\"}]}<\/script>\n<meta property=\"og:availability\" content=\"out of stock\" \/>\n<meta property=\"product:availability\" content=\"out of stock\" \/>\n<meta property=\"product:condition\" content=\"new\" \/>\n<!-- \/ Yoast SEO plugin. -->","yoast_head_json":{"title":"Ach\u00e8te Pok\u00e9mon - Sun &amp; Moon - Tag Team Eevee &amp; Snorlax GX - Tin","description":"Ach\u00e8te Pok\u00e9mon - Sun &amp; Moon - Tag Team Eevee &amp; Snorlax GX - Tin en ligne maintenant \u00e0 petit prix! Ton #1 shop pour cartes TCG & Pok\u00e9mon en Suisse \u2713 Livraison gratuite d\u00e8s CHF 29","robots":{"index":"index","follow":"follow","max-snippet":"max-snippet:-1","max-image-preview":"max-image-preview:large","max-video-preview":"max-video-preview:-1"},"canonical":"https:\/\/theuncommonshop.ch\/fr\/product\/pokemon-sun-moon-eevee-snorlax-gx-tag-team-tin-3\/","og_locale":"fr_FR","og_type":"article","og_title":"Ach\u00e8te Pok\u00e9mon - Sun &amp; Moon - Tag Team Eevee &amp; Snorlax GX - Tin","og_description":"Ach\u00e8te Pok\u00e9mon - Sun &amp; Moon - Tag Team Eevee &amp; Snorlax GX - Tin en ligne maintenant \u00e0 petit prix! Ton #1 shop pour cartes TCG & Pok\u00e9mon en Suisse \u2713 Livraison gratuite d\u00e8s CHF 29","og_url":"https:\/\/theuncommonshop.ch\/fr\/product\/pokemon-sun-moon-eevee-snorlax-gx-tag-team-tin-3\/","og_site_name":"Largest trading card shop in Switzerland","article_modified_time":"2026-03-28T15:27:39+00:00","og_image":[{"width":714,"height":500,"url":"https:\/\/theuncommonshop.ch\/wp-content\/uploads\/2025\/06\/2081460322.jpg","type":"image\/jpeg"}],"twitter_card":"summary_large_image","twitter_misc":{"Disponibilit\u00e9":"Rupture de stock"},"schema":{"@context":"https:\/\/schema.org","@graph":[{"@type":"WebPage","@id":"https:\/\/theuncommonshop.ch\/fr\/product\/pokemon-sun-moon-eevee-snorlax-gx-tag-team-tin-3\/","url":"https:\/\/theuncommonshop.ch\/fr\/product\/pokemon-sun-moon-eevee-snorlax-gx-tag-team-tin-3\/","name":"Ach\u00e8te Pok\u00e9mon - Sun &amp; Moon - Tag Team Eevee &amp; Snorlax GX - Tin","isPartOf":{"@id":"https:\/\/theuncommonshop.ch\/#website"},"primaryImageOfPage":{"@id":"https:\/\/theuncommonshop.ch\/fr\/product\/pokemon-sun-moon-eevee-snorlax-gx-tag-team-tin-3\/#primaryimage"},"image":{"@id":"https:\/\/theuncommonshop.ch\/fr\/product\/pokemon-sun-moon-eevee-snorlax-gx-tag-team-tin-3\/#primaryimage"},"thumbnailUrl":"https:\/\/theuncommonshop.ch\/wp-content\/uploads\/2025\/06\/2081460322.jpg","datePublished":"2025-06-02T21:16:04+00:00","dateModified":"2026-03-28T15:27:39+00:00","description":"Ach\u00e8te Pok\u00e9mon - Sun &amp; Moon - Tag Team Eevee &amp; Snorlax GX - Tin en ligne maintenant \u00e0 petit prix! Ton #1 shop pour cartes TCG & Pok\u00e9mon en Suisse \u2713 Livraison gratuite d\u00e8s CHF 29","breadcrumb":{"@id":"https:\/\/theuncommonshop.ch\/fr\/product\/pokemon-sun-moon-eevee-snorlax-gx-tag-team-tin-3\/#breadcrumb"},"inLanguage":"fr-FR","potentialAction":[{"@type":"ReadAction","target":["https:\/\/theuncommonshop.ch\/fr\/product\/pokemon-sun-moon-eevee-snorlax-gx-tag-team-tin-3\/"]}]},{"@type":"ImageObject","inLanguage":"fr-FR","@id":"https:\/\/theuncommonshop.ch\/fr\/product\/pokemon-sun-moon-eevee-snorlax-gx-tag-team-tin-3\/#primaryimage","url":"https:\/\/theuncommonshop.ch\/wp-content\/uploads\/2025\/06\/2081460322.jpg","contentUrl":"https:\/\/theuncommonshop.ch\/wp-content\/uploads\/2025\/06\/2081460322.jpg","width":714,"height":500},{"@type":"BreadcrumbList","@id":"https:\/\/theuncommonshop.ch\/fr\/product\/pokemon-sun-moon-eevee-snorlax-gx-tag-team-tin-3\/#breadcrumb","itemListElement":[{"@type":"ListItem","position":1,"name":"Accueil","item":"https:\/\/theuncommonshop.ch\/fr\/accueil\/"},{"@type":"ListItem","position":2,"name":"Boutique","item":"https:\/\/theuncommonshop.ch\/fr\/boutique\/"},{"@type":"ListItem","position":3,"name":"Pok\u00e9mon","item":"https:\/\/theuncommonshop.ch\/fr\/categorie-produit\/pokemon-fr\/"},{"@type":"ListItem","position":4,"name":"Produits par lots","item":"https:\/\/theuncommonshop.ch\/fr\/categorie-produit\/pokemon-fr\/produits-par-lots\/"},{"@type":"ListItem","position":5,"name":"Soleil & Lune","item":"https:\/\/theuncommonshop.ch\/fr\/categorie-produit\/pokemon-fr\/produits-par-lots\/soleil-et-lune\/"},{"@type":"ListItem","position":6,"name":"Pok\u00e9mon &#8211; Sun &amp; Moon &#8211; Tag Team Eevee &amp; Snorlax GX &#8211; Tin"}]},{"@type":"WebSite","@id":"https:\/\/theuncommonshop.ch\/#website","url":"https:\/\/theuncommonshop.ch\/","name":"Largest trading card shop in Switzerland","description":"Magic, Pok\u00e9mon and Yu-gi-oh - The Uncommon Shop","potentialAction":[{"@type":"SearchAction","target":{"@type":"EntryPoint","urlTemplate":"https:\/\/theuncommonshop.ch\/?s={search_term_string}"},"query-input":{"@type":"PropertyValueSpecification","valueRequired":true,"valueName":"search_term_string"}}],"inLanguage":"fr-FR"}]},"og_availability":"out of stock","product_availability":"out of stock","product_condition":"new"},"_links":{"self":[{"href":"https:\/\/theuncommonshop.ch\/fr\/wp-json\/wp\/v2\/product\/330152","targetHints":{"allow":["GET"]}}],"collection":[{"href":"https:\/\/theuncommonshop.ch\/fr\/wp-json\/wp\/v2\/product"}],"about":[{"href":"https:\/\/theuncommonshop.ch\/fr\/wp-json\/wp\/v2\/types\/product"}],"replies":[{"embeddable":true,"href":"https:\/\/theuncommonshop.ch\/fr\/wp-json\/wp\/v2\/comments?post=330152"}],"version-history":[{"count":2,"href":"https:\/\/theuncommonshop.ch\/fr\/wp-json\/wp\/v2\/product\/330152\/revisions"}],"predecessor-version":[{"id":354727,"href":"https:\/\/theuncommonshop.ch\/fr\/wp-json\/wp\/v2\/product\/330152\/revisions\/354727"}],"wp:featuredmedia":[{"embeddable":true,"href":"https:\/\/theuncommonshop.ch\/fr\/wp-json\/wp\/v2\/media\/54096"}],"wp:attachment":[{"href":"https:\/\/theuncommonshop.ch\/fr\/wp-json\/wp\/v2\/media?parent=330152"}],"wp:term":[{"taxonomy":"product_brand","embeddable":true,"href":"https:\/\/theuncommonshop.ch\/fr\/wp-json\/wp\/v2\/product_brand?post=330152"},{"taxonomy":"product_cat","embeddable":true,"href":"https:\/\/theuncommonshop.ch\/fr\/wp-json\/wp\/v2\/product_cat?post=330152"},{"taxonomy":"product_tag","embeddable":true,"href":"https:\/\/theuncommonshop.ch\/fr\/wp-json\/wp\/v2\/product_tag?post=330152"}],"curies":[{"name":"wp","href":"https:\/\/api.w.org\/{rel}","templated":true}]}}