{"id":329964,"date":"2025-06-02T22:18:27","date_gmt":"2025-06-02T22:18:27","guid":{"rendered":"http:\/\/theuncommonshop.ch\/produkt\/329964\/"},"modified":"2026-04-07T13:11:33","modified_gmt":"2026-04-07T11:11:33","slug":"pokemon-schwert-und-schild-shiny-star-v-box-iksbat-v-shiny-jpn-3","status":"publish","type":"product","link":"https:\/\/theuncommonshop.ch\/fr\/product\/pokemon-schwert-und-schild-shiny-star-v-box-iksbat-v-shiny-jpn-3\/","title":{"rendered":"Pok\u00e9mon &#8211; Ep\u00e9e et Bouclier &#8211; Shiny Star V Box &#8211; Iksbat V Shiny"},"content":{"rendered":"<p>Le Japon ne cesse de nous surprendre avec des produits uniques et superbes, exclusifs : Comme cette &#8220;Shiny Box Iksbat V&#8221;. D&#8217;une beaut\u00e9 unique, elle est parfaite pour \u00eatre ouverte imm\u00e9diatement ou pour \u00eatre rang\u00e9e sur une \u00e9tag\u00e8re par un collectionneur. Cette mini bo\u00eete au format sp\u00e9cial a \u00e9t\u00e9 lanc\u00e9e en \u00e9dition limit\u00e9e au Japon pour No\u00ebl 2020 et contient un total de 6 Booster Packs de l&#8217;ensemble sp\u00e9cial &#8220;S4a Shiny Star V&#8221;, ainsi qu&#8217;une carte Promo Full Art &#8220;Shiny Iksbat V&#8221;, exclusivement disponible dans cette bo\u00eete. La bo\u00eete est \u00e9galement id\u00e9ale pour y ranger des cartes Pok\u00e9mon.   <\/p>\n<h3>Inclus dans la Shiny Star V Box Iksbat V :<\/h3>\n<ul>\n<li>6 Booster Packs de &#8220;S4a Shiny Star V&#8221; avec des Pok\u00e9mon Pulls V ou mieux garantis (Special Pack)<\/li>\n<li>1 carte Promo<\/li>\n<\/ul>\n","protected":false},"excerpt":{"rendered":"<p>Le Japon ne cesse de nous surprendre avec des produits uniques et superbes, exclusifs : Comme cette &#8220;Shiny Box Iksbat<\/p>\n","protected":false},"featured_media":52175,"comment_status":"open","ping_status":"closed","template":"","meta":{"_acf_changed":false},"product_brand":[5114,5072],"product_cat":[9811,9777],"product_tag":[],"class_list":{"0":"post-329964","1":"product","2":"type-product","3":"status-publish","4":"has-post-thumbnail","6":"product_brand-pokemon","7":"product_brand-the-pokemon-company","8":"product_cat-coffrets-et-collections-pokemon","9":"product_cat-pokemon-fr","11":"first","12":"instock","13":"taxable","14":"shipping-taxable","15":"purchasable","16":"product-type-variable"},"acf":[],"yoast_head":"<!-- This site is optimized with the Yoast SEO plugin v27.4 - https:\/\/yoast.com\/product\/yoast-seo-wordpress\/ -->\n<title>Ach\u00e8te Pok\u00e9mon - Ep\u00e9e et Bouclier - Shiny Star V Box - Iksbat V Shiny<\/title>\n<meta name=\"description\" content=\"Ach\u00e8te Pok\u00e9mon - Ep\u00e9e et Bouclier - Shiny Star V Box - Iksbat V Shiny en ligne maintenant \u00e0 petit prix! Ton #1 shop pour cartes TCG &amp; Pok\u00e9mon en Suisse \u2713 Livraison gratuite d\u00e8s CHF 29\" \/>\n<meta name=\"robots\" content=\"index, follow, max-snippet:-1, max-image-preview:large, max-video-preview:-1\" \/>\n<link rel=\"canonical\" href=\"https:\/\/theuncommonshop.ch\/fr\/product\/pokemon-schwert-und-schild-shiny-star-v-box-iksbat-v-shiny-jpn-3\/\" \/>\n<meta property=\"og:locale\" content=\"fr_FR\" \/>\n<meta property=\"og:type\" content=\"article\" \/>\n<meta property=\"og:title\" content=\"Ach\u00e8te Pok\u00e9mon - Ep\u00e9e et Bouclier - Shiny Star V Box - Iksbat V Shiny\" \/>\n<meta property=\"og:description\" content=\"Ach\u00e8te Pok\u00e9mon - Ep\u00e9e et Bouclier - Shiny Star V Box - Iksbat V Shiny en ligne maintenant \u00e0 petit prix! Ton #1 shop pour cartes TCG &amp; Pok\u00e9mon en Suisse \u2713 Livraison gratuite d\u00e8s CHF 29\" \/>\n<meta property=\"og:url\" content=\"https:\/\/theuncommonshop.ch\/fr\/product\/pokemon-schwert-und-schild-shiny-star-v-box-iksbat-v-shiny-jpn-3\/\" \/>\n<meta property=\"og:site_name\" content=\"The Uncommon Shop\" \/>\n<meta property=\"article:modified_time\" content=\"2026-04-07T11:11:33+00:00\" \/>\n<meta property=\"og:image\" content=\"https:\/\/theuncommonshop.ch\/wp-content\/uploads\/2025\/06\/1879262054.jpg\" \/>\n\t<meta property=\"og:image:width\" content=\"1919\" \/>\n\t<meta property=\"og:image:height\" content=\"1462\" \/>\n\t<meta property=\"og:image:type\" content=\"image\/jpeg\" \/>\n<meta name=\"twitter:card\" content=\"summary_large_image\" \/>\n<meta name=\"twitter:label1\" content=\"Disponibilit\u00e9\" \/>\n\t<meta name=\"twitter:data1\" content=\"En stock\" \/>\n<script type=\"application\/ld+json\" class=\"yoast-schema-graph\">{\"@context\":\"https:\\\/\\\/schema.org\",\"@graph\":[{\"@type\":\"WebPage\",\"@id\":\"https:\\\/\\\/theuncommonshop.ch\\\/fr\\\/product\\\/pokemon-schwert-und-schild-shiny-star-v-box-iksbat-v-shiny-jpn-3\\\/\",\"url\":\"https:\\\/\\\/theuncommonshop.ch\\\/fr\\\/product\\\/pokemon-schwert-und-schild-shiny-star-v-box-iksbat-v-shiny-jpn-3\\\/\",\"name\":\"Ach\u00e8te Pok\u00e9mon - Ep\u00e9e et Bouclier - Shiny Star V Box - Iksbat V Shiny\",\"isPartOf\":{\"@id\":\"https:\\\/\\\/theuncommonshop.ch\\\/fr\\\/#website\"},\"primaryImageOfPage\":{\"@id\":\"https:\\\/\\\/theuncommonshop.ch\\\/fr\\\/product\\\/pokemon-schwert-und-schild-shiny-star-v-box-iksbat-v-shiny-jpn-3\\\/#primaryimage\"},\"image\":{\"@id\":\"https:\\\/\\\/theuncommonshop.ch\\\/fr\\\/product\\\/pokemon-schwert-und-schild-shiny-star-v-box-iksbat-v-shiny-jpn-3\\\/#primaryimage\"},\"thumbnailUrl\":\"https:\\\/\\\/theuncommonshop.ch\\\/wp-content\\\/uploads\\\/2025\\\/06\\\/1879262054.jpg\",\"datePublished\":\"2025-06-02T22:18:27+00:00\",\"dateModified\":\"2026-04-07T11:11:33+00:00\",\"description\":\"Ach\u00e8te Pok\u00e9mon - Ep\u00e9e et Bouclier - Shiny Star V Box - Iksbat V Shiny en ligne maintenant \u00e0 petit prix! Ton #1 shop pour cartes TCG & Pok\u00e9mon en Suisse \u2713 Livraison gratuite d\u00e8s CHF 29\",\"breadcrumb\":{\"@id\":\"https:\\\/\\\/theuncommonshop.ch\\\/fr\\\/product\\\/pokemon-schwert-und-schild-shiny-star-v-box-iksbat-v-shiny-jpn-3\\\/#breadcrumb\"},\"inLanguage\":\"fr-FR\",\"potentialAction\":[{\"@type\":\"ReadAction\",\"target\":[\"https:\\\/\\\/theuncommonshop.ch\\\/fr\\\/product\\\/pokemon-schwert-und-schild-shiny-star-v-box-iksbat-v-shiny-jpn-3\\\/\"]}]},{\"@type\":\"ImageObject\",\"inLanguage\":\"fr-FR\",\"@id\":\"https:\\\/\\\/theuncommonshop.ch\\\/fr\\\/product\\\/pokemon-schwert-und-schild-shiny-star-v-box-iksbat-v-shiny-jpn-3\\\/#primaryimage\",\"url\":\"https:\\\/\\\/theuncommonshop.ch\\\/wp-content\\\/uploads\\\/2025\\\/06\\\/1879262054.jpg\",\"contentUrl\":\"https:\\\/\\\/theuncommonshop.ch\\\/wp-content\\\/uploads\\\/2025\\\/06\\\/1879262054.jpg\",\"width\":1919,\"height\":1462},{\"@type\":\"BreadcrumbList\",\"@id\":\"https:\\\/\\\/theuncommonshop.ch\\\/fr\\\/product\\\/pokemon-schwert-und-schild-shiny-star-v-box-iksbat-v-shiny-jpn-3\\\/#breadcrumb\",\"itemListElement\":[{\"@type\":\"ListItem\",\"position\":1,\"name\":\"Accueil\",\"item\":\"https:\\\/\\\/theuncommonshop.ch\\\/fr\\\/accueil\\\/\"},{\"@type\":\"ListItem\",\"position\":2,\"name\":\"Boutique\",\"item\":\"https:\\\/\\\/theuncommonshop.ch\\\/fr\\\/boutique\\\/\"},{\"@type\":\"ListItem\",\"position\":3,\"name\":\"Pok\u00e9mon\",\"item\":\"https:\\\/\\\/theuncommonshop.ch\\\/fr\\\/categorie-produit\\\/pokemon-fr\\\/\"},{\"@type\":\"ListItem\",\"position\":4,\"name\":\"Coffrets & collections\",\"item\":\"https:\\\/\\\/theuncommonshop.ch\\\/fr\\\/categorie-produit\\\/pokemon-fr\\\/coffrets-et-collections-pokemon\\\/\"},{\"@type\":\"ListItem\",\"position\":5,\"name\":\"Pok\u00e9mon &#8211; Ep\u00e9e et Bouclier &#8211; Shiny Star V Box &#8211; Iksbat V Shiny\"}]},{\"@type\":\"WebSite\",\"@id\":\"https:\\\/\\\/theuncommonshop.ch\\\/fr\\\/#website\",\"url\":\"https:\\\/\\\/theuncommonshop.ch\\\/fr\\\/\",\"name\":\"The Uncommon Shop\",\"description\":\"Magic, Pok\u00e9mon and Yu-gi-oh - The Uncommon Shop\",\"potentialAction\":[{\"@type\":\"SearchAction\",\"target\":{\"@type\":\"EntryPoint\",\"urlTemplate\":\"https:\\\/\\\/theuncommonshop.ch\\\/fr\\\/?s={search_term_string}\"},\"query-input\":{\"@type\":\"PropertyValueSpecification\",\"valueRequired\":true,\"valueName\":\"search_term_string\"}}],\"inLanguage\":\"fr-FR\"}]}<\/script>\n<meta property=\"og:availability\" content=\"instock\" \/>\n<meta property=\"product:availability\" content=\"instock\" \/>\n<meta property=\"product:retailer_item_id\" content=\"PO.XII.G.IksbatVShiBox.JPN\" \/>\n<meta property=\"product:condition\" content=\"new\" \/>\n<!-- \/ Yoast SEO plugin. -->","yoast_head_json":{"title":"Ach\u00e8te Pok\u00e9mon - Ep\u00e9e et Bouclier - Shiny Star V Box - Iksbat V Shiny","description":"Ach\u00e8te Pok\u00e9mon - Ep\u00e9e et Bouclier - Shiny Star V Box - Iksbat V Shiny en ligne maintenant \u00e0 petit prix! Ton #1 shop pour cartes TCG & Pok\u00e9mon en Suisse \u2713 Livraison gratuite d\u00e8s CHF 29","robots":{"index":"index","follow":"follow","max-snippet":"max-snippet:-1","max-image-preview":"max-image-preview:large","max-video-preview":"max-video-preview:-1"},"canonical":"https:\/\/theuncommonshop.ch\/fr\/product\/pokemon-schwert-und-schild-shiny-star-v-box-iksbat-v-shiny-jpn-3\/","og_locale":"fr_FR","og_type":"article","og_title":"Ach\u00e8te Pok\u00e9mon - Ep\u00e9e et Bouclier - Shiny Star V Box - Iksbat V Shiny","og_description":"Ach\u00e8te Pok\u00e9mon - Ep\u00e9e et Bouclier - Shiny Star V Box - Iksbat V Shiny en ligne maintenant \u00e0 petit prix! Ton #1 shop pour cartes TCG & Pok\u00e9mon en Suisse \u2713 Livraison gratuite d\u00e8s CHF 29","og_url":"https:\/\/theuncommonshop.ch\/fr\/product\/pokemon-schwert-und-schild-shiny-star-v-box-iksbat-v-shiny-jpn-3\/","og_site_name":"The Uncommon Shop","article_modified_time":"2026-04-07T11:11:33+00:00","og_image":[{"width":1919,"height":1462,"url":"https:\/\/theuncommonshop.ch\/wp-content\/uploads\/2025\/06\/1879262054.jpg","type":"image\/jpeg"}],"twitter_card":"summary_large_image","twitter_misc":{"Disponibilit\u00e9":"En stock"},"schema":{"@context":"https:\/\/schema.org","@graph":[{"@type":"WebPage","@id":"https:\/\/theuncommonshop.ch\/fr\/product\/pokemon-schwert-und-schild-shiny-star-v-box-iksbat-v-shiny-jpn-3\/","url":"https:\/\/theuncommonshop.ch\/fr\/product\/pokemon-schwert-und-schild-shiny-star-v-box-iksbat-v-shiny-jpn-3\/","name":"Ach\u00e8te Pok\u00e9mon - Ep\u00e9e et Bouclier - Shiny Star V Box - Iksbat V Shiny","isPartOf":{"@id":"https:\/\/theuncommonshop.ch\/fr\/#website"},"primaryImageOfPage":{"@id":"https:\/\/theuncommonshop.ch\/fr\/product\/pokemon-schwert-und-schild-shiny-star-v-box-iksbat-v-shiny-jpn-3\/#primaryimage"},"image":{"@id":"https:\/\/theuncommonshop.ch\/fr\/product\/pokemon-schwert-und-schild-shiny-star-v-box-iksbat-v-shiny-jpn-3\/#primaryimage"},"thumbnailUrl":"https:\/\/theuncommonshop.ch\/wp-content\/uploads\/2025\/06\/1879262054.jpg","datePublished":"2025-06-02T22:18:27+00:00","dateModified":"2026-04-07T11:11:33+00:00","description":"Ach\u00e8te Pok\u00e9mon - Ep\u00e9e et Bouclier - Shiny Star V Box - Iksbat V Shiny en ligne maintenant \u00e0 petit prix! Ton #1 shop pour cartes TCG & Pok\u00e9mon en Suisse \u2713 Livraison gratuite d\u00e8s CHF 29","breadcrumb":{"@id":"https:\/\/theuncommonshop.ch\/fr\/product\/pokemon-schwert-und-schild-shiny-star-v-box-iksbat-v-shiny-jpn-3\/#breadcrumb"},"inLanguage":"fr-FR","potentialAction":[{"@type":"ReadAction","target":["https:\/\/theuncommonshop.ch\/fr\/product\/pokemon-schwert-und-schild-shiny-star-v-box-iksbat-v-shiny-jpn-3\/"]}]},{"@type":"ImageObject","inLanguage":"fr-FR","@id":"https:\/\/theuncommonshop.ch\/fr\/product\/pokemon-schwert-und-schild-shiny-star-v-box-iksbat-v-shiny-jpn-3\/#primaryimage","url":"https:\/\/theuncommonshop.ch\/wp-content\/uploads\/2025\/06\/1879262054.jpg","contentUrl":"https:\/\/theuncommonshop.ch\/wp-content\/uploads\/2025\/06\/1879262054.jpg","width":1919,"height":1462},{"@type":"BreadcrumbList","@id":"https:\/\/theuncommonshop.ch\/fr\/product\/pokemon-schwert-und-schild-shiny-star-v-box-iksbat-v-shiny-jpn-3\/#breadcrumb","itemListElement":[{"@type":"ListItem","position":1,"name":"Accueil","item":"https:\/\/theuncommonshop.ch\/fr\/accueil\/"},{"@type":"ListItem","position":2,"name":"Boutique","item":"https:\/\/theuncommonshop.ch\/fr\/boutique\/"},{"@type":"ListItem","position":3,"name":"Pok\u00e9mon","item":"https:\/\/theuncommonshop.ch\/fr\/categorie-produit\/pokemon-fr\/"},{"@type":"ListItem","position":4,"name":"Coffrets & collections","item":"https:\/\/theuncommonshop.ch\/fr\/categorie-produit\/pokemon-fr\/coffrets-et-collections-pokemon\/"},{"@type":"ListItem","position":5,"name":"Pok\u00e9mon &#8211; Ep\u00e9e et Bouclier &#8211; Shiny Star V Box &#8211; Iksbat V Shiny"}]},{"@type":"WebSite","@id":"https:\/\/theuncommonshop.ch\/fr\/#website","url":"https:\/\/theuncommonshop.ch\/fr\/","name":"The Uncommon Shop","description":"Magic, Pok\u00e9mon and Yu-gi-oh - The Uncommon Shop","potentialAction":[{"@type":"SearchAction","target":{"@type":"EntryPoint","urlTemplate":"https:\/\/theuncommonshop.ch\/fr\/?s={search_term_string}"},"query-input":{"@type":"PropertyValueSpecification","valueRequired":true,"valueName":"search_term_string"}}],"inLanguage":"fr-FR"}]},"og_availability":"instock","product_availability":"instock","product_retailer_item_id":"PO.XII.G.IksbatVShiBox.JPN","product_condition":"new"},"_links":{"self":[{"href":"https:\/\/theuncommonshop.ch\/fr\/wp-json\/wp\/v2\/product\/329964","targetHints":{"allow":["GET"]}}],"collection":[{"href":"https:\/\/theuncommonshop.ch\/fr\/wp-json\/wp\/v2\/product"}],"about":[{"href":"https:\/\/theuncommonshop.ch\/fr\/wp-json\/wp\/v2\/types\/product"}],"replies":[{"embeddable":true,"href":"https:\/\/theuncommonshop.ch\/fr\/wp-json\/wp\/v2\/comments?post=329964"}],"version-history":[{"count":0,"href":"https:\/\/theuncommonshop.ch\/fr\/wp-json\/wp\/v2\/product\/329964\/revisions"}],"wp:featuredmedia":[{"embeddable":true,"href":"https:\/\/theuncommonshop.ch\/fr\/wp-json\/wp\/v2\/media\/52175"}],"wp:attachment":[{"href":"https:\/\/theuncommonshop.ch\/fr\/wp-json\/wp\/v2\/media?parent=329964"}],"wp:term":[{"taxonomy":"product_brand","embeddable":true,"href":"https:\/\/theuncommonshop.ch\/fr\/wp-json\/wp\/v2\/product_brand?post=329964"},{"taxonomy":"product_cat","embeddable":true,"href":"https:\/\/theuncommonshop.ch\/fr\/wp-json\/wp\/v2\/product_cat?post=329964"},{"taxonomy":"product_tag","embeddable":true,"href":"https:\/\/theuncommonshop.ch\/fr\/wp-json\/wp\/v2\/product_tag?post=329964"}],"curies":[{"name":"wp","href":"https:\/\/api.w.org\/{rel}","templated":true}]}}