{"id":329754,"date":"2025-06-02T20:09:15","date_gmt":"2025-06-02T18:09:15","guid":{"rendered":"http:\/\/theuncommonshop.ch\/produkt\/329754\/"},"modified":"2026-03-29T19:02:12","modified_gmt":"2026-03-29T17:02:12","slug":"magic-zendikar-rising-znr-gift-bundle-3","status":"publish","type":"product","link":"https:\/\/theuncommonshop.ch\/fr\/product\/magic-zendikar-rising-znr-gift-bundle-3\/","title":{"rendered":"Magic &#8211; Zendikar Rising (ZNR) &#8211; Gift Bundle"},"content":{"rendered":"<p><strong>Magic &#8211; Zendikar Rising (ZNR) &#8211; Gift Bundle<\/strong><\/p>\n<p>Lorsque nous avons lanc\u00e9 Eldraine l&#8217;ann\u00e9e derni\u00e8re, nous avons pr\u00e9sent\u00e9 une &#8220;Gift Edition&#8221; du Bundle, et il semble que ce soit \u00e0 nouveau le cas. Le Zendikar Rising Bundle : Gift Edition contient le m\u00eame contenu que le Bundle r\u00e9gulier, mais avec quelques extras en plus. Chaque \u00c9dition Cadeau contient :  <\/p>\n<p>1 Collector Booster<br \/>\n10 Draft Booster<br \/>\n20 Terres de base Foil (cadre r\u00e9gulier)<br \/>\n20 Terres de base (cadre r\u00e9gulier)<br \/>\n1 carte avec un artwork alternatif (bient\u00f4t disponible !)<br \/>\n1 carte Oversized Spindown dans des couleurs alternatives<br \/>\n1 bo\u00eete de rangement de cartes super-brillante<\/p>\n<p>Un cadeau formidable !<\/p>\n","protected":false},"excerpt":{"rendered":"<p>Magic &#8211; Zendikar Rising (ZNR) &#8211; Gift Bundle Lorsque nous avons lanc\u00e9 Eldraine l&#8217;ann\u00e9e derni\u00e8re, nous avons pr\u00e9sent\u00e9 une &#8220;Gift<\/p>\n","protected":false},"featured_media":47820,"comment_status":"open","ping_status":"closed","template":"","meta":{"_acf_changed":false},"product_brand":[5158,5070],"product_cat":[9971,9967],"product_tag":[],"class_list":{"0":"post-329754","1":"product","2":"type-product","3":"status-publish","4":"has-post-thumbnail","6":"product_brand-magic-the-gathering","7":"product_brand-wizards-of-the-coast","8":"product_cat-bundles-fr","9":"product_cat-magic-the-gathering-fr","11":"first","12":"outofstock","13":"taxable","14":"shipping-taxable","15":"purchasable","16":"product-type-variable"},"acf":[],"yoast_head":"<!-- This site is optimized with the Yoast SEO plugin v27.4 - https:\/\/yoast.com\/product\/yoast-seo-wordpress\/ -->\n<title>Ach\u00e8te Magic - Zendikar Rising (ZNR) - Gift Bundle<\/title>\n<meta name=\"description\" content=\"Ach\u00e8te Magic - Zendikar Rising (ZNR) - Gift Bundle en ligne maintenant \u00e0 petit prix! Ton #1 shop pour cartes TCG &amp; Pok\u00e9mon en Suisse \u2713 Livraison gratuite d\u00e8s CHF 29\" \/>\n<meta name=\"robots\" content=\"index, follow, max-snippet:-1, max-image-preview:large, max-video-preview:-1\" \/>\n<link rel=\"canonical\" href=\"https:\/\/theuncommonshop.ch\/fr\/product\/magic-zendikar-rising-znr-gift-bundle-3\/\" \/>\n<meta property=\"og:locale\" content=\"fr_FR\" \/>\n<meta property=\"og:type\" content=\"article\" \/>\n<meta property=\"og:title\" content=\"Ach\u00e8te Magic - Zendikar Rising (ZNR) - Gift Bundle\" \/>\n<meta property=\"og:description\" content=\"Ach\u00e8te Magic - Zendikar Rising (ZNR) - Gift Bundle en ligne maintenant \u00e0 petit prix! Ton #1 shop pour cartes TCG &amp; Pok\u00e9mon en Suisse \u2713 Livraison gratuite d\u00e8s CHF 29\" \/>\n<meta property=\"og:url\" content=\"https:\/\/theuncommonshop.ch\/fr\/product\/magic-zendikar-rising-znr-gift-bundle-3\/\" \/>\n<meta property=\"og:site_name\" content=\"The Uncommon Shop\" \/>\n<meta property=\"article:modified_time\" content=\"2026-03-29T17:02:12+00:00\" \/>\n<meta property=\"og:image\" content=\"https:\/\/theuncommonshop.ch\/wp-content\/uploads\/2025\/06\/2006343872.jpg\" \/>\n\t<meta property=\"og:image:width\" content=\"865\" \/>\n\t<meta property=\"og:image:height\" content=\"867\" \/>\n\t<meta property=\"og:image:type\" content=\"image\/jpeg\" \/>\n<meta name=\"twitter:card\" content=\"summary_large_image\" \/>\n<meta name=\"twitter:label1\" content=\"Disponibilit\u00e9\" \/>\n\t<meta name=\"twitter:data1\" content=\"Rupture de stock\" \/>\n<script type=\"application\/ld+json\" class=\"yoast-schema-graph\">{\"@context\":\"https:\\\/\\\/schema.org\",\"@graph\":[{\"@type\":\"WebPage\",\"@id\":\"https:\\\/\\\/theuncommonshop.ch\\\/fr\\\/product\\\/magic-zendikar-rising-znr-gift-bundle-3\\\/\",\"url\":\"https:\\\/\\\/theuncommonshop.ch\\\/fr\\\/product\\\/magic-zendikar-rising-znr-gift-bundle-3\\\/\",\"name\":\"Ach\u00e8te Magic - Zendikar Rising (ZNR) - Gift Bundle\",\"isPartOf\":{\"@id\":\"https:\\\/\\\/theuncommonshop.ch\\\/fr\\\/#website\"},\"primaryImageOfPage\":{\"@id\":\"https:\\\/\\\/theuncommonshop.ch\\\/fr\\\/product\\\/magic-zendikar-rising-znr-gift-bundle-3\\\/#primaryimage\"},\"image\":{\"@id\":\"https:\\\/\\\/theuncommonshop.ch\\\/fr\\\/product\\\/magic-zendikar-rising-znr-gift-bundle-3\\\/#primaryimage\"},\"thumbnailUrl\":\"https:\\\/\\\/theuncommonshop.ch\\\/wp-content\\\/uploads\\\/2025\\\/06\\\/2006343872.jpg\",\"datePublished\":\"2025-06-02T18:09:15+00:00\",\"dateModified\":\"2026-03-29T17:02:12+00:00\",\"description\":\"Ach\u00e8te Magic - Zendikar Rising (ZNR) - Gift Bundle en ligne maintenant \u00e0 petit prix! Ton #1 shop pour cartes TCG & Pok\u00e9mon en Suisse \u2713 Livraison gratuite d\u00e8s CHF 29\",\"breadcrumb\":{\"@id\":\"https:\\\/\\\/theuncommonshop.ch\\\/fr\\\/product\\\/magic-zendikar-rising-znr-gift-bundle-3\\\/#breadcrumb\"},\"inLanguage\":\"fr-FR\",\"potentialAction\":[{\"@type\":\"ReadAction\",\"target\":[\"https:\\\/\\\/theuncommonshop.ch\\\/fr\\\/product\\\/magic-zendikar-rising-znr-gift-bundle-3\\\/\"]}]},{\"@type\":\"ImageObject\",\"inLanguage\":\"fr-FR\",\"@id\":\"https:\\\/\\\/theuncommonshop.ch\\\/fr\\\/product\\\/magic-zendikar-rising-znr-gift-bundle-3\\\/#primaryimage\",\"url\":\"https:\\\/\\\/theuncommonshop.ch\\\/wp-content\\\/uploads\\\/2025\\\/06\\\/2006343872.jpg\",\"contentUrl\":\"https:\\\/\\\/theuncommonshop.ch\\\/wp-content\\\/uploads\\\/2025\\\/06\\\/2006343872.jpg\",\"width\":865,\"height\":867},{\"@type\":\"BreadcrumbList\",\"@id\":\"https:\\\/\\\/theuncommonshop.ch\\\/fr\\\/product\\\/magic-zendikar-rising-znr-gift-bundle-3\\\/#breadcrumb\",\"itemListElement\":[{\"@type\":\"ListItem\",\"position\":1,\"name\":\"Accueil\",\"item\":\"https:\\\/\\\/theuncommonshop.ch\\\/fr\\\/accueil\\\/\"},{\"@type\":\"ListItem\",\"position\":2,\"name\":\"Boutique\",\"item\":\"https:\\\/\\\/theuncommonshop.ch\\\/fr\\\/boutique\\\/\"},{\"@type\":\"ListItem\",\"position\":3,\"name\":\"Magic the Gathering\",\"item\":\"https:\\\/\\\/theuncommonshop.ch\\\/fr\\\/categorie-produit\\\/magic-the-gathering-fr\\\/\"},{\"@type\":\"ListItem\",\"position\":4,\"name\":\"Bundles\",\"item\":\"https:\\\/\\\/theuncommonshop.ch\\\/fr\\\/categorie-produit\\\/magic-the-gathering-fr\\\/bundles-fr\\\/\"},{\"@type\":\"ListItem\",\"position\":5,\"name\":\"Magic &#8211; Zendikar Rising (ZNR) &#8211; Gift Bundle\"}]},{\"@type\":\"WebSite\",\"@id\":\"https:\\\/\\\/theuncommonshop.ch\\\/fr\\\/#website\",\"url\":\"https:\\\/\\\/theuncommonshop.ch\\\/fr\\\/\",\"name\":\"The Uncommon Shop\",\"description\":\"Magic, Pok\u00e9mon and Yu-gi-oh - The Uncommon Shop\",\"potentialAction\":[{\"@type\":\"SearchAction\",\"target\":{\"@type\":\"EntryPoint\",\"urlTemplate\":\"https:\\\/\\\/theuncommonshop.ch\\\/fr\\\/?s={search_term_string}\"},\"query-input\":{\"@type\":\"PropertyValueSpecification\",\"valueRequired\":true,\"valueName\":\"search_term_string\"}}],\"inLanguage\":\"fr-FR\"}]}<\/script>\n<meta property=\"og:availability\" content=\"out of stock\" \/>\n<meta property=\"product:availability\" content=\"out of stock\" \/>\n<meta property=\"product:condition\" content=\"new\" \/>\n<!-- \/ Yoast SEO plugin. -->","yoast_head_json":{"title":"Ach\u00e8te Magic - Zendikar Rising (ZNR) - Gift Bundle","description":"Ach\u00e8te Magic - Zendikar Rising (ZNR) - Gift Bundle en ligne maintenant \u00e0 petit prix! Ton #1 shop pour cartes TCG & Pok\u00e9mon en Suisse \u2713 Livraison gratuite d\u00e8s CHF 29","robots":{"index":"index","follow":"follow","max-snippet":"max-snippet:-1","max-image-preview":"max-image-preview:large","max-video-preview":"max-video-preview:-1"},"canonical":"https:\/\/theuncommonshop.ch\/fr\/product\/magic-zendikar-rising-znr-gift-bundle-3\/","og_locale":"fr_FR","og_type":"article","og_title":"Ach\u00e8te Magic - Zendikar Rising (ZNR) - Gift Bundle","og_description":"Ach\u00e8te Magic - Zendikar Rising (ZNR) - Gift Bundle en ligne maintenant \u00e0 petit prix! Ton #1 shop pour cartes TCG & Pok\u00e9mon en Suisse \u2713 Livraison gratuite d\u00e8s CHF 29","og_url":"https:\/\/theuncommonshop.ch\/fr\/product\/magic-zendikar-rising-znr-gift-bundle-3\/","og_site_name":"The Uncommon Shop","article_modified_time":"2026-03-29T17:02:12+00:00","og_image":[{"width":865,"height":867,"url":"https:\/\/theuncommonshop.ch\/wp-content\/uploads\/2025\/06\/2006343872.jpg","type":"image\/jpeg"}],"twitter_card":"summary_large_image","twitter_misc":{"Disponibilit\u00e9":"Rupture de stock"},"schema":{"@context":"https:\/\/schema.org","@graph":[{"@type":"WebPage","@id":"https:\/\/theuncommonshop.ch\/fr\/product\/magic-zendikar-rising-znr-gift-bundle-3\/","url":"https:\/\/theuncommonshop.ch\/fr\/product\/magic-zendikar-rising-znr-gift-bundle-3\/","name":"Ach\u00e8te Magic - Zendikar Rising (ZNR) - Gift Bundle","isPartOf":{"@id":"https:\/\/theuncommonshop.ch\/fr\/#website"},"primaryImageOfPage":{"@id":"https:\/\/theuncommonshop.ch\/fr\/product\/magic-zendikar-rising-znr-gift-bundle-3\/#primaryimage"},"image":{"@id":"https:\/\/theuncommonshop.ch\/fr\/product\/magic-zendikar-rising-znr-gift-bundle-3\/#primaryimage"},"thumbnailUrl":"https:\/\/theuncommonshop.ch\/wp-content\/uploads\/2025\/06\/2006343872.jpg","datePublished":"2025-06-02T18:09:15+00:00","dateModified":"2026-03-29T17:02:12+00:00","description":"Ach\u00e8te Magic - Zendikar Rising (ZNR) - Gift Bundle en ligne maintenant \u00e0 petit prix! Ton #1 shop pour cartes TCG & Pok\u00e9mon en Suisse \u2713 Livraison gratuite d\u00e8s CHF 29","breadcrumb":{"@id":"https:\/\/theuncommonshop.ch\/fr\/product\/magic-zendikar-rising-znr-gift-bundle-3\/#breadcrumb"},"inLanguage":"fr-FR","potentialAction":[{"@type":"ReadAction","target":["https:\/\/theuncommonshop.ch\/fr\/product\/magic-zendikar-rising-znr-gift-bundle-3\/"]}]},{"@type":"ImageObject","inLanguage":"fr-FR","@id":"https:\/\/theuncommonshop.ch\/fr\/product\/magic-zendikar-rising-znr-gift-bundle-3\/#primaryimage","url":"https:\/\/theuncommonshop.ch\/wp-content\/uploads\/2025\/06\/2006343872.jpg","contentUrl":"https:\/\/theuncommonshop.ch\/wp-content\/uploads\/2025\/06\/2006343872.jpg","width":865,"height":867},{"@type":"BreadcrumbList","@id":"https:\/\/theuncommonshop.ch\/fr\/product\/magic-zendikar-rising-znr-gift-bundle-3\/#breadcrumb","itemListElement":[{"@type":"ListItem","position":1,"name":"Accueil","item":"https:\/\/theuncommonshop.ch\/fr\/accueil\/"},{"@type":"ListItem","position":2,"name":"Boutique","item":"https:\/\/theuncommonshop.ch\/fr\/boutique\/"},{"@type":"ListItem","position":3,"name":"Magic the Gathering","item":"https:\/\/theuncommonshop.ch\/fr\/categorie-produit\/magic-the-gathering-fr\/"},{"@type":"ListItem","position":4,"name":"Bundles","item":"https:\/\/theuncommonshop.ch\/fr\/categorie-produit\/magic-the-gathering-fr\/bundles-fr\/"},{"@type":"ListItem","position":5,"name":"Magic &#8211; Zendikar Rising (ZNR) &#8211; Gift Bundle"}]},{"@type":"WebSite","@id":"https:\/\/theuncommonshop.ch\/fr\/#website","url":"https:\/\/theuncommonshop.ch\/fr\/","name":"The Uncommon Shop","description":"Magic, Pok\u00e9mon and Yu-gi-oh - The Uncommon Shop","potentialAction":[{"@type":"SearchAction","target":{"@type":"EntryPoint","urlTemplate":"https:\/\/theuncommonshop.ch\/fr\/?s={search_term_string}"},"query-input":{"@type":"PropertyValueSpecification","valueRequired":true,"valueName":"search_term_string"}}],"inLanguage":"fr-FR"}]},"og_availability":"out of stock","product_availability":"out of stock","product_condition":"new"},"_links":{"self":[{"href":"https:\/\/theuncommonshop.ch\/fr\/wp-json\/wp\/v2\/product\/329754","targetHints":{"allow":["GET"]}}],"collection":[{"href":"https:\/\/theuncommonshop.ch\/fr\/wp-json\/wp\/v2\/product"}],"about":[{"href":"https:\/\/theuncommonshop.ch\/fr\/wp-json\/wp\/v2\/types\/product"}],"replies":[{"embeddable":true,"href":"https:\/\/theuncommonshop.ch\/fr\/wp-json\/wp\/v2\/comments?post=329754"}],"version-history":[{"count":0,"href":"https:\/\/theuncommonshop.ch\/fr\/wp-json\/wp\/v2\/product\/329754\/revisions"}],"wp:featuredmedia":[{"embeddable":true,"href":"https:\/\/theuncommonshop.ch\/fr\/wp-json\/wp\/v2\/media\/47820"}],"wp:attachment":[{"href":"https:\/\/theuncommonshop.ch\/fr\/wp-json\/wp\/v2\/media?parent=329754"}],"wp:term":[{"taxonomy":"product_brand","embeddable":true,"href":"https:\/\/theuncommonshop.ch\/fr\/wp-json\/wp\/v2\/product_brand?post=329754"},{"taxonomy":"product_cat","embeddable":true,"href":"https:\/\/theuncommonshop.ch\/fr\/wp-json\/wp\/v2\/product_cat?post=329754"},{"taxonomy":"product_tag","embeddable":true,"href":"https:\/\/theuncommonshop.ch\/fr\/wp-json\/wp\/v2\/product_tag?post=329754"}],"curies":[{"name":"wp","href":"https:\/\/api.w.org\/{rel}","templated":true}]}}