{"id":329593,"date":"2025-06-02T18:39:33","date_gmt":"2025-06-02T18:39:33","guid":{"rendered":"http:\/\/theuncommonshop.ch\/produkt\/329593\/"},"modified":"2026-03-29T15:21:26","modified_gmt":"2026-03-29T13:21:26","slug":"yu-gi-oh-starter-deck-xyz-symphony-en-2","status":"publish","type":"product","link":"https:\/\/theuncommonshop.ch\/fr\/product\/yu-gi-oh-starter-deck-xyz-symphony-en-2\/","title":{"rendered":"Yu-Gi-Oh ! &#8211; XYZ Symphony &#8211; Starter Deck"},"content":{"rendered":"<p>\u00cates-vous pr\u00eat \u00e0 rejoindre Yuma et son \u00e9quipage de Yu-Gi-Oh ! Zexal pour vivre vos propres duels aventureux ? Alors le <em>Starter Deck : XYZ Symphony<\/em> est le meilleur moyen d&#8217;apprendre \u00e0 jouer ! Vous y trouverez tout ce dont vous avez besoin pour faire vos premiers pas et devenir un champion de duel.   <\/p>\n<p>Chaque deck a besoin d&#8217;une chose avant tout &#8211; des monstres ! Sans monstres, vous ne pouvez pas attaquer ou vous d\u00e9fendre, alors voici le <em>Starter Deck : XYZ Symphony <\/em>avec20 monstres. C&#8217;est la moiti\u00e9 de votre deck &#8211; voil\u00e0 !  <\/p>\n<p>Vous jouerez avec certains des monstres pr\u00e9f\u00e9r\u00e9s de Yuma <strong>,<\/strong> comme <strong>le Gogogo-Golem,<\/strong><strong>le Chevalier Zubaba<\/strong>, le <strong>Chevalier Ganbara<\/strong> et <strong>le Goblindbergh<\/strong>. Mais ce n&#8217;est pas tout ! En plus des 20 monstres habituels, le <em>Starter Deck : XYZ Symphony<\/em> contient \u00e9galement <u>CINQ<\/u> incroyables monstres Xyz, dont le monstre num\u00e9ro 1 de Yuma <strong>, le num\u00e9ro 39 : Utopia<\/strong>!  <\/p>\n<p><u>Des monstres xyz d&#8217;un autre univers !<\/u><br \/>Yuma est le personnage principal du nouveau cycle Yu-Gi-Oh ! Zexal. Ses cinq premiers monstres Xyz lui ont \u00e9t\u00e9 donn\u00e9s par Astral, un g\u00e9nie fantomatique du duel venu d&#8217;un autre univers &#8211; mais vous pouvez facilement obtenir vos cinq monstres en utilisant ce deck, dont <strong>le num\u00e9ro 39 : Utopia<\/strong>. Les monstres Xyz sont faciles \u00e0 invoquer, tr\u00e8s puissants, et en plus, ils ont l&#8217;air cool !   <\/p>\n<p>Les monstres Xyz ne vont pas dans votre deck avec le reste des cartes. Vous les mettez dans une autre pile, appel\u00e9e Extra Deck, et ils attendent l\u00e0 que vous les appeliez pour un peu d&#8217;action. Vous n&#8217;avez pas \u00e0 vous inqui\u00e9ter de ne pas piocher le bon monstre Xyz &#8211; tant que vous avez \u00e0 votre disposition les monstres indiqu\u00e9s sur la carte Monstre Xyz, vous pouvez les invoquer depuis l&#8217;Extra Deck !  <\/p>\n<p>Une fois que vous avez tous les outils, il ne vous reste plus qu&#8217;\u00e0 am\u00e9liorer vos comp\u00e9tences de jeu. Et le meilleur moyen d&#8217;y parvenir est : un duel ! Beaucoup de duels !  <\/p>\n<p>Jouez avec vos amis ou cherchez un magasin dans votre r\u00e9gion qui organise des tournois.<br \/>Le chemin pour devenir un champion peut sembler long, mais le voyage commence par cette premi\u00e8re \u00e9tape.<\/p>\n<p><em><strong>Le Starter Deck : XYZ Symphony<\/strong><\/em><strong> contient 45 cartes :<\/strong><\/p>\n<ul>\n<li>40 cartes Common<\/li>\n<li>1 carte Ultra Rares<\/li>\n<li>4 cartes Super Rares<\/li>\n<li>1 guide du d\u00e9butant<\/li>\n<li>1 support de jeu<\/li>\n<\/ul>\n","protected":false},"excerpt":{"rendered":"<p>\u00cates-vous pr\u00eat \u00e0 rejoindre Yuma et son \u00e9quipage de Yu-Gi-Oh ! Zexal pour vivre vos propres duels aventureux ? Alors<\/p>\n","protected":false},"featured_media":44874,"comment_status":"open","ping_status":"closed","template":"","meta":{"_acf_changed":false},"product_brand":[5074,5112],"product_cat":[9837,9779],"product_tag":[],"class_list":{"0":"post-329593","1":"product","2":"type-product","3":"status-publish","4":"has-post-thumbnail","6":"product_brand-konami","7":"product_brand-yu-gi-oh","8":"product_cat-decks-yugioh","9":"product_cat-yu-gi-oh-fr","11":"first","12":"instock","13":"taxable","14":"shipping-taxable","15":"purchasable","16":"product-type-variable"},"acf":[],"yoast_head":"<!-- This site is optimized with the Yoast SEO plugin v27.4 - https:\/\/yoast.com\/product\/yoast-seo-wordpress\/ -->\n<title>Ach\u00e8te Yu-Gi-Oh ! - XYZ Symphony - Starter Deck<\/title>\n<meta name=\"description\" content=\"Ach\u00e8te Yu-Gi-Oh ! - XYZ Symphony - Starter Deck en ligne maintenant \u00e0 petit prix! Ton #1 shop pour cartes TCG &amp; Pok\u00e9mon en Suisse \u2713 Livraison gratuite d\u00e8s CHF 29\" \/>\n<meta name=\"robots\" content=\"index, follow, max-snippet:-1, max-image-preview:large, max-video-preview:-1\" \/>\n<link rel=\"canonical\" href=\"https:\/\/theuncommonshop.ch\/fr\/product\/yu-gi-oh-starter-deck-xyz-symphony-en-2\/\" \/>\n<meta property=\"og:locale\" content=\"fr_FR\" \/>\n<meta property=\"og:type\" content=\"article\" \/>\n<meta property=\"og:title\" content=\"Ach\u00e8te Yu-Gi-Oh ! - XYZ Symphony - Starter Deck\" \/>\n<meta property=\"og:description\" content=\"Ach\u00e8te Yu-Gi-Oh ! - XYZ Symphony - Starter Deck en ligne maintenant \u00e0 petit prix! Ton #1 shop pour cartes TCG &amp; Pok\u00e9mon en Suisse \u2713 Livraison gratuite d\u00e8s CHF 29\" \/>\n<meta property=\"og:url\" content=\"https:\/\/theuncommonshop.ch\/fr\/product\/yu-gi-oh-starter-deck-xyz-symphony-en-2\/\" \/>\n<meta property=\"og:site_name\" content=\"Largest trading card shop in Switzerland\" \/>\n<meta property=\"article:modified_time\" content=\"2026-03-29T13:21:26+00:00\" \/>\n<meta property=\"og:image\" content=\"https:\/\/theuncommonshop.ch\/wp-content\/uploads\/2025\/06\/1452054128.jpg\" \/>\n\t<meta property=\"og:image:width\" content=\"299\" \/>\n\t<meta property=\"og:image:height\" content=\"500\" \/>\n\t<meta property=\"og:image:type\" content=\"image\/jpeg\" \/>\n<meta name=\"twitter:card\" content=\"summary_large_image\" \/>\n<meta name=\"twitter:label1\" content=\"Disponibilit\u00e9\" \/>\n\t<meta name=\"twitter:data1\" content=\"En stock\" \/>\n<script type=\"application\/ld+json\" class=\"yoast-schema-graph\">{\"@context\":\"https:\\\/\\\/schema.org\",\"@graph\":[{\"@type\":\"WebPage\",\"@id\":\"https:\\\/\\\/theuncommonshop.ch\\\/fr\\\/product\\\/yu-gi-oh-starter-deck-xyz-symphony-en-2\\\/\",\"url\":\"https:\\\/\\\/theuncommonshop.ch\\\/fr\\\/product\\\/yu-gi-oh-starter-deck-xyz-symphony-en-2\\\/\",\"name\":\"Ach\u00e8te Yu-Gi-Oh ! - XYZ Symphony - Starter Deck\",\"isPartOf\":{\"@id\":\"https:\\\/\\\/theuncommonshop.ch\\\/#website\"},\"primaryImageOfPage\":{\"@id\":\"https:\\\/\\\/theuncommonshop.ch\\\/fr\\\/product\\\/yu-gi-oh-starter-deck-xyz-symphony-en-2\\\/#primaryimage\"},\"image\":{\"@id\":\"https:\\\/\\\/theuncommonshop.ch\\\/fr\\\/product\\\/yu-gi-oh-starter-deck-xyz-symphony-en-2\\\/#primaryimage\"},\"thumbnailUrl\":\"https:\\\/\\\/theuncommonshop.ch\\\/wp-content\\\/uploads\\\/2025\\\/06\\\/1452054128.jpg\",\"datePublished\":\"2025-06-02T18:39:33+00:00\",\"dateModified\":\"2026-03-29T13:21:26+00:00\",\"description\":\"Ach\u00e8te Yu-Gi-Oh ! - XYZ Symphony - Starter Deck en ligne maintenant \u00e0 petit prix! Ton #1 shop pour cartes TCG & Pok\u00e9mon en Suisse \u2713 Livraison gratuite d\u00e8s CHF 29\",\"breadcrumb\":{\"@id\":\"https:\\\/\\\/theuncommonshop.ch\\\/fr\\\/product\\\/yu-gi-oh-starter-deck-xyz-symphony-en-2\\\/#breadcrumb\"},\"inLanguage\":\"fr-FR\",\"potentialAction\":[{\"@type\":\"ReadAction\",\"target\":[\"https:\\\/\\\/theuncommonshop.ch\\\/fr\\\/product\\\/yu-gi-oh-starter-deck-xyz-symphony-en-2\\\/\"]}]},{\"@type\":\"ImageObject\",\"inLanguage\":\"fr-FR\",\"@id\":\"https:\\\/\\\/theuncommonshop.ch\\\/fr\\\/product\\\/yu-gi-oh-starter-deck-xyz-symphony-en-2\\\/#primaryimage\",\"url\":\"https:\\\/\\\/theuncommonshop.ch\\\/wp-content\\\/uploads\\\/2025\\\/06\\\/1452054128.jpg\",\"contentUrl\":\"https:\\\/\\\/theuncommonshop.ch\\\/wp-content\\\/uploads\\\/2025\\\/06\\\/1452054128.jpg\",\"width\":299,\"height\":500},{\"@type\":\"BreadcrumbList\",\"@id\":\"https:\\\/\\\/theuncommonshop.ch\\\/fr\\\/product\\\/yu-gi-oh-starter-deck-xyz-symphony-en-2\\\/#breadcrumb\",\"itemListElement\":[{\"@type\":\"ListItem\",\"position\":1,\"name\":\"Accueil\",\"item\":\"https:\\\/\\\/theuncommonshop.ch\\\/fr\\\/accueil\\\/\"},{\"@type\":\"ListItem\",\"position\":2,\"name\":\"Boutique\",\"item\":\"https:\\\/\\\/theuncommonshop.ch\\\/fr\\\/boutique\\\/\"},{\"@type\":\"ListItem\",\"position\":3,\"name\":\"Yu-Gi-Oh!\",\"item\":\"https:\\\/\\\/theuncommonshop.ch\\\/fr\\\/categorie-produit\\\/yu-gi-oh-fr\\\/\"},{\"@type\":\"ListItem\",\"position\":4,\"name\":\"Decks\",\"item\":\"https:\\\/\\\/theuncommonshop.ch\\\/fr\\\/categorie-produit\\\/yu-gi-oh-fr\\\/decks-yugioh\\\/\"},{\"@type\":\"ListItem\",\"position\":5,\"name\":\"Yu-Gi-Oh ! &#8211; XYZ Symphony &#8211; Starter Deck\"}]},{\"@type\":\"WebSite\",\"@id\":\"https:\\\/\\\/theuncommonshop.ch\\\/#website\",\"url\":\"https:\\\/\\\/theuncommonshop.ch\\\/\",\"name\":\"Largest trading card shop in Switzerland\",\"description\":\"Magic, Pok\u00e9mon and Yu-gi-oh - The Uncommon Shop\",\"potentialAction\":[{\"@type\":\"SearchAction\",\"target\":{\"@type\":\"EntryPoint\",\"urlTemplate\":\"https:\\\/\\\/theuncommonshop.ch\\\/?s={search_term_string}\"},\"query-input\":{\"@type\":\"PropertyValueSpecification\",\"valueRequired\":true,\"valueName\":\"search_term_string\"}}],\"inLanguage\":\"fr-FR\"}]}<\/script>\n<meta property=\"og:availability\" content=\"instock\" \/>\n<meta property=\"product:availability\" content=\"instock\" \/>\n<meta property=\"product:retailer_item_id\" content=\"YGO.III.B.SDXYZDeck.EN\" \/>\n<meta property=\"product:condition\" content=\"new\" \/>\n<!-- \/ Yoast SEO plugin. -->","yoast_head_json":{"title":"Ach\u00e8te Yu-Gi-Oh ! - XYZ Symphony - Starter Deck","description":"Ach\u00e8te Yu-Gi-Oh ! - XYZ Symphony - Starter Deck en ligne maintenant \u00e0 petit prix! Ton #1 shop pour cartes TCG & Pok\u00e9mon en Suisse \u2713 Livraison gratuite d\u00e8s CHF 29","robots":{"index":"index","follow":"follow","max-snippet":"max-snippet:-1","max-image-preview":"max-image-preview:large","max-video-preview":"max-video-preview:-1"},"canonical":"https:\/\/theuncommonshop.ch\/fr\/product\/yu-gi-oh-starter-deck-xyz-symphony-en-2\/","og_locale":"fr_FR","og_type":"article","og_title":"Ach\u00e8te Yu-Gi-Oh ! - XYZ Symphony - Starter Deck","og_description":"Ach\u00e8te Yu-Gi-Oh ! - XYZ Symphony - Starter Deck en ligne maintenant \u00e0 petit prix! Ton #1 shop pour cartes TCG & Pok\u00e9mon en Suisse \u2713 Livraison gratuite d\u00e8s CHF 29","og_url":"https:\/\/theuncommonshop.ch\/fr\/product\/yu-gi-oh-starter-deck-xyz-symphony-en-2\/","og_site_name":"Largest trading card shop in Switzerland","article_modified_time":"2026-03-29T13:21:26+00:00","og_image":[{"width":299,"height":500,"url":"https:\/\/theuncommonshop.ch\/wp-content\/uploads\/2025\/06\/1452054128.jpg","type":"image\/jpeg"}],"twitter_card":"summary_large_image","twitter_misc":{"Disponibilit\u00e9":"En stock"},"schema":{"@context":"https:\/\/schema.org","@graph":[{"@type":"WebPage","@id":"https:\/\/theuncommonshop.ch\/fr\/product\/yu-gi-oh-starter-deck-xyz-symphony-en-2\/","url":"https:\/\/theuncommonshop.ch\/fr\/product\/yu-gi-oh-starter-deck-xyz-symphony-en-2\/","name":"Ach\u00e8te Yu-Gi-Oh ! - XYZ Symphony - Starter Deck","isPartOf":{"@id":"https:\/\/theuncommonshop.ch\/#website"},"primaryImageOfPage":{"@id":"https:\/\/theuncommonshop.ch\/fr\/product\/yu-gi-oh-starter-deck-xyz-symphony-en-2\/#primaryimage"},"image":{"@id":"https:\/\/theuncommonshop.ch\/fr\/product\/yu-gi-oh-starter-deck-xyz-symphony-en-2\/#primaryimage"},"thumbnailUrl":"https:\/\/theuncommonshop.ch\/wp-content\/uploads\/2025\/06\/1452054128.jpg","datePublished":"2025-06-02T18:39:33+00:00","dateModified":"2026-03-29T13:21:26+00:00","description":"Ach\u00e8te Yu-Gi-Oh ! - XYZ Symphony - Starter Deck en ligne maintenant \u00e0 petit prix! Ton #1 shop pour cartes TCG & Pok\u00e9mon en Suisse \u2713 Livraison gratuite d\u00e8s CHF 29","breadcrumb":{"@id":"https:\/\/theuncommonshop.ch\/fr\/product\/yu-gi-oh-starter-deck-xyz-symphony-en-2\/#breadcrumb"},"inLanguage":"fr-FR","potentialAction":[{"@type":"ReadAction","target":["https:\/\/theuncommonshop.ch\/fr\/product\/yu-gi-oh-starter-deck-xyz-symphony-en-2\/"]}]},{"@type":"ImageObject","inLanguage":"fr-FR","@id":"https:\/\/theuncommonshop.ch\/fr\/product\/yu-gi-oh-starter-deck-xyz-symphony-en-2\/#primaryimage","url":"https:\/\/theuncommonshop.ch\/wp-content\/uploads\/2025\/06\/1452054128.jpg","contentUrl":"https:\/\/theuncommonshop.ch\/wp-content\/uploads\/2025\/06\/1452054128.jpg","width":299,"height":500},{"@type":"BreadcrumbList","@id":"https:\/\/theuncommonshop.ch\/fr\/product\/yu-gi-oh-starter-deck-xyz-symphony-en-2\/#breadcrumb","itemListElement":[{"@type":"ListItem","position":1,"name":"Accueil","item":"https:\/\/theuncommonshop.ch\/fr\/accueil\/"},{"@type":"ListItem","position":2,"name":"Boutique","item":"https:\/\/theuncommonshop.ch\/fr\/boutique\/"},{"@type":"ListItem","position":3,"name":"Yu-Gi-Oh!","item":"https:\/\/theuncommonshop.ch\/fr\/categorie-produit\/yu-gi-oh-fr\/"},{"@type":"ListItem","position":4,"name":"Decks","item":"https:\/\/theuncommonshop.ch\/fr\/categorie-produit\/yu-gi-oh-fr\/decks-yugioh\/"},{"@type":"ListItem","position":5,"name":"Yu-Gi-Oh ! &#8211; XYZ Symphony &#8211; Starter Deck"}]},{"@type":"WebSite","@id":"https:\/\/theuncommonshop.ch\/#website","url":"https:\/\/theuncommonshop.ch\/","name":"Largest trading card shop in Switzerland","description":"Magic, Pok\u00e9mon and Yu-gi-oh - The Uncommon Shop","potentialAction":[{"@type":"SearchAction","target":{"@type":"EntryPoint","urlTemplate":"https:\/\/theuncommonshop.ch\/?s={search_term_string}"},"query-input":{"@type":"PropertyValueSpecification","valueRequired":true,"valueName":"search_term_string"}}],"inLanguage":"fr-FR"}]},"og_availability":"instock","product_availability":"instock","product_retailer_item_id":"YGO.III.B.SDXYZDeck.EN","product_condition":"new"},"_links":{"self":[{"href":"https:\/\/theuncommonshop.ch\/fr\/wp-json\/wp\/v2\/product\/329593","targetHints":{"allow":["GET"]}}],"collection":[{"href":"https:\/\/theuncommonshop.ch\/fr\/wp-json\/wp\/v2\/product"}],"about":[{"href":"https:\/\/theuncommonshop.ch\/fr\/wp-json\/wp\/v2\/types\/product"}],"replies":[{"embeddable":true,"href":"https:\/\/theuncommonshop.ch\/fr\/wp-json\/wp\/v2\/comments?post=329593"}],"version-history":[{"count":3,"href":"https:\/\/theuncommonshop.ch\/fr\/wp-json\/wp\/v2\/product\/329593\/revisions"}],"predecessor-version":[{"id":359682,"href":"https:\/\/theuncommonshop.ch\/fr\/wp-json\/wp\/v2\/product\/329593\/revisions\/359682"}],"wp:featuredmedia":[{"embeddable":true,"href":"https:\/\/theuncommonshop.ch\/fr\/wp-json\/wp\/v2\/media\/44874"}],"wp:attachment":[{"href":"https:\/\/theuncommonshop.ch\/fr\/wp-json\/wp\/v2\/media?parent=329593"}],"wp:term":[{"taxonomy":"product_brand","embeddable":true,"href":"https:\/\/theuncommonshop.ch\/fr\/wp-json\/wp\/v2\/product_brand?post=329593"},{"taxonomy":"product_cat","embeddable":true,"href":"https:\/\/theuncommonshop.ch\/fr\/wp-json\/wp\/v2\/product_cat?post=329593"},{"taxonomy":"product_tag","embeddable":true,"href":"https:\/\/theuncommonshop.ch\/fr\/wp-json\/wp\/v2\/product_tag?post=329593"}],"curies":[{"name":"wp","href":"https:\/\/api.w.org\/{rel}","templated":true}]}}