{"id":329577,"date":"2025-06-02T17:52:40","date_gmt":"2025-06-02T15:52:40","guid":{"rendered":"http:\/\/theuncommonshop.ch\/produkt\/329577\/"},"modified":"2026-03-28T16:18:16","modified_gmt":"2026-03-28T15:18:16","slug":"oakie-doakie-dice-w20-spindown-wuerfel-set-metal-2","status":"publish","type":"product","link":"https:\/\/theuncommonshop.ch\/fr\/product\/oakie-doakie-dice-w20-spindown-wuerfel-set-metal-2\/","title":{"rendered":"Oakie Doakie &#8211; Jeu de d\u00e9s W20 Spindown &#8211; M\u00e9tal"},"content":{"rendered":"<p>Nos cubes W20 Spindown facilitent grandement le comptage !<\/p>\n<p>Les cubes W20 Spindown sont disponibles par lots de 5 et peuvent \u00eatre emport\u00e9s partout pour jouer gr\u00e2ce \u00e0 leur emballage robuste et de haute qualit\u00e9 avec compartiment amovible. Id\u00e9al pour d\u00e9compter les points de vie dans les jeux de cartes ! <\/p>\n<p>Les cubes en m\u00e9tal sont disponibles dans diff\u00e9rents looks comme l&#8217;or, l&#8217;argent ou le bronze. Le mat\u00e9riau sp\u00e9cial se refl\u00e8te \u00e9galement dans leur poids, ce qui les rend particuli\u00e8rement agr\u00e9ables \u00e0 tenir en main. Que vous ayez toujours \u00e9t\u00e9 un m\u00e9tallurgiste ou que vous aimiez investir votre argent dans des m\u00e9taux pr\u00e9cieux, ce cube est fait pour vous !    <\/p>\n","protected":false},"excerpt":{"rendered":"<p>Nos cubes W20 Spindown facilitent grandement le comptage ! Les cubes W20 Spindown sont disponibles par lots de 5 et<\/p>\n","protected":false},"featured_media":43348,"comment_status":"open","ping_status":"closed","template":"","meta":{"_acf_changed":false},"product_brand":[5108],"product_cat":[9859,9869],"product_tag":[],"class_list":{"0":"post-329577","1":"product","2":"type-product","3":"status-publish","4":"has-post-thumbnail","6":"product_brand-oakie-doakie","7":"product_cat-accessoires-tcg","8":"product_cat-des","10":"first","11":"outofstock","12":"taxable","13":"shipping-taxable","14":"purchasable","15":"product-type-simple"},"acf":[],"yoast_head":"<!-- This site is optimized with the Yoast SEO plugin v27.5 - https:\/\/yoast.com\/product\/yoast-seo-wordpress\/ -->\n<title>Ach\u00e8te Oakie Doakie - Jeu de d\u00e9s W20 Spindown - M\u00e9tal<\/title>\n<meta name=\"description\" content=\"Ach\u00e8te Oakie Doakie - Jeu de d\u00e9s W20 Spindown - M\u00e9tal en ligne maintenant \u00e0 petit prix! Ton #1 shop pour cartes TCG &amp; Pok\u00e9mon en Suisse \u2713 Livraison gratuite d\u00e8s CHF 29\" \/>\n<meta name=\"robots\" content=\"index, follow, max-snippet:-1, max-image-preview:large, max-video-preview:-1\" \/>\n<link rel=\"canonical\" href=\"https:\/\/theuncommonshop.ch\/fr\/product\/oakie-doakie-dice-w20-spindown-wuerfel-set-metal-2\/\" \/>\n<meta property=\"og:locale\" content=\"fr_FR\" \/>\n<meta property=\"og:type\" content=\"article\" \/>\n<meta property=\"og:title\" content=\"Ach\u00e8te Oakie Doakie - Jeu de d\u00e9s W20 Spindown - M\u00e9tal\" \/>\n<meta property=\"og:description\" content=\"Ach\u00e8te Oakie Doakie - Jeu de d\u00e9s W20 Spindown - M\u00e9tal en ligne maintenant \u00e0 petit prix! Ton #1 shop pour cartes TCG &amp; Pok\u00e9mon en Suisse \u2713 Livraison gratuite d\u00e8s CHF 29\" \/>\n<meta property=\"og:url\" content=\"https:\/\/theuncommonshop.ch\/fr\/product\/oakie-doakie-dice-w20-spindown-wuerfel-set-metal-2\/\" \/>\n<meta property=\"og:site_name\" content=\"The Uncommon Shop\" \/>\n<meta property=\"article:modified_time\" content=\"2026-03-28T15:18:16+00:00\" \/>\n<meta property=\"og:image\" content=\"https:\/\/theuncommonshop.ch\/wp-content\/uploads\/2025\/06\/1383396308.jpg\" \/>\n\t<meta property=\"og:image:width\" content=\"1200\" \/>\n\t<meta property=\"og:image:height\" content=\"1200\" \/>\n\t<meta property=\"og:image:type\" content=\"image\/jpeg\" \/>\n<meta name=\"twitter:card\" content=\"summary_large_image\" \/>\n<meta name=\"twitter:label1\" content=\"Prix\" \/>\n\t<meta name=\"twitter:data1\" content=\"&#067;&#072;&#070;&nbsp;54.95\" \/>\n\t<meta name=\"twitter:label2\" content=\"Disponibilit\u00e9\" \/>\n\t<meta name=\"twitter:data2\" content=\"Rupture de stock\" \/>\n<script type=\"application\/ld+json\" class=\"yoast-schema-graph\">{\"@context\":\"https:\\\/\\\/schema.org\",\"@graph\":[{\"@type\":\"WebPage\",\"@id\":\"https:\\\/\\\/theuncommonshop.ch\\\/fr\\\/product\\\/oakie-doakie-dice-w20-spindown-wuerfel-set-metal-2\\\/\",\"url\":\"https:\\\/\\\/theuncommonshop.ch\\\/fr\\\/product\\\/oakie-doakie-dice-w20-spindown-wuerfel-set-metal-2\\\/\",\"name\":\"Ach\u00e8te Oakie Doakie - Jeu de d\u00e9s W20 Spindown - M\u00e9tal\",\"isPartOf\":{\"@id\":\"https:\\\/\\\/theuncommonshop.ch\\\/fr\\\/#website\"},\"primaryImageOfPage\":{\"@id\":\"https:\\\/\\\/theuncommonshop.ch\\\/fr\\\/product\\\/oakie-doakie-dice-w20-spindown-wuerfel-set-metal-2\\\/#primaryimage\"},\"image\":{\"@id\":\"https:\\\/\\\/theuncommonshop.ch\\\/fr\\\/product\\\/oakie-doakie-dice-w20-spindown-wuerfel-set-metal-2\\\/#primaryimage\"},\"thumbnailUrl\":\"https:\\\/\\\/theuncommonshop.ch\\\/wp-content\\\/uploads\\\/2025\\\/06\\\/1383396308.jpg\",\"datePublished\":\"2025-06-02T15:52:40+00:00\",\"dateModified\":\"2026-03-28T15:18:16+00:00\",\"description\":\"Ach\u00e8te Oakie Doakie - Jeu de d\u00e9s W20 Spindown - M\u00e9tal en ligne maintenant \u00e0 petit prix! Ton #1 shop pour cartes TCG & Pok\u00e9mon en Suisse \u2713 Livraison gratuite d\u00e8s CHF 29\",\"breadcrumb\":{\"@id\":\"https:\\\/\\\/theuncommonshop.ch\\\/fr\\\/product\\\/oakie-doakie-dice-w20-spindown-wuerfel-set-metal-2\\\/#breadcrumb\"},\"inLanguage\":\"fr-FR\",\"potentialAction\":[{\"@type\":\"ReadAction\",\"target\":[\"https:\\\/\\\/theuncommonshop.ch\\\/fr\\\/product\\\/oakie-doakie-dice-w20-spindown-wuerfel-set-metal-2\\\/\"]}]},{\"@type\":\"ImageObject\",\"inLanguage\":\"fr-FR\",\"@id\":\"https:\\\/\\\/theuncommonshop.ch\\\/fr\\\/product\\\/oakie-doakie-dice-w20-spindown-wuerfel-set-metal-2\\\/#primaryimage\",\"url\":\"https:\\\/\\\/theuncommonshop.ch\\\/wp-content\\\/uploads\\\/2025\\\/06\\\/1383396308.jpg\",\"contentUrl\":\"https:\\\/\\\/theuncommonshop.ch\\\/wp-content\\\/uploads\\\/2025\\\/06\\\/1383396308.jpg\",\"width\":1200,\"height\":1200},{\"@type\":\"BreadcrumbList\",\"@id\":\"https:\\\/\\\/theuncommonshop.ch\\\/fr\\\/product\\\/oakie-doakie-dice-w20-spindown-wuerfel-set-metal-2\\\/#breadcrumb\",\"itemListElement\":[{\"@type\":\"ListItem\",\"position\":1,\"name\":\"Accueil\",\"item\":\"https:\\\/\\\/theuncommonshop.ch\\\/fr\\\/accueil\\\/\"},{\"@type\":\"ListItem\",\"position\":2,\"name\":\"Boutique\",\"item\":\"https:\\\/\\\/theuncommonshop.ch\\\/fr\\\/boutique\\\/\"},{\"@type\":\"ListItem\",\"position\":3,\"name\":\"Accessoires TCG\",\"item\":\"https:\\\/\\\/theuncommonshop.ch\\\/fr\\\/categorie-produit\\\/accessoires-tcg\\\/\"},{\"@type\":\"ListItem\",\"position\":4,\"name\":\"D\u00e9s\",\"item\":\"https:\\\/\\\/theuncommonshop.ch\\\/fr\\\/categorie-produit\\\/accessoires-tcg\\\/des\\\/\"},{\"@type\":\"ListItem\",\"position\":5,\"name\":\"Oakie Doakie &#8211; Jeu de d\u00e9s W20 Spindown &#8211; M\u00e9tal\"}]},{\"@type\":\"WebSite\",\"@id\":\"https:\\\/\\\/theuncommonshop.ch\\\/fr\\\/#website\",\"url\":\"https:\\\/\\\/theuncommonshop.ch\\\/fr\\\/\",\"name\":\"The Uncommon Shop\",\"description\":\"Magic, Pok\u00e9mon and Yu-gi-oh - The Uncommon Shop\",\"potentialAction\":[{\"@type\":\"SearchAction\",\"target\":{\"@type\":\"EntryPoint\",\"urlTemplate\":\"https:\\\/\\\/theuncommonshop.ch\\\/fr\\\/?s={search_term_string}\"},\"query-input\":{\"@type\":\"PropertyValueSpecification\",\"valueRequired\":true,\"valueName\":\"search_term_string\"}}],\"inLanguage\":\"fr-FR\"}]}<\/script>\n<meta property=\"product:price:amount\" content=\"54.95\" \/>\n<meta property=\"product:price:currency\" content=\"CHF\" \/>\n<meta property=\"og:availability\" content=\"out of stock\" \/>\n<meta property=\"product:availability\" content=\"out of stock\" \/>\n<meta property=\"product:retailer_item_id\" content=\"Zub.IV.E.SpindownMetal\" \/>\n<meta property=\"product:condition\" content=\"new\" \/>\n<!-- \/ Yoast SEO plugin. -->","yoast_head_json":{"title":"Ach\u00e8te Oakie Doakie - Jeu de d\u00e9s W20 Spindown - M\u00e9tal","description":"Ach\u00e8te Oakie Doakie - Jeu de d\u00e9s W20 Spindown - M\u00e9tal en ligne maintenant \u00e0 petit prix! Ton #1 shop pour cartes TCG & Pok\u00e9mon en Suisse \u2713 Livraison gratuite d\u00e8s CHF 29","robots":{"index":"index","follow":"follow","max-snippet":"max-snippet:-1","max-image-preview":"max-image-preview:large","max-video-preview":"max-video-preview:-1"},"canonical":"https:\/\/theuncommonshop.ch\/fr\/product\/oakie-doakie-dice-w20-spindown-wuerfel-set-metal-2\/","og_locale":"fr_FR","og_type":"article","og_title":"Ach\u00e8te Oakie Doakie - Jeu de d\u00e9s W20 Spindown - M\u00e9tal","og_description":"Ach\u00e8te Oakie Doakie - Jeu de d\u00e9s W20 Spindown - M\u00e9tal en ligne maintenant \u00e0 petit prix! Ton #1 shop pour cartes TCG & Pok\u00e9mon en Suisse \u2713 Livraison gratuite d\u00e8s CHF 29","og_url":"https:\/\/theuncommonshop.ch\/fr\/product\/oakie-doakie-dice-w20-spindown-wuerfel-set-metal-2\/","og_site_name":"The Uncommon Shop","article_modified_time":"2026-03-28T15:18:16+00:00","og_image":[{"width":1200,"height":1200,"url":"https:\/\/theuncommonshop.ch\/wp-content\/uploads\/2025\/06\/1383396308.jpg","type":"image\/jpeg"}],"twitter_card":"summary_large_image","twitter_misc":{"Prix":"&#67;&#72;&#70;&nbsp;54.95","Disponibilit\u00e9":"Rupture de stock"},"schema":{"@context":"https:\/\/schema.org","@graph":[{"@type":"WebPage","@id":"https:\/\/theuncommonshop.ch\/fr\/product\/oakie-doakie-dice-w20-spindown-wuerfel-set-metal-2\/","url":"https:\/\/theuncommonshop.ch\/fr\/product\/oakie-doakie-dice-w20-spindown-wuerfel-set-metal-2\/","name":"Ach\u00e8te Oakie Doakie - Jeu de d\u00e9s W20 Spindown - M\u00e9tal","isPartOf":{"@id":"https:\/\/theuncommonshop.ch\/fr\/#website"},"primaryImageOfPage":{"@id":"https:\/\/theuncommonshop.ch\/fr\/product\/oakie-doakie-dice-w20-spindown-wuerfel-set-metal-2\/#primaryimage"},"image":{"@id":"https:\/\/theuncommonshop.ch\/fr\/product\/oakie-doakie-dice-w20-spindown-wuerfel-set-metal-2\/#primaryimage"},"thumbnailUrl":"https:\/\/theuncommonshop.ch\/wp-content\/uploads\/2025\/06\/1383396308.jpg","datePublished":"2025-06-02T15:52:40+00:00","dateModified":"2026-03-28T15:18:16+00:00","description":"Ach\u00e8te Oakie Doakie - Jeu de d\u00e9s W20 Spindown - M\u00e9tal en ligne maintenant \u00e0 petit prix! Ton #1 shop pour cartes TCG & Pok\u00e9mon en Suisse \u2713 Livraison gratuite d\u00e8s CHF 29","breadcrumb":{"@id":"https:\/\/theuncommonshop.ch\/fr\/product\/oakie-doakie-dice-w20-spindown-wuerfel-set-metal-2\/#breadcrumb"},"inLanguage":"fr-FR","potentialAction":[{"@type":"ReadAction","target":["https:\/\/theuncommonshop.ch\/fr\/product\/oakie-doakie-dice-w20-spindown-wuerfel-set-metal-2\/"]}]},{"@type":"ImageObject","inLanguage":"fr-FR","@id":"https:\/\/theuncommonshop.ch\/fr\/product\/oakie-doakie-dice-w20-spindown-wuerfel-set-metal-2\/#primaryimage","url":"https:\/\/theuncommonshop.ch\/wp-content\/uploads\/2025\/06\/1383396308.jpg","contentUrl":"https:\/\/theuncommonshop.ch\/wp-content\/uploads\/2025\/06\/1383396308.jpg","width":1200,"height":1200},{"@type":"BreadcrumbList","@id":"https:\/\/theuncommonshop.ch\/fr\/product\/oakie-doakie-dice-w20-spindown-wuerfel-set-metal-2\/#breadcrumb","itemListElement":[{"@type":"ListItem","position":1,"name":"Accueil","item":"https:\/\/theuncommonshop.ch\/fr\/accueil\/"},{"@type":"ListItem","position":2,"name":"Boutique","item":"https:\/\/theuncommonshop.ch\/fr\/boutique\/"},{"@type":"ListItem","position":3,"name":"Accessoires TCG","item":"https:\/\/theuncommonshop.ch\/fr\/categorie-produit\/accessoires-tcg\/"},{"@type":"ListItem","position":4,"name":"D\u00e9s","item":"https:\/\/theuncommonshop.ch\/fr\/categorie-produit\/accessoires-tcg\/des\/"},{"@type":"ListItem","position":5,"name":"Oakie Doakie &#8211; Jeu de d\u00e9s W20 Spindown &#8211; M\u00e9tal"}]},{"@type":"WebSite","@id":"https:\/\/theuncommonshop.ch\/fr\/#website","url":"https:\/\/theuncommonshop.ch\/fr\/","name":"The Uncommon Shop","description":"Magic, Pok\u00e9mon and Yu-gi-oh - The Uncommon Shop","potentialAction":[{"@type":"SearchAction","target":{"@type":"EntryPoint","urlTemplate":"https:\/\/theuncommonshop.ch\/fr\/?s={search_term_string}"},"query-input":{"@type":"PropertyValueSpecification","valueRequired":true,"valueName":"search_term_string"}}],"inLanguage":"fr-FR"}]},"product_price_amount":"54.95","product_price_currency":"CHF","og_availability":"out of stock","product_availability":"out of stock","product_retailer_item_id":"Zub.IV.E.SpindownMetal","product_condition":"new"},"_links":{"self":[{"href":"https:\/\/theuncommonshop.ch\/fr\/wp-json\/wp\/v2\/product\/329577","targetHints":{"allow":["GET"]}}],"collection":[{"href":"https:\/\/theuncommonshop.ch\/fr\/wp-json\/wp\/v2\/product"}],"about":[{"href":"https:\/\/theuncommonshop.ch\/fr\/wp-json\/wp\/v2\/types\/product"}],"replies":[{"embeddable":true,"href":"https:\/\/theuncommonshop.ch\/fr\/wp-json\/wp\/v2\/comments?post=329577"}],"version-history":[{"count":0,"href":"https:\/\/theuncommonshop.ch\/fr\/wp-json\/wp\/v2\/product\/329577\/revisions"}],"wp:featuredmedia":[{"embeddable":true,"href":"https:\/\/theuncommonshop.ch\/fr\/wp-json\/wp\/v2\/media\/43348"}],"wp:attachment":[{"href":"https:\/\/theuncommonshop.ch\/fr\/wp-json\/wp\/v2\/media?parent=329577"}],"wp:term":[{"taxonomy":"product_brand","embeddable":true,"href":"https:\/\/theuncommonshop.ch\/fr\/wp-json\/wp\/v2\/product_brand?post=329577"},{"taxonomy":"product_cat","embeddable":true,"href":"https:\/\/theuncommonshop.ch\/fr\/wp-json\/wp\/v2\/product_cat?post=329577"},{"taxonomy":"product_tag","embeddable":true,"href":"https:\/\/theuncommonshop.ch\/fr\/wp-json\/wp\/v2\/product_tag?post=329577"}],"curies":[{"name":"wp","href":"https:\/\/api.w.org\/{rel}","templated":true}]}}