{"id":329518,"date":"2025-06-02T17:47:33","date_gmt":"2025-06-02T15:47:33","guid":{"rendered":"http:\/\/theuncommonshop.ch\/produkt\/329518\/"},"modified":"2026-03-28T16:18:46","modified_gmt":"2026-03-28T15:18:46","slug":"gamegenic-value-pack-clear-200-2","status":"publish","type":"product","link":"https:\/\/theuncommonshop.ch\/fr\/product\/gamegenic-value-pack-clear-200-2\/","title":{"rendered":"Gamegenic &#8211; Value Packs &#8211; Clear (200)"},"content":{"rendered":"<p>On n&#8217;a jamais trop de Sleeves ! &#8211; Le Card Game Value Pack standard contient 200 manchons de taille standard pour prot\u00e9ger un grand nombre de cartes de jeu. Cela permet une protection professionnelle pour les grands decks TCG ou les jeux de soci\u00e9t\u00e9. Ces manchons sont fabriqu\u00e9s selon les m\u00eames normes de qualit\u00e9 que tous les Prime Board Game Sleeves.   <\/p>\n<ul>\n<li>200 Sleeves par pack<\/li>\n<li>Clart\u00e9 extra-haute<\/li>\n<li>Taille et ajustement id\u00e9aux<\/li>\n<li>Epaisseur renforc\u00e9e pour des manches solides<\/li>\n<li>Easy shuffling<\/li>\n<li>Sans acide, sans colorant. Pas de PVC <\/li>\n<\/ul>\n","protected":false},"excerpt":{"rendered":"<p>On n&#8217;a jamais trop de Sleeves ! &#8211; Le Card Game Value Pack standard contient 200 manchons de taille standard<\/p>\n","protected":false},"featured_media":43188,"comment_status":"open","ping_status":"closed","template":"","meta":{"_acf_changed":false},"product_brand":[5090],"product_cat":[9859,9861,10155],"product_tag":[],"class_list":{"0":"post-329518","1":"product","2":"type-product","3":"status-publish","4":"has-post-thumbnail","6":"product_brand-gamegenic","7":"product_cat-accessoires-tcg","8":"product_cat-sleeves-fr","9":"product_cat-taille-standard","11":"first","12":"instock","13":"taxable","14":"shipping-taxable","15":"purchasable","16":"product-type-simple"},"acf":[],"yoast_head":"<!-- This site is optimized with the Yoast SEO plugin v27.4 - https:\/\/yoast.com\/product\/yoast-seo-wordpress\/ -->\n<title>Ach\u00e8te Gamegenic - Value Packs - Clear (200)<\/title>\n<meta name=\"description\" content=\"Ach\u00e8te Gamegenic - Value Packs - Clear (200) en ligne maintenant \u00e0 petit prix! Ton #1 shop pour cartes TCG &amp; Pok\u00e9mon en Suisse \u2713 Livraison gratuite d\u00e8s CHF 29\" \/>\n<meta name=\"robots\" content=\"index, follow, max-snippet:-1, max-image-preview:large, max-video-preview:-1\" \/>\n<link rel=\"canonical\" href=\"https:\/\/theuncommonshop.ch\/fr\/product\/gamegenic-value-pack-clear-200-2\/\" \/>\n<meta property=\"og:locale\" content=\"fr_FR\" \/>\n<meta property=\"og:type\" content=\"article\" \/>\n<meta property=\"og:title\" content=\"Ach\u00e8te Gamegenic - Value Packs - Clear (200)\" \/>\n<meta property=\"og:description\" content=\"Ach\u00e8te Gamegenic - Value Packs - Clear (200) en ligne maintenant \u00e0 petit prix! Ton #1 shop pour cartes TCG &amp; Pok\u00e9mon en Suisse \u2713 Livraison gratuite d\u00e8s CHF 29\" \/>\n<meta property=\"og:url\" content=\"https:\/\/theuncommonshop.ch\/fr\/product\/gamegenic-value-pack-clear-200-2\/\" \/>\n<meta property=\"og:site_name\" content=\"The Uncommon Shop\" \/>\n<meta property=\"article:modified_time\" content=\"2026-03-28T15:18:46+00:00\" \/>\n<meta property=\"og:image\" content=\"https:\/\/theuncommonshop.ch\/wp-content\/uploads\/2025\/06\/1377835267.jpg\" \/>\n\t<meta property=\"og:image:width\" content=\"500\" \/>\n\t<meta property=\"og:image:height\" content=\"500\" \/>\n\t<meta property=\"og:image:type\" content=\"image\/jpeg\" \/>\n<meta name=\"twitter:card\" content=\"summary_large_image\" \/>\n<meta name=\"twitter:label1\" content=\"Prix\" \/>\n\t<meta name=\"twitter:data1\" content=\"&#067;&#072;&#070;&nbsp;11.95\" \/>\n\t<meta name=\"twitter:label2\" content=\"Disponibilit\u00e9\" \/>\n\t<meta name=\"twitter:data2\" content=\"En stock\" \/>\n<script type=\"application\/ld+json\" class=\"yoast-schema-graph\">{\"@context\":\"https:\\\/\\\/schema.org\",\"@graph\":[{\"@type\":\"WebPage\",\"@id\":\"https:\\\/\\\/theuncommonshop.ch\\\/fr\\\/product\\\/gamegenic-value-pack-clear-200-2\\\/\",\"url\":\"https:\\\/\\\/theuncommonshop.ch\\\/fr\\\/product\\\/gamegenic-value-pack-clear-200-2\\\/\",\"name\":\"Ach\u00e8te Gamegenic - Value Packs - Clear (200)\",\"isPartOf\":{\"@id\":\"https:\\\/\\\/theuncommonshop.ch\\\/fr\\\/#website\"},\"primaryImageOfPage\":{\"@id\":\"https:\\\/\\\/theuncommonshop.ch\\\/fr\\\/product\\\/gamegenic-value-pack-clear-200-2\\\/#primaryimage\"},\"image\":{\"@id\":\"https:\\\/\\\/theuncommonshop.ch\\\/fr\\\/product\\\/gamegenic-value-pack-clear-200-2\\\/#primaryimage\"},\"thumbnailUrl\":\"https:\\\/\\\/theuncommonshop.ch\\\/wp-content\\\/uploads\\\/2025\\\/06\\\/1377835267.jpg\",\"datePublished\":\"2025-06-02T15:47:33+00:00\",\"dateModified\":\"2026-03-28T15:18:46+00:00\",\"description\":\"Ach\u00e8te Gamegenic - Value Packs - Clear (200) en ligne maintenant \u00e0 petit prix! Ton #1 shop pour cartes TCG & Pok\u00e9mon en Suisse \u2713 Livraison gratuite d\u00e8s CHF 29\",\"breadcrumb\":{\"@id\":\"https:\\\/\\\/theuncommonshop.ch\\\/fr\\\/product\\\/gamegenic-value-pack-clear-200-2\\\/#breadcrumb\"},\"inLanguage\":\"fr-FR\",\"potentialAction\":[{\"@type\":\"ReadAction\",\"target\":[\"https:\\\/\\\/theuncommonshop.ch\\\/fr\\\/product\\\/gamegenic-value-pack-clear-200-2\\\/\"]}]},{\"@type\":\"ImageObject\",\"inLanguage\":\"fr-FR\",\"@id\":\"https:\\\/\\\/theuncommonshop.ch\\\/fr\\\/product\\\/gamegenic-value-pack-clear-200-2\\\/#primaryimage\",\"url\":\"https:\\\/\\\/theuncommonshop.ch\\\/wp-content\\\/uploads\\\/2025\\\/06\\\/1377835267.jpg\",\"contentUrl\":\"https:\\\/\\\/theuncommonshop.ch\\\/wp-content\\\/uploads\\\/2025\\\/06\\\/1377835267.jpg\",\"width\":500,\"height\":500},{\"@type\":\"BreadcrumbList\",\"@id\":\"https:\\\/\\\/theuncommonshop.ch\\\/fr\\\/product\\\/gamegenic-value-pack-clear-200-2\\\/#breadcrumb\",\"itemListElement\":[{\"@type\":\"ListItem\",\"position\":1,\"name\":\"Accueil\",\"item\":\"https:\\\/\\\/theuncommonshop.ch\\\/fr\\\/accueil\\\/\"},{\"@type\":\"ListItem\",\"position\":2,\"name\":\"Boutique\",\"item\":\"https:\\\/\\\/theuncommonshop.ch\\\/fr\\\/boutique\\\/\"},{\"@type\":\"ListItem\",\"position\":3,\"name\":\"Accessoires TCG\",\"item\":\"https:\\\/\\\/theuncommonshop.ch\\\/fr\\\/categorie-produit\\\/accessoires-tcg\\\/\"},{\"@type\":\"ListItem\",\"position\":4,\"name\":\"Sleeves\",\"item\":\"https:\\\/\\\/theuncommonshop.ch\\\/fr\\\/categorie-produit\\\/accessoires-tcg\\\/sleeves-fr\\\/\"},{\"@type\":\"ListItem\",\"position\":5,\"name\":\"Taille standard\",\"item\":\"https:\\\/\\\/theuncommonshop.ch\\\/fr\\\/categorie-produit\\\/accessoires-tcg\\\/sleeves-fr\\\/taille-standard\\\/\"},{\"@type\":\"ListItem\",\"position\":6,\"name\":\"Gamegenic &#8211; Value Packs &#8211; Clear (200)\"}]},{\"@type\":\"WebSite\",\"@id\":\"https:\\\/\\\/theuncommonshop.ch\\\/fr\\\/#website\",\"url\":\"https:\\\/\\\/theuncommonshop.ch\\\/fr\\\/\",\"name\":\"The Uncommon Shop\",\"description\":\"Magic, Pok\u00e9mon and Yu-gi-oh - The Uncommon Shop\",\"potentialAction\":[{\"@type\":\"SearchAction\",\"target\":{\"@type\":\"EntryPoint\",\"urlTemplate\":\"https:\\\/\\\/theuncommonshop.ch\\\/fr\\\/?s={search_term_string}\"},\"query-input\":{\"@type\":\"PropertyValueSpecification\",\"valueRequired\":true,\"valueName\":\"search_term_string\"}}],\"inLanguage\":\"fr-FR\"}]}<\/script>\n<meta property=\"product:price:amount\" content=\"11.95\" \/>\n<meta property=\"product:price:currency\" content=\"CHF\" \/>\n<meta property=\"og:availability\" content=\"instock\" \/>\n<meta property=\"product:availability\" content=\"instock\" \/>\n<meta property=\"product:retailer_item_id\" content=\"ZU.II.B.ValuePack\" \/>\n<meta property=\"product:condition\" content=\"new\" \/>\n<!-- \/ Yoast SEO plugin. -->","yoast_head_json":{"title":"Ach\u00e8te Gamegenic - Value Packs - Clear (200)","description":"Ach\u00e8te Gamegenic - Value Packs - Clear (200) en ligne maintenant \u00e0 petit prix! Ton #1 shop pour cartes TCG & Pok\u00e9mon en Suisse \u2713 Livraison gratuite d\u00e8s CHF 29","robots":{"index":"index","follow":"follow","max-snippet":"max-snippet:-1","max-image-preview":"max-image-preview:large","max-video-preview":"max-video-preview:-1"},"canonical":"https:\/\/theuncommonshop.ch\/fr\/product\/gamegenic-value-pack-clear-200-2\/","og_locale":"fr_FR","og_type":"article","og_title":"Ach\u00e8te Gamegenic - Value Packs - Clear (200)","og_description":"Ach\u00e8te Gamegenic - Value Packs - Clear (200) en ligne maintenant \u00e0 petit prix! Ton #1 shop pour cartes TCG & Pok\u00e9mon en Suisse \u2713 Livraison gratuite d\u00e8s CHF 29","og_url":"https:\/\/theuncommonshop.ch\/fr\/product\/gamegenic-value-pack-clear-200-2\/","og_site_name":"The Uncommon Shop","article_modified_time":"2026-03-28T15:18:46+00:00","og_image":[{"width":500,"height":500,"url":"https:\/\/theuncommonshop.ch\/wp-content\/uploads\/2025\/06\/1377835267.jpg","type":"image\/jpeg"}],"twitter_card":"summary_large_image","twitter_misc":{"Prix":"&#67;&#72;&#70;&nbsp;11.95","Disponibilit\u00e9":"En stock"},"schema":{"@context":"https:\/\/schema.org","@graph":[{"@type":"WebPage","@id":"https:\/\/theuncommonshop.ch\/fr\/product\/gamegenic-value-pack-clear-200-2\/","url":"https:\/\/theuncommonshop.ch\/fr\/product\/gamegenic-value-pack-clear-200-2\/","name":"Ach\u00e8te Gamegenic - Value Packs - Clear (200)","isPartOf":{"@id":"https:\/\/theuncommonshop.ch\/fr\/#website"},"primaryImageOfPage":{"@id":"https:\/\/theuncommonshop.ch\/fr\/product\/gamegenic-value-pack-clear-200-2\/#primaryimage"},"image":{"@id":"https:\/\/theuncommonshop.ch\/fr\/product\/gamegenic-value-pack-clear-200-2\/#primaryimage"},"thumbnailUrl":"https:\/\/theuncommonshop.ch\/wp-content\/uploads\/2025\/06\/1377835267.jpg","datePublished":"2025-06-02T15:47:33+00:00","dateModified":"2026-03-28T15:18:46+00:00","description":"Ach\u00e8te Gamegenic - Value Packs - Clear (200) en ligne maintenant \u00e0 petit prix! Ton #1 shop pour cartes TCG & Pok\u00e9mon en Suisse \u2713 Livraison gratuite d\u00e8s CHF 29","breadcrumb":{"@id":"https:\/\/theuncommonshop.ch\/fr\/product\/gamegenic-value-pack-clear-200-2\/#breadcrumb"},"inLanguage":"fr-FR","potentialAction":[{"@type":"ReadAction","target":["https:\/\/theuncommonshop.ch\/fr\/product\/gamegenic-value-pack-clear-200-2\/"]}]},{"@type":"ImageObject","inLanguage":"fr-FR","@id":"https:\/\/theuncommonshop.ch\/fr\/product\/gamegenic-value-pack-clear-200-2\/#primaryimage","url":"https:\/\/theuncommonshop.ch\/wp-content\/uploads\/2025\/06\/1377835267.jpg","contentUrl":"https:\/\/theuncommonshop.ch\/wp-content\/uploads\/2025\/06\/1377835267.jpg","width":500,"height":500},{"@type":"BreadcrumbList","@id":"https:\/\/theuncommonshop.ch\/fr\/product\/gamegenic-value-pack-clear-200-2\/#breadcrumb","itemListElement":[{"@type":"ListItem","position":1,"name":"Accueil","item":"https:\/\/theuncommonshop.ch\/fr\/accueil\/"},{"@type":"ListItem","position":2,"name":"Boutique","item":"https:\/\/theuncommonshop.ch\/fr\/boutique\/"},{"@type":"ListItem","position":3,"name":"Accessoires TCG","item":"https:\/\/theuncommonshop.ch\/fr\/categorie-produit\/accessoires-tcg\/"},{"@type":"ListItem","position":4,"name":"Sleeves","item":"https:\/\/theuncommonshop.ch\/fr\/categorie-produit\/accessoires-tcg\/sleeves-fr\/"},{"@type":"ListItem","position":5,"name":"Taille standard","item":"https:\/\/theuncommonshop.ch\/fr\/categorie-produit\/accessoires-tcg\/sleeves-fr\/taille-standard\/"},{"@type":"ListItem","position":6,"name":"Gamegenic &#8211; Value Packs &#8211; Clear (200)"}]},{"@type":"WebSite","@id":"https:\/\/theuncommonshop.ch\/fr\/#website","url":"https:\/\/theuncommonshop.ch\/fr\/","name":"The Uncommon Shop","description":"Magic, Pok\u00e9mon and Yu-gi-oh - The Uncommon Shop","potentialAction":[{"@type":"SearchAction","target":{"@type":"EntryPoint","urlTemplate":"https:\/\/theuncommonshop.ch\/fr\/?s={search_term_string}"},"query-input":{"@type":"PropertyValueSpecification","valueRequired":true,"valueName":"search_term_string"}}],"inLanguage":"fr-FR"}]},"product_price_amount":"11.95","product_price_currency":"CHF","og_availability":"instock","product_availability":"instock","product_retailer_item_id":"ZU.II.B.ValuePack","product_condition":"new"},"_links":{"self":[{"href":"https:\/\/theuncommonshop.ch\/fr\/wp-json\/wp\/v2\/product\/329518","targetHints":{"allow":["GET"]}}],"collection":[{"href":"https:\/\/theuncommonshop.ch\/fr\/wp-json\/wp\/v2\/product"}],"about":[{"href":"https:\/\/theuncommonshop.ch\/fr\/wp-json\/wp\/v2\/types\/product"}],"replies":[{"embeddable":true,"href":"https:\/\/theuncommonshop.ch\/fr\/wp-json\/wp\/v2\/comments?post=329518"}],"version-history":[{"count":0,"href":"https:\/\/theuncommonshop.ch\/fr\/wp-json\/wp\/v2\/product\/329518\/revisions"}],"wp:featuredmedia":[{"embeddable":true,"href":"https:\/\/theuncommonshop.ch\/fr\/wp-json\/wp\/v2\/media\/43188"}],"wp:attachment":[{"href":"https:\/\/theuncommonshop.ch\/fr\/wp-json\/wp\/v2\/media?parent=329518"}],"wp:term":[{"taxonomy":"product_brand","embeddable":true,"href":"https:\/\/theuncommonshop.ch\/fr\/wp-json\/wp\/v2\/product_brand?post=329518"},{"taxonomy":"product_cat","embeddable":true,"href":"https:\/\/theuncommonshop.ch\/fr\/wp-json\/wp\/v2\/product_cat?post=329518"},{"taxonomy":"product_tag","embeddable":true,"href":"https:\/\/theuncommonshop.ch\/fr\/wp-json\/wp\/v2\/product_tag?post=329518"}],"curies":[{"name":"wp","href":"https:\/\/api.w.org\/{rel}","templated":true}]}}