{"id":329388,"date":"2025-06-03T04:37:22","date_gmt":"2025-06-03T04:37:22","guid":{"rendered":"http:\/\/theuncommonshop.ch\/produkt\/329388\/"},"modified":"2026-03-31T15:12:05","modified_gmt":"2026-03-31T13:12:05","slug":"digimon-wargreymon-playmat-booster-pb-03-en-2","status":"publish","type":"product","link":"https:\/\/theuncommonshop.ch\/fr\/product\/digimon-wargreymon-playmat-booster-pb-03-en-2\/","title":{"rendered":"Digimon &#8211; WarGreymon Playmat + Booster PB-03"},"content":{"rendered":"<p>Tapis de jeu (Playmat) de haute qualit\u00e9 pour tous les fans de Digimon. Le tapis de jeu est caoutchout\u00e9 et antid\u00e9rapant, garantissant une adh\u00e9rence parfaite. Id\u00e9al pour prot\u00e9ger les cartes pendant le jeu.  <\/p>\n<p>Taille : environ 50 x 35 cm<\/p>\n","protected":false},"excerpt":{"rendered":"<p>Tapis de jeu (Playmat) de haute qualit\u00e9 pour tous les fans de Digimon. Le tapis de jeu est caoutchout\u00e9 et<\/p>\n","protected":false},"featured_media":64443,"comment_status":"open","ping_status":"closed","template":"","meta":{"_acf_changed":false},"product_brand":[5100,5162],"product_cat":[10019,10273,10015,9789],"product_tag":[],"class_list":{"0":"post-329388","1":"product","2":"type-product","3":"status-publish","4":"has-post-thumbnail","6":"product_brand-bandai-tcg","7":"product_brand-digimon-card-game","8":"product_cat-accessoires","9":"product_cat-autres-tapis-de-jeu-tcg","10":"product_cat-coffrets-et-collections-digimon","11":"product_cat-digimon-fr","13":"first","14":"instock","15":"taxable","16":"shipping-taxable","17":"purchasable","18":"product-type-variable"},"acf":[],"yoast_head":"<!-- This site is optimized with the Yoast SEO plugin v27.4 - https:\/\/yoast.com\/product\/yoast-seo-wordpress\/ -->\n<title>Ach\u00e8te Digimon - WarGreymon Playmat + Booster PB-03<\/title>\n<meta name=\"description\" content=\"Ach\u00e8te Digimon - WarGreymon Playmat + Booster PB-03 en ligne maintenant \u00e0 petit prix! Ton #1 shop pour cartes TCG &amp; Pok\u00e9mon en Suisse \u2713 Livraison gratuite d\u00e8s CHF 29\" \/>\n<meta name=\"robots\" content=\"index, follow, max-snippet:-1, max-image-preview:large, max-video-preview:-1\" \/>\n<link rel=\"canonical\" href=\"https:\/\/theuncommonshop.ch\/fr\/product\/digimon-wargreymon-playmat-booster-pb-03-en-2\/\" \/>\n<meta property=\"og:locale\" content=\"fr_FR\" \/>\n<meta property=\"og:type\" content=\"article\" \/>\n<meta property=\"og:title\" content=\"Ach\u00e8te Digimon - WarGreymon Playmat + Booster PB-03\" \/>\n<meta property=\"og:description\" content=\"Ach\u00e8te Digimon - WarGreymon Playmat + Booster PB-03 en ligne maintenant \u00e0 petit prix! Ton #1 shop pour cartes TCG &amp; Pok\u00e9mon en Suisse \u2713 Livraison gratuite d\u00e8s CHF 29\" \/>\n<meta property=\"og:url\" content=\"https:\/\/theuncommonshop.ch\/fr\/product\/digimon-wargreymon-playmat-booster-pb-03-en-2\/\" \/>\n<meta property=\"og:site_name\" content=\"Largest trading card shop in Switzerland\" \/>\n<meta property=\"article:modified_time\" content=\"2026-03-31T13:12:05+00:00\" \/>\n<meta property=\"og:image\" content=\"https:\/\/theuncommonshop.ch\/wp-content\/uploads\/2025\/06\/2676888774.jpg\" \/>\n\t<meta property=\"og:image:width\" content=\"1129\" \/>\n\t<meta property=\"og:image:height\" content=\"795\" \/>\n\t<meta property=\"og:image:type\" content=\"image\/jpeg\" \/>\n<meta name=\"twitter:card\" content=\"summary_large_image\" \/>\n<meta name=\"twitter:label1\" content=\"Disponibilit\u00e9\" \/>\n\t<meta name=\"twitter:data1\" content=\"En stock\" \/>\n<script type=\"application\/ld+json\" class=\"yoast-schema-graph\">{\"@context\":\"https:\\\/\\\/schema.org\",\"@graph\":[{\"@type\":\"WebPage\",\"@id\":\"https:\\\/\\\/theuncommonshop.ch\\\/fr\\\/product\\\/digimon-wargreymon-playmat-booster-pb-03-en-2\\\/\",\"url\":\"https:\\\/\\\/theuncommonshop.ch\\\/fr\\\/product\\\/digimon-wargreymon-playmat-booster-pb-03-en-2\\\/\",\"name\":\"Ach\u00e8te Digimon - WarGreymon Playmat + Booster PB-03\",\"isPartOf\":{\"@id\":\"https:\\\/\\\/theuncommonshop.ch\\\/#website\"},\"primaryImageOfPage\":{\"@id\":\"https:\\\/\\\/theuncommonshop.ch\\\/fr\\\/product\\\/digimon-wargreymon-playmat-booster-pb-03-en-2\\\/#primaryimage\"},\"image\":{\"@id\":\"https:\\\/\\\/theuncommonshop.ch\\\/fr\\\/product\\\/digimon-wargreymon-playmat-booster-pb-03-en-2\\\/#primaryimage\"},\"thumbnailUrl\":\"https:\\\/\\\/theuncommonshop.ch\\\/wp-content\\\/uploads\\\/2025\\\/06\\\/2676888774.jpg\",\"datePublished\":\"2025-06-03T04:37:22+00:00\",\"dateModified\":\"2026-03-31T13:12:05+00:00\",\"description\":\"Ach\u00e8te Digimon - WarGreymon Playmat + Booster PB-03 en ligne maintenant \u00e0 petit prix! Ton #1 shop pour cartes TCG & Pok\u00e9mon en Suisse \u2713 Livraison gratuite d\u00e8s CHF 29\",\"breadcrumb\":{\"@id\":\"https:\\\/\\\/theuncommonshop.ch\\\/fr\\\/product\\\/digimon-wargreymon-playmat-booster-pb-03-en-2\\\/#breadcrumb\"},\"inLanguage\":\"fr-FR\",\"potentialAction\":[{\"@type\":\"ReadAction\",\"target\":[\"https:\\\/\\\/theuncommonshop.ch\\\/fr\\\/product\\\/digimon-wargreymon-playmat-booster-pb-03-en-2\\\/\"]}]},{\"@type\":\"ImageObject\",\"inLanguage\":\"fr-FR\",\"@id\":\"https:\\\/\\\/theuncommonshop.ch\\\/fr\\\/product\\\/digimon-wargreymon-playmat-booster-pb-03-en-2\\\/#primaryimage\",\"url\":\"https:\\\/\\\/theuncommonshop.ch\\\/wp-content\\\/uploads\\\/2025\\\/06\\\/2676888774.jpg\",\"contentUrl\":\"https:\\\/\\\/theuncommonshop.ch\\\/wp-content\\\/uploads\\\/2025\\\/06\\\/2676888774.jpg\",\"width\":1129,\"height\":795},{\"@type\":\"BreadcrumbList\",\"@id\":\"https:\\\/\\\/theuncommonshop.ch\\\/fr\\\/product\\\/digimon-wargreymon-playmat-booster-pb-03-en-2\\\/#breadcrumb\",\"itemListElement\":[{\"@type\":\"ListItem\",\"position\":1,\"name\":\"Accueil\",\"item\":\"https:\\\/\\\/theuncommonshop.ch\\\/fr\\\/accueil\\\/\"},{\"@type\":\"ListItem\",\"position\":2,\"name\":\"Boutique\",\"item\":\"https:\\\/\\\/theuncommonshop.ch\\\/fr\\\/boutique\\\/\"},{\"@type\":\"ListItem\",\"position\":3,\"name\":\"TCG Zubeh\u00f6r\",\"item\":\"https:\\\/\\\/theuncommonshop.ch\\\/produktkategorie\\\/tcg-zubehoer\\\/\"},{\"@type\":\"ListItem\",\"position\":4,\"name\":\"Playmats\",\"item\":\"https:\\\/\\\/theuncommonshop.ch\\\/produktkategorie\\\/tcg-zubehoer\\\/playmats\\\/\"},{\"@type\":\"ListItem\",\"position\":5,\"name\":\"Weitere TCG Playmats\",\"item\":\"https:\\\/\\\/theuncommonshop.ch\\\/produktkategorie\\\/tcg-zubehoer\\\/playmats\\\/ohter-tcg-playmats\\\/\"},{\"@type\":\"ListItem\",\"position\":6,\"name\":\"Digimon &#8211; WarGreymon Playmat + Booster PB-03\"}]},{\"@type\":\"WebSite\",\"@id\":\"https:\\\/\\\/theuncommonshop.ch\\\/#website\",\"url\":\"https:\\\/\\\/theuncommonshop.ch\\\/\",\"name\":\"Largest trading card shop in Switzerland\",\"description\":\"Magic, Pok\u00e9mon and Yu-gi-oh - The Uncommon Shop\",\"potentialAction\":[{\"@type\":\"SearchAction\",\"target\":{\"@type\":\"EntryPoint\",\"urlTemplate\":\"https:\\\/\\\/theuncommonshop.ch\\\/?s={search_term_string}\"},\"query-input\":{\"@type\":\"PropertyValueSpecification\",\"valueRequired\":true,\"valueName\":\"search_term_string\"}}],\"inLanguage\":\"fr-FR\"}]}<\/script>\n<meta property=\"og:availability\" content=\"instock\" \/>\n<meta property=\"product:availability\" content=\"instock\" \/>\n<meta property=\"product:retailer_item_id\" content=\"DIGI.I.G.WarPlayPB03.EN\" \/>\n<meta property=\"product:condition\" content=\"new\" \/>\n<!-- \/ Yoast SEO plugin. -->","yoast_head_json":{"title":"Ach\u00e8te Digimon - WarGreymon Playmat + Booster PB-03","description":"Ach\u00e8te Digimon - WarGreymon Playmat + Booster PB-03 en ligne maintenant \u00e0 petit prix! Ton #1 shop pour cartes TCG & Pok\u00e9mon en Suisse \u2713 Livraison gratuite d\u00e8s CHF 29","robots":{"index":"index","follow":"follow","max-snippet":"max-snippet:-1","max-image-preview":"max-image-preview:large","max-video-preview":"max-video-preview:-1"},"canonical":"https:\/\/theuncommonshop.ch\/fr\/product\/digimon-wargreymon-playmat-booster-pb-03-en-2\/","og_locale":"fr_FR","og_type":"article","og_title":"Ach\u00e8te Digimon - WarGreymon Playmat + Booster PB-03","og_description":"Ach\u00e8te Digimon - WarGreymon Playmat + Booster PB-03 en ligne maintenant \u00e0 petit prix! Ton #1 shop pour cartes TCG & Pok\u00e9mon en Suisse \u2713 Livraison gratuite d\u00e8s CHF 29","og_url":"https:\/\/theuncommonshop.ch\/fr\/product\/digimon-wargreymon-playmat-booster-pb-03-en-2\/","og_site_name":"Largest trading card shop in Switzerland","article_modified_time":"2026-03-31T13:12:05+00:00","og_image":[{"width":1129,"height":795,"url":"https:\/\/theuncommonshop.ch\/wp-content\/uploads\/2025\/06\/2676888774.jpg","type":"image\/jpeg"}],"twitter_card":"summary_large_image","twitter_misc":{"Disponibilit\u00e9":"En stock"},"schema":{"@context":"https:\/\/schema.org","@graph":[{"@type":"WebPage","@id":"https:\/\/theuncommonshop.ch\/fr\/product\/digimon-wargreymon-playmat-booster-pb-03-en-2\/","url":"https:\/\/theuncommonshop.ch\/fr\/product\/digimon-wargreymon-playmat-booster-pb-03-en-2\/","name":"Ach\u00e8te Digimon - WarGreymon Playmat + Booster PB-03","isPartOf":{"@id":"https:\/\/theuncommonshop.ch\/#website"},"primaryImageOfPage":{"@id":"https:\/\/theuncommonshop.ch\/fr\/product\/digimon-wargreymon-playmat-booster-pb-03-en-2\/#primaryimage"},"image":{"@id":"https:\/\/theuncommonshop.ch\/fr\/product\/digimon-wargreymon-playmat-booster-pb-03-en-2\/#primaryimage"},"thumbnailUrl":"https:\/\/theuncommonshop.ch\/wp-content\/uploads\/2025\/06\/2676888774.jpg","datePublished":"2025-06-03T04:37:22+00:00","dateModified":"2026-03-31T13:12:05+00:00","description":"Ach\u00e8te Digimon - WarGreymon Playmat + Booster PB-03 en ligne maintenant \u00e0 petit prix! Ton #1 shop pour cartes TCG & Pok\u00e9mon en Suisse \u2713 Livraison gratuite d\u00e8s CHF 29","breadcrumb":{"@id":"https:\/\/theuncommonshop.ch\/fr\/product\/digimon-wargreymon-playmat-booster-pb-03-en-2\/#breadcrumb"},"inLanguage":"fr-FR","potentialAction":[{"@type":"ReadAction","target":["https:\/\/theuncommonshop.ch\/fr\/product\/digimon-wargreymon-playmat-booster-pb-03-en-2\/"]}]},{"@type":"ImageObject","inLanguage":"fr-FR","@id":"https:\/\/theuncommonshop.ch\/fr\/product\/digimon-wargreymon-playmat-booster-pb-03-en-2\/#primaryimage","url":"https:\/\/theuncommonshop.ch\/wp-content\/uploads\/2025\/06\/2676888774.jpg","contentUrl":"https:\/\/theuncommonshop.ch\/wp-content\/uploads\/2025\/06\/2676888774.jpg","width":1129,"height":795},{"@type":"BreadcrumbList","@id":"https:\/\/theuncommonshop.ch\/fr\/product\/digimon-wargreymon-playmat-booster-pb-03-en-2\/#breadcrumb","itemListElement":[{"@type":"ListItem","position":1,"name":"Accueil","item":"https:\/\/theuncommonshop.ch\/fr\/accueil\/"},{"@type":"ListItem","position":2,"name":"Boutique","item":"https:\/\/theuncommonshop.ch\/fr\/boutique\/"},{"@type":"ListItem","position":3,"name":"TCG Zubeh\u00f6r","item":"https:\/\/theuncommonshop.ch\/produktkategorie\/tcg-zubehoer\/"},{"@type":"ListItem","position":4,"name":"Playmats","item":"https:\/\/theuncommonshop.ch\/produktkategorie\/tcg-zubehoer\/playmats\/"},{"@type":"ListItem","position":5,"name":"Weitere TCG Playmats","item":"https:\/\/theuncommonshop.ch\/produktkategorie\/tcg-zubehoer\/playmats\/ohter-tcg-playmats\/"},{"@type":"ListItem","position":6,"name":"Digimon &#8211; WarGreymon Playmat + Booster PB-03"}]},{"@type":"WebSite","@id":"https:\/\/theuncommonshop.ch\/#website","url":"https:\/\/theuncommonshop.ch\/","name":"Largest trading card shop in Switzerland","description":"Magic, Pok\u00e9mon and Yu-gi-oh - The Uncommon Shop","potentialAction":[{"@type":"SearchAction","target":{"@type":"EntryPoint","urlTemplate":"https:\/\/theuncommonshop.ch\/?s={search_term_string}"},"query-input":{"@type":"PropertyValueSpecification","valueRequired":true,"valueName":"search_term_string"}}],"inLanguage":"fr-FR"}]},"og_availability":"instock","product_availability":"instock","product_retailer_item_id":"DIGI.I.G.WarPlayPB03.EN","product_condition":"new"},"_links":{"self":[{"href":"https:\/\/theuncommonshop.ch\/fr\/wp-json\/wp\/v2\/product\/329388","targetHints":{"allow":["GET"]}}],"collection":[{"href":"https:\/\/theuncommonshop.ch\/fr\/wp-json\/wp\/v2\/product"}],"about":[{"href":"https:\/\/theuncommonshop.ch\/fr\/wp-json\/wp\/v2\/types\/product"}],"replies":[{"embeddable":true,"href":"https:\/\/theuncommonshop.ch\/fr\/wp-json\/wp\/v2\/comments?post=329388"}],"version-history":[{"count":2,"href":"https:\/\/theuncommonshop.ch\/fr\/wp-json\/wp\/v2\/product\/329388\/revisions"}],"predecessor-version":[{"id":363779,"href":"https:\/\/theuncommonshop.ch\/fr\/wp-json\/wp\/v2\/product\/329388\/revisions\/363779"}],"wp:featuredmedia":[{"embeddable":true,"href":"https:\/\/theuncommonshop.ch\/fr\/wp-json\/wp\/v2\/media\/64443"}],"wp:attachment":[{"href":"https:\/\/theuncommonshop.ch\/fr\/wp-json\/wp\/v2\/media?parent=329388"}],"wp:term":[{"taxonomy":"product_brand","embeddable":true,"href":"https:\/\/theuncommonshop.ch\/fr\/wp-json\/wp\/v2\/product_brand?post=329388"},{"taxonomy":"product_cat","embeddable":true,"href":"https:\/\/theuncommonshop.ch\/fr\/wp-json\/wp\/v2\/product_cat?post=329388"},{"taxonomy":"product_tag","embeddable":true,"href":"https:\/\/theuncommonshop.ch\/fr\/wp-json\/wp\/v2\/product_tag?post=329388"}],"curies":[{"name":"wp","href":"https:\/\/api.w.org\/{rel}","templated":true}]}}