{"id":329301,"date":"2025-06-03T03:26:13","date_gmt":"2025-06-03T03:26:13","guid":{"rendered":"http:\/\/theuncommonshop.ch\/produkt\/329301\/"},"modified":"2026-03-31T16:33:49","modified_gmt":"2026-03-31T14:33:49","slug":"flesh-and-blood-crucible-of-war-unlimited-booster-display-en-3","status":"publish","type":"product","link":"https:\/\/theuncommonshop.ch\/fr\/product\/flesh-and-blood-crucible-of-war-unlimited-booster-display-en-3\/","title":{"rendered":"Flesh and Blood &#8211; Crucible of War (Unlimited) &#8211; Booster Display"},"content":{"rendered":"<p>\u00c9quipez votre h\u00e9ros, pr\u00e9parez-vous au combat !<\/p>\n<div><\/div>\n<div>Ouvrez les armureries, faites chauffer la forge et rassemblez vos alli\u00e9s de pr\u00e8s ou de loin.<\/div>\n<div>Utilisez toutes vos comp\u00e9tences, votre chance et votre putain de meilleur \u00e9quipement alors que vous foncez t\u00eate baiss\u00e9e dans le Crucible of War.<\/div>\n<div><\/div>\n<div>Crucible of War est un ensemble de Boosters suppl\u00e9mentaires qui introduit des armes et des \u00e9quipements puissants et ouvre de nouvelles strat\u00e9gies et options de construction de deck pour toutes vos classes pr\u00e9f\u00e9r\u00e9es.<\/div>\n<div><\/div>\n<div>Configuration du produit :<\/div>\n<div><\/div>\n<div>198 cartes dans le set<\/div>\n<div>10 cartes par paquet<\/div>\n<div>24 paquets par pr\u00e9sentoir<\/div>\n<div>4 pr\u00e9sentoirs par caisse<\/div>\n<div><\/div>\n<div>Distribution de la raret\u00e9 :<\/div>\n<div><\/div>\n<div>Film premium &#8211; 1 par paquet<\/div>\n<div>Rare ou sup\u00e9rieur &#8211; 1 par paquet<\/div>\n<div>Rare &#8211; 1 par paquet<\/div>\n<div>Habituellement &#8211; 7 par paquet<\/div>\n<div><\/div>\n<p>Traduit avec <a href=\"http:\/\/www.DeepL.com\/Translator\">www.DeepL.com\/Translator<\/a> (version gratuite)<\/p>\n","protected":false},"excerpt":{"rendered":"<p>\u00c9quipez votre h\u00e9ros, pr\u00e9parez-vous au combat ! Ouvrez les armureries, faites chauffer la forge et rassemblez vos alli\u00e9s de pr\u00e8s<\/p>\n","protected":false},"featured_media":62345,"comment_status":"open","ping_status":"closed","template":"","meta":{"_acf_changed":false},"product_brand":[5076],"product_cat":[9995],"product_tag":[],"class_list":{"0":"post-329301","1":"product","2":"type-product","3":"status-publish","4":"has-post-thumbnail","6":"product_brand-legend-story-studios","7":"product_cat-booster-displays-fab","9":"first","10":"instock","11":"sale","12":"taxable","13":"shipping-taxable","14":"purchasable","15":"product-type-variable"},"acf":[],"yoast_head":"<!-- This site is optimized with the Yoast SEO plugin v27.4 - https:\/\/yoast.com\/product\/yoast-seo-wordpress\/ -->\n<title>Ach\u00e8te Flesh and Blood - Crucible of War (Unlimited) - Booster Display<\/title>\n<meta name=\"description\" content=\"Ach\u00e8te Flesh and Blood - Crucible of War (Unlimited) - Booster Display en ligne maintenant \u00e0 petit prix! Ton #1 shop pour cartes TCG &amp; Pok\u00e9mon en Suisse \u2713 Livraison gratuite d\u00e8s CHF 29\" \/>\n<meta name=\"robots\" content=\"index, follow, max-snippet:-1, max-image-preview:large, max-video-preview:-1\" \/>\n<link rel=\"canonical\" href=\"https:\/\/theuncommonshop.ch\/fr\/product\/flesh-and-blood-crucible-of-war-unlimited-booster-display-en-3\/\" \/>\n<meta property=\"og:locale\" content=\"fr_FR\" \/>\n<meta property=\"og:type\" content=\"article\" \/>\n<meta property=\"og:title\" content=\"Ach\u00e8te Flesh and Blood - Crucible of War (Unlimited) - Booster Display\" \/>\n<meta property=\"og:description\" content=\"Ach\u00e8te Flesh and Blood - Crucible of War (Unlimited) - Booster Display en ligne maintenant \u00e0 petit prix! Ton #1 shop pour cartes TCG &amp; Pok\u00e9mon en Suisse \u2713 Livraison gratuite d\u00e8s CHF 29\" \/>\n<meta property=\"og:url\" content=\"https:\/\/theuncommonshop.ch\/fr\/product\/flesh-and-blood-crucible-of-war-unlimited-booster-display-en-3\/\" \/>\n<meta property=\"og:site_name\" content=\"Largest trading card shop in Switzerland\" \/>\n<meta property=\"article:modified_time\" content=\"2026-03-31T14:33:49+00:00\" \/>\n<meta property=\"og:image\" content=\"https:\/\/theuncommonshop.ch\/wp-content\/uploads\/2025\/06\/2543008493.jpg\" \/>\n\t<meta property=\"og:image:width\" content=\"500\" \/>\n\t<meta property=\"og:image:height\" content=\"499\" \/>\n\t<meta property=\"og:image:type\" content=\"image\/jpeg\" \/>\n<meta name=\"twitter:card\" content=\"summary_large_image\" \/>\n<meta name=\"twitter:label1\" content=\"Disponibilit\u00e9\" \/>\n\t<meta name=\"twitter:data1\" content=\"En stock\" \/>\n<script type=\"application\/ld+json\" class=\"yoast-schema-graph\">{\"@context\":\"https:\\\/\\\/schema.org\",\"@graph\":[{\"@type\":\"WebPage\",\"@id\":\"https:\\\/\\\/theuncommonshop.ch\\\/fr\\\/product\\\/flesh-and-blood-crucible-of-war-unlimited-booster-display-en-3\\\/\",\"url\":\"https:\\\/\\\/theuncommonshop.ch\\\/fr\\\/product\\\/flesh-and-blood-crucible-of-war-unlimited-booster-display-en-3\\\/\",\"name\":\"Ach\u00e8te Flesh and Blood - Crucible of War (Unlimited) - Booster Display\",\"isPartOf\":{\"@id\":\"https:\\\/\\\/theuncommonshop.ch\\\/#website\"},\"primaryImageOfPage\":{\"@id\":\"https:\\\/\\\/theuncommonshop.ch\\\/fr\\\/product\\\/flesh-and-blood-crucible-of-war-unlimited-booster-display-en-3\\\/#primaryimage\"},\"image\":{\"@id\":\"https:\\\/\\\/theuncommonshop.ch\\\/fr\\\/product\\\/flesh-and-blood-crucible-of-war-unlimited-booster-display-en-3\\\/#primaryimage\"},\"thumbnailUrl\":\"https:\\\/\\\/theuncommonshop.ch\\\/wp-content\\\/uploads\\\/2025\\\/06\\\/2543008493.jpg\",\"datePublished\":\"2025-06-03T03:26:13+00:00\",\"dateModified\":\"2026-03-31T14:33:49+00:00\",\"description\":\"Ach\u00e8te Flesh and Blood - Crucible of War (Unlimited) - Booster Display en ligne maintenant \u00e0 petit prix! Ton #1 shop pour cartes TCG & Pok\u00e9mon en Suisse \u2713 Livraison gratuite d\u00e8s CHF 29\",\"breadcrumb\":{\"@id\":\"https:\\\/\\\/theuncommonshop.ch\\\/fr\\\/product\\\/flesh-and-blood-crucible-of-war-unlimited-booster-display-en-3\\\/#breadcrumb\"},\"inLanguage\":\"fr-FR\",\"potentialAction\":[{\"@type\":\"ReadAction\",\"target\":[\"https:\\\/\\\/theuncommonshop.ch\\\/fr\\\/product\\\/flesh-and-blood-crucible-of-war-unlimited-booster-display-en-3\\\/\"]}]},{\"@type\":\"ImageObject\",\"inLanguage\":\"fr-FR\",\"@id\":\"https:\\\/\\\/theuncommonshop.ch\\\/fr\\\/product\\\/flesh-and-blood-crucible-of-war-unlimited-booster-display-en-3\\\/#primaryimage\",\"url\":\"https:\\\/\\\/theuncommonshop.ch\\\/wp-content\\\/uploads\\\/2025\\\/06\\\/2543008493.jpg\",\"contentUrl\":\"https:\\\/\\\/theuncommonshop.ch\\\/wp-content\\\/uploads\\\/2025\\\/06\\\/2543008493.jpg\",\"width\":500,\"height\":499},{\"@type\":\"BreadcrumbList\",\"@id\":\"https:\\\/\\\/theuncommonshop.ch\\\/fr\\\/product\\\/flesh-and-blood-crucible-of-war-unlimited-booster-display-en-3\\\/#breadcrumb\",\"itemListElement\":[{\"@type\":\"ListItem\",\"position\":1,\"name\":\"Accueil\",\"item\":\"https:\\\/\\\/theuncommonshop.ch\\\/fr\\\/accueil\\\/\"},{\"@type\":\"ListItem\",\"position\":2,\"name\":\"Boutique\",\"item\":\"https:\\\/\\\/theuncommonshop.ch\\\/fr\\\/boutique\\\/\"},{\"@type\":\"ListItem\",\"position\":3,\"name\":\"Weitere Sammelkarten\",\"item\":\"https:\\\/\\\/theuncommonshop.ch\\\/produktkategorie\\\/weitere-sammelkarten\\\/\"},{\"@type\":\"ListItem\",\"position\":4,\"name\":\"Flesh & Blood\",\"item\":\"https:\\\/\\\/theuncommonshop.ch\\\/produktkategorie\\\/weitere-sammelkarten\\\/flesh-blood\\\/\"},{\"@type\":\"ListItem\",\"position\":5,\"name\":\"Booster Displays\",\"item\":\"https:\\\/\\\/theuncommonshop.ch\\\/produktkategorie\\\/weitere-sammelkarten\\\/flesh-blood\\\/fab-booster-displays\\\/\"},{\"@type\":\"ListItem\",\"position\":6,\"name\":\"Flesh and Blood &#8211; Crucible of War (Unlimited) &#8211; Booster Display\"}]},{\"@type\":\"WebSite\",\"@id\":\"https:\\\/\\\/theuncommonshop.ch\\\/#website\",\"url\":\"https:\\\/\\\/theuncommonshop.ch\\\/\",\"name\":\"Largest trading card shop in Switzerland\",\"description\":\"Magic, Pok\u00e9mon and Yu-gi-oh - The Uncommon Shop\",\"potentialAction\":[{\"@type\":\"SearchAction\",\"target\":{\"@type\":\"EntryPoint\",\"urlTemplate\":\"https:\\\/\\\/theuncommonshop.ch\\\/?s={search_term_string}\"},\"query-input\":{\"@type\":\"PropertyValueSpecification\",\"valueRequired\":true,\"valueName\":\"search_term_string\"}}],\"inLanguage\":\"fr-FR\"}]}<\/script>\n<meta property=\"og:availability\" content=\"instock\" \/>\n<meta property=\"product:availability\" content=\"instock\" \/>\n<meta property=\"product:retailer_item_id\" content=\"FaB.I.F.CruDisplay.EN\" \/>\n<meta property=\"product:condition\" content=\"new\" \/>\n<!-- \/ Yoast SEO plugin. -->","yoast_head_json":{"title":"Ach\u00e8te Flesh and Blood - Crucible of War (Unlimited) - Booster Display","description":"Ach\u00e8te Flesh and Blood - Crucible of War (Unlimited) - Booster Display en ligne maintenant \u00e0 petit prix! Ton #1 shop pour cartes TCG & Pok\u00e9mon en Suisse \u2713 Livraison gratuite d\u00e8s CHF 29","robots":{"index":"index","follow":"follow","max-snippet":"max-snippet:-1","max-image-preview":"max-image-preview:large","max-video-preview":"max-video-preview:-1"},"canonical":"https:\/\/theuncommonshop.ch\/fr\/product\/flesh-and-blood-crucible-of-war-unlimited-booster-display-en-3\/","og_locale":"fr_FR","og_type":"article","og_title":"Ach\u00e8te Flesh and Blood - Crucible of War (Unlimited) - Booster Display","og_description":"Ach\u00e8te Flesh and Blood - Crucible of War (Unlimited) - Booster Display en ligne maintenant \u00e0 petit prix! Ton #1 shop pour cartes TCG & Pok\u00e9mon en Suisse \u2713 Livraison gratuite d\u00e8s CHF 29","og_url":"https:\/\/theuncommonshop.ch\/fr\/product\/flesh-and-blood-crucible-of-war-unlimited-booster-display-en-3\/","og_site_name":"Largest trading card shop in Switzerland","article_modified_time":"2026-03-31T14:33:49+00:00","og_image":[{"width":500,"height":499,"url":"https:\/\/theuncommonshop.ch\/wp-content\/uploads\/2025\/06\/2543008493.jpg","type":"image\/jpeg"}],"twitter_card":"summary_large_image","twitter_misc":{"Disponibilit\u00e9":"En stock"},"schema":{"@context":"https:\/\/schema.org","@graph":[{"@type":"WebPage","@id":"https:\/\/theuncommonshop.ch\/fr\/product\/flesh-and-blood-crucible-of-war-unlimited-booster-display-en-3\/","url":"https:\/\/theuncommonshop.ch\/fr\/product\/flesh-and-blood-crucible-of-war-unlimited-booster-display-en-3\/","name":"Ach\u00e8te Flesh and Blood - Crucible of War (Unlimited) - Booster Display","isPartOf":{"@id":"https:\/\/theuncommonshop.ch\/#website"},"primaryImageOfPage":{"@id":"https:\/\/theuncommonshop.ch\/fr\/product\/flesh-and-blood-crucible-of-war-unlimited-booster-display-en-3\/#primaryimage"},"image":{"@id":"https:\/\/theuncommonshop.ch\/fr\/product\/flesh-and-blood-crucible-of-war-unlimited-booster-display-en-3\/#primaryimage"},"thumbnailUrl":"https:\/\/theuncommonshop.ch\/wp-content\/uploads\/2025\/06\/2543008493.jpg","datePublished":"2025-06-03T03:26:13+00:00","dateModified":"2026-03-31T14:33:49+00:00","description":"Ach\u00e8te Flesh and Blood - Crucible of War (Unlimited) - Booster Display en ligne maintenant \u00e0 petit prix! Ton #1 shop pour cartes TCG & Pok\u00e9mon en Suisse \u2713 Livraison gratuite d\u00e8s CHF 29","breadcrumb":{"@id":"https:\/\/theuncommonshop.ch\/fr\/product\/flesh-and-blood-crucible-of-war-unlimited-booster-display-en-3\/#breadcrumb"},"inLanguage":"fr-FR","potentialAction":[{"@type":"ReadAction","target":["https:\/\/theuncommonshop.ch\/fr\/product\/flesh-and-blood-crucible-of-war-unlimited-booster-display-en-3\/"]}]},{"@type":"ImageObject","inLanguage":"fr-FR","@id":"https:\/\/theuncommonshop.ch\/fr\/product\/flesh-and-blood-crucible-of-war-unlimited-booster-display-en-3\/#primaryimage","url":"https:\/\/theuncommonshop.ch\/wp-content\/uploads\/2025\/06\/2543008493.jpg","contentUrl":"https:\/\/theuncommonshop.ch\/wp-content\/uploads\/2025\/06\/2543008493.jpg","width":500,"height":499},{"@type":"BreadcrumbList","@id":"https:\/\/theuncommonshop.ch\/fr\/product\/flesh-and-blood-crucible-of-war-unlimited-booster-display-en-3\/#breadcrumb","itemListElement":[{"@type":"ListItem","position":1,"name":"Accueil","item":"https:\/\/theuncommonshop.ch\/fr\/accueil\/"},{"@type":"ListItem","position":2,"name":"Boutique","item":"https:\/\/theuncommonshop.ch\/fr\/boutique\/"},{"@type":"ListItem","position":3,"name":"Weitere Sammelkarten","item":"https:\/\/theuncommonshop.ch\/produktkategorie\/weitere-sammelkarten\/"},{"@type":"ListItem","position":4,"name":"Flesh & Blood","item":"https:\/\/theuncommonshop.ch\/produktkategorie\/weitere-sammelkarten\/flesh-blood\/"},{"@type":"ListItem","position":5,"name":"Booster Displays","item":"https:\/\/theuncommonshop.ch\/produktkategorie\/weitere-sammelkarten\/flesh-blood\/fab-booster-displays\/"},{"@type":"ListItem","position":6,"name":"Flesh and Blood &#8211; Crucible of War (Unlimited) &#8211; Booster Display"}]},{"@type":"WebSite","@id":"https:\/\/theuncommonshop.ch\/#website","url":"https:\/\/theuncommonshop.ch\/","name":"Largest trading card shop in Switzerland","description":"Magic, Pok\u00e9mon and Yu-gi-oh - The Uncommon Shop","potentialAction":[{"@type":"SearchAction","target":{"@type":"EntryPoint","urlTemplate":"https:\/\/theuncommonshop.ch\/?s={search_term_string}"},"query-input":{"@type":"PropertyValueSpecification","valueRequired":true,"valueName":"search_term_string"}}],"inLanguage":"fr-FR"}]},"og_availability":"instock","product_availability":"instock","product_retailer_item_id":"FaB.I.F.CruDisplay.EN","product_condition":"new"},"_links":{"self":[{"href":"https:\/\/theuncommonshop.ch\/fr\/wp-json\/wp\/v2\/product\/329301","targetHints":{"allow":["GET"]}}],"collection":[{"href":"https:\/\/theuncommonshop.ch\/fr\/wp-json\/wp\/v2\/product"}],"about":[{"href":"https:\/\/theuncommonshop.ch\/fr\/wp-json\/wp\/v2\/types\/product"}],"replies":[{"embeddable":true,"href":"https:\/\/theuncommonshop.ch\/fr\/wp-json\/wp\/v2\/comments?post=329301"}],"version-history":[{"count":2,"href":"https:\/\/theuncommonshop.ch\/fr\/wp-json\/wp\/v2\/product\/329301\/revisions"}],"predecessor-version":[{"id":364032,"href":"https:\/\/theuncommonshop.ch\/fr\/wp-json\/wp\/v2\/product\/329301\/revisions\/364032"}],"wp:featuredmedia":[{"embeddable":true,"href":"https:\/\/theuncommonshop.ch\/fr\/wp-json\/wp\/v2\/media\/62345"}],"wp:attachment":[{"href":"https:\/\/theuncommonshop.ch\/fr\/wp-json\/wp\/v2\/media?parent=329301"}],"wp:term":[{"taxonomy":"product_brand","embeddable":true,"href":"https:\/\/theuncommonshop.ch\/fr\/wp-json\/wp\/v2\/product_brand?post=329301"},{"taxonomy":"product_cat","embeddable":true,"href":"https:\/\/theuncommonshop.ch\/fr\/wp-json\/wp\/v2\/product_cat?post=329301"},{"taxonomy":"product_tag","embeddable":true,"href":"https:\/\/theuncommonshop.ch\/fr\/wp-json\/wp\/v2\/product_tag?post=329301"}],"curies":[{"name":"wp","href":"https:\/\/api.w.org\/{rel}","templated":true}]}}