{"id":329291,"date":"2025-06-03T03:25:53","date_gmt":"2025-06-03T03:25:53","guid":{"rendered":"http:\/\/theuncommonshop.ch\/?post_type=product&#038;p=329291"},"modified":"2026-03-31T16:35:58","modified_gmt":"2026-03-31T14:35:58","slug":"flesh-and-blood-welcome-to-rathe-unlimited-booster-display-en-2","status":"publish","type":"product","link":"https:\/\/theuncommonshop.ch\/fr\/product\/flesh-and-blood-welcome-to-rathe-unlimited-booster-display-en-2\/","title":{"rendered":"Flesh and Blood &#8211; Bienvenue \u00e0 Rathe (Unlimited) &#8211; Booster Display"},"content":{"rendered":"<div>Apr\u00e8s des si\u00e8cles de paix agit\u00e9e, le pays de Rathe est \u00e0 nouveau en \u00e9quilibre au bord de la guerre. Des b\u00eates sauvages \u00e9mergent de la jungle primitive et affrontent de nobles guerriers dans des escarmouches de plus en plus violentes. Un royaume oubli\u00e9 voit ses barri\u00e8res ancestrales s&#8217;\u00e9roder et se retrouve expos\u00e9 \u00e0 la cupidit\u00e9 d&#8217;autrui, tandis qu&#8217;un pays mystique est confront\u00e9 \u00e0 l&#8217;histoire qu&#8217;il a autrefois tent\u00e9 d&#8217;enterrer et menace de r\u00e9v\u00e9ler les secrets de ses anc\u00eatres.  <\/div>\n<div><\/div>\n<div>Dans un monde en proie aux conflits, vous devez vous battre pour avoir la chance de choisir votre destin. Allez-vous vous soumettre aux machinations des autres ou choisir votre propre voie ? Prenez votre \u00e9p\u00e9e et pr\u00e9parez-vous au combat, car peu importe o\u00f9 vous courez, la guerre vous trouvera.  <\/div>\n<div><\/div>\n<div>\u00c9dition illimit\u00e9e :<\/div>\n<div><\/div>\n<div>Welcome to Rathe (WTR) est le premier ensemble de boosters et de decks de h\u00e9ros pour Flesh and Blood, disponible dans les magasins de jeux locaux aux \u00c9tats-Unis, en Australie et en Nouvelle-Z\u00e9lande. L&#8217;\u00e9dition Unlimited marquera le lancement officiel de Flesh and Blood au Canada et dans certaines r\u00e9gions d&#8217;Europe. Plus de d\u00e9tails dans les semaines \u00e0 venir.  <\/div>\n<div><\/div>\n<div>Lors du d\u00e9veloppement de Flesh &amp; Blood, nous avons mis l&#8217;accent sur la possibilit\u00e9 de collectionner. Nous voulons notamment r\u00e9pondre \u00e0 cette exigence en faisant la distinction entre les premi\u00e8res \u00e9ditions et les r\u00e9\u00e9ditions d&#8217;un produit. La premi\u00e8re \u00e9dition de Welcome to Rathe, sortie le 11 octobre 2019, est identifi\u00e9e par un badge &#8220;Alpha Print&#8221; au dos de la bo\u00eete pr\u00e9sentoir. La premi\u00e8re \u00e9dition d&#8217;Arcane Rising, sortie le 27 mars 2020, est identifi\u00e9e par un badge &#8220;First Edition&#8221; au dos de la bo\u00eete de pr\u00e9sentation. Il en va de m\u00eame pour Crucible of War et les autres boosters \u00e0 venir. Les emballages de l&#8217;\u00e9dition Unlimited comportent un drapeau rouge UNLIMITED sur les boosters et les pr\u00e9sentoirs.     <\/div>\n<div><\/div>\n<div>Tout d&#8217;abord, l&#8217;\u00e9dition Unlimited est bord\u00e9e de noir et contient exactement les m\u00eames cartes que les tirages originaux de ces produits, dans la m\u00eame configuration. L&#8217;\u00e9dition Unlimited prend en charge les Booster Draft et les Sealed Decks. Les cartes de l&#8217;Unlimited Edition pr\u00e9sentent des am\u00e9liorations de couleur, de gabarit et de syntaxe par rapport \u00e0 l&#8217;impression d&#8217;origine, telles que des bandes de couleur &#8220;rouge&#8221; sur les cartes WTR, des insignes de raret\u00e9 et l&#8217;ajout de texte de rappel en italique sur certaines cartes.  <\/div>\n<div><\/div>\n<div>Ce que l&#8217;Unlimited Edition n&#8217;a pas, ce sont les Cold Foils.<\/div>\n<div><\/div>\n<div>Cold Foil est une technique d&#8217;impression sp\u00e9ciale d\u00e9velopp\u00e9e par Legend Story Studios pour mettre en valeur les cartes sp\u00e9ciales et uniques de Flesh and Blood. Nous sommes ravis que Cold Foil ait \u00e9t\u00e9 si bien accueilli par les fans du monde entier, et nous sommes fiers d&#8217;avoir introduit cette technique d&#8217;impression sp\u00e9ciale sur la sc\u00e8ne mondiale des TCG. La pr\u00e9sence de Cold Foils est la distinction subtile mais significative entre les tirages de la First Edition et de la Unlimited Edition. La possession de cartes Cold Foil est cens\u00e9e \u00eatre un point de fiert\u00e9 pour les premiers utilisateurs de Flesh &amp; Blood, et quelque chose que les collectionneurs suivront pendant de nombreuses ann\u00e9es \u00e0 venir. Les cartes qui apparaissent sous forme de Cold Foil dans l&#8217;\u00e9dition originale seront \u00e0 la place disponibles sous forme de feuilles arc-en-ciel dans les boosters de l&#8217;Unlimited Edition, et nous vous assurons que ces cartes sont magnifiques sous forme de feuilles arc-en-ciel.    <\/div>\n<div><\/div>\n<div>Vue d&#8217;ensemble :<\/div>\n<div><\/div>\n<div>Date de sortie : Octobre 11, 2019<\/div>\n<div>Code de l&#8217;ensemble : WTR<\/div>\n<div>Type de produit : Booster Pack autonome (Pour les Boosters Draft, Sealed Deck et Constructed Play.)<\/div>\n<div>Cartes dans l&#8217;ensemble : 226<\/div>\n<div>Configuration de l&#8217;ensemble :<\/div>\n<div><\/div>\n<div>15 jetons<\/div>\n<div>132 Commons<\/div>\n<div>48 Rares<\/div>\n<div>15 super-raret\u00e9s<\/div>\n<div>10 Majestueux<\/div>\n<div>5 L\u00e9gendaire<\/div>\n<div>1 l\u00e9gendaire<\/div>\n<div>Configuration des Packs<\/div>\n<div><\/div>\n<div>Un Booster Display contient 24 Booster Packs. Un booster pack contient 16 cartes qui sont : <\/div>\n<div><\/div>\n<div>1 jeton par paquet<\/div>\n<div>4 Commons g\u00e9n\u00e9raux<\/div>\n<div>7 Commons de classe (un m\u00e9lange de Brute, Guardian, Ninja, Warrior)<\/div>\n<div>1 Rare<\/div>\n<div>1 Rare\/Super rare\/Majestueux<\/div>\n<div>1 \u00e9quipement<\/div>\n<p>1 feuille premium (peut \u00eatre de n&#8217;importe quelle raret\u00e9 non-token)<\/p>\n","protected":false},"excerpt":{"rendered":"<p>Apr\u00e8s des si\u00e8cles de paix agit\u00e9e, le pays de Rathe est \u00e0 nouveau en \u00e9quilibre au bord de la guerre.<\/p>\n","protected":false},"featured_media":62335,"comment_status":"open","ping_status":"closed","template":"","meta":{"_acf_changed":false},"product_brand":[5076],"product_cat":[9995],"product_tag":[],"class_list":{"0":"post-329291","1":"product","2":"type-product","3":"status-publish","4":"has-post-thumbnail","6":"product_brand-legend-story-studios","7":"product_cat-booster-displays-fab","9":"first","10":"instock","11":"sale","12":"taxable","13":"shipping-taxable","14":"purchasable","15":"product-type-variable"},"acf":[],"yoast_head":"<!-- This site is optimized with the Yoast SEO plugin v27.5 - https:\/\/yoast.com\/product\/yoast-seo-wordpress\/ -->\n<title>Ach\u00e8te Flesh and Blood - Bienvenue \u00e0 Rathe (Unlimited) - Booster Display<\/title>\n<meta name=\"description\" content=\"Ach\u00e8te Flesh and Blood - Bienvenue \u00e0 Rathe (Unlimited) - Booster Display en ligne maintenant \u00e0 petit prix! Ton #1 shop pour cartes TCG &amp; Pok\u00e9mon en Suisse \u2713 Livraison gratuite d\u00e8s CHF 29\" \/>\n<meta name=\"robots\" content=\"index, follow, max-snippet:-1, max-image-preview:large, max-video-preview:-1\" \/>\n<link rel=\"canonical\" href=\"https:\/\/theuncommonshop.ch\/fr\/product\/flesh-and-blood-welcome-to-rathe-unlimited-booster-display-en-2\/\" \/>\n<meta property=\"og:locale\" content=\"fr_FR\" \/>\n<meta property=\"og:type\" content=\"article\" \/>\n<meta property=\"og:title\" content=\"Ach\u00e8te Flesh and Blood - Bienvenue \u00e0 Rathe (Unlimited) - Booster Display\" \/>\n<meta property=\"og:description\" content=\"Ach\u00e8te Flesh and Blood - Bienvenue \u00e0 Rathe (Unlimited) - Booster Display en ligne maintenant \u00e0 petit prix! Ton #1 shop pour cartes TCG &amp; Pok\u00e9mon en Suisse \u2713 Livraison gratuite d\u00e8s CHF 29\" \/>\n<meta property=\"og:url\" content=\"https:\/\/theuncommonshop.ch\/fr\/product\/flesh-and-blood-welcome-to-rathe-unlimited-booster-display-en-2\/\" \/>\n<meta property=\"og:site_name\" content=\"The Uncommon Shop\" \/>\n<meta property=\"article:modified_time\" content=\"2026-03-31T14:35:58+00:00\" \/>\n<meta property=\"og:image\" content=\"https:\/\/theuncommonshop.ch\/wp-content\/uploads\/2025\/06\/2542973241.jpg\" \/>\n\t<meta property=\"og:image:width\" content=\"400\" \/>\n\t<meta property=\"og:image:height\" content=\"400\" \/>\n\t<meta property=\"og:image:type\" content=\"image\/jpeg\" \/>\n<meta name=\"twitter:card\" content=\"summary_large_image\" \/>\n<meta name=\"twitter:label1\" content=\"Disponibilit\u00e9\" \/>\n\t<meta name=\"twitter:data1\" content=\"En stock\" \/>\n<script type=\"application\/ld+json\" class=\"yoast-schema-graph\">{\"@context\":\"https:\\\/\\\/schema.org\",\"@graph\":[{\"@type\":\"WebPage\",\"@id\":\"https:\\\/\\\/theuncommonshop.ch\\\/fr\\\/product\\\/flesh-and-blood-welcome-to-rathe-unlimited-booster-display-en-2\\\/\",\"url\":\"https:\\\/\\\/theuncommonshop.ch\\\/fr\\\/product\\\/flesh-and-blood-welcome-to-rathe-unlimited-booster-display-en-2\\\/\",\"name\":\"Ach\u00e8te Flesh and Blood - Bienvenue \u00e0 Rathe (Unlimited) - Booster Display\",\"isPartOf\":{\"@id\":\"https:\\\/\\\/theuncommonshop.ch\\\/fr\\\/#website\"},\"primaryImageOfPage\":{\"@id\":\"https:\\\/\\\/theuncommonshop.ch\\\/fr\\\/product\\\/flesh-and-blood-welcome-to-rathe-unlimited-booster-display-en-2\\\/#primaryimage\"},\"image\":{\"@id\":\"https:\\\/\\\/theuncommonshop.ch\\\/fr\\\/product\\\/flesh-and-blood-welcome-to-rathe-unlimited-booster-display-en-2\\\/#primaryimage\"},\"thumbnailUrl\":\"https:\\\/\\\/theuncommonshop.ch\\\/wp-content\\\/uploads\\\/2025\\\/06\\\/2542973241.jpg\",\"datePublished\":\"2025-06-03T03:25:53+00:00\",\"dateModified\":\"2026-03-31T14:35:58+00:00\",\"description\":\"Ach\u00e8te Flesh and Blood - Bienvenue \u00e0 Rathe (Unlimited) - Booster Display en ligne maintenant \u00e0 petit prix! Ton #1 shop pour cartes TCG & Pok\u00e9mon en Suisse \u2713 Livraison gratuite d\u00e8s CHF 29\",\"breadcrumb\":{\"@id\":\"https:\\\/\\\/theuncommonshop.ch\\\/fr\\\/product\\\/flesh-and-blood-welcome-to-rathe-unlimited-booster-display-en-2\\\/#breadcrumb\"},\"inLanguage\":\"fr-FR\",\"potentialAction\":[{\"@type\":\"ReadAction\",\"target\":[\"https:\\\/\\\/theuncommonshop.ch\\\/fr\\\/product\\\/flesh-and-blood-welcome-to-rathe-unlimited-booster-display-en-2\\\/\"]}]},{\"@type\":\"ImageObject\",\"inLanguage\":\"fr-FR\",\"@id\":\"https:\\\/\\\/theuncommonshop.ch\\\/fr\\\/product\\\/flesh-and-blood-welcome-to-rathe-unlimited-booster-display-en-2\\\/#primaryimage\",\"url\":\"https:\\\/\\\/theuncommonshop.ch\\\/wp-content\\\/uploads\\\/2025\\\/06\\\/2542973241.jpg\",\"contentUrl\":\"https:\\\/\\\/theuncommonshop.ch\\\/wp-content\\\/uploads\\\/2025\\\/06\\\/2542973241.jpg\",\"width\":400,\"height\":400},{\"@type\":\"BreadcrumbList\",\"@id\":\"https:\\\/\\\/theuncommonshop.ch\\\/fr\\\/product\\\/flesh-and-blood-welcome-to-rathe-unlimited-booster-display-en-2\\\/#breadcrumb\",\"itemListElement\":[{\"@type\":\"ListItem\",\"position\":1,\"name\":\"Accueil\",\"item\":\"https:\\\/\\\/theuncommonshop.ch\\\/fr\\\/accueil\\\/\"},{\"@type\":\"ListItem\",\"position\":2,\"name\":\"Boutique\",\"item\":\"https:\\\/\\\/theuncommonshop.ch\\\/fr\\\/boutique\\\/\"},{\"@type\":\"ListItem\",\"position\":3,\"name\":\"Autres cartes \u00e0 collectionner\",\"item\":\"https:\\\/\\\/theuncommonshop.ch\\\/fr\\\/categorie-produit\\\/autres-cartes-a-collectionner\\\/\"},{\"@type\":\"ListItem\",\"position\":4,\"name\":\"Flesh & Blood\",\"item\":\"https:\\\/\\\/theuncommonshop.ch\\\/fr\\\/categorie-produit\\\/autres-cartes-a-collectionner\\\/flesh-et-blood\\\/\"},{\"@type\":\"ListItem\",\"position\":5,\"name\":\"Booster Displays\",\"item\":\"https:\\\/\\\/theuncommonshop.ch\\\/fr\\\/categorie-produit\\\/autres-cartes-a-collectionner\\\/flesh-et-blood\\\/booster-displays-fab\\\/\"},{\"@type\":\"ListItem\",\"position\":6,\"name\":\"Flesh and Blood &#8211; Bienvenue \u00e0 Rathe (Unlimited) &#8211; Booster Display\"}]},{\"@type\":\"WebSite\",\"@id\":\"https:\\\/\\\/theuncommonshop.ch\\\/fr\\\/#website\",\"url\":\"https:\\\/\\\/theuncommonshop.ch\\\/fr\\\/\",\"name\":\"The Uncommon Shop\",\"description\":\"Magic, Pok\u00e9mon and Yu-gi-oh - The Uncommon Shop\",\"potentialAction\":[{\"@type\":\"SearchAction\",\"target\":{\"@type\":\"EntryPoint\",\"urlTemplate\":\"https:\\\/\\\/theuncommonshop.ch\\\/fr\\\/?s={search_term_string}\"},\"query-input\":{\"@type\":\"PropertyValueSpecification\",\"valueRequired\":true,\"valueName\":\"search_term_string\"}}],\"inLanguage\":\"fr-FR\"}]}<\/script>\n<meta property=\"og:availability\" content=\"instock\" \/>\n<meta property=\"product:availability\" content=\"instock\" \/>\n<meta property=\"product:retailer_item_id\" content=\"FaB.I.F.RatheDisplay.EN\" \/>\n<meta property=\"product:condition\" content=\"new\" \/>\n<!-- \/ Yoast SEO plugin. -->","yoast_head_json":{"title":"Ach\u00e8te Flesh and Blood - Bienvenue \u00e0 Rathe (Unlimited) - Booster Display","description":"Ach\u00e8te Flesh and Blood - Bienvenue \u00e0 Rathe (Unlimited) - Booster Display en ligne maintenant \u00e0 petit prix! Ton #1 shop pour cartes TCG & Pok\u00e9mon en Suisse \u2713 Livraison gratuite d\u00e8s CHF 29","robots":{"index":"index","follow":"follow","max-snippet":"max-snippet:-1","max-image-preview":"max-image-preview:large","max-video-preview":"max-video-preview:-1"},"canonical":"https:\/\/theuncommonshop.ch\/fr\/product\/flesh-and-blood-welcome-to-rathe-unlimited-booster-display-en-2\/","og_locale":"fr_FR","og_type":"article","og_title":"Ach\u00e8te Flesh and Blood - Bienvenue \u00e0 Rathe (Unlimited) - Booster Display","og_description":"Ach\u00e8te Flesh and Blood - Bienvenue \u00e0 Rathe (Unlimited) - Booster Display en ligne maintenant \u00e0 petit prix! Ton #1 shop pour cartes TCG & Pok\u00e9mon en Suisse \u2713 Livraison gratuite d\u00e8s CHF 29","og_url":"https:\/\/theuncommonshop.ch\/fr\/product\/flesh-and-blood-welcome-to-rathe-unlimited-booster-display-en-2\/","og_site_name":"The Uncommon Shop","article_modified_time":"2026-03-31T14:35:58+00:00","og_image":[{"width":400,"height":400,"url":"https:\/\/theuncommonshop.ch\/wp-content\/uploads\/2025\/06\/2542973241.jpg","type":"image\/jpeg"}],"twitter_card":"summary_large_image","twitter_misc":{"Disponibilit\u00e9":"En stock"},"schema":{"@context":"https:\/\/schema.org","@graph":[{"@type":"WebPage","@id":"https:\/\/theuncommonshop.ch\/fr\/product\/flesh-and-blood-welcome-to-rathe-unlimited-booster-display-en-2\/","url":"https:\/\/theuncommonshop.ch\/fr\/product\/flesh-and-blood-welcome-to-rathe-unlimited-booster-display-en-2\/","name":"Ach\u00e8te Flesh and Blood - Bienvenue \u00e0 Rathe (Unlimited) - Booster Display","isPartOf":{"@id":"https:\/\/theuncommonshop.ch\/fr\/#website"},"primaryImageOfPage":{"@id":"https:\/\/theuncommonshop.ch\/fr\/product\/flesh-and-blood-welcome-to-rathe-unlimited-booster-display-en-2\/#primaryimage"},"image":{"@id":"https:\/\/theuncommonshop.ch\/fr\/product\/flesh-and-blood-welcome-to-rathe-unlimited-booster-display-en-2\/#primaryimage"},"thumbnailUrl":"https:\/\/theuncommonshop.ch\/wp-content\/uploads\/2025\/06\/2542973241.jpg","datePublished":"2025-06-03T03:25:53+00:00","dateModified":"2026-03-31T14:35:58+00:00","description":"Ach\u00e8te Flesh and Blood - Bienvenue \u00e0 Rathe (Unlimited) - Booster Display en ligne maintenant \u00e0 petit prix! Ton #1 shop pour cartes TCG & Pok\u00e9mon en Suisse \u2713 Livraison gratuite d\u00e8s CHF 29","breadcrumb":{"@id":"https:\/\/theuncommonshop.ch\/fr\/product\/flesh-and-blood-welcome-to-rathe-unlimited-booster-display-en-2\/#breadcrumb"},"inLanguage":"fr-FR","potentialAction":[{"@type":"ReadAction","target":["https:\/\/theuncommonshop.ch\/fr\/product\/flesh-and-blood-welcome-to-rathe-unlimited-booster-display-en-2\/"]}]},{"@type":"ImageObject","inLanguage":"fr-FR","@id":"https:\/\/theuncommonshop.ch\/fr\/product\/flesh-and-blood-welcome-to-rathe-unlimited-booster-display-en-2\/#primaryimage","url":"https:\/\/theuncommonshop.ch\/wp-content\/uploads\/2025\/06\/2542973241.jpg","contentUrl":"https:\/\/theuncommonshop.ch\/wp-content\/uploads\/2025\/06\/2542973241.jpg","width":400,"height":400},{"@type":"BreadcrumbList","@id":"https:\/\/theuncommonshop.ch\/fr\/product\/flesh-and-blood-welcome-to-rathe-unlimited-booster-display-en-2\/#breadcrumb","itemListElement":[{"@type":"ListItem","position":1,"name":"Accueil","item":"https:\/\/theuncommonshop.ch\/fr\/accueil\/"},{"@type":"ListItem","position":2,"name":"Boutique","item":"https:\/\/theuncommonshop.ch\/fr\/boutique\/"},{"@type":"ListItem","position":3,"name":"Autres cartes \u00e0 collectionner","item":"https:\/\/theuncommonshop.ch\/fr\/categorie-produit\/autres-cartes-a-collectionner\/"},{"@type":"ListItem","position":4,"name":"Flesh & Blood","item":"https:\/\/theuncommonshop.ch\/fr\/categorie-produit\/autres-cartes-a-collectionner\/flesh-et-blood\/"},{"@type":"ListItem","position":5,"name":"Booster Displays","item":"https:\/\/theuncommonshop.ch\/fr\/categorie-produit\/autres-cartes-a-collectionner\/flesh-et-blood\/booster-displays-fab\/"},{"@type":"ListItem","position":6,"name":"Flesh and Blood &#8211; Bienvenue \u00e0 Rathe (Unlimited) &#8211; Booster Display"}]},{"@type":"WebSite","@id":"https:\/\/theuncommonshop.ch\/fr\/#website","url":"https:\/\/theuncommonshop.ch\/fr\/","name":"The Uncommon Shop","description":"Magic, Pok\u00e9mon and Yu-gi-oh - The Uncommon Shop","potentialAction":[{"@type":"SearchAction","target":{"@type":"EntryPoint","urlTemplate":"https:\/\/theuncommonshop.ch\/fr\/?s={search_term_string}"},"query-input":{"@type":"PropertyValueSpecification","valueRequired":true,"valueName":"search_term_string"}}],"inLanguage":"fr-FR"}]},"og_availability":"instock","product_availability":"instock","product_retailer_item_id":"FaB.I.F.RatheDisplay.EN","product_condition":"new"},"_links":{"self":[{"href":"https:\/\/theuncommonshop.ch\/fr\/wp-json\/wp\/v2\/product\/329291","targetHints":{"allow":["GET"]}}],"collection":[{"href":"https:\/\/theuncommonshop.ch\/fr\/wp-json\/wp\/v2\/product"}],"about":[{"href":"https:\/\/theuncommonshop.ch\/fr\/wp-json\/wp\/v2\/types\/product"}],"replies":[{"embeddable":true,"href":"https:\/\/theuncommonshop.ch\/fr\/wp-json\/wp\/v2\/comments?post=329291"}],"version-history":[{"count":0,"href":"https:\/\/theuncommonshop.ch\/fr\/wp-json\/wp\/v2\/product\/329291\/revisions"}],"wp:featuredmedia":[{"embeddable":true,"href":"https:\/\/theuncommonshop.ch\/fr\/wp-json\/wp\/v2\/media\/62335"}],"wp:attachment":[{"href":"https:\/\/theuncommonshop.ch\/fr\/wp-json\/wp\/v2\/media?parent=329291"}],"wp:term":[{"taxonomy":"product_brand","embeddable":true,"href":"https:\/\/theuncommonshop.ch\/fr\/wp-json\/wp\/v2\/product_brand?post=329291"},{"taxonomy":"product_cat","embeddable":true,"href":"https:\/\/theuncommonshop.ch\/fr\/wp-json\/wp\/v2\/product_cat?post=329291"},{"taxonomy":"product_tag","embeddable":true,"href":"https:\/\/theuncommonshop.ch\/fr\/wp-json\/wp\/v2\/product_tag?post=329291"}],"curies":[{"name":"wp","href":"https:\/\/api.w.org\/{rel}","templated":true}]}}