{"id":329274,"date":"2025-06-03T03:24:54","date_gmt":"2025-06-03T01:24:54","guid":{"rendered":"http:\/\/theuncommonshop.ch\/produkt\/329274\/"},"modified":"2026-03-31T18:41:29","modified_gmt":"2026-03-31T16:41:29","slug":"dragon-shield-japansese-size-perfect-fit-inner-sleeves-clear-100-2","status":"publish","type":"product","link":"https:\/\/theuncommonshop.ch\/fr\/product\/dragon-shield-japansese-size-perfect-fit-inner-sleeves-clear-100-2\/","title":{"rendered":"Dragon Shield &#8211; Japansese Size Perfect Fit Inner Sleeves &#8211; Clear (100)"},"content":{"rendered":"<p><strong><\/strong><strong>Avant clair et arri\u00e8re clair. Droit devant et non intrusif. <\/strong><\/p>\n<div>Doublez votre DEF avec Dragon Shield Perfect Fits for double-sleeving !<\/div>\n<p><\/p>\n<div>Les Sleeves Perfect Fit offrent une meilleure protection des cartes. Ces Inner Sleeves s&#8217;ajustent parfaitement sur les cartes, et s&#8217;adaptent \u00e0 l&#8217;int\u00e9rieur de tous les Dragon Shield Japanese Size Dragon Shields. Les manches de taille Japanese Size sont fabriqu\u00e9s dans une taille plus petite typique des jeux de cartes japonais, \u00e9galement appel\u00e9s mini-cartes. Les cartes doivent \u00eatre charg\u00e9es dans le Perfect Fit par le bas, puis gliss\u00e9es dans un Sleeve Dragon Shield normal pour maximiser la protection.   <\/div>\n","protected":false},"excerpt":{"rendered":"<p>Avant clair et arri\u00e8re clair. Droit devant et non intrusif. Doublez votre DEF avec Dragon Shield Perfect Fits for double-sleeving<\/p>\n","protected":false},"featured_media":62300,"comment_status":"open","ping_status":"closed","template":"","meta":{"_acf_changed":false},"product_brand":[5094],"product_cat":[9859,9861,10157],"product_tag":[],"class_list":{"0":"post-329274","1":"product","2":"type-product","3":"status-publish","4":"has-post-thumbnail","6":"product_brand-dragon-shield","7":"product_cat-accessoires-tcg","8":"product_cat-sleeves-fr","9":"product_cat-taille-japonaise","11":"first","12":"instock","13":"taxable","14":"shipping-taxable","15":"purchasable","16":"product-type-simple"},"acf":[],"yoast_head":"<!-- This site is optimized with the Yoast SEO plugin v27.4 - https:\/\/yoast.com\/product\/yoast-seo-wordpress\/ -->\n<title>Ach\u00e8te Dragon Shield - Japansese Size Perfect Fit Inner Sleeves - Clear (100)<\/title>\n<meta name=\"description\" content=\"Ach\u00e8te Dragon Shield - Japansese Size Perfect Fit Inner Sleeves - Clear (100) en ligne maintenant \u00e0 petit prix! Ton #1 shop pour cartes TCG &amp; Pok\u00e9mon en Suisse \u2713 Livraison gratuite d\u00e8s CHF 29\" \/>\n<meta name=\"robots\" content=\"index, follow, max-snippet:-1, max-image-preview:large, max-video-preview:-1\" \/>\n<link rel=\"canonical\" href=\"https:\/\/theuncommonshop.ch\/fr\/product\/dragon-shield-japansese-size-perfect-fit-inner-sleeves-clear-100-2\/\" \/>\n<meta property=\"og:locale\" content=\"fr_FR\" \/>\n<meta property=\"og:type\" content=\"article\" \/>\n<meta property=\"og:title\" content=\"Ach\u00e8te Dragon Shield - Japansese Size Perfect Fit Inner Sleeves - Clear (100)\" \/>\n<meta property=\"og:description\" content=\"Ach\u00e8te Dragon Shield - Japansese Size Perfect Fit Inner Sleeves - Clear (100) en ligne maintenant \u00e0 petit prix! Ton #1 shop pour cartes TCG &amp; Pok\u00e9mon en Suisse \u2713 Livraison gratuite d\u00e8s CHF 29\" \/>\n<meta property=\"og:url\" content=\"https:\/\/theuncommonshop.ch\/fr\/product\/dragon-shield-japansese-size-perfect-fit-inner-sleeves-clear-100-2\/\" \/>\n<meta property=\"og:site_name\" content=\"The Uncommon Shop\" \/>\n<meta property=\"article:modified_time\" content=\"2026-03-31T16:41:29+00:00\" \/>\n<meta property=\"og:image\" content=\"https:\/\/theuncommonshop.ch\/wp-content\/uploads\/2025\/06\/2542278517.jpg\" \/>\n\t<meta property=\"og:image:width\" content=\"485\" \/>\n\t<meta property=\"og:image:height\" content=\"701\" \/>\n\t<meta property=\"og:image:type\" content=\"image\/jpeg\" \/>\n<meta name=\"twitter:card\" content=\"summary_large_image\" \/>\n<meta name=\"twitter:label1\" content=\"Prix\" \/>\n\t<meta name=\"twitter:data1\" content=\"&#067;&#072;&#070;&nbsp;4.95\" \/>\n\t<meta name=\"twitter:label2\" content=\"Disponibilit\u00e9\" \/>\n\t<meta name=\"twitter:data2\" content=\"En stock\" \/>\n<script type=\"application\/ld+json\" class=\"yoast-schema-graph\">{\"@context\":\"https:\\\/\\\/schema.org\",\"@graph\":[{\"@type\":\"WebPage\",\"@id\":\"https:\\\/\\\/theuncommonshop.ch\\\/fr\\\/product\\\/dragon-shield-japansese-size-perfect-fit-inner-sleeves-clear-100-2\\\/\",\"url\":\"https:\\\/\\\/theuncommonshop.ch\\\/fr\\\/product\\\/dragon-shield-japansese-size-perfect-fit-inner-sleeves-clear-100-2\\\/\",\"name\":\"Ach\u00e8te Dragon Shield - Japansese Size Perfect Fit Inner Sleeves - Clear (100)\",\"isPartOf\":{\"@id\":\"https:\\\/\\\/theuncommonshop.ch\\\/fr\\\/#website\"},\"primaryImageOfPage\":{\"@id\":\"https:\\\/\\\/theuncommonshop.ch\\\/fr\\\/product\\\/dragon-shield-japansese-size-perfect-fit-inner-sleeves-clear-100-2\\\/#primaryimage\"},\"image\":{\"@id\":\"https:\\\/\\\/theuncommonshop.ch\\\/fr\\\/product\\\/dragon-shield-japansese-size-perfect-fit-inner-sleeves-clear-100-2\\\/#primaryimage\"},\"thumbnailUrl\":\"https:\\\/\\\/theuncommonshop.ch\\\/wp-content\\\/uploads\\\/2025\\\/06\\\/2542278517.jpg\",\"datePublished\":\"2025-06-03T01:24:54+00:00\",\"dateModified\":\"2026-03-31T16:41:29+00:00\",\"description\":\"Ach\u00e8te Dragon Shield - Japansese Size Perfect Fit Inner Sleeves - Clear (100) en ligne maintenant \u00e0 petit prix! Ton #1 shop pour cartes TCG & Pok\u00e9mon en Suisse \u2713 Livraison gratuite d\u00e8s CHF 29\",\"breadcrumb\":{\"@id\":\"https:\\\/\\\/theuncommonshop.ch\\\/fr\\\/product\\\/dragon-shield-japansese-size-perfect-fit-inner-sleeves-clear-100-2\\\/#breadcrumb\"},\"inLanguage\":\"fr-FR\",\"potentialAction\":[{\"@type\":\"ReadAction\",\"target\":[\"https:\\\/\\\/theuncommonshop.ch\\\/fr\\\/product\\\/dragon-shield-japansese-size-perfect-fit-inner-sleeves-clear-100-2\\\/\"]}]},{\"@type\":\"ImageObject\",\"inLanguage\":\"fr-FR\",\"@id\":\"https:\\\/\\\/theuncommonshop.ch\\\/fr\\\/product\\\/dragon-shield-japansese-size-perfect-fit-inner-sleeves-clear-100-2\\\/#primaryimage\",\"url\":\"https:\\\/\\\/theuncommonshop.ch\\\/wp-content\\\/uploads\\\/2025\\\/06\\\/2542278517.jpg\",\"contentUrl\":\"https:\\\/\\\/theuncommonshop.ch\\\/wp-content\\\/uploads\\\/2025\\\/06\\\/2542278517.jpg\",\"width\":485,\"height\":701},{\"@type\":\"BreadcrumbList\",\"@id\":\"https:\\\/\\\/theuncommonshop.ch\\\/fr\\\/product\\\/dragon-shield-japansese-size-perfect-fit-inner-sleeves-clear-100-2\\\/#breadcrumb\",\"itemListElement\":[{\"@type\":\"ListItem\",\"position\":1,\"name\":\"Accueil\",\"item\":\"https:\\\/\\\/theuncommonshop.ch\\\/fr\\\/accueil\\\/\"},{\"@type\":\"ListItem\",\"position\":2,\"name\":\"Boutique\",\"item\":\"https:\\\/\\\/theuncommonshop.ch\\\/fr\\\/boutique\\\/\"},{\"@type\":\"ListItem\",\"position\":3,\"name\":\"Accessoires TCG\",\"item\":\"https:\\\/\\\/theuncommonshop.ch\\\/fr\\\/categorie-produit\\\/accessoires-tcg\\\/\"},{\"@type\":\"ListItem\",\"position\":4,\"name\":\"Sleeves\",\"item\":\"https:\\\/\\\/theuncommonshop.ch\\\/fr\\\/categorie-produit\\\/accessoires-tcg\\\/sleeves-fr\\\/\"},{\"@type\":\"ListItem\",\"position\":5,\"name\":\"Taille japonaise\",\"item\":\"https:\\\/\\\/theuncommonshop.ch\\\/fr\\\/categorie-produit\\\/accessoires-tcg\\\/sleeves-fr\\\/taille-japonaise\\\/\"},{\"@type\":\"ListItem\",\"position\":6,\"name\":\"Dragon Shield &#8211; Japansese Size Perfect Fit Inner Sleeves &#8211; Clear (100)\"}]},{\"@type\":\"WebSite\",\"@id\":\"https:\\\/\\\/theuncommonshop.ch\\\/fr\\\/#website\",\"url\":\"https:\\\/\\\/theuncommonshop.ch\\\/fr\\\/\",\"name\":\"The Uncommon Shop\",\"description\":\"Magic, Pok\u00e9mon and Yu-gi-oh - The Uncommon Shop\",\"potentialAction\":[{\"@type\":\"SearchAction\",\"target\":{\"@type\":\"EntryPoint\",\"urlTemplate\":\"https:\\\/\\\/theuncommonshop.ch\\\/fr\\\/?s={search_term_string}\"},\"query-input\":{\"@type\":\"PropertyValueSpecification\",\"valueRequired\":true,\"valueName\":\"search_term_string\"}}],\"inLanguage\":\"fr-FR\"}]}<\/script>\n<meta property=\"product:price:amount\" content=\"4.95\" \/>\n<meta property=\"product:price:currency\" content=\"CHF\" \/>\n<meta property=\"og:availability\" content=\"instock\" \/>\n<meta property=\"product:availability\" content=\"instock\" \/>\n<meta property=\"product:retailer_item_id\" content=\"ZU.IV.B.DSPerfectFitInnersleevsJAP\" \/>\n<meta property=\"product:condition\" content=\"new\" \/>\n<!-- \/ Yoast SEO plugin. -->","yoast_head_json":{"title":"Ach\u00e8te Dragon Shield - Japansese Size Perfect Fit Inner Sleeves - Clear (100)","description":"Ach\u00e8te Dragon Shield - Japansese Size Perfect Fit Inner Sleeves - Clear (100) en ligne maintenant \u00e0 petit prix! Ton #1 shop pour cartes TCG & Pok\u00e9mon en Suisse \u2713 Livraison gratuite d\u00e8s CHF 29","robots":{"index":"index","follow":"follow","max-snippet":"max-snippet:-1","max-image-preview":"max-image-preview:large","max-video-preview":"max-video-preview:-1"},"canonical":"https:\/\/theuncommonshop.ch\/fr\/product\/dragon-shield-japansese-size-perfect-fit-inner-sleeves-clear-100-2\/","og_locale":"fr_FR","og_type":"article","og_title":"Ach\u00e8te Dragon Shield - Japansese Size Perfect Fit Inner Sleeves - Clear (100)","og_description":"Ach\u00e8te Dragon Shield - Japansese Size Perfect Fit Inner Sleeves - Clear (100) en ligne maintenant \u00e0 petit prix! Ton #1 shop pour cartes TCG & Pok\u00e9mon en Suisse \u2713 Livraison gratuite d\u00e8s CHF 29","og_url":"https:\/\/theuncommonshop.ch\/fr\/product\/dragon-shield-japansese-size-perfect-fit-inner-sleeves-clear-100-2\/","og_site_name":"The Uncommon Shop","article_modified_time":"2026-03-31T16:41:29+00:00","og_image":[{"width":485,"height":701,"url":"https:\/\/theuncommonshop.ch\/wp-content\/uploads\/2025\/06\/2542278517.jpg","type":"image\/jpeg"}],"twitter_card":"summary_large_image","twitter_misc":{"Prix":"&#67;&#72;&#70;&nbsp;4.95","Disponibilit\u00e9":"En stock"},"schema":{"@context":"https:\/\/schema.org","@graph":[{"@type":"WebPage","@id":"https:\/\/theuncommonshop.ch\/fr\/product\/dragon-shield-japansese-size-perfect-fit-inner-sleeves-clear-100-2\/","url":"https:\/\/theuncommonshop.ch\/fr\/product\/dragon-shield-japansese-size-perfect-fit-inner-sleeves-clear-100-2\/","name":"Ach\u00e8te Dragon Shield - Japansese Size Perfect Fit Inner Sleeves - Clear (100)","isPartOf":{"@id":"https:\/\/theuncommonshop.ch\/fr\/#website"},"primaryImageOfPage":{"@id":"https:\/\/theuncommonshop.ch\/fr\/product\/dragon-shield-japansese-size-perfect-fit-inner-sleeves-clear-100-2\/#primaryimage"},"image":{"@id":"https:\/\/theuncommonshop.ch\/fr\/product\/dragon-shield-japansese-size-perfect-fit-inner-sleeves-clear-100-2\/#primaryimage"},"thumbnailUrl":"https:\/\/theuncommonshop.ch\/wp-content\/uploads\/2025\/06\/2542278517.jpg","datePublished":"2025-06-03T01:24:54+00:00","dateModified":"2026-03-31T16:41:29+00:00","description":"Ach\u00e8te Dragon Shield - Japansese Size Perfect Fit Inner Sleeves - Clear (100) en ligne maintenant \u00e0 petit prix! Ton #1 shop pour cartes TCG & Pok\u00e9mon en Suisse \u2713 Livraison gratuite d\u00e8s CHF 29","breadcrumb":{"@id":"https:\/\/theuncommonshop.ch\/fr\/product\/dragon-shield-japansese-size-perfect-fit-inner-sleeves-clear-100-2\/#breadcrumb"},"inLanguage":"fr-FR","potentialAction":[{"@type":"ReadAction","target":["https:\/\/theuncommonshop.ch\/fr\/product\/dragon-shield-japansese-size-perfect-fit-inner-sleeves-clear-100-2\/"]}]},{"@type":"ImageObject","inLanguage":"fr-FR","@id":"https:\/\/theuncommonshop.ch\/fr\/product\/dragon-shield-japansese-size-perfect-fit-inner-sleeves-clear-100-2\/#primaryimage","url":"https:\/\/theuncommonshop.ch\/wp-content\/uploads\/2025\/06\/2542278517.jpg","contentUrl":"https:\/\/theuncommonshop.ch\/wp-content\/uploads\/2025\/06\/2542278517.jpg","width":485,"height":701},{"@type":"BreadcrumbList","@id":"https:\/\/theuncommonshop.ch\/fr\/product\/dragon-shield-japansese-size-perfect-fit-inner-sleeves-clear-100-2\/#breadcrumb","itemListElement":[{"@type":"ListItem","position":1,"name":"Accueil","item":"https:\/\/theuncommonshop.ch\/fr\/accueil\/"},{"@type":"ListItem","position":2,"name":"Boutique","item":"https:\/\/theuncommonshop.ch\/fr\/boutique\/"},{"@type":"ListItem","position":3,"name":"Accessoires TCG","item":"https:\/\/theuncommonshop.ch\/fr\/categorie-produit\/accessoires-tcg\/"},{"@type":"ListItem","position":4,"name":"Sleeves","item":"https:\/\/theuncommonshop.ch\/fr\/categorie-produit\/accessoires-tcg\/sleeves-fr\/"},{"@type":"ListItem","position":5,"name":"Taille japonaise","item":"https:\/\/theuncommonshop.ch\/fr\/categorie-produit\/accessoires-tcg\/sleeves-fr\/taille-japonaise\/"},{"@type":"ListItem","position":6,"name":"Dragon Shield &#8211; Japansese Size Perfect Fit Inner Sleeves &#8211; Clear (100)"}]},{"@type":"WebSite","@id":"https:\/\/theuncommonshop.ch\/fr\/#website","url":"https:\/\/theuncommonshop.ch\/fr\/","name":"The Uncommon Shop","description":"Magic, Pok\u00e9mon and Yu-gi-oh - The Uncommon Shop","potentialAction":[{"@type":"SearchAction","target":{"@type":"EntryPoint","urlTemplate":"https:\/\/theuncommonshop.ch\/fr\/?s={search_term_string}"},"query-input":{"@type":"PropertyValueSpecification","valueRequired":true,"valueName":"search_term_string"}}],"inLanguage":"fr-FR"}]},"product_price_amount":"4.95","product_price_currency":"CHF","og_availability":"instock","product_availability":"instock","product_retailer_item_id":"ZU.IV.B.DSPerfectFitInnersleevsJAP","product_condition":"new"},"_links":{"self":[{"href":"https:\/\/theuncommonshop.ch\/fr\/wp-json\/wp\/v2\/product\/329274","targetHints":{"allow":["GET"]}}],"collection":[{"href":"https:\/\/theuncommonshop.ch\/fr\/wp-json\/wp\/v2\/product"}],"about":[{"href":"https:\/\/theuncommonshop.ch\/fr\/wp-json\/wp\/v2\/types\/product"}],"replies":[{"embeddable":true,"href":"https:\/\/theuncommonshop.ch\/fr\/wp-json\/wp\/v2\/comments?post=329274"}],"version-history":[{"count":0,"href":"https:\/\/theuncommonshop.ch\/fr\/wp-json\/wp\/v2\/product\/329274\/revisions"}],"wp:featuredmedia":[{"embeddable":true,"href":"https:\/\/theuncommonshop.ch\/fr\/wp-json\/wp\/v2\/media\/62300"}],"wp:attachment":[{"href":"https:\/\/theuncommonshop.ch\/fr\/wp-json\/wp\/v2\/media?parent=329274"}],"wp:term":[{"taxonomy":"product_brand","embeddable":true,"href":"https:\/\/theuncommonshop.ch\/fr\/wp-json\/wp\/v2\/product_brand?post=329274"},{"taxonomy":"product_cat","embeddable":true,"href":"https:\/\/theuncommonshop.ch\/fr\/wp-json\/wp\/v2\/product_cat?post=329274"},{"taxonomy":"product_tag","embeddable":true,"href":"https:\/\/theuncommonshop.ch\/fr\/wp-json\/wp\/v2\/product_tag?post=329274"}],"curies":[{"name":"wp","href":"https:\/\/api.w.org\/{rel}","templated":true}]}}