{"id":329207,"date":"2025-06-03T03:19:04","date_gmt":"2025-06-03T03:19:04","guid":{"rendered":"http:\/\/theuncommonshop.ch\/produkt\/329207\/"},"modified":"2026-03-31T19:34:49","modified_gmt":"2026-03-31T17:34:49","slug":"weiss-schwarz-bang-dream-extra-booster-display-morfonicaxraise-a-suilen-6-packs-en-2","status":"publish","type":"product","link":"https:\/\/theuncommonshop.ch\/fr\/product\/weiss-schwarz-bang-dream-extra-booster-display-morfonicaxraise-a-suilen-6-packs-en-2\/","title":{"rendered":"Blanc Noir &#8211; BanG Dream Extra Booster Display : Morfonica\u00d7RAISE A SUILEN (6 Packs)"},"content":{"rendered":"<div>Renforcez votre deck avec notre derni\u00e8re sortie avec les filles de Morfonica et RAISE A SUILEN !<\/div>\n<div><\/div>\n<div>\u2748Informations sur les cartes de caract\u00e8res\u2748.<\/div>\n<div><\/div>\n<div>Chaque paquet que vous achetez a une chance de contenir une carte Sign !<\/div>\n<div>&#8211; Amane Shindo (en tant que Mashiro Kurata)<\/div>\n<div>&#8211; Hina Suguta (en tant que Toko Kirigaya)<\/div>\n<div>&#8211; Yuka Nishio (en tant que Nanami Hiromachi)<\/div>\n<div>&#8211; Mika (en tant que Tsukushi Futaba)<\/div>\n<div>&#8211; Ayasa (en tant que Rui Yashio)<\/div>\n<div>&#8211; Raychell (en tant que LAYER)<\/div>\n<div>&#8211; Riko Kohara (en tant que LOCK)<\/div>\n<div>&#8211; Natsume (en tant que MASKING)<\/div>\n<div>&#8211; Reo Kurachi (en tant que PAREO)<\/div>\n<div>&#8211; Risa Tsumugi (en tant que CHU\u00b2)<\/div>\n<div><\/div>\n<div>Sp\u00e9cifications du produit<\/div>\n<div>120 types au total : 50 types (Normal) + 50 types (Parall\u00e8le) + 10 types (OFR) + 10 types (SP)<\/div>\n<div>6 cartes par paquet<\/div>\n<div>6 paquets par pr\u00e9sentoir<\/div>\n<div>Chaque paquet contient 2 cartes brillantes !<\/div>\n<div>30 pr\u00e9sentoirs par bo\u00eete<\/div>\n<div>\u203bBlanc Noir (English Edition) ne contient pas de bon de campagne or\/argent.<\/div>\n<p><\/p>\n","protected":false},"excerpt":{"rendered":"<p>Renforcez votre deck avec notre derni\u00e8re sortie avec les filles de Morfonica et RAISE A SUILEN ! \u2748Informations sur les<\/p>\n","protected":false},"featured_media":62111,"comment_status":"open","ping_status":"closed","template":"","meta":{"_acf_changed":false},"product_brand":[5102],"product_cat":[10021,9793],"product_tag":[],"class_list":{"0":"post-329207","1":"product","2":"type-product","3":"status-publish","4":"has-post-thumbnail","6":"product_brand-bushiroad","7":"product_cat-booster-displays-weiss-schwarz","8":"product_cat-weissschwarz","10":"first","11":"outofstock","12":"sale","13":"taxable","14":"shipping-taxable","15":"purchasable","16":"product-type-simple"},"acf":[],"yoast_head":"<!-- This site is optimized with the Yoast SEO plugin v27.5 - https:\/\/yoast.com\/product\/yoast-seo-wordpress\/ -->\n<title>Ach\u00e8te Blanc Noir - BanG Dream Extra Booster Display : Morfonica\u00d7RAISE A SUILEN (6 Packs)<\/title>\n<meta name=\"description\" content=\"Ach\u00e8te Blanc Noir - BanG Dream Extra Booster Display : Morfonica\u00d7RAISE A SUILEN (6 Packs) en ligne maintenant \u00e0 petit prix! Ton #1 shop pour cartes TCG &amp; Pok\u00e9mon en Suisse \u2713 Livraison gratuite d\u00e8s CHF 29\" \/>\n<meta name=\"robots\" content=\"index, follow, max-snippet:-1, max-image-preview:large, max-video-preview:-1\" \/>\n<link rel=\"canonical\" href=\"https:\/\/theuncommonshop.ch\/fr\/product\/weiss-schwarz-bang-dream-extra-booster-display-morfonicaxraise-a-suilen-6-packs-en-2\/\" \/>\n<meta property=\"og:locale\" content=\"fr_FR\" \/>\n<meta property=\"og:type\" content=\"article\" \/>\n<meta property=\"og:title\" content=\"Ach\u00e8te Blanc Noir - BanG Dream Extra Booster Display : Morfonica\u00d7RAISE A SUILEN (6 Packs)\" \/>\n<meta property=\"og:description\" content=\"Ach\u00e8te Blanc Noir - BanG Dream Extra Booster Display : Morfonica\u00d7RAISE A SUILEN (6 Packs) en ligne maintenant \u00e0 petit prix! Ton #1 shop pour cartes TCG &amp; Pok\u00e9mon en Suisse \u2713 Livraison gratuite d\u00e8s CHF 29\" \/>\n<meta property=\"og:url\" content=\"https:\/\/theuncommonshop.ch\/fr\/product\/weiss-schwarz-bang-dream-extra-booster-display-morfonicaxraise-a-suilen-6-packs-en-2\/\" \/>\n<meta property=\"og:site_name\" content=\"The Uncommon Shop\" \/>\n<meta property=\"article:modified_time\" content=\"2026-03-31T17:34:49+00:00\" \/>\n<meta property=\"og:image\" content=\"https:\/\/theuncommonshop.ch\/wp-content\/uploads\/2025\/06\/4184105463.jpg\" \/>\n\t<meta property=\"og:image:width\" content=\"860\" \/>\n\t<meta property=\"og:image:height\" content=\"1399\" \/>\n\t<meta property=\"og:image:type\" content=\"image\/jpeg\" \/>\n<meta name=\"twitter:card\" content=\"summary_large_image\" \/>\n<meta name=\"twitter:label1\" content=\"Prix\" \/>\n\t<meta name=\"twitter:data1\" content=\"&#067;&#072;&#070;&nbsp;39.95\" \/>\n\t<meta name=\"twitter:label2\" content=\"Disponibilit\u00e9\" \/>\n\t<meta name=\"twitter:data2\" content=\"Rupture de stock\" \/>\n<script type=\"application\/ld+json\" class=\"yoast-schema-graph\">{\"@context\":\"https:\\\/\\\/schema.org\",\"@graph\":[{\"@type\":\"WebPage\",\"@id\":\"https:\\\/\\\/theuncommonshop.ch\\\/fr\\\/product\\\/weiss-schwarz-bang-dream-extra-booster-display-morfonicaxraise-a-suilen-6-packs-en-2\\\/\",\"url\":\"https:\\\/\\\/theuncommonshop.ch\\\/fr\\\/product\\\/weiss-schwarz-bang-dream-extra-booster-display-morfonicaxraise-a-suilen-6-packs-en-2\\\/\",\"name\":\"Ach\u00e8te Blanc Noir - BanG Dream Extra Booster Display : Morfonica\u00d7RAISE A SUILEN (6 Packs)\",\"isPartOf\":{\"@id\":\"https:\\\/\\\/theuncommonshop.ch\\\/fr\\\/#website\"},\"primaryImageOfPage\":{\"@id\":\"https:\\\/\\\/theuncommonshop.ch\\\/fr\\\/product\\\/weiss-schwarz-bang-dream-extra-booster-display-morfonicaxraise-a-suilen-6-packs-en-2\\\/#primaryimage\"},\"image\":{\"@id\":\"https:\\\/\\\/theuncommonshop.ch\\\/fr\\\/product\\\/weiss-schwarz-bang-dream-extra-booster-display-morfonicaxraise-a-suilen-6-packs-en-2\\\/#primaryimage\"},\"thumbnailUrl\":\"https:\\\/\\\/theuncommonshop.ch\\\/wp-content\\\/uploads\\\/2025\\\/06\\\/4184105463.jpg\",\"datePublished\":\"2025-06-03T03:19:04+00:00\",\"dateModified\":\"2026-03-31T17:34:49+00:00\",\"description\":\"Ach\u00e8te Blanc Noir - BanG Dream Extra Booster Display : Morfonica\u00d7RAISE A SUILEN (6 Packs) en ligne maintenant \u00e0 petit prix! Ton #1 shop pour cartes TCG & Pok\u00e9mon en Suisse \u2713 Livraison gratuite d\u00e8s CHF 29\",\"breadcrumb\":{\"@id\":\"https:\\\/\\\/theuncommonshop.ch\\\/fr\\\/product\\\/weiss-schwarz-bang-dream-extra-booster-display-morfonicaxraise-a-suilen-6-packs-en-2\\\/#breadcrumb\"},\"inLanguage\":\"fr-FR\",\"potentialAction\":[{\"@type\":\"ReadAction\",\"target\":[\"https:\\\/\\\/theuncommonshop.ch\\\/fr\\\/product\\\/weiss-schwarz-bang-dream-extra-booster-display-morfonicaxraise-a-suilen-6-packs-en-2\\\/\"]}]},{\"@type\":\"ImageObject\",\"inLanguage\":\"fr-FR\",\"@id\":\"https:\\\/\\\/theuncommonshop.ch\\\/fr\\\/product\\\/weiss-schwarz-bang-dream-extra-booster-display-morfonicaxraise-a-suilen-6-packs-en-2\\\/#primaryimage\",\"url\":\"https:\\\/\\\/theuncommonshop.ch\\\/wp-content\\\/uploads\\\/2025\\\/06\\\/4184105463.jpg\",\"contentUrl\":\"https:\\\/\\\/theuncommonshop.ch\\\/wp-content\\\/uploads\\\/2025\\\/06\\\/4184105463.jpg\",\"width\":860,\"height\":1399},{\"@type\":\"BreadcrumbList\",\"@id\":\"https:\\\/\\\/theuncommonshop.ch\\\/fr\\\/product\\\/weiss-schwarz-bang-dream-extra-booster-display-morfonicaxraise-a-suilen-6-packs-en-2\\\/#breadcrumb\",\"itemListElement\":[{\"@type\":\"ListItem\",\"position\":1,\"name\":\"Accueil\",\"item\":\"https:\\\/\\\/theuncommonshop.ch\\\/fr\\\/accueil\\\/\"},{\"@type\":\"ListItem\",\"position\":2,\"name\":\"Boutique\",\"item\":\"https:\\\/\\\/theuncommonshop.ch\\\/fr\\\/boutique\\\/\"},{\"@type\":\"ListItem\",\"position\":3,\"name\":\"Autres cartes \u00e0 collectionner\",\"item\":\"https:\\\/\\\/theuncommonshop.ch\\\/fr\\\/categorie-produit\\\/autres-cartes-a-collectionner\\\/\"},{\"@type\":\"ListItem\",\"position\":4,\"name\":\"Weiss\\\/Schwarz\",\"item\":\"https:\\\/\\\/theuncommonshop.ch\\\/fr\\\/categorie-produit\\\/autres-cartes-a-collectionner\\\/weissschwarz\\\/\"},{\"@type\":\"ListItem\",\"position\":5,\"name\":\"Booster Displays\",\"item\":\"https:\\\/\\\/theuncommonshop.ch\\\/fr\\\/categorie-produit\\\/autres-cartes-a-collectionner\\\/weissschwarz\\\/booster-displays-weiss-schwarz\\\/\"},{\"@type\":\"ListItem\",\"position\":6,\"name\":\"Blanc Noir &#8211; BanG Dream Extra Booster Display : Morfonica\u00d7RAISE A SUILEN (6 Packs)\"}]},{\"@type\":\"WebSite\",\"@id\":\"https:\\\/\\\/theuncommonshop.ch\\\/fr\\\/#website\",\"url\":\"https:\\\/\\\/theuncommonshop.ch\\\/fr\\\/\",\"name\":\"The Uncommon Shop\",\"description\":\"Magic, Pok\u00e9mon and Yu-gi-oh - The Uncommon Shop\",\"potentialAction\":[{\"@type\":\"SearchAction\",\"target\":{\"@type\":\"EntryPoint\",\"urlTemplate\":\"https:\\\/\\\/theuncommonshop.ch\\\/fr\\\/?s={search_term_string}\"},\"query-input\":{\"@type\":\"PropertyValueSpecification\",\"valueRequired\":true,\"valueName\":\"search_term_string\"}}],\"inLanguage\":\"fr-FR\"}]}<\/script>\n<meta property=\"product:price:amount\" content=\"39.95\" \/>\n<meta property=\"product:price:currency\" content=\"CHF\" \/>\n<meta property=\"og:availability\" content=\"out of stock\" \/>\n<meta property=\"product:availability\" content=\"out of stock\" \/>\n<meta property=\"product:retailer_item_id\" content=\"WS.I.D.exMorfonica.EN\" \/>\n<meta property=\"product:condition\" content=\"new\" \/>\n<!-- \/ Yoast SEO plugin. -->","yoast_head_json":{"title":"Ach\u00e8te Blanc Noir - BanG Dream Extra Booster Display : Morfonica\u00d7RAISE A SUILEN (6 Packs)","description":"Ach\u00e8te Blanc Noir - BanG Dream Extra Booster Display : Morfonica\u00d7RAISE A SUILEN (6 Packs) en ligne maintenant \u00e0 petit prix! Ton #1 shop pour cartes TCG & Pok\u00e9mon en Suisse \u2713 Livraison gratuite d\u00e8s CHF 29","robots":{"index":"index","follow":"follow","max-snippet":"max-snippet:-1","max-image-preview":"max-image-preview:large","max-video-preview":"max-video-preview:-1"},"canonical":"https:\/\/theuncommonshop.ch\/fr\/product\/weiss-schwarz-bang-dream-extra-booster-display-morfonicaxraise-a-suilen-6-packs-en-2\/","og_locale":"fr_FR","og_type":"article","og_title":"Ach\u00e8te Blanc Noir - BanG Dream Extra Booster Display : Morfonica\u00d7RAISE A SUILEN (6 Packs)","og_description":"Ach\u00e8te Blanc Noir - BanG Dream Extra Booster Display : Morfonica\u00d7RAISE A SUILEN (6 Packs) en ligne maintenant \u00e0 petit prix! Ton #1 shop pour cartes TCG & Pok\u00e9mon en Suisse \u2713 Livraison gratuite d\u00e8s CHF 29","og_url":"https:\/\/theuncommonshop.ch\/fr\/product\/weiss-schwarz-bang-dream-extra-booster-display-morfonicaxraise-a-suilen-6-packs-en-2\/","og_site_name":"The Uncommon Shop","article_modified_time":"2026-03-31T17:34:49+00:00","og_image":[{"width":860,"height":1399,"url":"https:\/\/theuncommonshop.ch\/wp-content\/uploads\/2025\/06\/4184105463.jpg","type":"image\/jpeg"}],"twitter_card":"summary_large_image","twitter_misc":{"Prix":"&#67;&#72;&#70;&nbsp;39.95","Disponibilit\u00e9":"Rupture de stock"},"schema":{"@context":"https:\/\/schema.org","@graph":[{"@type":"WebPage","@id":"https:\/\/theuncommonshop.ch\/fr\/product\/weiss-schwarz-bang-dream-extra-booster-display-morfonicaxraise-a-suilen-6-packs-en-2\/","url":"https:\/\/theuncommonshop.ch\/fr\/product\/weiss-schwarz-bang-dream-extra-booster-display-morfonicaxraise-a-suilen-6-packs-en-2\/","name":"Ach\u00e8te Blanc Noir - BanG Dream Extra Booster Display : Morfonica\u00d7RAISE A SUILEN (6 Packs)","isPartOf":{"@id":"https:\/\/theuncommonshop.ch\/fr\/#website"},"primaryImageOfPage":{"@id":"https:\/\/theuncommonshop.ch\/fr\/product\/weiss-schwarz-bang-dream-extra-booster-display-morfonicaxraise-a-suilen-6-packs-en-2\/#primaryimage"},"image":{"@id":"https:\/\/theuncommonshop.ch\/fr\/product\/weiss-schwarz-bang-dream-extra-booster-display-morfonicaxraise-a-suilen-6-packs-en-2\/#primaryimage"},"thumbnailUrl":"https:\/\/theuncommonshop.ch\/wp-content\/uploads\/2025\/06\/4184105463.jpg","datePublished":"2025-06-03T03:19:04+00:00","dateModified":"2026-03-31T17:34:49+00:00","description":"Ach\u00e8te Blanc Noir - BanG Dream Extra Booster Display : Morfonica\u00d7RAISE A SUILEN (6 Packs) en ligne maintenant \u00e0 petit prix! Ton #1 shop pour cartes TCG & Pok\u00e9mon en Suisse \u2713 Livraison gratuite d\u00e8s CHF 29","breadcrumb":{"@id":"https:\/\/theuncommonshop.ch\/fr\/product\/weiss-schwarz-bang-dream-extra-booster-display-morfonicaxraise-a-suilen-6-packs-en-2\/#breadcrumb"},"inLanguage":"fr-FR","potentialAction":[{"@type":"ReadAction","target":["https:\/\/theuncommonshop.ch\/fr\/product\/weiss-schwarz-bang-dream-extra-booster-display-morfonicaxraise-a-suilen-6-packs-en-2\/"]}]},{"@type":"ImageObject","inLanguage":"fr-FR","@id":"https:\/\/theuncommonshop.ch\/fr\/product\/weiss-schwarz-bang-dream-extra-booster-display-morfonicaxraise-a-suilen-6-packs-en-2\/#primaryimage","url":"https:\/\/theuncommonshop.ch\/wp-content\/uploads\/2025\/06\/4184105463.jpg","contentUrl":"https:\/\/theuncommonshop.ch\/wp-content\/uploads\/2025\/06\/4184105463.jpg","width":860,"height":1399},{"@type":"BreadcrumbList","@id":"https:\/\/theuncommonshop.ch\/fr\/product\/weiss-schwarz-bang-dream-extra-booster-display-morfonicaxraise-a-suilen-6-packs-en-2\/#breadcrumb","itemListElement":[{"@type":"ListItem","position":1,"name":"Accueil","item":"https:\/\/theuncommonshop.ch\/fr\/accueil\/"},{"@type":"ListItem","position":2,"name":"Boutique","item":"https:\/\/theuncommonshop.ch\/fr\/boutique\/"},{"@type":"ListItem","position":3,"name":"Autres cartes \u00e0 collectionner","item":"https:\/\/theuncommonshop.ch\/fr\/categorie-produit\/autres-cartes-a-collectionner\/"},{"@type":"ListItem","position":4,"name":"Weiss\/Schwarz","item":"https:\/\/theuncommonshop.ch\/fr\/categorie-produit\/autres-cartes-a-collectionner\/weissschwarz\/"},{"@type":"ListItem","position":5,"name":"Booster Displays","item":"https:\/\/theuncommonshop.ch\/fr\/categorie-produit\/autres-cartes-a-collectionner\/weissschwarz\/booster-displays-weiss-schwarz\/"},{"@type":"ListItem","position":6,"name":"Blanc Noir &#8211; BanG Dream Extra Booster Display : Morfonica\u00d7RAISE A SUILEN (6 Packs)"}]},{"@type":"WebSite","@id":"https:\/\/theuncommonshop.ch\/fr\/#website","url":"https:\/\/theuncommonshop.ch\/fr\/","name":"The Uncommon Shop","description":"Magic, Pok\u00e9mon and Yu-gi-oh - The Uncommon Shop","potentialAction":[{"@type":"SearchAction","target":{"@type":"EntryPoint","urlTemplate":"https:\/\/theuncommonshop.ch\/fr\/?s={search_term_string}"},"query-input":{"@type":"PropertyValueSpecification","valueRequired":true,"valueName":"search_term_string"}}],"inLanguage":"fr-FR"}]},"product_price_amount":"39.95","product_price_currency":"CHF","og_availability":"out of stock","product_availability":"out of stock","product_retailer_item_id":"WS.I.D.exMorfonica.EN","product_condition":"new"},"_links":{"self":[{"href":"https:\/\/theuncommonshop.ch\/fr\/wp-json\/wp\/v2\/product\/329207","targetHints":{"allow":["GET"]}}],"collection":[{"href":"https:\/\/theuncommonshop.ch\/fr\/wp-json\/wp\/v2\/product"}],"about":[{"href":"https:\/\/theuncommonshop.ch\/fr\/wp-json\/wp\/v2\/types\/product"}],"replies":[{"embeddable":true,"href":"https:\/\/theuncommonshop.ch\/fr\/wp-json\/wp\/v2\/comments?post=329207"}],"version-history":[{"count":0,"href":"https:\/\/theuncommonshop.ch\/fr\/wp-json\/wp\/v2\/product\/329207\/revisions"}],"wp:featuredmedia":[{"embeddable":true,"href":"https:\/\/theuncommonshop.ch\/fr\/wp-json\/wp\/v2\/media\/62111"}],"wp:attachment":[{"href":"https:\/\/theuncommonshop.ch\/fr\/wp-json\/wp\/v2\/media?parent=329207"}],"wp:term":[{"taxonomy":"product_brand","embeddable":true,"href":"https:\/\/theuncommonshop.ch\/fr\/wp-json\/wp\/v2\/product_brand?post=329207"},{"taxonomy":"product_cat","embeddable":true,"href":"https:\/\/theuncommonshop.ch\/fr\/wp-json\/wp\/v2\/product_cat?post=329207"},{"taxonomy":"product_tag","embeddable":true,"href":"https:\/\/theuncommonshop.ch\/fr\/wp-json\/wp\/v2\/product_tag?post=329207"}],"curies":[{"name":"wp","href":"https:\/\/api.w.org\/{rel}","templated":true}]}}