{"id":329188,"date":"2025-06-03T03:10:27","date_gmt":"2025-06-03T03:10:27","guid":{"rendered":"http:\/\/theuncommonshop.ch\/produkt\/329188\/"},"modified":"2026-03-28T16:36:00","modified_gmt":"2026-03-28T15:36:00","slug":"dragon-shield-art-sleeves-dragon-of-liberty-100-2","status":"publish","type":"product","link":"https:\/\/theuncommonshop.ch\/fr\/product\/dragon-shield-art-sleeves-dragon-of-liberty-100-2\/","title":{"rendered":"Dragon Shield &#8211; Art Sleeves &#8211; Dragon de la Libert\u00e9 (100)"},"content":{"rendered":"<p>Clair au recto et illustration du Dragon de la Libert\u00e9 par Richard Sashigane au verso. Dragons in Landmarks est notre nouvelle s\u00e9rie de Art Sleeves qui fait suite au succ\u00e8s de Dragons in Art. <\/p>\n<p>Les Art Sleeves de Dragon Shield sont imprim\u00e9s directement sur le manchon et ne se pelent ni ne se fendent. Les Sleeves Matte Art associent le dos textur\u00e9 Matte \u00e0 un superbe graphisme tout en conservant des capacit\u00e9s de manipulation sup\u00e9rieures. Un m\u00e9lange parfait de durabilit\u00e9 et de maniabilit\u00e9. <\/p>\n<p>La bo\u00eete en carton robuste peut contenir 75+ cartes en simple sleeve ou 65+ cartes en double sleeve.<\/p>\n<p>Chaque bo\u00eete a une \u00e9tiquette sur le dessus de la bo\u00eete pour la personnalisation.<\/p>\n","protected":false},"excerpt":{"rendered":"<p>Clair au recto et illustration du Dragon de la Libert\u00e9 par Richard Sashigane au verso. Dragons in Landmarks est notre<\/p>\n","protected":false},"featured_media":61821,"comment_status":"open","ping_status":"closed","template":"","meta":{"_acf_changed":false},"product_brand":[5094],"product_cat":[9859,9861,10155],"product_tag":[],"class_list":{"0":"post-329188","1":"product","2":"type-product","3":"status-publish","4":"has-post-thumbnail","6":"product_brand-dragon-shield","7":"product_cat-accessoires-tcg","8":"product_cat-sleeves-fr","9":"product_cat-taille-standard","11":"first","12":"outofstock","13":"taxable","14":"shipping-taxable","15":"purchasable","16":"product-type-simple"},"acf":[],"yoast_head":"<!-- This site is optimized with the Yoast SEO plugin v27.4 - https:\/\/yoast.com\/product\/yoast-seo-wordpress\/ -->\n<title>Ach\u00e8te Dragon Shield - Art Sleeves - Dragon de la Libert\u00e9 (100)<\/title>\n<meta name=\"description\" content=\"Ach\u00e8te Dragon Shield - Art Sleeves - Dragon de la Libert\u00e9 (100) en ligne maintenant \u00e0 petit prix! Ton #1 shop pour cartes TCG &amp; Pok\u00e9mon en Suisse \u2713 Livraison gratuite d\u00e8s CHF 29\" \/>\n<meta name=\"robots\" content=\"index, follow, max-snippet:-1, max-image-preview:large, max-video-preview:-1\" \/>\n<link rel=\"canonical\" href=\"https:\/\/theuncommonshop.ch\/fr\/product\/dragon-shield-art-sleeves-dragon-of-liberty-100-2\/\" \/>\n<meta property=\"og:locale\" content=\"fr_FR\" \/>\n<meta property=\"og:type\" content=\"article\" \/>\n<meta property=\"og:title\" content=\"Ach\u00e8te Dragon Shield - Art Sleeves - Dragon de la Libert\u00e9 (100)\" \/>\n<meta property=\"og:description\" content=\"Ach\u00e8te Dragon Shield - Art Sleeves - Dragon de la Libert\u00e9 (100) en ligne maintenant \u00e0 petit prix! Ton #1 shop pour cartes TCG &amp; Pok\u00e9mon en Suisse \u2713 Livraison gratuite d\u00e8s CHF 29\" \/>\n<meta property=\"og:url\" content=\"https:\/\/theuncommonshop.ch\/fr\/product\/dragon-shield-art-sleeves-dragon-of-liberty-100-2\/\" \/>\n<meta property=\"og:site_name\" content=\"The Uncommon Shop\" \/>\n<meta property=\"article:modified_time\" content=\"2026-03-28T15:36:00+00:00\" \/>\n<meta property=\"og:image\" content=\"https:\/\/theuncommonshop.ch\/wp-content\/uploads\/2025\/06\/2494956714.jpg\" \/>\n\t<meta property=\"og:image:width\" content=\"800\" \/>\n\t<meta property=\"og:image:height\" content=\"1000\" \/>\n\t<meta property=\"og:image:type\" content=\"image\/jpeg\" \/>\n<meta name=\"twitter:card\" content=\"summary_large_image\" \/>\n<meta name=\"twitter:label1\" content=\"Prix\" \/>\n\t<meta name=\"twitter:data1\" content=\"&#067;&#072;&#070;&nbsp;13.95\" \/>\n\t<meta name=\"twitter:label2\" content=\"Disponibilit\u00e9\" \/>\n\t<meta name=\"twitter:data2\" content=\"Rupture de stock\" \/>\n<script type=\"application\/ld+json\" class=\"yoast-schema-graph\">{\"@context\":\"https:\\\/\\\/schema.org\",\"@graph\":[{\"@type\":\"WebPage\",\"@id\":\"https:\\\/\\\/theuncommonshop.ch\\\/fr\\\/product\\\/dragon-shield-art-sleeves-dragon-of-liberty-100-2\\\/\",\"url\":\"https:\\\/\\\/theuncommonshop.ch\\\/fr\\\/product\\\/dragon-shield-art-sleeves-dragon-of-liberty-100-2\\\/\",\"name\":\"Ach\u00e8te Dragon Shield - Art Sleeves - Dragon de la Libert\u00e9 (100)\",\"isPartOf\":{\"@id\":\"https:\\\/\\\/theuncommonshop.ch\\\/fr\\\/#website\"},\"primaryImageOfPage\":{\"@id\":\"https:\\\/\\\/theuncommonshop.ch\\\/fr\\\/product\\\/dragon-shield-art-sleeves-dragon-of-liberty-100-2\\\/#primaryimage\"},\"image\":{\"@id\":\"https:\\\/\\\/theuncommonshop.ch\\\/fr\\\/product\\\/dragon-shield-art-sleeves-dragon-of-liberty-100-2\\\/#primaryimage\"},\"thumbnailUrl\":\"https:\\\/\\\/theuncommonshop.ch\\\/wp-content\\\/uploads\\\/2025\\\/06\\\/2494956714.jpg\",\"datePublished\":\"2025-06-03T03:10:27+00:00\",\"dateModified\":\"2026-03-28T15:36:00+00:00\",\"description\":\"Ach\u00e8te Dragon Shield - Art Sleeves - Dragon de la Libert\u00e9 (100) en ligne maintenant \u00e0 petit prix! Ton #1 shop pour cartes TCG & Pok\u00e9mon en Suisse \u2713 Livraison gratuite d\u00e8s CHF 29\",\"breadcrumb\":{\"@id\":\"https:\\\/\\\/theuncommonshop.ch\\\/fr\\\/product\\\/dragon-shield-art-sleeves-dragon-of-liberty-100-2\\\/#breadcrumb\"},\"inLanguage\":\"fr-FR\",\"potentialAction\":[{\"@type\":\"ReadAction\",\"target\":[\"https:\\\/\\\/theuncommonshop.ch\\\/fr\\\/product\\\/dragon-shield-art-sleeves-dragon-of-liberty-100-2\\\/\"]}]},{\"@type\":\"ImageObject\",\"inLanguage\":\"fr-FR\",\"@id\":\"https:\\\/\\\/theuncommonshop.ch\\\/fr\\\/product\\\/dragon-shield-art-sleeves-dragon-of-liberty-100-2\\\/#primaryimage\",\"url\":\"https:\\\/\\\/theuncommonshop.ch\\\/wp-content\\\/uploads\\\/2025\\\/06\\\/2494956714.jpg\",\"contentUrl\":\"https:\\\/\\\/theuncommonshop.ch\\\/wp-content\\\/uploads\\\/2025\\\/06\\\/2494956714.jpg\",\"width\":800,\"height\":1000},{\"@type\":\"BreadcrumbList\",\"@id\":\"https:\\\/\\\/theuncommonshop.ch\\\/fr\\\/product\\\/dragon-shield-art-sleeves-dragon-of-liberty-100-2\\\/#breadcrumb\",\"itemListElement\":[{\"@type\":\"ListItem\",\"position\":1,\"name\":\"Accueil\",\"item\":\"https:\\\/\\\/theuncommonshop.ch\\\/fr\\\/accueil\\\/\"},{\"@type\":\"ListItem\",\"position\":2,\"name\":\"Boutique\",\"item\":\"https:\\\/\\\/theuncommonshop.ch\\\/fr\\\/boutique\\\/\"},{\"@type\":\"ListItem\",\"position\":3,\"name\":\"Accessoires TCG\",\"item\":\"https:\\\/\\\/theuncommonshop.ch\\\/fr\\\/categorie-produit\\\/accessoires-tcg\\\/\"},{\"@type\":\"ListItem\",\"position\":4,\"name\":\"Sleeves\",\"item\":\"https:\\\/\\\/theuncommonshop.ch\\\/fr\\\/categorie-produit\\\/accessoires-tcg\\\/sleeves-fr\\\/\"},{\"@type\":\"ListItem\",\"position\":5,\"name\":\"Taille standard\",\"item\":\"https:\\\/\\\/theuncommonshop.ch\\\/fr\\\/categorie-produit\\\/accessoires-tcg\\\/sleeves-fr\\\/taille-standard\\\/\"},{\"@type\":\"ListItem\",\"position\":6,\"name\":\"Dragon Shield &#8211; Art Sleeves &#8211; Dragon de la Libert\u00e9 (100)\"}]},{\"@type\":\"WebSite\",\"@id\":\"https:\\\/\\\/theuncommonshop.ch\\\/fr\\\/#website\",\"url\":\"https:\\\/\\\/theuncommonshop.ch\\\/fr\\\/\",\"name\":\"The Uncommon Shop\",\"description\":\"Magic, Pok\u00e9mon and Yu-gi-oh - The Uncommon Shop\",\"potentialAction\":[{\"@type\":\"SearchAction\",\"target\":{\"@type\":\"EntryPoint\",\"urlTemplate\":\"https:\\\/\\\/theuncommonshop.ch\\\/fr\\\/?s={search_term_string}\"},\"query-input\":{\"@type\":\"PropertyValueSpecification\",\"valueRequired\":true,\"valueName\":\"search_term_string\"}}],\"inLanguage\":\"fr-FR\"}]}<\/script>\n<meta property=\"product:price:amount\" content=\"13.95\" \/>\n<meta property=\"product:price:currency\" content=\"CHF\" \/>\n<meta property=\"og:availability\" content=\"out of stock\" \/>\n<meta property=\"product:availability\" content=\"out of stock\" \/>\n<meta property=\"product:retailer_item_id\" content=\"Zub.II.G.DSDragLibertSleeves\" \/>\n<meta property=\"product:condition\" content=\"new\" \/>\n<!-- \/ Yoast SEO plugin. -->","yoast_head_json":{"title":"Ach\u00e8te Dragon Shield - Art Sleeves - Dragon de la Libert\u00e9 (100)","description":"Ach\u00e8te Dragon Shield - Art Sleeves - Dragon de la Libert\u00e9 (100) en ligne maintenant \u00e0 petit prix! Ton #1 shop pour cartes TCG & Pok\u00e9mon en Suisse \u2713 Livraison gratuite d\u00e8s CHF 29","robots":{"index":"index","follow":"follow","max-snippet":"max-snippet:-1","max-image-preview":"max-image-preview:large","max-video-preview":"max-video-preview:-1"},"canonical":"https:\/\/theuncommonshop.ch\/fr\/product\/dragon-shield-art-sleeves-dragon-of-liberty-100-2\/","og_locale":"fr_FR","og_type":"article","og_title":"Ach\u00e8te Dragon Shield - Art Sleeves - Dragon de la Libert\u00e9 (100)","og_description":"Ach\u00e8te Dragon Shield - Art Sleeves - Dragon de la Libert\u00e9 (100) en ligne maintenant \u00e0 petit prix! Ton #1 shop pour cartes TCG & Pok\u00e9mon en Suisse \u2713 Livraison gratuite d\u00e8s CHF 29","og_url":"https:\/\/theuncommonshop.ch\/fr\/product\/dragon-shield-art-sleeves-dragon-of-liberty-100-2\/","og_site_name":"The Uncommon Shop","article_modified_time":"2026-03-28T15:36:00+00:00","og_image":[{"width":800,"height":1000,"url":"https:\/\/theuncommonshop.ch\/wp-content\/uploads\/2025\/06\/2494956714.jpg","type":"image\/jpeg"}],"twitter_card":"summary_large_image","twitter_misc":{"Prix":"&#67;&#72;&#70;&nbsp;13.95","Disponibilit\u00e9":"Rupture de stock"},"schema":{"@context":"https:\/\/schema.org","@graph":[{"@type":"WebPage","@id":"https:\/\/theuncommonshop.ch\/fr\/product\/dragon-shield-art-sleeves-dragon-of-liberty-100-2\/","url":"https:\/\/theuncommonshop.ch\/fr\/product\/dragon-shield-art-sleeves-dragon-of-liberty-100-2\/","name":"Ach\u00e8te Dragon Shield - Art Sleeves - Dragon de la Libert\u00e9 (100)","isPartOf":{"@id":"https:\/\/theuncommonshop.ch\/fr\/#website"},"primaryImageOfPage":{"@id":"https:\/\/theuncommonshop.ch\/fr\/product\/dragon-shield-art-sleeves-dragon-of-liberty-100-2\/#primaryimage"},"image":{"@id":"https:\/\/theuncommonshop.ch\/fr\/product\/dragon-shield-art-sleeves-dragon-of-liberty-100-2\/#primaryimage"},"thumbnailUrl":"https:\/\/theuncommonshop.ch\/wp-content\/uploads\/2025\/06\/2494956714.jpg","datePublished":"2025-06-03T03:10:27+00:00","dateModified":"2026-03-28T15:36:00+00:00","description":"Ach\u00e8te Dragon Shield - Art Sleeves - Dragon de la Libert\u00e9 (100) en ligne maintenant \u00e0 petit prix! Ton #1 shop pour cartes TCG & Pok\u00e9mon en Suisse \u2713 Livraison gratuite d\u00e8s CHF 29","breadcrumb":{"@id":"https:\/\/theuncommonshop.ch\/fr\/product\/dragon-shield-art-sleeves-dragon-of-liberty-100-2\/#breadcrumb"},"inLanguage":"fr-FR","potentialAction":[{"@type":"ReadAction","target":["https:\/\/theuncommonshop.ch\/fr\/product\/dragon-shield-art-sleeves-dragon-of-liberty-100-2\/"]}]},{"@type":"ImageObject","inLanguage":"fr-FR","@id":"https:\/\/theuncommonshop.ch\/fr\/product\/dragon-shield-art-sleeves-dragon-of-liberty-100-2\/#primaryimage","url":"https:\/\/theuncommonshop.ch\/wp-content\/uploads\/2025\/06\/2494956714.jpg","contentUrl":"https:\/\/theuncommonshop.ch\/wp-content\/uploads\/2025\/06\/2494956714.jpg","width":800,"height":1000},{"@type":"BreadcrumbList","@id":"https:\/\/theuncommonshop.ch\/fr\/product\/dragon-shield-art-sleeves-dragon-of-liberty-100-2\/#breadcrumb","itemListElement":[{"@type":"ListItem","position":1,"name":"Accueil","item":"https:\/\/theuncommonshop.ch\/fr\/accueil\/"},{"@type":"ListItem","position":2,"name":"Boutique","item":"https:\/\/theuncommonshop.ch\/fr\/boutique\/"},{"@type":"ListItem","position":3,"name":"Accessoires TCG","item":"https:\/\/theuncommonshop.ch\/fr\/categorie-produit\/accessoires-tcg\/"},{"@type":"ListItem","position":4,"name":"Sleeves","item":"https:\/\/theuncommonshop.ch\/fr\/categorie-produit\/accessoires-tcg\/sleeves-fr\/"},{"@type":"ListItem","position":5,"name":"Taille standard","item":"https:\/\/theuncommonshop.ch\/fr\/categorie-produit\/accessoires-tcg\/sleeves-fr\/taille-standard\/"},{"@type":"ListItem","position":6,"name":"Dragon Shield &#8211; Art Sleeves &#8211; Dragon de la Libert\u00e9 (100)"}]},{"@type":"WebSite","@id":"https:\/\/theuncommonshop.ch\/fr\/#website","url":"https:\/\/theuncommonshop.ch\/fr\/","name":"The Uncommon Shop","description":"Magic, Pok\u00e9mon and Yu-gi-oh - The Uncommon Shop","potentialAction":[{"@type":"SearchAction","target":{"@type":"EntryPoint","urlTemplate":"https:\/\/theuncommonshop.ch\/fr\/?s={search_term_string}"},"query-input":{"@type":"PropertyValueSpecification","valueRequired":true,"valueName":"search_term_string"}}],"inLanguage":"fr-FR"}]},"product_price_amount":"13.95","product_price_currency":"CHF","og_availability":"out of stock","product_availability":"out of stock","product_retailer_item_id":"Zub.II.G.DSDragLibertSleeves","product_condition":"new"},"_links":{"self":[{"href":"https:\/\/theuncommonshop.ch\/fr\/wp-json\/wp\/v2\/product\/329188","targetHints":{"allow":["GET"]}}],"collection":[{"href":"https:\/\/theuncommonshop.ch\/fr\/wp-json\/wp\/v2\/product"}],"about":[{"href":"https:\/\/theuncommonshop.ch\/fr\/wp-json\/wp\/v2\/types\/product"}],"replies":[{"embeddable":true,"href":"https:\/\/theuncommonshop.ch\/fr\/wp-json\/wp\/v2\/comments?post=329188"}],"version-history":[{"count":0,"href":"https:\/\/theuncommonshop.ch\/fr\/wp-json\/wp\/v2\/product\/329188\/revisions"}],"wp:featuredmedia":[{"embeddable":true,"href":"https:\/\/theuncommonshop.ch\/fr\/wp-json\/wp\/v2\/media\/61821"}],"wp:attachment":[{"href":"https:\/\/theuncommonshop.ch\/fr\/wp-json\/wp\/v2\/media?parent=329188"}],"wp:term":[{"taxonomy":"product_brand","embeddable":true,"href":"https:\/\/theuncommonshop.ch\/fr\/wp-json\/wp\/v2\/product_brand?post=329188"},{"taxonomy":"product_cat","embeddable":true,"href":"https:\/\/theuncommonshop.ch\/fr\/wp-json\/wp\/v2\/product_cat?post=329188"},{"taxonomy":"product_tag","embeddable":true,"href":"https:\/\/theuncommonshop.ch\/fr\/wp-json\/wp\/v2\/product_tag?post=329188"}],"curies":[{"name":"wp","href":"https:\/\/api.w.org\/{rel}","templated":true}]}}