{"id":329128,"date":"2025-06-03T02:49:14","date_gmt":"2025-06-03T00:49:14","guid":{"rendered":"http:\/\/theuncommonshop.ch\/produkt\/329128\/"},"modified":"2026-03-29T16:46:59","modified_gmt":"2026-03-29T14:46:59","slug":"magic-innistrad-midnight-hunt-mid-set-booster-display-3","status":"publish","type":"product","link":"https:\/\/theuncommonshop.ch\/fr\/product\/magic-innistrad-midnight-hunt-mid-set-booster-display-3\/","title":{"rendered":"Magic &#8211; Innistrad : Midnight Hunt (MID) &#8211; Set Booster Display"},"content":{"rendered":"<p data-start=\"91\" data-end=\"359\">Plongez dans le monde sombre de <strong data-start=\"126\" data-end=\"167\"><span class=\"hover:entity-accent entity-underline inline cursor-pointer align-baseline\"><span class=\"whitespace-normal\">Innistrad : Midnight Hunt<\/span><\/span><\/strong> avec le <strong data-start=\"176\" data-end=\"205\">set Booster Display (MID)<\/strong>. Ce set marque le retour dans le monde d&#8217;horreur embl\u00e9matique d&#8217;Innistrad, o\u00f9 les loups-garous, les sorci\u00e8res et autres cr\u00e9atures de la nuit deviennent de plus en plus puissants. <\/p>\n<p data-start=\"361\" data-end=\"659\">Les habitants d&#8217;Innistrad tentent d\u00e9sesp\u00e9r\u00e9ment de r\u00e9tablir l&#8217;\u00e9quilibre entre le jour et la nuit. Avec la nouvelle <strong data-start=\"486\" data-end=\"520\">m\u00e9canique Daybound \/ Nightbound<\/strong>, l&#8217;alternance entre le jour et la nuit influe directement sur le d\u00e9roulement du jeu et ouvre de nouvelles possibilit\u00e9s, en particulier pour les strat\u00e9gies de loup-garou. <\/p>\n<p data-start=\"661\" data-end=\"935\"><strong data-start=\"661\" data-end=\"676\">Les Boosters de set<\/strong> ont \u00e9t\u00e9 sp\u00e9cialement con\u00e7us pour les joueurs et les collectionneurs qui aiment ouvrir des Boosters. Ils contiennent un m\u00e9lange passionnant de cartes, souvent plusieurs cartes Rares, ainsi que la chance de recevoir des cartes de <strong data-start=\"864\" data-end=\"878\">&#8220;The List&#8221;,<\/strong> une s\u00e9lection de cartes Magic populaires des sets pr\u00e9c\u00e9dents. <\/p>\n<h3 data-start=\"937\" data-end=\"955\">D\u00e9tails du produit<\/h3>\n<p data-start=\"957\" data-end=\"1317\">&#8211; <strong data-start=\"959\" data-end=\"967\">Set :<\/strong> Innistrad : Midnight Hunt <br data-start=\"992\" data-end=\"995\">&#8211; <strong data-start=\"997\" data-end=\"1010\">Code de l&#8217;ensemble :<\/strong> <strong data-start=\"1011\" data-end=\"1018\">MID<\/strong><br data-start=\"1018\" data-end=\"1021\">&#8211; <strong data-start=\"1023\" data-end=\"1059\">1 display contient 30 sets Booster<\/strong><br data-start=\"1059\" data-end=\"1062\">&#8211; <strong data-start=\"1064\" data-end=\"1110\">12 cartes Magic : The Gathering par Booster<\/strong><br data-start=\"1110\" data-end=\"1113\">&#8211; Plus grande chance de recevoir <strong data-start=\"1133\" data-end=\"1164\">des cartes Rare et Mythic Rare<\/strong><br data-start=\"1164\" data-end=\"1167\">&#8211; Possibilit\u00e9 de recevoir des cartes de <strong data-start=\"1196\" data-end=\"1210\">&#8220;The List<\/strong>&#8220;<br data-start=\"1210\" data-end=\"1213\">&#8211; Possibilit\u00e9 de recevoir <strong data-start=\"1226\" data-end=\"1271\">des cartes Foil et des variantes sp\u00e9ciales de cartes<\/strong><br data-start=\"1271\" data-end=\"1274\">&#8211; Id\u00e9al pour les joueurs de Magic <strong data-start=\"1064\" data-end=\"1110\">: The Gathering.<\/strong>       <strong data-start=\"1286\" data-end=\"1317\">Ouverture des collecteurs et des Boosters<\/strong><\/p>\n<p data-start=\"1319\" data-end=\"1519\">Le <strong data-start=\"1323\" data-end=\"1398\">Booster Display de Magic : The Gathering Innistrad : Midnight Hunt (MID) Set<\/strong> est parfait pour ceux qui souhaitent d\u00e9couvrir des cartes passionnantes en ouvrant des boosters et enrichir leur collection Magic.<\/p>\n","protected":false},"excerpt":{"rendered":"<p>Plongez dans le monde sombre de Innistrad : Midnight Hunt avec le set Booster Display (MID). Ce set marque le<\/p>\n","protected":false},"featured_media":61135,"comment_status":"open","ping_status":"closed","template":"","meta":{"_acf_changed":false},"product_brand":[5158,5070],"product_cat":[9969,10235,9967,9991],"product_tag":[],"class_list":{"0":"post-329128","1":"product","2":"type-product","3":"status-publish","4":"has-post-thumbnail","6":"product_brand-magic-the-gathering","7":"product_brand-wizards-of-the-coast","8":"product_cat-booster-displays-fr","9":"product_cat-innistrad-chasse-de-minuit","10":"product_cat-magic-the-gathering-fr","11":"product_cat-produits-par-lots-mtg","13":"first","14":"outofstock","15":"taxable","16":"shipping-taxable","17":"purchasable","18":"product-type-variable"},"acf":[],"yoast_head":"<!-- This site is optimized with the Yoast SEO plugin v27.4 - https:\/\/yoast.com\/product\/yoast-seo-wordpress\/ -->\n<title>Ach\u00e8te Magic - Innistrad : Midnight Hunt (MID) - Set Booster Display<\/title>\n<meta name=\"description\" content=\"Ach\u00e8te Magic - Innistrad : Midnight Hunt (MID) - Set Booster Display en ligne maintenant \u00e0 petit prix! Ton #1 shop pour cartes TCG &amp; Pok\u00e9mon en Suisse \u2713 Livraison gratuite d\u00e8s CHF 29\" \/>\n<meta name=\"robots\" content=\"index, follow, max-snippet:-1, max-image-preview:large, max-video-preview:-1\" \/>\n<link rel=\"canonical\" href=\"https:\/\/theuncommonshop.ch\/fr\/product\/magic-innistrad-midnight-hunt-mid-set-booster-display-3\/\" \/>\n<meta property=\"og:locale\" content=\"fr_FR\" \/>\n<meta property=\"og:type\" content=\"article\" \/>\n<meta property=\"og:title\" content=\"Ach\u00e8te Magic - Innistrad : Midnight Hunt (MID) - Set Booster Display\" \/>\n<meta property=\"og:description\" content=\"Ach\u00e8te Magic - Innistrad : Midnight Hunt (MID) - Set Booster Display en ligne maintenant \u00e0 petit prix! Ton #1 shop pour cartes TCG &amp; Pok\u00e9mon en Suisse \u2713 Livraison gratuite d\u00e8s CHF 29\" \/>\n<meta property=\"og:url\" content=\"https:\/\/theuncommonshop.ch\/fr\/product\/magic-innistrad-midnight-hunt-mid-set-booster-display-3\/\" \/>\n<meta property=\"og:site_name\" content=\"Largest trading card shop in Switzerland\" \/>\n<meta property=\"article:modified_time\" content=\"2026-03-29T14:46:59+00:00\" \/>\n<meta property=\"og:image\" content=\"https:\/\/theuncommonshop.ch\/wp-content\/uploads\/2025\/06\/2454915245.jpg\" \/>\n\t<meta property=\"og:image:width\" content=\"900\" \/>\n\t<meta property=\"og:image:height\" content=\"730\" \/>\n\t<meta property=\"og:image:type\" content=\"image\/jpeg\" \/>\n<meta name=\"twitter:card\" content=\"summary_large_image\" \/>\n<meta name=\"twitter:label1\" content=\"Disponibilit\u00e9\" \/>\n\t<meta name=\"twitter:data1\" content=\"Rupture de stock\" \/>\n<script type=\"application\/ld+json\" class=\"yoast-schema-graph\">{\"@context\":\"https:\\\/\\\/schema.org\",\"@graph\":[{\"@type\":\"WebPage\",\"@id\":\"https:\\\/\\\/theuncommonshop.ch\\\/fr\\\/product\\\/magic-innistrad-midnight-hunt-mid-set-booster-display-3\\\/\",\"url\":\"https:\\\/\\\/theuncommonshop.ch\\\/fr\\\/product\\\/magic-innistrad-midnight-hunt-mid-set-booster-display-3\\\/\",\"name\":\"Ach\u00e8te Magic - Innistrad : Midnight Hunt (MID) - Set Booster Display\",\"isPartOf\":{\"@id\":\"https:\\\/\\\/theuncommonshop.ch\\\/#website\"},\"primaryImageOfPage\":{\"@id\":\"https:\\\/\\\/theuncommonshop.ch\\\/fr\\\/product\\\/magic-innistrad-midnight-hunt-mid-set-booster-display-3\\\/#primaryimage\"},\"image\":{\"@id\":\"https:\\\/\\\/theuncommonshop.ch\\\/fr\\\/product\\\/magic-innistrad-midnight-hunt-mid-set-booster-display-3\\\/#primaryimage\"},\"thumbnailUrl\":\"https:\\\/\\\/theuncommonshop.ch\\\/wp-content\\\/uploads\\\/2025\\\/06\\\/2454915245.jpg\",\"datePublished\":\"2025-06-03T00:49:14+00:00\",\"dateModified\":\"2026-03-29T14:46:59+00:00\",\"description\":\"Ach\u00e8te Magic - Innistrad : Midnight Hunt (MID) - Set Booster Display en ligne maintenant \u00e0 petit prix! Ton #1 shop pour cartes TCG & Pok\u00e9mon en Suisse \u2713 Livraison gratuite d\u00e8s CHF 29\",\"breadcrumb\":{\"@id\":\"https:\\\/\\\/theuncommonshop.ch\\\/fr\\\/product\\\/magic-innistrad-midnight-hunt-mid-set-booster-display-3\\\/#breadcrumb\"},\"inLanguage\":\"fr-FR\",\"potentialAction\":[{\"@type\":\"ReadAction\",\"target\":[\"https:\\\/\\\/theuncommonshop.ch\\\/fr\\\/product\\\/magic-innistrad-midnight-hunt-mid-set-booster-display-3\\\/\"]}]},{\"@type\":\"ImageObject\",\"inLanguage\":\"fr-FR\",\"@id\":\"https:\\\/\\\/theuncommonshop.ch\\\/fr\\\/product\\\/magic-innistrad-midnight-hunt-mid-set-booster-display-3\\\/#primaryimage\",\"url\":\"https:\\\/\\\/theuncommonshop.ch\\\/wp-content\\\/uploads\\\/2025\\\/06\\\/2454915245.jpg\",\"contentUrl\":\"https:\\\/\\\/theuncommonshop.ch\\\/wp-content\\\/uploads\\\/2025\\\/06\\\/2454915245.jpg\",\"width\":900,\"height\":730},{\"@type\":\"BreadcrumbList\",\"@id\":\"https:\\\/\\\/theuncommonshop.ch\\\/fr\\\/product\\\/magic-innistrad-midnight-hunt-mid-set-booster-display-3\\\/#breadcrumb\",\"itemListElement\":[{\"@type\":\"ListItem\",\"position\":1,\"name\":\"Accueil\",\"item\":\"https:\\\/\\\/theuncommonshop.ch\\\/fr\\\/accueil\\\/\"},{\"@type\":\"ListItem\",\"position\":2,\"name\":\"Boutique\",\"item\":\"https:\\\/\\\/theuncommonshop.ch\\\/fr\\\/boutique\\\/\"},{\"@type\":\"ListItem\",\"position\":3,\"name\":\"Magic the Gathering\",\"item\":\"https:\\\/\\\/theuncommonshop.ch\\\/fr\\\/categorie-produit\\\/magic-the-gathering-fr\\\/\"},{\"@type\":\"ListItem\",\"position\":4,\"name\":\"Produits par lots\",\"item\":\"https:\\\/\\\/theuncommonshop.ch\\\/fr\\\/categorie-produit\\\/magic-the-gathering-fr\\\/produits-par-lots-mtg\\\/\"},{\"@type\":\"ListItem\",\"position\":5,\"name\":\"Innistrad : chasse de minuit\",\"item\":\"https:\\\/\\\/theuncommonshop.ch\\\/fr\\\/categorie-produit\\\/magic-the-gathering-fr\\\/produits-par-lots-mtg\\\/innistrad-chasse-de-minuit\\\/\"},{\"@type\":\"ListItem\",\"position\":6,\"name\":\"Magic &#8211; Innistrad : Midnight Hunt (MID) &#8211; Set Booster Display\"}]},{\"@type\":\"WebSite\",\"@id\":\"https:\\\/\\\/theuncommonshop.ch\\\/#website\",\"url\":\"https:\\\/\\\/theuncommonshop.ch\\\/\",\"name\":\"Largest trading card shop in Switzerland\",\"description\":\"Magic, Pok\u00e9mon and Yu-gi-oh - The Uncommon Shop\",\"potentialAction\":[{\"@type\":\"SearchAction\",\"target\":{\"@type\":\"EntryPoint\",\"urlTemplate\":\"https:\\\/\\\/theuncommonshop.ch\\\/?s={search_term_string}\"},\"query-input\":{\"@type\":\"PropertyValueSpecification\",\"valueRequired\":true,\"valueName\":\"search_term_string\"}}],\"inLanguage\":\"fr-FR\"}]}<\/script>\n<meta property=\"og:availability\" content=\"out of stock\" \/>\n<meta property=\"product:availability\" content=\"out of stock\" \/>\n<meta property=\"product:condition\" content=\"new\" \/>\n<!-- \/ Yoast SEO plugin. -->","yoast_head_json":{"title":"Ach\u00e8te Magic - Innistrad : Midnight Hunt (MID) - Set Booster Display","description":"Ach\u00e8te Magic - Innistrad : Midnight Hunt (MID) - Set Booster Display en ligne maintenant \u00e0 petit prix! Ton #1 shop pour cartes TCG & Pok\u00e9mon en Suisse \u2713 Livraison gratuite d\u00e8s CHF 29","robots":{"index":"index","follow":"follow","max-snippet":"max-snippet:-1","max-image-preview":"max-image-preview:large","max-video-preview":"max-video-preview:-1"},"canonical":"https:\/\/theuncommonshop.ch\/fr\/product\/magic-innistrad-midnight-hunt-mid-set-booster-display-3\/","og_locale":"fr_FR","og_type":"article","og_title":"Ach\u00e8te Magic - Innistrad : Midnight Hunt (MID) - Set Booster Display","og_description":"Ach\u00e8te Magic - Innistrad : Midnight Hunt (MID) - Set Booster Display en ligne maintenant \u00e0 petit prix! Ton #1 shop pour cartes TCG & Pok\u00e9mon en Suisse \u2713 Livraison gratuite d\u00e8s CHF 29","og_url":"https:\/\/theuncommonshop.ch\/fr\/product\/magic-innistrad-midnight-hunt-mid-set-booster-display-3\/","og_site_name":"Largest trading card shop in Switzerland","article_modified_time":"2026-03-29T14:46:59+00:00","og_image":[{"width":900,"height":730,"url":"https:\/\/theuncommonshop.ch\/wp-content\/uploads\/2025\/06\/2454915245.jpg","type":"image\/jpeg"}],"twitter_card":"summary_large_image","twitter_misc":{"Disponibilit\u00e9":"Rupture de stock"},"schema":{"@context":"https:\/\/schema.org","@graph":[{"@type":"WebPage","@id":"https:\/\/theuncommonshop.ch\/fr\/product\/magic-innistrad-midnight-hunt-mid-set-booster-display-3\/","url":"https:\/\/theuncommonshop.ch\/fr\/product\/magic-innistrad-midnight-hunt-mid-set-booster-display-3\/","name":"Ach\u00e8te Magic - Innistrad : Midnight Hunt (MID) - Set Booster Display","isPartOf":{"@id":"https:\/\/theuncommonshop.ch\/#website"},"primaryImageOfPage":{"@id":"https:\/\/theuncommonshop.ch\/fr\/product\/magic-innistrad-midnight-hunt-mid-set-booster-display-3\/#primaryimage"},"image":{"@id":"https:\/\/theuncommonshop.ch\/fr\/product\/magic-innistrad-midnight-hunt-mid-set-booster-display-3\/#primaryimage"},"thumbnailUrl":"https:\/\/theuncommonshop.ch\/wp-content\/uploads\/2025\/06\/2454915245.jpg","datePublished":"2025-06-03T00:49:14+00:00","dateModified":"2026-03-29T14:46:59+00:00","description":"Ach\u00e8te Magic - Innistrad : Midnight Hunt (MID) - Set Booster Display en ligne maintenant \u00e0 petit prix! Ton #1 shop pour cartes TCG & Pok\u00e9mon en Suisse \u2713 Livraison gratuite d\u00e8s CHF 29","breadcrumb":{"@id":"https:\/\/theuncommonshop.ch\/fr\/product\/magic-innistrad-midnight-hunt-mid-set-booster-display-3\/#breadcrumb"},"inLanguage":"fr-FR","potentialAction":[{"@type":"ReadAction","target":["https:\/\/theuncommonshop.ch\/fr\/product\/magic-innistrad-midnight-hunt-mid-set-booster-display-3\/"]}]},{"@type":"ImageObject","inLanguage":"fr-FR","@id":"https:\/\/theuncommonshop.ch\/fr\/product\/magic-innistrad-midnight-hunt-mid-set-booster-display-3\/#primaryimage","url":"https:\/\/theuncommonshop.ch\/wp-content\/uploads\/2025\/06\/2454915245.jpg","contentUrl":"https:\/\/theuncommonshop.ch\/wp-content\/uploads\/2025\/06\/2454915245.jpg","width":900,"height":730},{"@type":"BreadcrumbList","@id":"https:\/\/theuncommonshop.ch\/fr\/product\/magic-innistrad-midnight-hunt-mid-set-booster-display-3\/#breadcrumb","itemListElement":[{"@type":"ListItem","position":1,"name":"Accueil","item":"https:\/\/theuncommonshop.ch\/fr\/accueil\/"},{"@type":"ListItem","position":2,"name":"Boutique","item":"https:\/\/theuncommonshop.ch\/fr\/boutique\/"},{"@type":"ListItem","position":3,"name":"Magic the Gathering","item":"https:\/\/theuncommonshop.ch\/fr\/categorie-produit\/magic-the-gathering-fr\/"},{"@type":"ListItem","position":4,"name":"Produits par lots","item":"https:\/\/theuncommonshop.ch\/fr\/categorie-produit\/magic-the-gathering-fr\/produits-par-lots-mtg\/"},{"@type":"ListItem","position":5,"name":"Innistrad : chasse de minuit","item":"https:\/\/theuncommonshop.ch\/fr\/categorie-produit\/magic-the-gathering-fr\/produits-par-lots-mtg\/innistrad-chasse-de-minuit\/"},{"@type":"ListItem","position":6,"name":"Magic &#8211; Innistrad : Midnight Hunt (MID) &#8211; Set Booster Display"}]},{"@type":"WebSite","@id":"https:\/\/theuncommonshop.ch\/#website","url":"https:\/\/theuncommonshop.ch\/","name":"Largest trading card shop in Switzerland","description":"Magic, Pok\u00e9mon and Yu-gi-oh - The Uncommon Shop","potentialAction":[{"@type":"SearchAction","target":{"@type":"EntryPoint","urlTemplate":"https:\/\/theuncommonshop.ch\/?s={search_term_string}"},"query-input":{"@type":"PropertyValueSpecification","valueRequired":true,"valueName":"search_term_string"}}],"inLanguage":"fr-FR"}]},"og_availability":"out of stock","product_availability":"out of stock","product_condition":"new"},"_links":{"self":[{"href":"https:\/\/theuncommonshop.ch\/fr\/wp-json\/wp\/v2\/product\/329128","targetHints":{"allow":["GET"]}}],"collection":[{"href":"https:\/\/theuncommonshop.ch\/fr\/wp-json\/wp\/v2\/product"}],"about":[{"href":"https:\/\/theuncommonshop.ch\/fr\/wp-json\/wp\/v2\/types\/product"}],"replies":[{"embeddable":true,"href":"https:\/\/theuncommonshop.ch\/fr\/wp-json\/wp\/v2\/comments?post=329128"}],"version-history":[{"count":2,"href":"https:\/\/theuncommonshop.ch\/fr\/wp-json\/wp\/v2\/product\/329128\/revisions"}],"predecessor-version":[{"id":354926,"href":"https:\/\/theuncommonshop.ch\/fr\/wp-json\/wp\/v2\/product\/329128\/revisions\/354926"}],"wp:featuredmedia":[{"embeddable":true,"href":"https:\/\/theuncommonshop.ch\/fr\/wp-json\/wp\/v2\/media\/61135"}],"wp:attachment":[{"href":"https:\/\/theuncommonshop.ch\/fr\/wp-json\/wp\/v2\/media?parent=329128"}],"wp:term":[{"taxonomy":"product_brand","embeddable":true,"href":"https:\/\/theuncommonshop.ch\/fr\/wp-json\/wp\/v2\/product_brand?post=329128"},{"taxonomy":"product_cat","embeddable":true,"href":"https:\/\/theuncommonshop.ch\/fr\/wp-json\/wp\/v2\/product_cat?post=329128"},{"taxonomy":"product_tag","embeddable":true,"href":"https:\/\/theuncommonshop.ch\/fr\/wp-json\/wp\/v2\/product_tag?post=329128"}],"curies":[{"name":"wp","href":"https:\/\/api.w.org\/{rel}","templated":true}]}}