{"id":329114,"date":"2025-06-03T02:48:27","date_gmt":"2025-06-03T00:48:27","guid":{"rendered":"http:\/\/theuncommonshop.ch\/produkt\/329114\/"},"modified":"2026-03-28T16:37:32","modified_gmt":"2026-03-28T15:37:32","slug":"magic-innistrad-midnight-hunt-mid-draft-booster-display-2","status":"publish","type":"product","link":"https:\/\/theuncommonshop.ch\/fr\/product\/magic-innistrad-midnight-hunt-mid-draft-booster-display-2\/","title":{"rendered":"Magic &#8211; Innistrad : Midnight Hunt (MID) &#8211; Draft Booster Display"},"content":{"rendered":"<p data-start=\"93\" data-end=\"448\">D\u00e9couvrez le monde sombre de <strong data-start=\"121\" data-end=\"162\"><span class=\"hover:entity-accent entity-underline inline cursor-pointer align-baseline\"><span class=\"whitespace-normal\">Innistrad : Midnight Hunt, un jeu d&#8217;objets cach\u00e9s.<\/span><\/span><\/strong>dans lequel les loups-garous, les sorci\u00e8res et autres cr\u00e9atures de la nuit prennent le contr\u00f4le. Avec <strong data-start=\"248\" data-end=\"282\">Innistrad : Midnight Hunt (MID)<\/strong>, Magic revient dans le monde d&#8217;horreur embl\u00e9matique d&#8217;Innistrad, o\u00f9 les gens tentent d\u00e9sesp\u00e9r\u00e9ment de r\u00e9tablir l&#8217;\u00e9quilibre entre le jour et la nuit. <\/p>\n<p data-start=\"450\" data-end=\"772\">Le Deck Set apporte de nouvelles m\u00e9caniques passionnantes telles que <strong data-start=\"495\" data-end=\"522\">Daybound et Nightbound<\/strong>, qui affectent l&#8217;alternance du jour et de la nuit dans le jeu et ouvrent de nouvelles possibilit\u00e9s strat\u00e9giques, en particulier pour les decks Loup-Garou. De plus, de nouvelles cartes, de puissantes cr\u00e9atures et des illustrations d&#8217;ambiance garantissent une exp\u00e9rience de jeu intense. <\/p>\n<p data-start=\"774\" data-end=\"918\">Le <strong data-start=\"778\" data-end=\"803\">Draft Booster Display<\/strong> est parfait pour les <strong data-start=\"828\" data-end=\"874\">\u00e9v\u00e9nements de draft, les tournois scell\u00e9s ou les collectionneurs<\/strong> qui souhaitent enrichir leur collection de Magic.<\/p>\n<h3 data-start=\"920\" data-end=\"938\">D\u00e9tails du produit<\/h3>\n<p data-start=\"940\" data-end=\"1245\">&#8211; <strong data-start=\"942\" data-end=\"950\">Set :<\/strong> Innistrad : Midnight Hunt<br data-start=\"975\" data-end=\"978\">&#8211; <strong data-start=\"980\" data-end=\"993\">Code du set :<\/strong> <strong data-start=\"994\" data-end=\"1001\">MID<\/strong><br data-start=\"1001\" data-end=\"1004\">&#8211; <strong data-start=\"1006\" data-end=\"1044\">1 display contient 36 Boosters Draft<\/strong><br data-start=\"1044\" data-end=\"1047\">&#8211; <strong data-start=\"1049\" data-end=\"1095\">15 cartes Magic : The Gathering par Booster<\/strong><br data-start=\"1095\" data-end=\"1098\">&#8211; Chance de trouver des <strong data-start=\"1111\" data-end=\"1148\">cartes Rare, Mythic Rare et Foil<\/strong><br data-start=\"1148\" data-end=\"1151\">&#8211; Contient les m\u00e9caniques <strong data-start=\"1176\" data-end=\"1201\">Daybound \/ Nightbound<\/strong><br data-start=\"1201\" data-end=\"1204\">&#8211; Id\u00e9al pour <strong data-start=\"1216\" data-end=\"1245\">les Draft, Sealed et Sammler Booster<\/strong>.<\/p>\n<p data-start=\"1247\" data-end=\"1442\">Avec le <strong data-start=\"1255\" data-end=\"1332\">Draft Booster Display de Magic : The Gathering Innistrad : Midnight Hunt (MID)<\/strong>, vous vivrez des parties passionnantes dans le monde sombre d&#8217;Innistrad et d\u00e9couvrirez des cartes puissantes pour vos decks.<\/p>\n","protected":false},"excerpt":{"rendered":"<p>D\u00e9couvrez le monde sombre de Innistrad : Midnight Hunt, un jeu d&#8217;objets cach\u00e9s.dans lequel les loups-garous, les sorci\u00e8res et autres<\/p>\n","protected":false},"featured_media":61110,"comment_status":"open","ping_status":"closed","template":"","meta":{"_acf_changed":false},"product_brand":[5158,5070],"product_cat":[9969,10235,9967,9991],"product_tag":[],"class_list":{"0":"post-329114","1":"product","2":"type-product","3":"status-publish","4":"has-post-thumbnail","6":"product_brand-magic-the-gathering","7":"product_brand-wizards-of-the-coast","8":"product_cat-booster-displays-fr","9":"product_cat-innistrad-chasse-de-minuit","10":"product_cat-magic-the-gathering-fr","11":"product_cat-produits-par-lots-mtg","13":"first","14":"instock","15":"taxable","16":"shipping-taxable","17":"purchasable","18":"product-type-variable"},"acf":[],"yoast_head":"<!-- This site is optimized with the Yoast SEO plugin v27.5 - https:\/\/yoast.com\/product\/yoast-seo-wordpress\/ -->\n<title>Ach\u00e8te Magic - Innistrad : Midnight Hunt (MID) - Draft Booster Display<\/title>\n<meta name=\"description\" content=\"Ach\u00e8te Magic - Innistrad : Midnight Hunt (MID) - Draft Booster Display en ligne maintenant \u00e0 petit prix! Ton #1 shop pour cartes TCG &amp; Pok\u00e9mon en Suisse \u2713 Livraison gratuite d\u00e8s CHF 29\" \/>\n<meta name=\"robots\" content=\"index, follow, max-snippet:-1, max-image-preview:large, max-video-preview:-1\" \/>\n<link rel=\"canonical\" href=\"https:\/\/theuncommonshop.ch\/fr\/product\/magic-innistrad-midnight-hunt-mid-draft-booster-display-2\/\" \/>\n<meta property=\"og:locale\" content=\"fr_FR\" \/>\n<meta property=\"og:type\" content=\"article\" \/>\n<meta property=\"og:title\" content=\"Ach\u00e8te Magic - Innistrad : Midnight Hunt (MID) - Draft Booster Display\" \/>\n<meta property=\"og:description\" content=\"Ach\u00e8te Magic - Innistrad : Midnight Hunt (MID) - Draft Booster Display en ligne maintenant \u00e0 petit prix! Ton #1 shop pour cartes TCG &amp; Pok\u00e9mon en Suisse \u2713 Livraison gratuite d\u00e8s CHF 29\" \/>\n<meta property=\"og:url\" content=\"https:\/\/theuncommonshop.ch\/fr\/product\/magic-innistrad-midnight-hunt-mid-draft-booster-display-2\/\" \/>\n<meta property=\"og:site_name\" content=\"The Uncommon Shop\" \/>\n<meta property=\"article:modified_time\" content=\"2026-03-28T15:37:32+00:00\" \/>\n<meta property=\"og:image\" content=\"https:\/\/theuncommonshop.ch\/wp-content\/uploads\/2025\/06\/2454905518.jpg\" \/>\n\t<meta property=\"og:image:width\" content=\"900\" \/>\n\t<meta property=\"og:image:height\" content=\"797\" \/>\n\t<meta property=\"og:image:type\" content=\"image\/jpeg\" \/>\n<meta name=\"twitter:card\" content=\"summary_large_image\" \/>\n<meta name=\"twitter:label1\" content=\"Disponibilit\u00e9\" \/>\n\t<meta name=\"twitter:data1\" content=\"En stock\" \/>\n<script type=\"application\/ld+json\" class=\"yoast-schema-graph\">{\"@context\":\"https:\\\/\\\/schema.org\",\"@graph\":[{\"@type\":\"WebPage\",\"@id\":\"https:\\\/\\\/theuncommonshop.ch\\\/fr\\\/product\\\/magic-innistrad-midnight-hunt-mid-draft-booster-display-2\\\/\",\"url\":\"https:\\\/\\\/theuncommonshop.ch\\\/fr\\\/product\\\/magic-innistrad-midnight-hunt-mid-draft-booster-display-2\\\/\",\"name\":\"Ach\u00e8te Magic - Innistrad : Midnight Hunt (MID) - Draft Booster Display\",\"isPartOf\":{\"@id\":\"https:\\\/\\\/theuncommonshop.ch\\\/fr\\\/#website\"},\"primaryImageOfPage\":{\"@id\":\"https:\\\/\\\/theuncommonshop.ch\\\/fr\\\/product\\\/magic-innistrad-midnight-hunt-mid-draft-booster-display-2\\\/#primaryimage\"},\"image\":{\"@id\":\"https:\\\/\\\/theuncommonshop.ch\\\/fr\\\/product\\\/magic-innistrad-midnight-hunt-mid-draft-booster-display-2\\\/#primaryimage\"},\"thumbnailUrl\":\"https:\\\/\\\/theuncommonshop.ch\\\/wp-content\\\/uploads\\\/2025\\\/06\\\/2454905518.jpg\",\"datePublished\":\"2025-06-03T00:48:27+00:00\",\"dateModified\":\"2026-03-28T15:37:32+00:00\",\"description\":\"Ach\u00e8te Magic - Innistrad : Midnight Hunt (MID) - Draft Booster Display en ligne maintenant \u00e0 petit prix! Ton #1 shop pour cartes TCG & Pok\u00e9mon en Suisse \u2713 Livraison gratuite d\u00e8s CHF 29\",\"breadcrumb\":{\"@id\":\"https:\\\/\\\/theuncommonshop.ch\\\/fr\\\/product\\\/magic-innistrad-midnight-hunt-mid-draft-booster-display-2\\\/#breadcrumb\"},\"inLanguage\":\"fr-FR\",\"potentialAction\":[{\"@type\":\"ReadAction\",\"target\":[\"https:\\\/\\\/theuncommonshop.ch\\\/fr\\\/product\\\/magic-innistrad-midnight-hunt-mid-draft-booster-display-2\\\/\"]}]},{\"@type\":\"ImageObject\",\"inLanguage\":\"fr-FR\",\"@id\":\"https:\\\/\\\/theuncommonshop.ch\\\/fr\\\/product\\\/magic-innistrad-midnight-hunt-mid-draft-booster-display-2\\\/#primaryimage\",\"url\":\"https:\\\/\\\/theuncommonshop.ch\\\/wp-content\\\/uploads\\\/2025\\\/06\\\/2454905518.jpg\",\"contentUrl\":\"https:\\\/\\\/theuncommonshop.ch\\\/wp-content\\\/uploads\\\/2025\\\/06\\\/2454905518.jpg\",\"width\":900,\"height\":797},{\"@type\":\"BreadcrumbList\",\"@id\":\"https:\\\/\\\/theuncommonshop.ch\\\/fr\\\/product\\\/magic-innistrad-midnight-hunt-mid-draft-booster-display-2\\\/#breadcrumb\",\"itemListElement\":[{\"@type\":\"ListItem\",\"position\":1,\"name\":\"Accueil\",\"item\":\"https:\\\/\\\/theuncommonshop.ch\\\/fr\\\/accueil\\\/\"},{\"@type\":\"ListItem\",\"position\":2,\"name\":\"Boutique\",\"item\":\"https:\\\/\\\/theuncommonshop.ch\\\/fr\\\/boutique\\\/\"},{\"@type\":\"ListItem\",\"position\":3,\"name\":\"Magic the Gathering\",\"item\":\"https:\\\/\\\/theuncommonshop.ch\\\/fr\\\/categorie-produit\\\/magic-the-gathering-fr\\\/\"},{\"@type\":\"ListItem\",\"position\":4,\"name\":\"Produits par lots\",\"item\":\"https:\\\/\\\/theuncommonshop.ch\\\/fr\\\/categorie-produit\\\/magic-the-gathering-fr\\\/produits-par-lots-mtg\\\/\"},{\"@type\":\"ListItem\",\"position\":5,\"name\":\"Innistrad : chasse de minuit\",\"item\":\"https:\\\/\\\/theuncommonshop.ch\\\/fr\\\/categorie-produit\\\/magic-the-gathering-fr\\\/produits-par-lots-mtg\\\/innistrad-chasse-de-minuit\\\/\"},{\"@type\":\"ListItem\",\"position\":6,\"name\":\"Magic &#8211; Innistrad : Midnight Hunt (MID) &#8211; Draft Booster Display\"}]},{\"@type\":\"WebSite\",\"@id\":\"https:\\\/\\\/theuncommonshop.ch\\\/fr\\\/#website\",\"url\":\"https:\\\/\\\/theuncommonshop.ch\\\/fr\\\/\",\"name\":\"The Uncommon Shop\",\"description\":\"Magic, Pok\u00e9mon and Yu-gi-oh - The Uncommon Shop\",\"potentialAction\":[{\"@type\":\"SearchAction\",\"target\":{\"@type\":\"EntryPoint\",\"urlTemplate\":\"https:\\\/\\\/theuncommonshop.ch\\\/fr\\\/?s={search_term_string}\"},\"query-input\":{\"@type\":\"PropertyValueSpecification\",\"valueRequired\":true,\"valueName\":\"search_term_string\"}}],\"inLanguage\":\"fr-FR\"}]}<\/script>\n<meta property=\"og:availability\" content=\"instock\" \/>\n<meta property=\"product:availability\" content=\"instock\" \/>\n<meta property=\"product:condition\" content=\"new\" \/>\n<!-- \/ Yoast SEO plugin. -->","yoast_head_json":{"title":"Ach\u00e8te Magic - Innistrad : Midnight Hunt (MID) - Draft Booster Display","description":"Ach\u00e8te Magic - Innistrad : Midnight Hunt (MID) - Draft Booster Display en ligne maintenant \u00e0 petit prix! Ton #1 shop pour cartes TCG & Pok\u00e9mon en Suisse \u2713 Livraison gratuite d\u00e8s CHF 29","robots":{"index":"index","follow":"follow","max-snippet":"max-snippet:-1","max-image-preview":"max-image-preview:large","max-video-preview":"max-video-preview:-1"},"canonical":"https:\/\/theuncommonshop.ch\/fr\/product\/magic-innistrad-midnight-hunt-mid-draft-booster-display-2\/","og_locale":"fr_FR","og_type":"article","og_title":"Ach\u00e8te Magic - Innistrad : Midnight Hunt (MID) - Draft Booster Display","og_description":"Ach\u00e8te Magic - Innistrad : Midnight Hunt (MID) - Draft Booster Display en ligne maintenant \u00e0 petit prix! Ton #1 shop pour cartes TCG & Pok\u00e9mon en Suisse \u2713 Livraison gratuite d\u00e8s CHF 29","og_url":"https:\/\/theuncommonshop.ch\/fr\/product\/magic-innistrad-midnight-hunt-mid-draft-booster-display-2\/","og_site_name":"The Uncommon Shop","article_modified_time":"2026-03-28T15:37:32+00:00","og_image":[{"width":900,"height":797,"url":"https:\/\/theuncommonshop.ch\/wp-content\/uploads\/2025\/06\/2454905518.jpg","type":"image\/jpeg"}],"twitter_card":"summary_large_image","twitter_misc":{"Disponibilit\u00e9":"En stock"},"schema":{"@context":"https:\/\/schema.org","@graph":[{"@type":"WebPage","@id":"https:\/\/theuncommonshop.ch\/fr\/product\/magic-innistrad-midnight-hunt-mid-draft-booster-display-2\/","url":"https:\/\/theuncommonshop.ch\/fr\/product\/magic-innistrad-midnight-hunt-mid-draft-booster-display-2\/","name":"Ach\u00e8te Magic - Innistrad : Midnight Hunt (MID) - Draft Booster Display","isPartOf":{"@id":"https:\/\/theuncommonshop.ch\/fr\/#website"},"primaryImageOfPage":{"@id":"https:\/\/theuncommonshop.ch\/fr\/product\/magic-innistrad-midnight-hunt-mid-draft-booster-display-2\/#primaryimage"},"image":{"@id":"https:\/\/theuncommonshop.ch\/fr\/product\/magic-innistrad-midnight-hunt-mid-draft-booster-display-2\/#primaryimage"},"thumbnailUrl":"https:\/\/theuncommonshop.ch\/wp-content\/uploads\/2025\/06\/2454905518.jpg","datePublished":"2025-06-03T00:48:27+00:00","dateModified":"2026-03-28T15:37:32+00:00","description":"Ach\u00e8te Magic - Innistrad : Midnight Hunt (MID) - Draft Booster Display en ligne maintenant \u00e0 petit prix! Ton #1 shop pour cartes TCG & Pok\u00e9mon en Suisse \u2713 Livraison gratuite d\u00e8s CHF 29","breadcrumb":{"@id":"https:\/\/theuncommonshop.ch\/fr\/product\/magic-innistrad-midnight-hunt-mid-draft-booster-display-2\/#breadcrumb"},"inLanguage":"fr-FR","potentialAction":[{"@type":"ReadAction","target":["https:\/\/theuncommonshop.ch\/fr\/product\/magic-innistrad-midnight-hunt-mid-draft-booster-display-2\/"]}]},{"@type":"ImageObject","inLanguage":"fr-FR","@id":"https:\/\/theuncommonshop.ch\/fr\/product\/magic-innistrad-midnight-hunt-mid-draft-booster-display-2\/#primaryimage","url":"https:\/\/theuncommonshop.ch\/wp-content\/uploads\/2025\/06\/2454905518.jpg","contentUrl":"https:\/\/theuncommonshop.ch\/wp-content\/uploads\/2025\/06\/2454905518.jpg","width":900,"height":797},{"@type":"BreadcrumbList","@id":"https:\/\/theuncommonshop.ch\/fr\/product\/magic-innistrad-midnight-hunt-mid-draft-booster-display-2\/#breadcrumb","itemListElement":[{"@type":"ListItem","position":1,"name":"Accueil","item":"https:\/\/theuncommonshop.ch\/fr\/accueil\/"},{"@type":"ListItem","position":2,"name":"Boutique","item":"https:\/\/theuncommonshop.ch\/fr\/boutique\/"},{"@type":"ListItem","position":3,"name":"Magic the Gathering","item":"https:\/\/theuncommonshop.ch\/fr\/categorie-produit\/magic-the-gathering-fr\/"},{"@type":"ListItem","position":4,"name":"Produits par lots","item":"https:\/\/theuncommonshop.ch\/fr\/categorie-produit\/magic-the-gathering-fr\/produits-par-lots-mtg\/"},{"@type":"ListItem","position":5,"name":"Innistrad : chasse de minuit","item":"https:\/\/theuncommonshop.ch\/fr\/categorie-produit\/magic-the-gathering-fr\/produits-par-lots-mtg\/innistrad-chasse-de-minuit\/"},{"@type":"ListItem","position":6,"name":"Magic &#8211; Innistrad : Midnight Hunt (MID) &#8211; Draft Booster Display"}]},{"@type":"WebSite","@id":"https:\/\/theuncommonshop.ch\/fr\/#website","url":"https:\/\/theuncommonshop.ch\/fr\/","name":"The Uncommon Shop","description":"Magic, Pok\u00e9mon and Yu-gi-oh - The Uncommon Shop","potentialAction":[{"@type":"SearchAction","target":{"@type":"EntryPoint","urlTemplate":"https:\/\/theuncommonshop.ch\/fr\/?s={search_term_string}"},"query-input":{"@type":"PropertyValueSpecification","valueRequired":true,"valueName":"search_term_string"}}],"inLanguage":"fr-FR"}]},"og_availability":"instock","product_availability":"instock","product_condition":"new"},"_links":{"self":[{"href":"https:\/\/theuncommonshop.ch\/fr\/wp-json\/wp\/v2\/product\/329114","targetHints":{"allow":["GET"]}}],"collection":[{"href":"https:\/\/theuncommonshop.ch\/fr\/wp-json\/wp\/v2\/product"}],"about":[{"href":"https:\/\/theuncommonshop.ch\/fr\/wp-json\/wp\/v2\/types\/product"}],"replies":[{"embeddable":true,"href":"https:\/\/theuncommonshop.ch\/fr\/wp-json\/wp\/v2\/comments?post=329114"}],"version-history":[{"count":0,"href":"https:\/\/theuncommonshop.ch\/fr\/wp-json\/wp\/v2\/product\/329114\/revisions"}],"wp:featuredmedia":[{"embeddable":true,"href":"https:\/\/theuncommonshop.ch\/fr\/wp-json\/wp\/v2\/media\/61110"}],"wp:attachment":[{"href":"https:\/\/theuncommonshop.ch\/fr\/wp-json\/wp\/v2\/media?parent=329114"}],"wp:term":[{"taxonomy":"product_brand","embeddable":true,"href":"https:\/\/theuncommonshop.ch\/fr\/wp-json\/wp\/v2\/product_brand?post=329114"},{"taxonomy":"product_cat","embeddable":true,"href":"https:\/\/theuncommonshop.ch\/fr\/wp-json\/wp\/v2\/product_cat?post=329114"},{"taxonomy":"product_tag","embeddable":true,"href":"https:\/\/theuncommonshop.ch\/fr\/wp-json\/wp\/v2\/product_tag?post=329114"}],"curies":[{"name":"wp","href":"https:\/\/api.w.org\/{rel}","templated":true}]}}