{"id":329102,"date":"2025-06-03T02:48:13","date_gmt":"2025-06-03T00:48:13","guid":{"rendered":"http:\/\/theuncommonshop.ch\/produkt\/329102\/"},"modified":"2026-03-29T14:10:59","modified_gmt":"2026-03-29T12:10:59","slug":"magic-innistrad-midnight-hunt-mid-set-booster-pack-2","status":"publish","type":"product","link":"https:\/\/theuncommonshop.ch\/fr\/product\/magic-innistrad-midnight-hunt-mid-set-booster-pack-2\/","title":{"rendered":"Magic &#8211; Innistrad Midnight Hunt (MID) &#8211; Set Booster Pack"},"content":{"rendered":"<p><strong>Magic &#8211; Innistrad Midnight Hunt (MID) &#8211; Set Booster Pack<\/strong><\/p>\n<p>Allumez votre bougie pour commencer. Il est temps de commencer la f\u00eate de la moisson. Allez-vous vous efforcer de repousser les t\u00e9n\u00e8bres qui s&#8217;approchent ? Ou allez-vous vous abandonner \u00e0 la puissance de l&#8217;obscurit\u00e9 imminente ? Affrontez vos peurs avec de nouveaux m\u00e9canismes effrayants et de terrifiantes cartes Loup-Garou \u00e0 double face qui deviennent encore plus terrifiantes la nuit !    <\/p>\n<p>Innistrad : Midnight Hunt contient 277 cartes normales (100 Commons, 83 Uncommons, 64 Rares, 20 Rares mythiques et 10 Terres de base) ainsi que des versions premium de toutes les cartes qui sont ins\u00e9r\u00e9es al\u00e9atoirement. Dix terres de base &#8220;Eternal Night&#8221; sont incluses dans les cartes normales. Pour chaque vari\u00e9t\u00e9, deux images en noir et blanc avec des accents de couleur sont incluses. Le num\u00e9ro de carte sur les cadres de carte alternatifs est diff\u00e9rent de la version originale.   <\/p>\n<p>Dans la lign\u00e9e des pr\u00e9c\u00e9dents sets Innistrad, Innistrad : Mitternachtsjagd se concentre sur cinq tribus de couleur alli\u00e9es, chacune ayant un m\u00e9canisme qui lui est associ\u00e9 &#8211; bien que ces m\u00e9canismes puissent \u00e9galement appara\u00eetre en dehors de ces deux couleurs. Les loups-garous marquent le retour des cartes \u00e0 double face qui se transforment, avec cette fois-ci un m\u00e9canisme de mot-cl\u00e9 suppl\u00e9mentaire pour leur transformation. <\/p>\n<p>Les clauses de transformation li\u00e9e au jour et \u00e0 la nuit des pr\u00e9c\u00e9dents sets Innistrad ont \u00e9t\u00e9 modifi\u00e9es. Transformez toutes les permanentes li\u00e9es \u00e0 la nuit lorsque le soleil se l\u00e8ve. Transformez tous les permanents li\u00e9s au jour lorsque la nuit tombe. Lorsque la nuit tombe, les permanents li\u00e9s \u00e0 la nuit entrent sur le champ de bataille (c&#8217;est-\u00e0-dire modifi\u00e9s).   <\/p>\n<p>Les humains travaillent d\u00e9sormais ensemble dans un coven, un nouveau mot de comp\u00e9tence qui vous donne un effet lorsque vous g\u00e9rez trois cr\u00e9atures ou plus avec des comp\u00e9tences diff\u00e9rentes. Disturb, une capacit\u00e9 de mot-cl\u00e9 qui vous permet de lancer ces cartes transform\u00e9es depuis votre cimeti\u00e8re, permet aux esprits de revenir d&#8217;entre les morts. <\/p>\n<p>Les cr\u00e9atures d\u00e9cim\u00e9es ne peuvent pas bloquer et sont sacrifi\u00e9es \u00e0 la fin du tour si elles attaquent. On peut la trouver sur les jetons Zombie et les cartes associ\u00e9es aux Zombies. <\/p>\n<p>Un Booster du set Innistrad : Mitternachtsjagd contient 12 cartes jouables.<\/p>\n","protected":false},"excerpt":{"rendered":"<p>Magic &#8211; Innistrad Midnight Hunt (MID) &#8211; Set Booster Pack Allumez votre bougie pour commencer. Il est temps de commencer<\/p>\n","protected":false},"featured_media":61103,"comment_status":"open","ping_status":"closed","template":"","meta":{"_acf_changed":false},"product_brand":[5158,5070],"product_cat":[9985,10235,9967,9991],"product_tag":[],"class_list":{"0":"post-329102","1":"product","2":"type-product","3":"status-publish","4":"has-post-thumbnail","6":"product_brand-magic-the-gathering","7":"product_brand-wizards-of-the-coast","8":"product_cat-booster-packs-fr","9":"product_cat-innistrad-chasse-de-minuit","10":"product_cat-magic-the-gathering-fr","11":"product_cat-produits-par-lots-mtg","13":"first","14":"outofstock","15":"taxable","16":"shipping-taxable","17":"purchasable","18":"product-type-variable"},"acf":[],"yoast_head":"<!-- This site is optimized with the Yoast SEO plugin v27.5 - https:\/\/yoast.com\/product\/yoast-seo-wordpress\/ -->\n<title>Ach\u00e8te Magic - Innistrad Midnight Hunt (MID) - Set Booster Pack<\/title>\n<meta name=\"description\" content=\"Ach\u00e8te Magic - Innistrad Midnight Hunt (MID) - Set Booster Pack en ligne maintenant \u00e0 petit prix! Ton #1 shop pour cartes TCG &amp; Pok\u00e9mon en Suisse \u2713 Livraison gratuite d\u00e8s CHF 29\" \/>\n<meta name=\"robots\" content=\"index, follow, max-snippet:-1, max-image-preview:large, max-video-preview:-1\" \/>\n<link rel=\"canonical\" href=\"https:\/\/theuncommonshop.ch\/fr\/product\/magic-innistrad-midnight-hunt-mid-set-booster-pack-2\/\" \/>\n<meta property=\"og:locale\" content=\"fr_FR\" \/>\n<meta property=\"og:type\" content=\"article\" \/>\n<meta property=\"og:title\" content=\"Ach\u00e8te Magic - Innistrad Midnight Hunt (MID) - Set Booster Pack\" \/>\n<meta property=\"og:description\" content=\"Ach\u00e8te Magic - Innistrad Midnight Hunt (MID) - Set Booster Pack en ligne maintenant \u00e0 petit prix! Ton #1 shop pour cartes TCG &amp; Pok\u00e9mon en Suisse \u2713 Livraison gratuite d\u00e8s CHF 29\" \/>\n<meta property=\"og:url\" content=\"https:\/\/theuncommonshop.ch\/fr\/product\/magic-innistrad-midnight-hunt-mid-set-booster-pack-2\/\" \/>\n<meta property=\"og:site_name\" content=\"The Uncommon Shop\" \/>\n<meta property=\"article:modified_time\" content=\"2026-03-29T12:10:59+00:00\" \/>\n<meta property=\"og:image\" content=\"https:\/\/theuncommonshop.ch\/wp-content\/uploads\/2025\/06\/2454934951.jpg\" \/>\n\t<meta property=\"og:image:width\" content=\"900\" \/>\n\t<meta property=\"og:image:height\" content=\"1604\" \/>\n\t<meta property=\"og:image:type\" content=\"image\/jpeg\" \/>\n<meta name=\"twitter:card\" content=\"summary_large_image\" \/>\n<meta name=\"twitter:label1\" content=\"Disponibilit\u00e9\" \/>\n\t<meta name=\"twitter:data1\" content=\"Rupture de stock\" \/>\n<script type=\"application\/ld+json\" class=\"yoast-schema-graph\">{\"@context\":\"https:\\\/\\\/schema.org\",\"@graph\":[{\"@type\":\"WebPage\",\"@id\":\"https:\\\/\\\/theuncommonshop.ch\\\/fr\\\/product\\\/magic-innistrad-midnight-hunt-mid-set-booster-pack-2\\\/\",\"url\":\"https:\\\/\\\/theuncommonshop.ch\\\/fr\\\/product\\\/magic-innistrad-midnight-hunt-mid-set-booster-pack-2\\\/\",\"name\":\"Ach\u00e8te Magic - Innistrad Midnight Hunt (MID) - Set Booster Pack\",\"isPartOf\":{\"@id\":\"https:\\\/\\\/theuncommonshop.ch\\\/fr\\\/#website\"},\"primaryImageOfPage\":{\"@id\":\"https:\\\/\\\/theuncommonshop.ch\\\/fr\\\/product\\\/magic-innistrad-midnight-hunt-mid-set-booster-pack-2\\\/#primaryimage\"},\"image\":{\"@id\":\"https:\\\/\\\/theuncommonshop.ch\\\/fr\\\/product\\\/magic-innistrad-midnight-hunt-mid-set-booster-pack-2\\\/#primaryimage\"},\"thumbnailUrl\":\"https:\\\/\\\/theuncommonshop.ch\\\/wp-content\\\/uploads\\\/2025\\\/06\\\/2454934951.jpg\",\"datePublished\":\"2025-06-03T00:48:13+00:00\",\"dateModified\":\"2026-03-29T12:10:59+00:00\",\"description\":\"Ach\u00e8te Magic - Innistrad Midnight Hunt (MID) - Set Booster Pack en ligne maintenant \u00e0 petit prix! Ton #1 shop pour cartes TCG & Pok\u00e9mon en Suisse \u2713 Livraison gratuite d\u00e8s CHF 29\",\"breadcrumb\":{\"@id\":\"https:\\\/\\\/theuncommonshop.ch\\\/fr\\\/product\\\/magic-innistrad-midnight-hunt-mid-set-booster-pack-2\\\/#breadcrumb\"},\"inLanguage\":\"fr-FR\",\"potentialAction\":[{\"@type\":\"ReadAction\",\"target\":[\"https:\\\/\\\/theuncommonshop.ch\\\/fr\\\/product\\\/magic-innistrad-midnight-hunt-mid-set-booster-pack-2\\\/\"]}]},{\"@type\":\"ImageObject\",\"inLanguage\":\"fr-FR\",\"@id\":\"https:\\\/\\\/theuncommonshop.ch\\\/fr\\\/product\\\/magic-innistrad-midnight-hunt-mid-set-booster-pack-2\\\/#primaryimage\",\"url\":\"https:\\\/\\\/theuncommonshop.ch\\\/wp-content\\\/uploads\\\/2025\\\/06\\\/2454934951.jpg\",\"contentUrl\":\"https:\\\/\\\/theuncommonshop.ch\\\/wp-content\\\/uploads\\\/2025\\\/06\\\/2454934951.jpg\",\"width\":900,\"height\":1604},{\"@type\":\"BreadcrumbList\",\"@id\":\"https:\\\/\\\/theuncommonshop.ch\\\/fr\\\/product\\\/magic-innistrad-midnight-hunt-mid-set-booster-pack-2\\\/#breadcrumb\",\"itemListElement\":[{\"@type\":\"ListItem\",\"position\":1,\"name\":\"Accueil\",\"item\":\"https:\\\/\\\/theuncommonshop.ch\\\/fr\\\/accueil\\\/\"},{\"@type\":\"ListItem\",\"position\":2,\"name\":\"Boutique\",\"item\":\"https:\\\/\\\/theuncommonshop.ch\\\/fr\\\/boutique\\\/\"},{\"@type\":\"ListItem\",\"position\":3,\"name\":\"Magic the Gathering\",\"item\":\"https:\\\/\\\/theuncommonshop.ch\\\/fr\\\/categorie-produit\\\/magic-the-gathering-fr\\\/\"},{\"@type\":\"ListItem\",\"position\":4,\"name\":\"Produits par lots\",\"item\":\"https:\\\/\\\/theuncommonshop.ch\\\/fr\\\/categorie-produit\\\/magic-the-gathering-fr\\\/produits-par-lots-mtg\\\/\"},{\"@type\":\"ListItem\",\"position\":5,\"name\":\"Innistrad : chasse de minuit\",\"item\":\"https:\\\/\\\/theuncommonshop.ch\\\/fr\\\/categorie-produit\\\/magic-the-gathering-fr\\\/produits-par-lots-mtg\\\/innistrad-chasse-de-minuit\\\/\"},{\"@type\":\"ListItem\",\"position\":6,\"name\":\"Magic &#8211; Innistrad Midnight Hunt (MID) &#8211; Set Booster Pack\"}]},{\"@type\":\"WebSite\",\"@id\":\"https:\\\/\\\/theuncommonshop.ch\\\/fr\\\/#website\",\"url\":\"https:\\\/\\\/theuncommonshop.ch\\\/fr\\\/\",\"name\":\"The Uncommon Shop\",\"description\":\"Magic, Pok\u00e9mon and Yu-gi-oh - The Uncommon Shop\",\"potentialAction\":[{\"@type\":\"SearchAction\",\"target\":{\"@type\":\"EntryPoint\",\"urlTemplate\":\"https:\\\/\\\/theuncommonshop.ch\\\/fr\\\/?s={search_term_string}\"},\"query-input\":{\"@type\":\"PropertyValueSpecification\",\"valueRequired\":true,\"valueName\":\"search_term_string\"}}],\"inLanguage\":\"fr-FR\"}]}<\/script>\n<meta property=\"og:availability\" content=\"out of stock\" \/>\n<meta property=\"product:availability\" content=\"out of stock\" \/>\n<meta property=\"product:condition\" content=\"new\" \/>\n<!-- \/ Yoast SEO plugin. -->","yoast_head_json":{"title":"Ach\u00e8te Magic - Innistrad Midnight Hunt (MID) - Set Booster Pack","description":"Ach\u00e8te Magic - Innistrad Midnight Hunt (MID) - Set Booster Pack en ligne maintenant \u00e0 petit prix! Ton #1 shop pour cartes TCG & Pok\u00e9mon en Suisse \u2713 Livraison gratuite d\u00e8s CHF 29","robots":{"index":"index","follow":"follow","max-snippet":"max-snippet:-1","max-image-preview":"max-image-preview:large","max-video-preview":"max-video-preview:-1"},"canonical":"https:\/\/theuncommonshop.ch\/fr\/product\/magic-innistrad-midnight-hunt-mid-set-booster-pack-2\/","og_locale":"fr_FR","og_type":"article","og_title":"Ach\u00e8te Magic - Innistrad Midnight Hunt (MID) - Set Booster Pack","og_description":"Ach\u00e8te Magic - Innistrad Midnight Hunt (MID) - Set Booster Pack en ligne maintenant \u00e0 petit prix! Ton #1 shop pour cartes TCG & Pok\u00e9mon en Suisse \u2713 Livraison gratuite d\u00e8s CHF 29","og_url":"https:\/\/theuncommonshop.ch\/fr\/product\/magic-innistrad-midnight-hunt-mid-set-booster-pack-2\/","og_site_name":"The Uncommon Shop","article_modified_time":"2026-03-29T12:10:59+00:00","og_image":[{"width":900,"height":1604,"url":"https:\/\/theuncommonshop.ch\/wp-content\/uploads\/2025\/06\/2454934951.jpg","type":"image\/jpeg"}],"twitter_card":"summary_large_image","twitter_misc":{"Disponibilit\u00e9":"Rupture de stock"},"schema":{"@context":"https:\/\/schema.org","@graph":[{"@type":"WebPage","@id":"https:\/\/theuncommonshop.ch\/fr\/product\/magic-innistrad-midnight-hunt-mid-set-booster-pack-2\/","url":"https:\/\/theuncommonshop.ch\/fr\/product\/magic-innistrad-midnight-hunt-mid-set-booster-pack-2\/","name":"Ach\u00e8te Magic - Innistrad Midnight Hunt (MID) - Set Booster Pack","isPartOf":{"@id":"https:\/\/theuncommonshop.ch\/fr\/#website"},"primaryImageOfPage":{"@id":"https:\/\/theuncommonshop.ch\/fr\/product\/magic-innistrad-midnight-hunt-mid-set-booster-pack-2\/#primaryimage"},"image":{"@id":"https:\/\/theuncommonshop.ch\/fr\/product\/magic-innistrad-midnight-hunt-mid-set-booster-pack-2\/#primaryimage"},"thumbnailUrl":"https:\/\/theuncommonshop.ch\/wp-content\/uploads\/2025\/06\/2454934951.jpg","datePublished":"2025-06-03T00:48:13+00:00","dateModified":"2026-03-29T12:10:59+00:00","description":"Ach\u00e8te Magic - Innistrad Midnight Hunt (MID) - Set Booster Pack en ligne maintenant \u00e0 petit prix! Ton #1 shop pour cartes TCG & Pok\u00e9mon en Suisse \u2713 Livraison gratuite d\u00e8s CHF 29","breadcrumb":{"@id":"https:\/\/theuncommonshop.ch\/fr\/product\/magic-innistrad-midnight-hunt-mid-set-booster-pack-2\/#breadcrumb"},"inLanguage":"fr-FR","potentialAction":[{"@type":"ReadAction","target":["https:\/\/theuncommonshop.ch\/fr\/product\/magic-innistrad-midnight-hunt-mid-set-booster-pack-2\/"]}]},{"@type":"ImageObject","inLanguage":"fr-FR","@id":"https:\/\/theuncommonshop.ch\/fr\/product\/magic-innistrad-midnight-hunt-mid-set-booster-pack-2\/#primaryimage","url":"https:\/\/theuncommonshop.ch\/wp-content\/uploads\/2025\/06\/2454934951.jpg","contentUrl":"https:\/\/theuncommonshop.ch\/wp-content\/uploads\/2025\/06\/2454934951.jpg","width":900,"height":1604},{"@type":"BreadcrumbList","@id":"https:\/\/theuncommonshop.ch\/fr\/product\/magic-innistrad-midnight-hunt-mid-set-booster-pack-2\/#breadcrumb","itemListElement":[{"@type":"ListItem","position":1,"name":"Accueil","item":"https:\/\/theuncommonshop.ch\/fr\/accueil\/"},{"@type":"ListItem","position":2,"name":"Boutique","item":"https:\/\/theuncommonshop.ch\/fr\/boutique\/"},{"@type":"ListItem","position":3,"name":"Magic the Gathering","item":"https:\/\/theuncommonshop.ch\/fr\/categorie-produit\/magic-the-gathering-fr\/"},{"@type":"ListItem","position":4,"name":"Produits par lots","item":"https:\/\/theuncommonshop.ch\/fr\/categorie-produit\/magic-the-gathering-fr\/produits-par-lots-mtg\/"},{"@type":"ListItem","position":5,"name":"Innistrad : chasse de minuit","item":"https:\/\/theuncommonshop.ch\/fr\/categorie-produit\/magic-the-gathering-fr\/produits-par-lots-mtg\/innistrad-chasse-de-minuit\/"},{"@type":"ListItem","position":6,"name":"Magic &#8211; Innistrad Midnight Hunt (MID) &#8211; Set Booster Pack"}]},{"@type":"WebSite","@id":"https:\/\/theuncommonshop.ch\/fr\/#website","url":"https:\/\/theuncommonshop.ch\/fr\/","name":"The Uncommon Shop","description":"Magic, Pok\u00e9mon and Yu-gi-oh - The Uncommon Shop","potentialAction":[{"@type":"SearchAction","target":{"@type":"EntryPoint","urlTemplate":"https:\/\/theuncommonshop.ch\/fr\/?s={search_term_string}"},"query-input":{"@type":"PropertyValueSpecification","valueRequired":true,"valueName":"search_term_string"}}],"inLanguage":"fr-FR"}]},"og_availability":"out of stock","product_availability":"out of stock","product_condition":"new"},"_links":{"self":[{"href":"https:\/\/theuncommonshop.ch\/fr\/wp-json\/wp\/v2\/product\/329102","targetHints":{"allow":["GET"]}}],"collection":[{"href":"https:\/\/theuncommonshop.ch\/fr\/wp-json\/wp\/v2\/product"}],"about":[{"href":"https:\/\/theuncommonshop.ch\/fr\/wp-json\/wp\/v2\/types\/product"}],"replies":[{"embeddable":true,"href":"https:\/\/theuncommonshop.ch\/fr\/wp-json\/wp\/v2\/comments?post=329102"}],"version-history":[{"count":0,"href":"https:\/\/theuncommonshop.ch\/fr\/wp-json\/wp\/v2\/product\/329102\/revisions"}],"wp:featuredmedia":[{"embeddable":true,"href":"https:\/\/theuncommonshop.ch\/fr\/wp-json\/wp\/v2\/media\/61103"}],"wp:attachment":[{"href":"https:\/\/theuncommonshop.ch\/fr\/wp-json\/wp\/v2\/media?parent=329102"}],"wp:term":[{"taxonomy":"product_brand","embeddable":true,"href":"https:\/\/theuncommonshop.ch\/fr\/wp-json\/wp\/v2\/product_brand?post=329102"},{"taxonomy":"product_cat","embeddable":true,"href":"https:\/\/theuncommonshop.ch\/fr\/wp-json\/wp\/v2\/product_cat?post=329102"},{"taxonomy":"product_tag","embeddable":true,"href":"https:\/\/theuncommonshop.ch\/fr\/wp-json\/wp\/v2\/product_tag?post=329102"}],"curies":[{"name":"wp","href":"https:\/\/api.w.org\/{rel}","templated":true}]}}