{"id":328943,"date":"2025-06-03T02:07:54","date_gmt":"2025-06-03T00:07:54","guid":{"rendered":"http:\/\/theuncommonshop.ch\/produkt\/328943\/"},"modified":"2026-03-28T16:56:12","modified_gmt":"2026-03-28T15:56:12","slug":"pokemon-tcg-double-deck-box-mew-celestial-circles-2","status":"publish","type":"product","link":"https:\/\/theuncommonshop.ch\/fr\/product\/pokemon-tcg-double-deck-box-mew-celestial-circles-2\/","title":{"rendered":"Pokemon TCG &#8211; Double Deck Box &#8211; Mew Celestial Circles"},"content":{"rendered":"<div>\n<p>Mew est tout au sujet des \u00e9toiles et des sph\u00e8res sur cette double bo\u00eete de jeu magnifiquement d\u00e9taill\u00e9e ! Le myst\u00e9rieux Pok\u00e9mon mythique d\u00e9core deux bo\u00eetes de jeu embo\u00eet\u00e9es dans un \u00e9tui pratique et robuste qui est \u00e9galement livr\u00e9 avec trois s\u00e9parateurs pour vous aider \u00e0 organiser vos cartes et accessoires. <\/p>\n<\/div>\n<div>\n<ul>\n<li>Comprend un support de bo\u00eetes de jeu, deux bo\u00eetes de jeu et trois s\u00e9parateurs<\/li>\n<li>Contient deux jeux de 60 cartes \u00e0 manches (cartes et manchons non inclus)<\/li>\n<li>Fermeture magn\u00e9tique et Tag-Tag pour garder le contenu en s\u00e9curit\u00e9 et organis\u00e9<\/li>\n<li>Partie de la Collection Mew Celestial Circles<\/li>\n<li>Pok\u00e9mon Center Original<\/li>\n<\/ul>\n<\/div>\n","protected":false},"excerpt":{"rendered":"<p>Mew est tout au sujet des \u00e9toiles et des sph\u00e8res sur cette double bo\u00eete de jeu magnifiquement d\u00e9taill\u00e9e ! Le<\/p>\n","protected":false},"featured_media":59809,"comment_status":"open","ping_status":"closed","template":"","meta":{"_acf_changed":false},"product_brand":[5114,5072],"product_cat":[10253,9875,9867,10259],"product_tag":[],"class_list":{"0":"post-328943","1":"product","2":"type-product","3":"status-publish","4":"has-post-thumbnail","6":"product_brand-pokemon","7":"product_brand-the-pokemon-company","8":"product_cat-boites-de-rangement-pokemon","9":"product_cat-grandes-boites-de-rangement","10":"product_cat-rangement","11":"product_cat-tout","13":"first","14":"instock","15":"taxable","16":"shipping-taxable","17":"purchasable","18":"product-type-simple"},"acf":[],"yoast_head":"<!-- This site is optimized with the Yoast SEO plugin v27.5 - https:\/\/yoast.com\/product\/yoast-seo-wordpress\/ -->\n<title>Ach\u00e8te Pokemon TCG - Double Deck Box - Mew Celestial Circles<\/title>\n<meta name=\"description\" content=\"Ach\u00e8te Pokemon TCG - Double Deck Box - Mew Celestial Circles en ligne maintenant \u00e0 petit prix! Ton #1 shop pour cartes TCG &amp; Pok\u00e9mon en Suisse \u2713 Livraison gratuite d\u00e8s CHF 29\" \/>\n<meta name=\"robots\" content=\"index, follow, max-snippet:-1, max-image-preview:large, max-video-preview:-1\" \/>\n<link rel=\"canonical\" href=\"https:\/\/theuncommonshop.ch\/fr\/product\/pokemon-tcg-double-deck-box-mew-celestial-circles-2\/\" \/>\n<meta property=\"og:locale\" content=\"fr_FR\" \/>\n<meta property=\"og:type\" content=\"article\" \/>\n<meta property=\"og:title\" content=\"Ach\u00e8te Pokemon TCG - Double Deck Box - Mew Celestial Circles\" \/>\n<meta property=\"og:description\" content=\"Ach\u00e8te Pokemon TCG - Double Deck Box - Mew Celestial Circles en ligne maintenant \u00e0 petit prix! Ton #1 shop pour cartes TCG &amp; Pok\u00e9mon en Suisse \u2713 Livraison gratuite d\u00e8s CHF 29\" \/>\n<meta property=\"og:url\" content=\"https:\/\/theuncommonshop.ch\/fr\/product\/pokemon-tcg-double-deck-box-mew-celestial-circles-2\/\" \/>\n<meta property=\"og:site_name\" content=\"The Uncommon Shop\" \/>\n<meta property=\"article:modified_time\" content=\"2026-03-28T15:56:12+00:00\" \/>\n<meta property=\"og:image\" content=\"https:\/\/theuncommonshop.ch\/wp-content\/uploads\/2025\/06\/2400112280.jpg\" \/>\n\t<meta property=\"og:image:width\" content=\"1500\" \/>\n\t<meta property=\"og:image:height\" content=\"1500\" \/>\n\t<meta property=\"og:image:type\" content=\"image\/jpeg\" \/>\n<meta name=\"twitter:card\" content=\"summary_large_image\" \/>\n<meta name=\"twitter:label1\" content=\"Prix\" \/>\n\t<meta name=\"twitter:data1\" content=\"&#067;&#072;&#070;&nbsp;34.95\" \/>\n\t<meta name=\"twitter:label2\" content=\"Disponibilit\u00e9\" \/>\n\t<meta name=\"twitter:data2\" content=\"En stock\" \/>\n<script type=\"application\/ld+json\" class=\"yoast-schema-graph\">{\"@context\":\"https:\\\/\\\/schema.org\",\"@graph\":[{\"@type\":\"WebPage\",\"@id\":\"https:\\\/\\\/theuncommonshop.ch\\\/fr\\\/product\\\/pokemon-tcg-double-deck-box-mew-celestial-circles-2\\\/\",\"url\":\"https:\\\/\\\/theuncommonshop.ch\\\/fr\\\/product\\\/pokemon-tcg-double-deck-box-mew-celestial-circles-2\\\/\",\"name\":\"Ach\u00e8te Pokemon TCG - Double Deck Box - Mew Celestial Circles\",\"isPartOf\":{\"@id\":\"https:\\\/\\\/theuncommonshop.ch\\\/fr\\\/#website\"},\"primaryImageOfPage\":{\"@id\":\"https:\\\/\\\/theuncommonshop.ch\\\/fr\\\/product\\\/pokemon-tcg-double-deck-box-mew-celestial-circles-2\\\/#primaryimage\"},\"image\":{\"@id\":\"https:\\\/\\\/theuncommonshop.ch\\\/fr\\\/product\\\/pokemon-tcg-double-deck-box-mew-celestial-circles-2\\\/#primaryimage\"},\"thumbnailUrl\":\"https:\\\/\\\/theuncommonshop.ch\\\/wp-content\\\/uploads\\\/2025\\\/06\\\/2400112280.jpg\",\"datePublished\":\"2025-06-03T00:07:54+00:00\",\"dateModified\":\"2026-03-28T15:56:12+00:00\",\"description\":\"Ach\u00e8te Pokemon TCG - Double Deck Box - Mew Celestial Circles en ligne maintenant \u00e0 petit prix! Ton #1 shop pour cartes TCG & Pok\u00e9mon en Suisse \u2713 Livraison gratuite d\u00e8s CHF 29\",\"breadcrumb\":{\"@id\":\"https:\\\/\\\/theuncommonshop.ch\\\/fr\\\/product\\\/pokemon-tcg-double-deck-box-mew-celestial-circles-2\\\/#breadcrumb\"},\"inLanguage\":\"fr-FR\",\"potentialAction\":[{\"@type\":\"ReadAction\",\"target\":[\"https:\\\/\\\/theuncommonshop.ch\\\/fr\\\/product\\\/pokemon-tcg-double-deck-box-mew-celestial-circles-2\\\/\"]}]},{\"@type\":\"ImageObject\",\"inLanguage\":\"fr-FR\",\"@id\":\"https:\\\/\\\/theuncommonshop.ch\\\/fr\\\/product\\\/pokemon-tcg-double-deck-box-mew-celestial-circles-2\\\/#primaryimage\",\"url\":\"https:\\\/\\\/theuncommonshop.ch\\\/wp-content\\\/uploads\\\/2025\\\/06\\\/2400112280.jpg\",\"contentUrl\":\"https:\\\/\\\/theuncommonshop.ch\\\/wp-content\\\/uploads\\\/2025\\\/06\\\/2400112280.jpg\",\"width\":1500,\"height\":1500},{\"@type\":\"BreadcrumbList\",\"@id\":\"https:\\\/\\\/theuncommonshop.ch\\\/fr\\\/product\\\/pokemon-tcg-double-deck-box-mew-celestial-circles-2\\\/#breadcrumb\",\"itemListElement\":[{\"@type\":\"ListItem\",\"position\":1,\"name\":\"Accueil\",\"item\":\"https:\\\/\\\/theuncommonshop.ch\\\/fr\\\/accueil\\\/\"},{\"@type\":\"ListItem\",\"position\":2,\"name\":\"Boutique\",\"item\":\"https:\\\/\\\/theuncommonshop.ch\\\/fr\\\/boutique\\\/\"},{\"@type\":\"ListItem\",\"position\":3,\"name\":\"Accessoires TCG\",\"item\":\"https:\\\/\\\/theuncommonshop.ch\\\/fr\\\/categorie-produit\\\/accessoires-tcg\\\/\"},{\"@type\":\"ListItem\",\"position\":4,\"name\":\"Rangement\",\"item\":\"https:\\\/\\\/theuncommonshop.ch\\\/fr\\\/categorie-produit\\\/accessoires-tcg\\\/rangement\\\/\"},{\"@type\":\"ListItem\",\"position\":5,\"name\":\"Tout\",\"item\":\"https:\\\/\\\/theuncommonshop.ch\\\/fr\\\/categorie-produit\\\/accessoires-tcg\\\/rangement\\\/tout\\\/\"},{\"@type\":\"ListItem\",\"position\":6,\"name\":\"Pokemon TCG &#8211; Double Deck Box &#8211; Mew Celestial Circles\"}]},{\"@type\":\"WebSite\",\"@id\":\"https:\\\/\\\/theuncommonshop.ch\\\/fr\\\/#website\",\"url\":\"https:\\\/\\\/theuncommonshop.ch\\\/fr\\\/\",\"name\":\"The Uncommon Shop\",\"description\":\"Magic, Pok\u00e9mon and Yu-gi-oh - The Uncommon Shop\",\"potentialAction\":[{\"@type\":\"SearchAction\",\"target\":{\"@type\":\"EntryPoint\",\"urlTemplate\":\"https:\\\/\\\/theuncommonshop.ch\\\/fr\\\/?s={search_term_string}\"},\"query-input\":{\"@type\":\"PropertyValueSpecification\",\"valueRequired\":true,\"valueName\":\"search_term_string\"}}],\"inLanguage\":\"fr-FR\"}]}<\/script>\n<meta property=\"product:price:amount\" content=\"34.95\" \/>\n<meta property=\"product:price:currency\" content=\"CHF\" \/>\n<meta property=\"og:availability\" content=\"instock\" \/>\n<meta property=\"product:availability\" content=\"instock\" \/>\n<meta property=\"product:retailer_item_id\" content=\"15235\" \/>\n<meta property=\"product:condition\" content=\"new\" \/>\n<!-- \/ Yoast SEO plugin. -->","yoast_head_json":{"title":"Ach\u00e8te Pokemon TCG - Double Deck Box - Mew Celestial Circles","description":"Ach\u00e8te Pokemon TCG - Double Deck Box - Mew Celestial Circles en ligne maintenant \u00e0 petit prix! Ton #1 shop pour cartes TCG & Pok\u00e9mon en Suisse \u2713 Livraison gratuite d\u00e8s CHF 29","robots":{"index":"index","follow":"follow","max-snippet":"max-snippet:-1","max-image-preview":"max-image-preview:large","max-video-preview":"max-video-preview:-1"},"canonical":"https:\/\/theuncommonshop.ch\/fr\/product\/pokemon-tcg-double-deck-box-mew-celestial-circles-2\/","og_locale":"fr_FR","og_type":"article","og_title":"Ach\u00e8te Pokemon TCG - Double Deck Box - Mew Celestial Circles","og_description":"Ach\u00e8te Pokemon TCG - Double Deck Box - Mew Celestial Circles en ligne maintenant \u00e0 petit prix! Ton #1 shop pour cartes TCG & Pok\u00e9mon en Suisse \u2713 Livraison gratuite d\u00e8s CHF 29","og_url":"https:\/\/theuncommonshop.ch\/fr\/product\/pokemon-tcg-double-deck-box-mew-celestial-circles-2\/","og_site_name":"The Uncommon Shop","article_modified_time":"2026-03-28T15:56:12+00:00","og_image":[{"width":1500,"height":1500,"url":"https:\/\/theuncommonshop.ch\/wp-content\/uploads\/2025\/06\/2400112280.jpg","type":"image\/jpeg"}],"twitter_card":"summary_large_image","twitter_misc":{"Prix":"&#67;&#72;&#70;&nbsp;34.95","Disponibilit\u00e9":"En stock"},"schema":{"@context":"https:\/\/schema.org","@graph":[{"@type":"WebPage","@id":"https:\/\/theuncommonshop.ch\/fr\/product\/pokemon-tcg-double-deck-box-mew-celestial-circles-2\/","url":"https:\/\/theuncommonshop.ch\/fr\/product\/pokemon-tcg-double-deck-box-mew-celestial-circles-2\/","name":"Ach\u00e8te Pokemon TCG - Double Deck Box - Mew Celestial Circles","isPartOf":{"@id":"https:\/\/theuncommonshop.ch\/fr\/#website"},"primaryImageOfPage":{"@id":"https:\/\/theuncommonshop.ch\/fr\/product\/pokemon-tcg-double-deck-box-mew-celestial-circles-2\/#primaryimage"},"image":{"@id":"https:\/\/theuncommonshop.ch\/fr\/product\/pokemon-tcg-double-deck-box-mew-celestial-circles-2\/#primaryimage"},"thumbnailUrl":"https:\/\/theuncommonshop.ch\/wp-content\/uploads\/2025\/06\/2400112280.jpg","datePublished":"2025-06-03T00:07:54+00:00","dateModified":"2026-03-28T15:56:12+00:00","description":"Ach\u00e8te Pokemon TCG - Double Deck Box - Mew Celestial Circles en ligne maintenant \u00e0 petit prix! Ton #1 shop pour cartes TCG & Pok\u00e9mon en Suisse \u2713 Livraison gratuite d\u00e8s CHF 29","breadcrumb":{"@id":"https:\/\/theuncommonshop.ch\/fr\/product\/pokemon-tcg-double-deck-box-mew-celestial-circles-2\/#breadcrumb"},"inLanguage":"fr-FR","potentialAction":[{"@type":"ReadAction","target":["https:\/\/theuncommonshop.ch\/fr\/product\/pokemon-tcg-double-deck-box-mew-celestial-circles-2\/"]}]},{"@type":"ImageObject","inLanguage":"fr-FR","@id":"https:\/\/theuncommonshop.ch\/fr\/product\/pokemon-tcg-double-deck-box-mew-celestial-circles-2\/#primaryimage","url":"https:\/\/theuncommonshop.ch\/wp-content\/uploads\/2025\/06\/2400112280.jpg","contentUrl":"https:\/\/theuncommonshop.ch\/wp-content\/uploads\/2025\/06\/2400112280.jpg","width":1500,"height":1500},{"@type":"BreadcrumbList","@id":"https:\/\/theuncommonshop.ch\/fr\/product\/pokemon-tcg-double-deck-box-mew-celestial-circles-2\/#breadcrumb","itemListElement":[{"@type":"ListItem","position":1,"name":"Accueil","item":"https:\/\/theuncommonshop.ch\/fr\/accueil\/"},{"@type":"ListItem","position":2,"name":"Boutique","item":"https:\/\/theuncommonshop.ch\/fr\/boutique\/"},{"@type":"ListItem","position":3,"name":"Accessoires TCG","item":"https:\/\/theuncommonshop.ch\/fr\/categorie-produit\/accessoires-tcg\/"},{"@type":"ListItem","position":4,"name":"Rangement","item":"https:\/\/theuncommonshop.ch\/fr\/categorie-produit\/accessoires-tcg\/rangement\/"},{"@type":"ListItem","position":5,"name":"Tout","item":"https:\/\/theuncommonshop.ch\/fr\/categorie-produit\/accessoires-tcg\/rangement\/tout\/"},{"@type":"ListItem","position":6,"name":"Pokemon TCG &#8211; Double Deck Box &#8211; Mew Celestial Circles"}]},{"@type":"WebSite","@id":"https:\/\/theuncommonshop.ch\/fr\/#website","url":"https:\/\/theuncommonshop.ch\/fr\/","name":"The Uncommon Shop","description":"Magic, Pok\u00e9mon and Yu-gi-oh - The Uncommon Shop","potentialAction":[{"@type":"SearchAction","target":{"@type":"EntryPoint","urlTemplate":"https:\/\/theuncommonshop.ch\/fr\/?s={search_term_string}"},"query-input":{"@type":"PropertyValueSpecification","valueRequired":true,"valueName":"search_term_string"}}],"inLanguage":"fr-FR"}]},"product_price_amount":"34.95","product_price_currency":"CHF","og_availability":"instock","product_availability":"instock","product_retailer_item_id":"15235","product_condition":"new"},"_links":{"self":[{"href":"https:\/\/theuncommonshop.ch\/fr\/wp-json\/wp\/v2\/product\/328943","targetHints":{"allow":["GET"]}}],"collection":[{"href":"https:\/\/theuncommonshop.ch\/fr\/wp-json\/wp\/v2\/product"}],"about":[{"href":"https:\/\/theuncommonshop.ch\/fr\/wp-json\/wp\/v2\/types\/product"}],"replies":[{"embeddable":true,"href":"https:\/\/theuncommonshop.ch\/fr\/wp-json\/wp\/v2\/comments?post=328943"}],"version-history":[{"count":0,"href":"https:\/\/theuncommonshop.ch\/fr\/wp-json\/wp\/v2\/product\/328943\/revisions"}],"wp:featuredmedia":[{"embeddable":true,"href":"https:\/\/theuncommonshop.ch\/fr\/wp-json\/wp\/v2\/media\/59809"}],"wp:attachment":[{"href":"https:\/\/theuncommonshop.ch\/fr\/wp-json\/wp\/v2\/media?parent=328943"}],"wp:term":[{"taxonomy":"product_brand","embeddable":true,"href":"https:\/\/theuncommonshop.ch\/fr\/wp-json\/wp\/v2\/product_brand?post=328943"},{"taxonomy":"product_cat","embeddable":true,"href":"https:\/\/theuncommonshop.ch\/fr\/wp-json\/wp\/v2\/product_cat?post=328943"},{"taxonomy":"product_tag","embeddable":true,"href":"https:\/\/theuncommonshop.ch\/fr\/wp-json\/wp\/v2\/product_tag?post=328943"}],"curies":[{"name":"wp","href":"https:\/\/api.w.org\/{rel}","templated":true}]}}