{"id":328918,"date":"2025-06-03T02:04:16","date_gmt":"2025-06-03T00:04:16","guid":{"rendered":"http:\/\/theuncommonshop.ch\/produkt\/328918\/"},"modified":"2026-03-28T16:57:26","modified_gmt":"2026-03-28T15:57:26","slug":"yu-gi-oh-star-pack-2014-booster-display-us-vers-2","status":"publish","type":"product","link":"https:\/\/theuncommonshop.ch\/fr\/product\/yu-gi-oh-star-pack-2014-booster-display-us-vers-2\/","title":{"rendered":"Yu-Gi-Oh ! &#8211; Star Pack 2014 &#8211; Booster Display (US Vers.)"},"content":{"rendered":"<p>L&#8217;ann\u00e9e derni\u00e8re, la premi\u00e8re \u00e9dition de Star Packs a \u00e9t\u00e9 lanc\u00e9e, et cette ann\u00e9e, c&#8217;est la suite.<\/p>\n<p>Si vous voulez savoir quelles cartes ont obtenu le statut de Starfoil cette fois-ci, lisez la suite.<\/p>\n<p>Le <strong>Booster Display contient 50 Boosters<\/strong>.<\/p>\n<p>Chaque <strong>Booster contient 3 cartes, dont 2 sont des Commons et une carte Starfoil.<\/strong><\/p>\n<p>Sur ces <strong>50 cartes, 38 sont issues de la s\u00e9rie Yugioh Zexal et 12 sont issues des premi\u00e8res saisons de Yugioh, de GX et de la saison 5D&#8217;s.<\/strong><\/p>\n<p>Les 50 cartes sont disponibles <strong>\u00e0 la fois en Common et en <\/strong><strong>Starfoil Rare<\/strong><strong>.<\/strong><\/p>\n<ul>\n<li>Il n&#8217;y a <strong>pas de nouvelles cartes<\/strong> cette fois-ci <strong>, seulement des Reprint populaires.<\/strong><\/li>\n<li>Inclut les cartes de Yuma Tsukumo, Kite Tenjo, Reginald Kastle, Bronk Stein, Cody Kallus, Anna Kaboom, Lilly, Nistro, Dextra, Cameron Clix, Charlie McCay, Jaden Yuki, Zane Truesdale, Paradox, Halldor, Dragan et Broder.<\/li>\n<\/ul>\n<p>Cet ensemble contient \u00e9galement <strong>des monstres XYZ puissants<\/strong> tels que <strong><em>Dragon de fin de tonnerre, num\u00e9ro C39 : Rayon d&#8217;utopie, num\u00e9ro 32 : Dragon de requin, \u00c9jecteur de coup de photon, Agent de pliage de photon, num\u00e9ro 25 : Nettet\u00e9 de l&#8217;image, num\u00e9ro 7 : Snake heureux, Rythme musical des djinns guitaristes, Temp\u00e9rance des djinns tambours, M\u00e9lodie des djinns trompettes et Maestrum des djinns chefs d&#8217;orchestre.<\/em><\/strong><\/p>\n","protected":false},"excerpt":{"rendered":"<p>L&#8217;ann\u00e9e derni\u00e8re, la premi\u00e8re \u00e9dition de Star Packs a \u00e9t\u00e9 lanc\u00e9e, et cette ann\u00e9e, c&#8217;est la suite. Si vous voulez<\/p>\n","protected":false},"featured_media":59679,"comment_status":"open","ping_status":"closed","template":"","meta":{"_acf_changed":false},"product_brand":[5074,5112],"product_cat":[9835,9779],"product_tag":[],"class_list":{"0":"post-328918","1":"product","2":"type-product","3":"status-publish","4":"has-post-thumbnail","6":"product_brand-konami","7":"product_brand-yu-gi-oh","8":"product_cat-booster-displays-yugioh","9":"product_cat-yu-gi-oh-fr","11":"first","12":"instock","13":"taxable","14":"shipping-taxable","15":"purchasable","16":"product-type-variable"},"acf":[],"yoast_head":"<!-- This site is optimized with the Yoast SEO plugin v27.5 - https:\/\/yoast.com\/product\/yoast-seo-wordpress\/ -->\n<title>Ach\u00e8te Yu-Gi-Oh ! - Star Pack 2014 - Booster Display (US Vers.)<\/title>\n<meta name=\"description\" content=\"Ach\u00e8te Yu-Gi-Oh ! - Star Pack 2014 - Booster Display (US Vers.) en ligne maintenant \u00e0 petit prix! Ton #1 shop pour cartes TCG &amp; Pok\u00e9mon en Suisse \u2713 Livraison gratuite d\u00e8s CHF 29\" \/>\n<meta name=\"robots\" content=\"index, follow, max-snippet:-1, max-image-preview:large, max-video-preview:-1\" \/>\n<link rel=\"canonical\" href=\"https:\/\/theuncommonshop.ch\/fr\/product\/yu-gi-oh-star-pack-2014-booster-display-us-vers-2\/\" \/>\n<meta property=\"og:locale\" content=\"fr_FR\" \/>\n<meta property=\"og:type\" content=\"article\" \/>\n<meta property=\"og:title\" content=\"Ach\u00e8te Yu-Gi-Oh ! - Star Pack 2014 - Booster Display (US Vers.)\" \/>\n<meta property=\"og:description\" content=\"Ach\u00e8te Yu-Gi-Oh ! - Star Pack 2014 - Booster Display (US Vers.) en ligne maintenant \u00e0 petit prix! Ton #1 shop pour cartes TCG &amp; Pok\u00e9mon en Suisse \u2713 Livraison gratuite d\u00e8s CHF 29\" \/>\n<meta property=\"og:url\" content=\"https:\/\/theuncommonshop.ch\/fr\/product\/yu-gi-oh-star-pack-2014-booster-display-us-vers-2\/\" \/>\n<meta property=\"og:site_name\" content=\"The Uncommon Shop\" \/>\n<meta property=\"article:modified_time\" content=\"2026-03-28T15:57:26+00:00\" \/>\n<meta property=\"og:image\" content=\"https:\/\/theuncommonshop.ch\/wp-content\/uploads\/2025\/06\/2390008453.jpg\" \/>\n\t<meta property=\"og:image:width\" content=\"350\" \/>\n\t<meta property=\"og:image:height\" content=\"350\" \/>\n\t<meta property=\"og:image:type\" content=\"image\/jpeg\" \/>\n<meta name=\"twitter:card\" content=\"summary_large_image\" \/>\n<meta name=\"twitter:label1\" content=\"Disponibilit\u00e9\" \/>\n\t<meta name=\"twitter:data1\" content=\"En stock\" \/>\n<script type=\"application\/ld+json\" class=\"yoast-schema-graph\">{\"@context\":\"https:\\\/\\\/schema.org\",\"@graph\":[{\"@type\":\"WebPage\",\"@id\":\"https:\\\/\\\/theuncommonshop.ch\\\/fr\\\/product\\\/yu-gi-oh-star-pack-2014-booster-display-us-vers-2\\\/\",\"url\":\"https:\\\/\\\/theuncommonshop.ch\\\/fr\\\/product\\\/yu-gi-oh-star-pack-2014-booster-display-us-vers-2\\\/\",\"name\":\"Ach\u00e8te Yu-Gi-Oh ! - Star Pack 2014 - Booster Display (US Vers.)\",\"isPartOf\":{\"@id\":\"https:\\\/\\\/theuncommonshop.ch\\\/fr\\\/#website\"},\"primaryImageOfPage\":{\"@id\":\"https:\\\/\\\/theuncommonshop.ch\\\/fr\\\/product\\\/yu-gi-oh-star-pack-2014-booster-display-us-vers-2\\\/#primaryimage\"},\"image\":{\"@id\":\"https:\\\/\\\/theuncommonshop.ch\\\/fr\\\/product\\\/yu-gi-oh-star-pack-2014-booster-display-us-vers-2\\\/#primaryimage\"},\"thumbnailUrl\":\"https:\\\/\\\/theuncommonshop.ch\\\/wp-content\\\/uploads\\\/2025\\\/06\\\/2390008453.jpg\",\"datePublished\":\"2025-06-03T00:04:16+00:00\",\"dateModified\":\"2026-03-28T15:57:26+00:00\",\"description\":\"Ach\u00e8te Yu-Gi-Oh ! - Star Pack 2014 - Booster Display (US Vers.) en ligne maintenant \u00e0 petit prix! Ton #1 shop pour cartes TCG & Pok\u00e9mon en Suisse \u2713 Livraison gratuite d\u00e8s CHF 29\",\"breadcrumb\":{\"@id\":\"https:\\\/\\\/theuncommonshop.ch\\\/fr\\\/product\\\/yu-gi-oh-star-pack-2014-booster-display-us-vers-2\\\/#breadcrumb\"},\"inLanguage\":\"fr-FR\",\"potentialAction\":[{\"@type\":\"ReadAction\",\"target\":[\"https:\\\/\\\/theuncommonshop.ch\\\/fr\\\/product\\\/yu-gi-oh-star-pack-2014-booster-display-us-vers-2\\\/\"]}]},{\"@type\":\"ImageObject\",\"inLanguage\":\"fr-FR\",\"@id\":\"https:\\\/\\\/theuncommonshop.ch\\\/fr\\\/product\\\/yu-gi-oh-star-pack-2014-booster-display-us-vers-2\\\/#primaryimage\",\"url\":\"https:\\\/\\\/theuncommonshop.ch\\\/wp-content\\\/uploads\\\/2025\\\/06\\\/2390008453.jpg\",\"contentUrl\":\"https:\\\/\\\/theuncommonshop.ch\\\/wp-content\\\/uploads\\\/2025\\\/06\\\/2390008453.jpg\",\"width\":350,\"height\":350},{\"@type\":\"BreadcrumbList\",\"@id\":\"https:\\\/\\\/theuncommonshop.ch\\\/fr\\\/product\\\/yu-gi-oh-star-pack-2014-booster-display-us-vers-2\\\/#breadcrumb\",\"itemListElement\":[{\"@type\":\"ListItem\",\"position\":1,\"name\":\"Accueil\",\"item\":\"https:\\\/\\\/theuncommonshop.ch\\\/fr\\\/accueil\\\/\"},{\"@type\":\"ListItem\",\"position\":2,\"name\":\"Boutique\",\"item\":\"https:\\\/\\\/theuncommonshop.ch\\\/fr\\\/boutique\\\/\"},{\"@type\":\"ListItem\",\"position\":3,\"name\":\"Yu-Gi-Oh!\",\"item\":\"https:\\\/\\\/theuncommonshop.ch\\\/fr\\\/categorie-produit\\\/yu-gi-oh-fr\\\/\"},{\"@type\":\"ListItem\",\"position\":4,\"name\":\"Booster Displays\",\"item\":\"https:\\\/\\\/theuncommonshop.ch\\\/fr\\\/categorie-produit\\\/yu-gi-oh-fr\\\/booster-displays-yugioh\\\/\"},{\"@type\":\"ListItem\",\"position\":5,\"name\":\"Yu-Gi-Oh ! &#8211; Star Pack 2014 &#8211; Booster Display (US Vers.)\"}]},{\"@type\":\"WebSite\",\"@id\":\"https:\\\/\\\/theuncommonshop.ch\\\/fr\\\/#website\",\"url\":\"https:\\\/\\\/theuncommonshop.ch\\\/fr\\\/\",\"name\":\"The Uncommon Shop\",\"description\":\"Magic, Pok\u00e9mon and Yu-gi-oh - The Uncommon Shop\",\"potentialAction\":[{\"@type\":\"SearchAction\",\"target\":{\"@type\":\"EntryPoint\",\"urlTemplate\":\"https:\\\/\\\/theuncommonshop.ch\\\/fr\\\/?s={search_term_string}\"},\"query-input\":{\"@type\":\"PropertyValueSpecification\",\"valueRequired\":true,\"valueName\":\"search_term_string\"}}],\"inLanguage\":\"fr-FR\"}]}<\/script>\n<meta property=\"og:availability\" content=\"instock\" \/>\n<meta property=\"product:availability\" content=\"instock\" \/>\n<meta property=\"product:retailer_item_id\" content=\"YGO.II.E.StarPackFourTenDisplay.EN\" \/>\n<meta property=\"product:condition\" content=\"new\" \/>\n<!-- \/ Yoast SEO plugin. -->","yoast_head_json":{"title":"Ach\u00e8te Yu-Gi-Oh ! - Star Pack 2014 - Booster Display (US Vers.)","description":"Ach\u00e8te Yu-Gi-Oh ! - Star Pack 2014 - Booster Display (US Vers.) en ligne maintenant \u00e0 petit prix! Ton #1 shop pour cartes TCG & Pok\u00e9mon en Suisse \u2713 Livraison gratuite d\u00e8s CHF 29","robots":{"index":"index","follow":"follow","max-snippet":"max-snippet:-1","max-image-preview":"max-image-preview:large","max-video-preview":"max-video-preview:-1"},"canonical":"https:\/\/theuncommonshop.ch\/fr\/product\/yu-gi-oh-star-pack-2014-booster-display-us-vers-2\/","og_locale":"fr_FR","og_type":"article","og_title":"Ach\u00e8te Yu-Gi-Oh ! - Star Pack 2014 - Booster Display (US Vers.)","og_description":"Ach\u00e8te Yu-Gi-Oh ! - Star Pack 2014 - Booster Display (US Vers.) en ligne maintenant \u00e0 petit prix! Ton #1 shop pour cartes TCG & Pok\u00e9mon en Suisse \u2713 Livraison gratuite d\u00e8s CHF 29","og_url":"https:\/\/theuncommonshop.ch\/fr\/product\/yu-gi-oh-star-pack-2014-booster-display-us-vers-2\/","og_site_name":"The Uncommon Shop","article_modified_time":"2026-03-28T15:57:26+00:00","og_image":[{"width":350,"height":350,"url":"https:\/\/theuncommonshop.ch\/wp-content\/uploads\/2025\/06\/2390008453.jpg","type":"image\/jpeg"}],"twitter_card":"summary_large_image","twitter_misc":{"Disponibilit\u00e9":"En stock"},"schema":{"@context":"https:\/\/schema.org","@graph":[{"@type":"WebPage","@id":"https:\/\/theuncommonshop.ch\/fr\/product\/yu-gi-oh-star-pack-2014-booster-display-us-vers-2\/","url":"https:\/\/theuncommonshop.ch\/fr\/product\/yu-gi-oh-star-pack-2014-booster-display-us-vers-2\/","name":"Ach\u00e8te Yu-Gi-Oh ! - Star Pack 2014 - Booster Display (US Vers.)","isPartOf":{"@id":"https:\/\/theuncommonshop.ch\/fr\/#website"},"primaryImageOfPage":{"@id":"https:\/\/theuncommonshop.ch\/fr\/product\/yu-gi-oh-star-pack-2014-booster-display-us-vers-2\/#primaryimage"},"image":{"@id":"https:\/\/theuncommonshop.ch\/fr\/product\/yu-gi-oh-star-pack-2014-booster-display-us-vers-2\/#primaryimage"},"thumbnailUrl":"https:\/\/theuncommonshop.ch\/wp-content\/uploads\/2025\/06\/2390008453.jpg","datePublished":"2025-06-03T00:04:16+00:00","dateModified":"2026-03-28T15:57:26+00:00","description":"Ach\u00e8te Yu-Gi-Oh ! - Star Pack 2014 - Booster Display (US Vers.) en ligne maintenant \u00e0 petit prix! Ton #1 shop pour cartes TCG & Pok\u00e9mon en Suisse \u2713 Livraison gratuite d\u00e8s CHF 29","breadcrumb":{"@id":"https:\/\/theuncommonshop.ch\/fr\/product\/yu-gi-oh-star-pack-2014-booster-display-us-vers-2\/#breadcrumb"},"inLanguage":"fr-FR","potentialAction":[{"@type":"ReadAction","target":["https:\/\/theuncommonshop.ch\/fr\/product\/yu-gi-oh-star-pack-2014-booster-display-us-vers-2\/"]}]},{"@type":"ImageObject","inLanguage":"fr-FR","@id":"https:\/\/theuncommonshop.ch\/fr\/product\/yu-gi-oh-star-pack-2014-booster-display-us-vers-2\/#primaryimage","url":"https:\/\/theuncommonshop.ch\/wp-content\/uploads\/2025\/06\/2390008453.jpg","contentUrl":"https:\/\/theuncommonshop.ch\/wp-content\/uploads\/2025\/06\/2390008453.jpg","width":350,"height":350},{"@type":"BreadcrumbList","@id":"https:\/\/theuncommonshop.ch\/fr\/product\/yu-gi-oh-star-pack-2014-booster-display-us-vers-2\/#breadcrumb","itemListElement":[{"@type":"ListItem","position":1,"name":"Accueil","item":"https:\/\/theuncommonshop.ch\/fr\/accueil\/"},{"@type":"ListItem","position":2,"name":"Boutique","item":"https:\/\/theuncommonshop.ch\/fr\/boutique\/"},{"@type":"ListItem","position":3,"name":"Yu-Gi-Oh!","item":"https:\/\/theuncommonshop.ch\/fr\/categorie-produit\/yu-gi-oh-fr\/"},{"@type":"ListItem","position":4,"name":"Booster Displays","item":"https:\/\/theuncommonshop.ch\/fr\/categorie-produit\/yu-gi-oh-fr\/booster-displays-yugioh\/"},{"@type":"ListItem","position":5,"name":"Yu-Gi-Oh ! &#8211; Star Pack 2014 &#8211; Booster Display (US Vers.)"}]},{"@type":"WebSite","@id":"https:\/\/theuncommonshop.ch\/fr\/#website","url":"https:\/\/theuncommonshop.ch\/fr\/","name":"The Uncommon Shop","description":"Magic, Pok\u00e9mon and Yu-gi-oh - The Uncommon Shop","potentialAction":[{"@type":"SearchAction","target":{"@type":"EntryPoint","urlTemplate":"https:\/\/theuncommonshop.ch\/fr\/?s={search_term_string}"},"query-input":{"@type":"PropertyValueSpecification","valueRequired":true,"valueName":"search_term_string"}}],"inLanguage":"fr-FR"}]},"og_availability":"instock","product_availability":"instock","product_retailer_item_id":"YGO.II.E.StarPackFourTenDisplay.EN","product_condition":"new"},"_links":{"self":[{"href":"https:\/\/theuncommonshop.ch\/fr\/wp-json\/wp\/v2\/product\/328918","targetHints":{"allow":["GET"]}}],"collection":[{"href":"https:\/\/theuncommonshop.ch\/fr\/wp-json\/wp\/v2\/product"}],"about":[{"href":"https:\/\/theuncommonshop.ch\/fr\/wp-json\/wp\/v2\/types\/product"}],"replies":[{"embeddable":true,"href":"https:\/\/theuncommonshop.ch\/fr\/wp-json\/wp\/v2\/comments?post=328918"}],"version-history":[{"count":0,"href":"https:\/\/theuncommonshop.ch\/fr\/wp-json\/wp\/v2\/product\/328918\/revisions"}],"wp:featuredmedia":[{"embeddable":true,"href":"https:\/\/theuncommonshop.ch\/fr\/wp-json\/wp\/v2\/media\/59679"}],"wp:attachment":[{"href":"https:\/\/theuncommonshop.ch\/fr\/wp-json\/wp\/v2\/media?parent=328918"}],"wp:term":[{"taxonomy":"product_brand","embeddable":true,"href":"https:\/\/theuncommonshop.ch\/fr\/wp-json\/wp\/v2\/product_brand?post=328918"},{"taxonomy":"product_cat","embeddable":true,"href":"https:\/\/theuncommonshop.ch\/fr\/wp-json\/wp\/v2\/product_cat?post=328918"},{"taxonomy":"product_tag","embeddable":true,"href":"https:\/\/theuncommonshop.ch\/fr\/wp-json\/wp\/v2\/product_tag?post=328918"}],"curies":[{"name":"wp","href":"https:\/\/api.w.org\/{rel}","templated":true}]}}