{"id":328843,"date":"2025-06-03T01:47:26","date_gmt":"2025-06-03T01:47:26","guid":{"rendered":"http:\/\/theuncommonshop.ch\/produkt\/328843\/"},"modified":"2026-03-29T15:26:59","modified_gmt":"2026-03-29T13:26:59","slug":"yu-gi-oh-structure-deck-dragons-collide-en-2","status":"publish","type":"product","link":"https:\/\/theuncommonshop.ch\/fr\/product\/yu-gi-oh-structure-deck-dragons-collide-en-2\/","title":{"rendered":"Yu-Gi-Oh ! &#8211; Dragons Collide &#8211; Structure Deck"},"content":{"rendered":"<p><em>Dragons Collide<\/em> est un m\u00e9lange d&#8217;espace et de temps avec les dragons les plus puissants du monde du duel &#8211; du pass\u00e9, du pr\u00e9sent et du futur ! Les dragons LUMI\u00c8RE et T\u00c9N\u00c8BRES s&#8217;affrontent depuis des ann\u00e9es, mais n&#8217;ont jamais jou\u00e9 dans la m\u00eame \u00e9quipe&#8230; jusqu&#8217;\u00e0 maintenant. <\/p>\n<p>Pourquoi cette alliance ? Parce que deux nouveaux super-dragons sont venus de l&#8217;espace pour montrer \u00e0 tout le monde la force inarr\u00eatable de l&#8217;\u00e9quilibre galactique. <\/p>\n<p><strong>\u00c9nergie et entropie<\/strong><\/p>\n<p>Semblable \u00e0 un syst\u00e8me stellaire binaire, <strong>le Dragon \u00e0 pulsations de lumi\u00e8re<\/strong> et <strong>le Dragon \u00e0 \u00e9ruptions de t\u00e9n\u00e8bres<\/strong> fonctionnent en \u00e9quipe pour alimenter mutuellement leurs capacit\u00e9s en \u00e9nergies de LUMI\u00c8RE et de T\u00c9N\u00c8BRES.<\/p>\n<p>N\u00e9 d&#8217;une \u00e9toile \u00e0 neutrons d&#8217;une densit\u00e9 exceptionnelle, <strong>le Dragon pulsar de lumi\u00e8re<\/strong> fait appel aux \u00e9nergies de LUMI\u00c8RE et d&#8217;OBSCURIT\u00c9 de l&#8217;univers pour se remettre en jeu encore et encore. Et comme toute \u00e9toile super-lourde, <strong>le Dragon Pulsar de Lumi\u00e8re <\/strong>s&#8217;effondre en un trou noir lorsqu&#8217;il est d\u00e9truit, d&#8217;o\u00f9 \u00e9merge un Dragon T\u00c9N\u00c8BRESSE pour continuer le combat ! <\/p>\n<p>Pour maintenir l&#8217;\u00e9quilibre, <strong>Dragon Eruption Sombre<\/strong> incarne la mati\u00e8re noire dont est faite la plus grande partie de l&#8217;univers &#8211; et il apporte une force myst\u00e9rieuse \u00e0 votre deck. <strong>Le dragon des \u00e9ruptions obscures<\/strong> peut bannir des cartes de n&#8217;importe quel cimeti\u00e8re, tout en tirant vos dragons de votre deck pour les garder \u00e0 port\u00e9e de main pour de futures utilisations.<\/p>\n<p><strong>Technique quantique<\/strong><\/p>\n<p>Mais l&#8217;\u00e9quilibre galactique doit \u00eatre pr\u00e9serv\u00e9 et <strong>le lombric d&#8217;obscurcissement <\/strong>est le monstre pour cela. <strong>Le T\u00e9nia d&#8217;obscurcissement <\/strong>maintient soigneusement les \u00e9nergies gravitationnelles de vos dragons cosmiques en \u00e9quilibrant LUMI\u00c8RE et T\u00c9N\u00c8BRES. Ce monstre envoie un dragon LUMI\u00c8RE ou T\u00c9N\u00c8BRESSE de haut niveau \u00e0 travers une singularit\u00e9 gravitationnelle et le bannit de votre deck. Et lorsque <strong>le T\u00e9nia d&#8217;obscurcissement <\/strong>voyage \u00e0 travers la m\u00eame singularit\u00e9, il d\u00e9forme le temps et l&#8217;espace pour amener le dragon dans votre main &#8211; l\u00e0 o\u00f9 vous le vouliez !  <\/p>\n<p>Les monstres bannis peuvent \u00e9galement se retrouver dans la <strong>zone de chaos<\/strong>, un endroit o\u00f9 des dizaines de r\u00e9alit\u00e9s entrent en collision. De nombreux monstres y finissent &#8211; mais seuls les plus chanceux reviennent, et c&#8217;est celui qui contr\u00f4le la <strong>zone de chaos<\/strong> qui les choisit ! <\/p>\n<p><strong>Des flammes infernales venues du pass\u00e9 !<\/strong><\/p>\n<p>Les dragons de chaque \u00e8re de duel se rassemblent pour combattre c\u00f4te \u00e0 c\u00f4te <strong>le Dragon \u00e0 pulsations de lumi\u00e8re<\/strong> et <strong>le Dragon \u00e0 \u00e9ruptions de t\u00e9n\u00e8bres<\/strong>. Le <em>Structure Deck Dragons Collide<\/em> vous permet d&#8217;utiliser <strong>le Blue Eye w. Dragon <\/strong>et <strong>Dragon arm\u00e9<\/strong> &#8211; <em>en m\u00eame temps<\/em>! Il vous permet m\u00eame de d\u00e9cha\u00eener de puissants combos datant des d\u00e9buts du duel, y compris la man\u0153uvre d\u00e9cisive du <strong>Seigneur des Dragons<\/strong> plus <strong>la Fl\u00fbte d&#8217;appel du Dragon<\/strong>. <\/p>\n<p>Le <em>Dragons Collide Structure Deck <\/em>est un jeu de 40 cartes pr\u00eat \u00e0 jouer. Vous pouvez jouer directement avec ou utiliser les cartes incluses pour personnaliser votre propre deck. Beaucoup de ces cartes se compl\u00e8tent avec des cartes que vous pouvez trouver dans les Booster Sets <em>Order of Chaos<\/em> et <em>Photon Shockwave <\/em>, vous aidant \u00e0 construire votre propre deck unique et puissant !  <\/p>\n<p>Dragons Collide contient \u00e9galement de nombreuses cartes formidables qui fonctionnent tout aussi bien dans n&#8217;importe quel deck, comme <strong>Chaos Hexer<\/strong>, <strong>Lyla, la Sorci\u00e8re de la Lumi\u00e8re <\/strong>et l <strong>&#8216;Appel des Chass\u00e9s<\/strong>.<\/p>\n<p><strong>Contenu d&#8217;un deck :<\/strong><\/p>\n<ul>\n<li>37 cartes Common<\/li>\n<li>1 cartes Super Rares<\/li>\n<li>2 cartes Ultra Rares<\/li>\n<li>1 guide du d\u00e9butant<\/li>\n<li>1 tapis de jeu avec nouvelle zone de monstres<\/li>\n<\/ul>\n","protected":false},"excerpt":{"rendered":"<p>Dragons Collide est un m\u00e9lange d&#8217;espace et de temps avec les dragons les plus puissants du monde du duel &#8211;<\/p>\n","protected":false},"featured_media":59120,"comment_status":"open","ping_status":"closed","template":"","meta":{"_acf_changed":false},"product_brand":[5074,5112],"product_cat":[9837,9779],"product_tag":[],"class_list":{"0":"post-328843","1":"product","2":"type-product","3":"status-publish","4":"has-post-thumbnail","6":"product_brand-konami","7":"product_brand-yu-gi-oh","8":"product_cat-decks-yugioh","9":"product_cat-yu-gi-oh-fr","11":"first","12":"outofstock","13":"taxable","14":"shipping-taxable","15":"purchasable","16":"product-type-variable"},"acf":[],"yoast_head":"<!-- This site is optimized with the Yoast SEO plugin v27.4 - https:\/\/yoast.com\/product\/yoast-seo-wordpress\/ -->\n<title>Ach\u00e8te Yu-Gi-Oh ! - Dragons Collide - Structure Deck<\/title>\n<meta name=\"description\" content=\"Ach\u00e8te Yu-Gi-Oh ! - Dragons Collide - Structure Deck en ligne maintenant \u00e0 petit prix! Ton #1 shop pour cartes TCG &amp; Pok\u00e9mon en Suisse \u2713 Livraison gratuite d\u00e8s CHF 29\" \/>\n<meta name=\"robots\" content=\"index, follow, max-snippet:-1, max-image-preview:large, max-video-preview:-1\" \/>\n<link rel=\"canonical\" href=\"https:\/\/theuncommonshop.ch\/fr\/product\/yu-gi-oh-structure-deck-dragons-collide-en-2\/\" \/>\n<meta property=\"og:locale\" content=\"fr_FR\" \/>\n<meta property=\"og:type\" content=\"article\" \/>\n<meta property=\"og:title\" content=\"Ach\u00e8te Yu-Gi-Oh ! - Dragons Collide - Structure Deck\" \/>\n<meta property=\"og:description\" content=\"Ach\u00e8te Yu-Gi-Oh ! - Dragons Collide - Structure Deck en ligne maintenant \u00e0 petit prix! Ton #1 shop pour cartes TCG &amp; Pok\u00e9mon en Suisse \u2713 Livraison gratuite d\u00e8s CHF 29\" \/>\n<meta property=\"og:url\" content=\"https:\/\/theuncommonshop.ch\/fr\/product\/yu-gi-oh-structure-deck-dragons-collide-en-2\/\" \/>\n<meta property=\"og:site_name\" content=\"The Uncommon Shop\" \/>\n<meta property=\"article:modified_time\" content=\"2026-03-29T13:26:59+00:00\" \/>\n<meta property=\"og:image\" content=\"https:\/\/theuncommonshop.ch\/wp-content\/uploads\/2025\/06\/2376167671.jpg\" \/>\n\t<meta property=\"og:image:width\" content=\"283\" \/>\n\t<meta property=\"og:image:height\" content=\"450\" \/>\n\t<meta property=\"og:image:type\" content=\"image\/jpeg\" \/>\n<meta name=\"twitter:card\" content=\"summary_large_image\" \/>\n<meta name=\"twitter:label1\" content=\"Disponibilit\u00e9\" \/>\n\t<meta name=\"twitter:data1\" content=\"Rupture de stock\" \/>\n<script type=\"application\/ld+json\" class=\"yoast-schema-graph\">{\"@context\":\"https:\\\/\\\/schema.org\",\"@graph\":[{\"@type\":\"WebPage\",\"@id\":\"https:\\\/\\\/theuncommonshop.ch\\\/fr\\\/product\\\/yu-gi-oh-structure-deck-dragons-collide-en-2\\\/\",\"url\":\"https:\\\/\\\/theuncommonshop.ch\\\/fr\\\/product\\\/yu-gi-oh-structure-deck-dragons-collide-en-2\\\/\",\"name\":\"Ach\u00e8te Yu-Gi-Oh ! - Dragons Collide - Structure Deck\",\"isPartOf\":{\"@id\":\"https:\\\/\\\/theuncommonshop.ch\\\/fr\\\/#website\"},\"primaryImageOfPage\":{\"@id\":\"https:\\\/\\\/theuncommonshop.ch\\\/fr\\\/product\\\/yu-gi-oh-structure-deck-dragons-collide-en-2\\\/#primaryimage\"},\"image\":{\"@id\":\"https:\\\/\\\/theuncommonshop.ch\\\/fr\\\/product\\\/yu-gi-oh-structure-deck-dragons-collide-en-2\\\/#primaryimage\"},\"thumbnailUrl\":\"https:\\\/\\\/theuncommonshop.ch\\\/wp-content\\\/uploads\\\/2025\\\/06\\\/2376167671.jpg\",\"datePublished\":\"2025-06-03T01:47:26+00:00\",\"dateModified\":\"2026-03-29T13:26:59+00:00\",\"description\":\"Ach\u00e8te Yu-Gi-Oh ! - Dragons Collide - Structure Deck en ligne maintenant \u00e0 petit prix! Ton #1 shop pour cartes TCG & Pok\u00e9mon en Suisse \u2713 Livraison gratuite d\u00e8s CHF 29\",\"breadcrumb\":{\"@id\":\"https:\\\/\\\/theuncommonshop.ch\\\/fr\\\/product\\\/yu-gi-oh-structure-deck-dragons-collide-en-2\\\/#breadcrumb\"},\"inLanguage\":\"fr-FR\",\"potentialAction\":[{\"@type\":\"ReadAction\",\"target\":[\"https:\\\/\\\/theuncommonshop.ch\\\/fr\\\/product\\\/yu-gi-oh-structure-deck-dragons-collide-en-2\\\/\"]}]},{\"@type\":\"ImageObject\",\"inLanguage\":\"fr-FR\",\"@id\":\"https:\\\/\\\/theuncommonshop.ch\\\/fr\\\/product\\\/yu-gi-oh-structure-deck-dragons-collide-en-2\\\/#primaryimage\",\"url\":\"https:\\\/\\\/theuncommonshop.ch\\\/wp-content\\\/uploads\\\/2025\\\/06\\\/2376167671.jpg\",\"contentUrl\":\"https:\\\/\\\/theuncommonshop.ch\\\/wp-content\\\/uploads\\\/2025\\\/06\\\/2376167671.jpg\",\"width\":283,\"height\":450},{\"@type\":\"BreadcrumbList\",\"@id\":\"https:\\\/\\\/theuncommonshop.ch\\\/fr\\\/product\\\/yu-gi-oh-structure-deck-dragons-collide-en-2\\\/#breadcrumb\",\"itemListElement\":[{\"@type\":\"ListItem\",\"position\":1,\"name\":\"Accueil\",\"item\":\"https:\\\/\\\/theuncommonshop.ch\\\/fr\\\/accueil\\\/\"},{\"@type\":\"ListItem\",\"position\":2,\"name\":\"Boutique\",\"item\":\"https:\\\/\\\/theuncommonshop.ch\\\/fr\\\/boutique\\\/\"},{\"@type\":\"ListItem\",\"position\":3,\"name\":\"Yu-Gi-Oh!\",\"item\":\"https:\\\/\\\/theuncommonshop.ch\\\/fr\\\/categorie-produit\\\/yu-gi-oh-fr\\\/\"},{\"@type\":\"ListItem\",\"position\":4,\"name\":\"Decks\",\"item\":\"https:\\\/\\\/theuncommonshop.ch\\\/fr\\\/categorie-produit\\\/yu-gi-oh-fr\\\/decks-yugioh\\\/\"},{\"@type\":\"ListItem\",\"position\":5,\"name\":\"Yu-Gi-Oh ! &#8211; Dragons Collide &#8211; Structure Deck\"}]},{\"@type\":\"WebSite\",\"@id\":\"https:\\\/\\\/theuncommonshop.ch\\\/fr\\\/#website\",\"url\":\"https:\\\/\\\/theuncommonshop.ch\\\/fr\\\/\",\"name\":\"The Uncommon Shop\",\"description\":\"Magic, Pok\u00e9mon and Yu-gi-oh - The Uncommon Shop\",\"potentialAction\":[{\"@type\":\"SearchAction\",\"target\":{\"@type\":\"EntryPoint\",\"urlTemplate\":\"https:\\\/\\\/theuncommonshop.ch\\\/fr\\\/?s={search_term_string}\"},\"query-input\":{\"@type\":\"PropertyValueSpecification\",\"valueRequired\":true,\"valueName\":\"search_term_string\"}}],\"inLanguage\":\"fr-FR\"}]}<\/script>\n<meta property=\"og:availability\" content=\"out of stock\" \/>\n<meta property=\"product:availability\" content=\"out of stock\" \/>\n<meta property=\"product:retailer_item_id\" content=\"YGO.III.B.SDDCDeck.EN\" \/>\n<meta property=\"product:condition\" content=\"new\" \/>\n<!-- \/ Yoast SEO plugin. -->","yoast_head_json":{"title":"Ach\u00e8te Yu-Gi-Oh ! - Dragons Collide - Structure Deck","description":"Ach\u00e8te Yu-Gi-Oh ! - Dragons Collide - Structure Deck en ligne maintenant \u00e0 petit prix! Ton #1 shop pour cartes TCG & Pok\u00e9mon en Suisse \u2713 Livraison gratuite d\u00e8s CHF 29","robots":{"index":"index","follow":"follow","max-snippet":"max-snippet:-1","max-image-preview":"max-image-preview:large","max-video-preview":"max-video-preview:-1"},"canonical":"https:\/\/theuncommonshop.ch\/fr\/product\/yu-gi-oh-structure-deck-dragons-collide-en-2\/","og_locale":"fr_FR","og_type":"article","og_title":"Ach\u00e8te Yu-Gi-Oh ! - Dragons Collide - Structure Deck","og_description":"Ach\u00e8te Yu-Gi-Oh ! - Dragons Collide - Structure Deck en ligne maintenant \u00e0 petit prix! Ton #1 shop pour cartes TCG & Pok\u00e9mon en Suisse \u2713 Livraison gratuite d\u00e8s CHF 29","og_url":"https:\/\/theuncommonshop.ch\/fr\/product\/yu-gi-oh-structure-deck-dragons-collide-en-2\/","og_site_name":"The Uncommon Shop","article_modified_time":"2026-03-29T13:26:59+00:00","og_image":[{"width":283,"height":450,"url":"https:\/\/theuncommonshop.ch\/wp-content\/uploads\/2025\/06\/2376167671.jpg","type":"image\/jpeg"}],"twitter_card":"summary_large_image","twitter_misc":{"Disponibilit\u00e9":"Rupture de stock"},"schema":{"@context":"https:\/\/schema.org","@graph":[{"@type":"WebPage","@id":"https:\/\/theuncommonshop.ch\/fr\/product\/yu-gi-oh-structure-deck-dragons-collide-en-2\/","url":"https:\/\/theuncommonshop.ch\/fr\/product\/yu-gi-oh-structure-deck-dragons-collide-en-2\/","name":"Ach\u00e8te Yu-Gi-Oh ! - Dragons Collide - Structure Deck","isPartOf":{"@id":"https:\/\/theuncommonshop.ch\/fr\/#website"},"primaryImageOfPage":{"@id":"https:\/\/theuncommonshop.ch\/fr\/product\/yu-gi-oh-structure-deck-dragons-collide-en-2\/#primaryimage"},"image":{"@id":"https:\/\/theuncommonshop.ch\/fr\/product\/yu-gi-oh-structure-deck-dragons-collide-en-2\/#primaryimage"},"thumbnailUrl":"https:\/\/theuncommonshop.ch\/wp-content\/uploads\/2025\/06\/2376167671.jpg","datePublished":"2025-06-03T01:47:26+00:00","dateModified":"2026-03-29T13:26:59+00:00","description":"Ach\u00e8te Yu-Gi-Oh ! - Dragons Collide - Structure Deck en ligne maintenant \u00e0 petit prix! Ton #1 shop pour cartes TCG & Pok\u00e9mon en Suisse \u2713 Livraison gratuite d\u00e8s CHF 29","breadcrumb":{"@id":"https:\/\/theuncommonshop.ch\/fr\/product\/yu-gi-oh-structure-deck-dragons-collide-en-2\/#breadcrumb"},"inLanguage":"fr-FR","potentialAction":[{"@type":"ReadAction","target":["https:\/\/theuncommonshop.ch\/fr\/product\/yu-gi-oh-structure-deck-dragons-collide-en-2\/"]}]},{"@type":"ImageObject","inLanguage":"fr-FR","@id":"https:\/\/theuncommonshop.ch\/fr\/product\/yu-gi-oh-structure-deck-dragons-collide-en-2\/#primaryimage","url":"https:\/\/theuncommonshop.ch\/wp-content\/uploads\/2025\/06\/2376167671.jpg","contentUrl":"https:\/\/theuncommonshop.ch\/wp-content\/uploads\/2025\/06\/2376167671.jpg","width":283,"height":450},{"@type":"BreadcrumbList","@id":"https:\/\/theuncommonshop.ch\/fr\/product\/yu-gi-oh-structure-deck-dragons-collide-en-2\/#breadcrumb","itemListElement":[{"@type":"ListItem","position":1,"name":"Accueil","item":"https:\/\/theuncommonshop.ch\/fr\/accueil\/"},{"@type":"ListItem","position":2,"name":"Boutique","item":"https:\/\/theuncommonshop.ch\/fr\/boutique\/"},{"@type":"ListItem","position":3,"name":"Yu-Gi-Oh!","item":"https:\/\/theuncommonshop.ch\/fr\/categorie-produit\/yu-gi-oh-fr\/"},{"@type":"ListItem","position":4,"name":"Decks","item":"https:\/\/theuncommonshop.ch\/fr\/categorie-produit\/yu-gi-oh-fr\/decks-yugioh\/"},{"@type":"ListItem","position":5,"name":"Yu-Gi-Oh ! &#8211; Dragons Collide &#8211; Structure Deck"}]},{"@type":"WebSite","@id":"https:\/\/theuncommonshop.ch\/fr\/#website","url":"https:\/\/theuncommonshop.ch\/fr\/","name":"The Uncommon Shop","description":"Magic, Pok\u00e9mon and Yu-gi-oh - The Uncommon Shop","potentialAction":[{"@type":"SearchAction","target":{"@type":"EntryPoint","urlTemplate":"https:\/\/theuncommonshop.ch\/fr\/?s={search_term_string}"},"query-input":{"@type":"PropertyValueSpecification","valueRequired":true,"valueName":"search_term_string"}}],"inLanguage":"fr-FR"}]},"og_availability":"out of stock","product_availability":"out of stock","product_retailer_item_id":"YGO.III.B.SDDCDeck.EN","product_condition":"new"},"_links":{"self":[{"href":"https:\/\/theuncommonshop.ch\/fr\/wp-json\/wp\/v2\/product\/328843","targetHints":{"allow":["GET"]}}],"collection":[{"href":"https:\/\/theuncommonshop.ch\/fr\/wp-json\/wp\/v2\/product"}],"about":[{"href":"https:\/\/theuncommonshop.ch\/fr\/wp-json\/wp\/v2\/types\/product"}],"replies":[{"embeddable":true,"href":"https:\/\/theuncommonshop.ch\/fr\/wp-json\/wp\/v2\/comments?post=328843"}],"version-history":[{"count":0,"href":"https:\/\/theuncommonshop.ch\/fr\/wp-json\/wp\/v2\/product\/328843\/revisions"}],"wp:featuredmedia":[{"embeddable":true,"href":"https:\/\/theuncommonshop.ch\/fr\/wp-json\/wp\/v2\/media\/59120"}],"wp:attachment":[{"href":"https:\/\/theuncommonshop.ch\/fr\/wp-json\/wp\/v2\/media?parent=328843"}],"wp:term":[{"taxonomy":"product_brand","embeddable":true,"href":"https:\/\/theuncommonshop.ch\/fr\/wp-json\/wp\/v2\/product_brand?post=328843"},{"taxonomy":"product_cat","embeddable":true,"href":"https:\/\/theuncommonshop.ch\/fr\/wp-json\/wp\/v2\/product_cat?post=328843"},{"taxonomy":"product_tag","embeddable":true,"href":"https:\/\/theuncommonshop.ch\/fr\/wp-json\/wp\/v2\/product_tag?post=328843"}],"curies":[{"name":"wp","href":"https:\/\/api.w.org\/{rel}","templated":true}]}}