{"id":328833,"date":"2025-06-03T01:46:58","date_gmt":"2025-06-03T01:46:58","guid":{"rendered":"http:\/\/theuncommonshop.ch\/produkt\/328833\/"},"modified":"2026-03-29T16:00:52","modified_gmt":"2026-03-29T14:00:52","slug":"yu-gi-oh-structure-deck-gates-of-the-underworld-unlimited-en-2","status":"publish","type":"product","link":"https:\/\/theuncommonshop.ch\/fr\/product\/yu-gi-oh-structure-deck-gates-of-the-underworld-unlimited-en-2\/","title":{"rendered":"Yu-Gi-Oh ! &#8211; Gates of the Underworld &#8211; Structure Deck UNLIMITED"},"content":{"rendered":"<div>1 carte ultra rare<\/div>\n<div>2 cartes super rares<\/div>\n<div>37 cartes ordinaires<\/div>\n<div>1 livre de r\u00e8gles<\/div>\n<div>1 tapis de jeu<\/div>\n<div><\/div>\n<div><\/div>\n<div>Duelliste du Monde des Mortels Prenez garde ! Je suis Grapha, le seigneur dragon du monde des t\u00e9n\u00e8bres. Et c&#8217;est un honneur pour moi de servir de commandant en chef des forces du monde des t\u00e9n\u00e8bres \u00e0 la veille de notre retour sur votre terre. Nous, les seigneurs du monde des t\u00e9n\u00e8bres, avons toujours \u00e9t\u00e9 \u00e0 la limite du duel. Les duellistes ont n\u00e9glig\u00e9 nos pouvoirs pour d\u00e9truire les monstres, les sorts, les pi\u00e8ges et m\u00eame les cartes dans la main de l&#8217;adversaire. Nous avons offert des victoires d\u00e9vastatrices \u00e0 nos alli\u00e9s, mais on ne nous a jamais vus dans le cercle des vainqueurs. C&#8217;est fini maintenant ! Vous voulez que nous montrions toute notre puissance ? Qu&#8217;il en soit ainsi ! Les portes du monde souterrain se sont ouvertes. Et que tous ceux qui s&#8217;opposent \u00e0 nous s&#8217;enfuient de peur lorsque notre pleine puissance se manifestera ! Les portes du monde des t\u00e9n\u00e8bres vous laissent partir chaque fois que vous d\u00e9posez un ogre. Lorsque vous d\u00e9faussez un seigneur du monde des t\u00e9n\u00e8bres digne de ce nom, ce monstre s&#8217;invoque \u00e9galement lui-m\u00eame depuis le cimeti\u00e8re et vous donne un monstre gratuit sur le terrain. Snoww, Unlicht du monde des t\u00e9n\u00e8bres assombrit nos c\u0153urs noirs en cherchant n&#8217;importe quelle carte du monde des t\u00e9n\u00e8bres de votre deck. Elle peut \u00e9galement corrompre les monstres de votre adversaire en amenant n&#8217;importe quel monstre de son cimeti\u00e8re sur votre Terrain par Invocation Sp\u00e9ciale. Enfin, moi, Grapha, le seigneur dragon du monde des t\u00e9n\u00e8bres, je m\u00e8nerai personnellement vos forces \u00e0 la bataille. Y compris les monstres de vos ennemis, car je peux invoquer n&#8217;importe quel monstre de la main de votre adversaire sur votre c\u00f4t\u00e9 du Terrain. Et tant qu&#8217;un monstre du monde des t\u00e9n\u00e8bres est sous votre contr\u00f4le, je reviendrai du cimeti\u00e8re.                 <\/div>\n","protected":false},"excerpt":{"rendered":"<p>1 carte ultra rare 2 cartes super rares 37 cartes ordinaires 1 livre de r\u00e8gles 1 tapis de jeu Duelliste<\/p>\n","protected":false},"featured_media":59106,"comment_status":"open","ping_status":"closed","template":"","meta":{"_acf_changed":false},"product_brand":[5074,5112],"product_cat":[9837,9779],"product_tag":[],"class_list":{"0":"post-328833","1":"product","2":"type-product","3":"status-publish","4":"has-post-thumbnail","6":"product_brand-konami","7":"product_brand-yu-gi-oh","8":"product_cat-decks-yugioh","9":"product_cat-yu-gi-oh-fr","11":"first","12":"instock","13":"taxable","14":"shipping-taxable","15":"purchasable","16":"product-type-variable"},"acf":[],"yoast_head":"<!-- This site is optimized with the Yoast SEO plugin v27.4 - https:\/\/yoast.com\/product\/yoast-seo-wordpress\/ -->\n<title>Ach\u00e8te Yu-Gi-Oh ! - Gates of the Underworld - Structure Deck UNLIMITED<\/title>\n<meta name=\"description\" content=\"Ach\u00e8te Yu-Gi-Oh ! - Gates of the Underworld - Structure Deck UNLIMITED en ligne maintenant \u00e0 petit prix! Ton #1 shop pour cartes TCG &amp; Pok\u00e9mon en Suisse \u2713 Livraison gratuite d\u00e8s CHF 29\" \/>\n<meta name=\"robots\" content=\"index, follow, max-snippet:-1, max-image-preview:large, max-video-preview:-1\" \/>\n<link rel=\"canonical\" href=\"https:\/\/theuncommonshop.ch\/fr\/product\/yu-gi-oh-structure-deck-gates-of-the-underworld-unlimited-en-2\/\" \/>\n<meta property=\"og:locale\" content=\"fr_FR\" \/>\n<meta property=\"og:type\" content=\"article\" \/>\n<meta property=\"og:title\" content=\"Ach\u00e8te Yu-Gi-Oh ! - Gates of the Underworld - Structure Deck UNLIMITED\" \/>\n<meta property=\"og:description\" content=\"Ach\u00e8te Yu-Gi-Oh ! - Gates of the Underworld - Structure Deck UNLIMITED en ligne maintenant \u00e0 petit prix! Ton #1 shop pour cartes TCG &amp; Pok\u00e9mon en Suisse \u2713 Livraison gratuite d\u00e8s CHF 29\" \/>\n<meta property=\"og:url\" content=\"https:\/\/theuncommonshop.ch\/fr\/product\/yu-gi-oh-structure-deck-gates-of-the-underworld-unlimited-en-2\/\" \/>\n<meta property=\"og:site_name\" content=\"The Uncommon Shop\" \/>\n<meta property=\"article:modified_time\" content=\"2026-03-29T14:00:52+00:00\" \/>\n<meta property=\"og:image\" content=\"https:\/\/theuncommonshop.ch\/wp-content\/uploads\/2025\/06\/2376168885.jpg\" \/>\n\t<meta property=\"og:image:width\" content=\"417\" \/>\n\t<meta property=\"og:image:height\" content=\"657\" \/>\n\t<meta property=\"og:image:type\" content=\"image\/jpeg\" \/>\n<meta name=\"twitter:card\" content=\"summary_large_image\" \/>\n<meta name=\"twitter:label1\" content=\"Disponibilit\u00e9\" \/>\n\t<meta name=\"twitter:data1\" content=\"En stock\" \/>\n<script type=\"application\/ld+json\" class=\"yoast-schema-graph\">{\"@context\":\"https:\\\/\\\/schema.org\",\"@graph\":[{\"@type\":\"WebPage\",\"@id\":\"https:\\\/\\\/theuncommonshop.ch\\\/fr\\\/product\\\/yu-gi-oh-structure-deck-gates-of-the-underworld-unlimited-en-2\\\/\",\"url\":\"https:\\\/\\\/theuncommonshop.ch\\\/fr\\\/product\\\/yu-gi-oh-structure-deck-gates-of-the-underworld-unlimited-en-2\\\/\",\"name\":\"Ach\u00e8te Yu-Gi-Oh ! - Gates of the Underworld - Structure Deck UNLIMITED\",\"isPartOf\":{\"@id\":\"https:\\\/\\\/theuncommonshop.ch\\\/fr\\\/#website\"},\"primaryImageOfPage\":{\"@id\":\"https:\\\/\\\/theuncommonshop.ch\\\/fr\\\/product\\\/yu-gi-oh-structure-deck-gates-of-the-underworld-unlimited-en-2\\\/#primaryimage\"},\"image\":{\"@id\":\"https:\\\/\\\/theuncommonshop.ch\\\/fr\\\/product\\\/yu-gi-oh-structure-deck-gates-of-the-underworld-unlimited-en-2\\\/#primaryimage\"},\"thumbnailUrl\":\"https:\\\/\\\/theuncommonshop.ch\\\/wp-content\\\/uploads\\\/2025\\\/06\\\/2376168885.jpg\",\"datePublished\":\"2025-06-03T01:46:58+00:00\",\"dateModified\":\"2026-03-29T14:00:52+00:00\",\"description\":\"Ach\u00e8te Yu-Gi-Oh ! - Gates of the Underworld - Structure Deck UNLIMITED en ligne maintenant \u00e0 petit prix! Ton #1 shop pour cartes TCG & Pok\u00e9mon en Suisse \u2713 Livraison gratuite d\u00e8s CHF 29\",\"breadcrumb\":{\"@id\":\"https:\\\/\\\/theuncommonshop.ch\\\/fr\\\/product\\\/yu-gi-oh-structure-deck-gates-of-the-underworld-unlimited-en-2\\\/#breadcrumb\"},\"inLanguage\":\"fr-FR\",\"potentialAction\":[{\"@type\":\"ReadAction\",\"target\":[\"https:\\\/\\\/theuncommonshop.ch\\\/fr\\\/product\\\/yu-gi-oh-structure-deck-gates-of-the-underworld-unlimited-en-2\\\/\"]}]},{\"@type\":\"ImageObject\",\"inLanguage\":\"fr-FR\",\"@id\":\"https:\\\/\\\/theuncommonshop.ch\\\/fr\\\/product\\\/yu-gi-oh-structure-deck-gates-of-the-underworld-unlimited-en-2\\\/#primaryimage\",\"url\":\"https:\\\/\\\/theuncommonshop.ch\\\/wp-content\\\/uploads\\\/2025\\\/06\\\/2376168885.jpg\",\"contentUrl\":\"https:\\\/\\\/theuncommonshop.ch\\\/wp-content\\\/uploads\\\/2025\\\/06\\\/2376168885.jpg\",\"width\":417,\"height\":657},{\"@type\":\"BreadcrumbList\",\"@id\":\"https:\\\/\\\/theuncommonshop.ch\\\/fr\\\/product\\\/yu-gi-oh-structure-deck-gates-of-the-underworld-unlimited-en-2\\\/#breadcrumb\",\"itemListElement\":[{\"@type\":\"ListItem\",\"position\":1,\"name\":\"Accueil\",\"item\":\"https:\\\/\\\/theuncommonshop.ch\\\/fr\\\/accueil\\\/\"},{\"@type\":\"ListItem\",\"position\":2,\"name\":\"Boutique\",\"item\":\"https:\\\/\\\/theuncommonshop.ch\\\/fr\\\/boutique\\\/\"},{\"@type\":\"ListItem\",\"position\":3,\"name\":\"Yu-Gi-Oh!\",\"item\":\"https:\\\/\\\/theuncommonshop.ch\\\/fr\\\/categorie-produit\\\/yu-gi-oh-fr\\\/\"},{\"@type\":\"ListItem\",\"position\":4,\"name\":\"Decks\",\"item\":\"https:\\\/\\\/theuncommonshop.ch\\\/fr\\\/categorie-produit\\\/yu-gi-oh-fr\\\/decks-yugioh\\\/\"},{\"@type\":\"ListItem\",\"position\":5,\"name\":\"Yu-Gi-Oh ! &#8211; Gates of the Underworld &#8211; Structure Deck UNLIMITED\"}]},{\"@type\":\"WebSite\",\"@id\":\"https:\\\/\\\/theuncommonshop.ch\\\/fr\\\/#website\",\"url\":\"https:\\\/\\\/theuncommonshop.ch\\\/fr\\\/\",\"name\":\"The Uncommon Shop\",\"description\":\"Magic, Pok\u00e9mon and Yu-gi-oh - The Uncommon Shop\",\"potentialAction\":[{\"@type\":\"SearchAction\",\"target\":{\"@type\":\"EntryPoint\",\"urlTemplate\":\"https:\\\/\\\/theuncommonshop.ch\\\/fr\\\/?s={search_term_string}\"},\"query-input\":{\"@type\":\"PropertyValueSpecification\",\"valueRequired\":true,\"valueName\":\"search_term_string\"}}],\"inLanguage\":\"fr-FR\"}]}<\/script>\n<meta property=\"og:availability\" content=\"instock\" \/>\n<meta property=\"product:availability\" content=\"instock\" \/>\n<meta property=\"product:retailer_item_id\" content=\"YGO.IV.F.GatesOfTheUnderworldDeck.EN\" \/>\n<meta property=\"product:condition\" content=\"new\" \/>\n<!-- \/ Yoast SEO plugin. -->","yoast_head_json":{"title":"Ach\u00e8te Yu-Gi-Oh ! - Gates of the Underworld - Structure Deck UNLIMITED","description":"Ach\u00e8te Yu-Gi-Oh ! - Gates of the Underworld - Structure Deck UNLIMITED en ligne maintenant \u00e0 petit prix! Ton #1 shop pour cartes TCG & Pok\u00e9mon en Suisse \u2713 Livraison gratuite d\u00e8s CHF 29","robots":{"index":"index","follow":"follow","max-snippet":"max-snippet:-1","max-image-preview":"max-image-preview:large","max-video-preview":"max-video-preview:-1"},"canonical":"https:\/\/theuncommonshop.ch\/fr\/product\/yu-gi-oh-structure-deck-gates-of-the-underworld-unlimited-en-2\/","og_locale":"fr_FR","og_type":"article","og_title":"Ach\u00e8te Yu-Gi-Oh ! - Gates of the Underworld - Structure Deck UNLIMITED","og_description":"Ach\u00e8te Yu-Gi-Oh ! - Gates of the Underworld - Structure Deck UNLIMITED en ligne maintenant \u00e0 petit prix! Ton #1 shop pour cartes TCG & Pok\u00e9mon en Suisse \u2713 Livraison gratuite d\u00e8s CHF 29","og_url":"https:\/\/theuncommonshop.ch\/fr\/product\/yu-gi-oh-structure-deck-gates-of-the-underworld-unlimited-en-2\/","og_site_name":"The Uncommon Shop","article_modified_time":"2026-03-29T14:00:52+00:00","og_image":[{"width":417,"height":657,"url":"https:\/\/theuncommonshop.ch\/wp-content\/uploads\/2025\/06\/2376168885.jpg","type":"image\/jpeg"}],"twitter_card":"summary_large_image","twitter_misc":{"Disponibilit\u00e9":"En stock"},"schema":{"@context":"https:\/\/schema.org","@graph":[{"@type":"WebPage","@id":"https:\/\/theuncommonshop.ch\/fr\/product\/yu-gi-oh-structure-deck-gates-of-the-underworld-unlimited-en-2\/","url":"https:\/\/theuncommonshop.ch\/fr\/product\/yu-gi-oh-structure-deck-gates-of-the-underworld-unlimited-en-2\/","name":"Ach\u00e8te Yu-Gi-Oh ! - Gates of the Underworld - Structure Deck UNLIMITED","isPartOf":{"@id":"https:\/\/theuncommonshop.ch\/fr\/#website"},"primaryImageOfPage":{"@id":"https:\/\/theuncommonshop.ch\/fr\/product\/yu-gi-oh-structure-deck-gates-of-the-underworld-unlimited-en-2\/#primaryimage"},"image":{"@id":"https:\/\/theuncommonshop.ch\/fr\/product\/yu-gi-oh-structure-deck-gates-of-the-underworld-unlimited-en-2\/#primaryimage"},"thumbnailUrl":"https:\/\/theuncommonshop.ch\/wp-content\/uploads\/2025\/06\/2376168885.jpg","datePublished":"2025-06-03T01:46:58+00:00","dateModified":"2026-03-29T14:00:52+00:00","description":"Ach\u00e8te Yu-Gi-Oh ! - Gates of the Underworld - Structure Deck UNLIMITED en ligne maintenant \u00e0 petit prix! Ton #1 shop pour cartes TCG & Pok\u00e9mon en Suisse \u2713 Livraison gratuite d\u00e8s CHF 29","breadcrumb":{"@id":"https:\/\/theuncommonshop.ch\/fr\/product\/yu-gi-oh-structure-deck-gates-of-the-underworld-unlimited-en-2\/#breadcrumb"},"inLanguage":"fr-FR","potentialAction":[{"@type":"ReadAction","target":["https:\/\/theuncommonshop.ch\/fr\/product\/yu-gi-oh-structure-deck-gates-of-the-underworld-unlimited-en-2\/"]}]},{"@type":"ImageObject","inLanguage":"fr-FR","@id":"https:\/\/theuncommonshop.ch\/fr\/product\/yu-gi-oh-structure-deck-gates-of-the-underworld-unlimited-en-2\/#primaryimage","url":"https:\/\/theuncommonshop.ch\/wp-content\/uploads\/2025\/06\/2376168885.jpg","contentUrl":"https:\/\/theuncommonshop.ch\/wp-content\/uploads\/2025\/06\/2376168885.jpg","width":417,"height":657},{"@type":"BreadcrumbList","@id":"https:\/\/theuncommonshop.ch\/fr\/product\/yu-gi-oh-structure-deck-gates-of-the-underworld-unlimited-en-2\/#breadcrumb","itemListElement":[{"@type":"ListItem","position":1,"name":"Accueil","item":"https:\/\/theuncommonshop.ch\/fr\/accueil\/"},{"@type":"ListItem","position":2,"name":"Boutique","item":"https:\/\/theuncommonshop.ch\/fr\/boutique\/"},{"@type":"ListItem","position":3,"name":"Yu-Gi-Oh!","item":"https:\/\/theuncommonshop.ch\/fr\/categorie-produit\/yu-gi-oh-fr\/"},{"@type":"ListItem","position":4,"name":"Decks","item":"https:\/\/theuncommonshop.ch\/fr\/categorie-produit\/yu-gi-oh-fr\/decks-yugioh\/"},{"@type":"ListItem","position":5,"name":"Yu-Gi-Oh ! &#8211; Gates of the Underworld &#8211; Structure Deck UNLIMITED"}]},{"@type":"WebSite","@id":"https:\/\/theuncommonshop.ch\/fr\/#website","url":"https:\/\/theuncommonshop.ch\/fr\/","name":"The Uncommon Shop","description":"Magic, Pok\u00e9mon and Yu-gi-oh - The Uncommon Shop","potentialAction":[{"@type":"SearchAction","target":{"@type":"EntryPoint","urlTemplate":"https:\/\/theuncommonshop.ch\/fr\/?s={search_term_string}"},"query-input":{"@type":"PropertyValueSpecification","valueRequired":true,"valueName":"search_term_string"}}],"inLanguage":"fr-FR"}]},"og_availability":"instock","product_availability":"instock","product_retailer_item_id":"YGO.IV.F.GatesOfTheUnderworldDeck.EN","product_condition":"new"},"_links":{"self":[{"href":"https:\/\/theuncommonshop.ch\/fr\/wp-json\/wp\/v2\/product\/328833","targetHints":{"allow":["GET"]}}],"collection":[{"href":"https:\/\/theuncommonshop.ch\/fr\/wp-json\/wp\/v2\/product"}],"about":[{"href":"https:\/\/theuncommonshop.ch\/fr\/wp-json\/wp\/v2\/types\/product"}],"replies":[{"embeddable":true,"href":"https:\/\/theuncommonshop.ch\/fr\/wp-json\/wp\/v2\/comments?post=328833"}],"version-history":[{"count":0,"href":"https:\/\/theuncommonshop.ch\/fr\/wp-json\/wp\/v2\/product\/328833\/revisions"}],"wp:featuredmedia":[{"embeddable":true,"href":"https:\/\/theuncommonshop.ch\/fr\/wp-json\/wp\/v2\/media\/59106"}],"wp:attachment":[{"href":"https:\/\/theuncommonshop.ch\/fr\/wp-json\/wp\/v2\/media?parent=328833"}],"wp:term":[{"taxonomy":"product_brand","embeddable":true,"href":"https:\/\/theuncommonshop.ch\/fr\/wp-json\/wp\/v2\/product_brand?post=328833"},{"taxonomy":"product_cat","embeddable":true,"href":"https:\/\/theuncommonshop.ch\/fr\/wp-json\/wp\/v2\/product_cat?post=328833"},{"taxonomy":"product_tag","embeddable":true,"href":"https:\/\/theuncommonshop.ch\/fr\/wp-json\/wp\/v2\/product_tag?post=328833"}],"curies":[{"name":"wp","href":"https:\/\/api.w.org\/{rel}","templated":true}]}}