{"id":328797,"date":"2025-06-03T01:45:11","date_gmt":"2025-06-02T23:45:11","guid":{"rendered":"http:\/\/theuncommonshop.ch\/produkt\/328797\/"},"modified":"2026-03-28T17:01:16","modified_gmt":"2026-03-28T16:01:16","slug":"yu-gi-oh-star-pack-arc-v-booster-display-us-vers-2","status":"publish","type":"product","link":"https:\/\/theuncommonshop.ch\/fr\/product\/yu-gi-oh-star-pack-arc-v-booster-display-us-vers-2\/","title":{"rendered":"Yu-Gi-Oh ! &#8211; Star Pack Arc-V &#8211; Booster Display (US Vers.)"},"content":{"rendered":"<p><strong>Star Packs ARC-V<\/strong><strong>  Booster Display &#8211; Yu-Gi-Oh ! Trading Cards Came <u>1. Edition<\/u> <\/strong><\/p>\n<p><strong>Langue :<\/strong> Anglais \/ 1\u00e8re \u00e9dition<\/p>\n<p>Le <i>Star Pack ARC-V<\/i> a \u00e9t\u00e9 sp\u00e9cialement con\u00e7u pour offrir aux fans de Yu-Gi-Oh ! de toutes les g\u00e9n\u00e9rations une multitude de superbes cartes \u00e0 son prix sensationnel. <\/p>\n<p>Chaque Booster Pack contient 3 cartes al\u00e9atoires, dont 1 carte Shatterfoil garantie. Cela signifie beaucoup de cartes qui n&#8217;ont jamais \u00e9t\u00e9 disponibles en tant que Shatterfoil et un excellent rapport qualit\u00e9-prix. <\/p>\n<p>Le <i>Star Pack ARC-V<\/i> contient des cartes de th\u00e8mes populaires de la premi\u00e8re saison de la s\u00e9rie t\u00e9l\u00e9vis\u00e9e Yu-Gi-Oh ! ARC-V, comme le raptor envahisseur, le copain artiste ou le samoura\u00ef super lourd. Mais les duellistes peuvent aussi retrouver des cartes demand\u00e9es dans diff\u00e9rents booster sets, de <i>Legend of Blue-Eyes White Dragon<\/i> \u00e0 <i>Hidden Arsenal<\/i>, \u00e0 commencer par <strong>M\u00f6bius le monarque du gel<\/strong> et <strong>Polym\u00e9risation<\/strong>, jusqu&#8217;\u00e0 <strong>Fusion du chevalier des pierres pr\u00e9cieuses<\/strong>, <strong>Sabre X Souza<\/strong> ou <strong>l&#8217;explorateur des signes du zodiaque Algiedi<\/strong>.  <\/p>\n<p>Avec un tel contenu, les Star Packs sont un choix parfait pour les duellistes qui veulent mettre les bouch\u00e9es doubles en mati\u00e8re de duel et de collection !<\/p>\n<p><strong>Les cartes Yu-Gi-Oh ! TRADING CARD GAME <em>Star Pack ARC-V<\/em> <\/strong> <strong>La s\u00e9rie Booster comprend 50 cartes  <\/strong><\/p>\n<ul>\n<li><em>Star Packs : Battle Royal <\/em>contient 50 cartes : 49 cartes Common, 1 carte Starfoil seulement<\/li>\n<li>(Les 49 cartes common sont \u00e9galement disponibles en Starfoil).<\/li>\n<\/ul>\n<p><strong>Contenu de l&#8217;\u00e9cran :<\/strong><\/p>\n<ul>\n<li>3 cartes par Booster<\/li>\n<li>50 Boosters par pr\u00e9sentoir<\/li>\n<\/ul>\n","protected":false},"excerpt":{"rendered":"<p>Star Packs ARC-V Booster Display &#8211; Yu-Gi-Oh ! Trading Cards Came 1. Edition Langue : Anglais \/ 1\u00e8re \u00e9dition Le<\/p>\n","protected":false},"featured_media":59052,"comment_status":"open","ping_status":"closed","template":"","meta":{"_acf_changed":false},"product_brand":[5074,5112],"product_cat":[9835,9779],"product_tag":[],"class_list":{"0":"post-328797","1":"product","2":"type-product","3":"status-publish","4":"has-post-thumbnail","6":"product_brand-konami","7":"product_brand-yu-gi-oh","8":"product_cat-booster-displays-yugioh","9":"product_cat-yu-gi-oh-fr","11":"first","12":"instock","13":"taxable","14":"shipping-taxable","15":"purchasable","16":"product-type-variable"},"acf":[],"yoast_head":"<!-- This site is optimized with the Yoast SEO plugin v27.4 - https:\/\/yoast.com\/product\/yoast-seo-wordpress\/ -->\n<title>Ach\u00e8te Yu-Gi-Oh ! - Star Pack Arc-V - Booster Display (US Vers.)<\/title>\n<meta name=\"description\" content=\"Ach\u00e8te Yu-Gi-Oh ! - Star Pack Arc-V - Booster Display (US Vers.) en ligne maintenant \u00e0 petit prix! Ton #1 shop pour cartes TCG &amp; Pok\u00e9mon en Suisse \u2713 Livraison gratuite d\u00e8s CHF 29\" \/>\n<meta name=\"robots\" content=\"index, follow, max-snippet:-1, max-image-preview:large, max-video-preview:-1\" \/>\n<link rel=\"canonical\" href=\"https:\/\/theuncommonshop.ch\/fr\/product\/yu-gi-oh-star-pack-arc-v-booster-display-us-vers-2\/\" \/>\n<meta property=\"og:locale\" content=\"fr_FR\" \/>\n<meta property=\"og:type\" content=\"article\" \/>\n<meta property=\"og:title\" content=\"Ach\u00e8te Yu-Gi-Oh ! - Star Pack Arc-V - Booster Display (US Vers.)\" \/>\n<meta property=\"og:description\" content=\"Ach\u00e8te Yu-Gi-Oh ! - Star Pack Arc-V - Booster Display (US Vers.) en ligne maintenant \u00e0 petit prix! Ton #1 shop pour cartes TCG &amp; Pok\u00e9mon en Suisse \u2713 Livraison gratuite d\u00e8s CHF 29\" \/>\n<meta property=\"og:url\" content=\"https:\/\/theuncommonshop.ch\/fr\/product\/yu-gi-oh-star-pack-arc-v-booster-display-us-vers-2\/\" \/>\n<meta property=\"og:site_name\" content=\"Largest trading card shop in Switzerland\" \/>\n<meta property=\"article:modified_time\" content=\"2026-03-28T16:01:16+00:00\" \/>\n<meta property=\"og:image\" content=\"https:\/\/theuncommonshop.ch\/wp-content\/uploads\/2025\/06\/2376072375.jpg\" \/>\n\t<meta property=\"og:image:width\" content=\"600\" \/>\n\t<meta property=\"og:image:height\" content=\"600\" \/>\n\t<meta property=\"og:image:type\" content=\"image\/jpeg\" \/>\n<meta name=\"twitter:card\" content=\"summary_large_image\" \/>\n<meta name=\"twitter:label1\" content=\"Disponibilit\u00e9\" \/>\n\t<meta name=\"twitter:data1\" content=\"En stock\" \/>\n<script type=\"application\/ld+json\" class=\"yoast-schema-graph\">{\"@context\":\"https:\\\/\\\/schema.org\",\"@graph\":[{\"@type\":\"WebPage\",\"@id\":\"https:\\\/\\\/theuncommonshop.ch\\\/fr\\\/product\\\/yu-gi-oh-star-pack-arc-v-booster-display-us-vers-2\\\/\",\"url\":\"https:\\\/\\\/theuncommonshop.ch\\\/fr\\\/product\\\/yu-gi-oh-star-pack-arc-v-booster-display-us-vers-2\\\/\",\"name\":\"Ach\u00e8te Yu-Gi-Oh ! - Star Pack Arc-V - Booster Display (US Vers.)\",\"isPartOf\":{\"@id\":\"https:\\\/\\\/theuncommonshop.ch\\\/#website\"},\"primaryImageOfPage\":{\"@id\":\"https:\\\/\\\/theuncommonshop.ch\\\/fr\\\/product\\\/yu-gi-oh-star-pack-arc-v-booster-display-us-vers-2\\\/#primaryimage\"},\"image\":{\"@id\":\"https:\\\/\\\/theuncommonshop.ch\\\/fr\\\/product\\\/yu-gi-oh-star-pack-arc-v-booster-display-us-vers-2\\\/#primaryimage\"},\"thumbnailUrl\":\"https:\\\/\\\/theuncommonshop.ch\\\/wp-content\\\/uploads\\\/2025\\\/06\\\/2376072375.jpg\",\"datePublished\":\"2025-06-02T23:45:11+00:00\",\"dateModified\":\"2026-03-28T16:01:16+00:00\",\"description\":\"Ach\u00e8te Yu-Gi-Oh ! - Star Pack Arc-V - Booster Display (US Vers.) en ligne maintenant \u00e0 petit prix! Ton #1 shop pour cartes TCG & Pok\u00e9mon en Suisse \u2713 Livraison gratuite d\u00e8s CHF 29\",\"breadcrumb\":{\"@id\":\"https:\\\/\\\/theuncommonshop.ch\\\/fr\\\/product\\\/yu-gi-oh-star-pack-arc-v-booster-display-us-vers-2\\\/#breadcrumb\"},\"inLanguage\":\"fr-FR\",\"potentialAction\":[{\"@type\":\"ReadAction\",\"target\":[\"https:\\\/\\\/theuncommonshop.ch\\\/fr\\\/product\\\/yu-gi-oh-star-pack-arc-v-booster-display-us-vers-2\\\/\"]}]},{\"@type\":\"ImageObject\",\"inLanguage\":\"fr-FR\",\"@id\":\"https:\\\/\\\/theuncommonshop.ch\\\/fr\\\/product\\\/yu-gi-oh-star-pack-arc-v-booster-display-us-vers-2\\\/#primaryimage\",\"url\":\"https:\\\/\\\/theuncommonshop.ch\\\/wp-content\\\/uploads\\\/2025\\\/06\\\/2376072375.jpg\",\"contentUrl\":\"https:\\\/\\\/theuncommonshop.ch\\\/wp-content\\\/uploads\\\/2025\\\/06\\\/2376072375.jpg\",\"width\":600,\"height\":600},{\"@type\":\"BreadcrumbList\",\"@id\":\"https:\\\/\\\/theuncommonshop.ch\\\/fr\\\/product\\\/yu-gi-oh-star-pack-arc-v-booster-display-us-vers-2\\\/#breadcrumb\",\"itemListElement\":[{\"@type\":\"ListItem\",\"position\":1,\"name\":\"Accueil\",\"item\":\"https:\\\/\\\/theuncommonshop.ch\\\/fr\\\/accueil\\\/\"},{\"@type\":\"ListItem\",\"position\":2,\"name\":\"Boutique\",\"item\":\"https:\\\/\\\/theuncommonshop.ch\\\/fr\\\/boutique\\\/\"},{\"@type\":\"ListItem\",\"position\":3,\"name\":\"Yu-Gi-Oh!\",\"item\":\"https:\\\/\\\/theuncommonshop.ch\\\/fr\\\/categorie-produit\\\/yu-gi-oh-fr\\\/\"},{\"@type\":\"ListItem\",\"position\":4,\"name\":\"Booster Displays\",\"item\":\"https:\\\/\\\/theuncommonshop.ch\\\/fr\\\/categorie-produit\\\/yu-gi-oh-fr\\\/booster-displays-yugioh\\\/\"},{\"@type\":\"ListItem\",\"position\":5,\"name\":\"Yu-Gi-Oh ! &#8211; Star Pack Arc-V &#8211; Booster Display (US Vers.)\"}]},{\"@type\":\"WebSite\",\"@id\":\"https:\\\/\\\/theuncommonshop.ch\\\/#website\",\"url\":\"https:\\\/\\\/theuncommonshop.ch\\\/\",\"name\":\"Largest trading card shop in Switzerland\",\"description\":\"Magic, Pok\u00e9mon and Yu-gi-oh - The Uncommon Shop\",\"potentialAction\":[{\"@type\":\"SearchAction\",\"target\":{\"@type\":\"EntryPoint\",\"urlTemplate\":\"https:\\\/\\\/theuncommonshop.ch\\\/?s={search_term_string}\"},\"query-input\":{\"@type\":\"PropertyValueSpecification\",\"valueRequired\":true,\"valueName\":\"search_term_string\"}}],\"inLanguage\":\"fr-FR\"}]}<\/script>\n<meta property=\"og:availability\" content=\"instock\" \/>\n<meta property=\"product:availability\" content=\"instock\" \/>\n<meta property=\"product:retailer_item_id\" content=\"YGO.II.E.StarPackArcVDisplay.EN\" \/>\n<meta property=\"product:condition\" content=\"new\" \/>\n<!-- \/ Yoast SEO plugin. -->","yoast_head_json":{"title":"Ach\u00e8te Yu-Gi-Oh ! - Star Pack Arc-V - Booster Display (US Vers.)","description":"Ach\u00e8te Yu-Gi-Oh ! - Star Pack Arc-V - Booster Display (US Vers.) en ligne maintenant \u00e0 petit prix! Ton #1 shop pour cartes TCG & Pok\u00e9mon en Suisse \u2713 Livraison gratuite d\u00e8s CHF 29","robots":{"index":"index","follow":"follow","max-snippet":"max-snippet:-1","max-image-preview":"max-image-preview:large","max-video-preview":"max-video-preview:-1"},"canonical":"https:\/\/theuncommonshop.ch\/fr\/product\/yu-gi-oh-star-pack-arc-v-booster-display-us-vers-2\/","og_locale":"fr_FR","og_type":"article","og_title":"Ach\u00e8te Yu-Gi-Oh ! - Star Pack Arc-V - Booster Display (US Vers.)","og_description":"Ach\u00e8te Yu-Gi-Oh ! - Star Pack Arc-V - Booster Display (US Vers.) en ligne maintenant \u00e0 petit prix! Ton #1 shop pour cartes TCG & Pok\u00e9mon en Suisse \u2713 Livraison gratuite d\u00e8s CHF 29","og_url":"https:\/\/theuncommonshop.ch\/fr\/product\/yu-gi-oh-star-pack-arc-v-booster-display-us-vers-2\/","og_site_name":"Largest trading card shop in Switzerland","article_modified_time":"2026-03-28T16:01:16+00:00","og_image":[{"width":600,"height":600,"url":"https:\/\/theuncommonshop.ch\/wp-content\/uploads\/2025\/06\/2376072375.jpg","type":"image\/jpeg"}],"twitter_card":"summary_large_image","twitter_misc":{"Disponibilit\u00e9":"En stock"},"schema":{"@context":"https:\/\/schema.org","@graph":[{"@type":"WebPage","@id":"https:\/\/theuncommonshop.ch\/fr\/product\/yu-gi-oh-star-pack-arc-v-booster-display-us-vers-2\/","url":"https:\/\/theuncommonshop.ch\/fr\/product\/yu-gi-oh-star-pack-arc-v-booster-display-us-vers-2\/","name":"Ach\u00e8te Yu-Gi-Oh ! - Star Pack Arc-V - Booster Display (US Vers.)","isPartOf":{"@id":"https:\/\/theuncommonshop.ch\/#website"},"primaryImageOfPage":{"@id":"https:\/\/theuncommonshop.ch\/fr\/product\/yu-gi-oh-star-pack-arc-v-booster-display-us-vers-2\/#primaryimage"},"image":{"@id":"https:\/\/theuncommonshop.ch\/fr\/product\/yu-gi-oh-star-pack-arc-v-booster-display-us-vers-2\/#primaryimage"},"thumbnailUrl":"https:\/\/theuncommonshop.ch\/wp-content\/uploads\/2025\/06\/2376072375.jpg","datePublished":"2025-06-02T23:45:11+00:00","dateModified":"2026-03-28T16:01:16+00:00","description":"Ach\u00e8te Yu-Gi-Oh ! - Star Pack Arc-V - Booster Display (US Vers.) en ligne maintenant \u00e0 petit prix! Ton #1 shop pour cartes TCG & Pok\u00e9mon en Suisse \u2713 Livraison gratuite d\u00e8s CHF 29","breadcrumb":{"@id":"https:\/\/theuncommonshop.ch\/fr\/product\/yu-gi-oh-star-pack-arc-v-booster-display-us-vers-2\/#breadcrumb"},"inLanguage":"fr-FR","potentialAction":[{"@type":"ReadAction","target":["https:\/\/theuncommonshop.ch\/fr\/product\/yu-gi-oh-star-pack-arc-v-booster-display-us-vers-2\/"]}]},{"@type":"ImageObject","inLanguage":"fr-FR","@id":"https:\/\/theuncommonshop.ch\/fr\/product\/yu-gi-oh-star-pack-arc-v-booster-display-us-vers-2\/#primaryimage","url":"https:\/\/theuncommonshop.ch\/wp-content\/uploads\/2025\/06\/2376072375.jpg","contentUrl":"https:\/\/theuncommonshop.ch\/wp-content\/uploads\/2025\/06\/2376072375.jpg","width":600,"height":600},{"@type":"BreadcrumbList","@id":"https:\/\/theuncommonshop.ch\/fr\/product\/yu-gi-oh-star-pack-arc-v-booster-display-us-vers-2\/#breadcrumb","itemListElement":[{"@type":"ListItem","position":1,"name":"Accueil","item":"https:\/\/theuncommonshop.ch\/fr\/accueil\/"},{"@type":"ListItem","position":2,"name":"Boutique","item":"https:\/\/theuncommonshop.ch\/fr\/boutique\/"},{"@type":"ListItem","position":3,"name":"Yu-Gi-Oh!","item":"https:\/\/theuncommonshop.ch\/fr\/categorie-produit\/yu-gi-oh-fr\/"},{"@type":"ListItem","position":4,"name":"Booster Displays","item":"https:\/\/theuncommonshop.ch\/fr\/categorie-produit\/yu-gi-oh-fr\/booster-displays-yugioh\/"},{"@type":"ListItem","position":5,"name":"Yu-Gi-Oh ! &#8211; Star Pack Arc-V &#8211; Booster Display (US Vers.)"}]},{"@type":"WebSite","@id":"https:\/\/theuncommonshop.ch\/#website","url":"https:\/\/theuncommonshop.ch\/","name":"Largest trading card shop in Switzerland","description":"Magic, Pok\u00e9mon and Yu-gi-oh - The Uncommon Shop","potentialAction":[{"@type":"SearchAction","target":{"@type":"EntryPoint","urlTemplate":"https:\/\/theuncommonshop.ch\/?s={search_term_string}"},"query-input":{"@type":"PropertyValueSpecification","valueRequired":true,"valueName":"search_term_string"}}],"inLanguage":"fr-FR"}]},"og_availability":"instock","product_availability":"instock","product_retailer_item_id":"YGO.II.E.StarPackArcVDisplay.EN","product_condition":"new"},"_links":{"self":[{"href":"https:\/\/theuncommonshop.ch\/fr\/wp-json\/wp\/v2\/product\/328797","targetHints":{"allow":["GET"]}}],"collection":[{"href":"https:\/\/theuncommonshop.ch\/fr\/wp-json\/wp\/v2\/product"}],"about":[{"href":"https:\/\/theuncommonshop.ch\/fr\/wp-json\/wp\/v2\/types\/product"}],"replies":[{"embeddable":true,"href":"https:\/\/theuncommonshop.ch\/fr\/wp-json\/wp\/v2\/comments?post=328797"}],"version-history":[{"count":2,"href":"https:\/\/theuncommonshop.ch\/fr\/wp-json\/wp\/v2\/product\/328797\/revisions"}],"predecessor-version":[{"id":355312,"href":"https:\/\/theuncommonshop.ch\/fr\/wp-json\/wp\/v2\/product\/328797\/revisions\/355312"}],"wp:featuredmedia":[{"embeddable":true,"href":"https:\/\/theuncommonshop.ch\/fr\/wp-json\/wp\/v2\/media\/59052"}],"wp:attachment":[{"href":"https:\/\/theuncommonshop.ch\/fr\/wp-json\/wp\/v2\/media?parent=328797"}],"wp:term":[{"taxonomy":"product_brand","embeddable":true,"href":"https:\/\/theuncommonshop.ch\/fr\/wp-json\/wp\/v2\/product_brand?post=328797"},{"taxonomy":"product_cat","embeddable":true,"href":"https:\/\/theuncommonshop.ch\/fr\/wp-json\/wp\/v2\/product_cat?post=328797"},{"taxonomy":"product_tag","embeddable":true,"href":"https:\/\/theuncommonshop.ch\/fr\/wp-json\/wp\/v2\/product_tag?post=328797"}],"curies":[{"name":"wp","href":"https:\/\/api.w.org\/{rel}","templated":true}]}}