{"id":328757,"date":"2025-06-03T01:43:32","date_gmt":"2025-06-02T23:43:32","guid":{"rendered":"http:\/\/theuncommonshop.ch\/produkt\/328757\/"},"modified":"2026-03-28T17:02:30","modified_gmt":"2026-03-28T16:02:30","slug":"pokemon-battle-arena-decks-rayquaza-vs-keldo-en-2","status":"publish","type":"product","link":"https:\/\/theuncommonshop.ch\/fr\/product\/pokemon-battle-arena-decks-rayquaza-vs-keldo-en-2\/","title":{"rendered":"Pokemon &#8211; Battle Arena Decks : Rayquaza vs Keldo &#8211; EN"},"content":{"rendered":"<div>Rayquaza et Keldeo s&#8217;affrontent dans les nouveaux decks d&#8217;ar\u00e8ne de combat Pok\u00e9mon TCG !<\/div>\n<div><\/div>\n<div>Ces deux decks de 60 cartes sont pr\u00eats \u00e0 jouer, avec des cartes puissantes et des strat\u00e9gies gagnantes dignes d&#8217;un Dresseur d&#8217;As ! Chaque deck est men\u00e9 par un EX Pok\u00e9mon exceptionnel et contient 10 cartes Foil. Que le combat commence !  <\/div>\n<div><\/div>\n<div>Dans chaque paquet de 60 cartes, vous trouverez<\/div>\n<ul>\n<li>2 cartes Foil avec Rayquaza-EX ou Keldeo-EX<\/li>\n<li>8 cartes d&#8217;\u00e9nergie en film<\/li>\n<li>Cartes d&#8217;entra\u00eeneur de niveau tournoi, y compris VS Seeker, Professeur Sycamore, N et plus encore !<\/li>\n<\/ul>\n<div><\/div>\n<div>En outre, chaque bo\u00eete contient :<\/div>\n<ul>\n<li>2 pi\u00e8ces de m\u00e9tal et 2 jeux de compteurs de d\u00e9g\u00e2ts<\/li>\n<li>Tapis de jeu pour 2 joueurs et feuille de r\u00e8gles<\/li>\n<li>1 carte de code pour jouer \u00e0 ces decks en ligne<\/li>\n<li>2 bo\u00eetes de pont<\/li>\n<li>1 Guide de d\u00e9marrage rapide pour acc\u00e9der aux puissantes strat\u00e9gies miti<\/li>\n<\/ul>\n","protected":false},"excerpt":{"rendered":"<p>Rayquaza et Keldeo s&#8217;affrontent dans les nouveaux decks d&#8217;ar\u00e8ne de combat Pok\u00e9mon TCG ! Ces deux decks de 60 cartes<\/p>\n","protected":false},"featured_media":59000,"comment_status":"open","ping_status":"closed","template":"","meta":{"_acf_changed":false},"product_brand":[5114,5072],"product_cat":[9817],"product_tag":[],"class_list":{"0":"post-328757","1":"product","2":"type-product","3":"status-publish","4":"has-post-thumbnail","6":"product_brand-pokemon","7":"product_brand-the-pokemon-company","8":"product_cat-decks-fr","10":"first","11":"outofstock","12":"taxable","13":"shipping-taxable","14":"purchasable","15":"product-type-variable"},"acf":[],"yoast_head":"<!-- This site is optimized with the Yoast SEO plugin v27.4 - https:\/\/yoast.com\/product\/yoast-seo-wordpress\/ -->\n<title>Ach\u00e8te Pokemon - Battle Arena Decks : Rayquaza vs Keldo - EN<\/title>\n<meta name=\"description\" content=\"Ach\u00e8te Pokemon - Battle Arena Decks : Rayquaza vs Keldo - EN en ligne maintenant \u00e0 petit prix! Ton #1 shop pour cartes TCG &amp; Pok\u00e9mon en Suisse \u2713 Livraison gratuite d\u00e8s CHF 29\" \/>\n<meta name=\"robots\" content=\"index, follow, max-snippet:-1, max-image-preview:large, max-video-preview:-1\" \/>\n<link rel=\"canonical\" href=\"https:\/\/theuncommonshop.ch\/fr\/product\/pokemon-battle-arena-decks-rayquaza-vs-keldo-en-2\/\" \/>\n<meta property=\"og:locale\" content=\"fr_FR\" \/>\n<meta property=\"og:type\" content=\"article\" \/>\n<meta property=\"og:title\" content=\"Ach\u00e8te Pokemon - Battle Arena Decks : Rayquaza vs Keldo - EN\" \/>\n<meta property=\"og:description\" content=\"Ach\u00e8te Pokemon - Battle Arena Decks : Rayquaza vs Keldo - EN en ligne maintenant \u00e0 petit prix! Ton #1 shop pour cartes TCG &amp; Pok\u00e9mon en Suisse \u2713 Livraison gratuite d\u00e8s CHF 29\" \/>\n<meta property=\"og:url\" content=\"https:\/\/theuncommonshop.ch\/fr\/product\/pokemon-battle-arena-decks-rayquaza-vs-keldo-en-2\/\" \/>\n<meta property=\"og:site_name\" content=\"The Uncommon Shop\" \/>\n<meta property=\"article:modified_time\" content=\"2026-03-28T16:02:30+00:00\" \/>\n<meta property=\"og:image\" content=\"https:\/\/theuncommonshop.ch\/wp-content\/uploads\/2025\/06\/2374182450.jpg\" \/>\n\t<meta property=\"og:image:width\" content=\"700\" \/>\n\t<meta property=\"og:image:height\" content=\"700\" \/>\n\t<meta property=\"og:image:type\" content=\"image\/jpeg\" \/>\n<meta name=\"twitter:card\" content=\"summary_large_image\" \/>\n<meta name=\"twitter:label1\" content=\"Disponibilit\u00e9\" \/>\n\t<meta name=\"twitter:data1\" content=\"Rupture de stock\" \/>\n<script type=\"application\/ld+json\" class=\"yoast-schema-graph\">{\"@context\":\"https:\\\/\\\/schema.org\",\"@graph\":[{\"@type\":\"WebPage\",\"@id\":\"https:\\\/\\\/theuncommonshop.ch\\\/fr\\\/product\\\/pokemon-battle-arena-decks-rayquaza-vs-keldo-en-2\\\/\",\"url\":\"https:\\\/\\\/theuncommonshop.ch\\\/fr\\\/product\\\/pokemon-battle-arena-decks-rayquaza-vs-keldo-en-2\\\/\",\"name\":\"Ach\u00e8te Pokemon - Battle Arena Decks : Rayquaza vs Keldo - EN\",\"isPartOf\":{\"@id\":\"https:\\\/\\\/theuncommonshop.ch\\\/fr\\\/#website\"},\"primaryImageOfPage\":{\"@id\":\"https:\\\/\\\/theuncommonshop.ch\\\/fr\\\/product\\\/pokemon-battle-arena-decks-rayquaza-vs-keldo-en-2\\\/#primaryimage\"},\"image\":{\"@id\":\"https:\\\/\\\/theuncommonshop.ch\\\/fr\\\/product\\\/pokemon-battle-arena-decks-rayquaza-vs-keldo-en-2\\\/#primaryimage\"},\"thumbnailUrl\":\"https:\\\/\\\/theuncommonshop.ch\\\/wp-content\\\/uploads\\\/2025\\\/06\\\/2374182450.jpg\",\"datePublished\":\"2025-06-02T23:43:32+00:00\",\"dateModified\":\"2026-03-28T16:02:30+00:00\",\"description\":\"Ach\u00e8te Pokemon - Battle Arena Decks : Rayquaza vs Keldo - EN en ligne maintenant \u00e0 petit prix! Ton #1 shop pour cartes TCG & Pok\u00e9mon en Suisse \u2713 Livraison gratuite d\u00e8s CHF 29\",\"breadcrumb\":{\"@id\":\"https:\\\/\\\/theuncommonshop.ch\\\/fr\\\/product\\\/pokemon-battle-arena-decks-rayquaza-vs-keldo-en-2\\\/#breadcrumb\"},\"inLanguage\":\"fr-FR\",\"potentialAction\":[{\"@type\":\"ReadAction\",\"target\":[\"https:\\\/\\\/theuncommonshop.ch\\\/fr\\\/product\\\/pokemon-battle-arena-decks-rayquaza-vs-keldo-en-2\\\/\"]}]},{\"@type\":\"ImageObject\",\"inLanguage\":\"fr-FR\",\"@id\":\"https:\\\/\\\/theuncommonshop.ch\\\/fr\\\/product\\\/pokemon-battle-arena-decks-rayquaza-vs-keldo-en-2\\\/#primaryimage\",\"url\":\"https:\\\/\\\/theuncommonshop.ch\\\/wp-content\\\/uploads\\\/2025\\\/06\\\/2374182450.jpg\",\"contentUrl\":\"https:\\\/\\\/theuncommonshop.ch\\\/wp-content\\\/uploads\\\/2025\\\/06\\\/2374182450.jpg\",\"width\":700,\"height\":700},{\"@type\":\"BreadcrumbList\",\"@id\":\"https:\\\/\\\/theuncommonshop.ch\\\/fr\\\/product\\\/pokemon-battle-arena-decks-rayquaza-vs-keldo-en-2\\\/#breadcrumb\",\"itemListElement\":[{\"@type\":\"ListItem\",\"position\":1,\"name\":\"Accueil\",\"item\":\"https:\\\/\\\/theuncommonshop.ch\\\/fr\\\/accueil\\\/\"},{\"@type\":\"ListItem\",\"position\":2,\"name\":\"Boutique\",\"item\":\"https:\\\/\\\/theuncommonshop.ch\\\/fr\\\/boutique\\\/\"},{\"@type\":\"ListItem\",\"position\":3,\"name\":\"Pok\u00e9mon\",\"item\":\"https:\\\/\\\/theuncommonshop.ch\\\/fr\\\/categorie-produit\\\/pokemon-fr\\\/\"},{\"@type\":\"ListItem\",\"position\":4,\"name\":\"Decks\",\"item\":\"https:\\\/\\\/theuncommonshop.ch\\\/fr\\\/categorie-produit\\\/pokemon-fr\\\/decks-fr\\\/\"},{\"@type\":\"ListItem\",\"position\":5,\"name\":\"Pokemon &#8211; Battle Arena Decks : Rayquaza vs Keldo &#8211; EN\"}]},{\"@type\":\"WebSite\",\"@id\":\"https:\\\/\\\/theuncommonshop.ch\\\/fr\\\/#website\",\"url\":\"https:\\\/\\\/theuncommonshop.ch\\\/fr\\\/\",\"name\":\"The Uncommon Shop\",\"description\":\"Magic, Pok\u00e9mon and Yu-gi-oh - The Uncommon Shop\",\"potentialAction\":[{\"@type\":\"SearchAction\",\"target\":{\"@type\":\"EntryPoint\",\"urlTemplate\":\"https:\\\/\\\/theuncommonshop.ch\\\/fr\\\/?s={search_term_string}\"},\"query-input\":{\"@type\":\"PropertyValueSpecification\",\"valueRequired\":true,\"valueName\":\"search_term_string\"}}],\"inLanguage\":\"fr-FR\"}]}<\/script>\n<meta property=\"og:availability\" content=\"out of stock\" \/>\n<meta property=\"product:availability\" content=\"out of stock\" \/>\n<meta property=\"product:retailer_item_id\" content=\"PO.X.B.BattlArenRayKeld.EN\" \/>\n<meta property=\"product:condition\" content=\"new\" \/>\n<!-- \/ Yoast SEO plugin. -->","yoast_head_json":{"title":"Ach\u00e8te Pokemon - Battle Arena Decks : Rayquaza vs Keldo - EN","description":"Ach\u00e8te Pokemon - Battle Arena Decks : Rayquaza vs Keldo - EN en ligne maintenant \u00e0 petit prix! Ton #1 shop pour cartes TCG & Pok\u00e9mon en Suisse \u2713 Livraison gratuite d\u00e8s CHF 29","robots":{"index":"index","follow":"follow","max-snippet":"max-snippet:-1","max-image-preview":"max-image-preview:large","max-video-preview":"max-video-preview:-1"},"canonical":"https:\/\/theuncommonshop.ch\/fr\/product\/pokemon-battle-arena-decks-rayquaza-vs-keldo-en-2\/","og_locale":"fr_FR","og_type":"article","og_title":"Ach\u00e8te Pokemon - Battle Arena Decks : Rayquaza vs Keldo - EN","og_description":"Ach\u00e8te Pokemon - Battle Arena Decks : Rayquaza vs Keldo - EN en ligne maintenant \u00e0 petit prix! Ton #1 shop pour cartes TCG & Pok\u00e9mon en Suisse \u2713 Livraison gratuite d\u00e8s CHF 29","og_url":"https:\/\/theuncommonshop.ch\/fr\/product\/pokemon-battle-arena-decks-rayquaza-vs-keldo-en-2\/","og_site_name":"The Uncommon Shop","article_modified_time":"2026-03-28T16:02:30+00:00","og_image":[{"width":700,"height":700,"url":"https:\/\/theuncommonshop.ch\/wp-content\/uploads\/2025\/06\/2374182450.jpg","type":"image\/jpeg"}],"twitter_card":"summary_large_image","twitter_misc":{"Disponibilit\u00e9":"Rupture de stock"},"schema":{"@context":"https:\/\/schema.org","@graph":[{"@type":"WebPage","@id":"https:\/\/theuncommonshop.ch\/fr\/product\/pokemon-battle-arena-decks-rayquaza-vs-keldo-en-2\/","url":"https:\/\/theuncommonshop.ch\/fr\/product\/pokemon-battle-arena-decks-rayquaza-vs-keldo-en-2\/","name":"Ach\u00e8te Pokemon - Battle Arena Decks : Rayquaza vs Keldo - EN","isPartOf":{"@id":"https:\/\/theuncommonshop.ch\/fr\/#website"},"primaryImageOfPage":{"@id":"https:\/\/theuncommonshop.ch\/fr\/product\/pokemon-battle-arena-decks-rayquaza-vs-keldo-en-2\/#primaryimage"},"image":{"@id":"https:\/\/theuncommonshop.ch\/fr\/product\/pokemon-battle-arena-decks-rayquaza-vs-keldo-en-2\/#primaryimage"},"thumbnailUrl":"https:\/\/theuncommonshop.ch\/wp-content\/uploads\/2025\/06\/2374182450.jpg","datePublished":"2025-06-02T23:43:32+00:00","dateModified":"2026-03-28T16:02:30+00:00","description":"Ach\u00e8te Pokemon - Battle Arena Decks : Rayquaza vs Keldo - EN en ligne maintenant \u00e0 petit prix! Ton #1 shop pour cartes TCG & Pok\u00e9mon en Suisse \u2713 Livraison gratuite d\u00e8s CHF 29","breadcrumb":{"@id":"https:\/\/theuncommonshop.ch\/fr\/product\/pokemon-battle-arena-decks-rayquaza-vs-keldo-en-2\/#breadcrumb"},"inLanguage":"fr-FR","potentialAction":[{"@type":"ReadAction","target":["https:\/\/theuncommonshop.ch\/fr\/product\/pokemon-battle-arena-decks-rayquaza-vs-keldo-en-2\/"]}]},{"@type":"ImageObject","inLanguage":"fr-FR","@id":"https:\/\/theuncommonshop.ch\/fr\/product\/pokemon-battle-arena-decks-rayquaza-vs-keldo-en-2\/#primaryimage","url":"https:\/\/theuncommonshop.ch\/wp-content\/uploads\/2025\/06\/2374182450.jpg","contentUrl":"https:\/\/theuncommonshop.ch\/wp-content\/uploads\/2025\/06\/2374182450.jpg","width":700,"height":700},{"@type":"BreadcrumbList","@id":"https:\/\/theuncommonshop.ch\/fr\/product\/pokemon-battle-arena-decks-rayquaza-vs-keldo-en-2\/#breadcrumb","itemListElement":[{"@type":"ListItem","position":1,"name":"Accueil","item":"https:\/\/theuncommonshop.ch\/fr\/accueil\/"},{"@type":"ListItem","position":2,"name":"Boutique","item":"https:\/\/theuncommonshop.ch\/fr\/boutique\/"},{"@type":"ListItem","position":3,"name":"Pok\u00e9mon","item":"https:\/\/theuncommonshop.ch\/fr\/categorie-produit\/pokemon-fr\/"},{"@type":"ListItem","position":4,"name":"Decks","item":"https:\/\/theuncommonshop.ch\/fr\/categorie-produit\/pokemon-fr\/decks-fr\/"},{"@type":"ListItem","position":5,"name":"Pokemon &#8211; Battle Arena Decks : Rayquaza vs Keldo &#8211; EN"}]},{"@type":"WebSite","@id":"https:\/\/theuncommonshop.ch\/fr\/#website","url":"https:\/\/theuncommonshop.ch\/fr\/","name":"The Uncommon Shop","description":"Magic, Pok\u00e9mon and Yu-gi-oh - The Uncommon Shop","potentialAction":[{"@type":"SearchAction","target":{"@type":"EntryPoint","urlTemplate":"https:\/\/theuncommonshop.ch\/fr\/?s={search_term_string}"},"query-input":{"@type":"PropertyValueSpecification","valueRequired":true,"valueName":"search_term_string"}}],"inLanguage":"fr-FR"}]},"og_availability":"out of stock","product_availability":"out of stock","product_retailer_item_id":"PO.X.B.BattlArenRayKeld.EN","product_condition":"new"},"_links":{"self":[{"href":"https:\/\/theuncommonshop.ch\/fr\/wp-json\/wp\/v2\/product\/328757","targetHints":{"allow":["GET"]}}],"collection":[{"href":"https:\/\/theuncommonshop.ch\/fr\/wp-json\/wp\/v2\/product"}],"about":[{"href":"https:\/\/theuncommonshop.ch\/fr\/wp-json\/wp\/v2\/types\/product"}],"replies":[{"embeddable":true,"href":"https:\/\/theuncommonshop.ch\/fr\/wp-json\/wp\/v2\/comments?post=328757"}],"version-history":[{"count":0,"href":"https:\/\/theuncommonshop.ch\/fr\/wp-json\/wp\/v2\/product\/328757\/revisions"}],"wp:featuredmedia":[{"embeddable":true,"href":"https:\/\/theuncommonshop.ch\/fr\/wp-json\/wp\/v2\/media\/59000"}],"wp:attachment":[{"href":"https:\/\/theuncommonshop.ch\/fr\/wp-json\/wp\/v2\/media?parent=328757"}],"wp:term":[{"taxonomy":"product_brand","embeddable":true,"href":"https:\/\/theuncommonshop.ch\/fr\/wp-json\/wp\/v2\/product_brand?post=328757"},{"taxonomy":"product_cat","embeddable":true,"href":"https:\/\/theuncommonshop.ch\/fr\/wp-json\/wp\/v2\/product_cat?post=328757"},{"taxonomy":"product_tag","embeddable":true,"href":"https:\/\/theuncommonshop.ch\/fr\/wp-json\/wp\/v2\/product_tag?post=328757"}],"curies":[{"name":"wp","href":"https:\/\/api.w.org\/{rel}","templated":true}]}}