{"id":328752,"date":"2025-06-03T01:42:13","date_gmt":"2025-06-03T01:42:13","guid":{"rendered":"http:\/\/theuncommonshop.ch\/produkt\/328752\/"},"modified":"2026-04-11T12:50:57","modified_gmt":"2026-04-11T10:50:57","slug":"pokemon-sword-shield-celebrations-swsh7-5-elite-trainer-box-pokemon-center-edition-2","status":"publish","type":"product","link":"https:\/\/theuncommonshop.ch\/fr\/product\/pokemon-sword-shield-celebrations-swsh7-5-elite-trainer-box-pokemon-center-edition-2\/","title":{"rendered":"Pok\u00e9mon &#8211; Sword &amp; Shield &#8211; Celebrations (SWSH7.5) &#8211; Elite Trainer Box &#8211; Pok\u00e9mon Center Edition"},"content":{"rendered":"<p><strong>Pok\u00e9mon &#8211; Sword &amp; Shield &#8211; Celebrations (SWSH7.5) &#8211; Elite Trainer Box &#8211; Pok\u00e9mon Center Edition<\/strong><\/p>\n<p>C\u00e9l\u00e9brez le jeu de cartes \u00e0 collectionner Pok\u00e9mon !<\/p>\n<p>C\u00e9l\u00e9brez les plus grands moments de Pok\u00e9mon de plus de 25 ans d&#8217;aventure en compagnie de vos favoris, de Mew et Ho-Oh \u00e0 Lunala et Zamazenta ! Un fantastique d\u00e9fil\u00e9 de Pok\u00e9mon l\u00e9gendaires fait son apparition, et des Pok\u00e9mon c\u00e9l\u00e8bres des d\u00e9buts reviennent pour compl\u00e9ter votre collection &#8211; vous pouvez m\u00eame trouver Flying Pikachu et Surfing Pikachu dans Pok\u00e9mon V et Pok\u00e9mon VMAX ! Participez \u00e0 la f\u00eate avec l&#8217;extension du Jeu de Cartes \u00e0 Collectionner Pok\u00e9mon : Celebrations !  <\/p>\n<p><strong>Le jeu de cartes \u00e0 collectionner Pok\u00e9mon : Celebrations Pok\u00e9mon Center Elite Trainer Box contient :<\/strong><\/p>\n<ul>\n<li>13 Jeu de cartes \u00e0 collectionner Pok\u00e9mon : Booster Packs de 4 cartes Celebrations<\/li>\n<li>6 Booster Packs suppl\u00e9mentaires du Jeu de Cartes \u00e0 Collectionner Pok\u00e9mon contenant chacun 10 cartes et 1 \u00e9nergie de base<\/li>\n<li>1 carte Foil sp\u00e9ciale avec Greninja \u2606<\/li>\n<li>65 prot\u00e8ge-cartes avec le logo Pok\u00e9mon 25 et un design de queue de foudre<\/li>\n<li>45 cartes d&#8217;\u00e9nergie du jeu de cartes \u00e0 collectionner Pok\u00e9mon<\/li>\n<li>Un guide de jeu pour l&#8217;extension Celebrations<\/li>\n<li>Un livre de r\u00e8gles du jeu de cartes \u00e0 collectionner Pok\u00e9mon<\/li>\n<li>6 cubes de d\u00e9g\u00e2ts en aluminium estampill\u00e9s<\/li>\n<li>1 pi\u00e8ce Pok\u00e9mon en m\u00e9tal<\/li>\n<li>2 marqueurs d&#8217;\u00e9tat en acrylique<\/li>\n<li>Une bo\u00eete de deck<\/li>\n<li>Une bo\u00eete de collectionneur qui peut tout contenir, avec 4 s\u00e9parateurs pour tout ranger de mani\u00e8re ordonn\u00e9e<\/li>\n<li>Une carte de code pour le jeu de cartes \u00e0 collectionner Pok\u00e9mon en ligne<\/li>\n<\/ul>\n","protected":false},"excerpt":{"rendered":"<p>Pok\u00e9mon &#8211; Sword &amp; Shield &#8211; Celebrations (SWSH7.5) &#8211; Elite Trainer Box &#8211; Pok\u00e9mon Center Edition C\u00e9l\u00e9brez le jeu de<\/p>\n","protected":false},"featured_media":58956,"comment_status":"open","ping_status":"closed","template":"","meta":{"_acf_changed":false},"product_brand":[5114,5072],"product_cat":[9809,10129],"product_tag":[],"class_list":{"0":"post-328752","1":"product","2":"type-product","3":"status-publish","4":"has-post-thumbnail","6":"product_brand-pokemon","7":"product_brand-the-pokemon-company","8":"product_cat-coffret-dresseur-delite","9":"product_cat-swsh75-celebrations-fr","11":"first","12":"outofstock","13":"taxable","14":"shipping-taxable","15":"purchasable","16":"product-type-variable"},"acf":[],"yoast_head":"<!-- This site is optimized with the Yoast SEO plugin v27.4 - https:\/\/yoast.com\/product\/yoast-seo-wordpress\/ -->\n<title>Ach\u00e8te Pok\u00e9mon - Sword &amp; Shield - Celebrations (SWSH7.5) - Elite Trainer Box - Pok\u00e9mon Center Edition<\/title>\n<meta name=\"description\" content=\"Ach\u00e8te Pok\u00e9mon - Sword &amp; Shield - Celebrations (SWSH7.5) - Elite Trainer Box - Pok\u00e9mon Center Edition en ligne maintenant \u00e0 petit prix! Ton #1 shop pour cartes TCG &amp; Pok\u00e9mon en Suisse \u2713 Livraison gratuite d\u00e8s CHF 29\" \/>\n<meta name=\"robots\" content=\"index, follow, max-snippet:-1, max-image-preview:large, max-video-preview:-1\" \/>\n<link rel=\"canonical\" href=\"https:\/\/theuncommonshop.ch\/fr\/product\/pokemon-sword-shield-celebrations-swsh7-5-elite-trainer-box-pokemon-center-edition-2\/\" \/>\n<meta property=\"og:locale\" content=\"fr_FR\" \/>\n<meta property=\"og:type\" content=\"article\" \/>\n<meta property=\"og:title\" content=\"Ach\u00e8te Pok\u00e9mon - Sword &amp; Shield - Celebrations (SWSH7.5) - Elite Trainer Box - Pok\u00e9mon Center Edition\" \/>\n<meta property=\"og:description\" content=\"Ach\u00e8te Pok\u00e9mon - Sword &amp; Shield - Celebrations (SWSH7.5) - Elite Trainer Box - Pok\u00e9mon Center Edition en ligne maintenant \u00e0 petit prix! Ton #1 shop pour cartes TCG &amp; Pok\u00e9mon en Suisse \u2713 Livraison gratuite d\u00e8s CHF 29\" \/>\n<meta property=\"og:url\" content=\"https:\/\/theuncommonshop.ch\/fr\/product\/pokemon-sword-shield-celebrations-swsh7-5-elite-trainer-box-pokemon-center-edition-2\/\" \/>\n<meta property=\"og:site_name\" content=\"Largest trading card shop in Switzerland\" \/>\n<meta property=\"article:modified_time\" content=\"2026-04-11T10:50:57+00:00\" \/>\n<meta property=\"og:image\" content=\"https:\/\/theuncommonshop.ch\/wp-content\/uploads\/2025\/06\/2372489901.jpg\" \/>\n\t<meta property=\"og:image:width\" content=\"805\" \/>\n\t<meta property=\"og:image:height\" content=\"890\" \/>\n\t<meta property=\"og:image:type\" content=\"image\/jpeg\" \/>\n<meta name=\"twitter:card\" content=\"summary_large_image\" \/>\n<meta name=\"twitter:label1\" content=\"Disponibilit\u00e9\" \/>\n\t<meta name=\"twitter:data1\" content=\"Rupture de stock\" \/>\n<script type=\"application\/ld+json\" class=\"yoast-schema-graph\">{\"@context\":\"https:\\\/\\\/schema.org\",\"@graph\":[{\"@type\":\"WebPage\",\"@id\":\"https:\\\/\\\/theuncommonshop.ch\\\/fr\\\/product\\\/pokemon-sword-shield-celebrations-swsh7-5-elite-trainer-box-pokemon-center-edition-2\\\/\",\"url\":\"https:\\\/\\\/theuncommonshop.ch\\\/fr\\\/product\\\/pokemon-sword-shield-celebrations-swsh7-5-elite-trainer-box-pokemon-center-edition-2\\\/\",\"name\":\"Ach\u00e8te Pok\u00e9mon - Sword &amp; Shield - Celebrations (SWSH7.5) - Elite Trainer Box - Pok\u00e9mon Center Edition\",\"isPartOf\":{\"@id\":\"https:\\\/\\\/theuncommonshop.ch\\\/#website\"},\"primaryImageOfPage\":{\"@id\":\"https:\\\/\\\/theuncommonshop.ch\\\/fr\\\/product\\\/pokemon-sword-shield-celebrations-swsh7-5-elite-trainer-box-pokemon-center-edition-2\\\/#primaryimage\"},\"image\":{\"@id\":\"https:\\\/\\\/theuncommonshop.ch\\\/fr\\\/product\\\/pokemon-sword-shield-celebrations-swsh7-5-elite-trainer-box-pokemon-center-edition-2\\\/#primaryimage\"},\"thumbnailUrl\":\"https:\\\/\\\/theuncommonshop.ch\\\/wp-content\\\/uploads\\\/2025\\\/06\\\/2372489901.jpg\",\"datePublished\":\"2025-06-03T01:42:13+00:00\",\"dateModified\":\"2026-04-11T10:50:57+00:00\",\"description\":\"Ach\u00e8te Pok\u00e9mon - Sword &amp; Shield - Celebrations (SWSH7.5) - Elite Trainer Box - Pok\u00e9mon Center Edition en ligne maintenant \u00e0 petit prix! Ton #1 shop pour cartes TCG & Pok\u00e9mon en Suisse \u2713 Livraison gratuite d\u00e8s CHF 29\",\"breadcrumb\":{\"@id\":\"https:\\\/\\\/theuncommonshop.ch\\\/fr\\\/product\\\/pokemon-sword-shield-celebrations-swsh7-5-elite-trainer-box-pokemon-center-edition-2\\\/#breadcrumb\"},\"inLanguage\":\"fr-FR\",\"potentialAction\":[{\"@type\":\"ReadAction\",\"target\":[\"https:\\\/\\\/theuncommonshop.ch\\\/fr\\\/product\\\/pokemon-sword-shield-celebrations-swsh7-5-elite-trainer-box-pokemon-center-edition-2\\\/\"]}]},{\"@type\":\"ImageObject\",\"inLanguage\":\"fr-FR\",\"@id\":\"https:\\\/\\\/theuncommonshop.ch\\\/fr\\\/product\\\/pokemon-sword-shield-celebrations-swsh7-5-elite-trainer-box-pokemon-center-edition-2\\\/#primaryimage\",\"url\":\"https:\\\/\\\/theuncommonshop.ch\\\/wp-content\\\/uploads\\\/2025\\\/06\\\/2372489901.jpg\",\"contentUrl\":\"https:\\\/\\\/theuncommonshop.ch\\\/wp-content\\\/uploads\\\/2025\\\/06\\\/2372489901.jpg\",\"width\":805,\"height\":890},{\"@type\":\"BreadcrumbList\",\"@id\":\"https:\\\/\\\/theuncommonshop.ch\\\/fr\\\/product\\\/pokemon-sword-shield-celebrations-swsh7-5-elite-trainer-box-pokemon-center-edition-2\\\/#breadcrumb\",\"itemListElement\":[{\"@type\":\"ListItem\",\"position\":1,\"name\":\"Accueil\",\"item\":\"https:\\\/\\\/theuncommonshop.ch\\\/fr\\\/accueil\\\/\"},{\"@type\":\"ListItem\",\"position\":2,\"name\":\"Boutique\",\"item\":\"https:\\\/\\\/theuncommonshop.ch\\\/fr\\\/boutique\\\/\"},{\"@type\":\"ListItem\",\"position\":3,\"name\":\"Pok\u00e9mon\",\"item\":\"https:\\\/\\\/theuncommonshop.ch\\\/produktkategorie\\\/pokemon\\\/\"},{\"@type\":\"ListItem\",\"position\":4,\"name\":\"Produkte nach Sets\",\"item\":\"https:\\\/\\\/theuncommonshop.ch\\\/produktkategorie\\\/pokemon\\\/produkte-nach-sets\\\/\"},{\"@type\":\"ListItem\",\"position\":5,\"name\":\"Schwert & Schild\",\"item\":\"https:\\\/\\\/theuncommonshop.ch\\\/produktkategorie\\\/pokemon\\\/produkte-nach-sets\\\/schwert-und-schild-aera\\\/\"},{\"@type\":\"ListItem\",\"position\":6,\"name\":\"SWSH7.5 Celebrations\",\"item\":\"https:\\\/\\\/theuncommonshop.ch\\\/produktkategorie\\\/pokemon\\\/produkte-nach-sets\\\/schwert-und-schild-aera\\\/swsh7-5-celebrations\\\/\"},{\"@type\":\"ListItem\",\"position\":7,\"name\":\"Pok\u00e9mon &#8211; Sword &amp; Shield &#8211; Celebrations (SWSH7.5) &#8211; Elite Trainer Box &#8211; Pok\u00e9mon Center Edition\"}]},{\"@type\":\"WebSite\",\"@id\":\"https:\\\/\\\/theuncommonshop.ch\\\/#website\",\"url\":\"https:\\\/\\\/theuncommonshop.ch\\\/\",\"name\":\"Largest trading card shop in Switzerland\",\"description\":\"Magic, Pok\u00e9mon and Yu-gi-oh - The Uncommon Shop\",\"potentialAction\":[{\"@type\":\"SearchAction\",\"target\":{\"@type\":\"EntryPoint\",\"urlTemplate\":\"https:\\\/\\\/theuncommonshop.ch\\\/?s={search_term_string}\"},\"query-input\":{\"@type\":\"PropertyValueSpecification\",\"valueRequired\":true,\"valueName\":\"search_term_string\"}}],\"inLanguage\":\"fr-FR\"}]}<\/script>\n<meta property=\"og:availability\" content=\"out of stock\" \/>\n<meta property=\"product:availability\" content=\"out of stock\" \/>\n<meta property=\"product:condition\" content=\"new\" \/>\n<!-- \/ Yoast SEO plugin. -->","yoast_head_json":{"title":"Ach\u00e8te Pok\u00e9mon - Sword &amp; Shield - Celebrations (SWSH7.5) - Elite Trainer Box - Pok\u00e9mon Center Edition","description":"Ach\u00e8te Pok\u00e9mon - Sword &amp; Shield - Celebrations (SWSH7.5) - Elite Trainer Box - Pok\u00e9mon Center Edition en ligne maintenant \u00e0 petit prix! Ton #1 shop pour cartes TCG & Pok\u00e9mon en Suisse \u2713 Livraison gratuite d\u00e8s CHF 29","robots":{"index":"index","follow":"follow","max-snippet":"max-snippet:-1","max-image-preview":"max-image-preview:large","max-video-preview":"max-video-preview:-1"},"canonical":"https:\/\/theuncommonshop.ch\/fr\/product\/pokemon-sword-shield-celebrations-swsh7-5-elite-trainer-box-pokemon-center-edition-2\/","og_locale":"fr_FR","og_type":"article","og_title":"Ach\u00e8te Pok\u00e9mon - Sword &amp; Shield - Celebrations (SWSH7.5) - Elite Trainer Box - Pok\u00e9mon Center Edition","og_description":"Ach\u00e8te Pok\u00e9mon - Sword &amp; Shield - Celebrations (SWSH7.5) - Elite Trainer Box - Pok\u00e9mon Center Edition en ligne maintenant \u00e0 petit prix! Ton #1 shop pour cartes TCG & Pok\u00e9mon en Suisse \u2713 Livraison gratuite d\u00e8s CHF 29","og_url":"https:\/\/theuncommonshop.ch\/fr\/product\/pokemon-sword-shield-celebrations-swsh7-5-elite-trainer-box-pokemon-center-edition-2\/","og_site_name":"Largest trading card shop in Switzerland","article_modified_time":"2026-04-11T10:50:57+00:00","og_image":[{"width":805,"height":890,"url":"https:\/\/theuncommonshop.ch\/wp-content\/uploads\/2025\/06\/2372489901.jpg","type":"image\/jpeg"}],"twitter_card":"summary_large_image","twitter_misc":{"Disponibilit\u00e9":"Rupture de stock"},"schema":{"@context":"https:\/\/schema.org","@graph":[{"@type":"WebPage","@id":"https:\/\/theuncommonshop.ch\/fr\/product\/pokemon-sword-shield-celebrations-swsh7-5-elite-trainer-box-pokemon-center-edition-2\/","url":"https:\/\/theuncommonshop.ch\/fr\/product\/pokemon-sword-shield-celebrations-swsh7-5-elite-trainer-box-pokemon-center-edition-2\/","name":"Ach\u00e8te Pok\u00e9mon - Sword &amp; Shield - Celebrations (SWSH7.5) - Elite Trainer Box - Pok\u00e9mon Center Edition","isPartOf":{"@id":"https:\/\/theuncommonshop.ch\/#website"},"primaryImageOfPage":{"@id":"https:\/\/theuncommonshop.ch\/fr\/product\/pokemon-sword-shield-celebrations-swsh7-5-elite-trainer-box-pokemon-center-edition-2\/#primaryimage"},"image":{"@id":"https:\/\/theuncommonshop.ch\/fr\/product\/pokemon-sword-shield-celebrations-swsh7-5-elite-trainer-box-pokemon-center-edition-2\/#primaryimage"},"thumbnailUrl":"https:\/\/theuncommonshop.ch\/wp-content\/uploads\/2025\/06\/2372489901.jpg","datePublished":"2025-06-03T01:42:13+00:00","dateModified":"2026-04-11T10:50:57+00:00","description":"Ach\u00e8te Pok\u00e9mon - Sword &amp; Shield - Celebrations (SWSH7.5) - Elite Trainer Box - Pok\u00e9mon Center Edition en ligne maintenant \u00e0 petit prix! Ton #1 shop pour cartes TCG & Pok\u00e9mon en Suisse \u2713 Livraison gratuite d\u00e8s CHF 29","breadcrumb":{"@id":"https:\/\/theuncommonshop.ch\/fr\/product\/pokemon-sword-shield-celebrations-swsh7-5-elite-trainer-box-pokemon-center-edition-2\/#breadcrumb"},"inLanguage":"fr-FR","potentialAction":[{"@type":"ReadAction","target":["https:\/\/theuncommonshop.ch\/fr\/product\/pokemon-sword-shield-celebrations-swsh7-5-elite-trainer-box-pokemon-center-edition-2\/"]}]},{"@type":"ImageObject","inLanguage":"fr-FR","@id":"https:\/\/theuncommonshop.ch\/fr\/product\/pokemon-sword-shield-celebrations-swsh7-5-elite-trainer-box-pokemon-center-edition-2\/#primaryimage","url":"https:\/\/theuncommonshop.ch\/wp-content\/uploads\/2025\/06\/2372489901.jpg","contentUrl":"https:\/\/theuncommonshop.ch\/wp-content\/uploads\/2025\/06\/2372489901.jpg","width":805,"height":890},{"@type":"BreadcrumbList","@id":"https:\/\/theuncommonshop.ch\/fr\/product\/pokemon-sword-shield-celebrations-swsh7-5-elite-trainer-box-pokemon-center-edition-2\/#breadcrumb","itemListElement":[{"@type":"ListItem","position":1,"name":"Accueil","item":"https:\/\/theuncommonshop.ch\/fr\/accueil\/"},{"@type":"ListItem","position":2,"name":"Boutique","item":"https:\/\/theuncommonshop.ch\/fr\/boutique\/"},{"@type":"ListItem","position":3,"name":"Pok\u00e9mon","item":"https:\/\/theuncommonshop.ch\/produktkategorie\/pokemon\/"},{"@type":"ListItem","position":4,"name":"Produkte nach Sets","item":"https:\/\/theuncommonshop.ch\/produktkategorie\/pokemon\/produkte-nach-sets\/"},{"@type":"ListItem","position":5,"name":"Schwert & Schild","item":"https:\/\/theuncommonshop.ch\/produktkategorie\/pokemon\/produkte-nach-sets\/schwert-und-schild-aera\/"},{"@type":"ListItem","position":6,"name":"SWSH7.5 Celebrations","item":"https:\/\/theuncommonshop.ch\/produktkategorie\/pokemon\/produkte-nach-sets\/schwert-und-schild-aera\/swsh7-5-celebrations\/"},{"@type":"ListItem","position":7,"name":"Pok\u00e9mon &#8211; Sword &amp; Shield &#8211; Celebrations (SWSH7.5) &#8211; Elite Trainer Box &#8211; Pok\u00e9mon Center Edition"}]},{"@type":"WebSite","@id":"https:\/\/theuncommonshop.ch\/#website","url":"https:\/\/theuncommonshop.ch\/","name":"Largest trading card shop in Switzerland","description":"Magic, Pok\u00e9mon and Yu-gi-oh - The Uncommon Shop","potentialAction":[{"@type":"SearchAction","target":{"@type":"EntryPoint","urlTemplate":"https:\/\/theuncommonshop.ch\/?s={search_term_string}"},"query-input":{"@type":"PropertyValueSpecification","valueRequired":true,"valueName":"search_term_string"}}],"inLanguage":"fr-FR"}]},"og_availability":"out of stock","product_availability":"out of stock","product_condition":"new"},"_links":{"self":[{"href":"https:\/\/theuncommonshop.ch\/fr\/wp-json\/wp\/v2\/product\/328752","targetHints":{"allow":["GET"]}}],"collection":[{"href":"https:\/\/theuncommonshop.ch\/fr\/wp-json\/wp\/v2\/product"}],"about":[{"href":"https:\/\/theuncommonshop.ch\/fr\/wp-json\/wp\/v2\/types\/product"}],"replies":[{"embeddable":true,"href":"https:\/\/theuncommonshop.ch\/fr\/wp-json\/wp\/v2\/comments?post=328752"}],"version-history":[{"count":2,"href":"https:\/\/theuncommonshop.ch\/fr\/wp-json\/wp\/v2\/product\/328752\/revisions"}],"predecessor-version":[{"id":354047,"href":"https:\/\/theuncommonshop.ch\/fr\/wp-json\/wp\/v2\/product\/328752\/revisions\/354047"}],"wp:featuredmedia":[{"embeddable":true,"href":"https:\/\/theuncommonshop.ch\/fr\/wp-json\/wp\/v2\/media\/58956"}],"wp:attachment":[{"href":"https:\/\/theuncommonshop.ch\/fr\/wp-json\/wp\/v2\/media?parent=328752"}],"wp:term":[{"taxonomy":"product_brand","embeddable":true,"href":"https:\/\/theuncommonshop.ch\/fr\/wp-json\/wp\/v2\/product_brand?post=328752"},{"taxonomy":"product_cat","embeddable":true,"href":"https:\/\/theuncommonshop.ch\/fr\/wp-json\/wp\/v2\/product_cat?post=328752"},{"taxonomy":"product_tag","embeddable":true,"href":"https:\/\/theuncommonshop.ch\/fr\/wp-json\/wp\/v2\/product_tag?post=328752"}],"curies":[{"name":"wp","href":"https:\/\/api.w.org\/{rel}","templated":true}]}}