{"id":328624,"date":"2025-06-03T00:42:09","date_gmt":"2025-06-03T00:42:09","guid":{"rendered":"http:\/\/theuncommonshop.ch\/produkt\/328624\/"},"modified":"2026-03-28T16:23:18","modified_gmt":"2026-03-28T15:23:18","slug":"kmc-small-sleeves-mini-perfect-size-100-jpn-2","status":"publish","type":"product","link":"https:\/\/theuncommonshop.ch\/fr\/product\/kmc-small-sleeves-mini-perfect-size-100-jpn-2\/","title":{"rendered":"KMC Small Sleeves &#8211; Mini Perfect Size (100) JPN"},"content":{"rendered":"<p>KMC Mini Perfect Size Pochettes pour cartes Soft Sleeves (100)<\/p>\n<p>Sleeves KMC Perfect Size \u00e9galement pour les cartes \u00e0 collectionner au format japonais. Ces pochettes KMC, associ\u00e9es aux mini-pochettes KMC, prot\u00e8gent vos cartes \u00e0 collectionner ! <\/p>\n<p>Les pochettes Perfect Size sont utilis\u00e9es de la mani\u00e8re suivante : Tout d&#8217;abord, ins\u00e9rez la carte \u00e0 collectionner dans l&#8217;\u00e9tui Perfect Size. Ensuite, vous ins\u00e9rez la carte \u00e0 collectionner dans la pochette Perfect Size \u00e0 l&#8217;envers (ouverture en bas) dans une pochette KMC ext\u00e9rieure normale et color\u00e9e. Il est important que l&#8217;ouverture de la Sleeve KMC Perfect Size dans la plus grande pochette soit en bas, car ainsi la carte ins\u00e9r\u00e9e ne peut plus tomber lors du m\u00e9lange et donc &#8211; dans des conditions normales &#8211; ne peut plus \u00eatre endommag\u00e9e ou salie.  <\/p>\n<p>Les pochettes doubles ainsi obtenues sont si fines et si serr\u00e9es que la double couche ne se remarque pas et que les pochettes ne g\u00eanent pas le m\u00e9lange. Les Sleeves KMC Perfect Size sont un bon choix, en particulier pour les cartes de collection co\u00fbteuses. <\/p>\n<p>Dimensions : 60x87mmContenu par Packs :100 pi\u00e8ces<\/p>\n","protected":false},"excerpt":{"rendered":"<p>KMC Mini Perfect Size Pochettes pour cartes Soft Sleeves (100) Sleeves KMC Perfect Size \u00e9galement pour les cartes \u00e0 collectionner<\/p>\n","protected":false},"featured_media":56986,"comment_status":"open","ping_status":"closed","template":"","meta":{"_acf_changed":false},"product_brand":[],"product_cat":[9861,10157],"product_tag":[],"class_list":{"0":"post-328624","1":"product","2":"type-product","3":"status-publish","4":"has-post-thumbnail","6":"product_cat-sleeves-fr","7":"product_cat-taille-japonaise","9":"first","10":"outofstock","11":"taxable","12":"shipping-taxable","13":"purchasable","14":"product-type-simple"},"acf":[],"yoast_head":"<!-- This site is optimized with the Yoast SEO plugin v27.4 - https:\/\/yoast.com\/product\/yoast-seo-wordpress\/ -->\n<title>Ach\u00e8te KMC Small Sleeves - Mini Perfect Size (100) JPN<\/title>\n<meta name=\"description\" content=\"Ach\u00e8te KMC Small Sleeves - Mini Perfect Size (100) JPN en ligne maintenant \u00e0 petit prix! Ton #1 shop pour cartes TCG &amp; Pok\u00e9mon en Suisse \u2713 Livraison gratuite d\u00e8s CHF 29\" \/>\n<meta name=\"robots\" content=\"index, follow, max-snippet:-1, max-image-preview:large, max-video-preview:-1\" \/>\n<link rel=\"canonical\" href=\"https:\/\/theuncommonshop.ch\/fr\/product\/kmc-small-sleeves-mini-perfect-size-100-jpn-2\/\" \/>\n<meta property=\"og:locale\" content=\"fr_FR\" \/>\n<meta property=\"og:type\" content=\"article\" \/>\n<meta property=\"og:title\" content=\"Ach\u00e8te KMC Small Sleeves - Mini Perfect Size (100) JPN\" \/>\n<meta property=\"og:description\" content=\"Ach\u00e8te KMC Small Sleeves - Mini Perfect Size (100) JPN en ligne maintenant \u00e0 petit prix! Ton #1 shop pour cartes TCG &amp; Pok\u00e9mon en Suisse \u2713 Livraison gratuite d\u00e8s CHF 29\" \/>\n<meta property=\"og:url\" content=\"https:\/\/theuncommonshop.ch\/fr\/product\/kmc-small-sleeves-mini-perfect-size-100-jpn-2\/\" \/>\n<meta property=\"og:site_name\" content=\"The Uncommon Shop\" \/>\n<meta property=\"article:modified_time\" content=\"2026-03-28T15:23:18+00:00\" \/>\n<meta property=\"og:image\" content=\"https:\/\/theuncommonshop.ch\/wp-content\/uploads\/2025\/06\/2324812293.jpg\" \/>\n\t<meta property=\"og:image:width\" content=\"537\" \/>\n\t<meta property=\"og:image:height\" content=\"800\" \/>\n\t<meta property=\"og:image:type\" content=\"image\/jpeg\" \/>\n<meta name=\"twitter:card\" content=\"summary_large_image\" \/>\n<meta name=\"twitter:label1\" content=\"Prix\" \/>\n\t<meta name=\"twitter:data1\" content=\"&#067;&#072;&#070;&nbsp;4.50\" \/>\n\t<meta name=\"twitter:label2\" content=\"Disponibilit\u00e9\" \/>\n\t<meta name=\"twitter:data2\" content=\"Rupture de stock\" \/>\n<script type=\"application\/ld+json\" class=\"yoast-schema-graph\">{\"@context\":\"https:\\\/\\\/schema.org\",\"@graph\":[{\"@type\":\"WebPage\",\"@id\":\"https:\\\/\\\/theuncommonshop.ch\\\/fr\\\/product\\\/kmc-small-sleeves-mini-perfect-size-100-jpn-2\\\/\",\"url\":\"https:\\\/\\\/theuncommonshop.ch\\\/fr\\\/product\\\/kmc-small-sleeves-mini-perfect-size-100-jpn-2\\\/\",\"name\":\"Ach\u00e8te KMC Small Sleeves - Mini Perfect Size (100) JPN\",\"isPartOf\":{\"@id\":\"https:\\\/\\\/theuncommonshop.ch\\\/fr\\\/#website\"},\"primaryImageOfPage\":{\"@id\":\"https:\\\/\\\/theuncommonshop.ch\\\/fr\\\/product\\\/kmc-small-sleeves-mini-perfect-size-100-jpn-2\\\/#primaryimage\"},\"image\":{\"@id\":\"https:\\\/\\\/theuncommonshop.ch\\\/fr\\\/product\\\/kmc-small-sleeves-mini-perfect-size-100-jpn-2\\\/#primaryimage\"},\"thumbnailUrl\":\"https:\\\/\\\/theuncommonshop.ch\\\/wp-content\\\/uploads\\\/2025\\\/06\\\/2324812293.jpg\",\"datePublished\":\"2025-06-03T00:42:09+00:00\",\"dateModified\":\"2026-03-28T15:23:18+00:00\",\"description\":\"Ach\u00e8te KMC Small Sleeves - Mini Perfect Size (100) JPN en ligne maintenant \u00e0 petit prix! Ton #1 shop pour cartes TCG & Pok\u00e9mon en Suisse \u2713 Livraison gratuite d\u00e8s CHF 29\",\"breadcrumb\":{\"@id\":\"https:\\\/\\\/theuncommonshop.ch\\\/fr\\\/product\\\/kmc-small-sleeves-mini-perfect-size-100-jpn-2\\\/#breadcrumb\"},\"inLanguage\":\"fr-FR\",\"potentialAction\":[{\"@type\":\"ReadAction\",\"target\":[\"https:\\\/\\\/theuncommonshop.ch\\\/fr\\\/product\\\/kmc-small-sleeves-mini-perfect-size-100-jpn-2\\\/\"]}]},{\"@type\":\"ImageObject\",\"inLanguage\":\"fr-FR\",\"@id\":\"https:\\\/\\\/theuncommonshop.ch\\\/fr\\\/product\\\/kmc-small-sleeves-mini-perfect-size-100-jpn-2\\\/#primaryimage\",\"url\":\"https:\\\/\\\/theuncommonshop.ch\\\/wp-content\\\/uploads\\\/2025\\\/06\\\/2324812293.jpg\",\"contentUrl\":\"https:\\\/\\\/theuncommonshop.ch\\\/wp-content\\\/uploads\\\/2025\\\/06\\\/2324812293.jpg\",\"width\":537,\"height\":800},{\"@type\":\"BreadcrumbList\",\"@id\":\"https:\\\/\\\/theuncommonshop.ch\\\/fr\\\/product\\\/kmc-small-sleeves-mini-perfect-size-100-jpn-2\\\/#breadcrumb\",\"itemListElement\":[{\"@type\":\"ListItem\",\"position\":1,\"name\":\"Accueil\",\"item\":\"https:\\\/\\\/theuncommonshop.ch\\\/fr\\\/accueil\\\/\"},{\"@type\":\"ListItem\",\"position\":2,\"name\":\"Boutique\",\"item\":\"https:\\\/\\\/theuncommonshop.ch\\\/fr\\\/boutique\\\/\"},{\"@type\":\"ListItem\",\"position\":3,\"name\":\"Accessoires TCG\",\"item\":\"https:\\\/\\\/theuncommonshop.ch\\\/fr\\\/categorie-produit\\\/accessoires-tcg\\\/\"},{\"@type\":\"ListItem\",\"position\":4,\"name\":\"Sleeves\",\"item\":\"https:\\\/\\\/theuncommonshop.ch\\\/fr\\\/categorie-produit\\\/accessoires-tcg\\\/sleeves-fr\\\/\"},{\"@type\":\"ListItem\",\"position\":5,\"name\":\"Taille japonaise\",\"item\":\"https:\\\/\\\/theuncommonshop.ch\\\/fr\\\/categorie-produit\\\/accessoires-tcg\\\/sleeves-fr\\\/taille-japonaise\\\/\"},{\"@type\":\"ListItem\",\"position\":6,\"name\":\"KMC Small Sleeves &#8211; Mini Perfect Size (100) JPN\"}]},{\"@type\":\"WebSite\",\"@id\":\"https:\\\/\\\/theuncommonshop.ch\\\/fr\\\/#website\",\"url\":\"https:\\\/\\\/theuncommonshop.ch\\\/fr\\\/\",\"name\":\"The Uncommon Shop\",\"description\":\"Magic, Pok\u00e9mon and Yu-gi-oh - The Uncommon Shop\",\"potentialAction\":[{\"@type\":\"SearchAction\",\"target\":{\"@type\":\"EntryPoint\",\"urlTemplate\":\"https:\\\/\\\/theuncommonshop.ch\\\/fr\\\/?s={search_term_string}\"},\"query-input\":{\"@type\":\"PropertyValueSpecification\",\"valueRequired\":true,\"valueName\":\"search_term_string\"}}],\"inLanguage\":\"fr-FR\"}]}<\/script>\n<meta property=\"product:price:amount\" content=\"4.50\" \/>\n<meta property=\"product:price:currency\" content=\"CHF\" \/>\n<meta property=\"og:availability\" content=\"out of stock\" \/>\n<meta property=\"product:availability\" content=\"out of stock\" \/>\n<meta property=\"product:retailer_item_id\" content=\"Zub.IV.F.KMCSmall\" \/>\n<meta property=\"product:condition\" content=\"new\" \/>\n<!-- \/ Yoast SEO plugin. -->","yoast_head_json":{"title":"Ach\u00e8te KMC Small Sleeves - Mini Perfect Size (100) JPN","description":"Ach\u00e8te KMC Small Sleeves - Mini Perfect Size (100) JPN en ligne maintenant \u00e0 petit prix! Ton #1 shop pour cartes TCG & Pok\u00e9mon en Suisse \u2713 Livraison gratuite d\u00e8s CHF 29","robots":{"index":"index","follow":"follow","max-snippet":"max-snippet:-1","max-image-preview":"max-image-preview:large","max-video-preview":"max-video-preview:-1"},"canonical":"https:\/\/theuncommonshop.ch\/fr\/product\/kmc-small-sleeves-mini-perfect-size-100-jpn-2\/","og_locale":"fr_FR","og_type":"article","og_title":"Ach\u00e8te KMC Small Sleeves - Mini Perfect Size (100) JPN","og_description":"Ach\u00e8te KMC Small Sleeves - Mini Perfect Size (100) JPN en ligne maintenant \u00e0 petit prix! Ton #1 shop pour cartes TCG & Pok\u00e9mon en Suisse \u2713 Livraison gratuite d\u00e8s CHF 29","og_url":"https:\/\/theuncommonshop.ch\/fr\/product\/kmc-small-sleeves-mini-perfect-size-100-jpn-2\/","og_site_name":"The Uncommon Shop","article_modified_time":"2026-03-28T15:23:18+00:00","og_image":[{"width":537,"height":800,"url":"https:\/\/theuncommonshop.ch\/wp-content\/uploads\/2025\/06\/2324812293.jpg","type":"image\/jpeg"}],"twitter_card":"summary_large_image","twitter_misc":{"Prix":"&#67;&#72;&#70;&nbsp;4.50","Disponibilit\u00e9":"Rupture de stock"},"schema":{"@context":"https:\/\/schema.org","@graph":[{"@type":"WebPage","@id":"https:\/\/theuncommonshop.ch\/fr\/product\/kmc-small-sleeves-mini-perfect-size-100-jpn-2\/","url":"https:\/\/theuncommonshop.ch\/fr\/product\/kmc-small-sleeves-mini-perfect-size-100-jpn-2\/","name":"Ach\u00e8te KMC Small Sleeves - Mini Perfect Size (100) JPN","isPartOf":{"@id":"https:\/\/theuncommonshop.ch\/fr\/#website"},"primaryImageOfPage":{"@id":"https:\/\/theuncommonshop.ch\/fr\/product\/kmc-small-sleeves-mini-perfect-size-100-jpn-2\/#primaryimage"},"image":{"@id":"https:\/\/theuncommonshop.ch\/fr\/product\/kmc-small-sleeves-mini-perfect-size-100-jpn-2\/#primaryimage"},"thumbnailUrl":"https:\/\/theuncommonshop.ch\/wp-content\/uploads\/2025\/06\/2324812293.jpg","datePublished":"2025-06-03T00:42:09+00:00","dateModified":"2026-03-28T15:23:18+00:00","description":"Ach\u00e8te KMC Small Sleeves - Mini Perfect Size (100) JPN en ligne maintenant \u00e0 petit prix! Ton #1 shop pour cartes TCG & Pok\u00e9mon en Suisse \u2713 Livraison gratuite d\u00e8s CHF 29","breadcrumb":{"@id":"https:\/\/theuncommonshop.ch\/fr\/product\/kmc-small-sleeves-mini-perfect-size-100-jpn-2\/#breadcrumb"},"inLanguage":"fr-FR","potentialAction":[{"@type":"ReadAction","target":["https:\/\/theuncommonshop.ch\/fr\/product\/kmc-small-sleeves-mini-perfect-size-100-jpn-2\/"]}]},{"@type":"ImageObject","inLanguage":"fr-FR","@id":"https:\/\/theuncommonshop.ch\/fr\/product\/kmc-small-sleeves-mini-perfect-size-100-jpn-2\/#primaryimage","url":"https:\/\/theuncommonshop.ch\/wp-content\/uploads\/2025\/06\/2324812293.jpg","contentUrl":"https:\/\/theuncommonshop.ch\/wp-content\/uploads\/2025\/06\/2324812293.jpg","width":537,"height":800},{"@type":"BreadcrumbList","@id":"https:\/\/theuncommonshop.ch\/fr\/product\/kmc-small-sleeves-mini-perfect-size-100-jpn-2\/#breadcrumb","itemListElement":[{"@type":"ListItem","position":1,"name":"Accueil","item":"https:\/\/theuncommonshop.ch\/fr\/accueil\/"},{"@type":"ListItem","position":2,"name":"Boutique","item":"https:\/\/theuncommonshop.ch\/fr\/boutique\/"},{"@type":"ListItem","position":3,"name":"Accessoires TCG","item":"https:\/\/theuncommonshop.ch\/fr\/categorie-produit\/accessoires-tcg\/"},{"@type":"ListItem","position":4,"name":"Sleeves","item":"https:\/\/theuncommonshop.ch\/fr\/categorie-produit\/accessoires-tcg\/sleeves-fr\/"},{"@type":"ListItem","position":5,"name":"Taille japonaise","item":"https:\/\/theuncommonshop.ch\/fr\/categorie-produit\/accessoires-tcg\/sleeves-fr\/taille-japonaise\/"},{"@type":"ListItem","position":6,"name":"KMC Small Sleeves &#8211; Mini Perfect Size (100) JPN"}]},{"@type":"WebSite","@id":"https:\/\/theuncommonshop.ch\/fr\/#website","url":"https:\/\/theuncommonshop.ch\/fr\/","name":"The Uncommon Shop","description":"Magic, Pok\u00e9mon and Yu-gi-oh - The Uncommon Shop","potentialAction":[{"@type":"SearchAction","target":{"@type":"EntryPoint","urlTemplate":"https:\/\/theuncommonshop.ch\/fr\/?s={search_term_string}"},"query-input":{"@type":"PropertyValueSpecification","valueRequired":true,"valueName":"search_term_string"}}],"inLanguage":"fr-FR"}]},"product_price_amount":"4.50","product_price_currency":"CHF","og_availability":"out of stock","product_availability":"out of stock","product_retailer_item_id":"Zub.IV.F.KMCSmall","product_condition":"new"},"_links":{"self":[{"href":"https:\/\/theuncommonshop.ch\/fr\/wp-json\/wp\/v2\/product\/328624","targetHints":{"allow":["GET"]}}],"collection":[{"href":"https:\/\/theuncommonshop.ch\/fr\/wp-json\/wp\/v2\/product"}],"about":[{"href":"https:\/\/theuncommonshop.ch\/fr\/wp-json\/wp\/v2\/types\/product"}],"replies":[{"embeddable":true,"href":"https:\/\/theuncommonshop.ch\/fr\/wp-json\/wp\/v2\/comments?post=328624"}],"version-history":[{"count":0,"href":"https:\/\/theuncommonshop.ch\/fr\/wp-json\/wp\/v2\/product\/328624\/revisions"}],"wp:featuredmedia":[{"embeddable":true,"href":"https:\/\/theuncommonshop.ch\/fr\/wp-json\/wp\/v2\/media\/56986"}],"wp:attachment":[{"href":"https:\/\/theuncommonshop.ch\/fr\/wp-json\/wp\/v2\/media?parent=328624"}],"wp:term":[{"taxonomy":"product_brand","embeddable":true,"href":"https:\/\/theuncommonshop.ch\/fr\/wp-json\/wp\/v2\/product_brand?post=328624"},{"taxonomy":"product_cat","embeddable":true,"href":"https:\/\/theuncommonshop.ch\/fr\/wp-json\/wp\/v2\/product_cat?post=328624"},{"taxonomy":"product_tag","embeddable":true,"href":"https:\/\/theuncommonshop.ch\/fr\/wp-json\/wp\/v2\/product_tag?post=328624"}],"curies":[{"name":"wp","href":"https:\/\/api.w.org\/{rel}","templated":true}]}}