{"id":328620,"date":"2025-06-03T00:41:17","date_gmt":"2025-06-02T22:41:17","guid":{"rendered":"http:\/\/theuncommonshop.ch\/produkt\/328620\/"},"modified":"2026-03-29T16:45:43","modified_gmt":"2026-03-29T14:45:43","slug":"syrus-truesdale-deck-anime-2","status":"publish","type":"product","link":"https:\/\/theuncommonshop.ch\/fr\/product\/syrus-truesdale-deck-anime-2\/","title":{"rendered":"Yu-Gi-Oh ! &#8211; Syrus Truesdale Deck (Anime)"},"content":{"rendered":"<p><strong><span style=\"color: rgb(242, 195, 20);\">Toutes les ORICAS sont &#8220;imprim\u00e9es \u00e0 la demande&#8221;. Il peut s&#8217;\u00e9couler entre 2 et 4 semaines avant que nous ne vous envoyions le colis. <\/span><\/strong><\/p>\n<p>Ces cartes ne sont <strong>pas des cartes de tournoi<\/strong> et sont principalement destin\u00e9es aux fans de la s\u00e9rie YGO.  <\/p>\n<div><\/div>\n<div>Jouez \u00e0 Yugioh comme il a \u00e9t\u00e9 montr\u00e9 dans la s\u00e9rie YGO !<\/div>\n<p><\/p>\n<div>Deck Syrus Truesdale Anime Style<\/div>\n<div><\/div>\n<div><strong>Cartes de monstre<\/strong><\/div>\n<ul>\n<li>Cycroid<\/li>\n<li>Cycroid<\/li>\n<li>Ambulancero\u00efde<\/li>\n<li>Decoyroid<\/li>\n<li>Drillroid<\/li>\n<li>Expressroid<\/li>\n<li>Gyroid<\/li>\n<li>Jetroid<\/li>\n<li>Kiteroid<\/li>\n<li>Patroid<\/li>\n<li>Rescueroid<\/li>\n<li>Stealthroid<\/li>\n<li>Steamroid<\/li>\n<li>Submarineroid<\/li>\n<li>Tonnerre Nyan Nyan<\/li>\n<li>Truckroid<\/li>\n<li>UFOroid<\/li>\n<\/ul>\n<div><\/div>\n<div><strong>Cartes de v\u0153ux<\/strong><\/div>\n<ul>\n<li>Burial from a Different Dimension<\/li>\n<li>De-Fusion<\/li>\n<li>Provisions d&#8217;urgence<\/li>\n<li>Suppression du limiteur<\/li>\n<li>Typhoon de l&#8217;espace mystique<\/li>\n<li>Polym\u00e9risation<\/li>\n<li>Pot de la col\u00e8re<\/li>\n<li>Power Bond<\/li>\n<li>Shield Crush<\/li>\n<li>Champ de formation<\/li>\n<li>Roues d&#8217;entra\u00eenement<\/li>\n<li>Zone de connexion Vehicroid<\/li>\n<li>Changement d&#8217;arme<\/li>\n<\/ul>\n<div> <\/div>\n<div><strong>cartes pi\u00e8ges<\/strong><\/div>\n<ul>\n<li>Appel des hant\u00e9s<\/li>\n<li>Cyber r\u00e9parateur<\/li>\n<li>Blaster Cyber Summon<\/li>\n<li>Virus informatique sombre<\/li>\n<li>Force de vie<\/li>\n<li>Cylindre Magic<\/li>\n<li>Micro Ray<\/li>\n<li>D\u00e9g\u00e2ts caus\u00e9s par les miroirs<\/li>\n<li>No Entry !<\/li>\n<li>Anneau de vie<\/li>\n<li>Supercharge<\/li>\n<li>Trou de trappe<\/li>\n<li>Wonder Garage<\/li>\n<\/ul>\n<div> <\/div>\n<div><strong>extra deck<\/strong><\/div>\n<ul>\n<li>Ambulance Rescueroid<\/li>\n<li>Paire Cycroid<\/li>\n<li>Super Vehicroid &#8211; Foret g\u00e9ant<\/li>\n<li>Super Vehicroid &#8211; Union furtive<\/li>\n<li>Steam Gyroid<\/li>\n<li>Combattant OVNI<\/li>\n<\/ul>\n<div><main><\/p>\n<div><main><\/p>\n<h3>\n<div><\/div>\n<\/h3>\n<div><\/div>\n<div><\/div>\n<div><span style=\"font-size: 10px;\"><\/span><\/div>\n<p><\/main><\/div>\n<div>\n<div>\n<div>\n<div><span style=\"font-size: 10px;\"><\/span><\/div>\n<\/div>\n<\/div>\n<\/div>\n<p><\/main><\/div>\n<div>\n<div>\n<div><span style=\"font-size: 10px;\"><\/span><\/div>\n<\/div>\n<\/div>\n<div>\n<div><\/div>\n<\/div>\n<div>\n<div>\n<div><\/div>\n<\/div>\n<\/div>\n","protected":false},"excerpt":{"rendered":"<p>Toutes les ORICAS sont &#8220;imprim\u00e9es \u00e0 la demande&#8221;. Il peut s&#8217;\u00e9couler entre 2 et 4 semaines avant que nous ne<\/p>\n","protected":false},"featured_media":56953,"comment_status":"open","ping_status":"closed","template":"","meta":{"_acf_changed":false},"product_brand":[5074,5112],"product_cat":[9843],"product_tag":[],"class_list":{"0":"post-328620","1":"product","2":"type-product","3":"status-publish","4":"has-post-thumbnail","6":"product_brand-konami","7":"product_brand-yu-gi-oh","8":"product_cat-orica-decks-fr","10":"first","11":"instock","12":"taxable","13":"shipping-taxable","14":"purchasable","15":"product-type-simple"},"acf":[],"yoast_head":"<!-- This site is optimized with the Yoast SEO plugin v27.4 - https:\/\/yoast.com\/product\/yoast-seo-wordpress\/ -->\n<title>Ach\u00e8te Yu-Gi-Oh ! - Syrus Truesdale Deck (Anime)<\/title>\n<meta name=\"description\" content=\"Ach\u00e8te Yu-Gi-Oh ! - Syrus Truesdale Deck (Anime) en ligne maintenant \u00e0 petit prix! Ton #1 shop pour cartes TCG &amp; Pok\u00e9mon en Suisse \u2713 Livraison gratuite d\u00e8s CHF 29\" \/>\n<meta name=\"robots\" content=\"index, follow, max-snippet:-1, max-image-preview:large, max-video-preview:-1\" \/>\n<link rel=\"canonical\" href=\"https:\/\/theuncommonshop.ch\/fr\/product\/syrus-truesdale-deck-anime-2\/\" \/>\n<meta property=\"og:locale\" content=\"fr_FR\" \/>\n<meta property=\"og:type\" content=\"article\" \/>\n<meta property=\"og:title\" content=\"Ach\u00e8te Yu-Gi-Oh ! - Syrus Truesdale Deck (Anime)\" \/>\n<meta property=\"og:description\" content=\"Ach\u00e8te Yu-Gi-Oh ! - Syrus Truesdale Deck (Anime) en ligne maintenant \u00e0 petit prix! Ton #1 shop pour cartes TCG &amp; Pok\u00e9mon en Suisse \u2713 Livraison gratuite d\u00e8s CHF 29\" \/>\n<meta property=\"og:url\" content=\"https:\/\/theuncommonshop.ch\/fr\/product\/syrus-truesdale-deck-anime-2\/\" \/>\n<meta property=\"og:site_name\" content=\"The Uncommon Shop\" \/>\n<meta property=\"article:modified_time\" content=\"2026-03-29T14:45:43+00:00\" \/>\n<meta property=\"og:image\" content=\"https:\/\/theuncommonshop.ch\/wp-content\/uploads\/2025\/06\/2311244557.jpg\" \/>\n\t<meta property=\"og:image:width\" content=\"1000\" \/>\n\t<meta property=\"og:image:height\" content=\"1000\" \/>\n\t<meta property=\"og:image:type\" content=\"image\/jpeg\" \/>\n<meta name=\"twitter:card\" content=\"summary_large_image\" \/>\n<meta name=\"twitter:label1\" content=\"Prix\" \/>\n\t<meta name=\"twitter:data1\" content=\"&#067;&#072;&#070;&nbsp;119.95\" \/>\n\t<meta name=\"twitter:label2\" content=\"Disponibilit\u00e9\" \/>\n\t<meta name=\"twitter:data2\" content=\"En stock\" \/>\n<script type=\"application\/ld+json\" class=\"yoast-schema-graph\">{\"@context\":\"https:\\\/\\\/schema.org\",\"@graph\":[{\"@type\":\"WebPage\",\"@id\":\"https:\\\/\\\/theuncommonshop.ch\\\/fr\\\/product\\\/syrus-truesdale-deck-anime-2\\\/\",\"url\":\"https:\\\/\\\/theuncommonshop.ch\\\/fr\\\/product\\\/syrus-truesdale-deck-anime-2\\\/\",\"name\":\"Ach\u00e8te Yu-Gi-Oh ! - Syrus Truesdale Deck (Anime)\",\"isPartOf\":{\"@id\":\"https:\\\/\\\/theuncommonshop.ch\\\/fr\\\/#website\"},\"primaryImageOfPage\":{\"@id\":\"https:\\\/\\\/theuncommonshop.ch\\\/fr\\\/product\\\/syrus-truesdale-deck-anime-2\\\/#primaryimage\"},\"image\":{\"@id\":\"https:\\\/\\\/theuncommonshop.ch\\\/fr\\\/product\\\/syrus-truesdale-deck-anime-2\\\/#primaryimage\"},\"thumbnailUrl\":\"https:\\\/\\\/theuncommonshop.ch\\\/wp-content\\\/uploads\\\/2025\\\/06\\\/2311244557.jpg\",\"datePublished\":\"2025-06-02T22:41:17+00:00\",\"dateModified\":\"2026-03-29T14:45:43+00:00\",\"description\":\"Ach\u00e8te Yu-Gi-Oh ! - Syrus Truesdale Deck (Anime) en ligne maintenant \u00e0 petit prix! Ton #1 shop pour cartes TCG & Pok\u00e9mon en Suisse \u2713 Livraison gratuite d\u00e8s CHF 29\",\"breadcrumb\":{\"@id\":\"https:\\\/\\\/theuncommonshop.ch\\\/fr\\\/product\\\/syrus-truesdale-deck-anime-2\\\/#breadcrumb\"},\"inLanguage\":\"fr-FR\",\"potentialAction\":[{\"@type\":\"ReadAction\",\"target\":[\"https:\\\/\\\/theuncommonshop.ch\\\/fr\\\/product\\\/syrus-truesdale-deck-anime-2\\\/\"]}]},{\"@type\":\"ImageObject\",\"inLanguage\":\"fr-FR\",\"@id\":\"https:\\\/\\\/theuncommonshop.ch\\\/fr\\\/product\\\/syrus-truesdale-deck-anime-2\\\/#primaryimage\",\"url\":\"https:\\\/\\\/theuncommonshop.ch\\\/wp-content\\\/uploads\\\/2025\\\/06\\\/2311244557.jpg\",\"contentUrl\":\"https:\\\/\\\/theuncommonshop.ch\\\/wp-content\\\/uploads\\\/2025\\\/06\\\/2311244557.jpg\",\"width\":1000,\"height\":1000},{\"@type\":\"BreadcrumbList\",\"@id\":\"https:\\\/\\\/theuncommonshop.ch\\\/fr\\\/product\\\/syrus-truesdale-deck-anime-2\\\/#breadcrumb\",\"itemListElement\":[{\"@type\":\"ListItem\",\"position\":1,\"name\":\"Accueil\",\"item\":\"https:\\\/\\\/theuncommonshop.ch\\\/fr\\\/accueil\\\/\"},{\"@type\":\"ListItem\",\"position\":2,\"name\":\"Boutique\",\"item\":\"https:\\\/\\\/theuncommonshop.ch\\\/fr\\\/boutique\\\/\"},{\"@type\":\"ListItem\",\"position\":3,\"name\":\"Yu-Gi-Oh!\",\"item\":\"https:\\\/\\\/theuncommonshop.ch\\\/fr\\\/categorie-produit\\\/yu-gi-oh-fr\\\/\"},{\"@type\":\"ListItem\",\"position\":4,\"name\":\"Orica Decks\",\"item\":\"https:\\\/\\\/theuncommonshop.ch\\\/fr\\\/categorie-produit\\\/yu-gi-oh-fr\\\/orica-decks-fr\\\/\"},{\"@type\":\"ListItem\",\"position\":5,\"name\":\"Yu-Gi-Oh ! &#8211; Syrus Truesdale Deck (Anime)\"}]},{\"@type\":\"WebSite\",\"@id\":\"https:\\\/\\\/theuncommonshop.ch\\\/fr\\\/#website\",\"url\":\"https:\\\/\\\/theuncommonshop.ch\\\/fr\\\/\",\"name\":\"The Uncommon Shop\",\"description\":\"Magic, Pok\u00e9mon and Yu-gi-oh - The Uncommon Shop\",\"potentialAction\":[{\"@type\":\"SearchAction\",\"target\":{\"@type\":\"EntryPoint\",\"urlTemplate\":\"https:\\\/\\\/theuncommonshop.ch\\\/fr\\\/?s={search_term_string}\"},\"query-input\":{\"@type\":\"PropertyValueSpecification\",\"valueRequired\":true,\"valueName\":\"search_term_string\"}}],\"inLanguage\":\"fr-FR\"}]}<\/script>\n<meta property=\"product:price:amount\" content=\"119.95\" \/>\n<meta property=\"product:price:currency\" content=\"CHF\" \/>\n<meta property=\"og:availability\" content=\"instock\" \/>\n<meta property=\"product:availability\" content=\"instock\" \/>\n<meta property=\"product:retailer_item_id\" content=\"14427\" \/>\n<meta property=\"product:condition\" content=\"new\" \/>\n<!-- \/ Yoast SEO plugin. -->","yoast_head_json":{"title":"Ach\u00e8te Yu-Gi-Oh ! - Syrus Truesdale Deck (Anime)","description":"Ach\u00e8te Yu-Gi-Oh ! - Syrus Truesdale Deck (Anime) en ligne maintenant \u00e0 petit prix! Ton #1 shop pour cartes TCG & Pok\u00e9mon en Suisse \u2713 Livraison gratuite d\u00e8s CHF 29","robots":{"index":"index","follow":"follow","max-snippet":"max-snippet:-1","max-image-preview":"max-image-preview:large","max-video-preview":"max-video-preview:-1"},"canonical":"https:\/\/theuncommonshop.ch\/fr\/product\/syrus-truesdale-deck-anime-2\/","og_locale":"fr_FR","og_type":"article","og_title":"Ach\u00e8te Yu-Gi-Oh ! - Syrus Truesdale Deck (Anime)","og_description":"Ach\u00e8te Yu-Gi-Oh ! - Syrus Truesdale Deck (Anime) en ligne maintenant \u00e0 petit prix! Ton #1 shop pour cartes TCG & Pok\u00e9mon en Suisse \u2713 Livraison gratuite d\u00e8s CHF 29","og_url":"https:\/\/theuncommonshop.ch\/fr\/product\/syrus-truesdale-deck-anime-2\/","og_site_name":"The Uncommon Shop","article_modified_time":"2026-03-29T14:45:43+00:00","og_image":[{"width":1000,"height":1000,"url":"https:\/\/theuncommonshop.ch\/wp-content\/uploads\/2025\/06\/2311244557.jpg","type":"image\/jpeg"}],"twitter_card":"summary_large_image","twitter_misc":{"Prix":"&#67;&#72;&#70;&nbsp;119.95","Disponibilit\u00e9":"En stock"},"schema":{"@context":"https:\/\/schema.org","@graph":[{"@type":"WebPage","@id":"https:\/\/theuncommonshop.ch\/fr\/product\/syrus-truesdale-deck-anime-2\/","url":"https:\/\/theuncommonshop.ch\/fr\/product\/syrus-truesdale-deck-anime-2\/","name":"Ach\u00e8te Yu-Gi-Oh ! - Syrus Truesdale Deck (Anime)","isPartOf":{"@id":"https:\/\/theuncommonshop.ch\/fr\/#website"},"primaryImageOfPage":{"@id":"https:\/\/theuncommonshop.ch\/fr\/product\/syrus-truesdale-deck-anime-2\/#primaryimage"},"image":{"@id":"https:\/\/theuncommonshop.ch\/fr\/product\/syrus-truesdale-deck-anime-2\/#primaryimage"},"thumbnailUrl":"https:\/\/theuncommonshop.ch\/wp-content\/uploads\/2025\/06\/2311244557.jpg","datePublished":"2025-06-02T22:41:17+00:00","dateModified":"2026-03-29T14:45:43+00:00","description":"Ach\u00e8te Yu-Gi-Oh ! - Syrus Truesdale Deck (Anime) en ligne maintenant \u00e0 petit prix! Ton #1 shop pour cartes TCG & Pok\u00e9mon en Suisse \u2713 Livraison gratuite d\u00e8s CHF 29","breadcrumb":{"@id":"https:\/\/theuncommonshop.ch\/fr\/product\/syrus-truesdale-deck-anime-2\/#breadcrumb"},"inLanguage":"fr-FR","potentialAction":[{"@type":"ReadAction","target":["https:\/\/theuncommonshop.ch\/fr\/product\/syrus-truesdale-deck-anime-2\/"]}]},{"@type":"ImageObject","inLanguage":"fr-FR","@id":"https:\/\/theuncommonshop.ch\/fr\/product\/syrus-truesdale-deck-anime-2\/#primaryimage","url":"https:\/\/theuncommonshop.ch\/wp-content\/uploads\/2025\/06\/2311244557.jpg","contentUrl":"https:\/\/theuncommonshop.ch\/wp-content\/uploads\/2025\/06\/2311244557.jpg","width":1000,"height":1000},{"@type":"BreadcrumbList","@id":"https:\/\/theuncommonshop.ch\/fr\/product\/syrus-truesdale-deck-anime-2\/#breadcrumb","itemListElement":[{"@type":"ListItem","position":1,"name":"Accueil","item":"https:\/\/theuncommonshop.ch\/fr\/accueil\/"},{"@type":"ListItem","position":2,"name":"Boutique","item":"https:\/\/theuncommonshop.ch\/fr\/boutique\/"},{"@type":"ListItem","position":3,"name":"Yu-Gi-Oh!","item":"https:\/\/theuncommonshop.ch\/fr\/categorie-produit\/yu-gi-oh-fr\/"},{"@type":"ListItem","position":4,"name":"Orica Decks","item":"https:\/\/theuncommonshop.ch\/fr\/categorie-produit\/yu-gi-oh-fr\/orica-decks-fr\/"},{"@type":"ListItem","position":5,"name":"Yu-Gi-Oh ! &#8211; Syrus Truesdale Deck (Anime)"}]},{"@type":"WebSite","@id":"https:\/\/theuncommonshop.ch\/fr\/#website","url":"https:\/\/theuncommonshop.ch\/fr\/","name":"The Uncommon Shop","description":"Magic, Pok\u00e9mon and Yu-gi-oh - The Uncommon Shop","potentialAction":[{"@type":"SearchAction","target":{"@type":"EntryPoint","urlTemplate":"https:\/\/theuncommonshop.ch\/fr\/?s={search_term_string}"},"query-input":{"@type":"PropertyValueSpecification","valueRequired":true,"valueName":"search_term_string"}}],"inLanguage":"fr-FR"}]},"product_price_amount":"119.95","product_price_currency":"CHF","og_availability":"instock","product_availability":"instock","product_retailer_item_id":"14427","product_condition":"new"},"_links":{"self":[{"href":"https:\/\/theuncommonshop.ch\/fr\/wp-json\/wp\/v2\/product\/328620","targetHints":{"allow":["GET"]}}],"collection":[{"href":"https:\/\/theuncommonshop.ch\/fr\/wp-json\/wp\/v2\/product"}],"about":[{"href":"https:\/\/theuncommonshop.ch\/fr\/wp-json\/wp\/v2\/types\/product"}],"replies":[{"embeddable":true,"href":"https:\/\/theuncommonshop.ch\/fr\/wp-json\/wp\/v2\/comments?post=328620"}],"version-history":[{"count":0,"href":"https:\/\/theuncommonshop.ch\/fr\/wp-json\/wp\/v2\/product\/328620\/revisions"}],"wp:featuredmedia":[{"embeddable":true,"href":"https:\/\/theuncommonshop.ch\/fr\/wp-json\/wp\/v2\/media\/56953"}],"wp:attachment":[{"href":"https:\/\/theuncommonshop.ch\/fr\/wp-json\/wp\/v2\/media?parent=328620"}],"wp:term":[{"taxonomy":"product_brand","embeddable":true,"href":"https:\/\/theuncommonshop.ch\/fr\/wp-json\/wp\/v2\/product_brand?post=328620"},{"taxonomy":"product_cat","embeddable":true,"href":"https:\/\/theuncommonshop.ch\/fr\/wp-json\/wp\/v2\/product_cat?post=328620"},{"taxonomy":"product_tag","embeddable":true,"href":"https:\/\/theuncommonshop.ch\/fr\/wp-json\/wp\/v2\/product_tag?post=328620"}],"curies":[{"name":"wp","href":"https:\/\/api.w.org\/{rel}","templated":true}]}}