{"id":328600,"date":"2025-06-03T00:05:55","date_gmt":"2025-06-03T00:05:55","guid":{"rendered":"http:\/\/theuncommonshop.ch\/produkt\/328600\/"},"modified":"2026-03-31T19:41:34","modified_gmt":"2026-03-31T17:41:34","slug":"weiss-schwarz-trial-deck%ef%bc%8bplus-kaguya-sama-love-is-war-en-2","status":"publish","type":"product","link":"https:\/\/theuncommonshop.ch\/fr\/product\/weiss-schwarz-trial-deck%ef%bc%8bplus-kaguya-sama-love-is-war-en-2\/","title":{"rendered":"Weiss Schwarz &#8211; Trial Deck\uff0b(PLUS) &#8211; Kaguya-sama : Love Is War ?"},"content":{"rendered":"<p>Contient 50 cartes.<\/p>\n<p>Vous rencontrez un adversaire digne de ce nom&#8230; vous le d\u00e9fiez dans un match&#8230; et vous avez un match dont vous vous souvenez avec plaisir. Tout le monde dirait que c&#8217;est une chose merveilleuse. <\/p>\n<p>Mais vous vous trompez !<\/p>\n<p>M\u00eame dans un match d\u00e9contract\u00e9, il y a un rapport de force clair ! Un c\u00f4t\u00e9 qui joue un finisher offensif et un c\u00f4t\u00e9 qui joue un late game d\u00e9fensif, un c\u00f4t\u00e9 qui joue un deck m\u00e9ta, un c\u00f4t\u00e9 qui joue un deck waifu, un gagnant et un perdant ! <\/p>\n<p>Weiss Schwarz, c&#8217;est la guerre !<\/p>\n<p>Kaguya-sama : Love is War, maintenant disponible en \u00e9dition anglaise Weiss Schwarz !<\/p>\n","protected":false},"excerpt":{"rendered":"<p>Contient 50 cartes. Vous rencontrez un adversaire digne de ce nom&#8230; vous le d\u00e9fiez dans un match&#8230; et vous avez<\/p>\n","protected":false},"featured_media":55788,"comment_status":"open","ping_status":"closed","template":"","meta":{"_acf_changed":false},"product_brand":[5102],"product_cat":[10025,9793],"product_tag":[],"class_list":{"0":"post-328600","1":"product","2":"type-product","3":"status-publish","4":"has-post-thumbnail","6":"product_brand-bushiroad","7":"product_cat-decks-weiss-schwarz","8":"product_cat-weissschwarz","10":"first","11":"outofstock","12":"taxable","13":"shipping-taxable","14":"purchasable","15":"product-type-simple"},"acf":[],"yoast_head":"<!-- This site is optimized with the Yoast SEO plugin v27.4 - https:\/\/yoast.com\/product\/yoast-seo-wordpress\/ -->\n<title>Ach\u00e8te Weiss Schwarz - Trial Deck\uff0b(PLUS) - Kaguya-sama : Love Is War ?<\/title>\n<meta name=\"description\" content=\"Ach\u00e8te Weiss Schwarz - Trial Deck\uff0b(PLUS) - Kaguya-sama : Love Is War ? en ligne maintenant \u00e0 petit prix! Ton #1 shop pour cartes TCG &amp; Pok\u00e9mon en Suisse \u2713 Livraison gratuite d\u00e8s CHF 29\" \/>\n<meta name=\"robots\" content=\"index, follow, max-snippet:-1, max-image-preview:large, max-video-preview:-1\" \/>\n<link rel=\"canonical\" href=\"https:\/\/theuncommonshop.ch\/fr\/product\/weiss-schwarz-trial-deck\uff0bplus-kaguya-sama-love-is-war-en-2\/\" \/>\n<meta property=\"og:locale\" content=\"fr_FR\" \/>\n<meta property=\"og:type\" content=\"article\" \/>\n<meta property=\"og:title\" content=\"Ach\u00e8te Weiss Schwarz - Trial Deck\uff0b(PLUS) - Kaguya-sama : Love Is War ?\" \/>\n<meta property=\"og:description\" content=\"Ach\u00e8te Weiss Schwarz - Trial Deck\uff0b(PLUS) - Kaguya-sama : Love Is War ? en ligne maintenant \u00e0 petit prix! Ton #1 shop pour cartes TCG &amp; Pok\u00e9mon en Suisse \u2713 Livraison gratuite d\u00e8s CHF 29\" \/>\n<meta property=\"og:url\" content=\"https:\/\/theuncommonshop.ch\/fr\/product\/weiss-schwarz-trial-deck\uff0bplus-kaguya-sama-love-is-war-en-2\/\" \/>\n<meta property=\"og:site_name\" content=\"Largest trading card shop in Switzerland\" \/>\n<meta property=\"article:modified_time\" content=\"2026-03-31T17:41:34+00:00\" \/>\n<meta property=\"og:image\" content=\"https:\/\/theuncommonshop.ch\/wp-content\/uploads\/2025\/06\/2292385487.jpg\" \/>\n\t<meta property=\"og:image:width\" content=\"400\" \/>\n\t<meta property=\"og:image:height\" content=\"652\" \/>\n\t<meta property=\"og:image:type\" content=\"image\/jpeg\" \/>\n<meta name=\"twitter:card\" content=\"summary_large_image\" \/>\n<meta name=\"twitter:label1\" content=\"Prix\" \/>\n\t<meta name=\"twitter:data1\" content=\"&#067;&#072;&#070;&nbsp;19.95\" \/>\n\t<meta name=\"twitter:label2\" content=\"Disponibilit\u00e9\" \/>\n\t<meta name=\"twitter:data2\" content=\"Rupture de stock\" \/>\n<script type=\"application\/ld+json\" class=\"yoast-schema-graph\">{\"@context\":\"https:\\\/\\\/schema.org\",\"@graph\":[{\"@type\":\"WebPage\",\"@id\":\"https:\\\/\\\/theuncommonshop.ch\\\/fr\\\/product\\\/weiss-schwarz-trial-deck%ef%bc%8bplus-kaguya-sama-love-is-war-en-2\\\/\",\"url\":\"https:\\\/\\\/theuncommonshop.ch\\\/fr\\\/product\\\/weiss-schwarz-trial-deck%ef%bc%8bplus-kaguya-sama-love-is-war-en-2\\\/\",\"name\":\"Ach\u00e8te Weiss Schwarz - Trial Deck\uff0b(PLUS) - Kaguya-sama : Love Is War ?\",\"isPartOf\":{\"@id\":\"https:\\\/\\\/theuncommonshop.ch\\\/#website\"},\"primaryImageOfPage\":{\"@id\":\"https:\\\/\\\/theuncommonshop.ch\\\/fr\\\/product\\\/weiss-schwarz-trial-deck%ef%bc%8bplus-kaguya-sama-love-is-war-en-2\\\/#primaryimage\"},\"image\":{\"@id\":\"https:\\\/\\\/theuncommonshop.ch\\\/fr\\\/product\\\/weiss-schwarz-trial-deck%ef%bc%8bplus-kaguya-sama-love-is-war-en-2\\\/#primaryimage\"},\"thumbnailUrl\":\"https:\\\/\\\/theuncommonshop.ch\\\/wp-content\\\/uploads\\\/2025\\\/06\\\/2292385487.jpg\",\"datePublished\":\"2025-06-03T00:05:55+00:00\",\"dateModified\":\"2026-03-31T17:41:34+00:00\",\"description\":\"Ach\u00e8te Weiss Schwarz - Trial Deck\uff0b(PLUS) - Kaguya-sama : Love Is War ? en ligne maintenant \u00e0 petit prix! Ton #1 shop pour cartes TCG & Pok\u00e9mon en Suisse \u2713 Livraison gratuite d\u00e8s CHF 29\",\"breadcrumb\":{\"@id\":\"https:\\\/\\\/theuncommonshop.ch\\\/fr\\\/product\\\/weiss-schwarz-trial-deck%ef%bc%8bplus-kaguya-sama-love-is-war-en-2\\\/#breadcrumb\"},\"inLanguage\":\"fr-FR\",\"potentialAction\":[{\"@type\":\"ReadAction\",\"target\":[\"https:\\\/\\\/theuncommonshop.ch\\\/fr\\\/product\\\/weiss-schwarz-trial-deck%ef%bc%8bplus-kaguya-sama-love-is-war-en-2\\\/\"]}]},{\"@type\":\"ImageObject\",\"inLanguage\":\"fr-FR\",\"@id\":\"https:\\\/\\\/theuncommonshop.ch\\\/fr\\\/product\\\/weiss-schwarz-trial-deck%ef%bc%8bplus-kaguya-sama-love-is-war-en-2\\\/#primaryimage\",\"url\":\"https:\\\/\\\/theuncommonshop.ch\\\/wp-content\\\/uploads\\\/2025\\\/06\\\/2292385487.jpg\",\"contentUrl\":\"https:\\\/\\\/theuncommonshop.ch\\\/wp-content\\\/uploads\\\/2025\\\/06\\\/2292385487.jpg\",\"width\":400,\"height\":652},{\"@type\":\"BreadcrumbList\",\"@id\":\"https:\\\/\\\/theuncommonshop.ch\\\/fr\\\/product\\\/weiss-schwarz-trial-deck%ef%bc%8bplus-kaguya-sama-love-is-war-en-2\\\/#breadcrumb\",\"itemListElement\":[{\"@type\":\"ListItem\",\"position\":1,\"name\":\"Accueil\",\"item\":\"https:\\\/\\\/theuncommonshop.ch\\\/fr\\\/accueil\\\/\"},{\"@type\":\"ListItem\",\"position\":2,\"name\":\"Boutique\",\"item\":\"https:\\\/\\\/theuncommonshop.ch\\\/fr\\\/boutique\\\/\"},{\"@type\":\"ListItem\",\"position\":3,\"name\":\"Weitere Sammelkarten\",\"item\":\"https:\\\/\\\/theuncommonshop.ch\\\/produktkategorie\\\/weitere-sammelkarten\\\/\"},{\"@type\":\"ListItem\",\"position\":4,\"name\":\"Weiss\\\/Schwarz\",\"item\":\"https:\\\/\\\/theuncommonshop.ch\\\/produktkategorie\\\/weitere-sammelkarten\\\/weiss-schwarz\\\/\"},{\"@type\":\"ListItem\",\"position\":5,\"name\":\"Decks\",\"item\":\"https:\\\/\\\/theuncommonshop.ch\\\/produktkategorie\\\/weitere-sammelkarten\\\/weiss-schwarz\\\/weissschwarz-decks\\\/\"},{\"@type\":\"ListItem\",\"position\":6,\"name\":\"Weiss Schwarz &#8211; Trial Deck\uff0b(PLUS) &#8211; Kaguya-sama : Love Is War ?\"}]},{\"@type\":\"WebSite\",\"@id\":\"https:\\\/\\\/theuncommonshop.ch\\\/#website\",\"url\":\"https:\\\/\\\/theuncommonshop.ch\\\/\",\"name\":\"Largest trading card shop in Switzerland\",\"description\":\"Magic, Pok\u00e9mon and Yu-gi-oh - The Uncommon Shop\",\"potentialAction\":[{\"@type\":\"SearchAction\",\"target\":{\"@type\":\"EntryPoint\",\"urlTemplate\":\"https:\\\/\\\/theuncommonshop.ch\\\/?s={search_term_string}\"},\"query-input\":{\"@type\":\"PropertyValueSpecification\",\"valueRequired\":true,\"valueName\":\"search_term_string\"}}],\"inLanguage\":\"fr-FR\"}]}<\/script>\n<meta property=\"product:price:amount\" content=\"19.95\" \/>\n<meta property=\"product:price:currency\" content=\"CHF\" \/>\n<meta property=\"og:availability\" content=\"out of stock\" \/>\n<meta property=\"product:availability\" content=\"out of stock\" \/>\n<meta property=\"product:retailer_item_id\" content=\"WS.I.E.LoveDe.EN\" \/>\n<meta property=\"product:condition\" content=\"new\" \/>\n<!-- \/ Yoast SEO plugin. -->","yoast_head_json":{"title":"Ach\u00e8te Weiss Schwarz - Trial Deck\uff0b(PLUS) - Kaguya-sama : Love Is War ?","description":"Ach\u00e8te Weiss Schwarz - Trial Deck\uff0b(PLUS) - Kaguya-sama : Love Is War ? en ligne maintenant \u00e0 petit prix! Ton #1 shop pour cartes TCG & Pok\u00e9mon en Suisse \u2713 Livraison gratuite d\u00e8s CHF 29","robots":{"index":"index","follow":"follow","max-snippet":"max-snippet:-1","max-image-preview":"max-image-preview:large","max-video-preview":"max-video-preview:-1"},"canonical":"https:\/\/theuncommonshop.ch\/fr\/product\/weiss-schwarz-trial-deck\uff0bplus-kaguya-sama-love-is-war-en-2\/","og_locale":"fr_FR","og_type":"article","og_title":"Ach\u00e8te Weiss Schwarz - Trial Deck\uff0b(PLUS) - Kaguya-sama : Love Is War ?","og_description":"Ach\u00e8te Weiss Schwarz - Trial Deck\uff0b(PLUS) - Kaguya-sama : Love Is War ? en ligne maintenant \u00e0 petit prix! Ton #1 shop pour cartes TCG & Pok\u00e9mon en Suisse \u2713 Livraison gratuite d\u00e8s CHF 29","og_url":"https:\/\/theuncommonshop.ch\/fr\/product\/weiss-schwarz-trial-deck\uff0bplus-kaguya-sama-love-is-war-en-2\/","og_site_name":"Largest trading card shop in Switzerland","article_modified_time":"2026-03-31T17:41:34+00:00","og_image":[{"width":400,"height":652,"url":"https:\/\/theuncommonshop.ch\/wp-content\/uploads\/2025\/06\/2292385487.jpg","type":"image\/jpeg"}],"twitter_card":"summary_large_image","twitter_misc":{"Prix":"&#67;&#72;&#70;&nbsp;19.95","Disponibilit\u00e9":"Rupture de stock"},"schema":{"@context":"https:\/\/schema.org","@graph":[{"@type":"WebPage","@id":"https:\/\/theuncommonshop.ch\/fr\/product\/weiss-schwarz-trial-deck%ef%bc%8bplus-kaguya-sama-love-is-war-en-2\/","url":"https:\/\/theuncommonshop.ch\/fr\/product\/weiss-schwarz-trial-deck%ef%bc%8bplus-kaguya-sama-love-is-war-en-2\/","name":"Ach\u00e8te Weiss Schwarz - Trial Deck\uff0b(PLUS) - Kaguya-sama : Love Is War ?","isPartOf":{"@id":"https:\/\/theuncommonshop.ch\/#website"},"primaryImageOfPage":{"@id":"https:\/\/theuncommonshop.ch\/fr\/product\/weiss-schwarz-trial-deck%ef%bc%8bplus-kaguya-sama-love-is-war-en-2\/#primaryimage"},"image":{"@id":"https:\/\/theuncommonshop.ch\/fr\/product\/weiss-schwarz-trial-deck%ef%bc%8bplus-kaguya-sama-love-is-war-en-2\/#primaryimage"},"thumbnailUrl":"https:\/\/theuncommonshop.ch\/wp-content\/uploads\/2025\/06\/2292385487.jpg","datePublished":"2025-06-03T00:05:55+00:00","dateModified":"2026-03-31T17:41:34+00:00","description":"Ach\u00e8te Weiss Schwarz - Trial Deck\uff0b(PLUS) - Kaguya-sama : Love Is War ? en ligne maintenant \u00e0 petit prix! Ton #1 shop pour cartes TCG & Pok\u00e9mon en Suisse \u2713 Livraison gratuite d\u00e8s CHF 29","breadcrumb":{"@id":"https:\/\/theuncommonshop.ch\/fr\/product\/weiss-schwarz-trial-deck%ef%bc%8bplus-kaguya-sama-love-is-war-en-2\/#breadcrumb"},"inLanguage":"fr-FR","potentialAction":[{"@type":"ReadAction","target":["https:\/\/theuncommonshop.ch\/fr\/product\/weiss-schwarz-trial-deck%ef%bc%8bplus-kaguya-sama-love-is-war-en-2\/"]}]},{"@type":"ImageObject","inLanguage":"fr-FR","@id":"https:\/\/theuncommonshop.ch\/fr\/product\/weiss-schwarz-trial-deck%ef%bc%8bplus-kaguya-sama-love-is-war-en-2\/#primaryimage","url":"https:\/\/theuncommonshop.ch\/wp-content\/uploads\/2025\/06\/2292385487.jpg","contentUrl":"https:\/\/theuncommonshop.ch\/wp-content\/uploads\/2025\/06\/2292385487.jpg","width":400,"height":652},{"@type":"BreadcrumbList","@id":"https:\/\/theuncommonshop.ch\/fr\/product\/weiss-schwarz-trial-deck%ef%bc%8bplus-kaguya-sama-love-is-war-en-2\/#breadcrumb","itemListElement":[{"@type":"ListItem","position":1,"name":"Accueil","item":"https:\/\/theuncommonshop.ch\/fr\/accueil\/"},{"@type":"ListItem","position":2,"name":"Boutique","item":"https:\/\/theuncommonshop.ch\/fr\/boutique\/"},{"@type":"ListItem","position":3,"name":"Weitere Sammelkarten","item":"https:\/\/theuncommonshop.ch\/produktkategorie\/weitere-sammelkarten\/"},{"@type":"ListItem","position":4,"name":"Weiss\/Schwarz","item":"https:\/\/theuncommonshop.ch\/produktkategorie\/weitere-sammelkarten\/weiss-schwarz\/"},{"@type":"ListItem","position":5,"name":"Decks","item":"https:\/\/theuncommonshop.ch\/produktkategorie\/weitere-sammelkarten\/weiss-schwarz\/weissschwarz-decks\/"},{"@type":"ListItem","position":6,"name":"Weiss Schwarz &#8211; Trial Deck\uff0b(PLUS) &#8211; Kaguya-sama : Love Is War ?"}]},{"@type":"WebSite","@id":"https:\/\/theuncommonshop.ch\/#website","url":"https:\/\/theuncommonshop.ch\/","name":"Largest trading card shop in Switzerland","description":"Magic, Pok\u00e9mon and Yu-gi-oh - The Uncommon Shop","potentialAction":[{"@type":"SearchAction","target":{"@type":"EntryPoint","urlTemplate":"https:\/\/theuncommonshop.ch\/?s={search_term_string}"},"query-input":{"@type":"PropertyValueSpecification","valueRequired":true,"valueName":"search_term_string"}}],"inLanguage":"fr-FR"}]},"product_price_amount":"19.95","product_price_currency":"CHF","og_availability":"out of stock","product_availability":"out of stock","product_retailer_item_id":"WS.I.E.LoveDe.EN","product_condition":"new"},"_links":{"self":[{"href":"https:\/\/theuncommonshop.ch\/fr\/wp-json\/wp\/v2\/product\/328600","targetHints":{"allow":["GET"]}}],"collection":[{"href":"https:\/\/theuncommonshop.ch\/fr\/wp-json\/wp\/v2\/product"}],"about":[{"href":"https:\/\/theuncommonshop.ch\/fr\/wp-json\/wp\/v2\/types\/product"}],"replies":[{"embeddable":true,"href":"https:\/\/theuncommonshop.ch\/fr\/wp-json\/wp\/v2\/comments?post=328600"}],"version-history":[{"count":3,"href":"https:\/\/theuncommonshop.ch\/fr\/wp-json\/wp\/v2\/product\/328600\/revisions"}],"predecessor-version":[{"id":365494,"href":"https:\/\/theuncommonshop.ch\/fr\/wp-json\/wp\/v2\/product\/328600\/revisions\/365494"}],"wp:featuredmedia":[{"embeddable":true,"href":"https:\/\/theuncommonshop.ch\/fr\/wp-json\/wp\/v2\/media\/55788"}],"wp:attachment":[{"href":"https:\/\/theuncommonshop.ch\/fr\/wp-json\/wp\/v2\/media?parent=328600"}],"wp:term":[{"taxonomy":"product_brand","embeddable":true,"href":"https:\/\/theuncommonshop.ch\/fr\/wp-json\/wp\/v2\/product_brand?post=328600"},{"taxonomy":"product_cat","embeddable":true,"href":"https:\/\/theuncommonshop.ch\/fr\/wp-json\/wp\/v2\/product_cat?post=328600"},{"taxonomy":"product_tag","embeddable":true,"href":"https:\/\/theuncommonshop.ch\/fr\/wp-json\/wp\/v2\/product_tag?post=328600"}],"curies":[{"name":"wp","href":"https:\/\/api.w.org\/{rel}","templated":true}]}}