{"id":328438,"date":"2025-06-03T10:03:10","date_gmt":"2025-06-03T10:03:10","guid":{"rendered":"http:\/\/theuncommonshop.ch\/produkt\/328438\/"},"modified":"2026-03-28T17:12:06","modified_gmt":"2026-03-28T16:12:06","slug":"magic-commander-legends-battle-for-baldurs-gate-clb-set-booster-pack-2","status":"publish","type":"product","link":"https:\/\/theuncommonshop.ch\/fr\/product\/magic-commander-legends-battle-for-baldurs-gate-clb-set-booster-pack-2\/","title":{"rendered":"Magic &#8211; Commander Legends : Battle for Baldur&#8217;s Gate (CLB) &#8211; Set Booster Pack"},"content":{"rendered":"<p><strong>Magic &#8211; Commander Legends : Battle for Baldur&#8217;s Gate (CLB) &#8211; Set Booster Pack<\/strong><\/p>\n<p>Commander Legends rencontre Dungeons &amp; Dragons dans ce coffret crossover passionnant ! Chaque booster de coffret Commander Legends : Bataille de Baldur&#8217;s Gate contient 15 cartes Magic, 1 carte artwork et 1 carte jeton, carte promotionnelle ou carte de &#8220;la liste&#8221; (une carte sp\u00e9ciale de l&#8217;histoire de Magic &#8211; pr\u00e9sente dans 25% des boosters). <\/p>\n<p>Chaque Booster de set contient une combinaison de 1 \u00e0 7 cartes de raret\u00e9 rare ou sup\u00e9rieure (2 : 41% ; 3 : 28% ; 4 : 8% ; 5 : 1% ; 6-7 : &lt; 1%), 3 \u00e0 10 cartes moins fr\u00e9quentes et 3 \u00e0 9 cartes fr\u00e9quentes. Comprend \u00e9galement 1 carte foil traditionnelle et 1 carte foil \u00e9pingl\u00e9e de raret\u00e9 al\u00e9atoire, 1 carte pays et 1 carte artwork. Planeswalker Foil fabuleusement rare sans bordure dans &lt; 1% des Boosters. Dans 20% des Boosters de set, un pays Foil traditionnel est inclus \u00e0 la place de la carte de pays. Dans 10 % des Boosters de set, une carte artwork signature avec impression Promo est incluse \u00e0 la place de la carte artwork. Dans 25% des Boosters de set, une carte liste est incluse.     <\/p>\n<ul>\n<li>1 Commander-Legends : La Bataille de Baldur&#8217;s Gate Set-Booster- 15 cartes Magic : The Gathering par Set-Booster &#8211; les meilleurs Boosters MTG si vous voulez ouvrir des paquets juste pour le plaisir.<\/li>\n<li>1 carte Etched Foil, 1 carte Foil traditionnelle et 1 carte Artwork dans chaque Booster- Un total de 1-7 cartes de raret\u00e9 rare ou sup\u00e9rieure dans chaque Booster de Set CLB<\/li>\n<li>Ouvrez des Boosters remplis de cartes \u00e9piques de Commander MTG issues de l&#8217;univers de Dungeons &amp; Dragons :.<\/li>\n<\/ul>\n","protected":false},"excerpt":{"rendered":"<p>Magic &#8211; Commander Legends : Battle for Baldur&#8217;s Gate (CLB) &#8211; Set Booster Pack Commander Legends rencontre Dungeons &amp; Dragons<\/p>\n","protected":false},"featured_media":74144,"comment_status":"open","ping_status":"closed","template":"","meta":{"_acf_changed":false},"product_brand":[5158,5070],"product_cat":[9985,10225,9967,9991],"product_tag":[],"class_list":{"0":"post-328438","1":"product","2":"type-product","3":"status-publish","4":"has-post-thumbnail","6":"product_brand-magic-the-gathering","7":"product_brand-wizards-of-the-coast","8":"product_cat-booster-packs-fr","9":"product_cat-legendes-de-commander-la-bataille-de-la-porte-de-baldur","10":"product_cat-magic-the-gathering-fr","11":"product_cat-produits-par-lots-mtg","13":"first","14":"outofstock","15":"taxable","16":"shipping-taxable","17":"purchasable","18":"product-type-variable"},"acf":[],"yoast_head":"<!-- This site is optimized with the Yoast SEO plugin v27.4 - https:\/\/yoast.com\/product\/yoast-seo-wordpress\/ -->\n<title>Ach\u00e8te Magic - Commander Legends : Battle for Baldur&#039;s Gate (CLB) - Set Booster Pack<\/title>\n<meta name=\"description\" content=\"Ach\u00e8te Magic - Commander Legends : Battle for Baldur&#039;s Gate (CLB) - Set Booster Pack en ligne maintenant \u00e0 petit prix! Ton #1 shop pour cartes TCG &amp; Pok\u00e9mon en Suisse \u2713 Livraison gratuite d\u00e8s CHF 29\" \/>\n<meta name=\"robots\" content=\"index, follow, max-snippet:-1, max-image-preview:large, max-video-preview:-1\" \/>\n<link rel=\"canonical\" href=\"https:\/\/theuncommonshop.ch\/fr\/product\/magic-commander-legends-battle-for-baldurs-gate-clb-set-booster-pack-2\/\" \/>\n<meta property=\"og:locale\" content=\"fr_FR\" \/>\n<meta property=\"og:type\" content=\"article\" \/>\n<meta property=\"og:title\" content=\"Ach\u00e8te Magic - Commander Legends : Battle for Baldur&#039;s Gate (CLB) - Set Booster Pack\" \/>\n<meta property=\"og:description\" content=\"Ach\u00e8te Magic - Commander Legends : Battle for Baldur&#039;s Gate (CLB) - Set Booster Pack en ligne maintenant \u00e0 petit prix! Ton #1 shop pour cartes TCG &amp; Pok\u00e9mon en Suisse \u2713 Livraison gratuite d\u00e8s CHF 29\" \/>\n<meta property=\"og:url\" content=\"https:\/\/theuncommonshop.ch\/fr\/product\/magic-commander-legends-battle-for-baldurs-gate-clb-set-booster-pack-2\/\" \/>\n<meta property=\"og:site_name\" content=\"Largest trading card shop in Switzerland\" \/>\n<meta property=\"article:modified_time\" content=\"2026-03-28T16:12:06+00:00\" \/>\n<meta property=\"og:image\" content=\"https:\/\/theuncommonshop.ch\/wp-content\/uploads\/2025\/06\/3029289125.jpg\" \/>\n\t<meta property=\"og:image:width\" content=\"900\" \/>\n\t<meta property=\"og:image:height\" content=\"1604\" \/>\n\t<meta property=\"og:image:type\" content=\"image\/jpeg\" \/>\n<meta name=\"twitter:card\" content=\"summary_large_image\" \/>\n<meta name=\"twitter:label1\" content=\"Disponibilit\u00e9\" \/>\n\t<meta name=\"twitter:data1\" content=\"Rupture de stock\" \/>\n<script type=\"application\/ld+json\" class=\"yoast-schema-graph\">{\"@context\":\"https:\\\/\\\/schema.org\",\"@graph\":[{\"@type\":\"WebPage\",\"@id\":\"https:\\\/\\\/theuncommonshop.ch\\\/fr\\\/product\\\/magic-commander-legends-battle-for-baldurs-gate-clb-set-booster-pack-2\\\/\",\"url\":\"https:\\\/\\\/theuncommonshop.ch\\\/fr\\\/product\\\/magic-commander-legends-battle-for-baldurs-gate-clb-set-booster-pack-2\\\/\",\"name\":\"Ach\u00e8te Magic - Commander Legends : Battle for Baldur's Gate (CLB) - Set Booster Pack\",\"isPartOf\":{\"@id\":\"https:\\\/\\\/theuncommonshop.ch\\\/#website\"},\"primaryImageOfPage\":{\"@id\":\"https:\\\/\\\/theuncommonshop.ch\\\/fr\\\/product\\\/magic-commander-legends-battle-for-baldurs-gate-clb-set-booster-pack-2\\\/#primaryimage\"},\"image\":{\"@id\":\"https:\\\/\\\/theuncommonshop.ch\\\/fr\\\/product\\\/magic-commander-legends-battle-for-baldurs-gate-clb-set-booster-pack-2\\\/#primaryimage\"},\"thumbnailUrl\":\"https:\\\/\\\/theuncommonshop.ch\\\/wp-content\\\/uploads\\\/2025\\\/06\\\/3029289125.jpg\",\"datePublished\":\"2025-06-03T10:03:10+00:00\",\"dateModified\":\"2026-03-28T16:12:06+00:00\",\"description\":\"Ach\u00e8te Magic - Commander Legends : Battle for Baldur's Gate (CLB) - Set Booster Pack en ligne maintenant \u00e0 petit prix! Ton #1 shop pour cartes TCG & Pok\u00e9mon en Suisse \u2713 Livraison gratuite d\u00e8s CHF 29\",\"breadcrumb\":{\"@id\":\"https:\\\/\\\/theuncommonshop.ch\\\/fr\\\/product\\\/magic-commander-legends-battle-for-baldurs-gate-clb-set-booster-pack-2\\\/#breadcrumb\"},\"inLanguage\":\"fr-FR\",\"potentialAction\":[{\"@type\":\"ReadAction\",\"target\":[\"https:\\\/\\\/theuncommonshop.ch\\\/fr\\\/product\\\/magic-commander-legends-battle-for-baldurs-gate-clb-set-booster-pack-2\\\/\"]}]},{\"@type\":\"ImageObject\",\"inLanguage\":\"fr-FR\",\"@id\":\"https:\\\/\\\/theuncommonshop.ch\\\/fr\\\/product\\\/magic-commander-legends-battle-for-baldurs-gate-clb-set-booster-pack-2\\\/#primaryimage\",\"url\":\"https:\\\/\\\/theuncommonshop.ch\\\/wp-content\\\/uploads\\\/2025\\\/06\\\/3029289125.jpg\",\"contentUrl\":\"https:\\\/\\\/theuncommonshop.ch\\\/wp-content\\\/uploads\\\/2025\\\/06\\\/3029289125.jpg\",\"width\":900,\"height\":1604},{\"@type\":\"BreadcrumbList\",\"@id\":\"https:\\\/\\\/theuncommonshop.ch\\\/fr\\\/product\\\/magic-commander-legends-battle-for-baldurs-gate-clb-set-booster-pack-2\\\/#breadcrumb\",\"itemListElement\":[{\"@type\":\"ListItem\",\"position\":1,\"name\":\"Accueil\",\"item\":\"https:\\\/\\\/theuncommonshop.ch\\\/fr\\\/accueil\\\/\"},{\"@type\":\"ListItem\",\"position\":2,\"name\":\"Boutique\",\"item\":\"https:\\\/\\\/theuncommonshop.ch\\\/fr\\\/boutique\\\/\"},{\"@type\":\"ListItem\",\"position\":3,\"name\":\"Magic the Gathering\",\"item\":\"https:\\\/\\\/theuncommonshop.ch\\\/fr\\\/categorie-produit\\\/magic-the-gathering-fr\\\/\"},{\"@type\":\"ListItem\",\"position\":4,\"name\":\"Produits par lots\",\"item\":\"https:\\\/\\\/theuncommonshop.ch\\\/fr\\\/categorie-produit\\\/magic-the-gathering-fr\\\/produits-par-lots-mtg\\\/\"},{\"@type\":\"ListItem\",\"position\":5,\"name\":\"L\u00e9gendes de Commander : la bataille de la Porte de Baldur\",\"item\":\"https:\\\/\\\/theuncommonshop.ch\\\/fr\\\/categorie-produit\\\/magic-the-gathering-fr\\\/produits-par-lots-mtg\\\/legendes-de-commander-la-bataille-de-la-porte-de-baldur\\\/\"},{\"@type\":\"ListItem\",\"position\":6,\"name\":\"Magic &#8211; Commander Legends : Battle for Baldur&#8217;s Gate (CLB) &#8211; Set Booster Pack\"}]},{\"@type\":\"WebSite\",\"@id\":\"https:\\\/\\\/theuncommonshop.ch\\\/#website\",\"url\":\"https:\\\/\\\/theuncommonshop.ch\\\/\",\"name\":\"Largest trading card shop in Switzerland\",\"description\":\"Magic, Pok\u00e9mon and Yu-gi-oh - The Uncommon Shop\",\"potentialAction\":[{\"@type\":\"SearchAction\",\"target\":{\"@type\":\"EntryPoint\",\"urlTemplate\":\"https:\\\/\\\/theuncommonshop.ch\\\/?s={search_term_string}\"},\"query-input\":{\"@type\":\"PropertyValueSpecification\",\"valueRequired\":true,\"valueName\":\"search_term_string\"}}],\"inLanguage\":\"fr-FR\"}]}<\/script>\n<meta property=\"og:availability\" content=\"out of stock\" \/>\n<meta property=\"product:availability\" content=\"out of stock\" \/>\n<meta property=\"product:condition\" content=\"new\" \/>\n<!-- \/ Yoast SEO plugin. -->","yoast_head_json":{"title":"Ach\u00e8te Magic - Commander Legends : Battle for Baldur's Gate (CLB) - Set Booster Pack","description":"Ach\u00e8te Magic - Commander Legends : Battle for Baldur's Gate (CLB) - Set Booster Pack en ligne maintenant \u00e0 petit prix! Ton #1 shop pour cartes TCG & Pok\u00e9mon en Suisse \u2713 Livraison gratuite d\u00e8s CHF 29","robots":{"index":"index","follow":"follow","max-snippet":"max-snippet:-1","max-image-preview":"max-image-preview:large","max-video-preview":"max-video-preview:-1"},"canonical":"https:\/\/theuncommonshop.ch\/fr\/product\/magic-commander-legends-battle-for-baldurs-gate-clb-set-booster-pack-2\/","og_locale":"fr_FR","og_type":"article","og_title":"Ach\u00e8te Magic - Commander Legends : Battle for Baldur's Gate (CLB) - Set Booster Pack","og_description":"Ach\u00e8te Magic - Commander Legends : Battle for Baldur's Gate (CLB) - Set Booster Pack en ligne maintenant \u00e0 petit prix! Ton #1 shop pour cartes TCG & Pok\u00e9mon en Suisse \u2713 Livraison gratuite d\u00e8s CHF 29","og_url":"https:\/\/theuncommonshop.ch\/fr\/product\/magic-commander-legends-battle-for-baldurs-gate-clb-set-booster-pack-2\/","og_site_name":"Largest trading card shop in Switzerland","article_modified_time":"2026-03-28T16:12:06+00:00","og_image":[{"width":900,"height":1604,"url":"https:\/\/theuncommonshop.ch\/wp-content\/uploads\/2025\/06\/3029289125.jpg","type":"image\/jpeg"}],"twitter_card":"summary_large_image","twitter_misc":{"Disponibilit\u00e9":"Rupture de stock"},"schema":{"@context":"https:\/\/schema.org","@graph":[{"@type":"WebPage","@id":"https:\/\/theuncommonshop.ch\/fr\/product\/magic-commander-legends-battle-for-baldurs-gate-clb-set-booster-pack-2\/","url":"https:\/\/theuncommonshop.ch\/fr\/product\/magic-commander-legends-battle-for-baldurs-gate-clb-set-booster-pack-2\/","name":"Ach\u00e8te Magic - Commander Legends : Battle for Baldur's Gate (CLB) - Set Booster Pack","isPartOf":{"@id":"https:\/\/theuncommonshop.ch\/#website"},"primaryImageOfPage":{"@id":"https:\/\/theuncommonshop.ch\/fr\/product\/magic-commander-legends-battle-for-baldurs-gate-clb-set-booster-pack-2\/#primaryimage"},"image":{"@id":"https:\/\/theuncommonshop.ch\/fr\/product\/magic-commander-legends-battle-for-baldurs-gate-clb-set-booster-pack-2\/#primaryimage"},"thumbnailUrl":"https:\/\/theuncommonshop.ch\/wp-content\/uploads\/2025\/06\/3029289125.jpg","datePublished":"2025-06-03T10:03:10+00:00","dateModified":"2026-03-28T16:12:06+00:00","description":"Ach\u00e8te Magic - Commander Legends : Battle for Baldur's Gate (CLB) - Set Booster Pack en ligne maintenant \u00e0 petit prix! Ton #1 shop pour cartes TCG & Pok\u00e9mon en Suisse \u2713 Livraison gratuite d\u00e8s CHF 29","breadcrumb":{"@id":"https:\/\/theuncommonshop.ch\/fr\/product\/magic-commander-legends-battle-for-baldurs-gate-clb-set-booster-pack-2\/#breadcrumb"},"inLanguage":"fr-FR","potentialAction":[{"@type":"ReadAction","target":["https:\/\/theuncommonshop.ch\/fr\/product\/magic-commander-legends-battle-for-baldurs-gate-clb-set-booster-pack-2\/"]}]},{"@type":"ImageObject","inLanguage":"fr-FR","@id":"https:\/\/theuncommonshop.ch\/fr\/product\/magic-commander-legends-battle-for-baldurs-gate-clb-set-booster-pack-2\/#primaryimage","url":"https:\/\/theuncommonshop.ch\/wp-content\/uploads\/2025\/06\/3029289125.jpg","contentUrl":"https:\/\/theuncommonshop.ch\/wp-content\/uploads\/2025\/06\/3029289125.jpg","width":900,"height":1604},{"@type":"BreadcrumbList","@id":"https:\/\/theuncommonshop.ch\/fr\/product\/magic-commander-legends-battle-for-baldurs-gate-clb-set-booster-pack-2\/#breadcrumb","itemListElement":[{"@type":"ListItem","position":1,"name":"Accueil","item":"https:\/\/theuncommonshop.ch\/fr\/accueil\/"},{"@type":"ListItem","position":2,"name":"Boutique","item":"https:\/\/theuncommonshop.ch\/fr\/boutique\/"},{"@type":"ListItem","position":3,"name":"Magic the Gathering","item":"https:\/\/theuncommonshop.ch\/fr\/categorie-produit\/magic-the-gathering-fr\/"},{"@type":"ListItem","position":4,"name":"Produits par lots","item":"https:\/\/theuncommonshop.ch\/fr\/categorie-produit\/magic-the-gathering-fr\/produits-par-lots-mtg\/"},{"@type":"ListItem","position":5,"name":"L\u00e9gendes de Commander : la bataille de la Porte de Baldur","item":"https:\/\/theuncommonshop.ch\/fr\/categorie-produit\/magic-the-gathering-fr\/produits-par-lots-mtg\/legendes-de-commander-la-bataille-de-la-porte-de-baldur\/"},{"@type":"ListItem","position":6,"name":"Magic &#8211; Commander Legends : Battle for Baldur&#8217;s Gate (CLB) &#8211; Set Booster Pack"}]},{"@type":"WebSite","@id":"https:\/\/theuncommonshop.ch\/#website","url":"https:\/\/theuncommonshop.ch\/","name":"Largest trading card shop in Switzerland","description":"Magic, Pok\u00e9mon and Yu-gi-oh - The Uncommon Shop","potentialAction":[{"@type":"SearchAction","target":{"@type":"EntryPoint","urlTemplate":"https:\/\/theuncommonshop.ch\/?s={search_term_string}"},"query-input":{"@type":"PropertyValueSpecification","valueRequired":true,"valueName":"search_term_string"}}],"inLanguage":"fr-FR"}]},"og_availability":"out of stock","product_availability":"out of stock","product_condition":"new"},"_links":{"self":[{"href":"https:\/\/theuncommonshop.ch\/fr\/wp-json\/wp\/v2\/product\/328438","targetHints":{"allow":["GET"]}}],"collection":[{"href":"https:\/\/theuncommonshop.ch\/fr\/wp-json\/wp\/v2\/product"}],"about":[{"href":"https:\/\/theuncommonshop.ch\/fr\/wp-json\/wp\/v2\/types\/product"}],"replies":[{"embeddable":true,"href":"https:\/\/theuncommonshop.ch\/fr\/wp-json\/wp\/v2\/comments?post=328438"}],"version-history":[{"count":2,"href":"https:\/\/theuncommonshop.ch\/fr\/wp-json\/wp\/v2\/product\/328438\/revisions"}],"predecessor-version":[{"id":355549,"href":"https:\/\/theuncommonshop.ch\/fr\/wp-json\/wp\/v2\/product\/328438\/revisions\/355549"}],"wp:featuredmedia":[{"embeddable":true,"href":"https:\/\/theuncommonshop.ch\/fr\/wp-json\/wp\/v2\/media\/74144"}],"wp:attachment":[{"href":"https:\/\/theuncommonshop.ch\/fr\/wp-json\/wp\/v2\/media?parent=328438"}],"wp:term":[{"taxonomy":"product_brand","embeddable":true,"href":"https:\/\/theuncommonshop.ch\/fr\/wp-json\/wp\/v2\/product_brand?post=328438"},{"taxonomy":"product_cat","embeddable":true,"href":"https:\/\/theuncommonshop.ch\/fr\/wp-json\/wp\/v2\/product_cat?post=328438"},{"taxonomy":"product_tag","embeddable":true,"href":"https:\/\/theuncommonshop.ch\/fr\/wp-json\/wp\/v2\/product_tag?post=328438"}],"curies":[{"name":"wp","href":"https:\/\/api.w.org\/{rel}","templated":true}]}}