{"id":328148,"date":"2025-06-03T08:09:37","date_gmt":"2025-06-03T08:09:37","guid":{"rendered":"http:\/\/theuncommonshop.ch\/produkt\/328148\/"},"modified":"2026-03-31T19:34:36","modified_gmt":"2026-03-31T17:34:36","slug":"weiss-schwarz-premium-booster-display-bang-dream-girls-band-party-7-packs-en-2","status":"publish","type":"product","link":"https:\/\/theuncommonshop.ch\/fr\/product\/weiss-schwarz-premium-booster-display-bang-dream-girls-band-party-7-packs-en-2\/","title":{"rendered":"Blanc Noir &#8211; Booster Display Premium : BanG Dream ! Girls Band Party ! (7 Packs)"},"content":{"rendered":"<p>De &#8220;BanG Dream ! Girls Band Party !&#8221; qui est populaire m\u00eame en Weiss Schwarz, un nouveau produit plein de cartes brillantes est sur le point d&#8217;arriver ! <\/p>\n<p>Cartes incluses :<br \/>35 types de cartes holographiques + 35 types de cartes estampill\u00e9es \u00e0 chaud<\/p>\n<p>Bandes incluses :<br \/>&#8211; Poppin&#8217;Party<br \/>&#8211; Afterglow<br \/>&#8211; Pastel\uff0aPalettes<br \/>&#8211; Roselia<br \/>&#8211; Hello, Happy World !<br \/>&#8211; Morfonica<br \/>&#8211; RAISE A SUILEN<\/p>\n<p>Comme chaque Pack contient les 5 membres du m\u00eame groupe, ce produit est fortement recommand\u00e9 aux fans qui souhaitent collectionner les cartes de leur groupe favori !<\/p>\n<p>4th Anniversary Comm\u00e9moration !<br \/>LIMITED SINGLE PRINT RUN !<br \/>Ce produit \u00e9tant fabriqu\u00e9 en quantit\u00e9 limit\u00e9e, il peut arriver que nous ne soyons pas en mesure de satisfaire la quantit\u00e9 exacte command\u00e9e.<\/p>\n<p>NEO-STANDARD DECK CONSTRUCTION<br \/>Les cartes de ce Booster Premium peuvent \u00eatre utilis\u00e9es avec des cartes dont le num\u00e9ro commence par\u300cBD\/\u300d !<\/p>\n<p>Compatible avec les produits neo-standard suivants<br \/>&#8211; Trial Deck+ BanG Dream ! Girls Band Party ! [Morfonica]<br \/>&#8211; Extra Booster Morfonica \u00d7 RAISE A SUILEN<br \/>&#8211; Extra Booster Poppin&#8217;Party \u00d7 Roselia<br \/>&#8211; Trial Deck+ BanG Dream ! Girls Band Party ! [Roselia]<br \/>&#8211; Trial Deck+ BanG Dream ! [RAISE A SUILEN]<br \/>&#8211; Booster Pack BanG Dream ! Vol.2<br \/>&#8211; Booster Pack BanG Dream !   Girls Band Party ! Vol.2<br \/>&#8211; Booster Packs BanG Dream ! Girls Band Party ! MULTI LIVE<br \/>&#8211; Booster Packs BanG Dream ! Girls Band Party !<br \/>&#8211; BanG Dream ! Girls Band Party ! Sparkling\u2605Collection<br \/>&#8211; Trial Deck+ BanG Dream !<br \/>&#8211; Booster Pack BanG Dream !<\/p>\n<p>Products Specifications<br \/>Total 70 types : 35 types (Holo) + 35 types (Hot stamped)<br \/>5 cartes par pack, 7 packs par pr\u00e9sentoir<br \/>10 pr\u00e9sentoirs par carton<br \/>\u203bBlanc Noir (English Edition) does not include gold\/silver campaign coupon.<\/p>\n","protected":false},"excerpt":{"rendered":"<p>De &#8220;BanG Dream ! Girls Band Party !&#8221; qui est populaire m\u00eame en Weiss Schwarz, un nouveau produit plein de<\/p>\n","protected":false},"featured_media":70772,"comment_status":"open","ping_status":"closed","template":"","meta":{"_acf_changed":false},"product_brand":[5102],"product_cat":[10021,9793],"product_tag":[],"class_list":{"0":"post-328148","1":"product","2":"type-product","3":"status-publish","4":"has-post-thumbnail","6":"product_brand-bushiroad","7":"product_cat-booster-displays-weiss-schwarz","8":"product_cat-weissschwarz","10":"first","11":"outofstock","12":"taxable","13":"shipping-taxable","14":"purchasable","15":"product-type-simple"},"acf":[],"yoast_head":"<!-- This site is optimized with the Yoast SEO plugin v27.4 - https:\/\/yoast.com\/product\/yoast-seo-wordpress\/ -->\n<title>Ach\u00e8te Blanc Noir - Booster Display Premium : BanG Dream ! Girls Band Party ! (7 Packs)<\/title>\n<meta name=\"description\" content=\"Ach\u00e8te Blanc Noir - Booster Display Premium : BanG Dream ! Girls Band Party ! (7 Packs) en ligne maintenant \u00e0 petit prix! Ton #1 shop pour cartes TCG &amp; Pok\u00e9mon en Suisse \u2713 Livraison gratuite d\u00e8s CHF 29\" \/>\n<meta name=\"robots\" content=\"index, follow, max-snippet:-1, max-image-preview:large, max-video-preview:-1\" \/>\n<link rel=\"canonical\" href=\"https:\/\/theuncommonshop.ch\/fr\/product\/weiss-schwarz-premium-booster-display-bang-dream-girls-band-party-7-packs-en-2\/\" \/>\n<meta property=\"og:locale\" content=\"fr_FR\" \/>\n<meta property=\"og:type\" content=\"article\" \/>\n<meta property=\"og:title\" content=\"Ach\u00e8te Blanc Noir - Booster Display Premium : BanG Dream ! Girls Band Party ! (7 Packs)\" \/>\n<meta property=\"og:description\" content=\"Ach\u00e8te Blanc Noir - Booster Display Premium : BanG Dream ! Girls Band Party ! (7 Packs) en ligne maintenant \u00e0 petit prix! Ton #1 shop pour cartes TCG &amp; Pok\u00e9mon en Suisse \u2713 Livraison gratuite d\u00e8s CHF 29\" \/>\n<meta property=\"og:url\" content=\"https:\/\/theuncommonshop.ch\/fr\/product\/weiss-schwarz-premium-booster-display-bang-dream-girls-band-party-7-packs-en-2\/\" \/>\n<meta property=\"og:site_name\" content=\"Largest trading card shop in Switzerland\" \/>\n<meta property=\"article:modified_time\" content=\"2026-03-31T17:34:36+00:00\" \/>\n<meta property=\"og:image\" content=\"https:\/\/theuncommonshop.ch\/wp-content\/uploads\/2025\/06\/4184179594.png\" \/>\n\t<meta property=\"og:image:width\" content=\"927\" \/>\n\t<meta property=\"og:image:height\" content=\"758\" \/>\n\t<meta property=\"og:image:type\" content=\"image\/png\" \/>\n<meta name=\"twitter:card\" content=\"summary_large_image\" \/>\n<meta name=\"twitter:label1\" content=\"Prix\" \/>\n\t<meta name=\"twitter:data1\" content=\"&#067;&#072;&#070;&nbsp;79.95\" \/>\n\t<meta name=\"twitter:label2\" content=\"Disponibilit\u00e9\" \/>\n\t<meta name=\"twitter:data2\" content=\"Rupture de stock\" \/>\n<script type=\"application\/ld+json\" class=\"yoast-schema-graph\">{\"@context\":\"https:\\\/\\\/schema.org\",\"@graph\":[{\"@type\":\"WebPage\",\"@id\":\"https:\\\/\\\/theuncommonshop.ch\\\/fr\\\/product\\\/weiss-schwarz-premium-booster-display-bang-dream-girls-band-party-7-packs-en-2\\\/\",\"url\":\"https:\\\/\\\/theuncommonshop.ch\\\/fr\\\/product\\\/weiss-schwarz-premium-booster-display-bang-dream-girls-band-party-7-packs-en-2\\\/\",\"name\":\"Ach\u00e8te Blanc Noir - Booster Display Premium : BanG Dream ! Girls Band Party ! (7 Packs)\",\"isPartOf\":{\"@id\":\"https:\\\/\\\/theuncommonshop.ch\\\/#website\"},\"primaryImageOfPage\":{\"@id\":\"https:\\\/\\\/theuncommonshop.ch\\\/fr\\\/product\\\/weiss-schwarz-premium-booster-display-bang-dream-girls-band-party-7-packs-en-2\\\/#primaryimage\"},\"image\":{\"@id\":\"https:\\\/\\\/theuncommonshop.ch\\\/fr\\\/product\\\/weiss-schwarz-premium-booster-display-bang-dream-girls-band-party-7-packs-en-2\\\/#primaryimage\"},\"thumbnailUrl\":\"https:\\\/\\\/theuncommonshop.ch\\\/wp-content\\\/uploads\\\/2025\\\/06\\\/4184179594.png\",\"datePublished\":\"2025-06-03T08:09:37+00:00\",\"dateModified\":\"2026-03-31T17:34:36+00:00\",\"description\":\"Ach\u00e8te Blanc Noir - Booster Display Premium : BanG Dream ! Girls Band Party ! (7 Packs) en ligne maintenant \u00e0 petit prix! Ton #1 shop pour cartes TCG & Pok\u00e9mon en Suisse \u2713 Livraison gratuite d\u00e8s CHF 29\",\"breadcrumb\":{\"@id\":\"https:\\\/\\\/theuncommonshop.ch\\\/fr\\\/product\\\/weiss-schwarz-premium-booster-display-bang-dream-girls-band-party-7-packs-en-2\\\/#breadcrumb\"},\"inLanguage\":\"fr-FR\",\"potentialAction\":[{\"@type\":\"ReadAction\",\"target\":[\"https:\\\/\\\/theuncommonshop.ch\\\/fr\\\/product\\\/weiss-schwarz-premium-booster-display-bang-dream-girls-band-party-7-packs-en-2\\\/\"]}]},{\"@type\":\"ImageObject\",\"inLanguage\":\"fr-FR\",\"@id\":\"https:\\\/\\\/theuncommonshop.ch\\\/fr\\\/product\\\/weiss-schwarz-premium-booster-display-bang-dream-girls-band-party-7-packs-en-2\\\/#primaryimage\",\"url\":\"https:\\\/\\\/theuncommonshop.ch\\\/wp-content\\\/uploads\\\/2025\\\/06\\\/4184179594.png\",\"contentUrl\":\"https:\\\/\\\/theuncommonshop.ch\\\/wp-content\\\/uploads\\\/2025\\\/06\\\/4184179594.png\",\"width\":927,\"height\":758},{\"@type\":\"BreadcrumbList\",\"@id\":\"https:\\\/\\\/theuncommonshop.ch\\\/fr\\\/product\\\/weiss-schwarz-premium-booster-display-bang-dream-girls-band-party-7-packs-en-2\\\/#breadcrumb\",\"itemListElement\":[{\"@type\":\"ListItem\",\"position\":1,\"name\":\"Accueil\",\"item\":\"https:\\\/\\\/theuncommonshop.ch\\\/fr\\\/accueil\\\/\"},{\"@type\":\"ListItem\",\"position\":2,\"name\":\"Boutique\",\"item\":\"https:\\\/\\\/theuncommonshop.ch\\\/fr\\\/boutique\\\/\"},{\"@type\":\"ListItem\",\"position\":3,\"name\":\"Weitere Sammelkarten\",\"item\":\"https:\\\/\\\/theuncommonshop.ch\\\/produktkategorie\\\/weitere-sammelkarten\\\/\"},{\"@type\":\"ListItem\",\"position\":4,\"name\":\"Weiss\\\/Schwarz\",\"item\":\"https:\\\/\\\/theuncommonshop.ch\\\/produktkategorie\\\/weitere-sammelkarten\\\/weiss-schwarz\\\/\"},{\"@type\":\"ListItem\",\"position\":5,\"name\":\"Booster Displays\",\"item\":\"https:\\\/\\\/theuncommonshop.ch\\\/produktkategorie\\\/weitere-sammelkarten\\\/weiss-schwarz\\\/weissschwarz-booster-displays\\\/\"},{\"@type\":\"ListItem\",\"position\":6,\"name\":\"Blanc Noir &#8211; Booster Display Premium : BanG Dream ! Girls Band Party ! (7 Packs)\"}]},{\"@type\":\"WebSite\",\"@id\":\"https:\\\/\\\/theuncommonshop.ch\\\/#website\",\"url\":\"https:\\\/\\\/theuncommonshop.ch\\\/\",\"name\":\"Largest trading card shop in Switzerland\",\"description\":\"Magic, Pok\u00e9mon and Yu-gi-oh - The Uncommon Shop\",\"potentialAction\":[{\"@type\":\"SearchAction\",\"target\":{\"@type\":\"EntryPoint\",\"urlTemplate\":\"https:\\\/\\\/theuncommonshop.ch\\\/?s={search_term_string}\"},\"query-input\":{\"@type\":\"PropertyValueSpecification\",\"valueRequired\":true,\"valueName\":\"search_term_string\"}}],\"inLanguage\":\"fr-FR\"}]}<\/script>\n<meta property=\"product:price:amount\" content=\"79.95\" \/>\n<meta property=\"product:price:currency\" content=\"CHF\" \/>\n<meta property=\"og:availability\" content=\"out of stock\" \/>\n<meta property=\"product:availability\" content=\"out of stock\" \/>\n<meta property=\"product:retailer_item_id\" content=\"WS.I.D.GBP.EN\" \/>\n<meta property=\"product:condition\" content=\"new\" \/>\n<!-- \/ Yoast SEO plugin. -->","yoast_head_json":{"title":"Ach\u00e8te Blanc Noir - Booster Display Premium : BanG Dream ! Girls Band Party ! (7 Packs)","description":"Ach\u00e8te Blanc Noir - Booster Display Premium : BanG Dream ! Girls Band Party ! (7 Packs) en ligne maintenant \u00e0 petit prix! Ton #1 shop pour cartes TCG & Pok\u00e9mon en Suisse \u2713 Livraison gratuite d\u00e8s CHF 29","robots":{"index":"index","follow":"follow","max-snippet":"max-snippet:-1","max-image-preview":"max-image-preview:large","max-video-preview":"max-video-preview:-1"},"canonical":"https:\/\/theuncommonshop.ch\/fr\/product\/weiss-schwarz-premium-booster-display-bang-dream-girls-band-party-7-packs-en-2\/","og_locale":"fr_FR","og_type":"article","og_title":"Ach\u00e8te Blanc Noir - Booster Display Premium : BanG Dream ! Girls Band Party ! (7 Packs)","og_description":"Ach\u00e8te Blanc Noir - Booster Display Premium : BanG Dream ! Girls Band Party ! (7 Packs) en ligne maintenant \u00e0 petit prix! Ton #1 shop pour cartes TCG & Pok\u00e9mon en Suisse \u2713 Livraison gratuite d\u00e8s CHF 29","og_url":"https:\/\/theuncommonshop.ch\/fr\/product\/weiss-schwarz-premium-booster-display-bang-dream-girls-band-party-7-packs-en-2\/","og_site_name":"Largest trading card shop in Switzerland","article_modified_time":"2026-03-31T17:34:36+00:00","og_image":[{"width":927,"height":758,"url":"https:\/\/theuncommonshop.ch\/wp-content\/uploads\/2025\/06\/4184179594.png","type":"image\/png"}],"twitter_card":"summary_large_image","twitter_misc":{"Prix":"&#67;&#72;&#70;&nbsp;79.95","Disponibilit\u00e9":"Rupture de stock"},"schema":{"@context":"https:\/\/schema.org","@graph":[{"@type":"WebPage","@id":"https:\/\/theuncommonshop.ch\/fr\/product\/weiss-schwarz-premium-booster-display-bang-dream-girls-band-party-7-packs-en-2\/","url":"https:\/\/theuncommonshop.ch\/fr\/product\/weiss-schwarz-premium-booster-display-bang-dream-girls-band-party-7-packs-en-2\/","name":"Ach\u00e8te Blanc Noir - Booster Display Premium : BanG Dream ! Girls Band Party ! (7 Packs)","isPartOf":{"@id":"https:\/\/theuncommonshop.ch\/#website"},"primaryImageOfPage":{"@id":"https:\/\/theuncommonshop.ch\/fr\/product\/weiss-schwarz-premium-booster-display-bang-dream-girls-band-party-7-packs-en-2\/#primaryimage"},"image":{"@id":"https:\/\/theuncommonshop.ch\/fr\/product\/weiss-schwarz-premium-booster-display-bang-dream-girls-band-party-7-packs-en-2\/#primaryimage"},"thumbnailUrl":"https:\/\/theuncommonshop.ch\/wp-content\/uploads\/2025\/06\/4184179594.png","datePublished":"2025-06-03T08:09:37+00:00","dateModified":"2026-03-31T17:34:36+00:00","description":"Ach\u00e8te Blanc Noir - Booster Display Premium : BanG Dream ! Girls Band Party ! (7 Packs) en ligne maintenant \u00e0 petit prix! Ton #1 shop pour cartes TCG & Pok\u00e9mon en Suisse \u2713 Livraison gratuite d\u00e8s CHF 29","breadcrumb":{"@id":"https:\/\/theuncommonshop.ch\/fr\/product\/weiss-schwarz-premium-booster-display-bang-dream-girls-band-party-7-packs-en-2\/#breadcrumb"},"inLanguage":"fr-FR","potentialAction":[{"@type":"ReadAction","target":["https:\/\/theuncommonshop.ch\/fr\/product\/weiss-schwarz-premium-booster-display-bang-dream-girls-band-party-7-packs-en-2\/"]}]},{"@type":"ImageObject","inLanguage":"fr-FR","@id":"https:\/\/theuncommonshop.ch\/fr\/product\/weiss-schwarz-premium-booster-display-bang-dream-girls-band-party-7-packs-en-2\/#primaryimage","url":"https:\/\/theuncommonshop.ch\/wp-content\/uploads\/2025\/06\/4184179594.png","contentUrl":"https:\/\/theuncommonshop.ch\/wp-content\/uploads\/2025\/06\/4184179594.png","width":927,"height":758},{"@type":"BreadcrumbList","@id":"https:\/\/theuncommonshop.ch\/fr\/product\/weiss-schwarz-premium-booster-display-bang-dream-girls-band-party-7-packs-en-2\/#breadcrumb","itemListElement":[{"@type":"ListItem","position":1,"name":"Accueil","item":"https:\/\/theuncommonshop.ch\/fr\/accueil\/"},{"@type":"ListItem","position":2,"name":"Boutique","item":"https:\/\/theuncommonshop.ch\/fr\/boutique\/"},{"@type":"ListItem","position":3,"name":"Weitere Sammelkarten","item":"https:\/\/theuncommonshop.ch\/produktkategorie\/weitere-sammelkarten\/"},{"@type":"ListItem","position":4,"name":"Weiss\/Schwarz","item":"https:\/\/theuncommonshop.ch\/produktkategorie\/weitere-sammelkarten\/weiss-schwarz\/"},{"@type":"ListItem","position":5,"name":"Booster Displays","item":"https:\/\/theuncommonshop.ch\/produktkategorie\/weitere-sammelkarten\/weiss-schwarz\/weissschwarz-booster-displays\/"},{"@type":"ListItem","position":6,"name":"Blanc Noir &#8211; Booster Display Premium : BanG Dream ! Girls Band Party ! (7 Packs)"}]},{"@type":"WebSite","@id":"https:\/\/theuncommonshop.ch\/#website","url":"https:\/\/theuncommonshop.ch\/","name":"Largest trading card shop in Switzerland","description":"Magic, Pok\u00e9mon and Yu-gi-oh - The Uncommon Shop","potentialAction":[{"@type":"SearchAction","target":{"@type":"EntryPoint","urlTemplate":"https:\/\/theuncommonshop.ch\/?s={search_term_string}"},"query-input":{"@type":"PropertyValueSpecification","valueRequired":true,"valueName":"search_term_string"}}],"inLanguage":"fr-FR"}]},"product_price_amount":"79.95","product_price_currency":"CHF","og_availability":"out of stock","product_availability":"out of stock","product_retailer_item_id":"WS.I.D.GBP.EN","product_condition":"new"},"_links":{"self":[{"href":"https:\/\/theuncommonshop.ch\/fr\/wp-json\/wp\/v2\/product\/328148","targetHints":{"allow":["GET"]}}],"collection":[{"href":"https:\/\/theuncommonshop.ch\/fr\/wp-json\/wp\/v2\/product"}],"about":[{"href":"https:\/\/theuncommonshop.ch\/fr\/wp-json\/wp\/v2\/types\/product"}],"replies":[{"embeddable":true,"href":"https:\/\/theuncommonshop.ch\/fr\/wp-json\/wp\/v2\/comments?post=328148"}],"version-history":[{"count":3,"href":"https:\/\/theuncommonshop.ch\/fr\/wp-json\/wp\/v2\/product\/328148\/revisions"}],"predecessor-version":[{"id":365431,"href":"https:\/\/theuncommonshop.ch\/fr\/wp-json\/wp\/v2\/product\/328148\/revisions\/365431"}],"wp:featuredmedia":[{"embeddable":true,"href":"https:\/\/theuncommonshop.ch\/fr\/wp-json\/wp\/v2\/media\/70772"}],"wp:attachment":[{"href":"https:\/\/theuncommonshop.ch\/fr\/wp-json\/wp\/v2\/media?parent=328148"}],"wp:term":[{"taxonomy":"product_brand","embeddable":true,"href":"https:\/\/theuncommonshop.ch\/fr\/wp-json\/wp\/v2\/product_brand?post=328148"},{"taxonomy":"product_cat","embeddable":true,"href":"https:\/\/theuncommonshop.ch\/fr\/wp-json\/wp\/v2\/product_cat?post=328148"},{"taxonomy":"product_tag","embeddable":true,"href":"https:\/\/theuncommonshop.ch\/fr\/wp-json\/wp\/v2\/product_tag?post=328148"}],"curies":[{"name":"wp","href":"https:\/\/api.w.org\/{rel}","templated":true}]}}