{"id":328130,"date":"2025-06-03T07:48:13","date_gmt":"2025-06-03T05:48:13","guid":{"rendered":"http:\/\/theuncommonshop.ch\/produkt\/328130\/"},"modified":"2026-03-28T16:47:26","modified_gmt":"2026-03-28T15:47:26","slug":"magic-innistrad-double-feature-dbl-booster-display-3","status":"publish","type":"product","link":"https:\/\/theuncommonshop.ch\/fr\/product\/magic-innistrad-double-feature-dbl-booster-display-3\/","title":{"rendered":"Magic &#8211; Innistrad Double Feature (DBL) &#8211; Booster Display"},"content":{"rendered":"<p data-start=\"157\" data-end=\"373\">D\u00e9couvrez le monde sombre de <strong data-start=\"185\" data-end=\"226\"><span class=\"hover:entity-accent entity-underline inline cursor-pointer align-baseline\"><span class=\"whitespace-normal\">Innistrad Double Feature, le jeu de cartes le plus complet au monde.<\/span><\/span><\/strong>Un set sp\u00e9cial unique de <strong data-start=\"264\" data-end=\"288\">Magic : The Gathering<\/strong> qui combine deux sets populaires d&#8217;Innistrad : <strong data-start=\"335\" data-end=\"352\">Midnight Hunt<\/strong> et <strong data-start=\"357\" data-end=\"372\">Crimson Vow<\/strong>.<\/p>\n<p data-start=\"375\" data-end=\"699\">Ce set sp\u00e9cial r\u00e9unit les histoires de loups-garous, vampires, fant\u00f4mes et autres cr\u00e9atures de la nuit dans un produit unique. Le point fort d&#8217;<strong data-start=\"536\" data-end=\"564\">Innistrad Double Feature<\/strong> est son <strong data-start=\"583\" data-end=\"627\">look<\/strong> sp\u00e9cial <strong data-start=\"583\" data-end=\"627\">de film d&#8217;horreur classique en noir et blanc<\/strong>, qui donne \u00e0 toutes les cartes un aspect atmosph\u00e9rique et digne d&#8217;\u00eatre collectionn\u00e9. <\/p>\n<p data-start=\"701\" data-end=\"863\">Ce pr\u00e9sentoir est parfait pour les <strong data-start=\"737\" data-end=\"753\">\u00e9v\u00e9nements de draft<\/strong>, les collectionneurs et les fans de Magic qui souhaitent d\u00e9couvrir l&#8217;univers d&#8217;horreur embl\u00e9matique d&#8217;Innistrad sous une forme in\u00e9dite.<\/p>\n<h3 data-start=\"865\" data-end=\"883\">D\u00e9tails du produit<\/h3>\n<p data-start=\"885\" data-end=\"1217\">&#8211; <strong data-start=\"887\" data-end=\"925\">1 pr\u00e9sentoir contient 24 Draft Booster<\/strong><br data-start=\"925\" data-end=\"928\">&#8211; <strong data-start=\"930\" data-end=\"976\">15 cartes Magic : The Gathering par Booster<\/strong><br data-start=\"976\" data-end=\"979\">&#8211; Cartes de <strong data-start=\"992\" data-end=\"1020\">Innistrad : Midnight Hunt<\/strong> et <strong data-start=\"1025\" data-end=\"1051\">Innistrad : Crimson Vow<\/strong><br data-start=\"1051\" data-end=\"1054\">&#8211; <strong data-start=\"1056\" data-end=\"1120\">Toutes les cartes ont un design unique de film d&#8217;horreur en noir et blanc<\/strong><br data-start=\"1120\" data-end=\"1123\">&#8211; Chance d&#8217;avoir des <strong data-start=\"1136\" data-end=\"1173\">cartes Rare, Mythic Rare et Foil<\/strong><br data-start=\"1173\" data-end=\"1176\">&#8211; Id\u00e9al pour les <strong data-start=\"1188\" data-end=\"1217\">Draft, Sealed et les collectionneurs<\/strong>.<\/p>\n<p data-start=\"1219\" data-end=\"1407\">Avec <strong data-start=\"1223\" data-end=\"1251\">Innistrad Double Feature<\/strong>, vous obtenez un produit Magic sp\u00e9cial qui combine deux des sets Innistrad les plus populaires et les pr\u00e9sente dans un look r\u00e9tro-horror unique.<\/p>\n","protected":false},"excerpt":{"rendered":"<p>D\u00e9couvrez le monde sombre de Innistrad Double Feature, le jeu de cartes le plus complet au monde.Un set sp\u00e9cial unique<\/p>\n","protected":false},"featured_media":70149,"comment_status":"open","ping_status":"closed","template":"","meta":{"_acf_changed":false},"product_brand":[5158,5070],"product_cat":[9969,10231,9967,9991],"product_tag":[],"class_list":{"0":"post-328130","1":"product","2":"type-product","3":"status-publish","4":"has-post-thumbnail","6":"product_brand-magic-the-gathering","7":"product_brand-wizards-of-the-coast","8":"product_cat-booster-displays-fr","9":"product_cat-innistrad-double-feature","10":"product_cat-magic-the-gathering-fr","11":"product_cat-produits-par-lots-mtg","13":"first","14":"instock","15":"taxable","16":"shipping-taxable","17":"purchasable","18":"product-type-variable"},"acf":[],"yoast_head":"<!-- This site is optimized with the Yoast SEO plugin v27.4 - https:\/\/yoast.com\/product\/yoast-seo-wordpress\/ -->\n<title>Ach\u00e8te Magic - Innistrad Double Feature (DBL) - Booster Display<\/title>\n<meta name=\"description\" content=\"Ach\u00e8te Magic - Innistrad Double Feature (DBL) - Booster Display en ligne maintenant \u00e0 petit prix! Ton #1 shop pour cartes TCG &amp; Pok\u00e9mon en Suisse \u2713 Livraison gratuite d\u00e8s CHF 29\" \/>\n<meta name=\"robots\" content=\"index, follow, max-snippet:-1, max-image-preview:large, max-video-preview:-1\" \/>\n<link rel=\"canonical\" href=\"https:\/\/theuncommonshop.ch\/fr\/product\/magic-innistrad-double-feature-dbl-booster-display-3\/\" \/>\n<meta property=\"og:locale\" content=\"fr_FR\" \/>\n<meta property=\"og:type\" content=\"article\" \/>\n<meta property=\"og:title\" content=\"Ach\u00e8te Magic - Innistrad Double Feature (DBL) - Booster Display\" \/>\n<meta property=\"og:description\" content=\"Ach\u00e8te Magic - Innistrad Double Feature (DBL) - Booster Display en ligne maintenant \u00e0 petit prix! Ton #1 shop pour cartes TCG &amp; Pok\u00e9mon en Suisse \u2713 Livraison gratuite d\u00e8s CHF 29\" \/>\n<meta property=\"og:url\" content=\"https:\/\/theuncommonshop.ch\/fr\/product\/magic-innistrad-double-feature-dbl-booster-display-3\/\" \/>\n<meta property=\"og:site_name\" content=\"Largest trading card shop in Switzerland\" \/>\n<meta property=\"article:modified_time\" content=\"2026-03-28T15:47:26+00:00\" \/>\n<meta property=\"og:image\" content=\"https:\/\/theuncommonshop.ch\/wp-content\/uploads\/2025\/06\/2930268897.jpg\" \/>\n\t<meta property=\"og:image:width\" content=\"900\" \/>\n\t<meta property=\"og:image:height\" content=\"683\" \/>\n\t<meta property=\"og:image:type\" content=\"image\/jpeg\" \/>\n<meta name=\"twitter:card\" content=\"summary_large_image\" \/>\n<meta name=\"twitter:label1\" content=\"Disponibilit\u00e9\" \/>\n\t<meta name=\"twitter:data1\" content=\"En stock\" \/>\n<script type=\"application\/ld+json\" class=\"yoast-schema-graph\">{\"@context\":\"https:\\\/\\\/schema.org\",\"@graph\":[{\"@type\":\"WebPage\",\"@id\":\"https:\\\/\\\/theuncommonshop.ch\\\/fr\\\/product\\\/magic-innistrad-double-feature-dbl-booster-display-3\\\/\",\"url\":\"https:\\\/\\\/theuncommonshop.ch\\\/fr\\\/product\\\/magic-innistrad-double-feature-dbl-booster-display-3\\\/\",\"name\":\"Ach\u00e8te Magic - Innistrad Double Feature (DBL) - Booster Display\",\"isPartOf\":{\"@id\":\"https:\\\/\\\/theuncommonshop.ch\\\/#website\"},\"primaryImageOfPage\":{\"@id\":\"https:\\\/\\\/theuncommonshop.ch\\\/fr\\\/product\\\/magic-innistrad-double-feature-dbl-booster-display-3\\\/#primaryimage\"},\"image\":{\"@id\":\"https:\\\/\\\/theuncommonshop.ch\\\/fr\\\/product\\\/magic-innistrad-double-feature-dbl-booster-display-3\\\/#primaryimage\"},\"thumbnailUrl\":\"https:\\\/\\\/theuncommonshop.ch\\\/wp-content\\\/uploads\\\/2025\\\/06\\\/2930268897.jpg\",\"datePublished\":\"2025-06-03T05:48:13+00:00\",\"dateModified\":\"2026-03-28T15:47:26+00:00\",\"description\":\"Ach\u00e8te Magic - Innistrad Double Feature (DBL) - Booster Display en ligne maintenant \u00e0 petit prix! Ton #1 shop pour cartes TCG & Pok\u00e9mon en Suisse \u2713 Livraison gratuite d\u00e8s CHF 29\",\"breadcrumb\":{\"@id\":\"https:\\\/\\\/theuncommonshop.ch\\\/fr\\\/product\\\/magic-innistrad-double-feature-dbl-booster-display-3\\\/#breadcrumb\"},\"inLanguage\":\"fr-FR\",\"potentialAction\":[{\"@type\":\"ReadAction\",\"target\":[\"https:\\\/\\\/theuncommonshop.ch\\\/fr\\\/product\\\/magic-innistrad-double-feature-dbl-booster-display-3\\\/\"]}]},{\"@type\":\"ImageObject\",\"inLanguage\":\"fr-FR\",\"@id\":\"https:\\\/\\\/theuncommonshop.ch\\\/fr\\\/product\\\/magic-innistrad-double-feature-dbl-booster-display-3\\\/#primaryimage\",\"url\":\"https:\\\/\\\/theuncommonshop.ch\\\/wp-content\\\/uploads\\\/2025\\\/06\\\/2930268897.jpg\",\"contentUrl\":\"https:\\\/\\\/theuncommonshop.ch\\\/wp-content\\\/uploads\\\/2025\\\/06\\\/2930268897.jpg\",\"width\":900,\"height\":683},{\"@type\":\"BreadcrumbList\",\"@id\":\"https:\\\/\\\/theuncommonshop.ch\\\/fr\\\/product\\\/magic-innistrad-double-feature-dbl-booster-display-3\\\/#breadcrumb\",\"itemListElement\":[{\"@type\":\"ListItem\",\"position\":1,\"name\":\"Accueil\",\"item\":\"https:\\\/\\\/theuncommonshop.ch\\\/fr\\\/accueil\\\/\"},{\"@type\":\"ListItem\",\"position\":2,\"name\":\"Boutique\",\"item\":\"https:\\\/\\\/theuncommonshop.ch\\\/fr\\\/boutique\\\/\"},{\"@type\":\"ListItem\",\"position\":3,\"name\":\"Magic the Gathering\",\"item\":\"https:\\\/\\\/theuncommonshop.ch\\\/fr\\\/categorie-produit\\\/magic-the-gathering-fr\\\/\"},{\"@type\":\"ListItem\",\"position\":4,\"name\":\"Produits par lots\",\"item\":\"https:\\\/\\\/theuncommonshop.ch\\\/fr\\\/categorie-produit\\\/magic-the-gathering-fr\\\/produits-par-lots-mtg\\\/\"},{\"@type\":\"ListItem\",\"position\":5,\"name\":\"Innistrad: Double Feature\",\"item\":\"https:\\\/\\\/theuncommonshop.ch\\\/fr\\\/categorie-produit\\\/magic-the-gathering-fr\\\/produits-par-lots-mtg\\\/innistrad-double-feature\\\/\"},{\"@type\":\"ListItem\",\"position\":6,\"name\":\"Magic &#8211; Innistrad Double Feature (DBL) &#8211; Booster Display\"}]},{\"@type\":\"WebSite\",\"@id\":\"https:\\\/\\\/theuncommonshop.ch\\\/#website\",\"url\":\"https:\\\/\\\/theuncommonshop.ch\\\/\",\"name\":\"Largest trading card shop in Switzerland\",\"description\":\"Magic, Pok\u00e9mon and Yu-gi-oh - The Uncommon Shop\",\"potentialAction\":[{\"@type\":\"SearchAction\",\"target\":{\"@type\":\"EntryPoint\",\"urlTemplate\":\"https:\\\/\\\/theuncommonshop.ch\\\/?s={search_term_string}\"},\"query-input\":{\"@type\":\"PropertyValueSpecification\",\"valueRequired\":true,\"valueName\":\"search_term_string\"}}],\"inLanguage\":\"fr-FR\"}]}<\/script>\n<meta property=\"og:availability\" content=\"instock\" \/>\n<meta property=\"product:availability\" content=\"instock\" \/>\n<meta property=\"product:condition\" content=\"new\" \/>\n<!-- \/ Yoast SEO plugin. -->","yoast_head_json":{"title":"Ach\u00e8te Magic - Innistrad Double Feature (DBL) - Booster Display","description":"Ach\u00e8te Magic - Innistrad Double Feature (DBL) - Booster Display en ligne maintenant \u00e0 petit prix! Ton #1 shop pour cartes TCG & Pok\u00e9mon en Suisse \u2713 Livraison gratuite d\u00e8s CHF 29","robots":{"index":"index","follow":"follow","max-snippet":"max-snippet:-1","max-image-preview":"max-image-preview:large","max-video-preview":"max-video-preview:-1"},"canonical":"https:\/\/theuncommonshop.ch\/fr\/product\/magic-innistrad-double-feature-dbl-booster-display-3\/","og_locale":"fr_FR","og_type":"article","og_title":"Ach\u00e8te Magic - Innistrad Double Feature (DBL) - Booster Display","og_description":"Ach\u00e8te Magic - Innistrad Double Feature (DBL) - Booster Display en ligne maintenant \u00e0 petit prix! Ton #1 shop pour cartes TCG & Pok\u00e9mon en Suisse \u2713 Livraison gratuite d\u00e8s CHF 29","og_url":"https:\/\/theuncommonshop.ch\/fr\/product\/magic-innistrad-double-feature-dbl-booster-display-3\/","og_site_name":"Largest trading card shop in Switzerland","article_modified_time":"2026-03-28T15:47:26+00:00","og_image":[{"width":900,"height":683,"url":"https:\/\/theuncommonshop.ch\/wp-content\/uploads\/2025\/06\/2930268897.jpg","type":"image\/jpeg"}],"twitter_card":"summary_large_image","twitter_misc":{"Disponibilit\u00e9":"En stock"},"schema":{"@context":"https:\/\/schema.org","@graph":[{"@type":"WebPage","@id":"https:\/\/theuncommonshop.ch\/fr\/product\/magic-innistrad-double-feature-dbl-booster-display-3\/","url":"https:\/\/theuncommonshop.ch\/fr\/product\/magic-innistrad-double-feature-dbl-booster-display-3\/","name":"Ach\u00e8te Magic - Innistrad Double Feature (DBL) - Booster Display","isPartOf":{"@id":"https:\/\/theuncommonshop.ch\/#website"},"primaryImageOfPage":{"@id":"https:\/\/theuncommonshop.ch\/fr\/product\/magic-innistrad-double-feature-dbl-booster-display-3\/#primaryimage"},"image":{"@id":"https:\/\/theuncommonshop.ch\/fr\/product\/magic-innistrad-double-feature-dbl-booster-display-3\/#primaryimage"},"thumbnailUrl":"https:\/\/theuncommonshop.ch\/wp-content\/uploads\/2025\/06\/2930268897.jpg","datePublished":"2025-06-03T05:48:13+00:00","dateModified":"2026-03-28T15:47:26+00:00","description":"Ach\u00e8te Magic - Innistrad Double Feature (DBL) - Booster Display en ligne maintenant \u00e0 petit prix! Ton #1 shop pour cartes TCG & Pok\u00e9mon en Suisse \u2713 Livraison gratuite d\u00e8s CHF 29","breadcrumb":{"@id":"https:\/\/theuncommonshop.ch\/fr\/product\/magic-innistrad-double-feature-dbl-booster-display-3\/#breadcrumb"},"inLanguage":"fr-FR","potentialAction":[{"@type":"ReadAction","target":["https:\/\/theuncommonshop.ch\/fr\/product\/magic-innistrad-double-feature-dbl-booster-display-3\/"]}]},{"@type":"ImageObject","inLanguage":"fr-FR","@id":"https:\/\/theuncommonshop.ch\/fr\/product\/magic-innistrad-double-feature-dbl-booster-display-3\/#primaryimage","url":"https:\/\/theuncommonshop.ch\/wp-content\/uploads\/2025\/06\/2930268897.jpg","contentUrl":"https:\/\/theuncommonshop.ch\/wp-content\/uploads\/2025\/06\/2930268897.jpg","width":900,"height":683},{"@type":"BreadcrumbList","@id":"https:\/\/theuncommonshop.ch\/fr\/product\/magic-innistrad-double-feature-dbl-booster-display-3\/#breadcrumb","itemListElement":[{"@type":"ListItem","position":1,"name":"Accueil","item":"https:\/\/theuncommonshop.ch\/fr\/accueil\/"},{"@type":"ListItem","position":2,"name":"Boutique","item":"https:\/\/theuncommonshop.ch\/fr\/boutique\/"},{"@type":"ListItem","position":3,"name":"Magic the Gathering","item":"https:\/\/theuncommonshop.ch\/fr\/categorie-produit\/magic-the-gathering-fr\/"},{"@type":"ListItem","position":4,"name":"Produits par lots","item":"https:\/\/theuncommonshop.ch\/fr\/categorie-produit\/magic-the-gathering-fr\/produits-par-lots-mtg\/"},{"@type":"ListItem","position":5,"name":"Innistrad: Double Feature","item":"https:\/\/theuncommonshop.ch\/fr\/categorie-produit\/magic-the-gathering-fr\/produits-par-lots-mtg\/innistrad-double-feature\/"},{"@type":"ListItem","position":6,"name":"Magic &#8211; Innistrad Double Feature (DBL) &#8211; Booster Display"}]},{"@type":"WebSite","@id":"https:\/\/theuncommonshop.ch\/#website","url":"https:\/\/theuncommonshop.ch\/","name":"Largest trading card shop in Switzerland","description":"Magic, Pok\u00e9mon and Yu-gi-oh - The Uncommon Shop","potentialAction":[{"@type":"SearchAction","target":{"@type":"EntryPoint","urlTemplate":"https:\/\/theuncommonshop.ch\/?s={search_term_string}"},"query-input":{"@type":"PropertyValueSpecification","valueRequired":true,"valueName":"search_term_string"}}],"inLanguage":"fr-FR"}]},"og_availability":"instock","product_availability":"instock","product_condition":"new"},"_links":{"self":[{"href":"https:\/\/theuncommonshop.ch\/fr\/wp-json\/wp\/v2\/product\/328130","targetHints":{"allow":["GET"]}}],"collection":[{"href":"https:\/\/theuncommonshop.ch\/fr\/wp-json\/wp\/v2\/product"}],"about":[{"href":"https:\/\/theuncommonshop.ch\/fr\/wp-json\/wp\/v2\/types\/product"}],"replies":[{"embeddable":true,"href":"https:\/\/theuncommonshop.ch\/fr\/wp-json\/wp\/v2\/comments?post=328130"}],"version-history":[{"count":1,"href":"https:\/\/theuncommonshop.ch\/fr\/wp-json\/wp\/v2\/product\/328130\/revisions"}],"predecessor-version":[{"id":328132,"href":"https:\/\/theuncommonshop.ch\/fr\/wp-json\/wp\/v2\/product\/328130\/revisions\/328132"}],"wp:featuredmedia":[{"embeddable":true,"href":"https:\/\/theuncommonshop.ch\/fr\/wp-json\/wp\/v2\/media\/70149"}],"wp:attachment":[{"href":"https:\/\/theuncommonshop.ch\/fr\/wp-json\/wp\/v2\/media?parent=328130"}],"wp:term":[{"taxonomy":"product_brand","embeddable":true,"href":"https:\/\/theuncommonshop.ch\/fr\/wp-json\/wp\/v2\/product_brand?post=328130"},{"taxonomy":"product_cat","embeddable":true,"href":"https:\/\/theuncommonshop.ch\/fr\/wp-json\/wp\/v2\/product_cat?post=328130"},{"taxonomy":"product_tag","embeddable":true,"href":"https:\/\/theuncommonshop.ch\/fr\/wp-json\/wp\/v2\/product_tag?post=328130"}],"curies":[{"name":"wp","href":"https:\/\/api.w.org\/{rel}","templated":true}]}}