{"id":328113,"date":"2025-06-03T07:48:34","date_gmt":"2025-06-03T07:48:34","guid":{"rendered":"http:\/\/theuncommonshop.ch\/produkt\/328113\/"},"modified":"2026-03-28T17:20:20","modified_gmt":"2026-03-28T16:20:20","slug":"ultra-pro-pokemon-25th-anniversary-deck-box-holz-2","status":"publish","type":"product","link":"https:\/\/theuncommonshop.ch\/fr\/product\/ultra-pro-pokemon-25th-anniversary-deck-box-holz-2\/","title":{"rendered":"Ultra Pro &#8211; Pokemon 25th Anniversary &#8211; Bo\u00eete \u00e0 ponts &#8211; Bois"},"content":{"rendered":"<p>Une bo\u00eete de deck premium en bois fonc\u00e9, grav\u00e9e du logo du coffret Celebrations.<\/p>\n<div>La bo\u00eete de deck de haute qualit\u00e9 peut contenir jusqu&#8217;\u00e0 100 cartes dans des pochettes (double-sleeved) et dispose d&#8217;une fermeture magn\u00e9tique. De plus, un compartiment \u00e0 d\u00e9s d\u00e9pliable est int\u00e9gr\u00e9 \u00e0 la bo\u00eete pour que vous puissiez briller avec votre deck lors des tournois. <\/div>\n","protected":false},"excerpt":{"rendered":"<p>Une bo\u00eete de deck premium en bois fonc\u00e9, grav\u00e9e du logo du coffret Celebrations. La bo\u00eete de deck de haute<\/p>\n","protected":false},"featured_media":70161,"comment_status":"open","ping_status":"closed","template":"","meta":{"_acf_changed":false},"product_brand":[5114,5072],"product_cat":[10129],"product_tag":[],"class_list":{"0":"post-328113","1":"product","2":"type-product","3":"status-publish","4":"has-post-thumbnail","6":"product_brand-pokemon","7":"product_brand-the-pokemon-company","8":"product_cat-swsh75-celebrations-fr","10":"first","11":"instock","12":"taxable","13":"shipping-taxable","14":"purchasable","15":"product-type-simple"},"acf":[],"yoast_head":"<!-- This site is optimized with the Yoast SEO plugin v27.4 - https:\/\/yoast.com\/product\/yoast-seo-wordpress\/ -->\n<title>Ach\u00e8te Ultra Pro - Pokemon 25th Anniversary - Bo\u00eete \u00e0 ponts - Bois<\/title>\n<meta name=\"description\" content=\"Ach\u00e8te Ultra Pro - Pokemon 25th Anniversary - Bo\u00eete \u00e0 ponts - Bois en ligne maintenant \u00e0 petit prix! Ton #1 shop pour cartes TCG &amp; Pok\u00e9mon en Suisse \u2713 Livraison gratuite d\u00e8s CHF 29\" \/>\n<meta name=\"robots\" content=\"index, follow, max-snippet:-1, max-image-preview:large, max-video-preview:-1\" \/>\n<link rel=\"canonical\" href=\"https:\/\/theuncommonshop.ch\/fr\/product\/ultra-pro-pokemon-25th-anniversary-deck-box-holz-2\/\" \/>\n<meta property=\"og:locale\" content=\"fr_FR\" \/>\n<meta property=\"og:type\" content=\"article\" \/>\n<meta property=\"og:title\" content=\"Ach\u00e8te Ultra Pro - Pokemon 25th Anniversary - Bo\u00eete \u00e0 ponts - Bois\" \/>\n<meta property=\"og:description\" content=\"Ach\u00e8te Ultra Pro - Pokemon 25th Anniversary - Bo\u00eete \u00e0 ponts - Bois en ligne maintenant \u00e0 petit prix! Ton #1 shop pour cartes TCG &amp; Pok\u00e9mon en Suisse \u2713 Livraison gratuite d\u00e8s CHF 29\" \/>\n<meta property=\"og:url\" content=\"https:\/\/theuncommonshop.ch\/fr\/product\/ultra-pro-pokemon-25th-anniversary-deck-box-holz-2\/\" \/>\n<meta property=\"og:site_name\" content=\"Largest trading card shop in Switzerland\" \/>\n<meta property=\"article:modified_time\" content=\"2026-03-28T16:20:20+00:00\" \/>\n<meta property=\"og:image\" content=\"https:\/\/theuncommonshop.ch\/wp-content\/uploads\/2025\/06\/2933253787.jpg\" \/>\n\t<meta property=\"og:image:width\" content=\"1120\" \/>\n\t<meta property=\"og:image:height\" content=\"1120\" \/>\n\t<meta property=\"og:image:type\" content=\"image\/jpeg\" \/>\n<meta name=\"twitter:card\" content=\"summary_large_image\" \/>\n<meta name=\"twitter:label1\" content=\"Prix\" \/>\n\t<meta name=\"twitter:data1\" content=\"&#067;&#072;&#070;&nbsp;39.95\" \/>\n\t<meta name=\"twitter:label2\" content=\"Disponibilit\u00e9\" \/>\n\t<meta name=\"twitter:data2\" content=\"En stock\" \/>\n<script type=\"application\/ld+json\" class=\"yoast-schema-graph\">{\"@context\":\"https:\\\/\\\/schema.org\",\"@graph\":[{\"@type\":\"WebPage\",\"@id\":\"https:\\\/\\\/theuncommonshop.ch\\\/fr\\\/product\\\/ultra-pro-pokemon-25th-anniversary-deck-box-holz-2\\\/\",\"url\":\"https:\\\/\\\/theuncommonshop.ch\\\/fr\\\/product\\\/ultra-pro-pokemon-25th-anniversary-deck-box-holz-2\\\/\",\"name\":\"Ach\u00e8te Ultra Pro - Pokemon 25th Anniversary - Bo\u00eete \u00e0 ponts - Bois\",\"isPartOf\":{\"@id\":\"https:\\\/\\\/theuncommonshop.ch\\\/#website\"},\"primaryImageOfPage\":{\"@id\":\"https:\\\/\\\/theuncommonshop.ch\\\/fr\\\/product\\\/ultra-pro-pokemon-25th-anniversary-deck-box-holz-2\\\/#primaryimage\"},\"image\":{\"@id\":\"https:\\\/\\\/theuncommonshop.ch\\\/fr\\\/product\\\/ultra-pro-pokemon-25th-anniversary-deck-box-holz-2\\\/#primaryimage\"},\"thumbnailUrl\":\"https:\\\/\\\/theuncommonshop.ch\\\/wp-content\\\/uploads\\\/2025\\\/06\\\/2933253787.jpg\",\"datePublished\":\"2025-06-03T07:48:34+00:00\",\"dateModified\":\"2026-03-28T16:20:20+00:00\",\"description\":\"Ach\u00e8te Ultra Pro - Pokemon 25th Anniversary - Bo\u00eete \u00e0 ponts - Bois en ligne maintenant \u00e0 petit prix! Ton #1 shop pour cartes TCG & Pok\u00e9mon en Suisse \u2713 Livraison gratuite d\u00e8s CHF 29\",\"breadcrumb\":{\"@id\":\"https:\\\/\\\/theuncommonshop.ch\\\/fr\\\/product\\\/ultra-pro-pokemon-25th-anniversary-deck-box-holz-2\\\/#breadcrumb\"},\"inLanguage\":\"fr-FR\",\"potentialAction\":[{\"@type\":\"ReadAction\",\"target\":[\"https:\\\/\\\/theuncommonshop.ch\\\/fr\\\/product\\\/ultra-pro-pokemon-25th-anniversary-deck-box-holz-2\\\/\"]}]},{\"@type\":\"ImageObject\",\"inLanguage\":\"fr-FR\",\"@id\":\"https:\\\/\\\/theuncommonshop.ch\\\/fr\\\/product\\\/ultra-pro-pokemon-25th-anniversary-deck-box-holz-2\\\/#primaryimage\",\"url\":\"https:\\\/\\\/theuncommonshop.ch\\\/wp-content\\\/uploads\\\/2025\\\/06\\\/2933253787.jpg\",\"contentUrl\":\"https:\\\/\\\/theuncommonshop.ch\\\/wp-content\\\/uploads\\\/2025\\\/06\\\/2933253787.jpg\",\"width\":1120,\"height\":1120},{\"@type\":\"BreadcrumbList\",\"@id\":\"https:\\\/\\\/theuncommonshop.ch\\\/fr\\\/product\\\/ultra-pro-pokemon-25th-anniversary-deck-box-holz-2\\\/#breadcrumb\",\"itemListElement\":[{\"@type\":\"ListItem\",\"position\":1,\"name\":\"Accueil\",\"item\":\"https:\\\/\\\/theuncommonshop.ch\\\/fr\\\/accueil\\\/\"},{\"@type\":\"ListItem\",\"position\":2,\"name\":\"Boutique\",\"item\":\"https:\\\/\\\/theuncommonshop.ch\\\/fr\\\/boutique\\\/\"},{\"@type\":\"ListItem\",\"position\":3,\"name\":\"Pok\u00e9mon\",\"item\":\"https:\\\/\\\/theuncommonshop.ch\\\/fr\\\/categorie-produit\\\/pokemon-fr\\\/\"},{\"@type\":\"ListItem\",\"position\":4,\"name\":\"Produits par lots\",\"item\":\"https:\\\/\\\/theuncommonshop.ch\\\/fr\\\/categorie-produit\\\/pokemon-fr\\\/produits-par-lots\\\/\"},{\"@type\":\"ListItem\",\"position\":5,\"name\":\"\u00c9p\u00e9e & Bouclier\",\"item\":\"https:\\\/\\\/theuncommonshop.ch\\\/fr\\\/categorie-produit\\\/pokemon-fr\\\/produits-par-lots\\\/epee-et-bouclier\\\/\"},{\"@type\":\"ListItem\",\"position\":6,\"name\":\"SWSH7.5 C\u00e9l\u00e9brations\",\"item\":\"https:\\\/\\\/theuncommonshop.ch\\\/fr\\\/categorie-produit\\\/pokemon-fr\\\/produits-par-lots\\\/epee-et-bouclier\\\/swsh75-celebrations-fr\\\/\"},{\"@type\":\"ListItem\",\"position\":7,\"name\":\"Ultra Pro &#8211; Pokemon 25th Anniversary &#8211; Bo\u00eete \u00e0 ponts &#8211; Bois\"}]},{\"@type\":\"WebSite\",\"@id\":\"https:\\\/\\\/theuncommonshop.ch\\\/#website\",\"url\":\"https:\\\/\\\/theuncommonshop.ch\\\/\",\"name\":\"Largest trading card shop in Switzerland\",\"description\":\"Magic, Pok\u00e9mon and Yu-gi-oh - The Uncommon Shop\",\"potentialAction\":[{\"@type\":\"SearchAction\",\"target\":{\"@type\":\"EntryPoint\",\"urlTemplate\":\"https:\\\/\\\/theuncommonshop.ch\\\/?s={search_term_string}\"},\"query-input\":{\"@type\":\"PropertyValueSpecification\",\"valueRequired\":true,\"valueName\":\"search_term_string\"}}],\"inLanguage\":\"fr-FR\"}]}<\/script>\n<meta property=\"product:price:amount\" content=\"39.95\" \/>\n<meta property=\"product:price:currency\" content=\"CHF\" \/>\n<meta property=\"og:availability\" content=\"instock\" \/>\n<meta property=\"product:availability\" content=\"instock\" \/>\n<meta property=\"product:retailer_item_id\" content=\"20329\" \/>\n<meta property=\"product:condition\" content=\"new\" \/>\n<!-- \/ Yoast SEO plugin. -->","yoast_head_json":{"title":"Ach\u00e8te Ultra Pro - Pokemon 25th Anniversary - Bo\u00eete \u00e0 ponts - Bois","description":"Ach\u00e8te Ultra Pro - Pokemon 25th Anniversary - Bo\u00eete \u00e0 ponts - Bois en ligne maintenant \u00e0 petit prix! Ton #1 shop pour cartes TCG & Pok\u00e9mon en Suisse \u2713 Livraison gratuite d\u00e8s CHF 29","robots":{"index":"index","follow":"follow","max-snippet":"max-snippet:-1","max-image-preview":"max-image-preview:large","max-video-preview":"max-video-preview:-1"},"canonical":"https:\/\/theuncommonshop.ch\/fr\/product\/ultra-pro-pokemon-25th-anniversary-deck-box-holz-2\/","og_locale":"fr_FR","og_type":"article","og_title":"Ach\u00e8te Ultra Pro - Pokemon 25th Anniversary - Bo\u00eete \u00e0 ponts - Bois","og_description":"Ach\u00e8te Ultra Pro - Pokemon 25th Anniversary - Bo\u00eete \u00e0 ponts - Bois en ligne maintenant \u00e0 petit prix! Ton #1 shop pour cartes TCG & Pok\u00e9mon en Suisse \u2713 Livraison gratuite d\u00e8s CHF 29","og_url":"https:\/\/theuncommonshop.ch\/fr\/product\/ultra-pro-pokemon-25th-anniversary-deck-box-holz-2\/","og_site_name":"Largest trading card shop in Switzerland","article_modified_time":"2026-03-28T16:20:20+00:00","og_image":[{"width":1120,"height":1120,"url":"https:\/\/theuncommonshop.ch\/wp-content\/uploads\/2025\/06\/2933253787.jpg","type":"image\/jpeg"}],"twitter_card":"summary_large_image","twitter_misc":{"Prix":"&#67;&#72;&#70;&nbsp;39.95","Disponibilit\u00e9":"En stock"},"schema":{"@context":"https:\/\/schema.org","@graph":[{"@type":"WebPage","@id":"https:\/\/theuncommonshop.ch\/fr\/product\/ultra-pro-pokemon-25th-anniversary-deck-box-holz-2\/","url":"https:\/\/theuncommonshop.ch\/fr\/product\/ultra-pro-pokemon-25th-anniversary-deck-box-holz-2\/","name":"Ach\u00e8te Ultra Pro - Pokemon 25th Anniversary - Bo\u00eete \u00e0 ponts - Bois","isPartOf":{"@id":"https:\/\/theuncommonshop.ch\/#website"},"primaryImageOfPage":{"@id":"https:\/\/theuncommonshop.ch\/fr\/product\/ultra-pro-pokemon-25th-anniversary-deck-box-holz-2\/#primaryimage"},"image":{"@id":"https:\/\/theuncommonshop.ch\/fr\/product\/ultra-pro-pokemon-25th-anniversary-deck-box-holz-2\/#primaryimage"},"thumbnailUrl":"https:\/\/theuncommonshop.ch\/wp-content\/uploads\/2025\/06\/2933253787.jpg","datePublished":"2025-06-03T07:48:34+00:00","dateModified":"2026-03-28T16:20:20+00:00","description":"Ach\u00e8te Ultra Pro - Pokemon 25th Anniversary - Bo\u00eete \u00e0 ponts - Bois en ligne maintenant \u00e0 petit prix! Ton #1 shop pour cartes TCG & Pok\u00e9mon en Suisse \u2713 Livraison gratuite d\u00e8s CHF 29","breadcrumb":{"@id":"https:\/\/theuncommonshop.ch\/fr\/product\/ultra-pro-pokemon-25th-anniversary-deck-box-holz-2\/#breadcrumb"},"inLanguage":"fr-FR","potentialAction":[{"@type":"ReadAction","target":["https:\/\/theuncommonshop.ch\/fr\/product\/ultra-pro-pokemon-25th-anniversary-deck-box-holz-2\/"]}]},{"@type":"ImageObject","inLanguage":"fr-FR","@id":"https:\/\/theuncommonshop.ch\/fr\/product\/ultra-pro-pokemon-25th-anniversary-deck-box-holz-2\/#primaryimage","url":"https:\/\/theuncommonshop.ch\/wp-content\/uploads\/2025\/06\/2933253787.jpg","contentUrl":"https:\/\/theuncommonshop.ch\/wp-content\/uploads\/2025\/06\/2933253787.jpg","width":1120,"height":1120},{"@type":"BreadcrumbList","@id":"https:\/\/theuncommonshop.ch\/fr\/product\/ultra-pro-pokemon-25th-anniversary-deck-box-holz-2\/#breadcrumb","itemListElement":[{"@type":"ListItem","position":1,"name":"Accueil","item":"https:\/\/theuncommonshop.ch\/fr\/accueil\/"},{"@type":"ListItem","position":2,"name":"Boutique","item":"https:\/\/theuncommonshop.ch\/fr\/boutique\/"},{"@type":"ListItem","position":3,"name":"Pok\u00e9mon","item":"https:\/\/theuncommonshop.ch\/fr\/categorie-produit\/pokemon-fr\/"},{"@type":"ListItem","position":4,"name":"Produits par lots","item":"https:\/\/theuncommonshop.ch\/fr\/categorie-produit\/pokemon-fr\/produits-par-lots\/"},{"@type":"ListItem","position":5,"name":"\u00c9p\u00e9e & Bouclier","item":"https:\/\/theuncommonshop.ch\/fr\/categorie-produit\/pokemon-fr\/produits-par-lots\/epee-et-bouclier\/"},{"@type":"ListItem","position":6,"name":"SWSH7.5 C\u00e9l\u00e9brations","item":"https:\/\/theuncommonshop.ch\/fr\/categorie-produit\/pokemon-fr\/produits-par-lots\/epee-et-bouclier\/swsh75-celebrations-fr\/"},{"@type":"ListItem","position":7,"name":"Ultra Pro &#8211; Pokemon 25th Anniversary &#8211; Bo\u00eete \u00e0 ponts &#8211; Bois"}]},{"@type":"WebSite","@id":"https:\/\/theuncommonshop.ch\/#website","url":"https:\/\/theuncommonshop.ch\/","name":"Largest trading card shop in Switzerland","description":"Magic, Pok\u00e9mon and Yu-gi-oh - The Uncommon Shop","potentialAction":[{"@type":"SearchAction","target":{"@type":"EntryPoint","urlTemplate":"https:\/\/theuncommonshop.ch\/?s={search_term_string}"},"query-input":{"@type":"PropertyValueSpecification","valueRequired":true,"valueName":"search_term_string"}}],"inLanguage":"fr-FR"}]},"product_price_amount":"39.95","product_price_currency":"CHF","og_availability":"instock","product_availability":"instock","product_retailer_item_id":"20329","product_condition":"new"},"_links":{"self":[{"href":"https:\/\/theuncommonshop.ch\/fr\/wp-json\/wp\/v2\/product\/328113","targetHints":{"allow":["GET"]}}],"collection":[{"href":"https:\/\/theuncommonshop.ch\/fr\/wp-json\/wp\/v2\/product"}],"about":[{"href":"https:\/\/theuncommonshop.ch\/fr\/wp-json\/wp\/v2\/types\/product"}],"replies":[{"embeddable":true,"href":"https:\/\/theuncommonshop.ch\/fr\/wp-json\/wp\/v2\/comments?post=328113"}],"version-history":[{"count":2,"href":"https:\/\/theuncommonshop.ch\/fr\/wp-json\/wp\/v2\/product\/328113\/revisions"}],"predecessor-version":[{"id":355726,"href":"https:\/\/theuncommonshop.ch\/fr\/wp-json\/wp\/v2\/product\/328113\/revisions\/355726"}],"wp:featuredmedia":[{"embeddable":true,"href":"https:\/\/theuncommonshop.ch\/fr\/wp-json\/wp\/v2\/media\/70161"}],"wp:attachment":[{"href":"https:\/\/theuncommonshop.ch\/fr\/wp-json\/wp\/v2\/media?parent=328113"}],"wp:term":[{"taxonomy":"product_brand","embeddable":true,"href":"https:\/\/theuncommonshop.ch\/fr\/wp-json\/wp\/v2\/product_brand?post=328113"},{"taxonomy":"product_cat","embeddable":true,"href":"https:\/\/theuncommonshop.ch\/fr\/wp-json\/wp\/v2\/product_cat?post=328113"},{"taxonomy":"product_tag","embeddable":true,"href":"https:\/\/theuncommonshop.ch\/fr\/wp-json\/wp\/v2\/product_tag?post=328113"}],"curies":[{"name":"wp","href":"https:\/\/api.w.org\/{rel}","templated":true}]}}