{"id":327749,"date":"2025-06-03T05:37:53","date_gmt":"2025-06-03T03:37:53","guid":{"rendered":"http:\/\/theuncommonshop.ch\/produkt\/327749\/"},"modified":"2026-03-28T16:50:27","modified_gmt":"2026-03-28T15:50:27","slug":"yu-gi-oh-ghost-from-the-past-2nd-haunting-box-1-edition-2","status":"publish","type":"product","link":"https:\/\/theuncommonshop.ch\/fr\/product\/yu-gi-oh-ghost-from-the-past-2nd-haunting-box-1-edition-2\/","title":{"rendered":"Yu-Gi-Oh ! &#8211; Ghost from the Past &#8211; 2nd Haunting Box 1.Edition"},"content":{"rendered":"<p><em>Ghosts From the Past : The 2nd Haunting <\/em>sortira en avril 2022 et est la suite de <em>Ghosts From the Past<\/em> sorti au printemps dernier ! Il a plus de tout ce qui a fait de <em>Ghosts From the Past <\/em>un \u00e9norme succ\u00e8s, y compris encore plus de fant\u00f4mes rares ! <\/p>\n<p>Et ce n&#8217;est pas seulement la liste des esprits rares qui a \u00e9t\u00e9 \u00e9largie, mais aussi le taux de chute. Cette fois, il est donc deux fois plus facile de piocher un fant\u00f4me rare ! De plus, chaque bo\u00eete de <em>Ghosts from the Past : The 2nd Haunting <\/em>comporte quatre Packs au lieu de trois, ce qui vous permet d&#8217;avoir encore plus de cartes par bo\u00eete !  <\/p>\n<p>De plus, le set a \u00e9t\u00e9 agrandi afin de pouvoir y emballer encore plus de cartes sympas ! Entre les nouvelles cartes inspir\u00e9es de l&#8217;Anime, comme le monstre de cristal Dragon arc-en-ciel et le D\u00e9codeur-speaker \u00c2me chaude, et une seconde chance d&#8217;attraper des piliers de tournoi comme Kristron Halqifibrax et Num\u00e9ro 97 : Dragonlubion, vous trouverez certainement quelque chose pour renforcer votre deck actuel ou inspirer votre prochain deck ! <\/p>\n<p>Vous pouvez ajouter de la puissance de frappe \u00e0 votre deck Wanderbrise avec Raiza le M\u00e9gamonarque, votre <em>Structure Deck : Albaz Strike<\/em> avec Aluber le Fou de Despia, et m\u00eame de montrer au monde entier que vous \u00eates en train de faire un bon coup avec Los ! &#8211; D\/D\/D Ciel-Roi Z\u00e9ro Rage pour montrer qu&#8217;on ne plaisante pas avec votre deck D\/D\/D ! Les fans de l&#8217;histoire de Yu-Gi-Oh ! auront m\u00eame encore une chance d&#8217;obtenir quelques superbes monstres de fusion classiques comme Sanexe et Poisson rare !  <\/p>\n","protected":false},"excerpt":{"rendered":"<p>Ghosts From the Past : The 2nd Haunting sortira en avril 2022 et est la suite de Ghosts From the<\/p>\n","protected":false},"featured_media":66155,"comment_status":"open","ping_status":"closed","template":"","meta":{"_acf_changed":false},"product_brand":[5074,5112],"product_cat":[9839,9841,9779],"product_tag":[],"class_list":{"0":"post-327749","1":"product","2":"type-product","3":"status-publish","4":"has-post-thumbnail","6":"product_brand-konami","7":"product_brand-yu-gi-oh","8":"product_cat-coffrets-et-collections-yugioh","9":"product_cat-super-sale-yugioh","10":"product_cat-yu-gi-oh-fr","12":"first","13":"instock","14":"sale","15":"taxable","16":"shipping-taxable","17":"purchasable","18":"product-type-variable"},"acf":[],"yoast_head":"<!-- This site is optimized with the Yoast SEO plugin v27.4 - https:\/\/yoast.com\/product\/yoast-seo-wordpress\/ -->\n<title>Ach\u00e8te Yu-Gi-Oh ! - Ghost from the Past - 2nd Haunting Box 1.Edition<\/title>\n<meta name=\"description\" content=\"Ach\u00e8te Yu-Gi-Oh ! - Ghost from the Past - 2nd Haunting Box 1.Edition en ligne maintenant \u00e0 petit prix! Ton #1 shop pour cartes TCG &amp; Pok\u00e9mon en Suisse \u2713 Livraison gratuite d\u00e8s CHF 29\" \/>\n<meta name=\"robots\" content=\"index, follow, max-snippet:-1, max-image-preview:large, max-video-preview:-1\" \/>\n<link rel=\"canonical\" href=\"https:\/\/theuncommonshop.ch\/fr\/product\/yu-gi-oh-ghost-from-the-past-2nd-haunting-box-1-edition-2\/\" \/>\n<meta property=\"og:locale\" content=\"fr_FR\" \/>\n<meta property=\"og:type\" content=\"article\" \/>\n<meta property=\"og:title\" content=\"Ach\u00e8te Yu-Gi-Oh ! - Ghost from the Past - 2nd Haunting Box 1.Edition\" \/>\n<meta property=\"og:description\" content=\"Ach\u00e8te Yu-Gi-Oh ! - Ghost from the Past - 2nd Haunting Box 1.Edition en ligne maintenant \u00e0 petit prix! Ton #1 shop pour cartes TCG &amp; Pok\u00e9mon en Suisse \u2713 Livraison gratuite d\u00e8s CHF 29\" \/>\n<meta property=\"og:url\" content=\"https:\/\/theuncommonshop.ch\/fr\/product\/yu-gi-oh-ghost-from-the-past-2nd-haunting-box-1-edition-2\/\" \/>\n<meta property=\"og:site_name\" content=\"Largest trading card shop in Switzerland\" \/>\n<meta property=\"article:modified_time\" content=\"2026-03-28T15:50:27+00:00\" \/>\n<meta property=\"og:image\" content=\"https:\/\/theuncommonshop.ch\/wp-content\/uploads\/2025\/06\/2901626770.jpg\" \/>\n\t<meta property=\"og:image:width\" content=\"734\" \/>\n\t<meta property=\"og:image:height\" content=\"600\" \/>\n\t<meta property=\"og:image:type\" content=\"image\/jpeg\" \/>\n<meta name=\"twitter:card\" content=\"summary_large_image\" \/>\n<meta name=\"twitter:label1\" content=\"Disponibilit\u00e9\" \/>\n\t<meta name=\"twitter:data1\" content=\"En stock\" \/>\n<script type=\"application\/ld+json\" class=\"yoast-schema-graph\">{\"@context\":\"https:\\\/\\\/schema.org\",\"@graph\":[{\"@type\":\"WebPage\",\"@id\":\"https:\\\/\\\/theuncommonshop.ch\\\/fr\\\/product\\\/yu-gi-oh-ghost-from-the-past-2nd-haunting-box-1-edition-2\\\/\",\"url\":\"https:\\\/\\\/theuncommonshop.ch\\\/fr\\\/product\\\/yu-gi-oh-ghost-from-the-past-2nd-haunting-box-1-edition-2\\\/\",\"name\":\"Ach\u00e8te Yu-Gi-Oh ! - Ghost from the Past - 2nd Haunting Box 1.Edition\",\"isPartOf\":{\"@id\":\"https:\\\/\\\/theuncommonshop.ch\\\/#website\"},\"primaryImageOfPage\":{\"@id\":\"https:\\\/\\\/theuncommonshop.ch\\\/fr\\\/product\\\/yu-gi-oh-ghost-from-the-past-2nd-haunting-box-1-edition-2\\\/#primaryimage\"},\"image\":{\"@id\":\"https:\\\/\\\/theuncommonshop.ch\\\/fr\\\/product\\\/yu-gi-oh-ghost-from-the-past-2nd-haunting-box-1-edition-2\\\/#primaryimage\"},\"thumbnailUrl\":\"https:\\\/\\\/theuncommonshop.ch\\\/wp-content\\\/uploads\\\/2025\\\/06\\\/2901626770.jpg\",\"datePublished\":\"2025-06-03T03:37:53+00:00\",\"dateModified\":\"2026-03-28T15:50:27+00:00\",\"description\":\"Ach\u00e8te Yu-Gi-Oh ! - Ghost from the Past - 2nd Haunting Box 1.Edition en ligne maintenant \u00e0 petit prix! Ton #1 shop pour cartes TCG & Pok\u00e9mon en Suisse \u2713 Livraison gratuite d\u00e8s CHF 29\",\"breadcrumb\":{\"@id\":\"https:\\\/\\\/theuncommonshop.ch\\\/fr\\\/product\\\/yu-gi-oh-ghost-from-the-past-2nd-haunting-box-1-edition-2\\\/#breadcrumb\"},\"inLanguage\":\"fr-FR\",\"potentialAction\":[{\"@type\":\"ReadAction\",\"target\":[\"https:\\\/\\\/theuncommonshop.ch\\\/fr\\\/product\\\/yu-gi-oh-ghost-from-the-past-2nd-haunting-box-1-edition-2\\\/\"]}]},{\"@type\":\"ImageObject\",\"inLanguage\":\"fr-FR\",\"@id\":\"https:\\\/\\\/theuncommonshop.ch\\\/fr\\\/product\\\/yu-gi-oh-ghost-from-the-past-2nd-haunting-box-1-edition-2\\\/#primaryimage\",\"url\":\"https:\\\/\\\/theuncommonshop.ch\\\/wp-content\\\/uploads\\\/2025\\\/06\\\/2901626770.jpg\",\"contentUrl\":\"https:\\\/\\\/theuncommonshop.ch\\\/wp-content\\\/uploads\\\/2025\\\/06\\\/2901626770.jpg\",\"width\":734,\"height\":600},{\"@type\":\"BreadcrumbList\",\"@id\":\"https:\\\/\\\/theuncommonshop.ch\\\/fr\\\/product\\\/yu-gi-oh-ghost-from-the-past-2nd-haunting-box-1-edition-2\\\/#breadcrumb\",\"itemListElement\":[{\"@type\":\"ListItem\",\"position\":1,\"name\":\"Accueil\",\"item\":\"https:\\\/\\\/theuncommonshop.ch\\\/fr\\\/accueil\\\/\"},{\"@type\":\"ListItem\",\"position\":2,\"name\":\"Boutique\",\"item\":\"https:\\\/\\\/theuncommonshop.ch\\\/fr\\\/boutique\\\/\"},{\"@type\":\"ListItem\",\"position\":3,\"name\":\"Yu-Gi-Oh!\",\"item\":\"https:\\\/\\\/theuncommonshop.ch\\\/fr\\\/categorie-produit\\\/yu-gi-oh-fr\\\/\"},{\"@type\":\"ListItem\",\"position\":4,\"name\":\"Coffrets & collections\",\"item\":\"https:\\\/\\\/theuncommonshop.ch\\\/fr\\\/categorie-produit\\\/yu-gi-oh-fr\\\/coffrets-et-collections-yugioh\\\/\"},{\"@type\":\"ListItem\",\"position\":5,\"name\":\"Yu-Gi-Oh ! &#8211; Ghost from the Past &#8211; 2nd Haunting Box 1.Edition\"}]},{\"@type\":\"WebSite\",\"@id\":\"https:\\\/\\\/theuncommonshop.ch\\\/#website\",\"url\":\"https:\\\/\\\/theuncommonshop.ch\\\/\",\"name\":\"Largest trading card shop in Switzerland\",\"description\":\"Magic, Pok\u00e9mon and Yu-gi-oh - The Uncommon Shop\",\"potentialAction\":[{\"@type\":\"SearchAction\",\"target\":{\"@type\":\"EntryPoint\",\"urlTemplate\":\"https:\\\/\\\/theuncommonshop.ch\\\/?s={search_term_string}\"},\"query-input\":{\"@type\":\"PropertyValueSpecification\",\"valueRequired\":true,\"valueName\":\"search_term_string\"}}],\"inLanguage\":\"fr-FR\"}]}<\/script>\n<meta property=\"og:availability\" content=\"instock\" \/>\n<meta property=\"product:availability\" content=\"instock\" \/>\n<meta property=\"product:retailer_item_id\" content=\"YGO.IV.D.GhostFromThePastTwo.EN\" \/>\n<meta property=\"product:condition\" content=\"new\" \/>\n<!-- \/ Yoast SEO plugin. -->","yoast_head_json":{"title":"Ach\u00e8te Yu-Gi-Oh ! - Ghost from the Past - 2nd Haunting Box 1.Edition","description":"Ach\u00e8te Yu-Gi-Oh ! - Ghost from the Past - 2nd Haunting Box 1.Edition en ligne maintenant \u00e0 petit prix! Ton #1 shop pour cartes TCG & Pok\u00e9mon en Suisse \u2713 Livraison gratuite d\u00e8s CHF 29","robots":{"index":"index","follow":"follow","max-snippet":"max-snippet:-1","max-image-preview":"max-image-preview:large","max-video-preview":"max-video-preview:-1"},"canonical":"https:\/\/theuncommonshop.ch\/fr\/product\/yu-gi-oh-ghost-from-the-past-2nd-haunting-box-1-edition-2\/","og_locale":"fr_FR","og_type":"article","og_title":"Ach\u00e8te Yu-Gi-Oh ! - Ghost from the Past - 2nd Haunting Box 1.Edition","og_description":"Ach\u00e8te Yu-Gi-Oh ! - Ghost from the Past - 2nd Haunting Box 1.Edition en ligne maintenant \u00e0 petit prix! Ton #1 shop pour cartes TCG & Pok\u00e9mon en Suisse \u2713 Livraison gratuite d\u00e8s CHF 29","og_url":"https:\/\/theuncommonshop.ch\/fr\/product\/yu-gi-oh-ghost-from-the-past-2nd-haunting-box-1-edition-2\/","og_site_name":"Largest trading card shop in Switzerland","article_modified_time":"2026-03-28T15:50:27+00:00","og_image":[{"width":734,"height":600,"url":"https:\/\/theuncommonshop.ch\/wp-content\/uploads\/2025\/06\/2901626770.jpg","type":"image\/jpeg"}],"twitter_card":"summary_large_image","twitter_misc":{"Disponibilit\u00e9":"En stock"},"schema":{"@context":"https:\/\/schema.org","@graph":[{"@type":"WebPage","@id":"https:\/\/theuncommonshop.ch\/fr\/product\/yu-gi-oh-ghost-from-the-past-2nd-haunting-box-1-edition-2\/","url":"https:\/\/theuncommonshop.ch\/fr\/product\/yu-gi-oh-ghost-from-the-past-2nd-haunting-box-1-edition-2\/","name":"Ach\u00e8te Yu-Gi-Oh ! - Ghost from the Past - 2nd Haunting Box 1.Edition","isPartOf":{"@id":"https:\/\/theuncommonshop.ch\/#website"},"primaryImageOfPage":{"@id":"https:\/\/theuncommonshop.ch\/fr\/product\/yu-gi-oh-ghost-from-the-past-2nd-haunting-box-1-edition-2\/#primaryimage"},"image":{"@id":"https:\/\/theuncommonshop.ch\/fr\/product\/yu-gi-oh-ghost-from-the-past-2nd-haunting-box-1-edition-2\/#primaryimage"},"thumbnailUrl":"https:\/\/theuncommonshop.ch\/wp-content\/uploads\/2025\/06\/2901626770.jpg","datePublished":"2025-06-03T03:37:53+00:00","dateModified":"2026-03-28T15:50:27+00:00","description":"Ach\u00e8te Yu-Gi-Oh ! - Ghost from the Past - 2nd Haunting Box 1.Edition en ligne maintenant \u00e0 petit prix! Ton #1 shop pour cartes TCG & Pok\u00e9mon en Suisse \u2713 Livraison gratuite d\u00e8s CHF 29","breadcrumb":{"@id":"https:\/\/theuncommonshop.ch\/fr\/product\/yu-gi-oh-ghost-from-the-past-2nd-haunting-box-1-edition-2\/#breadcrumb"},"inLanguage":"fr-FR","potentialAction":[{"@type":"ReadAction","target":["https:\/\/theuncommonshop.ch\/fr\/product\/yu-gi-oh-ghost-from-the-past-2nd-haunting-box-1-edition-2\/"]}]},{"@type":"ImageObject","inLanguage":"fr-FR","@id":"https:\/\/theuncommonshop.ch\/fr\/product\/yu-gi-oh-ghost-from-the-past-2nd-haunting-box-1-edition-2\/#primaryimage","url":"https:\/\/theuncommonshop.ch\/wp-content\/uploads\/2025\/06\/2901626770.jpg","contentUrl":"https:\/\/theuncommonshop.ch\/wp-content\/uploads\/2025\/06\/2901626770.jpg","width":734,"height":600},{"@type":"BreadcrumbList","@id":"https:\/\/theuncommonshop.ch\/fr\/product\/yu-gi-oh-ghost-from-the-past-2nd-haunting-box-1-edition-2\/#breadcrumb","itemListElement":[{"@type":"ListItem","position":1,"name":"Accueil","item":"https:\/\/theuncommonshop.ch\/fr\/accueil\/"},{"@type":"ListItem","position":2,"name":"Boutique","item":"https:\/\/theuncommonshop.ch\/fr\/boutique\/"},{"@type":"ListItem","position":3,"name":"Yu-Gi-Oh!","item":"https:\/\/theuncommonshop.ch\/fr\/categorie-produit\/yu-gi-oh-fr\/"},{"@type":"ListItem","position":4,"name":"Coffrets & collections","item":"https:\/\/theuncommonshop.ch\/fr\/categorie-produit\/yu-gi-oh-fr\/coffrets-et-collections-yugioh\/"},{"@type":"ListItem","position":5,"name":"Yu-Gi-Oh ! &#8211; Ghost from the Past &#8211; 2nd Haunting Box 1.Edition"}]},{"@type":"WebSite","@id":"https:\/\/theuncommonshop.ch\/#website","url":"https:\/\/theuncommonshop.ch\/","name":"Largest trading card shop in Switzerland","description":"Magic, Pok\u00e9mon and Yu-gi-oh - The Uncommon Shop","potentialAction":[{"@type":"SearchAction","target":{"@type":"EntryPoint","urlTemplate":"https:\/\/theuncommonshop.ch\/?s={search_term_string}"},"query-input":{"@type":"PropertyValueSpecification","valueRequired":true,"valueName":"search_term_string"}}],"inLanguage":"fr-FR"}]},"og_availability":"instock","product_availability":"instock","product_retailer_item_id":"YGO.IV.D.GhostFromThePastTwo.EN","product_condition":"new"},"_links":{"self":[{"href":"https:\/\/theuncommonshop.ch\/fr\/wp-json\/wp\/v2\/product\/327749","targetHints":{"allow":["GET"]}}],"collection":[{"href":"https:\/\/theuncommonshop.ch\/fr\/wp-json\/wp\/v2\/product"}],"about":[{"href":"https:\/\/theuncommonshop.ch\/fr\/wp-json\/wp\/v2\/types\/product"}],"replies":[{"embeddable":true,"href":"https:\/\/theuncommonshop.ch\/fr\/wp-json\/wp\/v2\/comments?post=327749"}],"version-history":[{"count":2,"href":"https:\/\/theuncommonshop.ch\/fr\/wp-json\/wp\/v2\/product\/327749\/revisions"}],"predecessor-version":[{"id":355157,"href":"https:\/\/theuncommonshop.ch\/fr\/wp-json\/wp\/v2\/product\/327749\/revisions\/355157"}],"wp:featuredmedia":[{"embeddable":true,"href":"https:\/\/theuncommonshop.ch\/fr\/wp-json\/wp\/v2\/media\/66155"}],"wp:attachment":[{"href":"https:\/\/theuncommonshop.ch\/fr\/wp-json\/wp\/v2\/media?parent=327749"}],"wp:term":[{"taxonomy":"product_brand","embeddable":true,"href":"https:\/\/theuncommonshop.ch\/fr\/wp-json\/wp\/v2\/product_brand?post=327749"},{"taxonomy":"product_cat","embeddable":true,"href":"https:\/\/theuncommonshop.ch\/fr\/wp-json\/wp\/v2\/product_cat?post=327749"},{"taxonomy":"product_tag","embeddable":true,"href":"https:\/\/theuncommonshop.ch\/fr\/wp-json\/wp\/v2\/product_tag?post=327749"}],"curies":[{"name":"wp","href":"https:\/\/api.w.org\/{rel}","templated":true}]}}