{"id":327603,"date":"2025-06-03T22:56:04","date_gmt":"2025-06-03T22:56:04","guid":{"rendered":"http:\/\/theuncommonshop.ch\/produkt\/327603\/"},"modified":"2026-05-15T17:11:30","modified_gmt":"2026-05-15T15:11:30","slug":"magic-secret-lair-artist-series-sam-burley-2","status":"publish","type":"product","link":"https:\/\/theuncommonshop.ch\/fr\/product\/magic-secret-lair-artist-series-sam-burley-2\/","title":{"rendered":"Magic &#8211; Secret Lair &#8211; Artist Series : Sam Burley"},"content":{"rendered":"<p data-start=\"52\" data-end=\"284\"><strong>Magic &#8211; Secret Lair &#8211; Artist Series : Sam Burley<\/strong><\/p>\n<p data-start=\"52\" data-end=\"284\">La <strong data-start=\"56\" data-end=\"107\">s\u00e9rie Magic &#8211; Secret Lair &#8211; Artist Series : Sam Burley<\/strong> fait partie du c\u00e9l\u00e8bre <strong data-start=\"131\" data-end=\"172\"><span class=\"hover:entity-accent entity-underline inline cursor-pointer align-baseline\"><span class=\"whitespace-normal\">Secret Lair<\/span><\/span><\/strong> et pr\u00e9sente les \u0153uvres de l&#8217;illustrateur Magic <strong data-start=\"223\" data-end=\"264\"><span class=\"hover:entity-accent entity-underline inline cursor-pointer align-baseline\"><span class=\"whitespace-normal\">Sam Burley<\/span><\/span><\/strong> au centre de l&#8217;action.<\/p>\n<p data-start=\"286\" data-end=\"695\">Sam Burley est connu pour ses illustrations fantastiques dynamiques et ses repr\u00e9sentations d\u00e9taill\u00e9es de cr\u00e9atures et de personnages. Son travail se caract\u00e9rise par des couleurs vives, des contrastes marqu\u00e9s et une repr\u00e9sentation particuli\u00e8rement vivante des mondes Magic. Dans ce Secret Lair Drop, plusieurs cartes Magic bien connues b\u00e9n\u00e9ficient de nouvelles illustrations qui refl\u00e8tent le style inimitable de l&#8217;artiste.  <\/p>\n<p data-start=\"697\" data-end=\"914\">En combinant des cartes populaires et des artworks exclusifs, cette Artist Series est un compl\u00e9ment int\u00e9ressant pour les collectionneurs ainsi que pour les joueurs qui souhaitent enrichir leurs decks avec des variantes de cartes particuli\u00e8res.<\/p>\n<h3 data-section-id=\"nbhvm8\" data-start=\"916\" data-end=\"926\">Contenu :<\/h3>\n<ul>\n<li>1x Braid of Fire<\/li>\n<li>1x Koth of the Hammer<\/li>\n<li>1x ma\u00eetre de la chasse sauvage<\/li>\n<li>1x Karrthus, Tyrant de Jund<\/li>\n<\/ul>\n<h3 data-section-id=\"nbhvm8\" data-start=\"916\" data-end=\"926\"><\/h3>\n","protected":false},"excerpt":{"rendered":"<p>Magic &#8211; Secret Lair &#8211; Artist Series : Sam Burley La s\u00e9rie Magic &#8211; Secret Lair &#8211; Artist Series :<\/p>\n","protected":false},"featured_media":375217,"comment_status":"open","ping_status":"closed","template":"","meta":{"_acf_changed":false},"product_brand":[5158,5070],"product_cat":[9973,9967,10159],"product_tag":[],"class_list":{"0":"post-327603","1":"product","2":"type-product","3":"status-publish","4":"has-post-thumbnail","6":"product_brand-magic-the-gathering","7":"product_brand-wizards-of-the-coast","8":"product_cat-autres","9":"product_cat-magic-the-gathering-fr","10":"product_cat-secret-lair","12":"first","13":"instock","14":"taxable","15":"shipping-taxable","16":"purchasable","17":"product-type-variable"},"acf":[],"yoast_head":"<!-- This site is optimized with the Yoast SEO plugin v27.6 - https:\/\/yoast.com\/product\/yoast-seo-wordpress\/ -->\n<title>Ach\u00e8te Magic - Secret Lair - Artist Series : Sam Burley<\/title>\n<meta name=\"description\" content=\"Ach\u00e8te Magic - Secret Lair - Artist Series : Sam Burley en ligne maintenant \u00e0 petit prix! Ton #1 shop pour cartes TCG &amp; Pok\u00e9mon en Suisse \u2713 Livraison gratuite d\u00e8s CHF 29\" \/>\n<meta name=\"robots\" content=\"index, follow, max-snippet:-1, max-image-preview:large, max-video-preview:-1\" \/>\n<link rel=\"canonical\" href=\"https:\/\/theuncommonshop.ch\/fr\/product\/magic-secret-lair-artist-series-sam-burley-2\/\" \/>\n<meta property=\"og:locale\" content=\"fr_FR\" \/>\n<meta property=\"og:type\" content=\"article\" \/>\n<meta property=\"og:title\" content=\"Ach\u00e8te Magic - Secret Lair - Artist Series : Sam Burley\" \/>\n<meta property=\"og:description\" content=\"Ach\u00e8te Magic - Secret Lair - Artist Series : Sam Burley en ligne maintenant \u00e0 petit prix! Ton #1 shop pour cartes TCG &amp; Pok\u00e9mon en Suisse \u2713 Livraison gratuite d\u00e8s CHF 29\" \/>\n<meta property=\"og:url\" content=\"https:\/\/theuncommonshop.ch\/fr\/product\/magic-secret-lair-artist-series-sam-burley-2\/\" \/>\n<meta property=\"og:site_name\" content=\"The Uncommon Shop\" \/>\n<meta property=\"article:modified_time\" content=\"2026-05-15T15:11:30+00:00\" \/>\n<meta property=\"og:image\" content=\"https:\/\/theuncommonshop.ch\/wp-content\/uploads\/2025\/06\/SamBurley1.webp\" \/>\n\t<meta property=\"og:image:width\" content=\"636\" \/>\n\t<meta property=\"og:image:height\" content=\"636\" \/>\n\t<meta property=\"og:image:type\" content=\"image\/webp\" \/>\n<meta name=\"twitter:card\" content=\"summary_large_image\" \/>\n<meta name=\"twitter:label1\" content=\"Disponibilit\u00e9\" \/>\n\t<meta name=\"twitter:data1\" content=\"En stock\" \/>\n<script type=\"application\/ld+json\" class=\"yoast-schema-graph\">{\"@context\":\"https:\\\/\\\/schema.org\",\"@graph\":[{\"@type\":\"WebPage\",\"@id\":\"https:\\\/\\\/theuncommonshop.ch\\\/fr\\\/product\\\/magic-secret-lair-artist-series-sam-burley-2\\\/\",\"url\":\"https:\\\/\\\/theuncommonshop.ch\\\/fr\\\/product\\\/magic-secret-lair-artist-series-sam-burley-2\\\/\",\"name\":\"Ach\u00e8te Magic - Secret Lair - Artist Series : Sam Burley\",\"isPartOf\":{\"@id\":\"https:\\\/\\\/theuncommonshop.ch\\\/fr\\\/#website\"},\"primaryImageOfPage\":{\"@id\":\"https:\\\/\\\/theuncommonshop.ch\\\/fr\\\/product\\\/magic-secret-lair-artist-series-sam-burley-2\\\/#primaryimage\"},\"image\":{\"@id\":\"https:\\\/\\\/theuncommonshop.ch\\\/fr\\\/product\\\/magic-secret-lair-artist-series-sam-burley-2\\\/#primaryimage\"},\"thumbnailUrl\":\"https:\\\/\\\/theuncommonshop.ch\\\/wp-content\\\/uploads\\\/2025\\\/06\\\/SamBurley1.webp\",\"datePublished\":\"2025-06-03T22:56:04+00:00\",\"dateModified\":\"2026-05-15T15:11:30+00:00\",\"description\":\"Ach\u00e8te Magic - Secret Lair - Artist Series : Sam Burley en ligne maintenant \u00e0 petit prix! Ton #1 shop pour cartes TCG & Pok\u00e9mon en Suisse \u2713 Livraison gratuite d\u00e8s CHF 29\",\"breadcrumb\":{\"@id\":\"https:\\\/\\\/theuncommonshop.ch\\\/fr\\\/product\\\/magic-secret-lair-artist-series-sam-burley-2\\\/#breadcrumb\"},\"inLanguage\":\"fr-FR\",\"potentialAction\":[{\"@type\":\"ReadAction\",\"target\":[\"https:\\\/\\\/theuncommonshop.ch\\\/fr\\\/product\\\/magic-secret-lair-artist-series-sam-burley-2\\\/\"]}]},{\"@type\":\"ImageObject\",\"inLanguage\":\"fr-FR\",\"@id\":\"https:\\\/\\\/theuncommonshop.ch\\\/fr\\\/product\\\/magic-secret-lair-artist-series-sam-burley-2\\\/#primaryimage\",\"url\":\"https:\\\/\\\/theuncommonshop.ch\\\/wp-content\\\/uploads\\\/2025\\\/06\\\/SamBurley1.webp\",\"contentUrl\":\"https:\\\/\\\/theuncommonshop.ch\\\/wp-content\\\/uploads\\\/2025\\\/06\\\/SamBurley1.webp\",\"width\":636,\"height\":636,\"caption\":\"SamBurley1\"},{\"@type\":\"BreadcrumbList\",\"@id\":\"https:\\\/\\\/theuncommonshop.ch\\\/fr\\\/product\\\/magic-secret-lair-artist-series-sam-burley-2\\\/#breadcrumb\",\"itemListElement\":[{\"@type\":\"ListItem\",\"position\":1,\"name\":\"Accueil\",\"item\":\"https:\\\/\\\/theuncommonshop.ch\\\/fr\\\/accueil\\\/\"},{\"@type\":\"ListItem\",\"position\":2,\"name\":\"Boutique\",\"item\":\"https:\\\/\\\/theuncommonshop.ch\\\/fr\\\/boutique\\\/\"},{\"@type\":\"ListItem\",\"position\":3,\"name\":\"Magic the Gathering\",\"item\":\"https:\\\/\\\/theuncommonshop.ch\\\/fr\\\/categorie-produit\\\/magic-the-gathering-fr\\\/\"},{\"@type\":\"ListItem\",\"position\":4,\"name\":\"Autres\",\"item\":\"https:\\\/\\\/theuncommonshop.ch\\\/fr\\\/categorie-produit\\\/magic-the-gathering-fr\\\/autres\\\/\"},{\"@type\":\"ListItem\",\"position\":5,\"name\":\"Secret Lair\",\"item\":\"https:\\\/\\\/theuncommonshop.ch\\\/fr\\\/categorie-produit\\\/magic-the-gathering-fr\\\/autres\\\/secret-lair\\\/\"},{\"@type\":\"ListItem\",\"position\":6,\"name\":\"Magic &#8211; Secret Lair &#8211; Artist Series : Sam Burley\"}]},{\"@type\":\"WebSite\",\"@id\":\"https:\\\/\\\/theuncommonshop.ch\\\/fr\\\/#website\",\"url\":\"https:\\\/\\\/theuncommonshop.ch\\\/fr\\\/\",\"name\":\"The Uncommon Shop\",\"description\":\"Magic, Pok\u00e9mon and Yu-gi-oh - The Uncommon Shop\",\"potentialAction\":[{\"@type\":\"SearchAction\",\"target\":{\"@type\":\"EntryPoint\",\"urlTemplate\":\"https:\\\/\\\/theuncommonshop.ch\\\/fr\\\/?s={search_term_string}\"},\"query-input\":{\"@type\":\"PropertyValueSpecification\",\"valueRequired\":true,\"valueName\":\"search_term_string\"}}],\"inLanguage\":\"fr-FR\"}]}<\/script>\n<meta property=\"og:availability\" content=\"instock\" \/>\n<meta property=\"product:availability\" content=\"instock\" \/>\n<meta property=\"product:condition\" content=\"new\" \/>\n<!-- \/ Yoast SEO plugin. -->","yoast_head_json":{"title":"Ach\u00e8te Magic - Secret Lair - Artist Series : Sam Burley","description":"Ach\u00e8te Magic - Secret Lair - Artist Series : Sam Burley en ligne maintenant \u00e0 petit prix! Ton #1 shop pour cartes TCG & Pok\u00e9mon en Suisse \u2713 Livraison gratuite d\u00e8s CHF 29","robots":{"index":"index","follow":"follow","max-snippet":"max-snippet:-1","max-image-preview":"max-image-preview:large","max-video-preview":"max-video-preview:-1"},"canonical":"https:\/\/theuncommonshop.ch\/fr\/product\/magic-secret-lair-artist-series-sam-burley-2\/","og_locale":"fr_FR","og_type":"article","og_title":"Ach\u00e8te Magic - Secret Lair - Artist Series : Sam Burley","og_description":"Ach\u00e8te Magic - Secret Lair - Artist Series : Sam Burley en ligne maintenant \u00e0 petit prix! Ton #1 shop pour cartes TCG & Pok\u00e9mon en Suisse \u2713 Livraison gratuite d\u00e8s CHF 29","og_url":"https:\/\/theuncommonshop.ch\/fr\/product\/magic-secret-lair-artist-series-sam-burley-2\/","og_site_name":"The Uncommon Shop","article_modified_time":"2026-05-15T15:11:30+00:00","og_image":[{"width":636,"height":636,"url":"https:\/\/theuncommonshop.ch\/wp-content\/uploads\/2025\/06\/SamBurley1.webp","type":"image\/webp"}],"twitter_card":"summary_large_image","twitter_misc":{"Disponibilit\u00e9":"En stock"},"schema":{"@context":"https:\/\/schema.org","@graph":[{"@type":"WebPage","@id":"https:\/\/theuncommonshop.ch\/fr\/product\/magic-secret-lair-artist-series-sam-burley-2\/","url":"https:\/\/theuncommonshop.ch\/fr\/product\/magic-secret-lair-artist-series-sam-burley-2\/","name":"Ach\u00e8te Magic - Secret Lair - Artist Series : Sam Burley","isPartOf":{"@id":"https:\/\/theuncommonshop.ch\/fr\/#website"},"primaryImageOfPage":{"@id":"https:\/\/theuncommonshop.ch\/fr\/product\/magic-secret-lair-artist-series-sam-burley-2\/#primaryimage"},"image":{"@id":"https:\/\/theuncommonshop.ch\/fr\/product\/magic-secret-lair-artist-series-sam-burley-2\/#primaryimage"},"thumbnailUrl":"https:\/\/theuncommonshop.ch\/wp-content\/uploads\/2025\/06\/SamBurley1.webp","datePublished":"2025-06-03T22:56:04+00:00","dateModified":"2026-05-15T15:11:30+00:00","description":"Ach\u00e8te Magic - Secret Lair - Artist Series : Sam Burley en ligne maintenant \u00e0 petit prix! Ton #1 shop pour cartes TCG & Pok\u00e9mon en Suisse \u2713 Livraison gratuite d\u00e8s CHF 29","breadcrumb":{"@id":"https:\/\/theuncommonshop.ch\/fr\/product\/magic-secret-lair-artist-series-sam-burley-2\/#breadcrumb"},"inLanguage":"fr-FR","potentialAction":[{"@type":"ReadAction","target":["https:\/\/theuncommonshop.ch\/fr\/product\/magic-secret-lair-artist-series-sam-burley-2\/"]}]},{"@type":"ImageObject","inLanguage":"fr-FR","@id":"https:\/\/theuncommonshop.ch\/fr\/product\/magic-secret-lair-artist-series-sam-burley-2\/#primaryimage","url":"https:\/\/theuncommonshop.ch\/wp-content\/uploads\/2025\/06\/SamBurley1.webp","contentUrl":"https:\/\/theuncommonshop.ch\/wp-content\/uploads\/2025\/06\/SamBurley1.webp","width":636,"height":636,"caption":"SamBurley1"},{"@type":"BreadcrumbList","@id":"https:\/\/theuncommonshop.ch\/fr\/product\/magic-secret-lair-artist-series-sam-burley-2\/#breadcrumb","itemListElement":[{"@type":"ListItem","position":1,"name":"Accueil","item":"https:\/\/theuncommonshop.ch\/fr\/accueil\/"},{"@type":"ListItem","position":2,"name":"Boutique","item":"https:\/\/theuncommonshop.ch\/fr\/boutique\/"},{"@type":"ListItem","position":3,"name":"Magic the Gathering","item":"https:\/\/theuncommonshop.ch\/fr\/categorie-produit\/magic-the-gathering-fr\/"},{"@type":"ListItem","position":4,"name":"Autres","item":"https:\/\/theuncommonshop.ch\/fr\/categorie-produit\/magic-the-gathering-fr\/autres\/"},{"@type":"ListItem","position":5,"name":"Secret Lair","item":"https:\/\/theuncommonshop.ch\/fr\/categorie-produit\/magic-the-gathering-fr\/autres\/secret-lair\/"},{"@type":"ListItem","position":6,"name":"Magic &#8211; Secret Lair &#8211; Artist Series : Sam Burley"}]},{"@type":"WebSite","@id":"https:\/\/theuncommonshop.ch\/fr\/#website","url":"https:\/\/theuncommonshop.ch\/fr\/","name":"The Uncommon Shop","description":"Magic, Pok\u00e9mon and Yu-gi-oh - The Uncommon Shop","potentialAction":[{"@type":"SearchAction","target":{"@type":"EntryPoint","urlTemplate":"https:\/\/theuncommonshop.ch\/fr\/?s={search_term_string}"},"query-input":{"@type":"PropertyValueSpecification","valueRequired":true,"valueName":"search_term_string"}}],"inLanguage":"fr-FR"}]},"og_availability":"instock","product_availability":"instock","product_condition":"new"},"_links":{"self":[{"href":"https:\/\/theuncommonshop.ch\/fr\/wp-json\/wp\/v2\/product\/327603","targetHints":{"allow":["GET"]}}],"collection":[{"href":"https:\/\/theuncommonshop.ch\/fr\/wp-json\/wp\/v2\/product"}],"about":[{"href":"https:\/\/theuncommonshop.ch\/fr\/wp-json\/wp\/v2\/types\/product"}],"replies":[{"embeddable":true,"href":"https:\/\/theuncommonshop.ch\/fr\/wp-json\/wp\/v2\/comments?post=327603"}],"version-history":[{"count":1,"href":"https:\/\/theuncommonshop.ch\/fr\/wp-json\/wp\/v2\/product\/327603\/revisions"}],"predecessor-version":[{"id":375279,"href":"https:\/\/theuncommonshop.ch\/fr\/wp-json\/wp\/v2\/product\/327603\/revisions\/375279"}],"wp:featuredmedia":[{"embeddable":true,"href":"https:\/\/theuncommonshop.ch\/fr\/wp-json\/wp\/v2\/media\/375217"}],"wp:attachment":[{"href":"https:\/\/theuncommonshop.ch\/fr\/wp-json\/wp\/v2\/media?parent=327603"}],"wp:term":[{"taxonomy":"product_brand","embeddable":true,"href":"https:\/\/theuncommonshop.ch\/fr\/wp-json\/wp\/v2\/product_brand?post=327603"},{"taxonomy":"product_cat","embeddable":true,"href":"https:\/\/theuncommonshop.ch\/fr\/wp-json\/wp\/v2\/product_cat?post=327603"},{"taxonomy":"product_tag","embeddable":true,"href":"https:\/\/theuncommonshop.ch\/fr\/wp-json\/wp\/v2\/product_tag?post=327603"}],"curies":[{"name":"wp","href":"https:\/\/api.w.org\/{rel}","templated":true}]}}