{"id":327467,"date":"2025-06-03T19:21:32","date_gmt":"2025-06-03T19:21:32","guid":{"rendered":"http:\/\/theuncommonshop.ch\/produkt\/327467\/"},"modified":"2026-03-28T18:14:49","modified_gmt":"2026-03-28T17:14:49","slug":"ultra-pro-storage-3-drawer-organizer-2","status":"publish","type":"product","link":"https:\/\/theuncommonshop.ch\/fr\/product\/ultra-pro-storage-3-drawer-organizer-2\/","title":{"rendered":"Ultra Pro &#8211; Organiseur de stockage \u00e0 3 tiroirs"},"content":{"rendered":"<p>Am\u00e9liorez le rangement de vos cartes avec l&#8217;organisateur \u00e0 3 tiroirs PRO-Storage d&#8217;Ultra PRO. Avec 3 tiroirs spacieux pour les cartes stock\u00e9es dans des pochettes, des Toploaders, ONE-TOUCH ou autrement sans protection, les mat\u00e9riaux rigides en polypropyl\u00e8ne sont sans acide et sans PVC pour un stockage de premi\u00e8re classe. Le couvercle \u00e0 encliquetage et les tiroirs amovibles vous permettent d&#8217;acc\u00e9der facilement aux trois tiroirs lorsque le couvercle est ouvert ou de placer un tiroir \u00e0 la fois sur la table. Pour une organisation plus pouss\u00e9e, cet organiseur comprend 9 s\u00e9parateurs de cartes assortis et une fente \u00e0 l&#8217;avant de chaque tiroir pouvant accueillir une carte \u00e0 collectionner de taille standard. Avec des dimensions ext\u00e9rieures de 12,96 x 5,95 x 13,5 pouces et un fond encastr\u00e9, ces syst\u00e8mes de classement s&#8217;empilent en toute s\u00e9curit\u00e9 et se rangent facilement dans la plupart des syst\u00e8mes d&#8217;\u00e9tag\u00e8res standard.      <\/p>\n<div><\/div>\n<ul>\n<li>Solution de rangement \u00e0 3 tiroirs pour plus de 1 000 cartes \u00e0 collectionner standard (plus de 500 cartes \u00e0 double pochette)<\/li>\n<li>Fente de la taille d&#8217;une carte sur la face avant pour l&#8217;\u00e9tiquetage des tiroirs  <\/li>\n<li>Contient 9 s\u00e9parateurs pour une meilleure organisation dans les tiroirs<\/li>\n<li>Couvercle et tiroirs amovibles avec fermeture \u00e0 ressort pour un acc\u00e8s facile aux cartes<\/li>\n<li>Empilable et adapt\u00e9 \u00e0 la plupart des syst\u00e8mes de rayonnage standard<\/li>\n<li>Id\u00e9al pour les cartes standard 2.5 in x 3.5 in. Cartes \u00e0 collectionner MTG, Pok\u00e9mon ou sport <\/li>\n<li>Les tiroirs s&#8217;adaptent \u00e0 de nombreuses bo\u00eetes de pont Ultra Pro, notamment les bo\u00eetes de pont Alcove Flip, Satin Cube, Eclipse 100+ et PRO 80+.<\/li>\n<li>Parfait pour les collections de cartes priv\u00e9es et commerciales<\/li>\n<\/ul>\n","protected":false},"excerpt":{"rendered":"<p>Am\u00e9liorez le rangement de vos cartes avec l&#8217;organisateur \u00e0 3 tiroirs PRO-Storage d&#8217;Ultra PRO. Avec 3 tiroirs spacieux pour les<\/p>\n","protected":false},"featured_media":88717,"comment_status":"open","ping_status":"closed","template":"","meta":{"_acf_changed":false},"product_brand":[5098],"product_cat":[9875,9867,10259,10029],"product_tag":[],"class_list":{"0":"post-327467","1":"product","2":"type-product","3":"status-publish","4":"has-post-thumbnail","6":"product_brand-ultra-pro","7":"product_cat-grandes-boites-de-rangement","8":"product_cat-rangement","9":"product_cat-tout","10":"product_cat-ultra-pro","12":"first","13":"outofstock","14":"taxable","15":"shipping-taxable","16":"purchasable","17":"product-type-simple"},"acf":[],"yoast_head":"<!-- This site is optimized with the Yoast SEO plugin v27.4 - https:\/\/yoast.com\/product\/yoast-seo-wordpress\/ -->\n<title>Ach\u00e8te Ultra Pro - Organiseur de stockage \u00e0 3 tiroirs<\/title>\n<meta name=\"description\" content=\"Ach\u00e8te Ultra Pro - Organiseur de stockage \u00e0 3 tiroirs en ligne maintenant \u00e0 petit prix! Ton #1 shop pour cartes TCG &amp; Pok\u00e9mon en Suisse \u2713 Livraison gratuite d\u00e8s CHF 29\" \/>\n<meta name=\"robots\" content=\"index, follow, max-snippet:-1, max-image-preview:large, max-video-preview:-1\" \/>\n<link rel=\"canonical\" href=\"https:\/\/theuncommonshop.ch\/fr\/product\/ultra-pro-storage-3-drawer-organizer-2\/\" \/>\n<meta property=\"og:locale\" content=\"fr_FR\" \/>\n<meta property=\"og:type\" content=\"article\" \/>\n<meta property=\"og:title\" content=\"Ach\u00e8te Ultra Pro - Organiseur de stockage \u00e0 3 tiroirs\" \/>\n<meta property=\"og:description\" content=\"Ach\u00e8te Ultra Pro - Organiseur de stockage \u00e0 3 tiroirs en ligne maintenant \u00e0 petit prix! Ton #1 shop pour cartes TCG &amp; Pok\u00e9mon en Suisse \u2713 Livraison gratuite d\u00e8s CHF 29\" \/>\n<meta property=\"og:url\" content=\"https:\/\/theuncommonshop.ch\/fr\/product\/ultra-pro-storage-3-drawer-organizer-2\/\" \/>\n<meta property=\"og:site_name\" content=\"Largest trading card shop in Switzerland\" \/>\n<meta property=\"article:modified_time\" content=\"2026-03-28T17:14:49+00:00\" \/>\n<meta property=\"og:image\" content=\"https:\/\/theuncommonshop.ch\/wp-content\/uploads\/2025\/06\/3422840090.jpg\" \/>\n\t<meta property=\"og:image:width\" content=\"509\" \/>\n\t<meta property=\"og:image:height\" content=\"335\" \/>\n\t<meta property=\"og:image:type\" content=\"image\/jpeg\" \/>\n<meta name=\"twitter:card\" content=\"summary_large_image\" \/>\n<meta name=\"twitter:label1\" content=\"Prix\" \/>\n\t<meta name=\"twitter:data1\" content=\"&#067;&#072;&#070;&nbsp;59.95\" \/>\n\t<meta name=\"twitter:label2\" content=\"Disponibilit\u00e9\" \/>\n\t<meta name=\"twitter:data2\" content=\"Rupture de stock\" \/>\n<script type=\"application\/ld+json\" class=\"yoast-schema-graph\">{\"@context\":\"https:\\\/\\\/schema.org\",\"@graph\":[{\"@type\":\"WebPage\",\"@id\":\"https:\\\/\\\/theuncommonshop.ch\\\/fr\\\/product\\\/ultra-pro-storage-3-drawer-organizer-2\\\/\",\"url\":\"https:\\\/\\\/theuncommonshop.ch\\\/fr\\\/product\\\/ultra-pro-storage-3-drawer-organizer-2\\\/\",\"name\":\"Ach\u00e8te Ultra Pro - Organiseur de stockage \u00e0 3 tiroirs\",\"isPartOf\":{\"@id\":\"https:\\\/\\\/theuncommonshop.ch\\\/#website\"},\"primaryImageOfPage\":{\"@id\":\"https:\\\/\\\/theuncommonshop.ch\\\/fr\\\/product\\\/ultra-pro-storage-3-drawer-organizer-2\\\/#primaryimage\"},\"image\":{\"@id\":\"https:\\\/\\\/theuncommonshop.ch\\\/fr\\\/product\\\/ultra-pro-storage-3-drawer-organizer-2\\\/#primaryimage\"},\"thumbnailUrl\":\"https:\\\/\\\/theuncommonshop.ch\\\/wp-content\\\/uploads\\\/2025\\\/06\\\/3422840090.jpg\",\"datePublished\":\"2025-06-03T19:21:32+00:00\",\"dateModified\":\"2026-03-28T17:14:49+00:00\",\"description\":\"Ach\u00e8te Ultra Pro - Organiseur de stockage \u00e0 3 tiroirs en ligne maintenant \u00e0 petit prix! Ton #1 shop pour cartes TCG & Pok\u00e9mon en Suisse \u2713 Livraison gratuite d\u00e8s CHF 29\",\"breadcrumb\":{\"@id\":\"https:\\\/\\\/theuncommonshop.ch\\\/fr\\\/product\\\/ultra-pro-storage-3-drawer-organizer-2\\\/#breadcrumb\"},\"inLanguage\":\"fr-FR\",\"potentialAction\":[{\"@type\":\"ReadAction\",\"target\":[\"https:\\\/\\\/theuncommonshop.ch\\\/fr\\\/product\\\/ultra-pro-storage-3-drawer-organizer-2\\\/\"]}]},{\"@type\":\"ImageObject\",\"inLanguage\":\"fr-FR\",\"@id\":\"https:\\\/\\\/theuncommonshop.ch\\\/fr\\\/product\\\/ultra-pro-storage-3-drawer-organizer-2\\\/#primaryimage\",\"url\":\"https:\\\/\\\/theuncommonshop.ch\\\/wp-content\\\/uploads\\\/2025\\\/06\\\/3422840090.jpg\",\"contentUrl\":\"https:\\\/\\\/theuncommonshop.ch\\\/wp-content\\\/uploads\\\/2025\\\/06\\\/3422840090.jpg\",\"width\":509,\"height\":335},{\"@type\":\"BreadcrumbList\",\"@id\":\"https:\\\/\\\/theuncommonshop.ch\\\/fr\\\/product\\\/ultra-pro-storage-3-drawer-organizer-2\\\/#breadcrumb\",\"itemListElement\":[{\"@type\":\"ListItem\",\"position\":1,\"name\":\"Accueil\",\"item\":\"https:\\\/\\\/theuncommonshop.ch\\\/fr\\\/accueil\\\/\"},{\"@type\":\"ListItem\",\"position\":2,\"name\":\"Boutique\",\"item\":\"https:\\\/\\\/theuncommonshop.ch\\\/fr\\\/boutique\\\/\"},{\"@type\":\"ListItem\",\"position\":3,\"name\":\"Accessoires TCG\",\"item\":\"https:\\\/\\\/theuncommonshop.ch\\\/fr\\\/categorie-produit\\\/accessoires-tcg\\\/\"},{\"@type\":\"ListItem\",\"position\":4,\"name\":\"Rangement\",\"item\":\"https:\\\/\\\/theuncommonshop.ch\\\/fr\\\/categorie-produit\\\/accessoires-tcg\\\/rangement\\\/\"},{\"@type\":\"ListItem\",\"position\":5,\"name\":\"Grandes bo\u00eetes de rangement\",\"item\":\"https:\\\/\\\/theuncommonshop.ch\\\/fr\\\/categorie-produit\\\/accessoires-tcg\\\/rangement\\\/grandes-boites-de-rangement\\\/\"},{\"@type\":\"ListItem\",\"position\":6,\"name\":\"Ultra Pro &#8211; Organiseur de stockage \u00e0 3 tiroirs\"}]},{\"@type\":\"WebSite\",\"@id\":\"https:\\\/\\\/theuncommonshop.ch\\\/#website\",\"url\":\"https:\\\/\\\/theuncommonshop.ch\\\/\",\"name\":\"Largest trading card shop in Switzerland\",\"description\":\"Magic, Pok\u00e9mon and Yu-gi-oh - The Uncommon Shop\",\"potentialAction\":[{\"@type\":\"SearchAction\",\"target\":{\"@type\":\"EntryPoint\",\"urlTemplate\":\"https:\\\/\\\/theuncommonshop.ch\\\/?s={search_term_string}\"},\"query-input\":{\"@type\":\"PropertyValueSpecification\",\"valueRequired\":true,\"valueName\":\"search_term_string\"}}],\"inLanguage\":\"fr-FR\"}]}<\/script>\n<meta property=\"product:price:amount\" content=\"59.95\" \/>\n<meta property=\"product:price:currency\" content=\"CHF\" \/>\n<meta property=\"og:availability\" content=\"out of stock\" \/>\n<meta property=\"product:availability\" content=\"out of stock\" \/>\n<meta property=\"product:retailer_item_id\" content=\"3DrawerOrganizer\" \/>\n<meta property=\"product:condition\" content=\"new\" \/>\n<!-- \/ Yoast SEO plugin. -->","yoast_head_json":{"title":"Ach\u00e8te Ultra Pro - Organiseur de stockage \u00e0 3 tiroirs","description":"Ach\u00e8te Ultra Pro - Organiseur de stockage \u00e0 3 tiroirs en ligne maintenant \u00e0 petit prix! Ton #1 shop pour cartes TCG & Pok\u00e9mon en Suisse \u2713 Livraison gratuite d\u00e8s CHF 29","robots":{"index":"index","follow":"follow","max-snippet":"max-snippet:-1","max-image-preview":"max-image-preview:large","max-video-preview":"max-video-preview:-1"},"canonical":"https:\/\/theuncommonshop.ch\/fr\/product\/ultra-pro-storage-3-drawer-organizer-2\/","og_locale":"fr_FR","og_type":"article","og_title":"Ach\u00e8te Ultra Pro - Organiseur de stockage \u00e0 3 tiroirs","og_description":"Ach\u00e8te Ultra Pro - Organiseur de stockage \u00e0 3 tiroirs en ligne maintenant \u00e0 petit prix! Ton #1 shop pour cartes TCG & Pok\u00e9mon en Suisse \u2713 Livraison gratuite d\u00e8s CHF 29","og_url":"https:\/\/theuncommonshop.ch\/fr\/product\/ultra-pro-storage-3-drawer-organizer-2\/","og_site_name":"Largest trading card shop in Switzerland","article_modified_time":"2026-03-28T17:14:49+00:00","og_image":[{"width":509,"height":335,"url":"https:\/\/theuncommonshop.ch\/wp-content\/uploads\/2025\/06\/3422840090.jpg","type":"image\/jpeg"}],"twitter_card":"summary_large_image","twitter_misc":{"Prix":"&#67;&#72;&#70;&nbsp;59.95","Disponibilit\u00e9":"Rupture de stock"},"schema":{"@context":"https:\/\/schema.org","@graph":[{"@type":"WebPage","@id":"https:\/\/theuncommonshop.ch\/fr\/product\/ultra-pro-storage-3-drawer-organizer-2\/","url":"https:\/\/theuncommonshop.ch\/fr\/product\/ultra-pro-storage-3-drawer-organizer-2\/","name":"Ach\u00e8te Ultra Pro - Organiseur de stockage \u00e0 3 tiroirs","isPartOf":{"@id":"https:\/\/theuncommonshop.ch\/#website"},"primaryImageOfPage":{"@id":"https:\/\/theuncommonshop.ch\/fr\/product\/ultra-pro-storage-3-drawer-organizer-2\/#primaryimage"},"image":{"@id":"https:\/\/theuncommonshop.ch\/fr\/product\/ultra-pro-storage-3-drawer-organizer-2\/#primaryimage"},"thumbnailUrl":"https:\/\/theuncommonshop.ch\/wp-content\/uploads\/2025\/06\/3422840090.jpg","datePublished":"2025-06-03T19:21:32+00:00","dateModified":"2026-03-28T17:14:49+00:00","description":"Ach\u00e8te Ultra Pro - Organiseur de stockage \u00e0 3 tiroirs en ligne maintenant \u00e0 petit prix! Ton #1 shop pour cartes TCG & Pok\u00e9mon en Suisse \u2713 Livraison gratuite d\u00e8s CHF 29","breadcrumb":{"@id":"https:\/\/theuncommonshop.ch\/fr\/product\/ultra-pro-storage-3-drawer-organizer-2\/#breadcrumb"},"inLanguage":"fr-FR","potentialAction":[{"@type":"ReadAction","target":["https:\/\/theuncommonshop.ch\/fr\/product\/ultra-pro-storage-3-drawer-organizer-2\/"]}]},{"@type":"ImageObject","inLanguage":"fr-FR","@id":"https:\/\/theuncommonshop.ch\/fr\/product\/ultra-pro-storage-3-drawer-organizer-2\/#primaryimage","url":"https:\/\/theuncommonshop.ch\/wp-content\/uploads\/2025\/06\/3422840090.jpg","contentUrl":"https:\/\/theuncommonshop.ch\/wp-content\/uploads\/2025\/06\/3422840090.jpg","width":509,"height":335},{"@type":"BreadcrumbList","@id":"https:\/\/theuncommonshop.ch\/fr\/product\/ultra-pro-storage-3-drawer-organizer-2\/#breadcrumb","itemListElement":[{"@type":"ListItem","position":1,"name":"Accueil","item":"https:\/\/theuncommonshop.ch\/fr\/accueil\/"},{"@type":"ListItem","position":2,"name":"Boutique","item":"https:\/\/theuncommonshop.ch\/fr\/boutique\/"},{"@type":"ListItem","position":3,"name":"Accessoires TCG","item":"https:\/\/theuncommonshop.ch\/fr\/categorie-produit\/accessoires-tcg\/"},{"@type":"ListItem","position":4,"name":"Rangement","item":"https:\/\/theuncommonshop.ch\/fr\/categorie-produit\/accessoires-tcg\/rangement\/"},{"@type":"ListItem","position":5,"name":"Grandes bo\u00eetes de rangement","item":"https:\/\/theuncommonshop.ch\/fr\/categorie-produit\/accessoires-tcg\/rangement\/grandes-boites-de-rangement\/"},{"@type":"ListItem","position":6,"name":"Ultra Pro &#8211; Organiseur de stockage \u00e0 3 tiroirs"}]},{"@type":"WebSite","@id":"https:\/\/theuncommonshop.ch\/#website","url":"https:\/\/theuncommonshop.ch\/","name":"Largest trading card shop in Switzerland","description":"Magic, Pok\u00e9mon and Yu-gi-oh - The Uncommon Shop","potentialAction":[{"@type":"SearchAction","target":{"@type":"EntryPoint","urlTemplate":"https:\/\/theuncommonshop.ch\/?s={search_term_string}"},"query-input":{"@type":"PropertyValueSpecification","valueRequired":true,"valueName":"search_term_string"}}],"inLanguage":"fr-FR"}]},"product_price_amount":"59.95","product_price_currency":"CHF","og_availability":"out of stock","product_availability":"out of stock","product_retailer_item_id":"3DrawerOrganizer","product_condition":"new"},"_links":{"self":[{"href":"https:\/\/theuncommonshop.ch\/fr\/wp-json\/wp\/v2\/product\/327467","targetHints":{"allow":["GET"]}}],"collection":[{"href":"https:\/\/theuncommonshop.ch\/fr\/wp-json\/wp\/v2\/product"}],"about":[{"href":"https:\/\/theuncommonshop.ch\/fr\/wp-json\/wp\/v2\/types\/product"}],"replies":[{"embeddable":true,"href":"https:\/\/theuncommonshop.ch\/fr\/wp-json\/wp\/v2\/comments?post=327467"}],"version-history":[{"count":2,"href":"https:\/\/theuncommonshop.ch\/fr\/wp-json\/wp\/v2\/product\/327467\/revisions"}],"predecessor-version":[{"id":356858,"href":"https:\/\/theuncommonshop.ch\/fr\/wp-json\/wp\/v2\/product\/327467\/revisions\/356858"}],"wp:featuredmedia":[{"embeddable":true,"href":"https:\/\/theuncommonshop.ch\/fr\/wp-json\/wp\/v2\/media\/88717"}],"wp:attachment":[{"href":"https:\/\/theuncommonshop.ch\/fr\/wp-json\/wp\/v2\/media?parent=327467"}],"wp:term":[{"taxonomy":"product_brand","embeddable":true,"href":"https:\/\/theuncommonshop.ch\/fr\/wp-json\/wp\/v2\/product_brand?post=327467"},{"taxonomy":"product_cat","embeddable":true,"href":"https:\/\/theuncommonshop.ch\/fr\/wp-json\/wp\/v2\/product_cat?post=327467"},{"taxonomy":"product_tag","embeddable":true,"href":"https:\/\/theuncommonshop.ch\/fr\/wp-json\/wp\/v2\/product_tag?post=327467"}],"curies":[{"name":"wp","href":"https:\/\/api.w.org\/{rel}","templated":true}]}}