{"id":327432,"date":"2025-06-03T18:56:19","date_gmt":"2025-06-03T18:56:19","guid":{"rendered":"http:\/\/theuncommonshop.ch\/produkt\/327432\/"},"modified":"2026-05-15T18:25:59","modified_gmt":"2026-05-15T16:25:59","slug":"magic-secret-lair-artist-series-victor-adame-minguez-2","status":"publish","type":"product","link":"https:\/\/theuncommonshop.ch\/fr\/product\/magic-secret-lair-artist-series-victor-adame-minguez-2\/","title":{"rendered":"Magic &#8211; Secret Lair &#8211; Artist Series : Victor Adame Minguez"},"content":{"rendered":"<p data-start=\"62\" data-end=\"309\">Le jeu <strong data-start=\"66\" data-end=\"127\">Magic &#8211; Secret Lair &#8211; Artist Series : Victor Adame Minguez<\/strong> fait partie de l&#8217;\u00e9dition limit\u00e9e de la collection de jeux Secret <strong data-start=\"66\" data-end=\"127\">Lair<\/strong>. <strong data-start=\"153\" data-end=\"194\"><span class=\"hover:entity-accent entity-underline inline cursor-pointer align-baseline\"><span class=\"whitespace-normal\">Secret Lair<\/span><\/span><\/strong> et est consacr\u00e9e aux illustrations du c\u00e9l\u00e8bre artiste Magic. <strong data-start=\"267\" data-end=\"308\"><span class=\"hover:entity-accent entity-underline inline cursor-pointer align-baseline\"><span class=\"whitespace-normal\">Victor Adame Minguez<\/span><\/span><\/strong>.<\/p>\n<p data-start=\"311\" data-end=\"656\">Victor Adame Minguez est connu pour son style d&#8217;illustration particuli\u00e8rement d\u00e9taill\u00e9 et vivant. Son travail se caract\u00e9rise par des sc\u00e8nes dynamiques, des couleurs intenses et des repr\u00e9sentations de personnages impressionnantes. Dans ce Secret Lair Drop, plusieurs cartes Magic c\u00e9l\u00e8bres b\u00e9n\u00e9ficient de nouvelles illustrations dans le style unique de l&#8217;artiste.  <\/p>\n<p data-start=\"658\" data-end=\"872\">Artist Series combine des cartes populaires avec des artworks exclusifs, offrant une extension int\u00e9ressante pour les collectionneurs ainsi que pour les joueurs qui souhaitent ajouter une touche visuelle particuli\u00e8re \u00e0 leur deck.<\/p>\n<p><strong>Contenu<\/strong><\/p>\n<ul>\n<li>1x Chevalier Exemplaire<\/li>\n<li>1x Chevalier de l&#8217;Orchid\u00e9e blanche<\/li>\n<li>1x Seigneur des Morts-Vivants<\/li>\n<li>1x Compost<\/li>\n<\/ul>\n","protected":false},"excerpt":{"rendered":"<p>Le jeu Magic &#8211; Secret Lair &#8211; Artist Series : Victor Adame Minguez fait partie de l&#8217;\u00e9dition limit\u00e9e de la<\/p>\n","protected":false},"featured_media":375418,"comment_status":"open","ping_status":"closed","template":"","meta":{"_acf_changed":false},"product_brand":[5158,5070],"product_cat":[9973,9967,10159],"product_tag":[],"class_list":{"0":"post-327432","1":"product","2":"type-product","3":"status-publish","4":"has-post-thumbnail","6":"product_brand-magic-the-gathering","7":"product_brand-wizards-of-the-coast","8":"product_cat-autres","9":"product_cat-magic-the-gathering-fr","10":"product_cat-secret-lair","12":"first","13":"instock","14":"taxable","15":"shipping-taxable","16":"purchasable","17":"product-type-variable"},"acf":[],"yoast_head":"<!-- This site is optimized with the Yoast SEO plugin v27.6 - https:\/\/yoast.com\/product\/yoast-seo-wordpress\/ -->\n<title>Ach\u00e8te Magic - Secret Lair - Artist Series : Victor Adame Minguez<\/title>\n<meta name=\"description\" content=\"Ach\u00e8te Magic - Secret Lair - Artist Series : Victor Adame Minguez en ligne maintenant \u00e0 petit prix! Ton #1 shop pour cartes TCG &amp; Pok\u00e9mon en Suisse \u2713 Livraison gratuite d\u00e8s CHF 29\" \/>\n<meta name=\"robots\" content=\"index, follow, max-snippet:-1, max-image-preview:large, max-video-preview:-1\" \/>\n<link rel=\"canonical\" href=\"https:\/\/theuncommonshop.ch\/fr\/product\/magic-secret-lair-artist-series-victor-adame-minguez-2\/\" \/>\n<meta property=\"og:locale\" content=\"fr_FR\" \/>\n<meta property=\"og:type\" content=\"article\" \/>\n<meta property=\"og:title\" content=\"Ach\u00e8te Magic - Secret Lair - Artist Series : Victor Adame Minguez\" \/>\n<meta property=\"og:description\" content=\"Ach\u00e8te Magic - Secret Lair - Artist Series : Victor Adame Minguez en ligne maintenant \u00e0 petit prix! Ton #1 shop pour cartes TCG &amp; Pok\u00e9mon en Suisse \u2713 Livraison gratuite d\u00e8s CHF 29\" \/>\n<meta property=\"og:url\" content=\"https:\/\/theuncommonshop.ch\/fr\/product\/magic-secret-lair-artist-series-victor-adame-minguez-2\/\" \/>\n<meta property=\"og:site_name\" content=\"The Uncommon Shop\" \/>\n<meta property=\"article:modified_time\" content=\"2026-05-15T16:25:59+00:00\" \/>\n<meta property=\"og:image\" content=\"https:\/\/theuncommonshop.ch\/wp-content\/uploads\/2025\/06\/Minguez1.webp\" \/>\n\t<meta property=\"og:image:width\" content=\"636\" \/>\n\t<meta property=\"og:image:height\" content=\"636\" \/>\n\t<meta property=\"og:image:type\" content=\"image\/webp\" \/>\n<meta name=\"twitter:card\" content=\"summary_large_image\" \/>\n<meta name=\"twitter:label1\" content=\"Disponibilit\u00e9\" \/>\n\t<meta name=\"twitter:data1\" content=\"En stock\" \/>\n<script type=\"application\/ld+json\" class=\"yoast-schema-graph\">{\"@context\":\"https:\\\/\\\/schema.org\",\"@graph\":[{\"@type\":\"WebPage\",\"@id\":\"https:\\\/\\\/theuncommonshop.ch\\\/fr\\\/product\\\/magic-secret-lair-artist-series-victor-adame-minguez-2\\\/\",\"url\":\"https:\\\/\\\/theuncommonshop.ch\\\/fr\\\/product\\\/magic-secret-lair-artist-series-victor-adame-minguez-2\\\/\",\"name\":\"Ach\u00e8te Magic - Secret Lair - Artist Series : Victor Adame Minguez\",\"isPartOf\":{\"@id\":\"https:\\\/\\\/theuncommonshop.ch\\\/fr\\\/#website\"},\"primaryImageOfPage\":{\"@id\":\"https:\\\/\\\/theuncommonshop.ch\\\/fr\\\/product\\\/magic-secret-lair-artist-series-victor-adame-minguez-2\\\/#primaryimage\"},\"image\":{\"@id\":\"https:\\\/\\\/theuncommonshop.ch\\\/fr\\\/product\\\/magic-secret-lair-artist-series-victor-adame-minguez-2\\\/#primaryimage\"},\"thumbnailUrl\":\"https:\\\/\\\/theuncommonshop.ch\\\/wp-content\\\/uploads\\\/2025\\\/06\\\/Minguez1.webp\",\"datePublished\":\"2025-06-03T18:56:19+00:00\",\"dateModified\":\"2026-05-15T16:25:59+00:00\",\"description\":\"Ach\u00e8te Magic - Secret Lair - Artist Series : Victor Adame Minguez en ligne maintenant \u00e0 petit prix! Ton #1 shop pour cartes TCG & Pok\u00e9mon en Suisse \u2713 Livraison gratuite d\u00e8s CHF 29\",\"breadcrumb\":{\"@id\":\"https:\\\/\\\/theuncommonshop.ch\\\/fr\\\/product\\\/magic-secret-lair-artist-series-victor-adame-minguez-2\\\/#breadcrumb\"},\"inLanguage\":\"fr-FR\",\"potentialAction\":[{\"@type\":\"ReadAction\",\"target\":[\"https:\\\/\\\/theuncommonshop.ch\\\/fr\\\/product\\\/magic-secret-lair-artist-series-victor-adame-minguez-2\\\/\"]}]},{\"@type\":\"ImageObject\",\"inLanguage\":\"fr-FR\",\"@id\":\"https:\\\/\\\/theuncommonshop.ch\\\/fr\\\/product\\\/magic-secret-lair-artist-series-victor-adame-minguez-2\\\/#primaryimage\",\"url\":\"https:\\\/\\\/theuncommonshop.ch\\\/wp-content\\\/uploads\\\/2025\\\/06\\\/Minguez1.webp\",\"contentUrl\":\"https:\\\/\\\/theuncommonshop.ch\\\/wp-content\\\/uploads\\\/2025\\\/06\\\/Minguez1.webp\",\"width\":636,\"height\":636,\"caption\":\"Minguez1\"},{\"@type\":\"BreadcrumbList\",\"@id\":\"https:\\\/\\\/theuncommonshop.ch\\\/fr\\\/product\\\/magic-secret-lair-artist-series-victor-adame-minguez-2\\\/#breadcrumb\",\"itemListElement\":[{\"@type\":\"ListItem\",\"position\":1,\"name\":\"Accueil\",\"item\":\"https:\\\/\\\/theuncommonshop.ch\\\/fr\\\/accueil\\\/\"},{\"@type\":\"ListItem\",\"position\":2,\"name\":\"Boutique\",\"item\":\"https:\\\/\\\/theuncommonshop.ch\\\/fr\\\/boutique\\\/\"},{\"@type\":\"ListItem\",\"position\":3,\"name\":\"Magic the Gathering\",\"item\":\"https:\\\/\\\/theuncommonshop.ch\\\/fr\\\/categorie-produit\\\/magic-the-gathering-fr\\\/\"},{\"@type\":\"ListItem\",\"position\":4,\"name\":\"Autres\",\"item\":\"https:\\\/\\\/theuncommonshop.ch\\\/fr\\\/categorie-produit\\\/magic-the-gathering-fr\\\/autres\\\/\"},{\"@type\":\"ListItem\",\"position\":5,\"name\":\"Secret Lair\",\"item\":\"https:\\\/\\\/theuncommonshop.ch\\\/fr\\\/categorie-produit\\\/magic-the-gathering-fr\\\/autres\\\/secret-lair\\\/\"},{\"@type\":\"ListItem\",\"position\":6,\"name\":\"Magic &#8211; Secret Lair &#8211; Artist Series : Victor Adame Minguez\"}]},{\"@type\":\"WebSite\",\"@id\":\"https:\\\/\\\/theuncommonshop.ch\\\/fr\\\/#website\",\"url\":\"https:\\\/\\\/theuncommonshop.ch\\\/fr\\\/\",\"name\":\"The Uncommon Shop\",\"description\":\"Magic, Pok\u00e9mon and Yu-gi-oh - The Uncommon Shop\",\"potentialAction\":[{\"@type\":\"SearchAction\",\"target\":{\"@type\":\"EntryPoint\",\"urlTemplate\":\"https:\\\/\\\/theuncommonshop.ch\\\/fr\\\/?s={search_term_string}\"},\"query-input\":{\"@type\":\"PropertyValueSpecification\",\"valueRequired\":true,\"valueName\":\"search_term_string\"}}],\"inLanguage\":\"fr-FR\"}]}<\/script>\n<meta property=\"og:availability\" content=\"instock\" \/>\n<meta property=\"product:availability\" content=\"instock\" \/>\n<meta property=\"product:condition\" content=\"new\" \/>\n<!-- \/ Yoast SEO plugin. -->","yoast_head_json":{"title":"Ach\u00e8te Magic - Secret Lair - Artist Series : Victor Adame Minguez","description":"Ach\u00e8te Magic - Secret Lair - Artist Series : Victor Adame Minguez en ligne maintenant \u00e0 petit prix! Ton #1 shop pour cartes TCG & Pok\u00e9mon en Suisse \u2713 Livraison gratuite d\u00e8s CHF 29","robots":{"index":"index","follow":"follow","max-snippet":"max-snippet:-1","max-image-preview":"max-image-preview:large","max-video-preview":"max-video-preview:-1"},"canonical":"https:\/\/theuncommonshop.ch\/fr\/product\/magic-secret-lair-artist-series-victor-adame-minguez-2\/","og_locale":"fr_FR","og_type":"article","og_title":"Ach\u00e8te Magic - Secret Lair - Artist Series : Victor Adame Minguez","og_description":"Ach\u00e8te Magic - Secret Lair - Artist Series : Victor Adame Minguez en ligne maintenant \u00e0 petit prix! Ton #1 shop pour cartes TCG & Pok\u00e9mon en Suisse \u2713 Livraison gratuite d\u00e8s CHF 29","og_url":"https:\/\/theuncommonshop.ch\/fr\/product\/magic-secret-lair-artist-series-victor-adame-minguez-2\/","og_site_name":"The Uncommon Shop","article_modified_time":"2026-05-15T16:25:59+00:00","og_image":[{"width":636,"height":636,"url":"https:\/\/theuncommonshop.ch\/wp-content\/uploads\/2025\/06\/Minguez1.webp","type":"image\/webp"}],"twitter_card":"summary_large_image","twitter_misc":{"Disponibilit\u00e9":"En stock"},"schema":{"@context":"https:\/\/schema.org","@graph":[{"@type":"WebPage","@id":"https:\/\/theuncommonshop.ch\/fr\/product\/magic-secret-lair-artist-series-victor-adame-minguez-2\/","url":"https:\/\/theuncommonshop.ch\/fr\/product\/magic-secret-lair-artist-series-victor-adame-minguez-2\/","name":"Ach\u00e8te Magic - Secret Lair - Artist Series : Victor Adame Minguez","isPartOf":{"@id":"https:\/\/theuncommonshop.ch\/fr\/#website"},"primaryImageOfPage":{"@id":"https:\/\/theuncommonshop.ch\/fr\/product\/magic-secret-lair-artist-series-victor-adame-minguez-2\/#primaryimage"},"image":{"@id":"https:\/\/theuncommonshop.ch\/fr\/product\/magic-secret-lair-artist-series-victor-adame-minguez-2\/#primaryimage"},"thumbnailUrl":"https:\/\/theuncommonshop.ch\/wp-content\/uploads\/2025\/06\/Minguez1.webp","datePublished":"2025-06-03T18:56:19+00:00","dateModified":"2026-05-15T16:25:59+00:00","description":"Ach\u00e8te Magic - Secret Lair - Artist Series : Victor Adame Minguez en ligne maintenant \u00e0 petit prix! Ton #1 shop pour cartes TCG & Pok\u00e9mon en Suisse \u2713 Livraison gratuite d\u00e8s CHF 29","breadcrumb":{"@id":"https:\/\/theuncommonshop.ch\/fr\/product\/magic-secret-lair-artist-series-victor-adame-minguez-2\/#breadcrumb"},"inLanguage":"fr-FR","potentialAction":[{"@type":"ReadAction","target":["https:\/\/theuncommonshop.ch\/fr\/product\/magic-secret-lair-artist-series-victor-adame-minguez-2\/"]}]},{"@type":"ImageObject","inLanguage":"fr-FR","@id":"https:\/\/theuncommonshop.ch\/fr\/product\/magic-secret-lair-artist-series-victor-adame-minguez-2\/#primaryimage","url":"https:\/\/theuncommonshop.ch\/wp-content\/uploads\/2025\/06\/Minguez1.webp","contentUrl":"https:\/\/theuncommonshop.ch\/wp-content\/uploads\/2025\/06\/Minguez1.webp","width":636,"height":636,"caption":"Minguez1"},{"@type":"BreadcrumbList","@id":"https:\/\/theuncommonshop.ch\/fr\/product\/magic-secret-lair-artist-series-victor-adame-minguez-2\/#breadcrumb","itemListElement":[{"@type":"ListItem","position":1,"name":"Accueil","item":"https:\/\/theuncommonshop.ch\/fr\/accueil\/"},{"@type":"ListItem","position":2,"name":"Boutique","item":"https:\/\/theuncommonshop.ch\/fr\/boutique\/"},{"@type":"ListItem","position":3,"name":"Magic the Gathering","item":"https:\/\/theuncommonshop.ch\/fr\/categorie-produit\/magic-the-gathering-fr\/"},{"@type":"ListItem","position":4,"name":"Autres","item":"https:\/\/theuncommonshop.ch\/fr\/categorie-produit\/magic-the-gathering-fr\/autres\/"},{"@type":"ListItem","position":5,"name":"Secret Lair","item":"https:\/\/theuncommonshop.ch\/fr\/categorie-produit\/magic-the-gathering-fr\/autres\/secret-lair\/"},{"@type":"ListItem","position":6,"name":"Magic &#8211; Secret Lair &#8211; Artist Series : Victor Adame Minguez"}]},{"@type":"WebSite","@id":"https:\/\/theuncommonshop.ch\/fr\/#website","url":"https:\/\/theuncommonshop.ch\/fr\/","name":"The Uncommon Shop","description":"Magic, Pok\u00e9mon and Yu-gi-oh - The Uncommon Shop","potentialAction":[{"@type":"SearchAction","target":{"@type":"EntryPoint","urlTemplate":"https:\/\/theuncommonshop.ch\/fr\/?s={search_term_string}"},"query-input":{"@type":"PropertyValueSpecification","valueRequired":true,"valueName":"search_term_string"}}],"inLanguage":"fr-FR"}]},"og_availability":"instock","product_availability":"instock","product_condition":"new"},"_links":{"self":[{"href":"https:\/\/theuncommonshop.ch\/fr\/wp-json\/wp\/v2\/product\/327432","targetHints":{"allow":["GET"]}}],"collection":[{"href":"https:\/\/theuncommonshop.ch\/fr\/wp-json\/wp\/v2\/product"}],"about":[{"href":"https:\/\/theuncommonshop.ch\/fr\/wp-json\/wp\/v2\/types\/product"}],"replies":[{"embeddable":true,"href":"https:\/\/theuncommonshop.ch\/fr\/wp-json\/wp\/v2\/comments?post=327432"}],"version-history":[{"count":1,"href":"https:\/\/theuncommonshop.ch\/fr\/wp-json\/wp\/v2\/product\/327432\/revisions"}],"predecessor-version":[{"id":375441,"href":"https:\/\/theuncommonshop.ch\/fr\/wp-json\/wp\/v2\/product\/327432\/revisions\/375441"}],"wp:featuredmedia":[{"embeddable":true,"href":"https:\/\/theuncommonshop.ch\/fr\/wp-json\/wp\/v2\/media\/375418"}],"wp:attachment":[{"href":"https:\/\/theuncommonshop.ch\/fr\/wp-json\/wp\/v2\/media?parent=327432"}],"wp:term":[{"taxonomy":"product_brand","embeddable":true,"href":"https:\/\/theuncommonshop.ch\/fr\/wp-json\/wp\/v2\/product_brand?post=327432"},{"taxonomy":"product_cat","embeddable":true,"href":"https:\/\/theuncommonshop.ch\/fr\/wp-json\/wp\/v2\/product_cat?post=327432"},{"taxonomy":"product_tag","embeddable":true,"href":"https:\/\/theuncommonshop.ch\/fr\/wp-json\/wp\/v2\/product_tag?post=327432"}],"curies":[{"name":"wp","href":"https:\/\/api.w.org\/{rel}","templated":true}]}}