{"id":327365,"date":"2025-06-03T18:08:21","date_gmt":"2025-06-03T18:08:21","guid":{"rendered":"http:\/\/theuncommonshop.ch\/produkt\/327365\/"},"modified":"2026-03-31T19:41:13","modified_gmt":"2026-03-31T17:41:13","slug":"weiss-schwarz-bang-dream-girls-band-party-5th-anniversary-intro-deck-en-3","status":"publish","type":"product","link":"https:\/\/theuncommonshop.ch\/fr\/product\/weiss-schwarz-bang-dream-girls-band-party-5th-anniversary-intro-deck-en-3\/","title":{"rendered":"Wei\u00df Schwarz &#8211; BanG Dream ! Girls Band Party ! Intro Deck 5th Anniversary"},"content":{"rendered":"<p>Un produit sp\u00e9cial pour comm\u00e9morer les 5 ans de BanG Dream ! Girls Band Party ! pour c\u00e9l\u00e9brer le 5\u00e8me anniversaire ! <\/p>\n<div><\/div>\n<div>Cet Intro Deck est parfait pour ceux qui n&#8217;ont pas encore de deck ou qui n&#8217;ont jamais jou\u00e9 \u00e0 Wei\u00df Schwarz.<\/div>\n<div><\/div>\n<div>L&#8217;Intro Deck est un deck complet de 50 cartes avec lequel vous pouvez commencer \u00e0 jouer imm\u00e9diatement.<\/div>\n<div><\/div>\n<div>Cartes parall\u00e8les<\/div>\n<div><\/div>\n<div>Les cartes parall\u00e8les sont scell\u00e9es al\u00e9atoirement dans les decks !<\/div>\n<div>Chaque deck contient 2 cartes brillantes !<\/div>\n<div><\/div>\n<div>Sp\u00e9cifications du produit<\/div>\n<div>14 types de cartes + 7 cartes parall\u00e8les<\/div>\n<div>50 cartes par deck<\/div>\n<div>6 ponts par pr\u00e9sentoir<\/div>\n<div>8 pr\u00e9sentoirs par carton<\/div>\n<div>Feuille de r\u00e8gles, tapis de jeu et instructions de jeu inclus<\/div>\n<div>\u203bLe contenu de chaque deck (\u00e0 l&#8217;exception des cartes parall\u00e8les) est exactement le m\u00eame.<\/div>\n<div>\u203bBlanc Noir (English Edition) ne contient pas de bon de campagne or\/argent.<\/div>\n","protected":false},"excerpt":{"rendered":"<p>Un produit sp\u00e9cial pour comm\u00e9morer les 5 ans de BanG Dream ! Girls Band Party ! pour c\u00e9l\u00e9brer le 5\u00e8me<\/p>\n","protected":false},"featured_media":86951,"comment_status":"open","ping_status":"closed","template":"","meta":{"_acf_changed":false},"product_brand":[5102],"product_cat":[10025,9793],"product_tag":[],"class_list":{"0":"post-327365","1":"product","2":"type-product","3":"status-publish","4":"has-post-thumbnail","6":"product_brand-bushiroad","7":"product_cat-decks-weiss-schwarz","8":"product_cat-weissschwarz","10":"first","11":"outofstock","12":"taxable","13":"shipping-taxable","14":"purchasable","15":"product-type-simple"},"acf":[],"yoast_head":"<!-- This site is optimized with the Yoast SEO plugin v27.4 - https:\/\/yoast.com\/product\/yoast-seo-wordpress\/ -->\n<title>Ach\u00e8te Wei\u00df Schwarz - BanG Dream ! Girls Band Party ! Intro Deck 5th Anniversary<\/title>\n<meta name=\"description\" content=\"Ach\u00e8te Wei\u00df Schwarz - BanG Dream ! Girls Band Party ! Intro Deck 5th Anniversary en ligne maintenant \u00e0 petit prix! Ton #1 shop pour cartes TCG &amp; Pok\u00e9mon en Suisse \u2713 Livraison gratuite d\u00e8s CHF 29\" \/>\n<meta name=\"robots\" content=\"index, follow, max-snippet:-1, max-image-preview:large, max-video-preview:-1\" \/>\n<link rel=\"canonical\" href=\"https:\/\/theuncommonshop.ch\/fr\/product\/weiss-schwarz-bang-dream-girls-band-party-5th-anniversary-intro-deck-en-3\/\" \/>\n<meta property=\"og:locale\" content=\"fr_FR\" \/>\n<meta property=\"og:type\" content=\"article\" \/>\n<meta property=\"og:title\" content=\"Ach\u00e8te Wei\u00df Schwarz - BanG Dream ! Girls Band Party ! Intro Deck 5th Anniversary\" \/>\n<meta property=\"og:description\" content=\"Ach\u00e8te Wei\u00df Schwarz - BanG Dream ! Girls Band Party ! Intro Deck 5th Anniversary en ligne maintenant \u00e0 petit prix! Ton #1 shop pour cartes TCG &amp; Pok\u00e9mon en Suisse \u2713 Livraison gratuite d\u00e8s CHF 29\" \/>\n<meta property=\"og:url\" content=\"https:\/\/theuncommonshop.ch\/fr\/product\/weiss-schwarz-bang-dream-girls-band-party-5th-anniversary-intro-deck-en-3\/\" \/>\n<meta property=\"og:site_name\" content=\"Largest trading card shop in Switzerland\" \/>\n<meta property=\"article:modified_time\" content=\"2026-03-31T17:41:13+00:00\" \/>\n<meta property=\"og:image\" content=\"https:\/\/theuncommonshop.ch\/wp-content\/uploads\/2025\/06\/3321532913.jpg\" \/>\n\t<meta property=\"og:image:width\" content=\"350\" \/>\n\t<meta property=\"og:image:height\" content=\"350\" \/>\n\t<meta property=\"og:image:type\" content=\"image\/jpeg\" \/>\n<meta name=\"twitter:card\" content=\"summary_large_image\" \/>\n<meta name=\"twitter:label1\" content=\"Prix\" \/>\n\t<meta name=\"twitter:data1\" content=\"&#067;&#072;&#070;&nbsp;13.95\" \/>\n\t<meta name=\"twitter:label2\" content=\"Disponibilit\u00e9\" \/>\n\t<meta name=\"twitter:data2\" content=\"Rupture de stock\" \/>\n<script type=\"application\/ld+json\" class=\"yoast-schema-graph\">{\"@context\":\"https:\\\/\\\/schema.org\",\"@graph\":[{\"@type\":\"WebPage\",\"@id\":\"https:\\\/\\\/theuncommonshop.ch\\\/fr\\\/product\\\/weiss-schwarz-bang-dream-girls-band-party-5th-anniversary-intro-deck-en-3\\\/\",\"url\":\"https:\\\/\\\/theuncommonshop.ch\\\/fr\\\/product\\\/weiss-schwarz-bang-dream-girls-band-party-5th-anniversary-intro-deck-en-3\\\/\",\"name\":\"Ach\u00e8te Wei\u00df Schwarz - BanG Dream ! Girls Band Party ! Intro Deck 5th Anniversary\",\"isPartOf\":{\"@id\":\"https:\\\/\\\/theuncommonshop.ch\\\/#website\"},\"primaryImageOfPage\":{\"@id\":\"https:\\\/\\\/theuncommonshop.ch\\\/fr\\\/product\\\/weiss-schwarz-bang-dream-girls-band-party-5th-anniversary-intro-deck-en-3\\\/#primaryimage\"},\"image\":{\"@id\":\"https:\\\/\\\/theuncommonshop.ch\\\/fr\\\/product\\\/weiss-schwarz-bang-dream-girls-band-party-5th-anniversary-intro-deck-en-3\\\/#primaryimage\"},\"thumbnailUrl\":\"https:\\\/\\\/theuncommonshop.ch\\\/wp-content\\\/uploads\\\/2025\\\/06\\\/3321532913.jpg\",\"datePublished\":\"2025-06-03T18:08:21+00:00\",\"dateModified\":\"2026-03-31T17:41:13+00:00\",\"description\":\"Ach\u00e8te Wei\u00df Schwarz - BanG Dream ! Girls Band Party ! Intro Deck 5th Anniversary en ligne maintenant \u00e0 petit prix! Ton #1 shop pour cartes TCG & Pok\u00e9mon en Suisse \u2713 Livraison gratuite d\u00e8s CHF 29\",\"breadcrumb\":{\"@id\":\"https:\\\/\\\/theuncommonshop.ch\\\/fr\\\/product\\\/weiss-schwarz-bang-dream-girls-band-party-5th-anniversary-intro-deck-en-3\\\/#breadcrumb\"},\"inLanguage\":\"fr-FR\",\"potentialAction\":[{\"@type\":\"ReadAction\",\"target\":[\"https:\\\/\\\/theuncommonshop.ch\\\/fr\\\/product\\\/weiss-schwarz-bang-dream-girls-band-party-5th-anniversary-intro-deck-en-3\\\/\"]}]},{\"@type\":\"ImageObject\",\"inLanguage\":\"fr-FR\",\"@id\":\"https:\\\/\\\/theuncommonshop.ch\\\/fr\\\/product\\\/weiss-schwarz-bang-dream-girls-band-party-5th-anniversary-intro-deck-en-3\\\/#primaryimage\",\"url\":\"https:\\\/\\\/theuncommonshop.ch\\\/wp-content\\\/uploads\\\/2025\\\/06\\\/3321532913.jpg\",\"contentUrl\":\"https:\\\/\\\/theuncommonshop.ch\\\/wp-content\\\/uploads\\\/2025\\\/06\\\/3321532913.jpg\",\"width\":350,\"height\":350},{\"@type\":\"BreadcrumbList\",\"@id\":\"https:\\\/\\\/theuncommonshop.ch\\\/fr\\\/product\\\/weiss-schwarz-bang-dream-girls-band-party-5th-anniversary-intro-deck-en-3\\\/#breadcrumb\",\"itemListElement\":[{\"@type\":\"ListItem\",\"position\":1,\"name\":\"Accueil\",\"item\":\"https:\\\/\\\/theuncommonshop.ch\\\/fr\\\/accueil\\\/\"},{\"@type\":\"ListItem\",\"position\":2,\"name\":\"Boutique\",\"item\":\"https:\\\/\\\/theuncommonshop.ch\\\/fr\\\/boutique\\\/\"},{\"@type\":\"ListItem\",\"position\":3,\"name\":\"Weitere Sammelkarten\",\"item\":\"https:\\\/\\\/theuncommonshop.ch\\\/produktkategorie\\\/weitere-sammelkarten\\\/\"},{\"@type\":\"ListItem\",\"position\":4,\"name\":\"Weiss\\\/Schwarz\",\"item\":\"https:\\\/\\\/theuncommonshop.ch\\\/produktkategorie\\\/weitere-sammelkarten\\\/weiss-schwarz\\\/\"},{\"@type\":\"ListItem\",\"position\":5,\"name\":\"Decks\",\"item\":\"https:\\\/\\\/theuncommonshop.ch\\\/produktkategorie\\\/weitere-sammelkarten\\\/weiss-schwarz\\\/weissschwarz-decks\\\/\"},{\"@type\":\"ListItem\",\"position\":6,\"name\":\"Wei\u00df Schwarz &#8211; BanG Dream ! Girls Band Party ! Intro Deck 5th Anniversary\"}]},{\"@type\":\"WebSite\",\"@id\":\"https:\\\/\\\/theuncommonshop.ch\\\/#website\",\"url\":\"https:\\\/\\\/theuncommonshop.ch\\\/\",\"name\":\"Largest trading card shop in Switzerland\",\"description\":\"Magic, Pok\u00e9mon and Yu-gi-oh - The Uncommon Shop\",\"potentialAction\":[{\"@type\":\"SearchAction\",\"target\":{\"@type\":\"EntryPoint\",\"urlTemplate\":\"https:\\\/\\\/theuncommonshop.ch\\\/?s={search_term_string}\"},\"query-input\":{\"@type\":\"PropertyValueSpecification\",\"valueRequired\":true,\"valueName\":\"search_term_string\"}}],\"inLanguage\":\"fr-FR\"}]}<\/script>\n<meta property=\"product:price:amount\" content=\"13.95\" \/>\n<meta property=\"product:price:currency\" content=\"CHF\" \/>\n<meta property=\"og:availability\" content=\"out of stock\" \/>\n<meta property=\"product:availability\" content=\"out of stock\" \/>\n<meta property=\"product:retailer_item_id\" content=\"WS.I.G.IntroDeck.EN\" \/>\n<meta property=\"product:condition\" content=\"new\" \/>\n<!-- \/ Yoast SEO plugin. -->","yoast_head_json":{"title":"Ach\u00e8te Wei\u00df Schwarz - BanG Dream ! Girls Band Party ! Intro Deck 5th Anniversary","description":"Ach\u00e8te Wei\u00df Schwarz - BanG Dream ! Girls Band Party ! Intro Deck 5th Anniversary en ligne maintenant \u00e0 petit prix! Ton #1 shop pour cartes TCG & Pok\u00e9mon en Suisse \u2713 Livraison gratuite d\u00e8s CHF 29","robots":{"index":"index","follow":"follow","max-snippet":"max-snippet:-1","max-image-preview":"max-image-preview:large","max-video-preview":"max-video-preview:-1"},"canonical":"https:\/\/theuncommonshop.ch\/fr\/product\/weiss-schwarz-bang-dream-girls-band-party-5th-anniversary-intro-deck-en-3\/","og_locale":"fr_FR","og_type":"article","og_title":"Ach\u00e8te Wei\u00df Schwarz - BanG Dream ! Girls Band Party ! Intro Deck 5th Anniversary","og_description":"Ach\u00e8te Wei\u00df Schwarz - BanG Dream ! Girls Band Party ! Intro Deck 5th Anniversary en ligne maintenant \u00e0 petit prix! Ton #1 shop pour cartes TCG & Pok\u00e9mon en Suisse \u2713 Livraison gratuite d\u00e8s CHF 29","og_url":"https:\/\/theuncommonshop.ch\/fr\/product\/weiss-schwarz-bang-dream-girls-band-party-5th-anniversary-intro-deck-en-3\/","og_site_name":"Largest trading card shop in Switzerland","article_modified_time":"2026-03-31T17:41:13+00:00","og_image":[{"width":350,"height":350,"url":"https:\/\/theuncommonshop.ch\/wp-content\/uploads\/2025\/06\/3321532913.jpg","type":"image\/jpeg"}],"twitter_card":"summary_large_image","twitter_misc":{"Prix":"&#67;&#72;&#70;&nbsp;13.95","Disponibilit\u00e9":"Rupture de stock"},"schema":{"@context":"https:\/\/schema.org","@graph":[{"@type":"WebPage","@id":"https:\/\/theuncommonshop.ch\/fr\/product\/weiss-schwarz-bang-dream-girls-band-party-5th-anniversary-intro-deck-en-3\/","url":"https:\/\/theuncommonshop.ch\/fr\/product\/weiss-schwarz-bang-dream-girls-band-party-5th-anniversary-intro-deck-en-3\/","name":"Ach\u00e8te Wei\u00df Schwarz - BanG Dream ! Girls Band Party ! Intro Deck 5th Anniversary","isPartOf":{"@id":"https:\/\/theuncommonshop.ch\/#website"},"primaryImageOfPage":{"@id":"https:\/\/theuncommonshop.ch\/fr\/product\/weiss-schwarz-bang-dream-girls-band-party-5th-anniversary-intro-deck-en-3\/#primaryimage"},"image":{"@id":"https:\/\/theuncommonshop.ch\/fr\/product\/weiss-schwarz-bang-dream-girls-band-party-5th-anniversary-intro-deck-en-3\/#primaryimage"},"thumbnailUrl":"https:\/\/theuncommonshop.ch\/wp-content\/uploads\/2025\/06\/3321532913.jpg","datePublished":"2025-06-03T18:08:21+00:00","dateModified":"2026-03-31T17:41:13+00:00","description":"Ach\u00e8te Wei\u00df Schwarz - BanG Dream ! Girls Band Party ! Intro Deck 5th Anniversary en ligne maintenant \u00e0 petit prix! Ton #1 shop pour cartes TCG & Pok\u00e9mon en Suisse \u2713 Livraison gratuite d\u00e8s CHF 29","breadcrumb":{"@id":"https:\/\/theuncommonshop.ch\/fr\/product\/weiss-schwarz-bang-dream-girls-band-party-5th-anniversary-intro-deck-en-3\/#breadcrumb"},"inLanguage":"fr-FR","potentialAction":[{"@type":"ReadAction","target":["https:\/\/theuncommonshop.ch\/fr\/product\/weiss-schwarz-bang-dream-girls-band-party-5th-anniversary-intro-deck-en-3\/"]}]},{"@type":"ImageObject","inLanguage":"fr-FR","@id":"https:\/\/theuncommonshop.ch\/fr\/product\/weiss-schwarz-bang-dream-girls-band-party-5th-anniversary-intro-deck-en-3\/#primaryimage","url":"https:\/\/theuncommonshop.ch\/wp-content\/uploads\/2025\/06\/3321532913.jpg","contentUrl":"https:\/\/theuncommonshop.ch\/wp-content\/uploads\/2025\/06\/3321532913.jpg","width":350,"height":350},{"@type":"BreadcrumbList","@id":"https:\/\/theuncommonshop.ch\/fr\/product\/weiss-schwarz-bang-dream-girls-band-party-5th-anniversary-intro-deck-en-3\/#breadcrumb","itemListElement":[{"@type":"ListItem","position":1,"name":"Accueil","item":"https:\/\/theuncommonshop.ch\/fr\/accueil\/"},{"@type":"ListItem","position":2,"name":"Boutique","item":"https:\/\/theuncommonshop.ch\/fr\/boutique\/"},{"@type":"ListItem","position":3,"name":"Weitere Sammelkarten","item":"https:\/\/theuncommonshop.ch\/produktkategorie\/weitere-sammelkarten\/"},{"@type":"ListItem","position":4,"name":"Weiss\/Schwarz","item":"https:\/\/theuncommonshop.ch\/produktkategorie\/weitere-sammelkarten\/weiss-schwarz\/"},{"@type":"ListItem","position":5,"name":"Decks","item":"https:\/\/theuncommonshop.ch\/produktkategorie\/weitere-sammelkarten\/weiss-schwarz\/weissschwarz-decks\/"},{"@type":"ListItem","position":6,"name":"Wei\u00df Schwarz &#8211; BanG Dream ! Girls Band Party ! Intro Deck 5th Anniversary"}]},{"@type":"WebSite","@id":"https:\/\/theuncommonshop.ch\/#website","url":"https:\/\/theuncommonshop.ch\/","name":"Largest trading card shop in Switzerland","description":"Magic, Pok\u00e9mon and Yu-gi-oh - The Uncommon Shop","potentialAction":[{"@type":"SearchAction","target":{"@type":"EntryPoint","urlTemplate":"https:\/\/theuncommonshop.ch\/?s={search_term_string}"},"query-input":{"@type":"PropertyValueSpecification","valueRequired":true,"valueName":"search_term_string"}}],"inLanguage":"fr-FR"}]},"product_price_amount":"13.95","product_price_currency":"CHF","og_availability":"out of stock","product_availability":"out of stock","product_retailer_item_id":"WS.I.G.IntroDeck.EN","product_condition":"new"},"_links":{"self":[{"href":"https:\/\/theuncommonshop.ch\/fr\/wp-json\/wp\/v2\/product\/327365","targetHints":{"allow":["GET"]}}],"collection":[{"href":"https:\/\/theuncommonshop.ch\/fr\/wp-json\/wp\/v2\/product"}],"about":[{"href":"https:\/\/theuncommonshop.ch\/fr\/wp-json\/wp\/v2\/types\/product"}],"replies":[{"embeddable":true,"href":"https:\/\/theuncommonshop.ch\/fr\/wp-json\/wp\/v2\/comments?post=327365"}],"version-history":[{"count":3,"href":"https:\/\/theuncommonshop.ch\/fr\/wp-json\/wp\/v2\/product\/327365\/revisions"}],"predecessor-version":[{"id":365484,"href":"https:\/\/theuncommonshop.ch\/fr\/wp-json\/wp\/v2\/product\/327365\/revisions\/365484"}],"wp:featuredmedia":[{"embeddable":true,"href":"https:\/\/theuncommonshop.ch\/fr\/wp-json\/wp\/v2\/media\/86951"}],"wp:attachment":[{"href":"https:\/\/theuncommonshop.ch\/fr\/wp-json\/wp\/v2\/media?parent=327365"}],"wp:term":[{"taxonomy":"product_brand","embeddable":true,"href":"https:\/\/theuncommonshop.ch\/fr\/wp-json\/wp\/v2\/product_brand?post=327365"},{"taxonomy":"product_cat","embeddable":true,"href":"https:\/\/theuncommonshop.ch\/fr\/wp-json\/wp\/v2\/product_cat?post=327365"},{"taxonomy":"product_tag","embeddable":true,"href":"https:\/\/theuncommonshop.ch\/fr\/wp-json\/wp\/v2\/product_tag?post=327365"}],"curies":[{"name":"wp","href":"https:\/\/api.w.org\/{rel}","templated":true}]}}