{"id":327344,"date":"2025-06-03T17:35:24","date_gmt":"2025-06-03T15:35:24","guid":{"rendered":"http:\/\/theuncommonshop.ch\/produkt\/327344\/"},"modified":"2026-03-29T17:26:05","modified_gmt":"2026-03-29T15:26:05","slug":"magic-phyrexia-all-will-be-one-one-draft-booster-display-2","status":"publish","type":"product","link":"https:\/\/theuncommonshop.ch\/fr\/product\/magic-phyrexia-all-will-be-one-one-draft-booster-display-2\/","title":{"rendered":"Magic &#8211; Phyrexia All Will Be One (ONE) &#8211; Draft Booster Display"},"content":{"rendered":"<ul>\n<li>\n<p data-start=\"94\" data-end=\"352\">Entrez au c\u0153ur de la Nouvelle Phyrexia avec le <strong data-start=\"136\" data-end=\"161\">Draft Booster Display<\/strong> de <strong data-start=\"166\" data-end=\"207\"><span class=\"hover:entity-accent entity-underline inline cursor-pointer align-baseline\"><span class=\"whitespace-normal\">Phyrexia : All Will Be One<\/span><\/span><\/strong>. Dans ce coffret, les Phyrexiens sont sur le point de r\u00e9aliser leur vision : l&#8217;unification de l&#8217;ensemble du multivers sous leur contr\u00f4le. <\/p>\n<p data-start=\"354\" data-end=\"643\"><strong data-start=\"354\" data-end=\"389\">Phyrexia : All Will Be One (ONE)<\/strong> plonge directement les joueurs dans un monde de cr\u00e9atures biom\u00e9caniques, de technologie sombre et de magie corrompue. L&#8217;ensemble introduit de nouvelles m\u00e9caniques comme <strong data-start=\"538\" data-end=\"547\">Toxic<\/strong>, <strong data-start=\"549\" data-end=\"562\">Corrupted<\/strong> et <strong data-start=\"567\" data-end=\"582\">Oil Counter<\/strong>, qui permettent des strat\u00e9gies et des styles de jeu totalement nouveaux. <\/p>\n<p data-start=\"645\" data-end=\"828\">Parfaitement adapt\u00e9 aux <strong data-start=\"699\" data-end=\"749\">\u00e9v\u00e9nements de draft, aux tournois scell\u00e9s ou \u00e0 la collection<\/strong>, le Draft <strong data-start=\"649\" data-end=\"674\">Booster Display<\/strong> offre un m\u00e9lange \u00e9quilibr\u00e9 de cartes pour des formats limit\u00e9s passionnants.<\/p>\n<h3 data-start=\"830\" data-end=\"848\">D\u00e9tails du produit<\/h3>\n<p data-start=\"850\" data-end=\"1167\">&#8211; <strong data-start=\"852\" data-end=\"860\">Set :<\/strong> Phyrexia All Will Be One<br data-start=\"886\" data-end=\"889\">&#8211; <strong data-start=\"891\" data-end=\"904\">Code du set :<\/strong> <strong data-start=\"905\" data-end=\"912\">ONE<\/strong><br data-start=\"912\" data-end=\"915\">&#8211; <strong data-start=\"917\" data-end=\"955\">1 display contient 36 Draft Booster<\/strong><br data-start=\"955\" data-end=\"958\">&#8211; <strong data-start=\"960\" data-end=\"1006\">15 cartes Magic : The Gathering par Booster<\/strong><br data-start=\"1006\" data-end=\"1009\">&#8211; Chance d&#8217;avoir des <strong data-start=\"1022\" data-end=\"1059\">cartes Rare, Mythic Rare et Foil<\/strong><br data-start=\"1059\" data-end=\"1062\">&#8211; Contient des m\u00e9caniques comme <strong data-start=\"1087\" data-end=\"1123\">Toxic, Corrupted et Oil Counter<\/strong><br data-start=\"1123\" data-end=\"1126\">&#8211; Id\u00e9al pour les <strong data-start=\"1138\" data-end=\"1167\">Draft, Sealed et les collectionneurs<\/strong>.<\/p>\n<p data-start=\"1169\" data-end=\"1360\">Avec le <strong data-start=\"1177\" data-end=\"1255\">Draft Booster Display de Magic : The Gathering Phyrexia : All Will Be One (ONE)<\/strong>, vous vivrez des parties Magic intenses et d\u00e9couvrirez des cartes puissantes issues du monde sombre de la Nouvelle Phyrexia.<\/p>\n<\/li>\n<\/ul>\n","protected":false},"excerpt":{"rendered":"<p>Entrez au c\u0153ur de la Nouvelle Phyrexia avec le Draft Booster Display de Phyrexia : All Will Be One. Dans<\/p>\n","protected":false},"featured_media":86133,"comment_status":"open","ping_status":"closed","template":"","meta":{"_acf_changed":false},"product_brand":[5158,5070],"product_cat":[9969,9967,9991,10211],"product_tag":[],"class_list":{"0":"post-327344","1":"product","2":"type-product","3":"status-publish","4":"has-post-thumbnail","6":"product_brand-magic-the-gathering","7":"product_brand-wizards-of-the-coast","8":"product_cat-booster-displays-fr","9":"product_cat-magic-the-gathering-fr","10":"product_cat-produits-par-lots-mtg","11":"product_cat-tous-phyrexians","13":"first","14":"outofstock","15":"taxable","16":"shipping-taxable","17":"purchasable","18":"product-type-variable"},"acf":[],"yoast_head":"<!-- This site is optimized with the Yoast SEO plugin v27.4 - https:\/\/yoast.com\/product\/yoast-seo-wordpress\/ -->\n<title>Ach\u00e8te Magic - Phyrexia All Will Be One (ONE) - Draft Booster Display<\/title>\n<meta name=\"description\" content=\"Ach\u00e8te Magic - Phyrexia All Will Be One (ONE) - Draft Booster Display en ligne maintenant \u00e0 petit prix! Ton #1 shop pour cartes TCG &amp; Pok\u00e9mon en Suisse \u2713 Livraison gratuite d\u00e8s CHF 29\" \/>\n<meta name=\"robots\" content=\"index, follow, max-snippet:-1, max-image-preview:large, max-video-preview:-1\" \/>\n<link rel=\"canonical\" href=\"https:\/\/theuncommonshop.ch\/fr\/product\/magic-phyrexia-all-will-be-one-one-draft-booster-display-2\/\" \/>\n<meta property=\"og:locale\" content=\"fr_FR\" \/>\n<meta property=\"og:type\" content=\"article\" \/>\n<meta property=\"og:title\" content=\"Ach\u00e8te Magic - Phyrexia All Will Be One (ONE) - Draft Booster Display\" \/>\n<meta property=\"og:description\" content=\"Ach\u00e8te Magic - Phyrexia All Will Be One (ONE) - Draft Booster Display en ligne maintenant \u00e0 petit prix! Ton #1 shop pour cartes TCG &amp; Pok\u00e9mon en Suisse \u2713 Livraison gratuite d\u00e8s CHF 29\" \/>\n<meta property=\"og:url\" content=\"https:\/\/theuncommonshop.ch\/fr\/product\/magic-phyrexia-all-will-be-one-one-draft-booster-display-2\/\" \/>\n<meta property=\"og:site_name\" content=\"Largest trading card shop in Switzerland\" \/>\n<meta property=\"article:modified_time\" content=\"2026-03-29T15:26:05+00:00\" \/>\n<meta property=\"og:image\" content=\"https:\/\/theuncommonshop.ch\/wp-content\/uploads\/2025\/06\/3300354936.jpg\" \/>\n\t<meta property=\"og:image:width\" content=\"900\" \/>\n\t<meta property=\"og:image:height\" content=\"800\" \/>\n\t<meta property=\"og:image:type\" content=\"image\/jpeg\" \/>\n<meta name=\"twitter:card\" content=\"summary_large_image\" \/>\n<meta name=\"twitter:label1\" content=\"Disponibilit\u00e9\" \/>\n\t<meta name=\"twitter:data1\" content=\"Rupture de stock\" \/>\n<script type=\"application\/ld+json\" class=\"yoast-schema-graph\">{\"@context\":\"https:\\\/\\\/schema.org\",\"@graph\":[{\"@type\":\"WebPage\",\"@id\":\"https:\\\/\\\/theuncommonshop.ch\\\/fr\\\/product\\\/magic-phyrexia-all-will-be-one-one-draft-booster-display-2\\\/\",\"url\":\"https:\\\/\\\/theuncommonshop.ch\\\/fr\\\/product\\\/magic-phyrexia-all-will-be-one-one-draft-booster-display-2\\\/\",\"name\":\"Ach\u00e8te Magic - Phyrexia All Will Be One (ONE) - Draft Booster Display\",\"isPartOf\":{\"@id\":\"https:\\\/\\\/theuncommonshop.ch\\\/#website\"},\"primaryImageOfPage\":{\"@id\":\"https:\\\/\\\/theuncommonshop.ch\\\/fr\\\/product\\\/magic-phyrexia-all-will-be-one-one-draft-booster-display-2\\\/#primaryimage\"},\"image\":{\"@id\":\"https:\\\/\\\/theuncommonshop.ch\\\/fr\\\/product\\\/magic-phyrexia-all-will-be-one-one-draft-booster-display-2\\\/#primaryimage\"},\"thumbnailUrl\":\"https:\\\/\\\/theuncommonshop.ch\\\/wp-content\\\/uploads\\\/2025\\\/06\\\/3300354936.jpg\",\"datePublished\":\"2025-06-03T15:35:24+00:00\",\"dateModified\":\"2026-03-29T15:26:05+00:00\",\"description\":\"Ach\u00e8te Magic - Phyrexia All Will Be One (ONE) - Draft Booster Display en ligne maintenant \u00e0 petit prix! Ton #1 shop pour cartes TCG & Pok\u00e9mon en Suisse \u2713 Livraison gratuite d\u00e8s CHF 29\",\"breadcrumb\":{\"@id\":\"https:\\\/\\\/theuncommonshop.ch\\\/fr\\\/product\\\/magic-phyrexia-all-will-be-one-one-draft-booster-display-2\\\/#breadcrumb\"},\"inLanguage\":\"fr-FR\",\"potentialAction\":[{\"@type\":\"ReadAction\",\"target\":[\"https:\\\/\\\/theuncommonshop.ch\\\/fr\\\/product\\\/magic-phyrexia-all-will-be-one-one-draft-booster-display-2\\\/\"]}]},{\"@type\":\"ImageObject\",\"inLanguage\":\"fr-FR\",\"@id\":\"https:\\\/\\\/theuncommonshop.ch\\\/fr\\\/product\\\/magic-phyrexia-all-will-be-one-one-draft-booster-display-2\\\/#primaryimage\",\"url\":\"https:\\\/\\\/theuncommonshop.ch\\\/wp-content\\\/uploads\\\/2025\\\/06\\\/3300354936.jpg\",\"contentUrl\":\"https:\\\/\\\/theuncommonshop.ch\\\/wp-content\\\/uploads\\\/2025\\\/06\\\/3300354936.jpg\",\"width\":900,\"height\":800},{\"@type\":\"BreadcrumbList\",\"@id\":\"https:\\\/\\\/theuncommonshop.ch\\\/fr\\\/product\\\/magic-phyrexia-all-will-be-one-one-draft-booster-display-2\\\/#breadcrumb\",\"itemListElement\":[{\"@type\":\"ListItem\",\"position\":1,\"name\":\"Accueil\",\"item\":\"https:\\\/\\\/theuncommonshop.ch\\\/fr\\\/accueil\\\/\"},{\"@type\":\"ListItem\",\"position\":2,\"name\":\"Boutique\",\"item\":\"https:\\\/\\\/theuncommonshop.ch\\\/fr\\\/boutique\\\/\"},{\"@type\":\"ListItem\",\"position\":3,\"name\":\"Magic the Gathering\",\"item\":\"https:\\\/\\\/theuncommonshop.ch\\\/fr\\\/categorie-produit\\\/magic-the-gathering-fr\\\/\"},{\"@type\":\"ListItem\",\"position\":4,\"name\":\"Produits par lots\",\"item\":\"https:\\\/\\\/theuncommonshop.ch\\\/fr\\\/categorie-produit\\\/magic-the-gathering-fr\\\/produits-par-lots-mtg\\\/\"},{\"@type\":\"ListItem\",\"position\":5,\"name\":\"Tous Phyrexians\",\"item\":\"https:\\\/\\\/theuncommonshop.ch\\\/fr\\\/categorie-produit\\\/magic-the-gathering-fr\\\/produits-par-lots-mtg\\\/tous-phyrexians\\\/\"},{\"@type\":\"ListItem\",\"position\":6,\"name\":\"Magic &#8211; Phyrexia All Will Be One (ONE) &#8211; Draft Booster Display\"}]},{\"@type\":\"WebSite\",\"@id\":\"https:\\\/\\\/theuncommonshop.ch\\\/#website\",\"url\":\"https:\\\/\\\/theuncommonshop.ch\\\/\",\"name\":\"Largest trading card shop in Switzerland\",\"description\":\"Magic, Pok\u00e9mon and Yu-gi-oh - The Uncommon Shop\",\"potentialAction\":[{\"@type\":\"SearchAction\",\"target\":{\"@type\":\"EntryPoint\",\"urlTemplate\":\"https:\\\/\\\/theuncommonshop.ch\\\/?s={search_term_string}\"},\"query-input\":{\"@type\":\"PropertyValueSpecification\",\"valueRequired\":true,\"valueName\":\"search_term_string\"}}],\"inLanguage\":\"fr-FR\"}]}<\/script>\n<meta property=\"og:availability\" content=\"out of stock\" \/>\n<meta property=\"product:availability\" content=\"out of stock\" \/>\n<meta property=\"product:condition\" content=\"new\" \/>\n<!-- \/ Yoast SEO plugin. -->","yoast_head_json":{"title":"Ach\u00e8te Magic - Phyrexia All Will Be One (ONE) - Draft Booster Display","description":"Ach\u00e8te Magic - Phyrexia All Will Be One (ONE) - Draft Booster Display en ligne maintenant \u00e0 petit prix! Ton #1 shop pour cartes TCG & Pok\u00e9mon en Suisse \u2713 Livraison gratuite d\u00e8s CHF 29","robots":{"index":"index","follow":"follow","max-snippet":"max-snippet:-1","max-image-preview":"max-image-preview:large","max-video-preview":"max-video-preview:-1"},"canonical":"https:\/\/theuncommonshop.ch\/fr\/product\/magic-phyrexia-all-will-be-one-one-draft-booster-display-2\/","og_locale":"fr_FR","og_type":"article","og_title":"Ach\u00e8te Magic - Phyrexia All Will Be One (ONE) - Draft Booster Display","og_description":"Ach\u00e8te Magic - Phyrexia All Will Be One (ONE) - Draft Booster Display en ligne maintenant \u00e0 petit prix! Ton #1 shop pour cartes TCG & Pok\u00e9mon en Suisse \u2713 Livraison gratuite d\u00e8s CHF 29","og_url":"https:\/\/theuncommonshop.ch\/fr\/product\/magic-phyrexia-all-will-be-one-one-draft-booster-display-2\/","og_site_name":"Largest trading card shop in Switzerland","article_modified_time":"2026-03-29T15:26:05+00:00","og_image":[{"width":900,"height":800,"url":"https:\/\/theuncommonshop.ch\/wp-content\/uploads\/2025\/06\/3300354936.jpg","type":"image\/jpeg"}],"twitter_card":"summary_large_image","twitter_misc":{"Disponibilit\u00e9":"Rupture de stock"},"schema":{"@context":"https:\/\/schema.org","@graph":[{"@type":"WebPage","@id":"https:\/\/theuncommonshop.ch\/fr\/product\/magic-phyrexia-all-will-be-one-one-draft-booster-display-2\/","url":"https:\/\/theuncommonshop.ch\/fr\/product\/magic-phyrexia-all-will-be-one-one-draft-booster-display-2\/","name":"Ach\u00e8te Magic - Phyrexia All Will Be One (ONE) - Draft Booster Display","isPartOf":{"@id":"https:\/\/theuncommonshop.ch\/#website"},"primaryImageOfPage":{"@id":"https:\/\/theuncommonshop.ch\/fr\/product\/magic-phyrexia-all-will-be-one-one-draft-booster-display-2\/#primaryimage"},"image":{"@id":"https:\/\/theuncommonshop.ch\/fr\/product\/magic-phyrexia-all-will-be-one-one-draft-booster-display-2\/#primaryimage"},"thumbnailUrl":"https:\/\/theuncommonshop.ch\/wp-content\/uploads\/2025\/06\/3300354936.jpg","datePublished":"2025-06-03T15:35:24+00:00","dateModified":"2026-03-29T15:26:05+00:00","description":"Ach\u00e8te Magic - Phyrexia All Will Be One (ONE) - Draft Booster Display en ligne maintenant \u00e0 petit prix! Ton #1 shop pour cartes TCG & Pok\u00e9mon en Suisse \u2713 Livraison gratuite d\u00e8s CHF 29","breadcrumb":{"@id":"https:\/\/theuncommonshop.ch\/fr\/product\/magic-phyrexia-all-will-be-one-one-draft-booster-display-2\/#breadcrumb"},"inLanguage":"fr-FR","potentialAction":[{"@type":"ReadAction","target":["https:\/\/theuncommonshop.ch\/fr\/product\/magic-phyrexia-all-will-be-one-one-draft-booster-display-2\/"]}]},{"@type":"ImageObject","inLanguage":"fr-FR","@id":"https:\/\/theuncommonshop.ch\/fr\/product\/magic-phyrexia-all-will-be-one-one-draft-booster-display-2\/#primaryimage","url":"https:\/\/theuncommonshop.ch\/wp-content\/uploads\/2025\/06\/3300354936.jpg","contentUrl":"https:\/\/theuncommonshop.ch\/wp-content\/uploads\/2025\/06\/3300354936.jpg","width":900,"height":800},{"@type":"BreadcrumbList","@id":"https:\/\/theuncommonshop.ch\/fr\/product\/magic-phyrexia-all-will-be-one-one-draft-booster-display-2\/#breadcrumb","itemListElement":[{"@type":"ListItem","position":1,"name":"Accueil","item":"https:\/\/theuncommonshop.ch\/fr\/accueil\/"},{"@type":"ListItem","position":2,"name":"Boutique","item":"https:\/\/theuncommonshop.ch\/fr\/boutique\/"},{"@type":"ListItem","position":3,"name":"Magic the Gathering","item":"https:\/\/theuncommonshop.ch\/fr\/categorie-produit\/magic-the-gathering-fr\/"},{"@type":"ListItem","position":4,"name":"Produits par lots","item":"https:\/\/theuncommonshop.ch\/fr\/categorie-produit\/magic-the-gathering-fr\/produits-par-lots-mtg\/"},{"@type":"ListItem","position":5,"name":"Tous Phyrexians","item":"https:\/\/theuncommonshop.ch\/fr\/categorie-produit\/magic-the-gathering-fr\/produits-par-lots-mtg\/tous-phyrexians\/"},{"@type":"ListItem","position":6,"name":"Magic &#8211; Phyrexia All Will Be One (ONE) &#8211; Draft Booster Display"}]},{"@type":"WebSite","@id":"https:\/\/theuncommonshop.ch\/#website","url":"https:\/\/theuncommonshop.ch\/","name":"Largest trading card shop in Switzerland","description":"Magic, Pok\u00e9mon and Yu-gi-oh - The Uncommon Shop","potentialAction":[{"@type":"SearchAction","target":{"@type":"EntryPoint","urlTemplate":"https:\/\/theuncommonshop.ch\/?s={search_term_string}"},"query-input":{"@type":"PropertyValueSpecification","valueRequired":true,"valueName":"search_term_string"}}],"inLanguage":"fr-FR"}]},"og_availability":"out of stock","product_availability":"out of stock","product_condition":"new"},"_links":{"self":[{"href":"https:\/\/theuncommonshop.ch\/fr\/wp-json\/wp\/v2\/product\/327344","targetHints":{"allow":["GET"]}}],"collection":[{"href":"https:\/\/theuncommonshop.ch\/fr\/wp-json\/wp\/v2\/product"}],"about":[{"href":"https:\/\/theuncommonshop.ch\/fr\/wp-json\/wp\/v2\/types\/product"}],"replies":[{"embeddable":true,"href":"https:\/\/theuncommonshop.ch\/fr\/wp-json\/wp\/v2\/comments?post=327344"}],"version-history":[{"count":1,"href":"https:\/\/theuncommonshop.ch\/fr\/wp-json\/wp\/v2\/product\/327344\/revisions"}],"predecessor-version":[{"id":327349,"href":"https:\/\/theuncommonshop.ch\/fr\/wp-json\/wp\/v2\/product\/327344\/revisions\/327349"}],"wp:featuredmedia":[{"embeddable":true,"href":"https:\/\/theuncommonshop.ch\/fr\/wp-json\/wp\/v2\/media\/86133"}],"wp:attachment":[{"href":"https:\/\/theuncommonshop.ch\/fr\/wp-json\/wp\/v2\/media?parent=327344"}],"wp:term":[{"taxonomy":"product_brand","embeddable":true,"href":"https:\/\/theuncommonshop.ch\/fr\/wp-json\/wp\/v2\/product_brand?post=327344"},{"taxonomy":"product_cat","embeddable":true,"href":"https:\/\/theuncommonshop.ch\/fr\/wp-json\/wp\/v2\/product_cat?post=327344"},{"taxonomy":"product_tag","embeddable":true,"href":"https:\/\/theuncommonshop.ch\/fr\/wp-json\/wp\/v2\/product_tag?post=327344"}],"curies":[{"name":"wp","href":"https:\/\/api.w.org\/{rel}","templated":true}]}}