{"id":327314,"date":"2025-06-03T17:15:06","date_gmt":"2025-06-03T15:15:06","guid":{"rendered":"http:\/\/theuncommonshop.ch\/produkt\/327314\/"},"modified":"2026-04-18T10:19:52","modified_gmt":"2026-04-18T08:19:52","slug":"pokemon-liga-kampf-deck-mew-vmax-fr-2","status":"publish","type":"product","link":"https:\/\/theuncommonshop.ch\/fr\/product\/pokemon-liga-kampf-deck-mew-vmax-fr-2\/","title":{"rendered":"Pokemon &#8211; Ligue Kampf Deck &#8211; Mew Vmax &#8211; FR"},"content":{"rendered":"<p><iframe width=\"500\" height=\"281\" src=\"https:\/\/www.youtube.com\/embed\/tJVqv0Aq0ag\" frameborder=\"0\" allowfullscreen=\"\"><\/iframe><\/p>\n<p>Faites \u00e9quipe avec le charmant Mew VMAX et \u00e9liminez vos adversaires avec la puissance de feu d&#8217;une Fusionsangriff ! Ce Pok\u00e9mon VMAX est le v\u00f4tre dans ce deck puissant et digne d&#8217;une ligue, destin\u00e9 aux Dresseurs exp\u00e9riment\u00e9s et aux joueurs de Pok\u00e9mon TCG. Avec un \u00e9ventail de cartes comprenant des cartes Foil de qualit\u00e9, des cartes Power tr\u00e8s convoit\u00e9es et un ensemble bien \u00e9quilibr\u00e9 de cartes Pok\u00e9mon et de cartes Dresseur, le Deck Deck de combat de ligue Mew VMAX offre plus qu&#8217;un des Pok\u00e9mon les plus populaires de la r\u00e9gion de Kanto : il rassemble tous les \u00e9l\u00e9ments pour vous aider dans votre prochain combat !  <\/p>\n<div><\/div>\n<div>Le Pok\u00e9mon TCG : Mew VMAX League Battle Deck contient :<\/div>\n<ul>\n<li>  Un deck complet et jouable de 60 cartes, bourr\u00e9 de cartes Power<\/li>\n<li>  2 cartes Foil avec Mew V<\/li>\n<li>  2 cartes Foil avec Mew VMAX<\/li>\n<li>  2 cartes Foil avec Genesect V<\/li>\n<li>  1 bo\u00eete de pont<\/li>\n<li>  2 marqueurs d&#8217;\u00e9tat de la pi\u00e8ce<\/li>\n<li>  6 cubes de comptage des d\u00e9g\u00e2ts et 1 cube de lancer de pi\u00e8ces comp\u00e9titif<\/li>\n<li>  1 feuille de strat\u00e9gie<\/li>\n<li>  Une carte de code pour le Pok\u00e9mon Trading Card Game Live<\/li>\n<\/ul>\n","protected":false},"excerpt":{"rendered":"<p>Faites \u00e9quipe avec le charmant Mew VMAX et \u00e9liminez vos adversaires avec la puissance de feu d&#8217;une Fusionsangriff ! Ce<\/p>\n","protected":false},"featured_media":85665,"comment_status":"open","ping_status":"closed","template":"","meta":{"_acf_changed":false},"product_brand":[5114,5072],"product_cat":[9817,9829,10131],"product_tag":[],"class_list":{"0":"post-327314","1":"product","2":"type-product","3":"status-publish","4":"has-post-thumbnail","6":"product_brand-pokemon","7":"product_brand-the-pokemon-company","8":"product_cat-decks-fr","9":"product_cat-super-sale-pokemon-fr","10":"product_cat-swsh08-poing-de-fusion","12":"first","13":"outofstock","14":"sale","15":"taxable","16":"shipping-taxable","17":"purchasable","18":"product-type-variable"},"acf":[],"yoast_head":"<!-- This site is optimized with the Yoast SEO plugin v27.5 - https:\/\/yoast.com\/product\/yoast-seo-wordpress\/ -->\n<title>Ach\u00e8te Pokemon - Ligue Kampf Deck - Mew Vmax - FR<\/title>\n<meta name=\"description\" content=\"Ach\u00e8te Pokemon - Ligue Kampf Deck - Mew Vmax - FR en ligne maintenant \u00e0 petit prix! Ton #1 shop pour cartes TCG &amp; Pok\u00e9mon en Suisse \u2713 Livraison gratuite d\u00e8s CHF 29\" \/>\n<meta name=\"robots\" content=\"index, follow, max-snippet:-1, max-image-preview:large, max-video-preview:-1\" \/>\n<link rel=\"canonical\" href=\"https:\/\/theuncommonshop.ch\/fr\/product\/pokemon-liga-kampf-deck-mew-vmax-fr-2\/\" \/>\n<meta property=\"og:locale\" content=\"fr_FR\" \/>\n<meta property=\"og:type\" content=\"article\" \/>\n<meta property=\"og:title\" content=\"Ach\u00e8te Pokemon - Ligue Kampf Deck - Mew Vmax - FR\" \/>\n<meta property=\"og:description\" content=\"Ach\u00e8te Pokemon - Ligue Kampf Deck - Mew Vmax - FR en ligne maintenant \u00e0 petit prix! Ton #1 shop pour cartes TCG &amp; Pok\u00e9mon en Suisse \u2713 Livraison gratuite d\u00e8s CHF 29\" \/>\n<meta property=\"og:url\" content=\"https:\/\/theuncommonshop.ch\/fr\/product\/pokemon-liga-kampf-deck-mew-vmax-fr-2\/\" \/>\n<meta property=\"og:site_name\" content=\"The Uncommon Shop\" \/>\n<meta property=\"article:modified_time\" content=\"2026-04-18T08:19:52+00:00\" \/>\n<meta property=\"og:image\" content=\"https:\/\/theuncommonshop.ch\/wp-content\/uploads\/2025\/06\/3293918026.jpg\" \/>\n\t<meta property=\"og:image:width\" content=\"1345\" \/>\n\t<meta property=\"og:image:height\" content=\"1500\" \/>\n\t<meta property=\"og:image:type\" content=\"image\/jpeg\" \/>\n<meta name=\"twitter:card\" content=\"summary_large_image\" \/>\n<meta name=\"twitter:label1\" content=\"Disponibilit\u00e9\" \/>\n\t<meta name=\"twitter:data1\" content=\"Rupture de stock\" \/>\n<script type=\"application\/ld+json\" class=\"yoast-schema-graph\">{\"@context\":\"https:\\\/\\\/schema.org\",\"@graph\":[{\"@type\":\"WebPage\",\"@id\":\"https:\\\/\\\/theuncommonshop.ch\\\/fr\\\/product\\\/pokemon-liga-kampf-deck-mew-vmax-fr-2\\\/\",\"url\":\"https:\\\/\\\/theuncommonshop.ch\\\/fr\\\/product\\\/pokemon-liga-kampf-deck-mew-vmax-fr-2\\\/\",\"name\":\"Ach\u00e8te Pokemon - Ligue Kampf Deck - Mew Vmax - FR\",\"isPartOf\":{\"@id\":\"https:\\\/\\\/theuncommonshop.ch\\\/fr\\\/#website\"},\"primaryImageOfPage\":{\"@id\":\"https:\\\/\\\/theuncommonshop.ch\\\/fr\\\/product\\\/pokemon-liga-kampf-deck-mew-vmax-fr-2\\\/#primaryimage\"},\"image\":{\"@id\":\"https:\\\/\\\/theuncommonshop.ch\\\/fr\\\/product\\\/pokemon-liga-kampf-deck-mew-vmax-fr-2\\\/#primaryimage\"},\"thumbnailUrl\":\"https:\\\/\\\/theuncommonshop.ch\\\/wp-content\\\/uploads\\\/2025\\\/06\\\/3293918026.jpg\",\"datePublished\":\"2025-06-03T15:15:06+00:00\",\"dateModified\":\"2026-04-18T08:19:52+00:00\",\"description\":\"Ach\u00e8te Pokemon - Ligue Kampf Deck - Mew Vmax - FR en ligne maintenant \u00e0 petit prix! Ton #1 shop pour cartes TCG & Pok\u00e9mon en Suisse \u2713 Livraison gratuite d\u00e8s CHF 29\",\"breadcrumb\":{\"@id\":\"https:\\\/\\\/theuncommonshop.ch\\\/fr\\\/product\\\/pokemon-liga-kampf-deck-mew-vmax-fr-2\\\/#breadcrumb\"},\"inLanguage\":\"fr-FR\",\"potentialAction\":[{\"@type\":\"ReadAction\",\"target\":[\"https:\\\/\\\/theuncommonshop.ch\\\/fr\\\/product\\\/pokemon-liga-kampf-deck-mew-vmax-fr-2\\\/\"]}]},{\"@type\":\"ImageObject\",\"inLanguage\":\"fr-FR\",\"@id\":\"https:\\\/\\\/theuncommonshop.ch\\\/fr\\\/product\\\/pokemon-liga-kampf-deck-mew-vmax-fr-2\\\/#primaryimage\",\"url\":\"https:\\\/\\\/theuncommonshop.ch\\\/wp-content\\\/uploads\\\/2025\\\/06\\\/3293918026.jpg\",\"contentUrl\":\"https:\\\/\\\/theuncommonshop.ch\\\/wp-content\\\/uploads\\\/2025\\\/06\\\/3293918026.jpg\",\"width\":1345,\"height\":1500},{\"@type\":\"BreadcrumbList\",\"@id\":\"https:\\\/\\\/theuncommonshop.ch\\\/fr\\\/product\\\/pokemon-liga-kampf-deck-mew-vmax-fr-2\\\/#breadcrumb\",\"itemListElement\":[{\"@type\":\"ListItem\",\"position\":1,\"name\":\"Accueil\",\"item\":\"https:\\\/\\\/theuncommonshop.ch\\\/fr\\\/accueil\\\/\"},{\"@type\":\"ListItem\",\"position\":2,\"name\":\"Boutique\",\"item\":\"https:\\\/\\\/theuncommonshop.ch\\\/fr\\\/boutique\\\/\"},{\"@type\":\"ListItem\",\"position\":3,\"name\":\"Pok\u00e9mon\",\"item\":\"https:\\\/\\\/theuncommonshop.ch\\\/fr\\\/categorie-produit\\\/pokemon-fr\\\/\"},{\"@type\":\"ListItem\",\"position\":4,\"name\":\"Produits par lots\",\"item\":\"https:\\\/\\\/theuncommonshop.ch\\\/fr\\\/categorie-produit\\\/pokemon-fr\\\/produits-par-lots\\\/\"},{\"@type\":\"ListItem\",\"position\":5,\"name\":\"\u00c9p\u00e9e & Bouclier\",\"item\":\"https:\\\/\\\/theuncommonshop.ch\\\/fr\\\/categorie-produit\\\/pokemon-fr\\\/produits-par-lots\\\/epee-et-bouclier\\\/\"},{\"@type\":\"ListItem\",\"position\":6,\"name\":\"SWSH08 Poing de Fusion\",\"item\":\"https:\\\/\\\/theuncommonshop.ch\\\/fr\\\/categorie-produit\\\/pokemon-fr\\\/produits-par-lots\\\/epee-et-bouclier\\\/swsh08-poing-de-fusion\\\/\"},{\"@type\":\"ListItem\",\"position\":7,\"name\":\"Pokemon &#8211; Ligue Kampf Deck &#8211; Mew Vmax &#8211; FR\"}]},{\"@type\":\"WebSite\",\"@id\":\"https:\\\/\\\/theuncommonshop.ch\\\/fr\\\/#website\",\"url\":\"https:\\\/\\\/theuncommonshop.ch\\\/fr\\\/\",\"name\":\"The Uncommon Shop\",\"description\":\"Magic, Pok\u00e9mon and Yu-gi-oh - The Uncommon Shop\",\"potentialAction\":[{\"@type\":\"SearchAction\",\"target\":{\"@type\":\"EntryPoint\",\"urlTemplate\":\"https:\\\/\\\/theuncommonshop.ch\\\/fr\\\/?s={search_term_string}\"},\"query-input\":{\"@type\":\"PropertyValueSpecification\",\"valueRequired\":true,\"valueName\":\"search_term_string\"}}],\"inLanguage\":\"fr-FR\"}]}<\/script>\n<meta property=\"og:availability\" content=\"out of stock\" \/>\n<meta property=\"product:availability\" content=\"out of stock\" \/>\n<meta property=\"product:retailer_item_id\" content=\"PO.XXXIII.G.LeagueBattleDecksMew.FR\" \/>\n<meta property=\"product:condition\" content=\"new\" \/>\n<!-- \/ Yoast SEO plugin. -->","yoast_head_json":{"title":"Ach\u00e8te Pokemon - Ligue Kampf Deck - Mew Vmax - FR","description":"Ach\u00e8te Pokemon - Ligue Kampf Deck - Mew Vmax - FR en ligne maintenant \u00e0 petit prix! Ton #1 shop pour cartes TCG & Pok\u00e9mon en Suisse \u2713 Livraison gratuite d\u00e8s CHF 29","robots":{"index":"index","follow":"follow","max-snippet":"max-snippet:-1","max-image-preview":"max-image-preview:large","max-video-preview":"max-video-preview:-1"},"canonical":"https:\/\/theuncommonshop.ch\/fr\/product\/pokemon-liga-kampf-deck-mew-vmax-fr-2\/","og_locale":"fr_FR","og_type":"article","og_title":"Ach\u00e8te Pokemon - Ligue Kampf Deck - Mew Vmax - FR","og_description":"Ach\u00e8te Pokemon - Ligue Kampf Deck - Mew Vmax - FR en ligne maintenant \u00e0 petit prix! Ton #1 shop pour cartes TCG & Pok\u00e9mon en Suisse \u2713 Livraison gratuite d\u00e8s CHF 29","og_url":"https:\/\/theuncommonshop.ch\/fr\/product\/pokemon-liga-kampf-deck-mew-vmax-fr-2\/","og_site_name":"The Uncommon Shop","article_modified_time":"2026-04-18T08:19:52+00:00","og_image":[{"width":1345,"height":1500,"url":"https:\/\/theuncommonshop.ch\/wp-content\/uploads\/2025\/06\/3293918026.jpg","type":"image\/jpeg"}],"twitter_card":"summary_large_image","twitter_misc":{"Disponibilit\u00e9":"Rupture de stock"},"schema":{"@context":"https:\/\/schema.org","@graph":[{"@type":"WebPage","@id":"https:\/\/theuncommonshop.ch\/fr\/product\/pokemon-liga-kampf-deck-mew-vmax-fr-2\/","url":"https:\/\/theuncommonshop.ch\/fr\/product\/pokemon-liga-kampf-deck-mew-vmax-fr-2\/","name":"Ach\u00e8te Pokemon - Ligue Kampf Deck - Mew Vmax - FR","isPartOf":{"@id":"https:\/\/theuncommonshop.ch\/fr\/#website"},"primaryImageOfPage":{"@id":"https:\/\/theuncommonshop.ch\/fr\/product\/pokemon-liga-kampf-deck-mew-vmax-fr-2\/#primaryimage"},"image":{"@id":"https:\/\/theuncommonshop.ch\/fr\/product\/pokemon-liga-kampf-deck-mew-vmax-fr-2\/#primaryimage"},"thumbnailUrl":"https:\/\/theuncommonshop.ch\/wp-content\/uploads\/2025\/06\/3293918026.jpg","datePublished":"2025-06-03T15:15:06+00:00","dateModified":"2026-04-18T08:19:52+00:00","description":"Ach\u00e8te Pokemon - Ligue Kampf Deck - Mew Vmax - FR en ligne maintenant \u00e0 petit prix! Ton #1 shop pour cartes TCG & Pok\u00e9mon en Suisse \u2713 Livraison gratuite d\u00e8s CHF 29","breadcrumb":{"@id":"https:\/\/theuncommonshop.ch\/fr\/product\/pokemon-liga-kampf-deck-mew-vmax-fr-2\/#breadcrumb"},"inLanguage":"fr-FR","potentialAction":[{"@type":"ReadAction","target":["https:\/\/theuncommonshop.ch\/fr\/product\/pokemon-liga-kampf-deck-mew-vmax-fr-2\/"]}]},{"@type":"ImageObject","inLanguage":"fr-FR","@id":"https:\/\/theuncommonshop.ch\/fr\/product\/pokemon-liga-kampf-deck-mew-vmax-fr-2\/#primaryimage","url":"https:\/\/theuncommonshop.ch\/wp-content\/uploads\/2025\/06\/3293918026.jpg","contentUrl":"https:\/\/theuncommonshop.ch\/wp-content\/uploads\/2025\/06\/3293918026.jpg","width":1345,"height":1500},{"@type":"BreadcrumbList","@id":"https:\/\/theuncommonshop.ch\/fr\/product\/pokemon-liga-kampf-deck-mew-vmax-fr-2\/#breadcrumb","itemListElement":[{"@type":"ListItem","position":1,"name":"Accueil","item":"https:\/\/theuncommonshop.ch\/fr\/accueil\/"},{"@type":"ListItem","position":2,"name":"Boutique","item":"https:\/\/theuncommonshop.ch\/fr\/boutique\/"},{"@type":"ListItem","position":3,"name":"Pok\u00e9mon","item":"https:\/\/theuncommonshop.ch\/fr\/categorie-produit\/pokemon-fr\/"},{"@type":"ListItem","position":4,"name":"Produits par lots","item":"https:\/\/theuncommonshop.ch\/fr\/categorie-produit\/pokemon-fr\/produits-par-lots\/"},{"@type":"ListItem","position":5,"name":"\u00c9p\u00e9e & Bouclier","item":"https:\/\/theuncommonshop.ch\/fr\/categorie-produit\/pokemon-fr\/produits-par-lots\/epee-et-bouclier\/"},{"@type":"ListItem","position":6,"name":"SWSH08 Poing de Fusion","item":"https:\/\/theuncommonshop.ch\/fr\/categorie-produit\/pokemon-fr\/produits-par-lots\/epee-et-bouclier\/swsh08-poing-de-fusion\/"},{"@type":"ListItem","position":7,"name":"Pokemon &#8211; Ligue Kampf Deck &#8211; Mew Vmax &#8211; FR"}]},{"@type":"WebSite","@id":"https:\/\/theuncommonshop.ch\/fr\/#website","url":"https:\/\/theuncommonshop.ch\/fr\/","name":"The Uncommon Shop","description":"Magic, Pok\u00e9mon and Yu-gi-oh - The Uncommon Shop","potentialAction":[{"@type":"SearchAction","target":{"@type":"EntryPoint","urlTemplate":"https:\/\/theuncommonshop.ch\/fr\/?s={search_term_string}"},"query-input":{"@type":"PropertyValueSpecification","valueRequired":true,"valueName":"search_term_string"}}],"inLanguage":"fr-FR"}]},"og_availability":"out of stock","product_availability":"out of stock","product_retailer_item_id":"PO.XXXIII.G.LeagueBattleDecksMew.FR","product_condition":"new"},"_links":{"self":[{"href":"https:\/\/theuncommonshop.ch\/fr\/wp-json\/wp\/v2\/product\/327314","targetHints":{"allow":["GET"]}}],"collection":[{"href":"https:\/\/theuncommonshop.ch\/fr\/wp-json\/wp\/v2\/product"}],"about":[{"href":"https:\/\/theuncommonshop.ch\/fr\/wp-json\/wp\/v2\/types\/product"}],"replies":[{"embeddable":true,"href":"https:\/\/theuncommonshop.ch\/fr\/wp-json\/wp\/v2\/comments?post=327314"}],"version-history":[{"count":0,"href":"https:\/\/theuncommonshop.ch\/fr\/wp-json\/wp\/v2\/product\/327314\/revisions"}],"wp:featuredmedia":[{"embeddable":true,"href":"https:\/\/theuncommonshop.ch\/fr\/wp-json\/wp\/v2\/media\/85665"}],"wp:attachment":[{"href":"https:\/\/theuncommonshop.ch\/fr\/wp-json\/wp\/v2\/media?parent=327314"}],"wp:term":[{"taxonomy":"product_brand","embeddable":true,"href":"https:\/\/theuncommonshop.ch\/fr\/wp-json\/wp\/v2\/product_brand?post=327314"},{"taxonomy":"product_cat","embeddable":true,"href":"https:\/\/theuncommonshop.ch\/fr\/wp-json\/wp\/v2\/product_cat?post=327314"},{"taxonomy":"product_tag","embeddable":true,"href":"https:\/\/theuncommonshop.ch\/fr\/wp-json\/wp\/v2\/product_tag?post=327314"}],"curies":[{"name":"wp","href":"https:\/\/api.w.org\/{rel}","templated":true}]}}