{"id":327217,"date":"2025-06-03T15:59:25","date_gmt":"2025-06-03T15:59:25","guid":{"rendered":"http:\/\/theuncommonshop.ch\/produkt\/327217\/"},"modified":"2026-04-02T12:07:58","modified_gmt":"2026-04-02T10:07:58","slug":"gamegenic-9-pocket-top-loading-pages-50-clear-2","status":"publish","type":"product","link":"https:\/\/theuncommonshop.ch\/fr\/product\/gamegenic-9-pocket-top-loading-pages-50-clear-2\/","title":{"rendered":"Gamegenic &#8211; 9-Pocket Top Loading Pages (50) &#8211; Transparent"},"content":{"rendered":"<p>Pockets de haute qualit\u00e9 \u00e0 9 poches pour cartes standard et japonaises, fabriqu\u00e9s en polypropyl\u00e8ne extra clair. Gr\u00e2ce \u00e0 leur spine polyvalent \u00e0 11 trous, ces pages s&#8217;adaptent \u00e0 presque tous les classeurs \u00e0 anneaux de taille standard. Les pochettes sont charg\u00e9es par le haut et prot\u00e8gent parfaitement m\u00eame les cartes \u00e0 double tresse. Les joints soud\u00e9s, r\u00e9alis\u00e9s \u00e0 l&#8217;aide de la technologie ultrasonique, garantissent des pochettes pour cartes solides et mesur\u00e9es avec pr\u00e9cision.   <\/p>\n","protected":false},"excerpt":{"rendered":"<p>Pockets de haute qualit\u00e9 \u00e0 9 poches pour cartes standard et japonaises, fabriqu\u00e9s en polypropyl\u00e8ne extra clair. Gr\u00e2ce \u00e0 leur<\/p>\n","protected":false},"featured_media":83851,"comment_status":"open","ping_status":"closed","template":"","meta":{"_acf_changed":false},"product_brand":[5090],"product_cat":[9859,9863,9871],"product_tag":[],"class_list":{"0":"post-327217","1":"product","2":"type-product","3":"status-publish","4":"has-post-thumbnail","6":"product_brand-gamegenic","7":"product_cat-accessoires-tcg","8":"product_cat-binder-fr","9":"product_cat-pages-du-dossier","11":"first","12":"instock","13":"taxable","14":"shipping-taxable","15":"purchasable","16":"product-type-simple"},"acf":[],"yoast_head":"<!-- This site is optimized with the Yoast SEO plugin v27.5 - https:\/\/yoast.com\/product\/yoast-seo-wordpress\/ -->\n<title>Ach\u00e8te Gamegenic - 9-Pocket Top Loading Pages (50) - Transparent<\/title>\n<meta name=\"description\" content=\"Ach\u00e8te Gamegenic - 9-Pocket Top Loading Pages (50) - Transparent en ligne maintenant \u00e0 petit prix! Ton #1 shop pour cartes TCG &amp; Pok\u00e9mon en Suisse \u2713 Livraison gratuite d\u00e8s CHF 29\" \/>\n<meta name=\"robots\" content=\"index, follow, max-snippet:-1, max-image-preview:large, max-video-preview:-1\" \/>\n<link rel=\"canonical\" href=\"https:\/\/theuncommonshop.ch\/fr\/product\/gamegenic-9-pocket-top-loading-pages-50-clear-2\/\" \/>\n<meta property=\"og:locale\" content=\"fr_FR\" \/>\n<meta property=\"og:type\" content=\"article\" \/>\n<meta property=\"og:title\" content=\"Ach\u00e8te Gamegenic - 9-Pocket Top Loading Pages (50) - Transparent\" \/>\n<meta property=\"og:description\" content=\"Ach\u00e8te Gamegenic - 9-Pocket Top Loading Pages (50) - Transparent en ligne maintenant \u00e0 petit prix! Ton #1 shop pour cartes TCG &amp; Pok\u00e9mon en Suisse \u2713 Livraison gratuite d\u00e8s CHF 29\" \/>\n<meta property=\"og:url\" content=\"https:\/\/theuncommonshop.ch\/fr\/product\/gamegenic-9-pocket-top-loading-pages-50-clear-2\/\" \/>\n<meta property=\"og:site_name\" content=\"The Uncommon Shop\" \/>\n<meta property=\"article:modified_time\" content=\"2026-04-02T10:07:58+00:00\" \/>\n<meta property=\"og:image\" content=\"https:\/\/theuncommonshop.ch\/wp-content\/uploads\/2025\/06\/3229894182.jpg\" \/>\n\t<meta property=\"og:image:width\" content=\"900\" \/>\n\t<meta property=\"og:image:height\" content=\"900\" \/>\n\t<meta property=\"og:image:type\" content=\"image\/jpeg\" \/>\n<meta name=\"twitter:card\" content=\"summary_large_image\" \/>\n<meta name=\"twitter:label1\" content=\"Prix\" \/>\n\t<meta name=\"twitter:data1\" content=\"&#067;&#072;&#070;&nbsp;17.95\" \/>\n\t<meta name=\"twitter:label2\" content=\"Disponibilit\u00e9\" \/>\n\t<meta name=\"twitter:data2\" content=\"En stock\" \/>\n<script type=\"application\/ld+json\" class=\"yoast-schema-graph\">{\"@context\":\"https:\\\/\\\/schema.org\",\"@graph\":[{\"@type\":\"WebPage\",\"@id\":\"https:\\\/\\\/theuncommonshop.ch\\\/fr\\\/product\\\/gamegenic-9-pocket-top-loading-pages-50-clear-2\\\/\",\"url\":\"https:\\\/\\\/theuncommonshop.ch\\\/fr\\\/product\\\/gamegenic-9-pocket-top-loading-pages-50-clear-2\\\/\",\"name\":\"Ach\u00e8te Gamegenic - 9-Pocket Top Loading Pages (50) - Transparent\",\"isPartOf\":{\"@id\":\"https:\\\/\\\/theuncommonshop.ch\\\/fr\\\/#website\"},\"primaryImageOfPage\":{\"@id\":\"https:\\\/\\\/theuncommonshop.ch\\\/fr\\\/product\\\/gamegenic-9-pocket-top-loading-pages-50-clear-2\\\/#primaryimage\"},\"image\":{\"@id\":\"https:\\\/\\\/theuncommonshop.ch\\\/fr\\\/product\\\/gamegenic-9-pocket-top-loading-pages-50-clear-2\\\/#primaryimage\"},\"thumbnailUrl\":\"https:\\\/\\\/theuncommonshop.ch\\\/wp-content\\\/uploads\\\/2025\\\/06\\\/3229894182.jpg\",\"datePublished\":\"2025-06-03T15:59:25+00:00\",\"dateModified\":\"2026-04-02T10:07:58+00:00\",\"description\":\"Ach\u00e8te Gamegenic - 9-Pocket Top Loading Pages (50) - Transparent en ligne maintenant \u00e0 petit prix! Ton #1 shop pour cartes TCG & Pok\u00e9mon en Suisse \u2713 Livraison gratuite d\u00e8s CHF 29\",\"breadcrumb\":{\"@id\":\"https:\\\/\\\/theuncommonshop.ch\\\/fr\\\/product\\\/gamegenic-9-pocket-top-loading-pages-50-clear-2\\\/#breadcrumb\"},\"inLanguage\":\"fr-FR\",\"potentialAction\":[{\"@type\":\"ReadAction\",\"target\":[\"https:\\\/\\\/theuncommonshop.ch\\\/fr\\\/product\\\/gamegenic-9-pocket-top-loading-pages-50-clear-2\\\/\"]}]},{\"@type\":\"ImageObject\",\"inLanguage\":\"fr-FR\",\"@id\":\"https:\\\/\\\/theuncommonshop.ch\\\/fr\\\/product\\\/gamegenic-9-pocket-top-loading-pages-50-clear-2\\\/#primaryimage\",\"url\":\"https:\\\/\\\/theuncommonshop.ch\\\/wp-content\\\/uploads\\\/2025\\\/06\\\/3229894182.jpg\",\"contentUrl\":\"https:\\\/\\\/theuncommonshop.ch\\\/wp-content\\\/uploads\\\/2025\\\/06\\\/3229894182.jpg\",\"width\":900,\"height\":900},{\"@type\":\"BreadcrumbList\",\"@id\":\"https:\\\/\\\/theuncommonshop.ch\\\/fr\\\/product\\\/gamegenic-9-pocket-top-loading-pages-50-clear-2\\\/#breadcrumb\",\"itemListElement\":[{\"@type\":\"ListItem\",\"position\":1,\"name\":\"Accueil\",\"item\":\"https:\\\/\\\/theuncommonshop.ch\\\/fr\\\/accueil\\\/\"},{\"@type\":\"ListItem\",\"position\":2,\"name\":\"Boutique\",\"item\":\"https:\\\/\\\/theuncommonshop.ch\\\/fr\\\/boutique\\\/\"},{\"@type\":\"ListItem\",\"position\":3,\"name\":\"Accessoires TCG\",\"item\":\"https:\\\/\\\/theuncommonshop.ch\\\/fr\\\/categorie-produit\\\/accessoires-tcg\\\/\"},{\"@type\":\"ListItem\",\"position\":4,\"name\":\"Binder\",\"item\":\"https:\\\/\\\/theuncommonshop.ch\\\/fr\\\/categorie-produit\\\/accessoires-tcg\\\/binder-fr\\\/\"},{\"@type\":\"ListItem\",\"position\":5,\"name\":\"Pages du dossier\",\"item\":\"https:\\\/\\\/theuncommonshop.ch\\\/fr\\\/categorie-produit\\\/accessoires-tcg\\\/binder-fr\\\/pages-du-dossier\\\/\"},{\"@type\":\"ListItem\",\"position\":6,\"name\":\"Gamegenic &#8211; 9-Pocket Top Loading Pages (50) &#8211; Transparent\"}]},{\"@type\":\"WebSite\",\"@id\":\"https:\\\/\\\/theuncommonshop.ch\\\/fr\\\/#website\",\"url\":\"https:\\\/\\\/theuncommonshop.ch\\\/fr\\\/\",\"name\":\"The Uncommon Shop\",\"description\":\"Magic, Pok\u00e9mon and Yu-gi-oh - The Uncommon Shop\",\"potentialAction\":[{\"@type\":\"SearchAction\",\"target\":{\"@type\":\"EntryPoint\",\"urlTemplate\":\"https:\\\/\\\/theuncommonshop.ch\\\/fr\\\/?s={search_term_string}\"},\"query-input\":{\"@type\":\"PropertyValueSpecification\",\"valueRequired\":true,\"valueName\":\"search_term_string\"}}],\"inLanguage\":\"fr-FR\"}]}<\/script>\n<meta property=\"product:price:amount\" content=\"17.95\" \/>\n<meta property=\"product:price:currency\" content=\"CHF\" \/>\n<meta property=\"og:availability\" content=\"instock\" \/>\n<meta property=\"product:availability\" content=\"instock\" \/>\n<meta property=\"product:retailer_item_id\" content=\"Zub.VII.A.GGToploading.clear\" \/>\n<meta property=\"product:condition\" content=\"new\" \/>\n<!-- \/ Yoast SEO plugin. -->","yoast_head_json":{"title":"Ach\u00e8te Gamegenic - 9-Pocket Top Loading Pages (50) - Transparent","description":"Ach\u00e8te Gamegenic - 9-Pocket Top Loading Pages (50) - Transparent en ligne maintenant \u00e0 petit prix! Ton #1 shop pour cartes TCG & Pok\u00e9mon en Suisse \u2713 Livraison gratuite d\u00e8s CHF 29","robots":{"index":"index","follow":"follow","max-snippet":"max-snippet:-1","max-image-preview":"max-image-preview:large","max-video-preview":"max-video-preview:-1"},"canonical":"https:\/\/theuncommonshop.ch\/fr\/product\/gamegenic-9-pocket-top-loading-pages-50-clear-2\/","og_locale":"fr_FR","og_type":"article","og_title":"Ach\u00e8te Gamegenic - 9-Pocket Top Loading Pages (50) - Transparent","og_description":"Ach\u00e8te Gamegenic - 9-Pocket Top Loading Pages (50) - Transparent en ligne maintenant \u00e0 petit prix! Ton #1 shop pour cartes TCG & Pok\u00e9mon en Suisse \u2713 Livraison gratuite d\u00e8s CHF 29","og_url":"https:\/\/theuncommonshop.ch\/fr\/product\/gamegenic-9-pocket-top-loading-pages-50-clear-2\/","og_site_name":"The Uncommon Shop","article_modified_time":"2026-04-02T10:07:58+00:00","og_image":[{"width":900,"height":900,"url":"https:\/\/theuncommonshop.ch\/wp-content\/uploads\/2025\/06\/3229894182.jpg","type":"image\/jpeg"}],"twitter_card":"summary_large_image","twitter_misc":{"Prix":"&#67;&#72;&#70;&nbsp;17.95","Disponibilit\u00e9":"En stock"},"schema":{"@context":"https:\/\/schema.org","@graph":[{"@type":"WebPage","@id":"https:\/\/theuncommonshop.ch\/fr\/product\/gamegenic-9-pocket-top-loading-pages-50-clear-2\/","url":"https:\/\/theuncommonshop.ch\/fr\/product\/gamegenic-9-pocket-top-loading-pages-50-clear-2\/","name":"Ach\u00e8te Gamegenic - 9-Pocket Top Loading Pages (50) - Transparent","isPartOf":{"@id":"https:\/\/theuncommonshop.ch\/fr\/#website"},"primaryImageOfPage":{"@id":"https:\/\/theuncommonshop.ch\/fr\/product\/gamegenic-9-pocket-top-loading-pages-50-clear-2\/#primaryimage"},"image":{"@id":"https:\/\/theuncommonshop.ch\/fr\/product\/gamegenic-9-pocket-top-loading-pages-50-clear-2\/#primaryimage"},"thumbnailUrl":"https:\/\/theuncommonshop.ch\/wp-content\/uploads\/2025\/06\/3229894182.jpg","datePublished":"2025-06-03T15:59:25+00:00","dateModified":"2026-04-02T10:07:58+00:00","description":"Ach\u00e8te Gamegenic - 9-Pocket Top Loading Pages (50) - Transparent en ligne maintenant \u00e0 petit prix! Ton #1 shop pour cartes TCG & Pok\u00e9mon en Suisse \u2713 Livraison gratuite d\u00e8s CHF 29","breadcrumb":{"@id":"https:\/\/theuncommonshop.ch\/fr\/product\/gamegenic-9-pocket-top-loading-pages-50-clear-2\/#breadcrumb"},"inLanguage":"fr-FR","potentialAction":[{"@type":"ReadAction","target":["https:\/\/theuncommonshop.ch\/fr\/product\/gamegenic-9-pocket-top-loading-pages-50-clear-2\/"]}]},{"@type":"ImageObject","inLanguage":"fr-FR","@id":"https:\/\/theuncommonshop.ch\/fr\/product\/gamegenic-9-pocket-top-loading-pages-50-clear-2\/#primaryimage","url":"https:\/\/theuncommonshop.ch\/wp-content\/uploads\/2025\/06\/3229894182.jpg","contentUrl":"https:\/\/theuncommonshop.ch\/wp-content\/uploads\/2025\/06\/3229894182.jpg","width":900,"height":900},{"@type":"BreadcrumbList","@id":"https:\/\/theuncommonshop.ch\/fr\/product\/gamegenic-9-pocket-top-loading-pages-50-clear-2\/#breadcrumb","itemListElement":[{"@type":"ListItem","position":1,"name":"Accueil","item":"https:\/\/theuncommonshop.ch\/fr\/accueil\/"},{"@type":"ListItem","position":2,"name":"Boutique","item":"https:\/\/theuncommonshop.ch\/fr\/boutique\/"},{"@type":"ListItem","position":3,"name":"Accessoires TCG","item":"https:\/\/theuncommonshop.ch\/fr\/categorie-produit\/accessoires-tcg\/"},{"@type":"ListItem","position":4,"name":"Binder","item":"https:\/\/theuncommonshop.ch\/fr\/categorie-produit\/accessoires-tcg\/binder-fr\/"},{"@type":"ListItem","position":5,"name":"Pages du dossier","item":"https:\/\/theuncommonshop.ch\/fr\/categorie-produit\/accessoires-tcg\/binder-fr\/pages-du-dossier\/"},{"@type":"ListItem","position":6,"name":"Gamegenic &#8211; 9-Pocket Top Loading Pages (50) &#8211; Transparent"}]},{"@type":"WebSite","@id":"https:\/\/theuncommonshop.ch\/fr\/#website","url":"https:\/\/theuncommonshop.ch\/fr\/","name":"The Uncommon Shop","description":"Magic, Pok\u00e9mon and Yu-gi-oh - The Uncommon Shop","potentialAction":[{"@type":"SearchAction","target":{"@type":"EntryPoint","urlTemplate":"https:\/\/theuncommonshop.ch\/fr\/?s={search_term_string}"},"query-input":{"@type":"PropertyValueSpecification","valueRequired":true,"valueName":"search_term_string"}}],"inLanguage":"fr-FR"}]},"product_price_amount":"17.95","product_price_currency":"CHF","og_availability":"instock","product_availability":"instock","product_retailer_item_id":"Zub.VII.A.GGToploading.clear","product_condition":"new"},"_links":{"self":[{"href":"https:\/\/theuncommonshop.ch\/fr\/wp-json\/wp\/v2\/product\/327217","targetHints":{"allow":["GET"]}}],"collection":[{"href":"https:\/\/theuncommonshop.ch\/fr\/wp-json\/wp\/v2\/product"}],"about":[{"href":"https:\/\/theuncommonshop.ch\/fr\/wp-json\/wp\/v2\/types\/product"}],"replies":[{"embeddable":true,"href":"https:\/\/theuncommonshop.ch\/fr\/wp-json\/wp\/v2\/comments?post=327217"}],"version-history":[{"count":0,"href":"https:\/\/theuncommonshop.ch\/fr\/wp-json\/wp\/v2\/product\/327217\/revisions"}],"wp:featuredmedia":[{"embeddable":true,"href":"https:\/\/theuncommonshop.ch\/fr\/wp-json\/wp\/v2\/media\/83851"}],"wp:attachment":[{"href":"https:\/\/theuncommonshop.ch\/fr\/wp-json\/wp\/v2\/media?parent=327217"}],"wp:term":[{"taxonomy":"product_brand","embeddable":true,"href":"https:\/\/theuncommonshop.ch\/fr\/wp-json\/wp\/v2\/product_brand?post=327217"},{"taxonomy":"product_cat","embeddable":true,"href":"https:\/\/theuncommonshop.ch\/fr\/wp-json\/wp\/v2\/product_cat?post=327217"},{"taxonomy":"product_tag","embeddable":true,"href":"https:\/\/theuncommonshop.ch\/fr\/wp-json\/wp\/v2\/product_tag?post=327217"}],"curies":[{"name":"wp","href":"https:\/\/api.w.org\/{rel}","templated":true}]}}