{"id":327211,"date":"2025-06-03T14:30:19","date_gmt":"2025-06-03T14:30:19","guid":{"rendered":"http:\/\/theuncommonshop.ch\/produkt\/327211\/"},"modified":"2026-03-31T18:30:29","modified_gmt":"2026-03-31T16:30:29","slug":"magic-secret-lair-artist-series-magali-villeneuve-3","status":"publish","type":"product","link":"https:\/\/theuncommonshop.ch\/fr\/product\/magic-secret-lair-artist-series-magali-villeneuve-3\/","title":{"rendered":"Magic &#8211; Secret Lair &#8211; Artist Series : Magali Villeneuve"},"content":{"rendered":"<p data-start=\"59\" data-end=\"357\"><strong data-start=\"63\" data-end=\"121\">Magic &#8211; Secret Lair &#8211; Artist Series : Magali Villeneuve<\/strong> est un drop sp\u00e9cial issu de la c\u00e9l\u00e8bre <strong data-start=\"170\" data-end=\"211\"><span class=\"hover:entity-accent entity-underline inline cursor-pointer align-baseline\"><span class=\"whitespace-normal\">Secret Lair<\/span><\/span><\/strong> s\u00e9rie. Cette Artist Series pr\u00e9sente le travail de la c\u00e9l\u00e8bre artiste de fantasy. <strong data-start=\"296\" data-end=\"337\"><span class=\"hover:entity-accent entity-underline inline cursor-pointer align-baseline\"><span class=\"whitespace-normal\">Magali Villeneuve<\/span><\/span><\/strong> au centre de l&#8217;attention. <\/p>\n<p data-start=\"359\" data-end=\"778\">Magali Villeneuve est l&#8217;une des illustratrices les plus c\u00e9l\u00e8bres de l&#8217;univers Magic, connue pour ses repr\u00e9sentations d\u00e9taill\u00e9es de personnages et ses sc\u00e8nes de fantasy \u00e9piques. Dans ce Secret Lair Drop, plusieurs cartes Magic bien connues re\u00e7oivent de nouvelles illustrations dans le style unique de l&#8217;artiste. Cela permet de cr\u00e9er des variantes de cartes sp\u00e9ciales qui se distinguent nettement des versions imprim\u00e9es classiques.  <\/p>\n<p data-start=\"780\" data-end=\"993\">La combinaison de cartes populaires et d&#8217;artworks exclusifs fait de cette Artist Series une extension int\u00e9ressante pour les collectionneurs ainsi que pour les joueurs qui souhaitent ajouter une touche visuelle particuli\u00e8re \u00e0 leur deck.<\/p>\n<h3 data-section-id=\"nbhvm8\" data-start=\"995\" data-end=\"1005\">Contenu<\/h3>\n<p data-start=\"1007\" data-end=\"1236\">&#8211; plusieurs <strong data-start=\"1017\" data-end=\"1100\">cartes Magic : The Gathering avec des illustrations exclusives de Magali Villeneuve<\/strong><br data-start=\"1100\" data-end=\"1103\">&#8211; versions art alternatif des cartes Magic connues<br data-start=\"1153\" data-end=\"1156\">&#8211; <strong data-start=\"1169\" data-end=\"1199\">design<\/strong> sp\u00e9cial <strong data-start=\"1169\" data-end=\"1199\">des cartes Artist Series<\/strong><br data-start=\"1199\" data-end=\"1202\">&#8211; <strong data-start=\"1216\" data-end=\"1236\">Secret Lair Drop<\/strong> en \u00e9dition limit\u00e9e<\/p>\n<h3 data-section-id=\"15o9hpt\" data-start=\"1238\" data-end=\"1257\">Caract\u00e9ristiques du produit<\/h3>\n<p data-start=\"1259\" data-end=\"1472\">&#8211; <strong data-start=\"1261\" data-end=\"1273\">Produit :<\/strong> Magic &#8211; Secret Lair &#8211; Artist Series : Magali Villeneuve<br data-start=\"1328\" data-end=\"1331\">&#8211; <strong data-start=\"1333\" data-end=\"1350\">Gamme de produits :<\/strong> Secret Lair<br data-start=\"1362\" data-end=\"1365\">&#8211; <strong data-start=\"1367\" data-end=\"1379\">Edition :<\/strong> Artist Series<br data-start=\"1393\" data-end=\"1396\">&#8211; Produit de collection limit\u00e9<br data-start=\"1424\" data-end=\"1427\">&#8211; convient aux <strong data-start=\"1443\" data-end=\"1472\">collectionneurs et aux joueurs de Magic<\/strong><\/p>\n","protected":false},"excerpt":{"rendered":"<p>Magic &#8211; Secret Lair &#8211; Artist Series : Magali Villeneuve est un drop sp\u00e9cial issu de la c\u00e9l\u00e8bre Secret Lair<\/p>\n","protected":false},"featured_media":37729,"comment_status":"open","ping_status":"closed","template":"","meta":{"_acf_changed":false},"product_brand":[5158,5070],"product_cat":[9973,9967,10159],"product_tag":[],"class_list":{"0":"post-327211","1":"product","2":"type-product","3":"status-publish","4":"has-post-thumbnail","6":"product_brand-magic-the-gathering","7":"product_brand-wizards-of-the-coast","8":"product_cat-autres","9":"product_cat-magic-the-gathering-fr","10":"product_cat-secret-lair","12":"first","13":"instock","14":"taxable","15":"shipping-taxable","16":"purchasable","17":"product-type-variable"},"acf":[],"yoast_head":"<!-- This site is optimized with the Yoast SEO plugin v27.3 - https:\/\/yoast.com\/product\/yoast-seo-wordpress\/ -->\n<title>Ach\u00e8te Magic - Secret Lair - Artist Series : Magali Villeneuve<\/title>\n<meta name=\"description\" content=\"Ach\u00e8te Magic - Secret Lair - Artist Series : Magali Villeneuve en ligne maintenant \u00e0 petit prix! Ton #1 shop pour cartes TCG &amp; Pok\u00e9mon en Suisse \u2713 Livraison gratuite d\u00e8s CHF 29\" \/>\n<meta name=\"robots\" content=\"index, follow, max-snippet:-1, max-image-preview:large, max-video-preview:-1\" \/>\n<link rel=\"canonical\" href=\"https:\/\/theuncommonshop.ch\/fr\/product\/magic-secret-lair-artist-series-magali-villeneuve-3\/\" \/>\n<meta property=\"og:locale\" content=\"fr_FR\" \/>\n<meta property=\"og:type\" content=\"article\" \/>\n<meta property=\"og:title\" content=\"Ach\u00e8te Magic - Secret Lair - Artist Series : Magali Villeneuve\" \/>\n<meta property=\"og:description\" content=\"Ach\u00e8te Magic - Secret Lair - Artist Series : Magali Villeneuve en ligne maintenant \u00e0 petit prix! Ton #1 shop pour cartes TCG &amp; Pok\u00e9mon en Suisse \u2713 Livraison gratuite d\u00e8s CHF 29\" \/>\n<meta property=\"og:url\" content=\"https:\/\/theuncommonshop.ch\/fr\/product\/magic-secret-lair-artist-series-magali-villeneuve-3\/\" \/>\n<meta property=\"og:site_name\" content=\"Largest trading card shop in Switzerland\" \/>\n<meta property=\"article:modified_time\" content=\"2026-03-31T16:30:29+00:00\" \/>\n<meta property=\"og:image\" content=\"https:\/\/theuncommonshop.ch\/wp-content\/uploads\/2025\/06\/1976447271.jpg\" \/>\n\t<meta property=\"og:image:width\" content=\"300\" \/>\n\t<meta property=\"og:image:height\" content=\"300\" \/>\n\t<meta property=\"og:image:type\" content=\"image\/jpeg\" \/>\n<meta name=\"twitter:card\" content=\"summary_large_image\" \/>\n<meta name=\"twitter:label1\" content=\"Disponibilit\u00e9\" \/>\n\t<meta name=\"twitter:data1\" content=\"En stock\" \/>\n<script type=\"application\/ld+json\" class=\"yoast-schema-graph\">{\"@context\":\"https:\\\/\\\/schema.org\",\"@graph\":[{\"@type\":\"WebPage\",\"@id\":\"https:\\\/\\\/theuncommonshop.ch\\\/fr\\\/product\\\/magic-secret-lair-artist-series-magali-villeneuve-3\\\/\",\"url\":\"https:\\\/\\\/theuncommonshop.ch\\\/fr\\\/product\\\/magic-secret-lair-artist-series-magali-villeneuve-3\\\/\",\"name\":\"Ach\u00e8te Magic - Secret Lair - Artist Series : Magali Villeneuve\",\"isPartOf\":{\"@id\":\"https:\\\/\\\/theuncommonshop.ch\\\/fr\\\/#website\"},\"primaryImageOfPage\":{\"@id\":\"https:\\\/\\\/theuncommonshop.ch\\\/fr\\\/product\\\/magic-secret-lair-artist-series-magali-villeneuve-3\\\/#primaryimage\"},\"image\":{\"@id\":\"https:\\\/\\\/theuncommonshop.ch\\\/fr\\\/product\\\/magic-secret-lair-artist-series-magali-villeneuve-3\\\/#primaryimage\"},\"thumbnailUrl\":\"https:\\\/\\\/theuncommonshop.ch\\\/wp-content\\\/uploads\\\/2025\\\/06\\\/1976447271.jpg\",\"datePublished\":\"2025-06-03T14:30:19+00:00\",\"dateModified\":\"2026-03-31T16:30:29+00:00\",\"description\":\"Ach\u00e8te Magic - Secret Lair - Artist Series : Magali Villeneuve en ligne maintenant \u00e0 petit prix! Ton #1 shop pour cartes TCG & Pok\u00e9mon en Suisse \u2713 Livraison gratuite d\u00e8s CHF 29\",\"breadcrumb\":{\"@id\":\"https:\\\/\\\/theuncommonshop.ch\\\/fr\\\/product\\\/magic-secret-lair-artist-series-magali-villeneuve-3\\\/#breadcrumb\"},\"inLanguage\":\"fr-FR\",\"potentialAction\":[{\"@type\":\"ReadAction\",\"target\":[\"https:\\\/\\\/theuncommonshop.ch\\\/fr\\\/product\\\/magic-secret-lair-artist-series-magali-villeneuve-3\\\/\"]}]},{\"@type\":\"ImageObject\",\"inLanguage\":\"fr-FR\",\"@id\":\"https:\\\/\\\/theuncommonshop.ch\\\/fr\\\/product\\\/magic-secret-lair-artist-series-magali-villeneuve-3\\\/#primaryimage\",\"url\":\"https:\\\/\\\/theuncommonshop.ch\\\/wp-content\\\/uploads\\\/2025\\\/06\\\/1976447271.jpg\",\"contentUrl\":\"https:\\\/\\\/theuncommonshop.ch\\\/wp-content\\\/uploads\\\/2025\\\/06\\\/1976447271.jpg\",\"width\":300,\"height\":300},{\"@type\":\"BreadcrumbList\",\"@id\":\"https:\\\/\\\/theuncommonshop.ch\\\/fr\\\/product\\\/magic-secret-lair-artist-series-magali-villeneuve-3\\\/#breadcrumb\",\"itemListElement\":[{\"@type\":\"ListItem\",\"position\":1,\"name\":\"Accueil\",\"item\":\"https:\\\/\\\/theuncommonshop.ch\\\/fr\\\/accueil\\\/\"},{\"@type\":\"ListItem\",\"position\":2,\"name\":\"Boutique\",\"item\":\"https:\\\/\\\/theuncommonshop.ch\\\/fr\\\/boutique\\\/\"},{\"@type\":\"ListItem\",\"position\":3,\"name\":\"Magic the Gathering\",\"item\":\"https:\\\/\\\/theuncommonshop.ch\\\/fr\\\/categorie-produit\\\/magic-the-gathering-fr\\\/\"},{\"@type\":\"ListItem\",\"position\":4,\"name\":\"Autres\",\"item\":\"https:\\\/\\\/theuncommonshop.ch\\\/fr\\\/categorie-produit\\\/magic-the-gathering-fr\\\/autres\\\/\"},{\"@type\":\"ListItem\",\"position\":5,\"name\":\"Secret Lair\",\"item\":\"https:\\\/\\\/theuncommonshop.ch\\\/fr\\\/categorie-produit\\\/magic-the-gathering-fr\\\/autres\\\/secret-lair\\\/\"},{\"@type\":\"ListItem\",\"position\":6,\"name\":\"Magic &#8211; Secret Lair &#8211; Artist Series : Magali Villeneuve\"}]},{\"@type\":\"WebSite\",\"@id\":\"https:\\\/\\\/theuncommonshop.ch\\\/fr\\\/#website\",\"url\":\"https:\\\/\\\/theuncommonshop.ch\\\/fr\\\/\",\"name\":\"Largest trading card shop in Switzerland\",\"description\":\"Magic, Pok\u00e9mon and Yu-gi-oh - The Uncommon Shop\",\"potentialAction\":[{\"@type\":\"SearchAction\",\"target\":{\"@type\":\"EntryPoint\",\"urlTemplate\":\"https:\\\/\\\/theuncommonshop.ch\\\/fr\\\/?s={search_term_string}\"},\"query-input\":{\"@type\":\"PropertyValueSpecification\",\"valueRequired\":true,\"valueName\":\"search_term_string\"}}],\"inLanguage\":\"fr-FR\"}]}<\/script>\n<meta property=\"og:availability\" content=\"instock\" \/>\n<meta property=\"product:availability\" content=\"instock\" \/>\n<meta property=\"product:condition\" content=\"new\" \/>\n<!-- \/ Yoast SEO plugin. -->","yoast_head_json":{"title":"Ach\u00e8te Magic - Secret Lair - Artist Series : Magali Villeneuve","description":"Ach\u00e8te Magic - Secret Lair - Artist Series : Magali Villeneuve en ligne maintenant \u00e0 petit prix! Ton #1 shop pour cartes TCG & Pok\u00e9mon en Suisse \u2713 Livraison gratuite d\u00e8s CHF 29","robots":{"index":"index","follow":"follow","max-snippet":"max-snippet:-1","max-image-preview":"max-image-preview:large","max-video-preview":"max-video-preview:-1"},"canonical":"https:\/\/theuncommonshop.ch\/fr\/product\/magic-secret-lair-artist-series-magali-villeneuve-3\/","og_locale":"fr_FR","og_type":"article","og_title":"Ach\u00e8te Magic - Secret Lair - Artist Series : Magali Villeneuve","og_description":"Ach\u00e8te Magic - Secret Lair - Artist Series : Magali Villeneuve en ligne maintenant \u00e0 petit prix! Ton #1 shop pour cartes TCG & Pok\u00e9mon en Suisse \u2713 Livraison gratuite d\u00e8s CHF 29","og_url":"https:\/\/theuncommonshop.ch\/fr\/product\/magic-secret-lair-artist-series-magali-villeneuve-3\/","og_site_name":"Largest trading card shop in Switzerland","article_modified_time":"2026-03-31T16:30:29+00:00","og_image":[{"width":300,"height":300,"url":"https:\/\/theuncommonshop.ch\/wp-content\/uploads\/2025\/06\/1976447271.jpg","type":"image\/jpeg"}],"twitter_card":"summary_large_image","twitter_misc":{"Disponibilit\u00e9":"En stock"},"schema":{"@context":"https:\/\/schema.org","@graph":[{"@type":"WebPage","@id":"https:\/\/theuncommonshop.ch\/fr\/product\/magic-secret-lair-artist-series-magali-villeneuve-3\/","url":"https:\/\/theuncommonshop.ch\/fr\/product\/magic-secret-lair-artist-series-magali-villeneuve-3\/","name":"Ach\u00e8te Magic - Secret Lair - Artist Series : Magali Villeneuve","isPartOf":{"@id":"https:\/\/theuncommonshop.ch\/fr\/#website"},"primaryImageOfPage":{"@id":"https:\/\/theuncommonshop.ch\/fr\/product\/magic-secret-lair-artist-series-magali-villeneuve-3\/#primaryimage"},"image":{"@id":"https:\/\/theuncommonshop.ch\/fr\/product\/magic-secret-lair-artist-series-magali-villeneuve-3\/#primaryimage"},"thumbnailUrl":"https:\/\/theuncommonshop.ch\/wp-content\/uploads\/2025\/06\/1976447271.jpg","datePublished":"2025-06-03T14:30:19+00:00","dateModified":"2026-03-31T16:30:29+00:00","description":"Ach\u00e8te Magic - Secret Lair - Artist Series : Magali Villeneuve en ligne maintenant \u00e0 petit prix! Ton #1 shop pour cartes TCG & Pok\u00e9mon en Suisse \u2713 Livraison gratuite d\u00e8s CHF 29","breadcrumb":{"@id":"https:\/\/theuncommonshop.ch\/fr\/product\/magic-secret-lair-artist-series-magali-villeneuve-3\/#breadcrumb"},"inLanguage":"fr-FR","potentialAction":[{"@type":"ReadAction","target":["https:\/\/theuncommonshop.ch\/fr\/product\/magic-secret-lair-artist-series-magali-villeneuve-3\/"]}]},{"@type":"ImageObject","inLanguage":"fr-FR","@id":"https:\/\/theuncommonshop.ch\/fr\/product\/magic-secret-lair-artist-series-magali-villeneuve-3\/#primaryimage","url":"https:\/\/theuncommonshop.ch\/wp-content\/uploads\/2025\/06\/1976447271.jpg","contentUrl":"https:\/\/theuncommonshop.ch\/wp-content\/uploads\/2025\/06\/1976447271.jpg","width":300,"height":300},{"@type":"BreadcrumbList","@id":"https:\/\/theuncommonshop.ch\/fr\/product\/magic-secret-lair-artist-series-magali-villeneuve-3\/#breadcrumb","itemListElement":[{"@type":"ListItem","position":1,"name":"Accueil","item":"https:\/\/theuncommonshop.ch\/fr\/accueil\/"},{"@type":"ListItem","position":2,"name":"Boutique","item":"https:\/\/theuncommonshop.ch\/fr\/boutique\/"},{"@type":"ListItem","position":3,"name":"Magic the Gathering","item":"https:\/\/theuncommonshop.ch\/fr\/categorie-produit\/magic-the-gathering-fr\/"},{"@type":"ListItem","position":4,"name":"Autres","item":"https:\/\/theuncommonshop.ch\/fr\/categorie-produit\/magic-the-gathering-fr\/autres\/"},{"@type":"ListItem","position":5,"name":"Secret Lair","item":"https:\/\/theuncommonshop.ch\/fr\/categorie-produit\/magic-the-gathering-fr\/autres\/secret-lair\/"},{"@type":"ListItem","position":6,"name":"Magic &#8211; Secret Lair &#8211; Artist Series : Magali Villeneuve"}]},{"@type":"WebSite","@id":"https:\/\/theuncommonshop.ch\/fr\/#website","url":"https:\/\/theuncommonshop.ch\/fr\/","name":"Largest trading card shop in Switzerland","description":"Magic, Pok\u00e9mon and Yu-gi-oh - The Uncommon Shop","potentialAction":[{"@type":"SearchAction","target":{"@type":"EntryPoint","urlTemplate":"https:\/\/theuncommonshop.ch\/fr\/?s={search_term_string}"},"query-input":{"@type":"PropertyValueSpecification","valueRequired":true,"valueName":"search_term_string"}}],"inLanguage":"fr-FR"}]},"og_availability":"instock","product_availability":"instock","product_condition":"new"},"jetpack_sharing_enabled":true,"_links":{"self":[{"href":"https:\/\/theuncommonshop.ch\/fr\/wp-json\/wp\/v2\/product\/327211","targetHints":{"allow":["GET"]}}],"collection":[{"href":"https:\/\/theuncommonshop.ch\/fr\/wp-json\/wp\/v2\/product"}],"about":[{"href":"https:\/\/theuncommonshop.ch\/fr\/wp-json\/wp\/v2\/types\/product"}],"replies":[{"embeddable":true,"href":"https:\/\/theuncommonshop.ch\/fr\/wp-json\/wp\/v2\/comments?post=327211"}],"version-history":[{"count":2,"href":"https:\/\/theuncommonshop.ch\/fr\/wp-json\/wp\/v2\/product\/327211\/revisions"}],"predecessor-version":[{"id":355881,"href":"https:\/\/theuncommonshop.ch\/fr\/wp-json\/wp\/v2\/product\/327211\/revisions\/355881"}],"wp:featuredmedia":[{"embeddable":true,"href":"https:\/\/theuncommonshop.ch\/fr\/wp-json\/wp\/v2\/media\/37729"}],"wp:attachment":[{"href":"https:\/\/theuncommonshop.ch\/fr\/wp-json\/wp\/v2\/media?parent=327211"}],"wp:term":[{"taxonomy":"product_brand","embeddable":true,"href":"https:\/\/theuncommonshop.ch\/fr\/wp-json\/wp\/v2\/product_brand?post=327211"},{"taxonomy":"product_cat","embeddable":true,"href":"https:\/\/theuncommonshop.ch\/fr\/wp-json\/wp\/v2\/product_cat?post=327211"},{"taxonomy":"product_tag","embeddable":true,"href":"https:\/\/theuncommonshop.ch\/fr\/wp-json\/wp\/v2\/product_tag?post=327211"}],"curies":[{"name":"wp","href":"https:\/\/api.w.org\/{rel}","templated":true}]}}