{"id":327174,"date":"2025-06-03T14:27:55","date_gmt":"2025-06-03T14:27:55","guid":{"rendered":"http:\/\/theuncommonshop.ch\/produkt\/327174\/"},"modified":"2026-03-31T18:30:14","modified_gmt":"2026-03-31T16:30:14","slug":"magic-secret-lair-artist-series-sidharth-chaturvedi-2","status":"publish","type":"product","link":"https:\/\/theuncommonshop.ch\/fr\/product\/magic-secret-lair-artist-series-sidharth-chaturvedi-2\/","title":{"rendered":"Magic &#8211; Secret Lair &#8211; Artist Series : Sidharth Chaturvedi"},"content":{"rendered":"<p data-start=\"61\" data-end=\"300\">Le jeu <strong data-start=\"65\" data-end=\"125\">Magic &#8211; Secret Lair &#8211; Artist Series : Sidharth Chaturvedi<\/strong> fait partie de l&#8217;\u00e9dition limit\u00e9e <strong data-start=\"149\" data-end=\"190\"><span class=\"hover:entity-accent entity-underline inline cursor-pointer align-baseline\"><span class=\"whitespace-normal\">Secret Lair.<\/span><\/span><\/strong> et repr\u00e9sente le style artistique de l&#8217;illustrateur <strong data-start=\"239\" data-end=\"280\"><span class=\"hover:entity-accent entity-underline inline cursor-pointer align-baseline\"><span class=\"whitespace-normal\">Sidharth Chaturvedi<\/span><\/span><\/strong> au centre de l&#8217;attention.<\/p>\n<p data-start=\"302\" data-end=\"616\">Sidharth Chaturvedi est connu dans le monde Magic pour ses illustrations impressionnantes, souvent caract\u00e9ris\u00e9es par de forts contrastes, des couleurs intenses et des ambiances lumineuses dramatiques. Son travail conf\u00e8re une atmosph\u00e8re \u00e9pique aux cartes connues et met en valeur les personnages et les cr\u00e9atures. <\/p>\n<p data-start=\"618\" data-end=\"863\">Dans cette Artist Series, plusieurs cartes Magic connues sont publi\u00e9es avec de nouvelles illustrations dans le style caract\u00e9ristique de l&#8217;artiste. Il en r\u00e9sulte des variantes de cartes particuli\u00e8res qui ont un attrait visuel et un attrait pour les collectionneurs. <\/p>\n<h3 data-section-id=\"nbhvm8\" data-start=\"865\" data-end=\"875\">Contenu<\/h3>\n<p data-start=\"877\" data-end=\"1108\">&#8211; plusieurs <strong data-start=\"887\" data-end=\"972\">cartes Magic : The Gathering avec des illustrations exclusives de Sidharth Chaturvedi<\/strong><br data-start=\"972\" data-end=\"975\">&#8211; versions art alternatif de cartes Magic connues<br data-start=\"1025\" data-end=\"1028\">&#8211; <strong data-start=\"1041\" data-end=\"1071\">design de carte<\/strong> sp\u00e9cial <strong data-start=\"1041\" data-end=\"1071\">Artist Series<\/strong><br data-start=\"1071\" data-end=\"1074\">&#8211; <strong data-start=\"1088\" data-end=\"1108\">Secret Lair Drop<\/strong> en \u00e9dition limit\u00e9e<\/p>\n<h3 data-section-id=\"15o9hpt\" data-start=\"1110\" data-end=\"1129\">Caract\u00e9ristiques du produit<\/h3>\n<p data-start=\"1131\" data-end=\"1345\">&#8211; <strong data-start=\"1133\" data-end=\"1145\">Produit :<\/strong> Magic &#8211; Secret Lair &#8211; Artist Series : Sidharth Chaturvedi<br data-start=\"1202\" data-end=\"1205\">&#8211; <strong data-start=\"1207\" data-end=\"1224\">Gamme de produits :<\/strong> Secret Lair<br data-start=\"1236\" data-end=\"1239\">&#8211; <strong data-start=\"1241\" data-end=\"1253\">Edition :<\/strong> Artist Series<br data-start=\"1267\" data-end=\"1270\">&#8211; Produit de collection limit\u00e9<br data-start=\"1298\" data-end=\"1301\">&#8211; Convient aux <strong data-start=\"1316\" data-end=\"1345\">collectionneurs et aux joueurs de Magic.<\/strong><\/p>\n","protected":false},"excerpt":{"rendered":"<p>Le jeu Magic &#8211; Secret Lair &#8211; Artist Series : Sidharth Chaturvedi fait partie de l&#8217;\u00e9dition limit\u00e9e Secret Lair. et<\/p>\n","protected":false},"featured_media":37729,"comment_status":"open","ping_status":"closed","template":"","meta":{"_acf_changed":false},"product_brand":[5158,5070],"product_cat":[9973,9967,10159],"product_tag":[],"class_list":{"0":"post-327174","1":"product","2":"type-product","3":"status-publish","4":"has-post-thumbnail","6":"product_brand-magic-the-gathering","7":"product_brand-wizards-of-the-coast","8":"product_cat-autres","9":"product_cat-magic-the-gathering-fr","10":"product_cat-secret-lair","12":"first","13":"instock","14":"taxable","15":"shipping-taxable","16":"purchasable","17":"product-type-variable"},"acf":[],"yoast_head":"<!-- This site is optimized with the Yoast SEO plugin v27.3 - https:\/\/yoast.com\/product\/yoast-seo-wordpress\/ -->\n<title>Ach\u00e8te Magic - Secret Lair - Artist Series : Sidharth Chaturvedi<\/title>\n<meta name=\"description\" content=\"Ach\u00e8te Magic - Secret Lair - Artist Series : Sidharth Chaturvedi en ligne maintenant \u00e0 petit prix! Ton #1 shop pour cartes TCG &amp; Pok\u00e9mon en Suisse \u2713 Livraison gratuite d\u00e8s CHF 29\" \/>\n<meta name=\"robots\" content=\"index, follow, max-snippet:-1, max-image-preview:large, max-video-preview:-1\" \/>\n<link rel=\"canonical\" href=\"https:\/\/theuncommonshop.ch\/fr\/product\/magic-secret-lair-artist-series-sidharth-chaturvedi-2\/\" \/>\n<meta property=\"og:locale\" content=\"fr_FR\" \/>\n<meta property=\"og:type\" content=\"article\" \/>\n<meta property=\"og:title\" content=\"Ach\u00e8te Magic - Secret Lair - Artist Series : Sidharth Chaturvedi\" \/>\n<meta property=\"og:description\" content=\"Ach\u00e8te Magic - Secret Lair - Artist Series : Sidharth Chaturvedi en ligne maintenant \u00e0 petit prix! Ton #1 shop pour cartes TCG &amp; Pok\u00e9mon en Suisse \u2713 Livraison gratuite d\u00e8s CHF 29\" \/>\n<meta property=\"og:url\" content=\"https:\/\/theuncommonshop.ch\/fr\/product\/magic-secret-lair-artist-series-sidharth-chaturvedi-2\/\" \/>\n<meta property=\"og:site_name\" content=\"Largest trading card shop in Switzerland\" \/>\n<meta property=\"article:modified_time\" content=\"2026-03-31T16:30:14+00:00\" \/>\n<meta property=\"og:image\" content=\"https:\/\/theuncommonshop.ch\/wp-content\/uploads\/2025\/06\/1976447271.jpg\" \/>\n\t<meta property=\"og:image:width\" content=\"300\" \/>\n\t<meta property=\"og:image:height\" content=\"300\" \/>\n\t<meta property=\"og:image:type\" content=\"image\/jpeg\" \/>\n<meta name=\"twitter:card\" content=\"summary_large_image\" \/>\n<meta name=\"twitter:label1\" content=\"Disponibilit\u00e9\" \/>\n\t<meta name=\"twitter:data1\" content=\"En stock\" \/>\n<script type=\"application\/ld+json\" class=\"yoast-schema-graph\">{\"@context\":\"https:\\\/\\\/schema.org\",\"@graph\":[{\"@type\":\"WebPage\",\"@id\":\"https:\\\/\\\/theuncommonshop.ch\\\/fr\\\/product\\\/magic-secret-lair-artist-series-sidharth-chaturvedi-2\\\/\",\"url\":\"https:\\\/\\\/theuncommonshop.ch\\\/fr\\\/product\\\/magic-secret-lair-artist-series-sidharth-chaturvedi-2\\\/\",\"name\":\"Ach\u00e8te Magic - Secret Lair - Artist Series : Sidharth Chaturvedi\",\"isPartOf\":{\"@id\":\"https:\\\/\\\/theuncommonshop.ch\\\/fr\\\/#website\"},\"primaryImageOfPage\":{\"@id\":\"https:\\\/\\\/theuncommonshop.ch\\\/fr\\\/product\\\/magic-secret-lair-artist-series-sidharth-chaturvedi-2\\\/#primaryimage\"},\"image\":{\"@id\":\"https:\\\/\\\/theuncommonshop.ch\\\/fr\\\/product\\\/magic-secret-lair-artist-series-sidharth-chaturvedi-2\\\/#primaryimage\"},\"thumbnailUrl\":\"https:\\\/\\\/theuncommonshop.ch\\\/wp-content\\\/uploads\\\/2025\\\/06\\\/1976447271.jpg\",\"datePublished\":\"2025-06-03T14:27:55+00:00\",\"dateModified\":\"2026-03-31T16:30:14+00:00\",\"description\":\"Ach\u00e8te Magic - Secret Lair - Artist Series : Sidharth Chaturvedi en ligne maintenant \u00e0 petit prix! Ton #1 shop pour cartes TCG & Pok\u00e9mon en Suisse \u2713 Livraison gratuite d\u00e8s CHF 29\",\"breadcrumb\":{\"@id\":\"https:\\\/\\\/theuncommonshop.ch\\\/fr\\\/product\\\/magic-secret-lair-artist-series-sidharth-chaturvedi-2\\\/#breadcrumb\"},\"inLanguage\":\"fr-FR\",\"potentialAction\":[{\"@type\":\"ReadAction\",\"target\":[\"https:\\\/\\\/theuncommonshop.ch\\\/fr\\\/product\\\/magic-secret-lair-artist-series-sidharth-chaturvedi-2\\\/\"]}]},{\"@type\":\"ImageObject\",\"inLanguage\":\"fr-FR\",\"@id\":\"https:\\\/\\\/theuncommonshop.ch\\\/fr\\\/product\\\/magic-secret-lair-artist-series-sidharth-chaturvedi-2\\\/#primaryimage\",\"url\":\"https:\\\/\\\/theuncommonshop.ch\\\/wp-content\\\/uploads\\\/2025\\\/06\\\/1976447271.jpg\",\"contentUrl\":\"https:\\\/\\\/theuncommonshop.ch\\\/wp-content\\\/uploads\\\/2025\\\/06\\\/1976447271.jpg\",\"width\":300,\"height\":300},{\"@type\":\"BreadcrumbList\",\"@id\":\"https:\\\/\\\/theuncommonshop.ch\\\/fr\\\/product\\\/magic-secret-lair-artist-series-sidharth-chaturvedi-2\\\/#breadcrumb\",\"itemListElement\":[{\"@type\":\"ListItem\",\"position\":1,\"name\":\"Accueil\",\"item\":\"https:\\\/\\\/theuncommonshop.ch\\\/fr\\\/accueil\\\/\"},{\"@type\":\"ListItem\",\"position\":2,\"name\":\"Boutique\",\"item\":\"https:\\\/\\\/theuncommonshop.ch\\\/fr\\\/boutique\\\/\"},{\"@type\":\"ListItem\",\"position\":3,\"name\":\"Magic the Gathering\",\"item\":\"https:\\\/\\\/theuncommonshop.ch\\\/fr\\\/categorie-produit\\\/magic-the-gathering-fr\\\/\"},{\"@type\":\"ListItem\",\"position\":4,\"name\":\"Autres\",\"item\":\"https:\\\/\\\/theuncommonshop.ch\\\/fr\\\/categorie-produit\\\/magic-the-gathering-fr\\\/autres\\\/\"},{\"@type\":\"ListItem\",\"position\":5,\"name\":\"Secret Lair\",\"item\":\"https:\\\/\\\/theuncommonshop.ch\\\/fr\\\/categorie-produit\\\/magic-the-gathering-fr\\\/autres\\\/secret-lair\\\/\"},{\"@type\":\"ListItem\",\"position\":6,\"name\":\"Magic &#8211; Secret Lair &#8211; Artist Series : Sidharth Chaturvedi\"}]},{\"@type\":\"WebSite\",\"@id\":\"https:\\\/\\\/theuncommonshop.ch\\\/fr\\\/#website\",\"url\":\"https:\\\/\\\/theuncommonshop.ch\\\/fr\\\/\",\"name\":\"Largest trading card shop in Switzerland\",\"description\":\"Magic, Pok\u00e9mon and Yu-gi-oh - The Uncommon Shop\",\"potentialAction\":[{\"@type\":\"SearchAction\",\"target\":{\"@type\":\"EntryPoint\",\"urlTemplate\":\"https:\\\/\\\/theuncommonshop.ch\\\/fr\\\/?s={search_term_string}\"},\"query-input\":{\"@type\":\"PropertyValueSpecification\",\"valueRequired\":true,\"valueName\":\"search_term_string\"}}],\"inLanguage\":\"fr-FR\"}]}<\/script>\n<meta property=\"og:availability\" content=\"instock\" \/>\n<meta property=\"product:availability\" content=\"instock\" \/>\n<meta property=\"product:condition\" content=\"new\" \/>\n<!-- \/ Yoast SEO plugin. -->","yoast_head_json":{"title":"Ach\u00e8te Magic - Secret Lair - Artist Series : Sidharth Chaturvedi","description":"Ach\u00e8te Magic - Secret Lair - Artist Series : Sidharth Chaturvedi en ligne maintenant \u00e0 petit prix! Ton #1 shop pour cartes TCG & Pok\u00e9mon en Suisse \u2713 Livraison gratuite d\u00e8s CHF 29","robots":{"index":"index","follow":"follow","max-snippet":"max-snippet:-1","max-image-preview":"max-image-preview:large","max-video-preview":"max-video-preview:-1"},"canonical":"https:\/\/theuncommonshop.ch\/fr\/product\/magic-secret-lair-artist-series-sidharth-chaturvedi-2\/","og_locale":"fr_FR","og_type":"article","og_title":"Ach\u00e8te Magic - Secret Lair - Artist Series : Sidharth Chaturvedi","og_description":"Ach\u00e8te Magic - Secret Lair - Artist Series : Sidharth Chaturvedi en ligne maintenant \u00e0 petit prix! Ton #1 shop pour cartes TCG & Pok\u00e9mon en Suisse \u2713 Livraison gratuite d\u00e8s CHF 29","og_url":"https:\/\/theuncommonshop.ch\/fr\/product\/magic-secret-lair-artist-series-sidharth-chaturvedi-2\/","og_site_name":"Largest trading card shop in Switzerland","article_modified_time":"2026-03-31T16:30:14+00:00","og_image":[{"width":300,"height":300,"url":"https:\/\/theuncommonshop.ch\/wp-content\/uploads\/2025\/06\/1976447271.jpg","type":"image\/jpeg"}],"twitter_card":"summary_large_image","twitter_misc":{"Disponibilit\u00e9":"En stock"},"schema":{"@context":"https:\/\/schema.org","@graph":[{"@type":"WebPage","@id":"https:\/\/theuncommonshop.ch\/fr\/product\/magic-secret-lair-artist-series-sidharth-chaturvedi-2\/","url":"https:\/\/theuncommonshop.ch\/fr\/product\/magic-secret-lair-artist-series-sidharth-chaturvedi-2\/","name":"Ach\u00e8te Magic - Secret Lair - Artist Series : Sidharth Chaturvedi","isPartOf":{"@id":"https:\/\/theuncommonshop.ch\/fr\/#website"},"primaryImageOfPage":{"@id":"https:\/\/theuncommonshop.ch\/fr\/product\/magic-secret-lair-artist-series-sidharth-chaturvedi-2\/#primaryimage"},"image":{"@id":"https:\/\/theuncommonshop.ch\/fr\/product\/magic-secret-lair-artist-series-sidharth-chaturvedi-2\/#primaryimage"},"thumbnailUrl":"https:\/\/theuncommonshop.ch\/wp-content\/uploads\/2025\/06\/1976447271.jpg","datePublished":"2025-06-03T14:27:55+00:00","dateModified":"2026-03-31T16:30:14+00:00","description":"Ach\u00e8te Magic - Secret Lair - Artist Series : Sidharth Chaturvedi en ligne maintenant \u00e0 petit prix! Ton #1 shop pour cartes TCG & Pok\u00e9mon en Suisse \u2713 Livraison gratuite d\u00e8s CHF 29","breadcrumb":{"@id":"https:\/\/theuncommonshop.ch\/fr\/product\/magic-secret-lair-artist-series-sidharth-chaturvedi-2\/#breadcrumb"},"inLanguage":"fr-FR","potentialAction":[{"@type":"ReadAction","target":["https:\/\/theuncommonshop.ch\/fr\/product\/magic-secret-lair-artist-series-sidharth-chaturvedi-2\/"]}]},{"@type":"ImageObject","inLanguage":"fr-FR","@id":"https:\/\/theuncommonshop.ch\/fr\/product\/magic-secret-lair-artist-series-sidharth-chaturvedi-2\/#primaryimage","url":"https:\/\/theuncommonshop.ch\/wp-content\/uploads\/2025\/06\/1976447271.jpg","contentUrl":"https:\/\/theuncommonshop.ch\/wp-content\/uploads\/2025\/06\/1976447271.jpg","width":300,"height":300},{"@type":"BreadcrumbList","@id":"https:\/\/theuncommonshop.ch\/fr\/product\/magic-secret-lair-artist-series-sidharth-chaturvedi-2\/#breadcrumb","itemListElement":[{"@type":"ListItem","position":1,"name":"Accueil","item":"https:\/\/theuncommonshop.ch\/fr\/accueil\/"},{"@type":"ListItem","position":2,"name":"Boutique","item":"https:\/\/theuncommonshop.ch\/fr\/boutique\/"},{"@type":"ListItem","position":3,"name":"Magic the Gathering","item":"https:\/\/theuncommonshop.ch\/fr\/categorie-produit\/magic-the-gathering-fr\/"},{"@type":"ListItem","position":4,"name":"Autres","item":"https:\/\/theuncommonshop.ch\/fr\/categorie-produit\/magic-the-gathering-fr\/autres\/"},{"@type":"ListItem","position":5,"name":"Secret Lair","item":"https:\/\/theuncommonshop.ch\/fr\/categorie-produit\/magic-the-gathering-fr\/autres\/secret-lair\/"},{"@type":"ListItem","position":6,"name":"Magic &#8211; Secret Lair &#8211; Artist Series : Sidharth Chaturvedi"}]},{"@type":"WebSite","@id":"https:\/\/theuncommonshop.ch\/fr\/#website","url":"https:\/\/theuncommonshop.ch\/fr\/","name":"Largest trading card shop in Switzerland","description":"Magic, Pok\u00e9mon and Yu-gi-oh - The Uncommon Shop","potentialAction":[{"@type":"SearchAction","target":{"@type":"EntryPoint","urlTemplate":"https:\/\/theuncommonshop.ch\/fr\/?s={search_term_string}"},"query-input":{"@type":"PropertyValueSpecification","valueRequired":true,"valueName":"search_term_string"}}],"inLanguage":"fr-FR"}]},"og_availability":"instock","product_availability":"instock","product_condition":"new"},"_links":{"self":[{"href":"https:\/\/theuncommonshop.ch\/fr\/wp-json\/wp\/v2\/product\/327174","targetHints":{"allow":["GET"]}}],"collection":[{"href":"https:\/\/theuncommonshop.ch\/fr\/wp-json\/wp\/v2\/product"}],"about":[{"href":"https:\/\/theuncommonshop.ch\/fr\/wp-json\/wp\/v2\/types\/product"}],"replies":[{"embeddable":true,"href":"https:\/\/theuncommonshop.ch\/fr\/wp-json\/wp\/v2\/comments?post=327174"}],"version-history":[{"count":2,"href":"https:\/\/theuncommonshop.ch\/fr\/wp-json\/wp\/v2\/product\/327174\/revisions"}],"predecessor-version":[{"id":355852,"href":"https:\/\/theuncommonshop.ch\/fr\/wp-json\/wp\/v2\/product\/327174\/revisions\/355852"}],"wp:featuredmedia":[{"embeddable":true,"href":"https:\/\/theuncommonshop.ch\/fr\/wp-json\/wp\/v2\/media\/37729"}],"wp:attachment":[{"href":"https:\/\/theuncommonshop.ch\/fr\/wp-json\/wp\/v2\/media?parent=327174"}],"wp:term":[{"taxonomy":"product_brand","embeddable":true,"href":"https:\/\/theuncommonshop.ch\/fr\/wp-json\/wp\/v2\/product_brand?post=327174"},{"taxonomy":"product_cat","embeddable":true,"href":"https:\/\/theuncommonshop.ch\/fr\/wp-json\/wp\/v2\/product_cat?post=327174"},{"taxonomy":"product_tag","embeddable":true,"href":"https:\/\/theuncommonshop.ch\/fr\/wp-json\/wp\/v2\/product_tag?post=327174"}],"curies":[{"name":"wp","href":"https:\/\/api.w.org\/{rel}","templated":true}]}}