{"id":327142,"date":"2025-06-03T14:23:27","date_gmt":"2025-06-03T14:23:27","guid":{"rendered":"http:\/\/theuncommonshop.ch\/produkt\/327142\/"},"modified":"2026-03-31T19:33:37","modified_gmt":"2026-03-31T17:33:37","slug":"weiss-schwarz-saekano-how-to-raise-a-boring-girlfriend-booster-display-16-packs-en-2","status":"publish","type":"product","link":"https:\/\/theuncommonshop.ch\/fr\/product\/weiss-schwarz-saekano-how-to-raise-a-boring-girlfriend-booster-display-16-packs-en-2\/","title":{"rendered":"Blanc Noir &#8211; Saekano : How to Raise a Boring Girlfriend Booster Display (16 Packs)"},"content":{"rendered":"<p>Inspir\u00e9 par sa rencontre avec cette h\u00e9ro\u00efne de r\u00eave, vous accompagnez Tomoya dans son voyage divertissant vers la r\u00e9alisation de son r\u00eave de cr\u00e9er la simulation de rencontre ultime ! Avec le soutien de ses amis, Tomoya a fait un pas de plus vers la r\u00e9alisation de son r\u00eave. <\/p>\n<div><\/div>\n<div>Un jour de printemps, j&#8217;ai rencontr\u00e9 Weiss Schwarz en face \u00e0 face.<\/div>\n<div><\/div>\n<div>Chaque paquet que vous achetez contient, avec un peu de chance, une carte SP emball\u00e9e !<\/div>\n<div><\/div>\n<div>Veuillez noter que l&#8217;artwork des cartes SP a \u00e9t\u00e9 modifi\u00e9 par rapport \u00e0 l&#8217;\u00e9dition japonaise.<\/div>\n<div>Pour plus de d\u00e9tails, veuillez consulter la page produit de notre site web.<\/div>\n<div><\/div>\n<div>CONSTRUCTION DE PONT NEO-STANDARD<\/div>\n<div>Les cartes de ce Booster Packs peuvent \u00eatre utilis\u00e9es avec des cartes dont le num\u00e9ro de carte commence par\u300cSHS\/\u300d !<\/div>\n<div><\/div>\n<div>Des objets sp\u00e9ciaux !! (Exclusif \u00e0 la 1. Edition)<\/div>\n<div>&#8211; 1 des 5 cartes PR exclusives dans chaque bo\u00eete pr\u00e9sentoir !<\/div>\n<div>&#8211; 1. Edition anglaise Playmat exclusif cousu dans chaque bo\u00eete !<\/div>\n<div><\/div>\n<div>Sp\u00e9cifications du produit<\/div>\n<div>100 types de cartes au total + 23 types (parall\u00e8les)<\/div>\n<div>9 cartes par paquet<\/div>\n<div>16 paquets par pr\u00e9sentoir<\/div>\n<div>18 pr\u00e9sentoirs par carton<\/div>\n<div>\u203bBlanc Noir (English Edition) ne contient pas de bon de campagne or\/argent.<\/div>\n","protected":false},"excerpt":{"rendered":"<p>Inspir\u00e9 par sa rencontre avec cette h\u00e9ro\u00efne de r\u00eave, vous accompagnez Tomoya dans son voyage divertissant vers la r\u00e9alisation de<\/p>\n","protected":false},"featured_media":81679,"comment_status":"open","ping_status":"closed","template":"","meta":{"_acf_changed":false},"product_brand":[5102],"product_cat":[10021,9793],"product_tag":[],"class_list":{"0":"post-327142","1":"product","2":"type-product","3":"status-publish","4":"has-post-thumbnail","6":"product_brand-bushiroad","7":"product_cat-booster-displays-weiss-schwarz","8":"product_cat-weissschwarz","10":"first","11":"outofstock","12":"taxable","13":"shipping-taxable","14":"purchasable","15":"product-type-variable"},"acf":[],"yoast_head":"<!-- This site is optimized with the Yoast SEO plugin v27.5 - https:\/\/yoast.com\/product\/yoast-seo-wordpress\/ -->\n<title>Ach\u00e8te Blanc Noir - Saekano : How to Raise a Boring Girlfriend Booster Display (16 Packs)<\/title>\n<meta name=\"description\" content=\"Ach\u00e8te Blanc Noir - Saekano : How to Raise a Boring Girlfriend Booster Display (16 Packs) en ligne maintenant \u00e0 petit prix! Ton #1 shop pour cartes TCG &amp; Pok\u00e9mon en Suisse \u2713 Livraison gratuite d\u00e8s CHF 29\" \/>\n<meta name=\"robots\" content=\"index, follow, max-snippet:-1, max-image-preview:large, max-video-preview:-1\" \/>\n<link rel=\"canonical\" href=\"https:\/\/theuncommonshop.ch\/fr\/product\/weiss-schwarz-saekano-how-to-raise-a-boring-girlfriend-booster-display-16-packs-en-2\/\" \/>\n<meta property=\"og:locale\" content=\"fr_FR\" \/>\n<meta property=\"og:type\" content=\"article\" \/>\n<meta property=\"og:title\" content=\"Ach\u00e8te Blanc Noir - Saekano : How to Raise a Boring Girlfriend Booster Display (16 Packs)\" \/>\n<meta property=\"og:description\" content=\"Ach\u00e8te Blanc Noir - Saekano : How to Raise a Boring Girlfriend Booster Display (16 Packs) en ligne maintenant \u00e0 petit prix! Ton #1 shop pour cartes TCG &amp; Pok\u00e9mon en Suisse \u2713 Livraison gratuite d\u00e8s CHF 29\" \/>\n<meta property=\"og:url\" content=\"https:\/\/theuncommonshop.ch\/fr\/product\/weiss-schwarz-saekano-how-to-raise-a-boring-girlfriend-booster-display-16-packs-en-2\/\" \/>\n<meta property=\"og:site_name\" content=\"The Uncommon Shop\" \/>\n<meta property=\"article:modified_time\" content=\"2026-03-31T17:33:37+00:00\" \/>\n<meta property=\"og:image\" content=\"https:\/\/theuncommonshop.ch\/wp-content\/uploads\/2025\/06\/4184791778.png\" \/>\n\t<meta property=\"og:image:width\" content=\"428\" \/>\n\t<meta property=\"og:image:height\" content=\"350\" \/>\n\t<meta property=\"og:image:type\" content=\"image\/png\" \/>\n<meta name=\"twitter:card\" content=\"summary_large_image\" \/>\n<meta name=\"twitter:label1\" content=\"Disponibilit\u00e9\" \/>\n\t<meta name=\"twitter:data1\" content=\"Rupture de stock\" \/>\n<script type=\"application\/ld+json\" class=\"yoast-schema-graph\">{\"@context\":\"https:\\\/\\\/schema.org\",\"@graph\":[{\"@type\":\"WebPage\",\"@id\":\"https:\\\/\\\/theuncommonshop.ch\\\/fr\\\/product\\\/weiss-schwarz-saekano-how-to-raise-a-boring-girlfriend-booster-display-16-packs-en-2\\\/\",\"url\":\"https:\\\/\\\/theuncommonshop.ch\\\/fr\\\/product\\\/weiss-schwarz-saekano-how-to-raise-a-boring-girlfriend-booster-display-16-packs-en-2\\\/\",\"name\":\"Ach\u00e8te Blanc Noir - Saekano : How to Raise a Boring Girlfriend Booster Display (16 Packs)\",\"isPartOf\":{\"@id\":\"https:\\\/\\\/theuncommonshop.ch\\\/fr\\\/#website\"},\"primaryImageOfPage\":{\"@id\":\"https:\\\/\\\/theuncommonshop.ch\\\/fr\\\/product\\\/weiss-schwarz-saekano-how-to-raise-a-boring-girlfriend-booster-display-16-packs-en-2\\\/#primaryimage\"},\"image\":{\"@id\":\"https:\\\/\\\/theuncommonshop.ch\\\/fr\\\/product\\\/weiss-schwarz-saekano-how-to-raise-a-boring-girlfriend-booster-display-16-packs-en-2\\\/#primaryimage\"},\"thumbnailUrl\":\"https:\\\/\\\/theuncommonshop.ch\\\/wp-content\\\/uploads\\\/2025\\\/06\\\/4184791778.png\",\"datePublished\":\"2025-06-03T14:23:27+00:00\",\"dateModified\":\"2026-03-31T17:33:37+00:00\",\"description\":\"Ach\u00e8te Blanc Noir - Saekano : How to Raise a Boring Girlfriend Booster Display (16 Packs) en ligne maintenant \u00e0 petit prix! Ton #1 shop pour cartes TCG & Pok\u00e9mon en Suisse \u2713 Livraison gratuite d\u00e8s CHF 29\",\"breadcrumb\":{\"@id\":\"https:\\\/\\\/theuncommonshop.ch\\\/fr\\\/product\\\/weiss-schwarz-saekano-how-to-raise-a-boring-girlfriend-booster-display-16-packs-en-2\\\/#breadcrumb\"},\"inLanguage\":\"fr-FR\",\"potentialAction\":[{\"@type\":\"ReadAction\",\"target\":[\"https:\\\/\\\/theuncommonshop.ch\\\/fr\\\/product\\\/weiss-schwarz-saekano-how-to-raise-a-boring-girlfriend-booster-display-16-packs-en-2\\\/\"]}]},{\"@type\":\"ImageObject\",\"inLanguage\":\"fr-FR\",\"@id\":\"https:\\\/\\\/theuncommonshop.ch\\\/fr\\\/product\\\/weiss-schwarz-saekano-how-to-raise-a-boring-girlfriend-booster-display-16-packs-en-2\\\/#primaryimage\",\"url\":\"https:\\\/\\\/theuncommonshop.ch\\\/wp-content\\\/uploads\\\/2025\\\/06\\\/4184791778.png\",\"contentUrl\":\"https:\\\/\\\/theuncommonshop.ch\\\/wp-content\\\/uploads\\\/2025\\\/06\\\/4184791778.png\",\"width\":428,\"height\":350},{\"@type\":\"BreadcrumbList\",\"@id\":\"https:\\\/\\\/theuncommonshop.ch\\\/fr\\\/product\\\/weiss-schwarz-saekano-how-to-raise-a-boring-girlfriend-booster-display-16-packs-en-2\\\/#breadcrumb\",\"itemListElement\":[{\"@type\":\"ListItem\",\"position\":1,\"name\":\"Accueil\",\"item\":\"https:\\\/\\\/theuncommonshop.ch\\\/fr\\\/accueil\\\/\"},{\"@type\":\"ListItem\",\"position\":2,\"name\":\"Boutique\",\"item\":\"https:\\\/\\\/theuncommonshop.ch\\\/fr\\\/boutique\\\/\"},{\"@type\":\"ListItem\",\"position\":3,\"name\":\"Autres cartes \u00e0 collectionner\",\"item\":\"https:\\\/\\\/theuncommonshop.ch\\\/fr\\\/categorie-produit\\\/autres-cartes-a-collectionner\\\/\"},{\"@type\":\"ListItem\",\"position\":4,\"name\":\"Weiss\\\/Schwarz\",\"item\":\"https:\\\/\\\/theuncommonshop.ch\\\/fr\\\/categorie-produit\\\/autres-cartes-a-collectionner\\\/weissschwarz\\\/\"},{\"@type\":\"ListItem\",\"position\":5,\"name\":\"Booster Displays\",\"item\":\"https:\\\/\\\/theuncommonshop.ch\\\/fr\\\/categorie-produit\\\/autres-cartes-a-collectionner\\\/weissschwarz\\\/booster-displays-weiss-schwarz\\\/\"},{\"@type\":\"ListItem\",\"position\":6,\"name\":\"Blanc Noir &#8211; Saekano : How to Raise a Boring Girlfriend Booster Display (16 Packs)\"}]},{\"@type\":\"WebSite\",\"@id\":\"https:\\\/\\\/theuncommonshop.ch\\\/fr\\\/#website\",\"url\":\"https:\\\/\\\/theuncommonshop.ch\\\/fr\\\/\",\"name\":\"The Uncommon Shop\",\"description\":\"Magic, Pok\u00e9mon and Yu-gi-oh - The Uncommon Shop\",\"potentialAction\":[{\"@type\":\"SearchAction\",\"target\":{\"@type\":\"EntryPoint\",\"urlTemplate\":\"https:\\\/\\\/theuncommonshop.ch\\\/fr\\\/?s={search_term_string}\"},\"query-input\":{\"@type\":\"PropertyValueSpecification\",\"valueRequired\":true,\"valueName\":\"search_term_string\"}}],\"inLanguage\":\"fr-FR\"}]}<\/script>\n<meta property=\"og:availability\" content=\"out of stock\" \/>\n<meta property=\"product:availability\" content=\"out of stock\" \/>\n<meta property=\"product:retailer_item_id\" content=\"WS.I.C.SaWEISS.EN\" \/>\n<meta property=\"product:condition\" content=\"new\" \/>\n<!-- \/ Yoast SEO plugin. -->","yoast_head_json":{"title":"Ach\u00e8te Blanc Noir - Saekano : How to Raise a Boring Girlfriend Booster Display (16 Packs)","description":"Ach\u00e8te Blanc Noir - Saekano : How to Raise a Boring Girlfriend Booster Display (16 Packs) en ligne maintenant \u00e0 petit prix! Ton #1 shop pour cartes TCG & Pok\u00e9mon en Suisse \u2713 Livraison gratuite d\u00e8s CHF 29","robots":{"index":"index","follow":"follow","max-snippet":"max-snippet:-1","max-image-preview":"max-image-preview:large","max-video-preview":"max-video-preview:-1"},"canonical":"https:\/\/theuncommonshop.ch\/fr\/product\/weiss-schwarz-saekano-how-to-raise-a-boring-girlfriend-booster-display-16-packs-en-2\/","og_locale":"fr_FR","og_type":"article","og_title":"Ach\u00e8te Blanc Noir - Saekano : How to Raise a Boring Girlfriend Booster Display (16 Packs)","og_description":"Ach\u00e8te Blanc Noir - Saekano : How to Raise a Boring Girlfriend Booster Display (16 Packs) en ligne maintenant \u00e0 petit prix! Ton #1 shop pour cartes TCG & Pok\u00e9mon en Suisse \u2713 Livraison gratuite d\u00e8s CHF 29","og_url":"https:\/\/theuncommonshop.ch\/fr\/product\/weiss-schwarz-saekano-how-to-raise-a-boring-girlfriend-booster-display-16-packs-en-2\/","og_site_name":"The Uncommon Shop","article_modified_time":"2026-03-31T17:33:37+00:00","og_image":[{"width":428,"height":350,"url":"https:\/\/theuncommonshop.ch\/wp-content\/uploads\/2025\/06\/4184791778.png","type":"image\/png"}],"twitter_card":"summary_large_image","twitter_misc":{"Disponibilit\u00e9":"Rupture de stock"},"schema":{"@context":"https:\/\/schema.org","@graph":[{"@type":"WebPage","@id":"https:\/\/theuncommonshop.ch\/fr\/product\/weiss-schwarz-saekano-how-to-raise-a-boring-girlfriend-booster-display-16-packs-en-2\/","url":"https:\/\/theuncommonshop.ch\/fr\/product\/weiss-schwarz-saekano-how-to-raise-a-boring-girlfriend-booster-display-16-packs-en-2\/","name":"Ach\u00e8te Blanc Noir - Saekano : How to Raise a Boring Girlfriend Booster Display (16 Packs)","isPartOf":{"@id":"https:\/\/theuncommonshop.ch\/fr\/#website"},"primaryImageOfPage":{"@id":"https:\/\/theuncommonshop.ch\/fr\/product\/weiss-schwarz-saekano-how-to-raise-a-boring-girlfriend-booster-display-16-packs-en-2\/#primaryimage"},"image":{"@id":"https:\/\/theuncommonshop.ch\/fr\/product\/weiss-schwarz-saekano-how-to-raise-a-boring-girlfriend-booster-display-16-packs-en-2\/#primaryimage"},"thumbnailUrl":"https:\/\/theuncommonshop.ch\/wp-content\/uploads\/2025\/06\/4184791778.png","datePublished":"2025-06-03T14:23:27+00:00","dateModified":"2026-03-31T17:33:37+00:00","description":"Ach\u00e8te Blanc Noir - Saekano : How to Raise a Boring Girlfriend Booster Display (16 Packs) en ligne maintenant \u00e0 petit prix! Ton #1 shop pour cartes TCG & Pok\u00e9mon en Suisse \u2713 Livraison gratuite d\u00e8s CHF 29","breadcrumb":{"@id":"https:\/\/theuncommonshop.ch\/fr\/product\/weiss-schwarz-saekano-how-to-raise-a-boring-girlfriend-booster-display-16-packs-en-2\/#breadcrumb"},"inLanguage":"fr-FR","potentialAction":[{"@type":"ReadAction","target":["https:\/\/theuncommonshop.ch\/fr\/product\/weiss-schwarz-saekano-how-to-raise-a-boring-girlfriend-booster-display-16-packs-en-2\/"]}]},{"@type":"ImageObject","inLanguage":"fr-FR","@id":"https:\/\/theuncommonshop.ch\/fr\/product\/weiss-schwarz-saekano-how-to-raise-a-boring-girlfriend-booster-display-16-packs-en-2\/#primaryimage","url":"https:\/\/theuncommonshop.ch\/wp-content\/uploads\/2025\/06\/4184791778.png","contentUrl":"https:\/\/theuncommonshop.ch\/wp-content\/uploads\/2025\/06\/4184791778.png","width":428,"height":350},{"@type":"BreadcrumbList","@id":"https:\/\/theuncommonshop.ch\/fr\/product\/weiss-schwarz-saekano-how-to-raise-a-boring-girlfriend-booster-display-16-packs-en-2\/#breadcrumb","itemListElement":[{"@type":"ListItem","position":1,"name":"Accueil","item":"https:\/\/theuncommonshop.ch\/fr\/accueil\/"},{"@type":"ListItem","position":2,"name":"Boutique","item":"https:\/\/theuncommonshop.ch\/fr\/boutique\/"},{"@type":"ListItem","position":3,"name":"Autres cartes \u00e0 collectionner","item":"https:\/\/theuncommonshop.ch\/fr\/categorie-produit\/autres-cartes-a-collectionner\/"},{"@type":"ListItem","position":4,"name":"Weiss\/Schwarz","item":"https:\/\/theuncommonshop.ch\/fr\/categorie-produit\/autres-cartes-a-collectionner\/weissschwarz\/"},{"@type":"ListItem","position":5,"name":"Booster Displays","item":"https:\/\/theuncommonshop.ch\/fr\/categorie-produit\/autres-cartes-a-collectionner\/weissschwarz\/booster-displays-weiss-schwarz\/"},{"@type":"ListItem","position":6,"name":"Blanc Noir &#8211; Saekano : How to Raise a Boring Girlfriend Booster Display (16 Packs)"}]},{"@type":"WebSite","@id":"https:\/\/theuncommonshop.ch\/fr\/#website","url":"https:\/\/theuncommonshop.ch\/fr\/","name":"The Uncommon Shop","description":"Magic, Pok\u00e9mon and Yu-gi-oh - The Uncommon Shop","potentialAction":[{"@type":"SearchAction","target":{"@type":"EntryPoint","urlTemplate":"https:\/\/theuncommonshop.ch\/fr\/?s={search_term_string}"},"query-input":{"@type":"PropertyValueSpecification","valueRequired":true,"valueName":"search_term_string"}}],"inLanguage":"fr-FR"}]},"og_availability":"out of stock","product_availability":"out of stock","product_retailer_item_id":"WS.I.C.SaWEISS.EN","product_condition":"new"},"_links":{"self":[{"href":"https:\/\/theuncommonshop.ch\/fr\/wp-json\/wp\/v2\/product\/327142","targetHints":{"allow":["GET"]}}],"collection":[{"href":"https:\/\/theuncommonshop.ch\/fr\/wp-json\/wp\/v2\/product"}],"about":[{"href":"https:\/\/theuncommonshop.ch\/fr\/wp-json\/wp\/v2\/types\/product"}],"replies":[{"embeddable":true,"href":"https:\/\/theuncommonshop.ch\/fr\/wp-json\/wp\/v2\/comments?post=327142"}],"version-history":[{"count":0,"href":"https:\/\/theuncommonshop.ch\/fr\/wp-json\/wp\/v2\/product\/327142\/revisions"}],"wp:featuredmedia":[{"embeddable":true,"href":"https:\/\/theuncommonshop.ch\/fr\/wp-json\/wp\/v2\/media\/81679"}],"wp:attachment":[{"href":"https:\/\/theuncommonshop.ch\/fr\/wp-json\/wp\/v2\/media?parent=327142"}],"wp:term":[{"taxonomy":"product_brand","embeddable":true,"href":"https:\/\/theuncommonshop.ch\/fr\/wp-json\/wp\/v2\/product_brand?post=327142"},{"taxonomy":"product_cat","embeddable":true,"href":"https:\/\/theuncommonshop.ch\/fr\/wp-json\/wp\/v2\/product_cat?post=327142"},{"taxonomy":"product_tag","embeddable":true,"href":"https:\/\/theuncommonshop.ch\/fr\/wp-json\/wp\/v2\/product_tag?post=327142"}],"curies":[{"name":"wp","href":"https:\/\/api.w.org\/{rel}","templated":true}]}}