{"id":327090,"date":"2025-06-03T13:21:01","date_gmt":"2025-06-03T11:21:01","guid":{"rendered":"http:\/\/theuncommonshop.ch\/produkt\/327090\/"},"modified":"2026-03-28T17:32:53","modified_gmt":"2026-03-28T16:32:53","slug":"pokemon-sonne-und-mond-tag-team-gx-psiana-und-deoxys-jpn-2","status":"publish","type":"product","link":"https:\/\/theuncommonshop.ch\/fr\/product\/pokemon-sonne-und-mond-tag-team-gx-psiana-und-deoxys-jpn-2\/","title":{"rendered":"Pok\u00e9mon &#8211; Soleil et Lune &#8211; Tag Team GX Psiana et Deoxys &#8211; JPN"},"content":{"rendered":"<p>Chaque kit de d\u00e9marrage pr\u00e9-confectionn\u00e9 de 60 cartes contient 3 cartes GX Pok\u00e9mon diff\u00e9rentes, dont une est une r\u00e9\u00e9dition et deux sont exclusives, notamment le couple TAG TEAM autour duquel s&#8217;articule le deck.<strong> <\/strong><\/p>\n<p><strong>Les ponts contiennent :  <\/strong><\/p>\n<p>Chaque set de d\u00e9marrage se concentre sur un type particulier et contient une s\u00e9lection fixe de cartes qui, ensemble, forment un set ma\u00eetre num\u00e9rot\u00e9. Les decks contiennent un certain nombre de cartes de dresseur utiles d\u00e9j\u00e0 publi\u00e9es, ainsi que quelques nouvelles cartes, et prennent en charge les cartes d&#8217;\u00e9nergie de base. Chaque set contient \u00e9galement 44 compteurs de d\u00e9g\u00e2ts, 2 marqueurs d&#8217;\u00e9tat, 1 marqueur GX, un livre de r\u00e8gles, un guide du joueur, une pi\u00e8ce de monnaie et un tapis de jeu.  <\/p>\n<div>\n<dd><\/dd>\n<\/div>\n<div><\/div>\n<p><\/p>\n","protected":false},"excerpt":{"rendered":"<p>Chaque kit de d\u00e9marrage pr\u00e9-confectionn\u00e9 de 60 cartes contient 3 cartes GX Pok\u00e9mon diff\u00e9rentes, dont une est une r\u00e9\u00e9dition et<\/p>\n","protected":false},"featured_media":79959,"comment_status":"open","ping_status":"closed","template":"","meta":{"_acf_changed":false},"product_brand":[5114,5072],"product_cat":[9817,10075],"product_tag":[],"class_list":{"0":"post-327090","1":"product","2":"type-product","3":"status-publish","4":"has-post-thumbnail","6":"product_brand-pokemon","7":"product_brand-the-pokemon-company","8":"product_cat-decks-fr","9":"product_cat-soleil-et-lune","11":"first","12":"outofstock","13":"taxable","14":"shipping-taxable","15":"purchasable","16":"product-type-variable"},"acf":[],"yoast_head":"<!-- This site is optimized with the Yoast SEO plugin v27.5 - https:\/\/yoast.com\/product\/yoast-seo-wordpress\/ -->\n<title>Ach\u00e8te Pok\u00e9mon - Soleil et Lune - Tag Team GX Psiana et Deoxys - JPN<\/title>\n<meta name=\"description\" content=\"Ach\u00e8te Pok\u00e9mon - Soleil et Lune - Tag Team GX Psiana et Deoxys - JPN en ligne maintenant \u00e0 petit prix! Ton #1 shop pour cartes TCG &amp; Pok\u00e9mon en Suisse \u2713 Livraison gratuite d\u00e8s CHF 29\" \/>\n<meta name=\"robots\" content=\"index, follow, max-snippet:-1, max-image-preview:large, max-video-preview:-1\" \/>\n<link rel=\"canonical\" href=\"https:\/\/theuncommonshop.ch\/fr\/product\/pokemon-sonne-und-mond-tag-team-gx-psiana-und-deoxys-jpn-2\/\" \/>\n<meta property=\"og:locale\" content=\"fr_FR\" \/>\n<meta property=\"og:type\" content=\"article\" \/>\n<meta property=\"og:title\" content=\"Ach\u00e8te Pok\u00e9mon - Soleil et Lune - Tag Team GX Psiana et Deoxys - JPN\" \/>\n<meta property=\"og:description\" content=\"Ach\u00e8te Pok\u00e9mon - Soleil et Lune - Tag Team GX Psiana et Deoxys - JPN en ligne maintenant \u00e0 petit prix! Ton #1 shop pour cartes TCG &amp; Pok\u00e9mon en Suisse \u2713 Livraison gratuite d\u00e8s CHF 29\" \/>\n<meta property=\"og:url\" content=\"https:\/\/theuncommonshop.ch\/fr\/product\/pokemon-sonne-und-mond-tag-team-gx-psiana-und-deoxys-jpn-2\/\" \/>\n<meta property=\"og:site_name\" content=\"The Uncommon Shop\" \/>\n<meta property=\"article:modified_time\" content=\"2026-03-28T16:32:53+00:00\" \/>\n<meta property=\"og:image\" content=\"https:\/\/theuncommonshop.ch\/wp-content\/uploads\/2025\/06\/3145337545.jpg\" \/>\n\t<meta property=\"og:image:width\" content=\"397\" \/>\n\t<meta property=\"og:image:height\" content=\"629\" \/>\n\t<meta property=\"og:image:type\" content=\"image\/jpeg\" \/>\n<meta name=\"twitter:card\" content=\"summary_large_image\" \/>\n<meta name=\"twitter:label1\" content=\"Disponibilit\u00e9\" \/>\n\t<meta name=\"twitter:data1\" content=\"Rupture de stock\" \/>\n<script type=\"application\/ld+json\" class=\"yoast-schema-graph\">{\"@context\":\"https:\\\/\\\/schema.org\",\"@graph\":[{\"@type\":\"WebPage\",\"@id\":\"https:\\\/\\\/theuncommonshop.ch\\\/fr\\\/product\\\/pokemon-sonne-und-mond-tag-team-gx-psiana-und-deoxys-jpn-2\\\/\",\"url\":\"https:\\\/\\\/theuncommonshop.ch\\\/fr\\\/product\\\/pokemon-sonne-und-mond-tag-team-gx-psiana-und-deoxys-jpn-2\\\/\",\"name\":\"Ach\u00e8te Pok\u00e9mon - Soleil et Lune - Tag Team GX Psiana et Deoxys - JPN\",\"isPartOf\":{\"@id\":\"https:\\\/\\\/theuncommonshop.ch\\\/fr\\\/#website\"},\"primaryImageOfPage\":{\"@id\":\"https:\\\/\\\/theuncommonshop.ch\\\/fr\\\/product\\\/pokemon-sonne-und-mond-tag-team-gx-psiana-und-deoxys-jpn-2\\\/#primaryimage\"},\"image\":{\"@id\":\"https:\\\/\\\/theuncommonshop.ch\\\/fr\\\/product\\\/pokemon-sonne-und-mond-tag-team-gx-psiana-und-deoxys-jpn-2\\\/#primaryimage\"},\"thumbnailUrl\":\"https:\\\/\\\/theuncommonshop.ch\\\/wp-content\\\/uploads\\\/2025\\\/06\\\/3145337545.jpg\",\"datePublished\":\"2025-06-03T11:21:01+00:00\",\"dateModified\":\"2026-03-28T16:32:53+00:00\",\"description\":\"Ach\u00e8te Pok\u00e9mon - Soleil et Lune - Tag Team GX Psiana et Deoxys - JPN en ligne maintenant \u00e0 petit prix! Ton #1 shop pour cartes TCG & Pok\u00e9mon en Suisse \u2713 Livraison gratuite d\u00e8s CHF 29\",\"breadcrumb\":{\"@id\":\"https:\\\/\\\/theuncommonshop.ch\\\/fr\\\/product\\\/pokemon-sonne-und-mond-tag-team-gx-psiana-und-deoxys-jpn-2\\\/#breadcrumb\"},\"inLanguage\":\"fr-FR\",\"potentialAction\":[{\"@type\":\"ReadAction\",\"target\":[\"https:\\\/\\\/theuncommonshop.ch\\\/fr\\\/product\\\/pokemon-sonne-und-mond-tag-team-gx-psiana-und-deoxys-jpn-2\\\/\"]}]},{\"@type\":\"ImageObject\",\"inLanguage\":\"fr-FR\",\"@id\":\"https:\\\/\\\/theuncommonshop.ch\\\/fr\\\/product\\\/pokemon-sonne-und-mond-tag-team-gx-psiana-und-deoxys-jpn-2\\\/#primaryimage\",\"url\":\"https:\\\/\\\/theuncommonshop.ch\\\/wp-content\\\/uploads\\\/2025\\\/06\\\/3145337545.jpg\",\"contentUrl\":\"https:\\\/\\\/theuncommonshop.ch\\\/wp-content\\\/uploads\\\/2025\\\/06\\\/3145337545.jpg\",\"width\":397,\"height\":629},{\"@type\":\"BreadcrumbList\",\"@id\":\"https:\\\/\\\/theuncommonshop.ch\\\/fr\\\/product\\\/pokemon-sonne-und-mond-tag-team-gx-psiana-und-deoxys-jpn-2\\\/#breadcrumb\",\"itemListElement\":[{\"@type\":\"ListItem\",\"position\":1,\"name\":\"Accueil\",\"item\":\"https:\\\/\\\/theuncommonshop.ch\\\/fr\\\/accueil\\\/\"},{\"@type\":\"ListItem\",\"position\":2,\"name\":\"Boutique\",\"item\":\"https:\\\/\\\/theuncommonshop.ch\\\/fr\\\/boutique\\\/\"},{\"@type\":\"ListItem\",\"position\":3,\"name\":\"Pok\u00e9mon\",\"item\":\"https:\\\/\\\/theuncommonshop.ch\\\/fr\\\/categorie-produit\\\/pokemon-fr\\\/\"},{\"@type\":\"ListItem\",\"position\":4,\"name\":\"Produits par lots\",\"item\":\"https:\\\/\\\/theuncommonshop.ch\\\/fr\\\/categorie-produit\\\/pokemon-fr\\\/produits-par-lots\\\/\"},{\"@type\":\"ListItem\",\"position\":5,\"name\":\"Soleil & Lune\",\"item\":\"https:\\\/\\\/theuncommonshop.ch\\\/fr\\\/categorie-produit\\\/pokemon-fr\\\/produits-par-lots\\\/soleil-et-lune\\\/\"},{\"@type\":\"ListItem\",\"position\":6,\"name\":\"Pok\u00e9mon &#8211; Soleil et Lune &#8211; Tag Team GX Psiana et Deoxys &#8211; JPN\"}]},{\"@type\":\"WebSite\",\"@id\":\"https:\\\/\\\/theuncommonshop.ch\\\/fr\\\/#website\",\"url\":\"https:\\\/\\\/theuncommonshop.ch\\\/fr\\\/\",\"name\":\"The Uncommon Shop\",\"description\":\"Magic, Pok\u00e9mon and Yu-gi-oh - The Uncommon Shop\",\"potentialAction\":[{\"@type\":\"SearchAction\",\"target\":{\"@type\":\"EntryPoint\",\"urlTemplate\":\"https:\\\/\\\/theuncommonshop.ch\\\/fr\\\/?s={search_term_string}\"},\"query-input\":{\"@type\":\"PropertyValueSpecification\",\"valueRequired\":true,\"valueName\":\"search_term_string\"}}],\"inLanguage\":\"fr-FR\"}]}<\/script>\n<meta property=\"og:availability\" content=\"out of stock\" \/>\n<meta property=\"product:availability\" content=\"out of stock\" \/>\n<meta property=\"product:retailer_item_id\" content=\"PO.XII.F.TaTemGxPsiaDeoxy.JPN\" \/>\n<meta property=\"product:condition\" content=\"new\" \/>\n<!-- \/ Yoast SEO plugin. -->","yoast_head_json":{"title":"Ach\u00e8te Pok\u00e9mon - Soleil et Lune - Tag Team GX Psiana et Deoxys - JPN","description":"Ach\u00e8te Pok\u00e9mon - Soleil et Lune - Tag Team GX Psiana et Deoxys - JPN en ligne maintenant \u00e0 petit prix! Ton #1 shop pour cartes TCG & Pok\u00e9mon en Suisse \u2713 Livraison gratuite d\u00e8s CHF 29","robots":{"index":"index","follow":"follow","max-snippet":"max-snippet:-1","max-image-preview":"max-image-preview:large","max-video-preview":"max-video-preview:-1"},"canonical":"https:\/\/theuncommonshop.ch\/fr\/product\/pokemon-sonne-und-mond-tag-team-gx-psiana-und-deoxys-jpn-2\/","og_locale":"fr_FR","og_type":"article","og_title":"Ach\u00e8te Pok\u00e9mon - Soleil et Lune - Tag Team GX Psiana et Deoxys - JPN","og_description":"Ach\u00e8te Pok\u00e9mon - Soleil et Lune - Tag Team GX Psiana et Deoxys - JPN en ligne maintenant \u00e0 petit prix! Ton #1 shop pour cartes TCG & Pok\u00e9mon en Suisse \u2713 Livraison gratuite d\u00e8s CHF 29","og_url":"https:\/\/theuncommonshop.ch\/fr\/product\/pokemon-sonne-und-mond-tag-team-gx-psiana-und-deoxys-jpn-2\/","og_site_name":"The Uncommon Shop","article_modified_time":"2026-03-28T16:32:53+00:00","og_image":[{"width":397,"height":629,"url":"https:\/\/theuncommonshop.ch\/wp-content\/uploads\/2025\/06\/3145337545.jpg","type":"image\/jpeg"}],"twitter_card":"summary_large_image","twitter_misc":{"Disponibilit\u00e9":"Rupture de stock"},"schema":{"@context":"https:\/\/schema.org","@graph":[{"@type":"WebPage","@id":"https:\/\/theuncommonshop.ch\/fr\/product\/pokemon-sonne-und-mond-tag-team-gx-psiana-und-deoxys-jpn-2\/","url":"https:\/\/theuncommonshop.ch\/fr\/product\/pokemon-sonne-und-mond-tag-team-gx-psiana-und-deoxys-jpn-2\/","name":"Ach\u00e8te Pok\u00e9mon - Soleil et Lune - Tag Team GX Psiana et Deoxys - JPN","isPartOf":{"@id":"https:\/\/theuncommonshop.ch\/fr\/#website"},"primaryImageOfPage":{"@id":"https:\/\/theuncommonshop.ch\/fr\/product\/pokemon-sonne-und-mond-tag-team-gx-psiana-und-deoxys-jpn-2\/#primaryimage"},"image":{"@id":"https:\/\/theuncommonshop.ch\/fr\/product\/pokemon-sonne-und-mond-tag-team-gx-psiana-und-deoxys-jpn-2\/#primaryimage"},"thumbnailUrl":"https:\/\/theuncommonshop.ch\/wp-content\/uploads\/2025\/06\/3145337545.jpg","datePublished":"2025-06-03T11:21:01+00:00","dateModified":"2026-03-28T16:32:53+00:00","description":"Ach\u00e8te Pok\u00e9mon - Soleil et Lune - Tag Team GX Psiana et Deoxys - JPN en ligne maintenant \u00e0 petit prix! Ton #1 shop pour cartes TCG & Pok\u00e9mon en Suisse \u2713 Livraison gratuite d\u00e8s CHF 29","breadcrumb":{"@id":"https:\/\/theuncommonshop.ch\/fr\/product\/pokemon-sonne-und-mond-tag-team-gx-psiana-und-deoxys-jpn-2\/#breadcrumb"},"inLanguage":"fr-FR","potentialAction":[{"@type":"ReadAction","target":["https:\/\/theuncommonshop.ch\/fr\/product\/pokemon-sonne-und-mond-tag-team-gx-psiana-und-deoxys-jpn-2\/"]}]},{"@type":"ImageObject","inLanguage":"fr-FR","@id":"https:\/\/theuncommonshop.ch\/fr\/product\/pokemon-sonne-und-mond-tag-team-gx-psiana-und-deoxys-jpn-2\/#primaryimage","url":"https:\/\/theuncommonshop.ch\/wp-content\/uploads\/2025\/06\/3145337545.jpg","contentUrl":"https:\/\/theuncommonshop.ch\/wp-content\/uploads\/2025\/06\/3145337545.jpg","width":397,"height":629},{"@type":"BreadcrumbList","@id":"https:\/\/theuncommonshop.ch\/fr\/product\/pokemon-sonne-und-mond-tag-team-gx-psiana-und-deoxys-jpn-2\/#breadcrumb","itemListElement":[{"@type":"ListItem","position":1,"name":"Accueil","item":"https:\/\/theuncommonshop.ch\/fr\/accueil\/"},{"@type":"ListItem","position":2,"name":"Boutique","item":"https:\/\/theuncommonshop.ch\/fr\/boutique\/"},{"@type":"ListItem","position":3,"name":"Pok\u00e9mon","item":"https:\/\/theuncommonshop.ch\/fr\/categorie-produit\/pokemon-fr\/"},{"@type":"ListItem","position":4,"name":"Produits par lots","item":"https:\/\/theuncommonshop.ch\/fr\/categorie-produit\/pokemon-fr\/produits-par-lots\/"},{"@type":"ListItem","position":5,"name":"Soleil & Lune","item":"https:\/\/theuncommonshop.ch\/fr\/categorie-produit\/pokemon-fr\/produits-par-lots\/soleil-et-lune\/"},{"@type":"ListItem","position":6,"name":"Pok\u00e9mon &#8211; Soleil et Lune &#8211; Tag Team GX Psiana et Deoxys &#8211; JPN"}]},{"@type":"WebSite","@id":"https:\/\/theuncommonshop.ch\/fr\/#website","url":"https:\/\/theuncommonshop.ch\/fr\/","name":"The Uncommon Shop","description":"Magic, Pok\u00e9mon and Yu-gi-oh - The Uncommon Shop","potentialAction":[{"@type":"SearchAction","target":{"@type":"EntryPoint","urlTemplate":"https:\/\/theuncommonshop.ch\/fr\/?s={search_term_string}"},"query-input":{"@type":"PropertyValueSpecification","valueRequired":true,"valueName":"search_term_string"}}],"inLanguage":"fr-FR"}]},"og_availability":"out of stock","product_availability":"out of stock","product_retailer_item_id":"PO.XII.F.TaTemGxPsiaDeoxy.JPN","product_condition":"new"},"_links":{"self":[{"href":"https:\/\/theuncommonshop.ch\/fr\/wp-json\/wp\/v2\/product\/327090","targetHints":{"allow":["GET"]}}],"collection":[{"href":"https:\/\/theuncommonshop.ch\/fr\/wp-json\/wp\/v2\/product"}],"about":[{"href":"https:\/\/theuncommonshop.ch\/fr\/wp-json\/wp\/v2\/types\/product"}],"replies":[{"embeddable":true,"href":"https:\/\/theuncommonshop.ch\/fr\/wp-json\/wp\/v2\/comments?post=327090"}],"version-history":[{"count":0,"href":"https:\/\/theuncommonshop.ch\/fr\/wp-json\/wp\/v2\/product\/327090\/revisions"}],"wp:featuredmedia":[{"embeddable":true,"href":"https:\/\/theuncommonshop.ch\/fr\/wp-json\/wp\/v2\/media\/79959"}],"wp:attachment":[{"href":"https:\/\/theuncommonshop.ch\/fr\/wp-json\/wp\/v2\/media?parent=327090"}],"wp:term":[{"taxonomy":"product_brand","embeddable":true,"href":"https:\/\/theuncommonshop.ch\/fr\/wp-json\/wp\/v2\/product_brand?post=327090"},{"taxonomy":"product_cat","embeddable":true,"href":"https:\/\/theuncommonshop.ch\/fr\/wp-json\/wp\/v2\/product_cat?post=327090"},{"taxonomy":"product_tag","embeddable":true,"href":"https:\/\/theuncommonshop.ch\/fr\/wp-json\/wp\/v2\/product_tag?post=327090"}],"curies":[{"name":"wp","href":"https:\/\/api.w.org\/{rel}","templated":true}]}}