{"id":327028,"date":"2025-06-03T13:00:30","date_gmt":"2025-06-03T13:00:30","guid":{"rendered":"http:\/\/theuncommonshop.ch\/produkt\/327028\/"},"modified":"2026-03-31T16:53:44","modified_gmt":"2026-03-31T14:53:44","slug":"flesh-and-blood-uprising-blitz-deck-fai-en-2","status":"publish","type":"product","link":"https:\/\/theuncommonshop.ch\/fr\/product\/flesh-and-blood-uprising-blitz-deck-fai-en-2\/","title":{"rendered":"Flesh and Blood &#8211; Uprising &#8211; Blitz Deck &#8211; Fai"},"content":{"rendered":"<div>Les Blitz Decks d&#8217;Uprising sont pr\u00eats \u00e0 jouer et offrent une fa\u00e7on amusante et rapide de jouer \u00e0 Flesh &amp; Blood, id\u00e9ale pour jouer \u00e0 la table de la cuisine. Chaque deck \u00e9clair contient une carte de h\u00e9ros en feuille d&#8217;arc-en-ciel, qui constitue un bel ajout \u00e0 la collection des joueurs, qu&#8217;ils soient novices ou exp\u00e9riment\u00e9s. <\/div>\n<div><\/div>\n<div>Jouez en tant que Fai, un deck Draconic Ninja Aggro Synergie. Ordonnez vos maillons pour d\u00e9cha\u00eener le talent draconique et rassembler une r\u00e9bellion ph\u00e9nix qui se l\u00e8vera pour renverser l&#8217;adversaire ! <\/div>\n<div><\/div>\n<div>Chaque Blitz Deck contient 40 cartes, plus des cartes de h\u00e9ros, d&#8217;armes et d&#8217;\u00e9quipement.<\/div>\n<div><\/div>\n<div>Deck pr\u00e9-construit de 40 cartes + cartes de h\u00e9ros, d&#8217;armes et d&#8217;\u00e9quipement.<\/div>\n<div>8 decks par \u00e9talage (4 de chaque h\u00e9ros).<\/div>\n<div><\/div>\n<div>Con\u00e7u pour le plaisir de jouer rapidement. Id\u00e9al pour les jeux \u00e0 la table de la cuisine. <\/div>\n<div><\/div>\n<p>Traduit avec <a href=\"http:\/\/www.DeepL.com\/Translator\">www.DeepL.com\/Translator<\/a> (version gratuite)<\/p>\n","protected":false},"excerpt":{"rendered":"<p>Les Blitz Decks d&#8217;Uprising sont pr\u00eats \u00e0 jouer et offrent une fa\u00e7on amusante et rapide de jouer \u00e0 Flesh &amp;<\/p>\n","protected":false},"featured_media":79339,"comment_status":"open","ping_status":"closed","template":"","meta":{"_acf_changed":false},"product_brand":[5076],"product_cat":[9997],"product_tag":[],"class_list":{"0":"post-327028","1":"product","2":"type-product","3":"status-publish","4":"has-post-thumbnail","6":"product_brand-legend-story-studios","7":"product_cat-decks-fab","9":"first","10":"outofstock","11":"taxable","12":"shipping-taxable","13":"purchasable","14":"product-type-variable"},"acf":[],"yoast_head":"<!-- This site is optimized with the Yoast SEO plugin v27.4 - https:\/\/yoast.com\/product\/yoast-seo-wordpress\/ -->\n<title>Ach\u00e8te Flesh and Blood - Uprising - Blitz Deck - Fai<\/title>\n<meta name=\"description\" content=\"Ach\u00e8te Flesh and Blood - Uprising - Blitz Deck - Fai en ligne maintenant \u00e0 petit prix! Ton #1 shop pour cartes TCG &amp; Pok\u00e9mon en Suisse \u2713 Livraison gratuite d\u00e8s CHF 29\" \/>\n<meta name=\"robots\" content=\"index, follow, max-snippet:-1, max-image-preview:large, max-video-preview:-1\" \/>\n<link rel=\"canonical\" href=\"https:\/\/theuncommonshop.ch\/fr\/product\/flesh-and-blood-uprising-blitz-deck-fai-en-2\/\" \/>\n<meta property=\"og:locale\" content=\"fr_FR\" \/>\n<meta property=\"og:type\" content=\"article\" \/>\n<meta property=\"og:title\" content=\"Ach\u00e8te Flesh and Blood - Uprising - Blitz Deck - Fai\" \/>\n<meta property=\"og:description\" content=\"Ach\u00e8te Flesh and Blood - Uprising - Blitz Deck - Fai en ligne maintenant \u00e0 petit prix! Ton #1 shop pour cartes TCG &amp; Pok\u00e9mon en Suisse \u2713 Livraison gratuite d\u00e8s CHF 29\" \/>\n<meta property=\"og:url\" content=\"https:\/\/theuncommonshop.ch\/fr\/product\/flesh-and-blood-uprising-blitz-deck-fai-en-2\/\" \/>\n<meta property=\"og:site_name\" content=\"Largest trading card shop in Switzerland\" \/>\n<meta property=\"article:modified_time\" content=\"2026-03-31T14:53:44+00:00\" \/>\n<meta property=\"og:image\" content=\"https:\/\/theuncommonshop.ch\/wp-content\/uploads\/2025\/06\/3124044668.jpg\" \/>\n\t<meta property=\"og:image:width\" content=\"550\" \/>\n\t<meta property=\"og:image:height\" content=\"450\" \/>\n\t<meta property=\"og:image:type\" content=\"image\/jpeg\" \/>\n<meta name=\"twitter:card\" content=\"summary_large_image\" \/>\n<meta name=\"twitter:label1\" content=\"Disponibilit\u00e9\" \/>\n\t<meta name=\"twitter:data1\" content=\"Rupture de stock\" \/>\n<script type=\"application\/ld+json\" class=\"yoast-schema-graph\">{\"@context\":\"https:\\\/\\\/schema.org\",\"@graph\":[{\"@type\":\"WebPage\",\"@id\":\"https:\\\/\\\/theuncommonshop.ch\\\/fr\\\/product\\\/flesh-and-blood-uprising-blitz-deck-fai-en-2\\\/\",\"url\":\"https:\\\/\\\/theuncommonshop.ch\\\/fr\\\/product\\\/flesh-and-blood-uprising-blitz-deck-fai-en-2\\\/\",\"name\":\"Ach\u00e8te Flesh and Blood - Uprising - Blitz Deck - Fai\",\"isPartOf\":{\"@id\":\"https:\\\/\\\/theuncommonshop.ch\\\/#website\"},\"primaryImageOfPage\":{\"@id\":\"https:\\\/\\\/theuncommonshop.ch\\\/fr\\\/product\\\/flesh-and-blood-uprising-blitz-deck-fai-en-2\\\/#primaryimage\"},\"image\":{\"@id\":\"https:\\\/\\\/theuncommonshop.ch\\\/fr\\\/product\\\/flesh-and-blood-uprising-blitz-deck-fai-en-2\\\/#primaryimage\"},\"thumbnailUrl\":\"https:\\\/\\\/theuncommonshop.ch\\\/wp-content\\\/uploads\\\/2025\\\/06\\\/3124044668.jpg\",\"datePublished\":\"2025-06-03T13:00:30+00:00\",\"dateModified\":\"2026-03-31T14:53:44+00:00\",\"description\":\"Ach\u00e8te Flesh and Blood - Uprising - Blitz Deck - Fai en ligne maintenant \u00e0 petit prix! Ton #1 shop pour cartes TCG & Pok\u00e9mon en Suisse \u2713 Livraison gratuite d\u00e8s CHF 29\",\"breadcrumb\":{\"@id\":\"https:\\\/\\\/theuncommonshop.ch\\\/fr\\\/product\\\/flesh-and-blood-uprising-blitz-deck-fai-en-2\\\/#breadcrumb\"},\"inLanguage\":\"fr-FR\",\"potentialAction\":[{\"@type\":\"ReadAction\",\"target\":[\"https:\\\/\\\/theuncommonshop.ch\\\/fr\\\/product\\\/flesh-and-blood-uprising-blitz-deck-fai-en-2\\\/\"]}]},{\"@type\":\"ImageObject\",\"inLanguage\":\"fr-FR\",\"@id\":\"https:\\\/\\\/theuncommonshop.ch\\\/fr\\\/product\\\/flesh-and-blood-uprising-blitz-deck-fai-en-2\\\/#primaryimage\",\"url\":\"https:\\\/\\\/theuncommonshop.ch\\\/wp-content\\\/uploads\\\/2025\\\/06\\\/3124044668.jpg\",\"contentUrl\":\"https:\\\/\\\/theuncommonshop.ch\\\/wp-content\\\/uploads\\\/2025\\\/06\\\/3124044668.jpg\",\"width\":550,\"height\":450},{\"@type\":\"BreadcrumbList\",\"@id\":\"https:\\\/\\\/theuncommonshop.ch\\\/fr\\\/product\\\/flesh-and-blood-uprising-blitz-deck-fai-en-2\\\/#breadcrumb\",\"itemListElement\":[{\"@type\":\"ListItem\",\"position\":1,\"name\":\"Accueil\",\"item\":\"https:\\\/\\\/theuncommonshop.ch\\\/fr\\\/accueil\\\/\"},{\"@type\":\"ListItem\",\"position\":2,\"name\":\"Boutique\",\"item\":\"https:\\\/\\\/theuncommonshop.ch\\\/fr\\\/boutique\\\/\"},{\"@type\":\"ListItem\",\"position\":3,\"name\":\"Weitere Sammelkarten\",\"item\":\"https:\\\/\\\/theuncommonshop.ch\\\/produktkategorie\\\/weitere-sammelkarten\\\/\"},{\"@type\":\"ListItem\",\"position\":4,\"name\":\"Flesh & Blood\",\"item\":\"https:\\\/\\\/theuncommonshop.ch\\\/produktkategorie\\\/weitere-sammelkarten\\\/flesh-blood\\\/\"},{\"@type\":\"ListItem\",\"position\":5,\"name\":\"Decks\",\"item\":\"https:\\\/\\\/theuncommonshop.ch\\\/produktkategorie\\\/weitere-sammelkarten\\\/flesh-blood\\\/fab-decks\\\/\"},{\"@type\":\"ListItem\",\"position\":6,\"name\":\"Flesh and Blood &#8211; Uprising &#8211; Blitz Deck &#8211; Fai\"}]},{\"@type\":\"WebSite\",\"@id\":\"https:\\\/\\\/theuncommonshop.ch\\\/#website\",\"url\":\"https:\\\/\\\/theuncommonshop.ch\\\/\",\"name\":\"Largest trading card shop in Switzerland\",\"description\":\"Magic, Pok\u00e9mon and Yu-gi-oh - The Uncommon Shop\",\"potentialAction\":[{\"@type\":\"SearchAction\",\"target\":{\"@type\":\"EntryPoint\",\"urlTemplate\":\"https:\\\/\\\/theuncommonshop.ch\\\/?s={search_term_string}\"},\"query-input\":{\"@type\":\"PropertyValueSpecification\",\"valueRequired\":true,\"valueName\":\"search_term_string\"}}],\"inLanguage\":\"fr-FR\"}]}<\/script>\n<meta property=\"og:availability\" content=\"out of stock\" \/>\n<meta property=\"product:availability\" content=\"out of stock\" \/>\n<meta property=\"product:retailer_item_id\" content=\"FaB.I.D.FaiBlitz.EN\" \/>\n<meta property=\"product:condition\" content=\"new\" \/>\n<!-- \/ Yoast SEO plugin. -->","yoast_head_json":{"title":"Ach\u00e8te Flesh and Blood - Uprising - Blitz Deck - Fai","description":"Ach\u00e8te Flesh and Blood - Uprising - Blitz Deck - Fai en ligne maintenant \u00e0 petit prix! Ton #1 shop pour cartes TCG & Pok\u00e9mon en Suisse \u2713 Livraison gratuite d\u00e8s CHF 29","robots":{"index":"index","follow":"follow","max-snippet":"max-snippet:-1","max-image-preview":"max-image-preview:large","max-video-preview":"max-video-preview:-1"},"canonical":"https:\/\/theuncommonshop.ch\/fr\/product\/flesh-and-blood-uprising-blitz-deck-fai-en-2\/","og_locale":"fr_FR","og_type":"article","og_title":"Ach\u00e8te Flesh and Blood - Uprising - Blitz Deck - Fai","og_description":"Ach\u00e8te Flesh and Blood - Uprising - Blitz Deck - Fai en ligne maintenant \u00e0 petit prix! Ton #1 shop pour cartes TCG & Pok\u00e9mon en Suisse \u2713 Livraison gratuite d\u00e8s CHF 29","og_url":"https:\/\/theuncommonshop.ch\/fr\/product\/flesh-and-blood-uprising-blitz-deck-fai-en-2\/","og_site_name":"Largest trading card shop in Switzerland","article_modified_time":"2026-03-31T14:53:44+00:00","og_image":[{"width":550,"height":450,"url":"https:\/\/theuncommonshop.ch\/wp-content\/uploads\/2025\/06\/3124044668.jpg","type":"image\/jpeg"}],"twitter_card":"summary_large_image","twitter_misc":{"Disponibilit\u00e9":"Rupture de stock"},"schema":{"@context":"https:\/\/schema.org","@graph":[{"@type":"WebPage","@id":"https:\/\/theuncommonshop.ch\/fr\/product\/flesh-and-blood-uprising-blitz-deck-fai-en-2\/","url":"https:\/\/theuncommonshop.ch\/fr\/product\/flesh-and-blood-uprising-blitz-deck-fai-en-2\/","name":"Ach\u00e8te Flesh and Blood - Uprising - Blitz Deck - Fai","isPartOf":{"@id":"https:\/\/theuncommonshop.ch\/#website"},"primaryImageOfPage":{"@id":"https:\/\/theuncommonshop.ch\/fr\/product\/flesh-and-blood-uprising-blitz-deck-fai-en-2\/#primaryimage"},"image":{"@id":"https:\/\/theuncommonshop.ch\/fr\/product\/flesh-and-blood-uprising-blitz-deck-fai-en-2\/#primaryimage"},"thumbnailUrl":"https:\/\/theuncommonshop.ch\/wp-content\/uploads\/2025\/06\/3124044668.jpg","datePublished":"2025-06-03T13:00:30+00:00","dateModified":"2026-03-31T14:53:44+00:00","description":"Ach\u00e8te Flesh and Blood - Uprising - Blitz Deck - Fai en ligne maintenant \u00e0 petit prix! Ton #1 shop pour cartes TCG & Pok\u00e9mon en Suisse \u2713 Livraison gratuite d\u00e8s CHF 29","breadcrumb":{"@id":"https:\/\/theuncommonshop.ch\/fr\/product\/flesh-and-blood-uprising-blitz-deck-fai-en-2\/#breadcrumb"},"inLanguage":"fr-FR","potentialAction":[{"@type":"ReadAction","target":["https:\/\/theuncommonshop.ch\/fr\/product\/flesh-and-blood-uprising-blitz-deck-fai-en-2\/"]}]},{"@type":"ImageObject","inLanguage":"fr-FR","@id":"https:\/\/theuncommonshop.ch\/fr\/product\/flesh-and-blood-uprising-blitz-deck-fai-en-2\/#primaryimage","url":"https:\/\/theuncommonshop.ch\/wp-content\/uploads\/2025\/06\/3124044668.jpg","contentUrl":"https:\/\/theuncommonshop.ch\/wp-content\/uploads\/2025\/06\/3124044668.jpg","width":550,"height":450},{"@type":"BreadcrumbList","@id":"https:\/\/theuncommonshop.ch\/fr\/product\/flesh-and-blood-uprising-blitz-deck-fai-en-2\/#breadcrumb","itemListElement":[{"@type":"ListItem","position":1,"name":"Accueil","item":"https:\/\/theuncommonshop.ch\/fr\/accueil\/"},{"@type":"ListItem","position":2,"name":"Boutique","item":"https:\/\/theuncommonshop.ch\/fr\/boutique\/"},{"@type":"ListItem","position":3,"name":"Weitere Sammelkarten","item":"https:\/\/theuncommonshop.ch\/produktkategorie\/weitere-sammelkarten\/"},{"@type":"ListItem","position":4,"name":"Flesh & Blood","item":"https:\/\/theuncommonshop.ch\/produktkategorie\/weitere-sammelkarten\/flesh-blood\/"},{"@type":"ListItem","position":5,"name":"Decks","item":"https:\/\/theuncommonshop.ch\/produktkategorie\/weitere-sammelkarten\/flesh-blood\/fab-decks\/"},{"@type":"ListItem","position":6,"name":"Flesh and Blood &#8211; Uprising &#8211; Blitz Deck &#8211; Fai"}]},{"@type":"WebSite","@id":"https:\/\/theuncommonshop.ch\/#website","url":"https:\/\/theuncommonshop.ch\/","name":"Largest trading card shop in Switzerland","description":"Magic, Pok\u00e9mon and Yu-gi-oh - The Uncommon Shop","potentialAction":[{"@type":"SearchAction","target":{"@type":"EntryPoint","urlTemplate":"https:\/\/theuncommonshop.ch\/?s={search_term_string}"},"query-input":{"@type":"PropertyValueSpecification","valueRequired":true,"valueName":"search_term_string"}}],"inLanguage":"fr-FR"}]},"og_availability":"out of stock","product_availability":"out of stock","product_retailer_item_id":"FaB.I.D.FaiBlitz.EN","product_condition":"new"},"_links":{"self":[{"href":"https:\/\/theuncommonshop.ch\/fr\/wp-json\/wp\/v2\/product\/327028","targetHints":{"allow":["GET"]}}],"collection":[{"href":"https:\/\/theuncommonshop.ch\/fr\/wp-json\/wp\/v2\/product"}],"about":[{"href":"https:\/\/theuncommonshop.ch\/fr\/wp-json\/wp\/v2\/types\/product"}],"replies":[{"embeddable":true,"href":"https:\/\/theuncommonshop.ch\/fr\/wp-json\/wp\/v2\/comments?post=327028"}],"version-history":[{"count":2,"href":"https:\/\/theuncommonshop.ch\/fr\/wp-json\/wp\/v2\/product\/327028\/revisions"}],"predecessor-version":[{"id":364156,"href":"https:\/\/theuncommonshop.ch\/fr\/wp-json\/wp\/v2\/product\/327028\/revisions\/364156"}],"wp:featuredmedia":[{"embeddable":true,"href":"https:\/\/theuncommonshop.ch\/fr\/wp-json\/wp\/v2\/media\/79339"}],"wp:attachment":[{"href":"https:\/\/theuncommonshop.ch\/fr\/wp-json\/wp\/v2\/media?parent=327028"}],"wp:term":[{"taxonomy":"product_brand","embeddable":true,"href":"https:\/\/theuncommonshop.ch\/fr\/wp-json\/wp\/v2\/product_brand?post=327028"},{"taxonomy":"product_cat","embeddable":true,"href":"https:\/\/theuncommonshop.ch\/fr\/wp-json\/wp\/v2\/product_cat?post=327028"},{"taxonomy":"product_tag","embeddable":true,"href":"https:\/\/theuncommonshop.ch\/fr\/wp-json\/wp\/v2\/product_tag?post=327028"}],"curies":[{"name":"wp","href":"https:\/\/api.w.org\/{rel}","templated":true}]}}