{"id":327000,"date":"2025-06-03T12:59:25","date_gmt":"2025-06-03T12:59:25","guid":{"rendered":"http:\/\/theuncommonshop.ch\/produkt\/327000\/"},"modified":"2026-03-28T17:07:17","modified_gmt":"2026-03-28T16:07:17","slug":"yu-gi-oh-albaz-ecclesia-tri-brigade-deckbox-2","status":"publish","type":"product","link":"https:\/\/theuncommonshop.ch\/fr\/product\/yu-gi-oh-albaz-ecclesia-tri-brigade-deckbox-2\/","title":{"rendered":"Yu-Gi-Oh ! &#8211; Albaz-Ecclesia-Tri-Brigade &#8211; Bo\u00eete de deck"},"content":{"rendered":"<div>Il n&#8217;y a rien de mieux pour garder vos objets de valeur qu&#8217;un dragon qui le fait pour vous. Eh bien, faisons-en DEUX dragons. Le Yu-GiOh ! TRADING CARD GAME (TCG) Albaz &#8211; Ecclesia &#8211; Tri-Brigade Deckbox contient les deux monstres de fusion de type dragon f\u00e9roce du Structure Deck : Albaz Strike &#8211; Mirrorjade le Dragon aux Lames de Glace et Lubellion le Dragon Mortel ! Les lames de glace et les flammes br\u00fblantes prot\u00e8gent votre deck non seulement de l&#8217;ext\u00e9rieur, mais aussi de l&#8217;int\u00e9rieur, puisqu&#8217;elles sont repr\u00e9sent\u00e9es sur l&#8217;intercalaire \u00e0 deux faces qui accompagne chaque \u00e9tui de cartes.    <\/div>\n<div>Cette bo\u00eete de deck officielle Yu-Gi-Oh ! TCG est assez grande pour contenir le deck principal, le deck suppl\u00e9mentaire et le side deck d&#8217;un duelliste. Chaque \u00e9tui de cartes est fabriqu\u00e9 dans un mat\u00e9riau r\u00e9sistant, comprend un s\u00e9parateur de cartes et est livr\u00e9 avec une fermeture solide pour s&#8217;assurer que vos cartes restent prot\u00e9g\u00e9es \u00e0 l&#8217;int\u00e9rieur.  <\/div>\n<div>Gardez votre deck en s\u00e9curit\u00e9 et pr\u00e9parez-vous \u00e0 vous battre !<\/div>\n<div><\/div>\n","protected":false},"excerpt":{"rendered":"<p>Il n&#8217;y a rien de mieux pour garder vos objets de valeur qu&#8217;un dragon qui le fait pour vous. Eh<\/p>\n","protected":false},"featured_media":79303,"comment_status":"open","ping_status":"closed","template":"","meta":{"_acf_changed":false},"product_brand":[5074],"product_cat":[10251,9979],"product_tag":[],"class_list":{"0":"post-327000","1":"product","2":"type-product","3":"status-publish","4":"has-post-thumbnail","6":"product_brand-konami","7":"product_cat-boites-de-rangement-yu-gi-oh","8":"product_cat-petites-boites-de-rangement","10":"first","11":"instock","12":"taxable","13":"shipping-taxable","14":"purchasable","15":"product-type-simple"},"acf":[],"yoast_head":"<!-- This site is optimized with the Yoast SEO plugin v27.4 - https:\/\/yoast.com\/product\/yoast-seo-wordpress\/ -->\n<title>Ach\u00e8te Yu-Gi-Oh ! - Albaz-Ecclesia-Tri-Brigade - Bo\u00eete de deck<\/title>\n<meta name=\"description\" content=\"Ach\u00e8te Yu-Gi-Oh ! - Albaz-Ecclesia-Tri-Brigade - Bo\u00eete de deck en ligne maintenant \u00e0 petit prix! Ton #1 shop pour cartes TCG &amp; Pok\u00e9mon en Suisse \u2713 Livraison gratuite d\u00e8s CHF 29\" \/>\n<meta name=\"robots\" content=\"index, follow, max-snippet:-1, max-image-preview:large, max-video-preview:-1\" \/>\n<link rel=\"canonical\" href=\"https:\/\/theuncommonshop.ch\/fr\/product\/yu-gi-oh-albaz-ecclesia-tri-brigade-deckbox-2\/\" \/>\n<meta property=\"og:locale\" content=\"fr_FR\" \/>\n<meta property=\"og:type\" content=\"article\" \/>\n<meta property=\"og:title\" content=\"Ach\u00e8te Yu-Gi-Oh ! - Albaz-Ecclesia-Tri-Brigade - Bo\u00eete de deck\" \/>\n<meta property=\"og:description\" content=\"Ach\u00e8te Yu-Gi-Oh ! - Albaz-Ecclesia-Tri-Brigade - Bo\u00eete de deck en ligne maintenant \u00e0 petit prix! Ton #1 shop pour cartes TCG &amp; Pok\u00e9mon en Suisse \u2713 Livraison gratuite d\u00e8s CHF 29\" \/>\n<meta property=\"og:url\" content=\"https:\/\/theuncommonshop.ch\/fr\/product\/yu-gi-oh-albaz-ecclesia-tri-brigade-deckbox-2\/\" \/>\n<meta property=\"og:site_name\" content=\"Largest trading card shop in Switzerland\" \/>\n<meta property=\"article:modified_time\" content=\"2026-03-28T16:07:17+00:00\" \/>\n<meta property=\"og:image\" content=\"https:\/\/theuncommonshop.ch\/wp-content\/uploads\/2025\/06\/3121331821.jpg\" \/>\n\t<meta property=\"og:image:width\" content=\"350\" \/>\n\t<meta property=\"og:image:height\" content=\"350\" \/>\n\t<meta property=\"og:image:type\" content=\"image\/jpeg\" \/>\n<meta name=\"twitter:card\" content=\"summary_large_image\" \/>\n<meta name=\"twitter:label1\" content=\"Prix\" \/>\n\t<meta name=\"twitter:data1\" content=\"&#067;&#072;&#070;&nbsp;7.95\" \/>\n\t<meta name=\"twitter:label2\" content=\"Disponibilit\u00e9\" \/>\n\t<meta name=\"twitter:data2\" content=\"En stock\" \/>\n<script type=\"application\/ld+json\" class=\"yoast-schema-graph\">{\"@context\":\"https:\\\/\\\/schema.org\",\"@graph\":[{\"@type\":\"WebPage\",\"@id\":\"https:\\\/\\\/theuncommonshop.ch\\\/fr\\\/product\\\/yu-gi-oh-albaz-ecclesia-tri-brigade-deckbox-2\\\/\",\"url\":\"https:\\\/\\\/theuncommonshop.ch\\\/fr\\\/product\\\/yu-gi-oh-albaz-ecclesia-tri-brigade-deckbox-2\\\/\",\"name\":\"Ach\u00e8te Yu-Gi-Oh ! - Albaz-Ecclesia-Tri-Brigade - Bo\u00eete de deck\",\"isPartOf\":{\"@id\":\"https:\\\/\\\/theuncommonshop.ch\\\/#website\"},\"primaryImageOfPage\":{\"@id\":\"https:\\\/\\\/theuncommonshop.ch\\\/fr\\\/product\\\/yu-gi-oh-albaz-ecclesia-tri-brigade-deckbox-2\\\/#primaryimage\"},\"image\":{\"@id\":\"https:\\\/\\\/theuncommonshop.ch\\\/fr\\\/product\\\/yu-gi-oh-albaz-ecclesia-tri-brigade-deckbox-2\\\/#primaryimage\"},\"thumbnailUrl\":\"https:\\\/\\\/theuncommonshop.ch\\\/wp-content\\\/uploads\\\/2025\\\/06\\\/3121331821.jpg\",\"datePublished\":\"2025-06-03T12:59:25+00:00\",\"dateModified\":\"2026-03-28T16:07:17+00:00\",\"description\":\"Ach\u00e8te Yu-Gi-Oh ! - Albaz-Ecclesia-Tri-Brigade - Bo\u00eete de deck en ligne maintenant \u00e0 petit prix! Ton #1 shop pour cartes TCG & Pok\u00e9mon en Suisse \u2713 Livraison gratuite d\u00e8s CHF 29\",\"breadcrumb\":{\"@id\":\"https:\\\/\\\/theuncommonshop.ch\\\/fr\\\/product\\\/yu-gi-oh-albaz-ecclesia-tri-brigade-deckbox-2\\\/#breadcrumb\"},\"inLanguage\":\"fr-FR\",\"potentialAction\":[{\"@type\":\"ReadAction\",\"target\":[\"https:\\\/\\\/theuncommonshop.ch\\\/fr\\\/product\\\/yu-gi-oh-albaz-ecclesia-tri-brigade-deckbox-2\\\/\"]}]},{\"@type\":\"ImageObject\",\"inLanguage\":\"fr-FR\",\"@id\":\"https:\\\/\\\/theuncommonshop.ch\\\/fr\\\/product\\\/yu-gi-oh-albaz-ecclesia-tri-brigade-deckbox-2\\\/#primaryimage\",\"url\":\"https:\\\/\\\/theuncommonshop.ch\\\/wp-content\\\/uploads\\\/2025\\\/06\\\/3121331821.jpg\",\"contentUrl\":\"https:\\\/\\\/theuncommonshop.ch\\\/wp-content\\\/uploads\\\/2025\\\/06\\\/3121331821.jpg\",\"width\":350,\"height\":350},{\"@type\":\"BreadcrumbList\",\"@id\":\"https:\\\/\\\/theuncommonshop.ch\\\/fr\\\/product\\\/yu-gi-oh-albaz-ecclesia-tri-brigade-deckbox-2\\\/#breadcrumb\",\"itemListElement\":[{\"@type\":\"ListItem\",\"position\":1,\"name\":\"Accueil\",\"item\":\"https:\\\/\\\/theuncommonshop.ch\\\/fr\\\/accueil\\\/\"},{\"@type\":\"ListItem\",\"position\":2,\"name\":\"Boutique\",\"item\":\"https:\\\/\\\/theuncommonshop.ch\\\/fr\\\/boutique\\\/\"},{\"@type\":\"ListItem\",\"position\":3,\"name\":\"Accessoires TCG\",\"item\":\"https:\\\/\\\/theuncommonshop.ch\\\/fr\\\/categorie-produit\\\/accessoires-tcg\\\/\"},{\"@type\":\"ListItem\",\"position\":4,\"name\":\"Rangement\",\"item\":\"https:\\\/\\\/theuncommonshop.ch\\\/fr\\\/categorie-produit\\\/accessoires-tcg\\\/rangement\\\/\"},{\"@type\":\"ListItem\",\"position\":5,\"name\":\"Petites bo\u00eetes de rangement\",\"item\":\"https:\\\/\\\/theuncommonshop.ch\\\/fr\\\/categorie-produit\\\/accessoires-tcg\\\/rangement\\\/petites-boites-de-rangement\\\/\"},{\"@type\":\"ListItem\",\"position\":6,\"name\":\"Yu-Gi-Oh ! &#8211; Albaz-Ecclesia-Tri-Brigade &#8211; Bo\u00eete de deck\"}]},{\"@type\":\"WebSite\",\"@id\":\"https:\\\/\\\/theuncommonshop.ch\\\/#website\",\"url\":\"https:\\\/\\\/theuncommonshop.ch\\\/\",\"name\":\"Largest trading card shop in Switzerland\",\"description\":\"Magic, Pok\u00e9mon and Yu-gi-oh - The Uncommon Shop\",\"potentialAction\":[{\"@type\":\"SearchAction\",\"target\":{\"@type\":\"EntryPoint\",\"urlTemplate\":\"https:\\\/\\\/theuncommonshop.ch\\\/?s={search_term_string}\"},\"query-input\":{\"@type\":\"PropertyValueSpecification\",\"valueRequired\":true,\"valueName\":\"search_term_string\"}}],\"inLanguage\":\"fr-FR\"}]}<\/script>\n<meta property=\"product:price:amount\" content=\"7.95\" \/>\n<meta property=\"product:price:currency\" content=\"CHF\" \/>\n<meta property=\"og:availability\" content=\"instock\" \/>\n<meta property=\"product:availability\" content=\"instock\" \/>\n<meta property=\"product:retailer_item_id\" content=\"23322\" \/>\n<meta property=\"product:condition\" content=\"new\" \/>\n<!-- \/ Yoast SEO plugin. -->","yoast_head_json":{"title":"Ach\u00e8te Yu-Gi-Oh ! - Albaz-Ecclesia-Tri-Brigade - Bo\u00eete de deck","description":"Ach\u00e8te Yu-Gi-Oh ! - Albaz-Ecclesia-Tri-Brigade - Bo\u00eete de deck en ligne maintenant \u00e0 petit prix! Ton #1 shop pour cartes TCG & Pok\u00e9mon en Suisse \u2713 Livraison gratuite d\u00e8s CHF 29","robots":{"index":"index","follow":"follow","max-snippet":"max-snippet:-1","max-image-preview":"max-image-preview:large","max-video-preview":"max-video-preview:-1"},"canonical":"https:\/\/theuncommonshop.ch\/fr\/product\/yu-gi-oh-albaz-ecclesia-tri-brigade-deckbox-2\/","og_locale":"fr_FR","og_type":"article","og_title":"Ach\u00e8te Yu-Gi-Oh ! - Albaz-Ecclesia-Tri-Brigade - Bo\u00eete de deck","og_description":"Ach\u00e8te Yu-Gi-Oh ! - Albaz-Ecclesia-Tri-Brigade - Bo\u00eete de deck en ligne maintenant \u00e0 petit prix! Ton #1 shop pour cartes TCG & Pok\u00e9mon en Suisse \u2713 Livraison gratuite d\u00e8s CHF 29","og_url":"https:\/\/theuncommonshop.ch\/fr\/product\/yu-gi-oh-albaz-ecclesia-tri-brigade-deckbox-2\/","og_site_name":"Largest trading card shop in Switzerland","article_modified_time":"2026-03-28T16:07:17+00:00","og_image":[{"width":350,"height":350,"url":"https:\/\/theuncommonshop.ch\/wp-content\/uploads\/2025\/06\/3121331821.jpg","type":"image\/jpeg"}],"twitter_card":"summary_large_image","twitter_misc":{"Prix":"&#67;&#72;&#70;&nbsp;7.95","Disponibilit\u00e9":"En stock"},"schema":{"@context":"https:\/\/schema.org","@graph":[{"@type":"WebPage","@id":"https:\/\/theuncommonshop.ch\/fr\/product\/yu-gi-oh-albaz-ecclesia-tri-brigade-deckbox-2\/","url":"https:\/\/theuncommonshop.ch\/fr\/product\/yu-gi-oh-albaz-ecclesia-tri-brigade-deckbox-2\/","name":"Ach\u00e8te Yu-Gi-Oh ! - Albaz-Ecclesia-Tri-Brigade - Bo\u00eete de deck","isPartOf":{"@id":"https:\/\/theuncommonshop.ch\/#website"},"primaryImageOfPage":{"@id":"https:\/\/theuncommonshop.ch\/fr\/product\/yu-gi-oh-albaz-ecclesia-tri-brigade-deckbox-2\/#primaryimage"},"image":{"@id":"https:\/\/theuncommonshop.ch\/fr\/product\/yu-gi-oh-albaz-ecclesia-tri-brigade-deckbox-2\/#primaryimage"},"thumbnailUrl":"https:\/\/theuncommonshop.ch\/wp-content\/uploads\/2025\/06\/3121331821.jpg","datePublished":"2025-06-03T12:59:25+00:00","dateModified":"2026-03-28T16:07:17+00:00","description":"Ach\u00e8te Yu-Gi-Oh ! - Albaz-Ecclesia-Tri-Brigade - Bo\u00eete de deck en ligne maintenant \u00e0 petit prix! Ton #1 shop pour cartes TCG & Pok\u00e9mon en Suisse \u2713 Livraison gratuite d\u00e8s CHF 29","breadcrumb":{"@id":"https:\/\/theuncommonshop.ch\/fr\/product\/yu-gi-oh-albaz-ecclesia-tri-brigade-deckbox-2\/#breadcrumb"},"inLanguage":"fr-FR","potentialAction":[{"@type":"ReadAction","target":["https:\/\/theuncommonshop.ch\/fr\/product\/yu-gi-oh-albaz-ecclesia-tri-brigade-deckbox-2\/"]}]},{"@type":"ImageObject","inLanguage":"fr-FR","@id":"https:\/\/theuncommonshop.ch\/fr\/product\/yu-gi-oh-albaz-ecclesia-tri-brigade-deckbox-2\/#primaryimage","url":"https:\/\/theuncommonshop.ch\/wp-content\/uploads\/2025\/06\/3121331821.jpg","contentUrl":"https:\/\/theuncommonshop.ch\/wp-content\/uploads\/2025\/06\/3121331821.jpg","width":350,"height":350},{"@type":"BreadcrumbList","@id":"https:\/\/theuncommonshop.ch\/fr\/product\/yu-gi-oh-albaz-ecclesia-tri-brigade-deckbox-2\/#breadcrumb","itemListElement":[{"@type":"ListItem","position":1,"name":"Accueil","item":"https:\/\/theuncommonshop.ch\/fr\/accueil\/"},{"@type":"ListItem","position":2,"name":"Boutique","item":"https:\/\/theuncommonshop.ch\/fr\/boutique\/"},{"@type":"ListItem","position":3,"name":"Accessoires TCG","item":"https:\/\/theuncommonshop.ch\/fr\/categorie-produit\/accessoires-tcg\/"},{"@type":"ListItem","position":4,"name":"Rangement","item":"https:\/\/theuncommonshop.ch\/fr\/categorie-produit\/accessoires-tcg\/rangement\/"},{"@type":"ListItem","position":5,"name":"Petites bo\u00eetes de rangement","item":"https:\/\/theuncommonshop.ch\/fr\/categorie-produit\/accessoires-tcg\/rangement\/petites-boites-de-rangement\/"},{"@type":"ListItem","position":6,"name":"Yu-Gi-Oh ! &#8211; Albaz-Ecclesia-Tri-Brigade &#8211; Bo\u00eete de deck"}]},{"@type":"WebSite","@id":"https:\/\/theuncommonshop.ch\/#website","url":"https:\/\/theuncommonshop.ch\/","name":"Largest trading card shop in Switzerland","description":"Magic, Pok\u00e9mon and Yu-gi-oh - The Uncommon Shop","potentialAction":[{"@type":"SearchAction","target":{"@type":"EntryPoint","urlTemplate":"https:\/\/theuncommonshop.ch\/?s={search_term_string}"},"query-input":{"@type":"PropertyValueSpecification","valueRequired":true,"valueName":"search_term_string"}}],"inLanguage":"fr-FR"}]},"product_price_amount":"7.95","product_price_currency":"CHF","og_availability":"instock","product_availability":"instock","product_retailer_item_id":"23322","product_condition":"new"},"_links":{"self":[{"href":"https:\/\/theuncommonshop.ch\/fr\/wp-json\/wp\/v2\/product\/327000","targetHints":{"allow":["GET"]}}],"collection":[{"href":"https:\/\/theuncommonshop.ch\/fr\/wp-json\/wp\/v2\/product"}],"about":[{"href":"https:\/\/theuncommonshop.ch\/fr\/wp-json\/wp\/v2\/types\/product"}],"replies":[{"embeddable":true,"href":"https:\/\/theuncommonshop.ch\/fr\/wp-json\/wp\/v2\/comments?post=327000"}],"version-history":[{"count":2,"href":"https:\/\/theuncommonshop.ch\/fr\/wp-json\/wp\/v2\/product\/327000\/revisions"}],"predecessor-version":[{"id":355425,"href":"https:\/\/theuncommonshop.ch\/fr\/wp-json\/wp\/v2\/product\/327000\/revisions\/355425"}],"wp:featuredmedia":[{"embeddable":true,"href":"https:\/\/theuncommonshop.ch\/fr\/wp-json\/wp\/v2\/media\/79303"}],"wp:attachment":[{"href":"https:\/\/theuncommonshop.ch\/fr\/wp-json\/wp\/v2\/media?parent=327000"}],"wp:term":[{"taxonomy":"product_brand","embeddable":true,"href":"https:\/\/theuncommonshop.ch\/fr\/wp-json\/wp\/v2\/product_brand?post=327000"},{"taxonomy":"product_cat","embeddable":true,"href":"https:\/\/theuncommonshop.ch\/fr\/wp-json\/wp\/v2\/product_cat?post=327000"},{"taxonomy":"product_tag","embeddable":true,"href":"https:\/\/theuncommonshop.ch\/fr\/wp-json\/wp\/v2\/product_tag?post=327000"}],"curies":[{"name":"wp","href":"https:\/\/api.w.org\/{rel}","templated":true}]}}