{"id":326987,"date":"2025-06-03T12:51:45","date_gmt":"2025-06-03T12:51:45","guid":{"rendered":"http:\/\/theuncommonshop.ch\/produkt\/326987\/"},"modified":"2026-03-31T19:33:55","modified_gmt":"2026-03-31T17:33:55","slug":"weiss-schwarz-fate-grand-order-the-movie-camelot-booster-display-16-packs-en-2","status":"publish","type":"product","link":"https:\/\/theuncommonshop.ch\/fr\/product\/weiss-schwarz-fate-grand-order-the-movie-camelot-booster-display-16-packs-en-2\/","title":{"rendered":"Blanc Noir &#8211; Fate\/Grand Order THE MOVIE Camelot Booster Display (16 Packs)"},"content":{"rendered":"<p>Fate\/Grand Order THE MOVIE Divine Realm of the Round Table : Camelot&#8221; rejoint la line-up de Wei\u00df Schwarz !<\/p>\n<p>Des sc\u00e8nes du premier film &#8220;Wandering : Agateram&#8221; et du deuxi\u00e8me film &#8220;Paladin : Agateram&#8221; sont captur\u00e9es dans des cartes !<\/p>\n<p>Ce Deck Set est \u00e0 attendre avec impatience, que vous commenciez un nouveau deck ou que vous poss\u00e9diez d\u00e9j\u00e0 un deck &#8220;Fate\/Grand Order&#8221; !<\/p>\n<p>Chaque Packs que vous achetez a une chance de contenir une carte SP vierge !<\/p>\n<p>*Please be informed that the artwork for the SP cards have been modified from the Japanese Edition.<\/p>\n<p>CONSTRUCTION DE PONT NEO-STANDARD<\/p>\n<p>Les cartes de ce Booster Packs peuvent \u00eatre utilis\u00e9es avec des cartes dont le num\u00e9ro de carte commence par \u300cFGO\/\u300d. !<\/p>\n<p>Compatible avec les produits neo-standard suivants :<\/p>\n<p>-Trial Deck+Fate\/Grand Order Absolute Demonic Front : Babylonia<br \/>-Booster Pack Fate\/Grand Order Absolute Demonic Front : Babylonia<\/p>\n<p>Objets sp\u00e9ciaux !!<\/p>\n<p>-1 de 4 cartes PR exclusives dans chaque bo\u00eete de pr\u00e9sentation !<br \/>-1 Edition anglaise exclusive Playmat cousu inclus dans chaque bo\u00eete !<\/p>\n<p>Sp\u00e9cifications des produits<\/p>\n<p>Total 100 types de cartes + 40 types (parall\u00e8les)<br \/>9 cartes par pack, 16 packs par pr\u00e9sentoir<br \/>18 pr\u00e9sentoirs par carton<\/p>\n<p>\u203bBlanc Noir (English Edition) ne comprend pas le coupon de campagne or\/argent.<\/p>\n<p><iframe style=\"width: 500px; height: 281px;\" src=\"https:\/\/www.youtube.com\/embed\/Tw8Zbtxeipc\" frameborder=\"0\" allowfullscreen=\"\"><\/iframe><\/p>\n","protected":false},"excerpt":{"rendered":"<p>Fate\/Grand Order THE MOVIE Divine Realm of the Round Table : Camelot&#8221; rejoint la line-up de Wei\u00df Schwarz ! Des<\/p>\n","protected":false},"featured_media":79072,"comment_status":"open","ping_status":"closed","template":"","meta":{"_acf_changed":false},"product_brand":[5102],"product_cat":[10021,9793],"product_tag":[],"class_list":{"0":"post-326987","1":"product","2":"type-product","3":"status-publish","4":"has-post-thumbnail","6":"product_brand-bushiroad","7":"product_cat-booster-displays-weiss-schwarz","8":"product_cat-weissschwarz","10":"first","11":"outofstock","12":"taxable","13":"shipping-taxable","14":"purchasable","15":"product-type-simple"},"acf":[],"yoast_head":"<!-- This site is optimized with the Yoast SEO plugin v27.4 - https:\/\/yoast.com\/product\/yoast-seo-wordpress\/ -->\n<title>Ach\u00e8te Blanc Noir - Fate\/Grand Order THE MOVIE Camelot Booster Display (16 Packs)<\/title>\n<meta name=\"description\" content=\"Ach\u00e8te Blanc Noir - Fate\/Grand Order THE MOVIE Camelot Booster Display (16 Packs) en ligne maintenant \u00e0 petit prix! Ton #1 shop pour cartes TCG &amp; Pok\u00e9mon en Suisse \u2713 Livraison gratuite d\u00e8s CHF 29\" \/>\n<meta name=\"robots\" content=\"index, follow, max-snippet:-1, max-image-preview:large, max-video-preview:-1\" \/>\n<link rel=\"canonical\" href=\"https:\/\/theuncommonshop.ch\/fr\/product\/weiss-schwarz-fate-grand-order-the-movie-camelot-booster-display-16-packs-en-2\/\" \/>\n<meta property=\"og:locale\" content=\"fr_FR\" \/>\n<meta property=\"og:type\" content=\"article\" \/>\n<meta property=\"og:title\" content=\"Ach\u00e8te Blanc Noir - Fate\/Grand Order THE MOVIE Camelot Booster Display (16 Packs)\" \/>\n<meta property=\"og:description\" content=\"Ach\u00e8te Blanc Noir - Fate\/Grand Order THE MOVIE Camelot Booster Display (16 Packs) en ligne maintenant \u00e0 petit prix! Ton #1 shop pour cartes TCG &amp; Pok\u00e9mon en Suisse \u2713 Livraison gratuite d\u00e8s CHF 29\" \/>\n<meta property=\"og:url\" content=\"https:\/\/theuncommonshop.ch\/fr\/product\/weiss-schwarz-fate-grand-order-the-movie-camelot-booster-display-16-packs-en-2\/\" \/>\n<meta property=\"og:site_name\" content=\"Largest trading card shop in Switzerland\" \/>\n<meta property=\"article:modified_time\" content=\"2026-03-31T17:33:55+00:00\" \/>\n<meta property=\"og:image\" content=\"https:\/\/theuncommonshop.ch\/wp-content\/uploads\/2025\/06\/3116243379.jpg\" \/>\n\t<meta property=\"og:image:width\" content=\"210\" \/>\n\t<meta property=\"og:image:height\" content=\"335\" \/>\n\t<meta property=\"og:image:type\" content=\"image\/jpeg\" \/>\n<meta name=\"twitter:card\" content=\"summary_large_image\" \/>\n<meta name=\"twitter:label1\" content=\"Prix\" \/>\n\t<meta name=\"twitter:data1\" content=\"&#067;&#072;&#070;&nbsp;79.95\" \/>\n\t<meta name=\"twitter:label2\" content=\"Disponibilit\u00e9\" \/>\n\t<meta name=\"twitter:data2\" content=\"Rupture de stock\" \/>\n<script type=\"application\/ld+json\" class=\"yoast-schema-graph\">{\"@context\":\"https:\\\/\\\/schema.org\",\"@graph\":[{\"@type\":\"WebPage\",\"@id\":\"https:\\\/\\\/theuncommonshop.ch\\\/fr\\\/product\\\/weiss-schwarz-fate-grand-order-the-movie-camelot-booster-display-16-packs-en-2\\\/\",\"url\":\"https:\\\/\\\/theuncommonshop.ch\\\/fr\\\/product\\\/weiss-schwarz-fate-grand-order-the-movie-camelot-booster-display-16-packs-en-2\\\/\",\"name\":\"Ach\u00e8te Blanc Noir - Fate\\\/Grand Order THE MOVIE Camelot Booster Display (16 Packs)\",\"isPartOf\":{\"@id\":\"https:\\\/\\\/theuncommonshop.ch\\\/#website\"},\"primaryImageOfPage\":{\"@id\":\"https:\\\/\\\/theuncommonshop.ch\\\/fr\\\/product\\\/weiss-schwarz-fate-grand-order-the-movie-camelot-booster-display-16-packs-en-2\\\/#primaryimage\"},\"image\":{\"@id\":\"https:\\\/\\\/theuncommonshop.ch\\\/fr\\\/product\\\/weiss-schwarz-fate-grand-order-the-movie-camelot-booster-display-16-packs-en-2\\\/#primaryimage\"},\"thumbnailUrl\":\"https:\\\/\\\/theuncommonshop.ch\\\/wp-content\\\/uploads\\\/2025\\\/06\\\/3116243379.jpg\",\"datePublished\":\"2025-06-03T12:51:45+00:00\",\"dateModified\":\"2026-03-31T17:33:55+00:00\",\"description\":\"Ach\u00e8te Blanc Noir - Fate\\\/Grand Order THE MOVIE Camelot Booster Display (16 Packs) en ligne maintenant \u00e0 petit prix! Ton #1 shop pour cartes TCG & Pok\u00e9mon en Suisse \u2713 Livraison gratuite d\u00e8s CHF 29\",\"breadcrumb\":{\"@id\":\"https:\\\/\\\/theuncommonshop.ch\\\/fr\\\/product\\\/weiss-schwarz-fate-grand-order-the-movie-camelot-booster-display-16-packs-en-2\\\/#breadcrumb\"},\"inLanguage\":\"fr-FR\",\"potentialAction\":[{\"@type\":\"ReadAction\",\"target\":[\"https:\\\/\\\/theuncommonshop.ch\\\/fr\\\/product\\\/weiss-schwarz-fate-grand-order-the-movie-camelot-booster-display-16-packs-en-2\\\/\"]}]},{\"@type\":\"ImageObject\",\"inLanguage\":\"fr-FR\",\"@id\":\"https:\\\/\\\/theuncommonshop.ch\\\/fr\\\/product\\\/weiss-schwarz-fate-grand-order-the-movie-camelot-booster-display-16-packs-en-2\\\/#primaryimage\",\"url\":\"https:\\\/\\\/theuncommonshop.ch\\\/wp-content\\\/uploads\\\/2025\\\/06\\\/3116243379.jpg\",\"contentUrl\":\"https:\\\/\\\/theuncommonshop.ch\\\/wp-content\\\/uploads\\\/2025\\\/06\\\/3116243379.jpg\",\"width\":210,\"height\":335},{\"@type\":\"BreadcrumbList\",\"@id\":\"https:\\\/\\\/theuncommonshop.ch\\\/fr\\\/product\\\/weiss-schwarz-fate-grand-order-the-movie-camelot-booster-display-16-packs-en-2\\\/#breadcrumb\",\"itemListElement\":[{\"@type\":\"ListItem\",\"position\":1,\"name\":\"Accueil\",\"item\":\"https:\\\/\\\/theuncommonshop.ch\\\/fr\\\/accueil\\\/\"},{\"@type\":\"ListItem\",\"position\":2,\"name\":\"Boutique\",\"item\":\"https:\\\/\\\/theuncommonshop.ch\\\/fr\\\/boutique\\\/\"},{\"@type\":\"ListItem\",\"position\":3,\"name\":\"Weitere Sammelkarten\",\"item\":\"https:\\\/\\\/theuncommonshop.ch\\\/produktkategorie\\\/weitere-sammelkarten\\\/\"},{\"@type\":\"ListItem\",\"position\":4,\"name\":\"Weiss\\\/Schwarz\",\"item\":\"https:\\\/\\\/theuncommonshop.ch\\\/produktkategorie\\\/weitere-sammelkarten\\\/weiss-schwarz\\\/\"},{\"@type\":\"ListItem\",\"position\":5,\"name\":\"Booster Displays\",\"item\":\"https:\\\/\\\/theuncommonshop.ch\\\/produktkategorie\\\/weitere-sammelkarten\\\/weiss-schwarz\\\/weissschwarz-booster-displays\\\/\"},{\"@type\":\"ListItem\",\"position\":6,\"name\":\"Blanc Noir &#8211; Fate\\\/Grand Order THE MOVIE Camelot Booster Display (16 Packs)\"}]},{\"@type\":\"WebSite\",\"@id\":\"https:\\\/\\\/theuncommonshop.ch\\\/#website\",\"url\":\"https:\\\/\\\/theuncommonshop.ch\\\/\",\"name\":\"Largest trading card shop in Switzerland\",\"description\":\"Magic, Pok\u00e9mon and Yu-gi-oh - The Uncommon Shop\",\"potentialAction\":[{\"@type\":\"SearchAction\",\"target\":{\"@type\":\"EntryPoint\",\"urlTemplate\":\"https:\\\/\\\/theuncommonshop.ch\\\/?s={search_term_string}\"},\"query-input\":{\"@type\":\"PropertyValueSpecification\",\"valueRequired\":true,\"valueName\":\"search_term_string\"}}],\"inLanguage\":\"fr-FR\"}]}<\/script>\n<meta property=\"product:price:amount\" content=\"79.95\" \/>\n<meta property=\"product:price:currency\" content=\"CHF\" \/>\n<meta property=\"og:availability\" content=\"out of stock\" \/>\n<meta property=\"product:availability\" content=\"out of stock\" \/>\n<meta property=\"product:retailer_item_id\" content=\"WS.I.A.FateDis.EN\" \/>\n<meta property=\"product:condition\" content=\"new\" \/>\n<!-- \/ Yoast SEO plugin. -->","yoast_head_json":{"title":"Ach\u00e8te Blanc Noir - Fate\/Grand Order THE MOVIE Camelot Booster Display (16 Packs)","description":"Ach\u00e8te Blanc Noir - Fate\/Grand Order THE MOVIE Camelot Booster Display (16 Packs) en ligne maintenant \u00e0 petit prix! Ton #1 shop pour cartes TCG & Pok\u00e9mon en Suisse \u2713 Livraison gratuite d\u00e8s CHF 29","robots":{"index":"index","follow":"follow","max-snippet":"max-snippet:-1","max-image-preview":"max-image-preview:large","max-video-preview":"max-video-preview:-1"},"canonical":"https:\/\/theuncommonshop.ch\/fr\/product\/weiss-schwarz-fate-grand-order-the-movie-camelot-booster-display-16-packs-en-2\/","og_locale":"fr_FR","og_type":"article","og_title":"Ach\u00e8te Blanc Noir - Fate\/Grand Order THE MOVIE Camelot Booster Display (16 Packs)","og_description":"Ach\u00e8te Blanc Noir - Fate\/Grand Order THE MOVIE Camelot Booster Display (16 Packs) en ligne maintenant \u00e0 petit prix! Ton #1 shop pour cartes TCG & Pok\u00e9mon en Suisse \u2713 Livraison gratuite d\u00e8s CHF 29","og_url":"https:\/\/theuncommonshop.ch\/fr\/product\/weiss-schwarz-fate-grand-order-the-movie-camelot-booster-display-16-packs-en-2\/","og_site_name":"Largest trading card shop in Switzerland","article_modified_time":"2026-03-31T17:33:55+00:00","og_image":[{"width":210,"height":335,"url":"https:\/\/theuncommonshop.ch\/wp-content\/uploads\/2025\/06\/3116243379.jpg","type":"image\/jpeg"}],"twitter_card":"summary_large_image","twitter_misc":{"Prix":"&#67;&#72;&#70;&nbsp;79.95","Disponibilit\u00e9":"Rupture de stock"},"schema":{"@context":"https:\/\/schema.org","@graph":[{"@type":"WebPage","@id":"https:\/\/theuncommonshop.ch\/fr\/product\/weiss-schwarz-fate-grand-order-the-movie-camelot-booster-display-16-packs-en-2\/","url":"https:\/\/theuncommonshop.ch\/fr\/product\/weiss-schwarz-fate-grand-order-the-movie-camelot-booster-display-16-packs-en-2\/","name":"Ach\u00e8te Blanc Noir - Fate\/Grand Order THE MOVIE Camelot Booster Display (16 Packs)","isPartOf":{"@id":"https:\/\/theuncommonshop.ch\/#website"},"primaryImageOfPage":{"@id":"https:\/\/theuncommonshop.ch\/fr\/product\/weiss-schwarz-fate-grand-order-the-movie-camelot-booster-display-16-packs-en-2\/#primaryimage"},"image":{"@id":"https:\/\/theuncommonshop.ch\/fr\/product\/weiss-schwarz-fate-grand-order-the-movie-camelot-booster-display-16-packs-en-2\/#primaryimage"},"thumbnailUrl":"https:\/\/theuncommonshop.ch\/wp-content\/uploads\/2025\/06\/3116243379.jpg","datePublished":"2025-06-03T12:51:45+00:00","dateModified":"2026-03-31T17:33:55+00:00","description":"Ach\u00e8te Blanc Noir - Fate\/Grand Order THE MOVIE Camelot Booster Display (16 Packs) en ligne maintenant \u00e0 petit prix! Ton #1 shop pour cartes TCG & Pok\u00e9mon en Suisse \u2713 Livraison gratuite d\u00e8s CHF 29","breadcrumb":{"@id":"https:\/\/theuncommonshop.ch\/fr\/product\/weiss-schwarz-fate-grand-order-the-movie-camelot-booster-display-16-packs-en-2\/#breadcrumb"},"inLanguage":"fr-FR","potentialAction":[{"@type":"ReadAction","target":["https:\/\/theuncommonshop.ch\/fr\/product\/weiss-schwarz-fate-grand-order-the-movie-camelot-booster-display-16-packs-en-2\/"]}]},{"@type":"ImageObject","inLanguage":"fr-FR","@id":"https:\/\/theuncommonshop.ch\/fr\/product\/weiss-schwarz-fate-grand-order-the-movie-camelot-booster-display-16-packs-en-2\/#primaryimage","url":"https:\/\/theuncommonshop.ch\/wp-content\/uploads\/2025\/06\/3116243379.jpg","contentUrl":"https:\/\/theuncommonshop.ch\/wp-content\/uploads\/2025\/06\/3116243379.jpg","width":210,"height":335},{"@type":"BreadcrumbList","@id":"https:\/\/theuncommonshop.ch\/fr\/product\/weiss-schwarz-fate-grand-order-the-movie-camelot-booster-display-16-packs-en-2\/#breadcrumb","itemListElement":[{"@type":"ListItem","position":1,"name":"Accueil","item":"https:\/\/theuncommonshop.ch\/fr\/accueil\/"},{"@type":"ListItem","position":2,"name":"Boutique","item":"https:\/\/theuncommonshop.ch\/fr\/boutique\/"},{"@type":"ListItem","position":3,"name":"Weitere Sammelkarten","item":"https:\/\/theuncommonshop.ch\/produktkategorie\/weitere-sammelkarten\/"},{"@type":"ListItem","position":4,"name":"Weiss\/Schwarz","item":"https:\/\/theuncommonshop.ch\/produktkategorie\/weitere-sammelkarten\/weiss-schwarz\/"},{"@type":"ListItem","position":5,"name":"Booster Displays","item":"https:\/\/theuncommonshop.ch\/produktkategorie\/weitere-sammelkarten\/weiss-schwarz\/weissschwarz-booster-displays\/"},{"@type":"ListItem","position":6,"name":"Blanc Noir &#8211; Fate\/Grand Order THE MOVIE Camelot Booster Display (16 Packs)"}]},{"@type":"WebSite","@id":"https:\/\/theuncommonshop.ch\/#website","url":"https:\/\/theuncommonshop.ch\/","name":"Largest trading card shop in Switzerland","description":"Magic, Pok\u00e9mon and Yu-gi-oh - The Uncommon Shop","potentialAction":[{"@type":"SearchAction","target":{"@type":"EntryPoint","urlTemplate":"https:\/\/theuncommonshop.ch\/?s={search_term_string}"},"query-input":{"@type":"PropertyValueSpecification","valueRequired":true,"valueName":"search_term_string"}}],"inLanguage":"fr-FR"}]},"product_price_amount":"79.95","product_price_currency":"CHF","og_availability":"out of stock","product_availability":"out of stock","product_retailer_item_id":"WS.I.A.FateDis.EN","product_condition":"new"},"_links":{"self":[{"href":"https:\/\/theuncommonshop.ch\/fr\/wp-json\/wp\/v2\/product\/326987","targetHints":{"allow":["GET"]}}],"collection":[{"href":"https:\/\/theuncommonshop.ch\/fr\/wp-json\/wp\/v2\/product"}],"about":[{"href":"https:\/\/theuncommonshop.ch\/fr\/wp-json\/wp\/v2\/types\/product"}],"replies":[{"embeddable":true,"href":"https:\/\/theuncommonshop.ch\/fr\/wp-json\/wp\/v2\/comments?post=326987"}],"version-history":[{"count":2,"href":"https:\/\/theuncommonshop.ch\/fr\/wp-json\/wp\/v2\/product\/326987\/revisions"}],"predecessor-version":[{"id":365415,"href":"https:\/\/theuncommonshop.ch\/fr\/wp-json\/wp\/v2\/product\/326987\/revisions\/365415"}],"wp:featuredmedia":[{"embeddable":true,"href":"https:\/\/theuncommonshop.ch\/fr\/wp-json\/wp\/v2\/media\/79072"}],"wp:attachment":[{"href":"https:\/\/theuncommonshop.ch\/fr\/wp-json\/wp\/v2\/media?parent=326987"}],"wp:term":[{"taxonomy":"product_brand","embeddable":true,"href":"https:\/\/theuncommonshop.ch\/fr\/wp-json\/wp\/v2\/product_brand?post=326987"},{"taxonomy":"product_cat","embeddable":true,"href":"https:\/\/theuncommonshop.ch\/fr\/wp-json\/wp\/v2\/product_cat?post=326987"},{"taxonomy":"product_tag","embeddable":true,"href":"https:\/\/theuncommonshop.ch\/fr\/wp-json\/wp\/v2\/product_tag?post=326987"}],"curies":[{"name":"wp","href":"https:\/\/api.w.org\/{rel}","templated":true}]}}