{"id":326927,"date":"2025-06-03T12:06:00","date_gmt":"2025-06-03T12:06:00","guid":{"rendered":"http:\/\/theuncommonshop.ch\/produkt\/326927\/"},"modified":"2026-03-28T17:05:31","modified_gmt":"2026-03-28T16:05:31","slug":"metazoo-tribal-theme-deck-salamander-queen-en-2nd-edition-3","status":"publish","type":"product","link":"https:\/\/theuncommonshop.ch\/fr\/product\/metazoo-tribal-theme-deck-salamander-queen-en-2nd-edition-3\/","title":{"rendered":"MetaZoo Tribal Theme Deck : Salamander Queen EN (2\u00e8me \u00e9dition)"},"content":{"rendered":"<p>Nation cryptique<\/p>\n<div>La magie est r\u00e9elle&#8230; la vraie magie est partout !<\/div>\n<div>Je dirais bienvenue dans le monde de MetaZoo, mais MetaZoo est notre monde ! La magie a \u00e9t\u00e9 cach\u00e9e derri\u00e8re un grand voile \u00e9rig\u00e9 par des personnages myst\u00e9rieux il y a plus de 1000 ans. C&#8217;est pourquoi la magie et l&#8217;accomplissement de miracles ont disparu de nos croyances populaires collectives et sont devenus l&#8217;objet de mythes et de l\u00e9gendes.  <\/div>\n<div>Mais&#8230; le Grand Voile s&#8217;est maintenant d\u00e9chir\u00e9 dans des circonstances encore plus myst\u00e9rieuses&#8230; et maintenant, les b\u00eates, les sorts et les artefacts qui existent dans notre monde, mais qui \u00e9taient autrefois cach\u00e9s, sont maintenant entre vos mains !<\/div>\n<div><\/div>\n<div>Avez-vous ce qu&#8217;il faut pour devenir un ma\u00eetre magicien ?<\/div>\n<div><\/div>\n<div>MetaZoo\u2122 est un jeu de cartes \u00e0 collectionner dont les m\u00e9canismes r\u00e9volutionnaires brisent le quatri\u00e8me mur. Choisissez bien l&#8217;endroit o\u00f9 vous jouez, car votre environnement d\u00e9termine la puissance de vos cartes ! Utilisez des sorts d&#8217;eau lorsqu&#8217;il pleut pour augmenter leur efficacit\u00e9, et combinez des b\u00eates sombres la nuit pour accro\u00eetre leur puissance. La puissance d&#8217;un deck d\u00e9pend de l&#8217;ar\u00e8ne dans laquelle il se trouve !   <\/div>\n<div>Vous voulez commencer \u00e0 vous battre imm\u00e9diatement ? Pour les plus comp\u00e9titifs d&#8217;entre nous, il existe cinq coffrets \u00e0 th\u00e8me tribal uniques avec des decks pr\u00e9-construits. Apprenez \u00e0 jouer et prenez une longueur d&#8217;avance sur vos concurrents !  <\/div>\n<p><\/p>\n","protected":false},"excerpt":{"rendered":"<p>Nation cryptique La magie est r\u00e9elle&#8230; la vraie magie est partout ! Je dirais bienvenue dans le monde de MetaZoo,<\/p>\n","protected":false},"featured_media":77729,"comment_status":"open","ping_status":"closed","template":"","meta":{"_acf_changed":false},"product_brand":[5110],"product_cat":[9795],"product_tag":[],"class_list":{"0":"post-326927","1":"product","2":"type-product","3":"status-publish","4":"has-post-thumbnail","6":"product_brand-metazoo-games","7":"product_cat-metazoo-fr","9":"first","10":"instock","11":"taxable","12":"shipping-taxable","13":"purchasable","14":"product-type-simple"},"acf":[],"yoast_head":"<!-- This site is optimized with the Yoast SEO plugin v27.4 - https:\/\/yoast.com\/product\/yoast-seo-wordpress\/ -->\n<title>Ach\u00e8te MetaZoo Tribal Theme Deck : Salamander Queen EN (2\u00e8me \u00e9dition)<\/title>\n<meta name=\"description\" content=\"Ach\u00e8te MetaZoo Tribal Theme Deck : Salamander Queen EN (2\u00e8me \u00e9dition) en ligne maintenant \u00e0 petit prix! Ton #1 shop pour cartes TCG &amp; Pok\u00e9mon en Suisse \u2713 Livraison gratuite d\u00e8s CHF 29\" \/>\n<meta name=\"robots\" content=\"index, follow, max-snippet:-1, max-image-preview:large, max-video-preview:-1\" \/>\n<link rel=\"canonical\" href=\"https:\/\/theuncommonshop.ch\/fr\/product\/metazoo-tribal-theme-deck-salamander-queen-en-2nd-edition-3\/\" \/>\n<meta property=\"og:locale\" content=\"fr_FR\" \/>\n<meta property=\"og:type\" content=\"article\" \/>\n<meta property=\"og:title\" content=\"Ach\u00e8te MetaZoo Tribal Theme Deck : Salamander Queen EN (2\u00e8me \u00e9dition)\" \/>\n<meta property=\"og:description\" content=\"Ach\u00e8te MetaZoo Tribal Theme Deck : Salamander Queen EN (2\u00e8me \u00e9dition) en ligne maintenant \u00e0 petit prix! Ton #1 shop pour cartes TCG &amp; Pok\u00e9mon en Suisse \u2713 Livraison gratuite d\u00e8s CHF 29\" \/>\n<meta property=\"og:url\" content=\"https:\/\/theuncommonshop.ch\/fr\/product\/metazoo-tribal-theme-deck-salamander-queen-en-2nd-edition-3\/\" \/>\n<meta property=\"og:site_name\" content=\"The Uncommon Shop\" \/>\n<meta property=\"article:modified_time\" content=\"2026-03-28T16:05:31+00:00\" \/>\n<meta property=\"og:image\" content=\"https:\/\/theuncommonshop.ch\/wp-content\/uploads\/2025\/06\/3110247537.jpg\" \/>\n\t<meta property=\"og:image:width\" content=\"500\" \/>\n\t<meta property=\"og:image:height\" content=\"500\" \/>\n\t<meta property=\"og:image:type\" content=\"image\/jpeg\" \/>\n<meta name=\"twitter:card\" content=\"summary_large_image\" \/>\n<meta name=\"twitter:label1\" content=\"Prix\" \/>\n\t<meta name=\"twitter:data1\" content=\"&#067;&#072;&#070;&nbsp;10.95\" \/>\n\t<meta name=\"twitter:label2\" content=\"Disponibilit\u00e9\" \/>\n\t<meta name=\"twitter:data2\" content=\"En stock\" \/>\n<script type=\"application\/ld+json\" class=\"yoast-schema-graph\">{\"@context\":\"https:\\\/\\\/schema.org\",\"@graph\":[{\"@type\":\"WebPage\",\"@id\":\"https:\\\/\\\/theuncommonshop.ch\\\/fr\\\/product\\\/metazoo-tribal-theme-deck-salamander-queen-en-2nd-edition-3\\\/\",\"url\":\"https:\\\/\\\/theuncommonshop.ch\\\/fr\\\/product\\\/metazoo-tribal-theme-deck-salamander-queen-en-2nd-edition-3\\\/\",\"name\":\"Ach\u00e8te MetaZoo Tribal Theme Deck : Salamander Queen EN (2\u00e8me \u00e9dition)\",\"isPartOf\":{\"@id\":\"https:\\\/\\\/theuncommonshop.ch\\\/fr\\\/#website\"},\"primaryImageOfPage\":{\"@id\":\"https:\\\/\\\/theuncommonshop.ch\\\/fr\\\/product\\\/metazoo-tribal-theme-deck-salamander-queen-en-2nd-edition-3\\\/#primaryimage\"},\"image\":{\"@id\":\"https:\\\/\\\/theuncommonshop.ch\\\/fr\\\/product\\\/metazoo-tribal-theme-deck-salamander-queen-en-2nd-edition-3\\\/#primaryimage\"},\"thumbnailUrl\":\"https:\\\/\\\/theuncommonshop.ch\\\/wp-content\\\/uploads\\\/2025\\\/06\\\/3110247537.jpg\",\"datePublished\":\"2025-06-03T12:06:00+00:00\",\"dateModified\":\"2026-03-28T16:05:31+00:00\",\"description\":\"Ach\u00e8te MetaZoo Tribal Theme Deck : Salamander Queen EN (2\u00e8me \u00e9dition) en ligne maintenant \u00e0 petit prix! Ton #1 shop pour cartes TCG & Pok\u00e9mon en Suisse \u2713 Livraison gratuite d\u00e8s CHF 29\",\"breadcrumb\":{\"@id\":\"https:\\\/\\\/theuncommonshop.ch\\\/fr\\\/product\\\/metazoo-tribal-theme-deck-salamander-queen-en-2nd-edition-3\\\/#breadcrumb\"},\"inLanguage\":\"fr-FR\",\"potentialAction\":[{\"@type\":\"ReadAction\",\"target\":[\"https:\\\/\\\/theuncommonshop.ch\\\/fr\\\/product\\\/metazoo-tribal-theme-deck-salamander-queen-en-2nd-edition-3\\\/\"]}]},{\"@type\":\"ImageObject\",\"inLanguage\":\"fr-FR\",\"@id\":\"https:\\\/\\\/theuncommonshop.ch\\\/fr\\\/product\\\/metazoo-tribal-theme-deck-salamander-queen-en-2nd-edition-3\\\/#primaryimage\",\"url\":\"https:\\\/\\\/theuncommonshop.ch\\\/wp-content\\\/uploads\\\/2025\\\/06\\\/3110247537.jpg\",\"contentUrl\":\"https:\\\/\\\/theuncommonshop.ch\\\/wp-content\\\/uploads\\\/2025\\\/06\\\/3110247537.jpg\",\"width\":500,\"height\":500},{\"@type\":\"BreadcrumbList\",\"@id\":\"https:\\\/\\\/theuncommonshop.ch\\\/fr\\\/product\\\/metazoo-tribal-theme-deck-salamander-queen-en-2nd-edition-3\\\/#breadcrumb\",\"itemListElement\":[{\"@type\":\"ListItem\",\"position\":1,\"name\":\"Accueil\",\"item\":\"https:\\\/\\\/theuncommonshop.ch\\\/fr\\\/accueil\\\/\"},{\"@type\":\"ListItem\",\"position\":2,\"name\":\"Boutique\",\"item\":\"https:\\\/\\\/theuncommonshop.ch\\\/fr\\\/boutique\\\/\"},{\"@type\":\"ListItem\",\"position\":3,\"name\":\"Autres cartes \u00e0 collectionner\",\"item\":\"https:\\\/\\\/theuncommonshop.ch\\\/fr\\\/categorie-produit\\\/autres-cartes-a-collectionner\\\/\"},{\"@type\":\"ListItem\",\"position\":4,\"name\":\"MetaZoo\",\"item\":\"https:\\\/\\\/theuncommonshop.ch\\\/fr\\\/categorie-produit\\\/autres-cartes-a-collectionner\\\/metazoo-fr\\\/\"},{\"@type\":\"ListItem\",\"position\":5,\"name\":\"MetaZoo Tribal Theme Deck : Salamander Queen EN (2\u00e8me \u00e9dition)\"}]},{\"@type\":\"WebSite\",\"@id\":\"https:\\\/\\\/theuncommonshop.ch\\\/fr\\\/#website\",\"url\":\"https:\\\/\\\/theuncommonshop.ch\\\/fr\\\/\",\"name\":\"The Uncommon Shop\",\"description\":\"Magic, Pok\u00e9mon and Yu-gi-oh - The Uncommon Shop\",\"potentialAction\":[{\"@type\":\"SearchAction\",\"target\":{\"@type\":\"EntryPoint\",\"urlTemplate\":\"https:\\\/\\\/theuncommonshop.ch\\\/fr\\\/?s={search_term_string}\"},\"query-input\":{\"@type\":\"PropertyValueSpecification\",\"valueRequired\":true,\"valueName\":\"search_term_string\"}}],\"inLanguage\":\"fr-FR\"}]}<\/script>\n<meta property=\"product:price:amount\" content=\"10.95\" \/>\n<meta property=\"product:price:currency\" content=\"CHF\" \/>\n<meta property=\"og:availability\" content=\"instock\" \/>\n<meta property=\"product:availability\" content=\"instock\" \/>\n<meta property=\"product:retailer_item_id\" content=\"22925\" \/>\n<meta property=\"product:condition\" content=\"new\" \/>\n<!-- \/ Yoast SEO plugin. -->","yoast_head_json":{"title":"Ach\u00e8te MetaZoo Tribal Theme Deck : Salamander Queen EN (2\u00e8me \u00e9dition)","description":"Ach\u00e8te MetaZoo Tribal Theme Deck : Salamander Queen EN (2\u00e8me \u00e9dition) en ligne maintenant \u00e0 petit prix! Ton #1 shop pour cartes TCG & Pok\u00e9mon en Suisse \u2713 Livraison gratuite d\u00e8s CHF 29","robots":{"index":"index","follow":"follow","max-snippet":"max-snippet:-1","max-image-preview":"max-image-preview:large","max-video-preview":"max-video-preview:-1"},"canonical":"https:\/\/theuncommonshop.ch\/fr\/product\/metazoo-tribal-theme-deck-salamander-queen-en-2nd-edition-3\/","og_locale":"fr_FR","og_type":"article","og_title":"Ach\u00e8te MetaZoo Tribal Theme Deck : Salamander Queen EN (2\u00e8me \u00e9dition)","og_description":"Ach\u00e8te MetaZoo Tribal Theme Deck : Salamander Queen EN (2\u00e8me \u00e9dition) en ligne maintenant \u00e0 petit prix! Ton #1 shop pour cartes TCG & Pok\u00e9mon en Suisse \u2713 Livraison gratuite d\u00e8s CHF 29","og_url":"https:\/\/theuncommonshop.ch\/fr\/product\/metazoo-tribal-theme-deck-salamander-queen-en-2nd-edition-3\/","og_site_name":"The Uncommon Shop","article_modified_time":"2026-03-28T16:05:31+00:00","og_image":[{"width":500,"height":500,"url":"https:\/\/theuncommonshop.ch\/wp-content\/uploads\/2025\/06\/3110247537.jpg","type":"image\/jpeg"}],"twitter_card":"summary_large_image","twitter_misc":{"Prix":"&#67;&#72;&#70;&nbsp;10.95","Disponibilit\u00e9":"En stock"},"schema":{"@context":"https:\/\/schema.org","@graph":[{"@type":"WebPage","@id":"https:\/\/theuncommonshop.ch\/fr\/product\/metazoo-tribal-theme-deck-salamander-queen-en-2nd-edition-3\/","url":"https:\/\/theuncommonshop.ch\/fr\/product\/metazoo-tribal-theme-deck-salamander-queen-en-2nd-edition-3\/","name":"Ach\u00e8te MetaZoo Tribal Theme Deck : Salamander Queen EN (2\u00e8me \u00e9dition)","isPartOf":{"@id":"https:\/\/theuncommonshop.ch\/fr\/#website"},"primaryImageOfPage":{"@id":"https:\/\/theuncommonshop.ch\/fr\/product\/metazoo-tribal-theme-deck-salamander-queen-en-2nd-edition-3\/#primaryimage"},"image":{"@id":"https:\/\/theuncommonshop.ch\/fr\/product\/metazoo-tribal-theme-deck-salamander-queen-en-2nd-edition-3\/#primaryimage"},"thumbnailUrl":"https:\/\/theuncommonshop.ch\/wp-content\/uploads\/2025\/06\/3110247537.jpg","datePublished":"2025-06-03T12:06:00+00:00","dateModified":"2026-03-28T16:05:31+00:00","description":"Ach\u00e8te MetaZoo Tribal Theme Deck : Salamander Queen EN (2\u00e8me \u00e9dition) en ligne maintenant \u00e0 petit prix! Ton #1 shop pour cartes TCG & Pok\u00e9mon en Suisse \u2713 Livraison gratuite d\u00e8s CHF 29","breadcrumb":{"@id":"https:\/\/theuncommonshop.ch\/fr\/product\/metazoo-tribal-theme-deck-salamander-queen-en-2nd-edition-3\/#breadcrumb"},"inLanguage":"fr-FR","potentialAction":[{"@type":"ReadAction","target":["https:\/\/theuncommonshop.ch\/fr\/product\/metazoo-tribal-theme-deck-salamander-queen-en-2nd-edition-3\/"]}]},{"@type":"ImageObject","inLanguage":"fr-FR","@id":"https:\/\/theuncommonshop.ch\/fr\/product\/metazoo-tribal-theme-deck-salamander-queen-en-2nd-edition-3\/#primaryimage","url":"https:\/\/theuncommonshop.ch\/wp-content\/uploads\/2025\/06\/3110247537.jpg","contentUrl":"https:\/\/theuncommonshop.ch\/wp-content\/uploads\/2025\/06\/3110247537.jpg","width":500,"height":500},{"@type":"BreadcrumbList","@id":"https:\/\/theuncommonshop.ch\/fr\/product\/metazoo-tribal-theme-deck-salamander-queen-en-2nd-edition-3\/#breadcrumb","itemListElement":[{"@type":"ListItem","position":1,"name":"Accueil","item":"https:\/\/theuncommonshop.ch\/fr\/accueil\/"},{"@type":"ListItem","position":2,"name":"Boutique","item":"https:\/\/theuncommonshop.ch\/fr\/boutique\/"},{"@type":"ListItem","position":3,"name":"Autres cartes \u00e0 collectionner","item":"https:\/\/theuncommonshop.ch\/fr\/categorie-produit\/autres-cartes-a-collectionner\/"},{"@type":"ListItem","position":4,"name":"MetaZoo","item":"https:\/\/theuncommonshop.ch\/fr\/categorie-produit\/autres-cartes-a-collectionner\/metazoo-fr\/"},{"@type":"ListItem","position":5,"name":"MetaZoo Tribal Theme Deck : Salamander Queen EN (2\u00e8me \u00e9dition)"}]},{"@type":"WebSite","@id":"https:\/\/theuncommonshop.ch\/fr\/#website","url":"https:\/\/theuncommonshop.ch\/fr\/","name":"The Uncommon Shop","description":"Magic, Pok\u00e9mon and Yu-gi-oh - The Uncommon Shop","potentialAction":[{"@type":"SearchAction","target":{"@type":"EntryPoint","urlTemplate":"https:\/\/theuncommonshop.ch\/fr\/?s={search_term_string}"},"query-input":{"@type":"PropertyValueSpecification","valueRequired":true,"valueName":"search_term_string"}}],"inLanguage":"fr-FR"}]},"product_price_amount":"10.95","product_price_currency":"CHF","og_availability":"instock","product_availability":"instock","product_retailer_item_id":"22925","product_condition":"new"},"_links":{"self":[{"href":"https:\/\/theuncommonshop.ch\/fr\/wp-json\/wp\/v2\/product\/326927","targetHints":{"allow":["GET"]}}],"collection":[{"href":"https:\/\/theuncommonshop.ch\/fr\/wp-json\/wp\/v2\/product"}],"about":[{"href":"https:\/\/theuncommonshop.ch\/fr\/wp-json\/wp\/v2\/types\/product"}],"replies":[{"embeddable":true,"href":"https:\/\/theuncommonshop.ch\/fr\/wp-json\/wp\/v2\/comments?post=326927"}],"version-history":[{"count":0,"href":"https:\/\/theuncommonshop.ch\/fr\/wp-json\/wp\/v2\/product\/326927\/revisions"}],"wp:featuredmedia":[{"embeddable":true,"href":"https:\/\/theuncommonshop.ch\/fr\/wp-json\/wp\/v2\/media\/77729"}],"wp:attachment":[{"href":"https:\/\/theuncommonshop.ch\/fr\/wp-json\/wp\/v2\/media?parent=326927"}],"wp:term":[{"taxonomy":"product_brand","embeddable":true,"href":"https:\/\/theuncommonshop.ch\/fr\/wp-json\/wp\/v2\/product_brand?post=326927"},{"taxonomy":"product_cat","embeddable":true,"href":"https:\/\/theuncommonshop.ch\/fr\/wp-json\/wp\/v2\/product_cat?post=326927"},{"taxonomy":"product_tag","embeddable":true,"href":"https:\/\/theuncommonshop.ch\/fr\/wp-json\/wp\/v2\/product_tag?post=326927"}],"curies":[{"name":"wp","href":"https:\/\/api.w.org\/{rel}","templated":true}]}}