{"id":326768,"date":"2025-06-03T18:07:29","date_gmt":"2025-06-03T16:07:29","guid":{"rendered":"http:\/\/theuncommonshop.ch\/produkt\/326768\/"},"modified":"2026-03-28T17:46:24","modified_gmt":"2026-03-28T16:46:24","slug":"weiss-schwarz-kaguya-sama-love-is-war-booster-display-16-packs-en-2","status":"publish","type":"product","link":"https:\/\/theuncommonshop.ch\/fr\/product\/weiss-schwarz-kaguya-sama-love-is-war-booster-display-16-packs-en-2\/","title":{"rendered":"Wei\u00df Schwarz &#8211; Kaguya-sama : Love Is War ? Booster Display (16 Packs) &#8211; EN"},"content":{"rendered":"<p>Le TV Anime super populaire &#8220;Kaguya-sama : Love Is War ?&#8221; arrive dans la s\u00e9rie Wei\u00df Schwarz ?<\/p>\n<div>Ce set contient des cartes qui vont bien avec les cartes du set pr\u00e9c\u00e9dent &#8220;Kaguya-sama : Love Is War ?<\/div>\n<div>Cela rendra votre deck encore plus excitant \u00e0 jouer !<\/div>\n<div>Chaque paquet que vous achetez a une chance de contenir une carte SP cach\u00e9e !<\/div>\n<div>Veuillez noter que l&#8217;artwork des cartes SP a \u00e9t\u00e9 modifi\u00e9 par rapport \u00e0 l&#8217;\u00e9dition japonaise. Pour plus de d\u00e9tails, veuillez consulter la page produit de notre site web. <\/div>\n<div><\/div>\n<div>CONSTRUCTION DE PONT NEO-STANDARD<\/div>\n<div>Les cartes de ce Booster Packs peuvent \u00eatre utilis\u00e9es avec des cartes dont le num\u00e9ro de carte commence par \u300cKGL\/\u300d !<\/div>\n<div>Compatible avec les produits Neo standard suivants :<\/div>\n<div>&#8211; Trial Deck+ Kaguya-sama : L&#8217;amour est la guerre<\/div>\n<div>&#8211; Booster Pack Kaguya-sama : L&#8217;amour c&#8217;est la guerre<\/div>\n<div>Articles sp\u00e9ciaux !<\/div>\n<div>&#8211; 1 des 5 cartes PR exclusives dans chaque bo\u00eete pr\u00e9sentoir !<\/div>\n<div>&#8211; 1 Playmat exclusif cousu de l&#8217;\u00e9dition anglaise dans chaque bo\u00eete !<\/div>\n<div><\/div>\n<div>Sp\u00e9cifications du produit<\/div>\n<div>100 types de cartes au total + 53 types (parall\u00e8les)<\/div>\n<div>9 cartes par paquet<\/div>\n<div>16 paquets par pr\u00e9sentoir<\/div>\n<div>18 pr\u00e9sentoirs par carton<\/div>\n<div>\u203bBlanc Noir (English Edition) ne contient pas de bon de campagne or\/argent.<\/div>\n","protected":false},"excerpt":{"rendered":"<p>Le TV Anime super populaire &#8220;Kaguya-sama : Love Is War ?&#8221; arrive dans la s\u00e9rie Wei\u00df Schwarz ? Ce set<\/p>\n","protected":false},"featured_media":86933,"comment_status":"open","ping_status":"closed","template":"","meta":{"_acf_changed":false},"product_brand":[5102],"product_cat":[10021,9793],"product_tag":[],"class_list":{"0":"post-326768","1":"product","2":"type-product","3":"status-publish","4":"has-post-thumbnail","6":"product_brand-bushiroad","7":"product_cat-booster-displays-weiss-schwarz","8":"product_cat-weissschwarz","10":"first","11":"outofstock","12":"taxable","13":"shipping-taxable","14":"purchasable","15":"product-type-simple"},"acf":[],"yoast_head":"<!-- This site is optimized with the Yoast SEO plugin v27.5 - https:\/\/yoast.com\/product\/yoast-seo-wordpress\/ -->\n<title>Ach\u00e8te Wei\u00df Schwarz - Kaguya-sama : Love Is War ? Booster Display (16 Packs) - EN<\/title>\n<meta name=\"description\" content=\"Ach\u00e8te Wei\u00df Schwarz - Kaguya-sama : Love Is War ? Booster Display (16 Packs) - EN en ligne maintenant \u00e0 petit prix! Ton #1 shop pour cartes TCG &amp; Pok\u00e9mon en Suisse \u2713 Livraison gratuite d\u00e8s CHF 29\" \/>\n<meta name=\"robots\" content=\"index, follow, max-snippet:-1, max-image-preview:large, max-video-preview:-1\" \/>\n<link rel=\"canonical\" href=\"https:\/\/theuncommonshop.ch\/fr\/product\/weiss-schwarz-kaguya-sama-love-is-war-booster-display-16-packs-en-2\/\" \/>\n<meta property=\"og:locale\" content=\"fr_FR\" \/>\n<meta property=\"og:type\" content=\"article\" \/>\n<meta property=\"og:title\" content=\"Ach\u00e8te Wei\u00df Schwarz - Kaguya-sama : Love Is War ? Booster Display (16 Packs) - EN\" \/>\n<meta property=\"og:description\" content=\"Ach\u00e8te Wei\u00df Schwarz - Kaguya-sama : Love Is War ? Booster Display (16 Packs) - EN en ligne maintenant \u00e0 petit prix! Ton #1 shop pour cartes TCG &amp; Pok\u00e9mon en Suisse \u2713 Livraison gratuite d\u00e8s CHF 29\" \/>\n<meta property=\"og:url\" content=\"https:\/\/theuncommonshop.ch\/fr\/product\/weiss-schwarz-kaguya-sama-love-is-war-booster-display-16-packs-en-2\/\" \/>\n<meta property=\"og:site_name\" content=\"The Uncommon Shop\" \/>\n<meta property=\"article:modified_time\" content=\"2026-03-28T16:46:24+00:00\" \/>\n<meta property=\"og:image\" content=\"https:\/\/theuncommonshop.ch\/wp-content\/uploads\/2025\/06\/3321354747.jpg\" \/>\n\t<meta property=\"og:image:width\" content=\"350\" \/>\n\t<meta property=\"og:image:height\" content=\"350\" \/>\n\t<meta property=\"og:image:type\" content=\"image\/jpeg\" \/>\n<meta name=\"twitter:card\" content=\"summary_large_image\" \/>\n<meta name=\"twitter:label1\" content=\"Prix\" \/>\n\t<meta name=\"twitter:data1\" content=\"&#067;&#072;&#070;&nbsp;79.95\" \/>\n\t<meta name=\"twitter:label2\" content=\"Disponibilit\u00e9\" \/>\n\t<meta name=\"twitter:data2\" content=\"Rupture de stock\" \/>\n<script type=\"application\/ld+json\" class=\"yoast-schema-graph\">{\"@context\":\"https:\\\/\\\/schema.org\",\"@graph\":[{\"@type\":\"WebPage\",\"@id\":\"https:\\\/\\\/theuncommonshop.ch\\\/fr\\\/product\\\/weiss-schwarz-kaguya-sama-love-is-war-booster-display-16-packs-en-2\\\/\",\"url\":\"https:\\\/\\\/theuncommonshop.ch\\\/fr\\\/product\\\/weiss-schwarz-kaguya-sama-love-is-war-booster-display-16-packs-en-2\\\/\",\"name\":\"Ach\u00e8te Wei\u00df Schwarz - Kaguya-sama : Love Is War ? Booster Display (16 Packs) - EN\",\"isPartOf\":{\"@id\":\"https:\\\/\\\/theuncommonshop.ch\\\/fr\\\/#website\"},\"primaryImageOfPage\":{\"@id\":\"https:\\\/\\\/theuncommonshop.ch\\\/fr\\\/product\\\/weiss-schwarz-kaguya-sama-love-is-war-booster-display-16-packs-en-2\\\/#primaryimage\"},\"image\":{\"@id\":\"https:\\\/\\\/theuncommonshop.ch\\\/fr\\\/product\\\/weiss-schwarz-kaguya-sama-love-is-war-booster-display-16-packs-en-2\\\/#primaryimage\"},\"thumbnailUrl\":\"https:\\\/\\\/theuncommonshop.ch\\\/wp-content\\\/uploads\\\/2025\\\/06\\\/3321354747.jpg\",\"datePublished\":\"2025-06-03T16:07:29+00:00\",\"dateModified\":\"2026-03-28T16:46:24+00:00\",\"description\":\"Ach\u00e8te Wei\u00df Schwarz - Kaguya-sama : Love Is War ? Booster Display (16 Packs) - EN en ligne maintenant \u00e0 petit prix! Ton #1 shop pour cartes TCG & Pok\u00e9mon en Suisse \u2713 Livraison gratuite d\u00e8s CHF 29\",\"breadcrumb\":{\"@id\":\"https:\\\/\\\/theuncommonshop.ch\\\/fr\\\/product\\\/weiss-schwarz-kaguya-sama-love-is-war-booster-display-16-packs-en-2\\\/#breadcrumb\"},\"inLanguage\":\"fr-FR\",\"potentialAction\":[{\"@type\":\"ReadAction\",\"target\":[\"https:\\\/\\\/theuncommonshop.ch\\\/fr\\\/product\\\/weiss-schwarz-kaguya-sama-love-is-war-booster-display-16-packs-en-2\\\/\"]}]},{\"@type\":\"ImageObject\",\"inLanguage\":\"fr-FR\",\"@id\":\"https:\\\/\\\/theuncommonshop.ch\\\/fr\\\/product\\\/weiss-schwarz-kaguya-sama-love-is-war-booster-display-16-packs-en-2\\\/#primaryimage\",\"url\":\"https:\\\/\\\/theuncommonshop.ch\\\/wp-content\\\/uploads\\\/2025\\\/06\\\/3321354747.jpg\",\"contentUrl\":\"https:\\\/\\\/theuncommonshop.ch\\\/wp-content\\\/uploads\\\/2025\\\/06\\\/3321354747.jpg\",\"width\":350,\"height\":350},{\"@type\":\"BreadcrumbList\",\"@id\":\"https:\\\/\\\/theuncommonshop.ch\\\/fr\\\/product\\\/weiss-schwarz-kaguya-sama-love-is-war-booster-display-16-packs-en-2\\\/#breadcrumb\",\"itemListElement\":[{\"@type\":\"ListItem\",\"position\":1,\"name\":\"Accueil\",\"item\":\"https:\\\/\\\/theuncommonshop.ch\\\/fr\\\/accueil\\\/\"},{\"@type\":\"ListItem\",\"position\":2,\"name\":\"Boutique\",\"item\":\"https:\\\/\\\/theuncommonshop.ch\\\/fr\\\/boutique\\\/\"},{\"@type\":\"ListItem\",\"position\":3,\"name\":\"Autres cartes \u00e0 collectionner\",\"item\":\"https:\\\/\\\/theuncommonshop.ch\\\/fr\\\/categorie-produit\\\/autres-cartes-a-collectionner\\\/\"},{\"@type\":\"ListItem\",\"position\":4,\"name\":\"Weiss\\\/Schwarz\",\"item\":\"https:\\\/\\\/theuncommonshop.ch\\\/fr\\\/categorie-produit\\\/autres-cartes-a-collectionner\\\/weissschwarz\\\/\"},{\"@type\":\"ListItem\",\"position\":5,\"name\":\"Booster Displays\",\"item\":\"https:\\\/\\\/theuncommonshop.ch\\\/fr\\\/categorie-produit\\\/autres-cartes-a-collectionner\\\/weissschwarz\\\/booster-displays-weiss-schwarz\\\/\"},{\"@type\":\"ListItem\",\"position\":6,\"name\":\"Wei\u00df Schwarz &#8211; Kaguya-sama : Love Is War ? Booster Display (16 Packs) &#8211; EN\"}]},{\"@type\":\"WebSite\",\"@id\":\"https:\\\/\\\/theuncommonshop.ch\\\/fr\\\/#website\",\"url\":\"https:\\\/\\\/theuncommonshop.ch\\\/fr\\\/\",\"name\":\"The Uncommon Shop\",\"description\":\"Magic, Pok\u00e9mon and Yu-gi-oh - The Uncommon Shop\",\"potentialAction\":[{\"@type\":\"SearchAction\",\"target\":{\"@type\":\"EntryPoint\",\"urlTemplate\":\"https:\\\/\\\/theuncommonshop.ch\\\/fr\\\/?s={search_term_string}\"},\"query-input\":{\"@type\":\"PropertyValueSpecification\",\"valueRequired\":true,\"valueName\":\"search_term_string\"}}],\"inLanguage\":\"fr-FR\"}]}<\/script>\n<meta property=\"product:price:amount\" content=\"79.95\" \/>\n<meta property=\"product:price:currency\" content=\"CHF\" \/>\n<meta property=\"og:availability\" content=\"out of stock\" \/>\n<meta property=\"product:availability\" content=\"out of stock\" \/>\n<meta property=\"product:retailer_item_id\" content=\"WS.I.A.KaguyaDis.EN\" \/>\n<meta property=\"product:condition\" content=\"new\" \/>\n<!-- \/ Yoast SEO plugin. -->","yoast_head_json":{"title":"Ach\u00e8te Wei\u00df Schwarz - Kaguya-sama : Love Is War ? Booster Display (16 Packs) - EN","description":"Ach\u00e8te Wei\u00df Schwarz - Kaguya-sama : Love Is War ? Booster Display (16 Packs) - EN en ligne maintenant \u00e0 petit prix! Ton #1 shop pour cartes TCG & Pok\u00e9mon en Suisse \u2713 Livraison gratuite d\u00e8s CHF 29","robots":{"index":"index","follow":"follow","max-snippet":"max-snippet:-1","max-image-preview":"max-image-preview:large","max-video-preview":"max-video-preview:-1"},"canonical":"https:\/\/theuncommonshop.ch\/fr\/product\/weiss-schwarz-kaguya-sama-love-is-war-booster-display-16-packs-en-2\/","og_locale":"fr_FR","og_type":"article","og_title":"Ach\u00e8te Wei\u00df Schwarz - Kaguya-sama : Love Is War ? Booster Display (16 Packs) - EN","og_description":"Ach\u00e8te Wei\u00df Schwarz - Kaguya-sama : Love Is War ? Booster Display (16 Packs) - EN en ligne maintenant \u00e0 petit prix! Ton #1 shop pour cartes TCG & Pok\u00e9mon en Suisse \u2713 Livraison gratuite d\u00e8s CHF 29","og_url":"https:\/\/theuncommonshop.ch\/fr\/product\/weiss-schwarz-kaguya-sama-love-is-war-booster-display-16-packs-en-2\/","og_site_name":"The Uncommon Shop","article_modified_time":"2026-03-28T16:46:24+00:00","og_image":[{"width":350,"height":350,"url":"https:\/\/theuncommonshop.ch\/wp-content\/uploads\/2025\/06\/3321354747.jpg","type":"image\/jpeg"}],"twitter_card":"summary_large_image","twitter_misc":{"Prix":"&#67;&#72;&#70;&nbsp;79.95","Disponibilit\u00e9":"Rupture de stock"},"schema":{"@context":"https:\/\/schema.org","@graph":[{"@type":"WebPage","@id":"https:\/\/theuncommonshop.ch\/fr\/product\/weiss-schwarz-kaguya-sama-love-is-war-booster-display-16-packs-en-2\/","url":"https:\/\/theuncommonshop.ch\/fr\/product\/weiss-schwarz-kaguya-sama-love-is-war-booster-display-16-packs-en-2\/","name":"Ach\u00e8te Wei\u00df Schwarz - Kaguya-sama : Love Is War ? Booster Display (16 Packs) - EN","isPartOf":{"@id":"https:\/\/theuncommonshop.ch\/fr\/#website"},"primaryImageOfPage":{"@id":"https:\/\/theuncommonshop.ch\/fr\/product\/weiss-schwarz-kaguya-sama-love-is-war-booster-display-16-packs-en-2\/#primaryimage"},"image":{"@id":"https:\/\/theuncommonshop.ch\/fr\/product\/weiss-schwarz-kaguya-sama-love-is-war-booster-display-16-packs-en-2\/#primaryimage"},"thumbnailUrl":"https:\/\/theuncommonshop.ch\/wp-content\/uploads\/2025\/06\/3321354747.jpg","datePublished":"2025-06-03T16:07:29+00:00","dateModified":"2026-03-28T16:46:24+00:00","description":"Ach\u00e8te Wei\u00df Schwarz - Kaguya-sama : Love Is War ? Booster Display (16 Packs) - EN en ligne maintenant \u00e0 petit prix! Ton #1 shop pour cartes TCG & Pok\u00e9mon en Suisse \u2713 Livraison gratuite d\u00e8s CHF 29","breadcrumb":{"@id":"https:\/\/theuncommonshop.ch\/fr\/product\/weiss-schwarz-kaguya-sama-love-is-war-booster-display-16-packs-en-2\/#breadcrumb"},"inLanguage":"fr-FR","potentialAction":[{"@type":"ReadAction","target":["https:\/\/theuncommonshop.ch\/fr\/product\/weiss-schwarz-kaguya-sama-love-is-war-booster-display-16-packs-en-2\/"]}]},{"@type":"ImageObject","inLanguage":"fr-FR","@id":"https:\/\/theuncommonshop.ch\/fr\/product\/weiss-schwarz-kaguya-sama-love-is-war-booster-display-16-packs-en-2\/#primaryimage","url":"https:\/\/theuncommonshop.ch\/wp-content\/uploads\/2025\/06\/3321354747.jpg","contentUrl":"https:\/\/theuncommonshop.ch\/wp-content\/uploads\/2025\/06\/3321354747.jpg","width":350,"height":350},{"@type":"BreadcrumbList","@id":"https:\/\/theuncommonshop.ch\/fr\/product\/weiss-schwarz-kaguya-sama-love-is-war-booster-display-16-packs-en-2\/#breadcrumb","itemListElement":[{"@type":"ListItem","position":1,"name":"Accueil","item":"https:\/\/theuncommonshop.ch\/fr\/accueil\/"},{"@type":"ListItem","position":2,"name":"Boutique","item":"https:\/\/theuncommonshop.ch\/fr\/boutique\/"},{"@type":"ListItem","position":3,"name":"Autres cartes \u00e0 collectionner","item":"https:\/\/theuncommonshop.ch\/fr\/categorie-produit\/autres-cartes-a-collectionner\/"},{"@type":"ListItem","position":4,"name":"Weiss\/Schwarz","item":"https:\/\/theuncommonshop.ch\/fr\/categorie-produit\/autres-cartes-a-collectionner\/weissschwarz\/"},{"@type":"ListItem","position":5,"name":"Booster Displays","item":"https:\/\/theuncommonshop.ch\/fr\/categorie-produit\/autres-cartes-a-collectionner\/weissschwarz\/booster-displays-weiss-schwarz\/"},{"@type":"ListItem","position":6,"name":"Wei\u00df Schwarz &#8211; Kaguya-sama : Love Is War ? Booster Display (16 Packs) &#8211; EN"}]},{"@type":"WebSite","@id":"https:\/\/theuncommonshop.ch\/fr\/#website","url":"https:\/\/theuncommonshop.ch\/fr\/","name":"The Uncommon Shop","description":"Magic, Pok\u00e9mon and Yu-gi-oh - The Uncommon Shop","potentialAction":[{"@type":"SearchAction","target":{"@type":"EntryPoint","urlTemplate":"https:\/\/theuncommonshop.ch\/fr\/?s={search_term_string}"},"query-input":{"@type":"PropertyValueSpecification","valueRequired":true,"valueName":"search_term_string"}}],"inLanguage":"fr-FR"}]},"product_price_amount":"79.95","product_price_currency":"CHF","og_availability":"out of stock","product_availability":"out of stock","product_retailer_item_id":"WS.I.A.KaguyaDis.EN","product_condition":"new"},"_links":{"self":[{"href":"https:\/\/theuncommonshop.ch\/fr\/wp-json\/wp\/v2\/product\/326768","targetHints":{"allow":["GET"]}}],"collection":[{"href":"https:\/\/theuncommonshop.ch\/fr\/wp-json\/wp\/v2\/product"}],"about":[{"href":"https:\/\/theuncommonshop.ch\/fr\/wp-json\/wp\/v2\/types\/product"}],"replies":[{"embeddable":true,"href":"https:\/\/theuncommonshop.ch\/fr\/wp-json\/wp\/v2\/comments?post=326768"}],"version-history":[{"count":0,"href":"https:\/\/theuncommonshop.ch\/fr\/wp-json\/wp\/v2\/product\/326768\/revisions"}],"wp:featuredmedia":[{"embeddable":true,"href":"https:\/\/theuncommonshop.ch\/fr\/wp-json\/wp\/v2\/media\/86933"}],"wp:attachment":[{"href":"https:\/\/theuncommonshop.ch\/fr\/wp-json\/wp\/v2\/media?parent=326768"}],"wp:term":[{"taxonomy":"product_brand","embeddable":true,"href":"https:\/\/theuncommonshop.ch\/fr\/wp-json\/wp\/v2\/product_brand?post=326768"},{"taxonomy":"product_cat","embeddable":true,"href":"https:\/\/theuncommonshop.ch\/fr\/wp-json\/wp\/v2\/product_cat?post=326768"},{"taxonomy":"product_tag","embeddable":true,"href":"https:\/\/theuncommonshop.ch\/fr\/wp-json\/wp\/v2\/product_tag?post=326768"}],"curies":[{"name":"wp","href":"https:\/\/api.w.org\/{rel}","templated":true}]}}